{"id":1695,"date":"2025-05-15T15:46:25","date_gmt":"2025-05-15T15:46:25","guid":{"rendered":"https:\/\/autothaiduong.vn\/?post_type=product&#038;p=1695"},"modified":"2025-05-15T15:46:55","modified_gmt":"2025-05-15T15:46:55","slug":"bi-led-titan-gold-2-0","status":"publish","type":"product","link":"https:\/\/autothaiduong.vn\/?product=bi-led-titan-gold-2-0","title":{"rendered":"BI LED TITAN GOLD 2.0"},"content":{"rendered":"<p><img loading=\"lazy\" decoding=\"async\" class=\" wp-image-1537 aligncenter\" src=\"https:\/\/autothaiduong.vn\/wp-content\/uploads\/2025\/05\/z6584734442481_f208f5944548cb4b46353402ce2e64e0-1.jpg\" alt=\"\" width=\"289\" height=\"255\" \/><\/p>\n<p style=\"text-align: center;\"><strong><span style=\"font-size: 150%; color: #ff0000;\">273-275 Tr\u1ea7n Ph\u00fa Ph\u01b0\u1eddng L\u1ed9c S\u01a1n Th\u00e0nh Ph\u1ed1 B\u1ea3o L\u1ed9c T\u1ec9nh L\u00e2m \u0110\u1ed3ng<\/span><\/strong><\/p>\n<p style=\"text-align: center;\"><strong><span style=\"font-size: 150%; color: #ff0000;\">Hotline: 0912197441<\/span><\/strong><\/p>\n<p>Thi\u1ebft k\u1ebf c\u1ee7a Titan Gold 2.0 \u0111\u01b0\u1ee3c \u0111\u00e1nh gi\u00e1 l\u00e0 s\u1ef1 l\u1ed9t x\u00e1c ho\u00e0n to\u00e0n khi so s\u00e1nh v\u1edbi phi\u00ean b\u1ea3n ti\u1ec1n nhi\u1ec7m, ph\u1ea7n th\u00e2n \u0111\u01b0\u1ee3c ho\u00e0n thi\u1ec7n ch\u1eafc ch\u1eafn b\u1eb1ng v\u1eadt li\u1ec7u Aluminum cao c\u1ea5p mang l\u1ea1i \u0111\u1ed9 b\u1ec1n t\u1ed1t h\u01a1n cho s\u1ea3n ph\u1ea9m, v\u1edbi ph\u1ea7n khung ch\u1eafc ch\u1eafn bi led Titan Gold 2.0 c\u00f2n mang l\u1ea1i s\u1ef1 \u1ed5n \u0111\u1ecbnh cho h\u1ec7 th\u1ed1ng \u0111\u00e8n pha khi ho\u1ea1t \u0111\u1ed9ng tr\u00ean \u0111\u01b0\u1eddng.<\/p>\n<p>\u0110i\u1ec3m \u0111\u1eb7c bi\u1ec7t, th\u1ebf h\u1ec7 h\u1edbi Titan Gold k\u1ebft th\u1eeba thi\u1ebft k\u1ebf \u0111u\u00f4i v\u1eb7n tr\u00ean Titan Black gi\u00fap s\u1ea3n ph\u1ea9m t\u01b0\u01a1ng th\u00edch t\u1ed1t h\u01a1n v\u1edbi nhi\u1ec1u d\u00f2ng xe \u0111ang s\u1eed d\u1ee5ng b\u00f3ng halogen truy\u1ec1n th\u1ed1ng, t\u0103ng s\u00e1ng hi\u1ec7u qu\u1ea3 v\u00e0 gi\u1eef \u0111\u01b0\u1ee3c ch\u00f3a nguy\u00ean b\u1ea3n cho xe.<\/p>\n<p><img loading=\"lazy\" decoding=\"async\" class=\"alignnone size-full wp-image-1697\" src=\"https:\/\/autothaiduong.vn\/wp-content\/uploads\/2025\/05\/bi-led-titan-gold-2.png\" alt=\"\" width=\"1022\" height=\"1024\" srcset=\"https:\/\/autothaiduong.vn\/wp-content\/uploads\/2025\/05\/bi-led-titan-gold-2.png 1022w, https:\/\/autothaiduong.vn\/wp-content\/uploads\/2025\/05\/bi-led-titan-gold-2-600x601.png 600w, https:\/\/autothaiduong.vn\/wp-content\/uploads\/2025\/05\/bi-led-titan-gold-2-300x300.png 300w, https:\/\/autothaiduong.vn\/wp-content\/uploads\/2025\/05\/bi-led-titan-gold-2-768x770.png 768w, https:\/\/autothaiduong.vn\/wp-content\/uploads\/2025\/05\/bi-led-titan-gold-2-100x100.png 100w\" sizes=\"auto, (max-width: 1022px) 100vw, 1022px\" \/><\/p>\n<h2><strong><a id=\"c-ng-ngh--tr-ng-ph--lens-ar-c--i-ti--n-m--i\" class=\"toc-a-tag\"><\/a>C\u00f4ng ngh\u1ec7 tr\u00e1ng ph\u1ee7 lens AR c\u1ea3i ti\u1ebfn m\u1edbi<\/strong><\/h2>\n<p>Bi led Titan Gold 2.0 \u0111\u01b0\u1ee3c tr\u00e1ng ph\u1ee7 1 l\u1edbp AR c\u00f4ng ngh\u1ec7 m\u1edbi tr\u00ean lens, v\u1edbi \u0111\u1eb7c \u0111i\u1ec3m d\u1ec5 th\u1ea5y nh\u1ea5t l\u00e0 l\u1edbp ph\u1ee7 c\u00f3 m\u00e0u xanh t\u00edm tr\u00ean b\u1ec1 m\u1eb7t lens, gi\u00fap n\u0103ng l\u01b0\u1ee3ng \u00e1nh s\u00e1ng xuy\u00ean th\u1ea5u l\u00ean t\u1edbi 20%, gi\u1ea3m t\u1ed1i \u0111a kh\u1ea3 n\u0103ng g\u00e2y ch\u00f3i cho c\u00e1c ph\u01b0\u01a1ng ti\u1ec7n ng\u01b0\u1ee3c chi\u1ec1u.<\/p>\n<p><img loading=\"lazy\" decoding=\"async\" class=\"alignnone size-full wp-image-1698\" src=\"https:\/\/autothaiduong.vn\/wp-content\/uploads\/2025\/05\/bi-led-titan-gold-2-1.png\" alt=\"\" width=\"1022\" height=\"1024\" srcset=\"https:\/\/autothaiduong.vn\/wp-content\/uploads\/2025\/05\/bi-led-titan-gold-2-1.png 1022w, https:\/\/autothaiduong.vn\/wp-content\/uploads\/2025\/05\/bi-led-titan-gold-2-1-600x601.png 600w, https:\/\/autothaiduong.vn\/wp-content\/uploads\/2025\/05\/bi-led-titan-gold-2-1-300x300.png 300w, https:\/\/autothaiduong.vn\/wp-content\/uploads\/2025\/05\/bi-led-titan-gold-2-1-768x770.png 768w, https:\/\/autothaiduong.vn\/wp-content\/uploads\/2025\/05\/bi-led-titan-gold-2-1-100x100.png 100w\" sizes=\"auto, (max-width: 1022px) 100vw, 1022px\" \/><\/p>\n<h2><strong><a id=\"ti-u-chu--n-germany-cho-ra-s--n-ph--m-c-----ho-n-thi--n-cao-v--ch-nh-x-c-nh--t\" class=\"toc-a-tag\"><\/a>Ti\u00eau chu\u1ea9n Germany cho ra s\u1ea3n ph\u1ea9m c\u00f3 \u0111\u1ed9 ho\u00e0n thi\u1ec7n cao v\u00e0 ch\u00ednh x\u00e1c nh\u1ea5t<\/strong><\/h2>\n<p>D\u00f2ng s\u1ea3n ph\u1ea9m bi led Titan Gold 2.0 \u0111\u01b0\u1ee3c nghi\u00ean c\u1ee9u v\u00e0 s\u1ea3n xu\u1ea5t theo ti\u00eau chu\u1ea9n Germany, cho ra s\u1ea3n ph\u1ea9m v\u1edbi \u0111\u1ed9 ch\u00ednh x\u00e1c v\u00e0 ho\u00e0n h\u1ea3o c\u1ef1c k\u1ef3 cao. K\u1ebft h\u1ee3p v\u1edbi \u0111\u00f3 l\u00e0 vi\u1ec7c s\u1eed d\u1ee5ng 7 nh\u00e2n led Titan Custom, v\u1edbi k\u1ebft c\u1ea5u b\u1ed1 tr\u00ed tr\u00ean 2 ch\u00f3a ri\u00eang bi\u1ec7t v\u1edbi 6 nh\u00e2n led ch\u00ednh v\u00e0 1 nh\u00e2n led ph\u1ee5. Nh\u1edd \u0111\u00f3, c\u00f4ng su\u1ea5t th\u1ef1c t\u1ebf c\u1ee7a s\u1ea3n ph\u1ea9m \u0111\u01b0\u1ee3c n\u00e2ng l\u00ean 60W \u1edf ch\u1ebf \u0111\u1ed9 pha v\u00e0 50W \u1edf ch\u1ebf \u0111\u1ed9 cos.<\/p>\n<p>\u0110i\u1ec3m \u0111\u1eb7c bi\u1ec7t thay v\u00ec ch\u1ec9 \u0111\u01b0\u1ee3c b\u1eadt khi s\u1eed d\u1ee5ng ch\u1ebf \u0111\u1ed9 pha, chip led ph\u1ee5 tr\u00ean Titan Gold 2.0 ho\u1ea1t \u0111\u1ed9ng song song c\u00f9ng ch\u1ebf \u0111\u1ed9 \u00e1nh cos gi\u00fap gia t\u0103ng \u0111\u00e1ng k\u1ec3 kh\u1ea3 n\u0103ng chi\u1ebfu s\u00e1ng c\u1ee7a s\u1ea3n ph\u1ea9m.<\/p>\n<h2><strong><a id=\"c--m-nh--n-chi-ti--t-v---nh-s-ng-th--c-t--c--a-bi-led-titan-gold-2-0\" class=\"toc-a-tag\"><\/a>C\u1ea3m nh\u1eadn chi ti\u1ebft v\u1ec1 \u00e1nh s\u00e1ng th\u1ef1c t\u1ebf c\u1ee7a bi led Titan Gold 2.0<\/strong><\/h2>\n<p>\u00c1nh s\u00e1ng cos c\u1ee7a bi led Titan Gold 2.0 \u0111\u01b0\u1ee3c n\u00e2ng c\u00f4ng su\u1ea5t t\u1ed1i \u0111a l\u00ean 50W v\u1edbi 7 nh\u00e2n led ho\u1ea1t \u0111\u1ed9ng \u0111\u1ed3ng th\u1eddi, gi\u00fap \u00e1nh s\u00e1ng cos c\u1ee7a s\u1ea3n ph\u1ea9m t\u1ed1t h\u01a1n 30% so v\u1edbi b\u1ea3n thi\u1ec1n nhi\u1ec7m, \u0111\u01b0\u1eddng c\u1eaft cos pha tr\u1edf l\u00ean r\u00f5 r\u00e0ng h\u01a1n \u0111\u1eb7c bi\u1ec7t khu v\u1ef1c t\u00e2m s\u00e1ng, \u00e1nh s\u00e1ng chi\u1ebfu tr\u00ean m\u1eb7t \u0111\u01b0\u1eddng c\u00f3 \u0111\u1ed9 ph\u1ee7 t\u1ed1t h\u01a1n \u0111\u00e1ng k\u1ec3 nh\u1edd \u0111\u00f3 kh\u1ea3 n\u0103ng b\u00e1m \u0111\u01b0\u1eddng c\u1ee7a Titan Gold 2.0 \u0111\u01b0\u1ee3c gia t\u0103ng. Hi\u1ec7u qu\u1ea3 t\u0103ng s\u00e1ng c\u1ee7a bi led Titan Gold 2.0 \u0111\u01b0\u1ee3c gia t\u0103ng \u0111\u00e1ng k\u1ec3.<\/p>\n<p><img loading=\"lazy\" decoding=\"async\" class=\"alignnone size-full wp-image-1699\" src=\"https:\/\/autothaiduong.vn\/wp-content\/uploads\/2025\/05\/COS-10.jpg\" alt=\"\" width=\"1280\" height=\"1280\" srcset=\"https:\/\/autothaiduong.vn\/wp-content\/uploads\/2025\/05\/COS-10.jpg 1280w, https:\/\/autothaiduong.vn\/wp-content\/uploads\/2025\/05\/COS-10-600x600.jpg 600w, https:\/\/autothaiduong.vn\/wp-content\/uploads\/2025\/05\/COS-10-1024x1024.jpg 1024w, https:\/\/autothaiduong.vn\/wp-content\/uploads\/2025\/05\/COS-10-300x300.jpg 300w, https:\/\/autothaiduong.vn\/wp-content\/uploads\/2025\/05\/COS-10-768x768.jpg 768w, https:\/\/autothaiduong.vn\/wp-content\/uploads\/2025\/05\/COS-10-100x100.jpg 100w\" sizes=\"auto, (max-width: 1280px) 100vw, 1280px\" \/><\/p>\n<p>\u00c1nh s\u00e1ng pha tr\u00ean Titan Gold 2.0 c\u00f3 c\u00f4ng su\u1ea5t t\u1ed1i \u0111a l\u00ean t\u1edbi 60W mang l\u1ea1i t\u1ed5ng th\u1ec3 \u00e1nh s\u00e1ng pha gia t\u0103ng hi\u1ec7u qu\u1ea3 l\u00ean t\u1edbi 50%. V\u1edbi 7 nh\u00e2n led s\u00e1ng \u0111\u1ed3ng th\u1eddi gi\u00fap hi\u1ec7u qu\u1ea3 chi\u1ebfu s\u00e1ng xa gia t\u0103ng \u0111\u00e1ng k\u1ec3, t\u00e2m s\u00e1ng r\u00f5 r\u00e0ng, \u00e1nh s\u00e1ng pha cao h\u01a1n v\u00e0 r\u1ed9ng h\u01a1n so v\u1edbi phi\u00ean b\u1ea3n ti\u1ec1n nhi\u1ec7m c\u1ee7a Titan Gold 2.0.<\/p>\n<p><img loading=\"lazy\" decoding=\"async\" class=\"alignnone size-full wp-image-1700\" src=\"https:\/\/autothaiduong.vn\/wp-content\/uploads\/2025\/05\/Pha-10.jpg\" alt=\"\" width=\"1280\" height=\"1280\" srcset=\"https:\/\/autothaiduong.vn\/wp-content\/uploads\/2025\/05\/Pha-10.jpg 1280w, https:\/\/autothaiduong.vn\/wp-content\/uploads\/2025\/05\/Pha-10-600x600.jpg 600w, https:\/\/autothaiduong.vn\/wp-content\/uploads\/2025\/05\/Pha-10-1024x1024.jpg 1024w, https:\/\/autothaiduong.vn\/wp-content\/uploads\/2025\/05\/Pha-10-300x300.jpg 300w, https:\/\/autothaiduong.vn\/wp-content\/uploads\/2025\/05\/Pha-10-768x768.jpg 768w, https:\/\/autothaiduong.vn\/wp-content\/uploads\/2025\/05\/Pha-10-100x100.jpg 100w\" sizes=\"auto, (max-width: 1280px) 100vw, 1280px\" \/><\/p>\n<p>Nhi\u1ec7t m\u00e0u 5500k \u0111ang \u0111\u01b0\u1ee3c coi l\u00e0 nhi\u1ec7t m\u00e0u \u0111a d\u1ee5ng nh\u1ea5t, \u00e1nh s\u00e1ng tr\u1eafng h\u01a1i thi\u00ean v\u00e0ng t\u01b0\u01a1ng t\u1ef1 \u00e1nh s\u00e1ng m\u1eb7t tr\u1eddi, gi\u00fap \u0111\u1ea3m b\u1ea3o \u0111\u01b0\u1ee3c t\u1ea7m nh\u00ecn trong b\u00f3ng t\u1ed1i c\u0169ng nh\u01b0 mang l\u1ea1i hi\u1ec7u qu\u1ea3 \u0111i m\u01b0a t\u1ed1t h\u01a1n nhi\u1ec1u so v\u1edbi nhi\u1ec7t m\u00e0u tr\u00ean 6000k. Nh\u1edd \u00e1nh s\u00e1ng tr\u1eafng kh\u00f4ng qu\u00e1 v\u00e0ng gi\u00fap s\u1ea3n ph\u1ea9m v\u1eabn \u0111\u1ea3m b\u1ea3o \u0111\u01b0\u1ee3c t\u00ednh th\u1eddi trang nh\u01b0ng kh\u00f4ng g\u00e2y \u1ea3nh h\u01b0\u1edfng t\u1edbi kh\u1ea3 n\u0103ng chi\u1ebfu s\u00e1ng c\u1ee7a s\u1ea3n ph\u1ea9m khi s\u1eed d\u1ee5ng tr\u00ean chi\u1ebfc xe c\u1ee7a b\u1ea1n.<\/p>\n<p>\u0110\u1ed9 ho\u00e0n m\u00e0u CRI l\u00ean t\u1edbi 85 mang l\u1ea1i kh\u1ea3 n\u0103ng t\u00e1i t\u1ea1o m\u00e0u s\u1eafc trung th\u1ef1c cho \u00e1nh s\u00e1ng t\u1eeb Titan Gold 2.0. C\u00e1c v\u1eadt th\u1ec3 tr\u00ean \u0111\u01b0\u1eddng \u0111\u01b0\u1ee3c th\u1ec3 hi\u1ec7n m\u00e0u s\u1eafc t\u1ed1t h\u01a1n t\u1eeb \u0111\u00f3 gi\u1ea3m tri\u1ec7u ch\u1ee9ng m\u1ecfi m\u1eaft khi di chuy\u1ec3n th\u1eddi gian d\u00e0i.<\/p>\n<h2><strong><a id=\"h--th--ng-t--n-nhi--t-ti-n-ti--n\" class=\"toc-a-tag\"><\/a>H\u1ec7 th\u1ed1ng t\u1ea3n nhi\u1ec7t ti\u00ean ti\u1ebfn<\/strong><\/h2>\n<p>T\u1ea3n nhi\u1ec7t b\u1eb1ng kh\u00f4ng kh\u00ed th\u1ebf h\u1ec7 m\u1edbi s\u1eed d\u1ee5ng ch\u1ea5t li\u1ec7u Black Aluminum mang l\u1ea1i kh\u1ea3 n\u0103ng t\u1ea3n nhi\u1ec7t t\u1ed1t h\u01a1n \u0111\u00e1ng k\u1ec3 so v\u1edbi th\u1ebf h\u1ec7 ti\u1ec1n nhi\u1ec7m, qu\u1ea1t t\u1ea3n nhi\u1ec7t nh\u1ecf g\u1ecdn \u0111\u01b0\u1ee3c \u0111\u1eb7t ph\u00eda d\u01b0\u1edbi c\u1ee7a h\u1ec7 th\u1ed1ng chi\u1ebfu s\u00e1ng mang s\u1ef1 nh\u1ecf g\u1ecdn trong t\u1ed5ng th\u1ec3 thi\u1ebft k\u1ebf.<\/p>\n<p>Thi\u1ebft k\u1ebf qu\u1ea1t t\u1ea3n nhi\u1ec7t \u0111\u1eb7t d\u01b0\u1edbi c\u00f9ng mang l\u1ea1i \u01b0u \u0111i\u1ec3m v\u1ec1 kh\u1ea3 n\u0103ng l\u00e0m m\u00e1t so v\u1edbi v\u1ecb tr\u00ed \u0111\u1eb7t ph\u00eda sau, nh\u1edd v\u1ecb tr\u00ed qu\u1ea1t \u0111\u01b0\u1ee3c \u0111\u1eb7t ngay tr\u00ean nh\u00e2n led b\u1ed9 ph\u1eadn sinh nhi\u1ec7t l\u1edbn nh\u1ea5t tr\u00ean to\u00e0n b\u1ed9 s\u1ea3n ph\u1ea9m, nh\u1edd \u0111\u00f3 nhi\u1ec7t \u0111\u1ed9 \u0111\u01b0\u1ee3c duy tr\u00ec \u1edf m\u1ee9c l\u00fd t\u01b0\u1edfng gi\u00fap gia t\u0103ng tu\u1ed5i th\u1ecd v\u00e0 duy tr\u00ec c\u00f4ng su\u1ea5t \u1ed5n \u0111\u1ecbnh cho nh\u00e2n led.<\/p>\n<p><img loading=\"lazy\" decoding=\"async\" class=\"alignnone size-full wp-image-1701\" src=\"https:\/\/autothaiduong.vn\/wp-content\/uploads\/2025\/05\/bi-led-titan-gold-2-1-1.png\" alt=\"\" width=\"1024\" height=\"683\" srcset=\"https:\/\/autothaiduong.vn\/wp-content\/uploads\/2025\/05\/bi-led-titan-gold-2-1-1.png 1024w, https:\/\/autothaiduong.vn\/wp-content\/uploads\/2025\/05\/bi-led-titan-gold-2-1-1-600x400.png 600w, https:\/\/autothaiduong.vn\/wp-content\/uploads\/2025\/05\/bi-led-titan-gold-2-1-1-768x512.png 768w\" sizes=\"auto, (max-width: 1024px) 100vw, 1024px\" \/><\/p>\n<h2><strong><a id=\"d-ng-s--n-ph--m----c--p-d--ng-ti-u-chu--n---nh-gi---nh-s-ng-x-treme-vision\" class=\"toc-a-tag\"><\/a>D\u00f2ng s\u1ea3n ph\u1ea9m \u0111\u01b0\u1ee3c \u00e1p d\u1ee5ng ti\u00eau chu\u1ea9n \u0111\u00e1nh gi\u00e1 \u00e1nh s\u00e1ng X-Treme Vision<\/strong><\/h2>\n<p>D\u00f2ng s\u1ea3n ph\u1ea9m bi led Titan Gold 2.0 \u0111\u01b0\u1ee3c \u00e1p d\u1ee5ng ti\u00eau chu\u1ea9n \u0111\u00e1nh gi\u00e1 \u00e1nh s\u00e1ng X-Treme Vision do 365Group ban h\u00e0nh. ti\u00eau chu\u1ea9n \u0111\u00e1nh gi\u00e1 3 ti\u00eau ch\u00ed c\u1ee7a s\u1ea3n ph\u1ea9m nh\u01b0: \u00c1nh s\u00e1ng chi\u1ebfu g\u1ea7n (Cos), \u00e1nh s\u00e1ng chi\u1ebfu xa (Pha), kh\u1ea3 n\u0103ng chi\u1ebfu s\u00e1ng trong c\u00e1c \u0111i\u1ec1u ki\u1ec7n th\u1eddi ti\u1ebft (Rain and Dew). Ti\u00eau chu\u1ea9n n\u00e0y gi\u00fap ng\u01b0\u1eddi ti\u00eau d\u00f9ng c\u00f3 th\u1ec3 l\u1ef1a ch\u1ecdn s\u1ea3n ph\u1ea9m n\u00e2ng c\u1ea5p \u00e1nh s\u00e1ng ph\u00f9 h\u1ee3p v\u1edbi t\u1eebng nhu c\u1ea7u, c\u00f4ng vi\u1ec7c v\u00e0 di chuy\u1ec3n h\u00e0ng ng\u00e0y c\u1ee7a m\u00ecnh nh\u1ea5t.<\/p>\n<p>V\u1edbi \u00e1nh s\u00e1ng cos \u0111\u1ea1t \u0111\u01b0\u1ee3c m\u1ee9c \u0111i\u1ec3m 3.5\/6 ch\u1ee9ng t\u1ecf r\u1eb1ng \u0111\u00e2y l\u00e0 s\u1ea3n ph\u1ea9m c\u00f3 \u00e1nh s\u00e1ng \u1edf ch\u1ebf \u0111\u1ed9 cos \u0111\u1ea1t m\u1ee9c kh\u00e1 t\u1ed1t. \u00c1nh s\u00e1ng \u0111\u1eadm. kh\u00f4ng qu\u00e1 r\u1ed9ng nh\u01b0ng m\u00e0u s\u1eafc v\u00e0 \u0111\u1ed9 s\u00e1ng v\u1eabn \u0111\u01b0\u1ee3c \u0111\u1ea3m b\u1ea3o \u1edf m\u1ee9c t\u1ed1t \u0111\u1eb7c bi\u1ec7t \u0111\u01b0\u1eddng c\u1eaft cos pha s\u1eafc n\u00e9t, ch\u00e2n s\u00e1ng b\u00e1n nguy\u1ec7t \u0111\u1eb9p m\u1eaft v\u00e0 \u0111\u1eb7c bi\u1ec7t \u00e1nh s\u00e1ng b\u00e1m \u0111\u01b0\u1eddng t\u1ed1t. \u0110\u00e2y v\u1eabn l\u00e0 s\u1ea3n ph\u1ea9m c\u00f3 \u00e1nh s\u00e1ng cos \u1ea5n t\u01b0\u1ee3ng trong ph\u00e2n kh\u00fac trong ph\u00e2n kh\u00fac.<\/p>\n<p>\u00c1nh s\u00e1ng pha \u0111\u01b0\u1ee3c \u0111\u00e1nh gi\u00e1 \u1edf m\u1ee9c 3\/6 sao \u0111\u00e2y l\u00e0 m\u1ee9c \u0111i\u1ec3m t\u1ed1t so v\u1edbi c\u00e1c s\u1ea3n ph\u1ea9m c\u00f9ng ph\u00e2n kh\u00fac. \u00c1nh s\u00e1ng pha c\u1ee7a Titan Gold 2.0 c\u00f3 \u0111\u1ed9 \u0111\u1eadm t\u01b0\u01a1ng \u0111\u1ed1i t\u1ea1 t\u00e2m pha \u00e1nh s\u00e1ng pha cao v\u1eeba \u0111\u1ee7 k\u1ebft h\u1ee3p c\u00f9ng \u0111\u1ed9 r\u1ecdi xu\u1ed1ng m\u1eb7t \u0111\u01b0\u1eddng t\u1ed1t.<\/p>\n<p>Kh\u1ea3 n\u0103ng \u0111i m\u01b0a v\u00e0 \u0111i s\u01b0\u01a1ng c\u0169ng \u0111\u01b0\u1ee3c coi l\u00e0 m\u1ed9t \u0111i\u1ec3m c\u1ed9ng c\u1ee7a Titan Gold 2.0 \u00e1nh s\u00e1ng cos v\u00e0 pha \u0111\u01b0\u1ee3c tr\u1ee3 b\u1edfi nh\u00e2n led ph\u1ee5 gi\u00fap gia t\u0103ng kh\u1ea3 n\u0103ng b\u00e1m \u0111\u01b0\u1eddng, k\u1ebft h\u1ee3p c\u00f9ng nhi\u1ec7t m\u00e0u 5500k gi\u00fap t\u1ed5ng th\u1ec3 kh\u1ea3 n\u0103ng \u0111i m\u01b0a c\u1ee7a s\u1ea3n ph\u1ea9m \u0111\u1ea1t \u0111\u01b0\u1ee3c t\u01b0\u01a1ng \u0111\u1ed1i t\u1ed1t.<\/p>\n<h2><iframe loading=\"lazy\" src=\"https:\/\/www.youtube.com\/embed\/gkkRT8uWKlU\" name=\"REVIEW TITAN GOLD 2.0 - D\u00d2NG BI LED \u0110U\u00d4I V\u1eb6N S\u00c1NG NH\u1ea4T HI\u1ec6N NAY\" width=\"100%\" height=\"400\" longdesc=\"https:\/\/x-light.vn\/REVIEW%20TITAN%20GOLD%202.0%20-%20D%C3%92NG%20BI%20LED%20%C4%90U%C3%94I%20V%E1%BA%B6N%20S%C3%81NG%20NH%E1%BA%A4T%20HI%E1%BB%86N%20NAY\" frameborder=\"0\" scrolling=\"no\" data-mce-fragment=\"1\"><\/iframe><\/h2>\n","protected":false},"excerpt":{"rendered":"<h2>Th\u00f4ng s\u1ed1 k\u1ef9 thu\u1eadt BI LED TITAN GOLD 2.0<\/h2>\n<table>\n<tbody>\n<tr>\n<td class=\"lileft\">T\u00ean S\u1ea3n Ph\u1ea9m:<\/td>\n<td class=\"liright\">BI LED TITAN GOLD 2.0<\/td>\n<\/tr>\n<tr>\n<td class=\"lileft\">Lo\u1ea1i \u0110\u00e8n:<\/td>\n<td class=\"liright\">BI LED<\/td>\n<\/tr>\n<tr>\n<td class=\"lileft\">N\u0103m s\u1ea3n xu\u1ea5t:<\/td>\n<td class=\"liright\">2022<\/td>\n<\/tr>\n<tr>\n<td class=\"lileft\">C\u00f4ng Su\u1ea5t Cos:<\/td>\n<td class=\"liright\">50W<\/td>\n<\/tr>\n<tr>\n<td class=\"lileft\">C\u00f4ng Su\u1ea5t Pha:<\/td>\n<td class=\"liright\">60W<\/td>\n<\/tr>\n<tr>\n<td class=\"lileft\">Nh\u00e2n LED:<\/td>\n<td class=\"liright\">6+1<\/td>\n<\/tr>\n<tr>\n<td class=\"lileft\">Nhi\u1ec7t m\u00e0u:<\/td>\n<td class=\"liright\">5500K<\/td>\n<\/tr>\n<tr>\n<td class=\"lileft\">H\u1ec7 Th\u1ed1ng T\u1ea3n Nhi\u1ec7t:<\/td>\n<td class=\"liright\">Aluminum<\/td>\n<\/tr>\n<tr>\n<td class=\"lileft\">Tu\u1ed5i th\u1ecd:<\/td>\n<td class=\"liright\">30.000 gi\u1edd<\/td>\n<\/tr>\n<tr>\n<td class=\"lileft\">\u0110i\u1ec7n \u00c1p:<\/td>\n<td class=\"liright\">12V<\/td>\n<\/tr>\n<tr>\n<td class=\"lileft\">K\u00edch Th\u01b0\u1edbc Lens:<\/td>\n<td class=\"liright\">3 Inch<\/td>\n<\/tr>\n<tr>\n<td class=\"lileft\">B\u1ea3o h\u00e0nh:<\/td>\n<td class=\"liright\">36 th\u00e1ng<\/td>\n<\/tr>\n<\/tbody>\n<\/table>\n","protected":false},"featured_media":1701,"comment_status":"open","ping_status":"closed","template":"","meta":[],"product_brand":[28],"product_cat":[16,26],"product_tag":[],"class_list":{"0":"post-1695","1":"product","2":"type-product","3":"status-publish","4":"has-post-thumbnail","6":"product_brand-titan","7":"product_cat-anh-sang","8":"product_cat-bi-led","10":"first","11":"instock","12":"shipping-taxable","13":"purchasable","14":"product-type-simple"},"_links":{"self":[{"href":"https:\/\/autothaiduong.vn\/index.php?rest_route=\/wp\/v2\/product\/1695","targetHints":{"allow":["GET"]}}],"collection":[{"href":"https:\/\/autothaiduong.vn\/index.php?rest_route=\/wp\/v2\/product"}],"about":[{"href":"https:\/\/autothaiduong.vn\/index.php?rest_route=\/wp\/v2\/types\/product"}],"replies":[{"embeddable":true,"href":"https:\/\/autothaiduong.vn\/index.php?rest_route=%2Fwp%2Fv2%2Fcomments&post=1695"}],"wp:featuredmedia":[{"embeddable":true,"href":"https:\/\/autothaiduong.vn\/index.php?rest_route=\/wp\/v2\/media\/1701"}],"wp:attachment":[{"href":"https:\/\/autothaiduong.vn\/index.php?rest_route=%2Fwp%2Fv2%2Fmedia&parent=1695"}],"wp:term":[{"taxonomy":"product_brand","embeddable":true,"href":"https:\/\/autothaiduong.vn\/index.php?rest_route=%2Fwp%2Fv2%2Fproduct_brand&post=1695"},{"taxonomy":"product_cat","embeddable":true,"href":"https:\/\/autothaiduong.vn\/index.php?rest_route=%2Fwp%2Fv2%2Fproduct_cat&post=1695"},{"taxonomy":"product_tag","embeddable":true,"href":"https:\/\/autothaiduong.vn\/index.php?rest_route=%2Fwp%2Fv2%2Fproduct_tag&post=1695"}],"curies":[{"name":"wp","href":"https:\/\/api.w.org\/{rel}","templated":true}]}}