{"id":1719,"date":"2025-05-15T15:55:37","date_gmt":"2025-05-15T15:55:37","guid":{"rendered":"https:\/\/autothaiduong.vn\/?post_type=product&#038;p=1719"},"modified":"2025-05-15T15:56:07","modified_gmt":"2025-05-15T15:56:07","slug":"bi-led-x-light-v20-square","status":"publish","type":"product","link":"https:\/\/autothaiduong.vn\/?product=bi-led-x-light-v20-square","title":{"rendered":"BI LED X-LIGHT V20 SQUARE"},"content":{"rendered":"<p><img loading=\"lazy\" decoding=\"async\" class=\" wp-image-1537 aligncenter\" src=\"https:\/\/autothaiduong.vn\/wp-content\/uploads\/2025\/05\/z6584734442481_f208f5944548cb4b46353402ce2e64e0-1.jpg\" alt=\"\" width=\"264\" height=\"234\" \/><\/p>\n<p style=\"text-align: center;\"><strong><span style=\"font-size: 150%; color: #ff0000;\">273-275 Tr\u1ea7n Ph\u00fa Ph\u01b0\u1eddng L\u1ed9c S\u01a1n Th\u00e0nh Ph\u1ed1 B\u1ea3o L\u1ed9c T\u1ec9nh L\u00e2m \u0110\u1ed3ng <\/span><\/strong><\/p>\n<p style=\"text-align: center;\"><strong><span style=\"font-size: 150%; color: #ff0000;\">Hotline: 0912197441<\/span><\/strong><\/p>\n<p><img loading=\"lazy\" decoding=\"async\" class=\"alignnone size-full wp-image-1726\" src=\"https:\/\/autothaiduong.vn\/wp-content\/uploads\/2025\/05\/cong-nghe-1.jpg\" alt=\"BI LED X-LIGHT V20 SQUARE\" width=\"1280\" height=\"960\" srcset=\"https:\/\/autothaiduong.vn\/wp-content\/uploads\/2025\/05\/cong-nghe-1.jpg 1280w, https:\/\/autothaiduong.vn\/wp-content\/uploads\/2025\/05\/cong-nghe-1-600x450.jpg 600w, https:\/\/autothaiduong.vn\/wp-content\/uploads\/2025\/05\/cong-nghe-1-1024x768.jpg 1024w, https:\/\/autothaiduong.vn\/wp-content\/uploads\/2025\/05\/cong-nghe-1-768x576.jpg 768w\" sizes=\"auto, (max-width: 1280px) 100vw, 1280px\" \/><\/p>\n<p>V\u1edbi mong mu\u1ed1n mang l\u1ea1i hi\u1ec7u su\u1ea5t chi\u1ebfu s\u00e1ng v\u01b0\u1ee3t tr\u1ed9i, ph\u00f9 h\u1ee3p nhu c\u1ea7u di chuy\u1ec3n \u0111a d\u1ee5ng m\u00e0 kh\u00f4ng l\u00e0m t\u1ed5n h\u1ea1i \u0111\u1ebfn t\u00fai ti\u1ec1n c\u1ee7a ng\u01b0\u1eddi d\u00f9ng, X-Light\u00a0 \u0111\u00e3 kh\u00f4ng ng\u1eebng c\u1ea3i ti\u1ebfn, ph\u00e1t tri\u1ec3n v\u00e0 cho ra m\u1eaft d\u00f2ng s\u1ea3n ph\u1ea9m Bi LED X-Light V20 Square. \u0110\u01b0\u1ee3c thi\u1ebft k\u1ebf v\u1edbi kh\u1ea3 n\u0103ng tho\u00e1t s\u00e1ng c\u1ef1c t\u1ed1t, s\u1ea3n ph\u1ea9m n\u00e0y v\u01b0\u1ee3t qua nh\u1eefng k\u1ef3 v\u1ecdng kh\u1eaft khe v\u1ec1 h\u1ec7 th\u1ed1ng t\u1ea3n nhi\u1ec7t v\u00e0 hi\u1ec7u n\u0103ng chi\u1ebfu s\u00e1ng, h\u1ee9a h\u1eb9n s\u1ebd l\u00e0m m\u01b0a l\u00e0m gi\u00f3 trong th\u1eddi gian t\u1edbi.<\/p>\n<h2><a id=\"1-h-nh--nh--nh-s-ng-th--c-t--bi-led-x-light-v20-square\" class=\"toc-a-tag\"><\/a>1. H\u00ccNH \u1ea2NH \u00c1NH S\u00c1NG TH\u1ef0C T\u1ebe BI LED X-LIGHT V20 SQUARE<\/h2>\n<h3><a id=\"1-1-h-nh--nh--nh-s-ng-th--c-t--cos-c--a-bi-led-x-light-v20-square--ang-c--p-nh--t-\" class=\"toc-a-tag\"><\/a>1.1. H\u00ecnh \u1ea3nh \u00e1nh s\u00e1ng th\u1ef1c t\u1ebf Cos c\u1ee7a Bi LED X-Light V20 Square (\u0110ang c\u1eadp nh\u1eadt)<\/h3>\n<p>&#8211; Test b\u1ea3ng canh \u0111\u00e8n<\/p>\n<p><img loading=\"lazy\" decoding=\"async\" class=\"alignnone size-full wp-image-1727\" src=\"https:\/\/autothaiduong.vn\/wp-content\/uploads\/2025\/05\/z5865564474096_757c5ea846751a2b84cb053110855be3.jpg\" alt=\"\" width=\"1280\" height=\"795\" srcset=\"https:\/\/autothaiduong.vn\/wp-content\/uploads\/2025\/05\/z5865564474096_757c5ea846751a2b84cb053110855be3.jpg 1280w, https:\/\/autothaiduong.vn\/wp-content\/uploads\/2025\/05\/z5865564474096_757c5ea846751a2b84cb053110855be3-600x373.jpg 600w, https:\/\/autothaiduong.vn\/wp-content\/uploads\/2025\/05\/z5865564474096_757c5ea846751a2b84cb053110855be3-1024x636.jpg 1024w, https:\/\/autothaiduong.vn\/wp-content\/uploads\/2025\/05\/z5865564474096_757c5ea846751a2b84cb053110855be3-768x477.jpg 768w\" sizes=\"auto, (max-width: 1280px) 100vw, 1280px\" \/><\/p>\n<p>\u00c1nh s\u00e1ng Cos Bi LED X-Light V20 Square khi test tr\u00ean b\u1ea1t canh \u0111\u00e8n<\/p>\n<p>&#8211; Test \u00e1nh s\u00e1ng th\u1ef1c t\u1ebf<\/p>\n<p><img loading=\"lazy\" decoding=\"async\" class=\"alignnone size-full wp-image-1728\" src=\"https:\/\/autothaiduong.vn\/wp-content\/uploads\/2025\/05\/COS.jpeg\" alt=\"\" width=\"1280\" height=\"1280\" srcset=\"https:\/\/autothaiduong.vn\/wp-content\/uploads\/2025\/05\/COS.jpeg 1280w, https:\/\/autothaiduong.vn\/wp-content\/uploads\/2025\/05\/COS-600x600.jpeg 600w, https:\/\/autothaiduong.vn\/wp-content\/uploads\/2025\/05\/COS-1024x1024.jpeg 1024w, https:\/\/autothaiduong.vn\/wp-content\/uploads\/2025\/05\/COS-300x300.jpeg 300w, https:\/\/autothaiduong.vn\/wp-content\/uploads\/2025\/05\/COS-768x768.jpeg 768w, https:\/\/autothaiduong.vn\/wp-content\/uploads\/2025\/05\/COS-100x100.jpeg 100w\" sizes=\"auto, (max-width: 1280px) 100vw, 1280px\" \/><\/p>\n<p>\u00c1nh s\u00e1ng Cos v\u01b0\u1ee3t tr\u1ed9i v\u1edbi \u0111\u01b0\u1eddng c\u1eaft th\u1eb3ng<\/p>\n<p>Bi LED X-Light V20 Square mang \u0111\u1ebfn kh\u1ea3 n\u0103ng chi\u1ebfu s\u00e1ng \u1edf ch\u1ebf \u0111\u1ed9 Cos m\u1ea1nh m\u1ebd v\u00e0 v\u01b0\u1ee3t tr\u1ed9i, \u0111\u1ee9ng top \u0111\u1ea7u trong ph\u00e2n kh\u00fac nh\u1edd s\u1edf h\u1eefu c\u1ea5u h\u00ecnh 6 chip LED l\u1edbn, cho ra c\u00f4ng su\u1ea5t l\u00ean \u0111\u1ebfn 55W. \u0110i\u1ec1u \u0111\u1eb7c bi\u1ec7t l\u00e0 \u0111\u01b0\u1eddng c\u1eaft \u1edf ch\u1ebf \u0111\u1ed9 Cos v\u00f4 c\u00f9ng s\u1eafc n\u00e9t v\u00e0 th\u1eb3ng, t\u1ea1o n\u00ean s\u1ef1 kh\u00e1c bi\u1ec7t r\u00f5 r\u1ec7t so v\u1edbi c\u00e1c s\u1ea3n ph\u1ea9m t\u0103ng s\u00e1ng kh\u00e1c tr\u00ean th\u1ecb tr\u01b0\u1eddng hi\u1ec7n nay.<\/p>\n<p>&#8211; H\u00ecnh \u1ea3nh \u00e1nh s\u00e1ng khi l\u01b0u th\u00f4ng tr\u00ean \u0111\u01b0\u1eddng (\u0110ang c\u1eadp nh\u1eadt)<\/p>\n<h3><a id=\"1-2-h-nh--nh--nh-s-ng-th--c-t--pha-c--a-bi-led-x-light-v20-square--ang-c--p-nh--t-\" class=\"toc-a-tag\"><\/a>1.2. H\u00ecnh \u1ea3nh \u00e1nh s\u00e1ng th\u1ef1c t\u1ebf Pha c\u1ee7a Bi LED X-Light V20 Square (\u0110ang c\u1eadp nh\u1eadt)<\/h3>\n<p>&#8211; Test b\u1ea3ng canh \u0111\u00e8n<\/p>\n<p><img loading=\"lazy\" decoding=\"async\" class=\"alignnone size-full wp-image-1729\" src=\"https:\/\/autothaiduong.vn\/wp-content\/uploads\/2025\/05\/z5865564379209_a5b91c159a5b709a0875191bbeaae444.jpg\" alt=\"\" width=\"1280\" height=\"795\" srcset=\"https:\/\/autothaiduong.vn\/wp-content\/uploads\/2025\/05\/z5865564379209_a5b91c159a5b709a0875191bbeaae444.jpg 1280w, https:\/\/autothaiduong.vn\/wp-content\/uploads\/2025\/05\/z5865564379209_a5b91c159a5b709a0875191bbeaae444-600x373.jpg 600w, https:\/\/autothaiduong.vn\/wp-content\/uploads\/2025\/05\/z5865564379209_a5b91c159a5b709a0875191bbeaae444-1024x636.jpg 1024w, https:\/\/autothaiduong.vn\/wp-content\/uploads\/2025\/05\/z5865564379209_a5b91c159a5b709a0875191bbeaae444-768x477.jpg 768w\" sizes=\"auto, (max-width: 1280px) 100vw, 1280px\" \/><\/p>\n<p>\u00c1nh s\u00e1ng Pha Bi LED X-Light V20 Square khi test tr\u00ean b\u1ea1t canh \u0111\u00e8n<\/p>\n<p>&#8211; Test \u00e1nh s\u00e1ng th\u1ef1c t\u1ebf<\/p>\n<p><img loading=\"lazy\" decoding=\"async\" class=\"alignnone size-full wp-image-1730\" src=\"https:\/\/autothaiduong.vn\/wp-content\/uploads\/2025\/05\/PHA.jpeg\" alt=\"\" width=\"1280\" height=\"1280\" srcset=\"https:\/\/autothaiduong.vn\/wp-content\/uploads\/2025\/05\/PHA.jpeg 1280w, https:\/\/autothaiduong.vn\/wp-content\/uploads\/2025\/05\/PHA-600x600.jpeg 600w, https:\/\/autothaiduong.vn\/wp-content\/uploads\/2025\/05\/PHA-1024x1024.jpeg 1024w, https:\/\/autothaiduong.vn\/wp-content\/uploads\/2025\/05\/PHA-300x300.jpeg 300w, https:\/\/autothaiduong.vn\/wp-content\/uploads\/2025\/05\/PHA-768x768.jpeg 768w, https:\/\/autothaiduong.vn\/wp-content\/uploads\/2025\/05\/PHA-100x100.jpeg 100w\" sizes=\"auto, (max-width: 1280px) 100vw, 1280px\" \/><\/p>\n<p>\u00c1nh s\u00e1ng Pha v\u01b0\u1ee3t tr\u1ed9i, \u0111\u1ea1t kh\u1ea3 n\u0103ng chi\u1ebfu xa \u1ea5n t\u01b0\u1ee3ng<\/p>\n<p>\u1ede ch\u1ebf \u0111\u1ed9 Pha, Bi LED X-Light V20 Square \u0111\u1ea1t c\u00f4ng su\u1ea5t l\u00ean \u0111\u1ebfn 65W, mang \u0111\u1ebfn \u00e1nh s\u00e1ng v\u01b0\u1ee3t tr\u1ed9i v\u00e0 \u1ea5n t\u01b0\u1ee3ng, gi\u00fap t\u00e0i x\u1ebf d\u1ec5 d\u00e0ng quan s\u00e1t v\u00e0 ph\u1ea3n \u1ee9ng k\u1ecbp th\u1eddi \u1edf nh\u1eefng cung \u0111\u01b0\u1eddng thi\u1ebfu \u00e1nh s\u00e1ng. S\u1ef1 n\u1ed5i b\u1eadt n\u00e0y l\u00e0 k\u1ebft qu\u1ea3 c\u1ee7a vi\u1ec7c trang b\u1ecb nh\u1eefng c\u00f4ng ngh\u1ec7 ti\u00ean ti\u1ebfn cho \u0111\u00e8n t\u0103ng s\u00e1ng, nh\u01b0 c\u00f4ng ngh\u1ec7 TIR, gi\u00fap c\u1eaft Pha m\u1ed9t g\u00f3c 90 \u0111\u1ed9 v\u00e0 t\u1ed1i \u01b0u h\u00f3a \u00e1nh s\u00e1ng l\u00ean \u0111\u1ebfn 99%. V\u1edbi kh\u1ea3 n\u0103ng chi\u1ebfu s\u00e1ng t\u1ed1t, c\u00f3 \u0111\u1ed9 t\u1eadp trung cao, Bi LED X-Light V20 Square ho\u00e0n to\u00e0n \u0111\u00e1p \u1ee9ng nhu c\u1ea7u di chuy\u1ec3n \u1edf ch\u1ebf \u0111\u1ed9 Pha c\u1ee7a kh\u00e1ch h\u00e0ng, mang l\u1ea1i s\u1ef1 an to\u00e0n v\u00e0 tin c\u1eady khi l\u00e1i xe.<\/p>\n<h2><a id=\"2-c-ng-ngh--bi-led-x-light-v20-square\" class=\"toc-a-tag\"><\/a>2. C\u00d4NG NGH\u1ec6 BI LED X-LIGHT V20 SQUARE<\/h2>\n<h3><a id=\"2-1-thi--t-k--body-ho-n-to-n-m--i\" class=\"toc-a-tag\"><\/a>2.1 Thi\u1ebft k\u1ebf body ho\u00e0n to\u00e0n m\u1edbi<\/h3>\n<p>Bi LED X-Light V20 Square \u0111\u01b0\u1ee3c thi\u1ebft k\u1ebf v\u1edbi k\u00edch th\u01b0\u1edbc ng\u1eafn g\u1ecdn, v\u1edbi t\u1ed5ng chi\u1ec1u d\u00e0i kho\u1ea3ng 130mm, mang \u0111\u1ebfn s\u1ef1 ti\u1ec7n l\u1ee3i v\u00e0 linh ho\u1ea1t trong qu\u00e1 tr\u00ecnh l\u1eafp \u0111\u1eb7t. To\u00e0n th\u00e2n \u0111\u00e8n \u0111\u01b0\u1ee3c ch\u1ebf t\u00e1c t\u1eeb v\u1eadt li\u1ec7u Aluminum cao c\u1ea5p, \u0111\u1ea3m b\u1ea3o \u0111\u1ed9 c\u1ee9ng c\u00e1p v\u00e0 b\u1ec1n b\u1ec9, gi\u00fap b\u1ea3o v\u1ec7 ho\u00e0n h\u1ea3o c\u00e1c chi ti\u1ebft b\u00ean trong.<\/p>\n<p><img loading=\"lazy\" decoding=\"async\" class=\"alignnone size-full wp-image-1731\" src=\"https:\/\/autothaiduong.vn\/wp-content\/uploads\/2025\/05\/11.jpeg\" alt=\"\" width=\"1280\" height=\"1280\" srcset=\"https:\/\/autothaiduong.vn\/wp-content\/uploads\/2025\/05\/11.jpeg 1280w, https:\/\/autothaiduong.vn\/wp-content\/uploads\/2025\/05\/11-600x600.jpeg 600w, https:\/\/autothaiduong.vn\/wp-content\/uploads\/2025\/05\/11-1024x1024.jpeg 1024w, https:\/\/autothaiduong.vn\/wp-content\/uploads\/2025\/05\/11-300x300.jpeg 300w, https:\/\/autothaiduong.vn\/wp-content\/uploads\/2025\/05\/11-768x768.jpeg 768w, https:\/\/autothaiduong.vn\/wp-content\/uploads\/2025\/05\/11-100x100.jpeg 100w\" sizes=\"auto, (max-width: 1280px) 100vw, 1280px\" \/><\/p>\n<p>Thi\u1ebft k\u1ebf body nh\u1ecf g\u1ecdn v\u00e0 sang tr\u1ecdng<\/p>\n<h3><a id=\"2-2-lens-c--a-bi-led-x-light-v20-square\" class=\"toc-a-tag\"><\/a>2.2 Lens c\u1ee7a Bi Led X-Light V20 Square<\/h3>\n<p>Bi LED X-Light V20 Square s\u1edf h\u1eefu k\u00edch th\u01b0\u1edbc lens 3 inch, \u0111\u01b0\u1ee3c thi\u1ebft k\u1ebf \u0111\u1ec3 mang l\u1ea1i hi\u1ec7u qu\u1ea3 chi\u1ebfu s\u00e1ng v\u01b0\u1ee3t tr\u1ed9i. \u0110\u1eb7c bi\u1ec7t, thi\u1ebft k\u1ebf lens vu\u00f4ng c\u1ee7a Bi LED X-Light V20 Square l\u00e0 \u0111i\u1ec3m nh\u1ea5n thu h\u00fat, ph\u00f9 h\u1ee3p cho c\u1ea3 \u00f4 t\u00f4 v\u00e0 xe m\u00e1y. V\u1edbi lens vu\u00f4ng, s\u1ea3n ph\u1ea9m kh\u00f4ng ch\u1ec9 t\u0103ng c\u01b0\u1eddng s\u1ef1 h\u00e0i h\u00f2a v\u00e0 th\u1eddi trang cho xe m\u00e0 c\u00f2n mang l\u1ea1i hi\u1ec7u qu\u1ea3 chi\u1ebfu s\u00e1ng t\u1ed1i \u01b0u.<\/p>\n<p>M\u1ed9t \u0111i\u1ec3m n\u1ed5i b\u1eadt kh\u00e1c c\u1ee7a Bi LED X-Light V20 Square ch\u00ednh l\u00e0 s\u1eed d\u1ee5ng c\u00f4ng ngh\u1ec7 TIR Lens. C\u00f4ng ngh\u1ec7 n\u00e0y gi\u00fap \u0111\u00e8n \u0111\u1ea1t hi\u1ec7u qu\u1ea3 tho\u00e1t s\u00e1ng tr\u00ean d\u01b0\u1edbi c\u1ef1c t\u1ed1t, \u0111\u00e1p \u1ee9ng m\u1ecdi nhu c\u1ea7u kh\u1eaft khe c\u1ee7a kh\u00e1ch h\u00e0ng hi\u1ec7n nay.<\/p>\n<p><img loading=\"lazy\" decoding=\"async\" class=\"alignnone size-full wp-image-1732\" src=\"https:\/\/autothaiduong.vn\/wp-content\/uploads\/2025\/05\/13.jpeg\" alt=\"\" width=\"1280\" height=\"1280\" srcset=\"https:\/\/autothaiduong.vn\/wp-content\/uploads\/2025\/05\/13.jpeg 1280w, https:\/\/autothaiduong.vn\/wp-content\/uploads\/2025\/05\/13-600x600.jpeg 600w, https:\/\/autothaiduong.vn\/wp-content\/uploads\/2025\/05\/13-1024x1024.jpeg 1024w, https:\/\/autothaiduong.vn\/wp-content\/uploads\/2025\/05\/13-300x300.jpeg 300w, https:\/\/autothaiduong.vn\/wp-content\/uploads\/2025\/05\/13-768x768.jpeg 768w, https:\/\/autothaiduong.vn\/wp-content\/uploads\/2025\/05\/13-100x100.jpeg 100w\" sizes=\"auto, (max-width: 1280px) 100vw, 1280px\" \/><\/p>\n<p>Lens vu\u00f4ng cao c\u1ea5p, c\u00f3 kh\u1ea3 n\u0103ng tho\u00e1t s\u00e1ng c\u1ef1c t\u1ed1t<\/p>\n<h3><a id=\"2-3-h--th--ng-t--n-nhi--t-kh-c-bi--t-nbsp-nbsp-\" class=\"toc-a-tag\"><\/a>2.3 H\u1ec7 th\u1ed1ng t\u1ea3n nhi\u1ec7t kh\u00e1c bi\u1ec7t<\/h3>\n<p>Bi LED X-Light V20 Square \u0111\u01b0\u1ee3c nghi\u00ean c\u1ee9u, ph\u00e1t tri\u1ec3n v\u00e0 \u00e1p d\u1ee5ng h\u1ec7 th\u1ed1ng t\u1ea3n nhi\u1ec7t ti\u00ean ti\u1ebfn b\u1eadc nh\u1ea5t hi\u1ec7n nay &#8211; C\u00f4ng ngh\u1ec7 t\u1ea3n nhi\u1ec7t 3 l\u1edbp. C\u00f4ng ngh\u1ec7 n\u00e0y \u0111\u1ea3m b\u1ea3o hi\u1ec7u su\u1ea5t ho\u1ea1t \u0111\u1ed9ng \u1ed5n \u0111\u1ecbnh cho h\u1ec7 th\u1ed1ng \u0111\u00e8n, gi\u00fap \u00e1nh s\u00e1ng lu\u00f4n duy tr\u00ec ch\u1ea5t l\u01b0\u1ee3ng cao ngay c\u1ea3 khi l\u1eafp \u0111\u1eb7t tr\u00ean xe, \u0111\u1ed3ng th\u1eddi h\u1ea1n ch\u1ebf t\u00ecnh tr\u1ea1ng t\u1ee5t s\u00e1ng. H\u1ec7 th\u1ed1ng t\u1ea3n nhi\u1ec7t 3 l\u1edbp c\u1ee7a Bi LED X-Light V20 Square \u0111\u01b0\u1ee3c chia th\u00e0nh hai ph\u1ea7n: t\u1ea3n nhi\u1ec7t k\u00e9p 2 qu\u1ea1t v\u00e0 t\u1ea3n nhi\u1ec7t \u0111\u1ed3ng, mang l\u1ea1i s\u1ef1 b\u1ec1n b\u1ec9 v\u00e0 hi\u1ec7u qu\u1ea3 t\u1ed1i \u01b0u cho s\u1ea3n ph\u1ea9m.<\/p>\n<p>&#8211; T\u1ea3n nhi\u1ec7t k\u00e9p 2 qu\u1ea1t<\/p>\n<p>Bi LED X-Light V20 Square g\u00e2y \u1ea5n t\u01b0\u1ee3ng m\u1ea1nh m\u1ebd tr\u00ean th\u1ecb tr\u01b0\u1eddng \u0111\u00e8n t\u0103ng s\u00e1ng v\u1edbi vi\u1ec7c \u00e1p d\u1ee5ng c\u00f4ng ngh\u1ec7 t\u1ea3n nhi\u1ec7t k\u00e9p 2 qu\u1ea1t ho\u1ea1t \u0111\u1ed9ng \u0111\u1ed3ng th\u1eddi. V\u1edbi thi\u1ebft k\u1ebf \u0111\u1eb7c bi\u1ec7t, hai qu\u1ea1t c\u1ee7a \u0111\u00e8n ho\u1ea1t \u0111\u1ed9ng c\u00f9ng l\u00fac, gi\u00fap l\u00e0m m\u00e1t nhanh ch\u00f3ng cho to\u00e0n b\u1ed9 h\u1ec7 th\u1ed1ng \u0111\u00e8n, \u0111\u1ea3m b\u1ea3o hi\u1ec7u su\u1ea5t chi\u1ebfu s\u00e1ng \u1ed5n \u0111\u1ecbnh v\u00e0 b\u1ec1n b\u1ec9.<\/p>\n<p><img loading=\"lazy\" decoding=\"async\" class=\"alignnone size-full wp-image-1733\" src=\"https:\/\/autothaiduong.vn\/wp-content\/uploads\/2025\/05\/14.jpeg\" alt=\"\" width=\"1280\" height=\"1280\" srcset=\"https:\/\/autothaiduong.vn\/wp-content\/uploads\/2025\/05\/14.jpeg 1280w, https:\/\/autothaiduong.vn\/wp-content\/uploads\/2025\/05\/14-600x600.jpeg 600w, https:\/\/autothaiduong.vn\/wp-content\/uploads\/2025\/05\/14-1024x1024.jpeg 1024w, https:\/\/autothaiduong.vn\/wp-content\/uploads\/2025\/05\/14-300x300.jpeg 300w, https:\/\/autothaiduong.vn\/wp-content\/uploads\/2025\/05\/14-768x768.jpeg 768w, https:\/\/autothaiduong.vn\/wp-content\/uploads\/2025\/05\/14-100x100.jpeg 100w\" sizes=\"auto, (max-width: 1280px) 100vw, 1280px\" \/><\/p>\n<p>T\u1ea3n nhi\u1ec7t k\u00e9p hai qu\u1ea1t ho\u1ea1t \u0111\u1ed9ng \u0111\u1ed3ng th\u1eddi<\/p>\n<p>&#8211; T\u1ea3n nhi\u1ec7t \u0111\u1ed3ng<\/p>\n<p>Bi LED X-Light V20 Square c\u00f2n n\u1ed5i b\u1eadt v\u1edbi h\u1ec7 th\u1ed1ng t\u1ea3n nhi\u1ec7t \u0111\u1ed3ng &#8211; M\u1ed9t c\u00f4ng ngh\u1ec7 th\u01b0\u1eddng th\u1ea5y tr\u00ean c\u00e1c d\u00f2ng \u0111\u00e8n cao c\u1ea5p. T\u1ea3n nhi\u1ec7t \u0111\u1ed3ng gi\u00fap d\u1eabn nhi\u1ec7t sinh ra trong qu\u00e1 tr\u00ecnh ho\u1ea1t \u0111\u1ed9ng m\u1ed9t c\u00e1ch nhanh ch\u00f3ng, k\u1ebft h\u1ee3p v\u1edbi lu\u1ed3ng gi\u00f3 t\u1eeb hai qu\u1ea1t k\u00e9p, \u0111\u1ea3m b\u1ea3o r\u1eb1ng \u0111\u00e8n \u0111\u01b0\u1ee3c l\u00e0m m\u00e1t hi\u1ec7u qu\u1ea3 v\u00e0 nhanh ch\u00f3ng.<\/p>\n<p>\u0110\u1eb7c bi\u1ec7t, sau 20 ph\u00fat ho\u1ea1t \u0111\u1ed9ng, nhi\u1ec7t \u0111\u1ed9 t\u1ea1i t\u00e2m LED c\u1ee7a Bi LED X-Light V20 Square dao \u0111\u1ed9ng t\u1eeb 75 &#8211; 80 \u0111\u1ed9 C (\u0111\u01b0\u1ee3c \u0111o trong ph\u00f2ng k\u00edn v\u1edbi nhi\u1ec7t \u0111\u1ed9 26 \u0111\u1ed9 C). Tuy nhi\u00ean, khi l\u1eafp \u0111\u1eb7t tr\u00ean xe v\u00e0 di chuy\u1ec3n trong \u0111i\u1ec1u ki\u1ec7n th\u1ef1c t\u1ebf, nhi\u1ec7t \u0111\u1ed9 s\u1ebd thay \u0111\u1ed5i do t\u00e1c \u0111\u1ed9ng c\u1ee7a c\u00e1c y\u1ebfu t\u1ed1 m\u00f4i tr\u01b0\u1eddng b\u00ean ngo\u00e0i.<\/p>\n<p><img loading=\"lazy\" decoding=\"async\" class=\"alignnone size-full wp-image-1734\" src=\"https:\/\/autothaiduong.vn\/wp-content\/uploads\/2025\/05\/15.jpeg\" alt=\"\" width=\"1280\" height=\"1280\" srcset=\"https:\/\/autothaiduong.vn\/wp-content\/uploads\/2025\/05\/15.jpeg 1280w, https:\/\/autothaiduong.vn\/wp-content\/uploads\/2025\/05\/15-600x600.jpeg 600w, https:\/\/autothaiduong.vn\/wp-content\/uploads\/2025\/05\/15-1024x1024.jpeg 1024w, https:\/\/autothaiduong.vn\/wp-content\/uploads\/2025\/05\/15-300x300.jpeg 300w, https:\/\/autothaiduong.vn\/wp-content\/uploads\/2025\/05\/15-768x768.jpeg 768w, https:\/\/autothaiduong.vn\/wp-content\/uploads\/2025\/05\/15-100x100.jpeg 100w\" sizes=\"auto, (max-width: 1280px) 100vw, 1280px\" \/><\/p>\n<p>T\u1ea3n nhi\u1ec7t \u0111\u1ed3ng cao c\u1ea5p<\/p>\n<h3><a id=\"2-4-c--u-h-nh--nh-s-ng\" class=\"toc-a-tag\"><\/a>2.4 C\u1ea5u h\u00ecnh \u00e1nh s\u00e1ng<\/h3>\n<p>V\u1edbi m\u1ee5c ti\u00eau \u0111\u00e1p \u1ee9ng y\u00eau c\u1ea7u cao c\u1ee7a kh\u00e1ch h\u00e0ng, Bi LED X-Light V20 Square \u0111\u01b0\u1ee3c trang b\u1ecb t\u1ed5ng c\u1ed9ng 8 chip LED, trong \u0111\u00f3 6 chip LED l\u1edbn \u0111\u1ea3m nhi\u1ec7m vi\u1ec7c t\u1ea1o v\u00f9ng s\u00e1ng r\u1ed9ng, bao qu\u00e1t to\u00e0n b\u1ed9 l\u00e0n \u0111\u01b0\u1eddng. \u0110\u1eb7c bi\u1ec7t, 1+1 chip LED Osram k\u1ebft h\u1ee3p v\u1edbi TIR Lens \u0111\u01b0\u1ee3c thi\u1ebft k\u1ebf \u0111\u1ec3 t\u1ea1o ra v\u00f9ng s\u00e1ng t\u00e2m \u0111\u1eadm v\u00e0 \u0111\u1ec1u, \u0111\u1ed3ng th\u1eddi n\u00e2ng cao kh\u1ea3 n\u0103ng chi\u1ebfu xa cho ch\u1ebf \u0111\u1ed9 Pha. S\u1ef1 k\u1ebft h\u1ee3p n\u00e0y kh\u00f4ng ch\u1ec9 mang l\u1ea1i hi\u1ec7u su\u1ea5t chi\u1ebfu s\u00e1ng v\u01b0\u1ee3t tr\u1ed9i m\u00e0 c\u00f2n \u0111\u00e1p \u1ee9ng t\u1ed1t h\u01a1n nhu c\u1ea7u s\u1eed d\u1ee5ng \u0111a d\u1ea1ng c\u1ee7a ng\u01b0\u1eddi ti\u00eau d\u00f9ng.<\/p>\n<p><img loading=\"lazy\" decoding=\"async\" class=\"alignnone size-full wp-image-1735\" src=\"https:\/\/autothaiduong.vn\/wp-content\/uploads\/2025\/05\/18.jpeg\" alt=\"\" width=\"1280\" height=\"1280\" srcset=\"https:\/\/autothaiduong.vn\/wp-content\/uploads\/2025\/05\/18.jpeg 1280w, https:\/\/autothaiduong.vn\/wp-content\/uploads\/2025\/05\/18-600x600.jpeg 600w, https:\/\/autothaiduong.vn\/wp-content\/uploads\/2025\/05\/18-1024x1024.jpeg 1024w, https:\/\/autothaiduong.vn\/wp-content\/uploads\/2025\/05\/18-300x300.jpeg 300w, https:\/\/autothaiduong.vn\/wp-content\/uploads\/2025\/05\/18-768x768.jpeg 768w, https:\/\/autothaiduong.vn\/wp-content\/uploads\/2025\/05\/18-100x100.jpeg 100w\" sizes=\"auto, (max-width: 1280px) 100vw, 1280px\" \/><\/p>\n<p>\u00c1nh s\u00e1ng \u0111\u1ed9t ph\u00e1<\/p>\n<h3><a id=\"2-5-nhi--t-m-u-5500k-cao-c--p\" class=\"toc-a-tag\"><\/a>2.5 Nhi\u1ec7t m\u00e0u 5500K cao c\u1ea5p<\/h3>\n<p>V\u1edbi nhi\u1ec7t m\u00e0u 5500K, Bi LED X-Light V20 Square mang \u0111\u1ebfn \u00e1nh s\u00e1ng tr\u1eafng th\u1eddi trang, ph\u00f9 h\u1ee3p cho vi\u1ec7c di chuy\u1ec3n trong nhi\u1ec1u \u0111i\u1ec1u ki\u1ec7n th\u1eddi ti\u1ebft kh\u00e1c nhau. S\u1ea3n ph\u1ea9m n\u00e0y gi\u00fap n\u00e2ng cao s\u1ef1 r\u00f5 n\u00e9t v\u00e0 an to\u00e0n khi l\u00e1i xe trong m\u1ecdi \u0111i\u1ec1u ki\u1ec7n th\u1eddi ti\u1ebft nh\u01b0 \u0111\u00eam t\u1ed1i, m\u01b0a b\u00e3o, s\u01b0\u01a1ng m\u00f9\u2026<\/p>\n","protected":false},"excerpt":{"rendered":"<h2>Th\u00f4ng s\u1ed1 k\u1ef9 thu\u1eadt BI LED X-LIGHT V20 SQUARE<\/h2>\n<table>\n<tbody>\n<tr>\n<td class=\"lileft\">T\u00ean S\u1ea3n Ph\u1ea9m:<\/td>\n<td class=\"liright\">BI LED X-LIGHT V20 SQUARE<\/td>\n<\/tr>\n<tr>\n<td class=\"lileft\">Lo\u1ea1i \u0110\u00e8n:<\/td>\n<td class=\"liright\">Bi LED<\/td>\n<\/tr>\n<tr>\n<td class=\"lileft\">Th\u01b0\u01a1ng Hi\u1ec7u:<\/td>\n<td class=\"liright\">X-Light<\/td>\n<\/tr>\n<tr>\n<td class=\"lileft\">N\u0103m s\u1ea3n xu\u1ea5t:<\/td>\n<td class=\"liright\">2024<\/td>\n<\/tr>\n<tr>\n<td class=\"lileft\">V\u1ecb Tr\u00ed L\u1eafp \u0110\u1eb7t:<\/td>\n<td class=\"liright\">\u0110\u00e8n Ch\u00ednh<\/td>\n<\/tr>\n<tr>\n<td class=\"lileft\">D\u00f2ng Xe Ph\u00f9 H\u1ee3p:<\/td>\n<td class=\"liright\">C\u00e1c Lo\u1ea1i Xe \u00d4 T\u00f4<\/td>\n<\/tr>\n<tr>\n<td class=\"lileft\">C\u00f4ng Su\u1ea5t Cos:<\/td>\n<td class=\"liright\">55W<\/td>\n<\/tr>\n<tr>\n<td class=\"lileft\">C\u00f4ng Su\u1ea5t Pha:<\/td>\n<td class=\"liright\">65W<\/td>\n<\/tr>\n<tr>\n<td class=\"lileft\">Nh\u00e2n LED:<\/td>\n<td class=\"liright\">6 (Big) + 1 + 1 (Osram)<\/td>\n<\/tr>\n<tr>\n<td class=\"lileft\">Nhi\u1ec7t m\u00e0u:<\/td>\n<td class=\"liright\">5500k<\/td>\n<\/tr>\n<tr>\n<td class=\"lileft\">H\u1ec7 Th\u1ed1ng T\u1ea3n Nhi\u1ec7t:<\/td>\n<td class=\"liright\">Qu\u1ea1t + Kh\u1ed1i \u0110\u1ed3ng<\/td>\n<\/tr>\n<tr>\n<td class=\"lileft\">Tu\u1ed5i th\u1ecd:<\/td>\n<td class=\"liright\">30.000 Gi\u1edd<\/td>\n<\/tr>\n<tr>\n<td class=\"lileft\">\u0110i\u1ec7n \u00c1p:<\/td>\n<td class=\"liright\">12 &#8211; 16V<\/td>\n<\/tr>\n<tr>\n<td class=\"lileft\">K\u00edch th\u01b0\u1edbc \u0110\u00e8n:<\/td>\n<td class=\"liright\">130*43*78mm<\/td>\n<\/tr>\n<tr>\n<td class=\"lileft\">K\u00edch Th\u01b0\u1edbc Lens:<\/td>\n<td class=\"liright\">3.0 Inch<\/td>\n<\/tr>\n<tr>\n<td class=\"lileft\">B\u1ea3o h\u00e0nh:<\/td>\n<td class=\"liright\">3 N\u0103m<\/td>\n<\/tr>\n<tr>\n<td class=\"lileft\">\u0110\u1eb7c \u0110i\u1ec3m N\u1ed5i B\u1eadt:<\/td>\n<td class=\"liright\">Lens Khuy\u1ebft<\/td>\n<\/tr>\n<\/tbody>\n<\/table>\n","protected":false},"featured_media":1720,"comment_status":"open","ping_status":"closed","template":"","meta":[],"product_brand":[134],"product_cat":[16,26,67],"product_tag":[],"class_list":{"0":"post-1719","1":"product","2":"type-product","3":"status-publish","4":"has-post-thumbnail","6":"product_brand-x-light","7":"product_cat-anh-sang","8":"product_cat-bi-led","9":"product_cat-phu-kien-vf3","11":"first","12":"instock","13":"shipping-taxable","14":"purchasable","15":"product-type-simple"},"_links":{"self":[{"href":"https:\/\/autothaiduong.vn\/index.php?rest_route=\/wp\/v2\/product\/1719","targetHints":{"allow":["GET"]}}],"collection":[{"href":"https:\/\/autothaiduong.vn\/index.php?rest_route=\/wp\/v2\/product"}],"about":[{"href":"https:\/\/autothaiduong.vn\/index.php?rest_route=\/wp\/v2\/types\/product"}],"replies":[{"embeddable":true,"href":"https:\/\/autothaiduong.vn\/index.php?rest_route=%2Fwp%2Fv2%2Fcomments&post=1719"}],"wp:featuredmedia":[{"embeddable":true,"href":"https:\/\/autothaiduong.vn\/index.php?rest_route=\/wp\/v2\/media\/1720"}],"wp:attachment":[{"href":"https:\/\/autothaiduong.vn\/index.php?rest_route=%2Fwp%2Fv2%2Fmedia&parent=1719"}],"wp:term":[{"taxonomy":"product_brand","embeddable":true,"href":"https:\/\/autothaiduong.vn\/index.php?rest_route=%2Fwp%2Fv2%2Fproduct_brand&post=1719"},{"taxonomy":"product_cat","embeddable":true,"href":"https:\/\/autothaiduong.vn\/index.php?rest_route=%2Fwp%2Fv2%2Fproduct_cat&post=1719"},{"taxonomy":"product_tag","embeddable":true,"href":"https:\/\/autothaiduong.vn\/index.php?rest_route=%2Fwp%2Fv2%2Fproduct_tag&post=1719"}],"curies":[{"name":"wp","href":"https:\/\/api.w.org\/{rel}","templated":true}]}}