{"id":1753,"date":"2025-05-15T16:05:45","date_gmt":"2025-05-15T16:05:45","guid":{"rendered":"https:\/\/autothaiduong.vn\/?post_type=product&#038;p=1753"},"modified":"2025-05-15T16:58:48","modified_gmt":"2025-05-15T16:58:48","slug":"module-bi-led-mini-x-light-f-max","status":"publish","type":"product","link":"https:\/\/autothaiduong.vn\/?product=module-bi-led-mini-x-light-f-max","title":{"rendered":"MODULE BI LED MINI X-LIGHT F+ MAX"},"content":{"rendered":"<p><img loading=\"lazy\" decoding=\"async\" class=\" wp-image-1537 aligncenter\" src=\"https:\/\/autothaiduong.vn\/wp-content\/uploads\/2025\/05\/z6584734442481_f208f5944548cb4b46353402ce2e64e0-1.jpg\" alt=\"\" width=\"255\" height=\"226\" \/><\/p>\n<p style=\"text-align: center;\"><span style=\"font-size: 150%;\"><strong><span style=\"color: #ff0000;\">273-275 Tr\u1ea7n Ph\u00fa Ph\u01b0\u1eddng L\u1ed9c S\u01a1n Th\u00e0nh Ph\u1ed1 B\u1ea3o L\u1ed9c T\u1ec9nh L\u00e2m \u0110\u1ed3ng <\/span><\/strong><\/span><\/p>\n<p style=\"text-align: center;\"><span style=\"font-size: 150%;\"><strong><span style=\"color: #ff0000;\">Hotline: 0912197441<\/span><\/strong><\/span><\/p>\n<p><img loading=\"lazy\" decoding=\"async\" class=\"alignnone size-full wp-image-1755\" src=\"https:\/\/autothaiduong.vn\/wp-content\/uploads\/2025\/05\/09-06-2022-0-1654765828-bi-led-mini-x-light-f-max.png\" alt=\"MODULE BI LED MINI X-LIGHT F+ MAX\" width=\"800\" height=\"800\" srcset=\"https:\/\/autothaiduong.vn\/wp-content\/uploads\/2025\/05\/09-06-2022-0-1654765828-bi-led-mini-x-light-f-max.png 800w, https:\/\/autothaiduong.vn\/wp-content\/uploads\/2025\/05\/09-06-2022-0-1654765828-bi-led-mini-x-light-f-max-600x600.png 600w, https:\/\/autothaiduong.vn\/wp-content\/uploads\/2025\/05\/09-06-2022-0-1654765828-bi-led-mini-x-light-f-max-300x300.png 300w, https:\/\/autothaiduong.vn\/wp-content\/uploads\/2025\/05\/09-06-2022-0-1654765828-bi-led-mini-x-light-f-max-768x768.png 768w, https:\/\/autothaiduong.vn\/wp-content\/uploads\/2025\/05\/09-06-2022-0-1654765828-bi-led-mini-x-light-f-max-100x100.png 100w\" sizes=\"auto, (max-width: 800px) 100vw, 800px\" \/><\/p>\n<h2 dir=\"ltr\"><strong><a id=\"thi--t-k--nh--g--n\" class=\"toc-a-tag\"><\/a>Thi\u1ebft k\u1ebf nh\u1ecf g\u1ecdn<\/strong><\/h2>\n<p dir=\"ltr\">Module Bi LED Mini X-Light F+ Max k\u1ebf th\u1eeba v\u00e0 ph\u00e1t huy thi\u1ebft k\u1ebf nh\u1ecf g\u1ecdn m\u00e0 nh\u1eefng d\u00f2ng \u0111\u00e8n Module tr\u01b0\u1edbc \u0111\u00f3 \u0111\u00e3 th\u00e0nh c\u00f4ng. V\u1edbi k\u00edch\u00a0th\u01b0\u1edbc nh\u1ecf g\u1ecdn c\u1ee7a m\u00ecnh, X-Light F+ Max s\u1edf h\u1eefu thi\u1ebft k\u1ebf c\u00f3 ph\u1ea7n tinh x\u1ea3o h\u01a1n \u0111\u1ec3 c\u00f3 s\u1ee9c ch\u1ee9a \u0111\u01b0\u1ee3c m\u1ed9t h\u1ec7 th\u1ed1ng c\u1ea5u tr\u00fac \u00e1nh s\u00e1ng m\u1ea1nh m\u1ebd\u00a0b\u00ean trong.<\/p>\n<p dir=\"ltr\">K\u00edch th\u01b0\u1edbc t\u1ed5ng th\u1ec3 40x50x75mm, k\u00edch th\u01b0\u1edbc bi nh\u1ecf nh\u1ea5t tr\u00ean th\u1ecb tr\u01b0\u1eddng hi\u1ec7n nay. K\u00edch th\u01b0\u1edbc nh\u1ecf g\u1ecdn c\u00f3 th\u1ec3 c\u00f9ng l\u00fac n\u00e2ng c\u1ea5p \u0111\u01b0\u1ee3c nhi\u1ec1u bi tr\u00ean m\u1ed9t chi\u1ebfc xe v\u1edbi gi\u00e1 th\u00e0nh v\u00f4 c\u00f9ng h\u1ee3p l\u00fd.<\/p>\n<h2 dir=\"ltr\"><strong><a id=\"lens-2-t--ng---c---o\" class=\"toc-a-tag\"><\/a>Lens 2 t\u1ea7ng \u0111\u1ed9c \u0111\u00e1o<\/strong><\/h2>\n<p dir=\"ltr\"><strong><img loading=\"lazy\" decoding=\"async\" class=\"alignnone size-full wp-image-1755\" src=\"https:\/\/autothaiduong.vn\/wp-content\/uploads\/2025\/05\/09-06-2022-0-1654765828-bi-led-mini-x-light-f-max.png\" alt=\"MODULE BI LED MINI X-LIGHT F+ MAX\" width=\"800\" height=\"800\" srcset=\"https:\/\/autothaiduong.vn\/wp-content\/uploads\/2025\/05\/09-06-2022-0-1654765828-bi-led-mini-x-light-f-max.png 800w, https:\/\/autothaiduong.vn\/wp-content\/uploads\/2025\/05\/09-06-2022-0-1654765828-bi-led-mini-x-light-f-max-600x600.png 600w, https:\/\/autothaiduong.vn\/wp-content\/uploads\/2025\/05\/09-06-2022-0-1654765828-bi-led-mini-x-light-f-max-300x300.png 300w, https:\/\/autothaiduong.vn\/wp-content\/uploads\/2025\/05\/09-06-2022-0-1654765828-bi-led-mini-x-light-f-max-768x768.png 768w, https:\/\/autothaiduong.vn\/wp-content\/uploads\/2025\/05\/09-06-2022-0-1654765828-bi-led-mini-x-light-f-max-100x100.png 100w\" sizes=\"auto, (max-width: 800px) 100vw, 800px\" \/><\/strong><\/p>\n<p dir=\"ltr\">Lens \u0111\u01b0\u1ee3c thi\u1ebft k\u1ebf theo m\u1ed9t phong c\u00e1ch v\u00f4 c\u00f9ng \u0111\u1eb7c bi\u1ec7t m\u00e0 trong ph\u00e2n kh\u00fac lens 1.8 inch s\u1ebd ch\u1eb3ng t\u00ecm \u0111\u01b0\u1ee3c th\u01b0\u01a1ng hi\u1ec7u th\u1ee9 2 c\u00f3 th\u1ec3 l\u00e0m \u0111\u01b0\u1ee3c: thi\u1ebft k\u1ebf \u201cLens m\u1eaft \u1ebfch\u201d &#8211; Lens 2 t\u1ea7ng. V\u1edbi l\u1ed1i thi\u1ebft k\u1ebf n\u00e0y, \u0111\u00e8n bi Module Mini kh\u00f4ng c\u1ea7n trang b\u1ecb th\u00eam m\u00e0n ch\u1eadp. M\u1ed7i t\u1ea7ng Lens s\u1ebd mang m\u1ed9t ch\u1ee9c n\u0103ng ri\u00eang bi\u1ec7t, \u0111em l\u1ea1i hi\u1ec7u qu\u1ea3\u00a0chi\u1ebfu s\u00e1ng t\u1ed1t nh\u1ea5t cho \u0111\u00e8n.<\/p>\n<h2 dir=\"ltr\"><strong><a id=\"h--th--ng-t--n-nhi--t\" class=\"toc-a-tag\"><\/a>H\u1ec7 th\u1ed1ng t\u1ea3n nhi\u1ec7t<\/strong><\/h2>\n<p dir=\"ltr\"><a id=\"h--th--ng-t--n-nhi--t\" class=\"toc-a-tag\"><\/a>H\u1ec7 th\u1ed1ng t\u1ea3n nhi\u1ec7t\u00a0\u0111\u01b0\u1ee3c l\u00e0m t\u1eeb ch\u1ea5t li\u1ec7u Aluminum cao c\u1ea5p, \u0111em l\u1ea1i c\u1ea3m gi\u00e1c ch\u1eafc ch\u1eafn,\u00a0b\u1ec1n b\u1ec9, k\u1ebft h\u1ee3p c\u00f9ng qu\u1ea1t t\u1ea3n nhi\u1ec7t k\u00edch th\u01b0\u1edbc 40mm, gi\u00fap \u0111\u1ea9y lu\u1ed3ng nhi\u1ec7t t\u1ecfa ra xung quanh th\u00e2n \u0111\u00e8n khi ho\u1ea1t \u0111\u1ed9ng, gi\u00fap \u0111\u00e8n ho\u1ea1t \u0111\u1ed9ng t\u1ed1t v\u00e0 k\u00e9o th\u1ecd tu\u1ed5i th\u1ecd.<\/p>\n<h2 dir=\"ltr\"><strong><a id=\"c-ng-ngh---nh-s-ng\" class=\"toc-a-tag\"><\/a>C\u00f4ng ngh\u1ec7 \u00e1nh s\u00e1ng<\/strong><\/h2>\n<p dir=\"ltr\">Module bi LED Mini X-Light F+ Max \u0111\u01b0\u1ee3c ph\u00e1t tri\u1ec3n tr\u00ean c\u00f4ng ngh\u1ec7 \u0110\u1ee9c\u00a0v\u1edbi c\u1ea5u h\u00ecnh \u00e1nh s\u00e1ng c\u1ee7a \u0111\u00e8n Module bi LED Mini X-Light F+ Max s\u1eed d\u1ee5ng chip LED t\u1eeb ch\u00ednh th\u01b0\u01a1ng hi\u1ec7u X-Light Custom tr\u00ean n\u1ec1n t\u1ea3ng c\u00f4ng\u00a0ngh\u1ec7 LED COB mang l\u1ea1i kh\u1ea3 n\u0103ng ho\u00e0n m\u00e0u 85\/100, nh\u1edd \u0111\u00f3 ho\u1ea1t \u0111\u1ed9ng \u0111\u01b0\u1ee3c \u0111\u1ed3ng b\u1ed9, gi\u00fap hi\u1ec7u qu\u1ea3 chi\u1ebfu s\u00e1ng \u0111\u1ea1t \u0111\u01b0\u1ee3c v\u1edbi mong mu\u1ed1n. H\u1ec7 th\u1ed1ng 7 nh\u00e2n LED v\u1edbi 6 nh\u00e2n LED cho Cos v\u00e0 1 nh\u00e2n LED Pha.<\/p>\n<h2 dir=\"ltr\"><strong><a id=\"t-nh-n-ng---c-bi--t\" class=\"toc-a-tag\"><\/a>T\u00ednh n\u0103ng \u0111\u1eb7c bi\u1ec7t<\/strong><\/h2>\n<p dir=\"ltr\"><a id=\"t-nh-n-ng---c-bi--t\" class=\"toc-a-tag\"><\/a>T\u00ednh n\u0103ng \u0111\u1eb7c bi\u1ec7t\u00a0c\u1ee7a \u0111\u00e8n Module X-Light F+ Max l\u00e0 c\u1ea5u h\u00ecnh Lens 2 t\u1ea7ng v\u1edbi m\u1ed7i t\u1ea7ng l\u00e0 m\u1ed9t t\u00ednh n\u0103ng kh\u00e1c nhau. Khi \u0111\u00e8n xe b\u1eadt ch\u1ebf \u0111\u1ed9 Cos, t\u1ea7ng Cos v\u1edbi 6 chip LED s\u1ebd ho\u1ea1t \u0111\u1ed9ng.\u00a0 Khi xe chuy\u1ec3n sang ch\u1ebf \u0111\u1ed9 Pha, 7 nh\u00e2n LED s\u1ebd ho\u1ea1t \u0111\u1ed9ng \u0111\u1ed3ng th\u1eddi, nh\u1edd \u0111\u00f3 \u00e1nh s\u00e1ng Pha chi\u1ebfu s\u00e1ng m\u1ea1nh m\u1ebd h\u01a1n. C\u00f9ng v\u1edbi \u0111\u00f3, thi\u1ebft k\u1ebf Module gi\u00fap d\u1ec5 d\u00e0ng k\u1ebft h\u1ee3p nhi\u1ec1u bi tr\u00ean c\u00f9ng m\u1ed9t chi\u1ebfc xe.<\/p>\n<h2 dir=\"ltr\"><strong><a id=\"-nh-s-ng-cos\" class=\"toc-a-tag\"><\/a>\u00c1nh s\u00e1ng cos<\/strong><\/h2>\n<p dir=\"ltr\">\u00c1nh s\u00e1ng Cos t\u1eeb \u0111\u00e8n X-Light F+ Max s\u1edf h\u1eefu\u00a0c\u00f4ng\u00a0su\u1ea5t 30W t\u1eeb 6 chip LED, \u00e1nh s\u00e1ng Cos v\u1eeba \u0111\u1ee7 \u0111\u1ec3 di chuy\u1ec3n tho\u1ea3i m\u00e1i trong n\u1ed9i th\u00e0nh v\u1edbi nhi\u1ec1u \u0111i\u1ec1u ki\u1ec7n kh\u00e1c nhau. N\u00ean k\u1ebft h\u1ee3p nhi\u1ec1u Module X-Light F+ Max v\u1edbi nhau \u0111\u1ec3 c\u00f3 hi\u1ec7u qu\u1ea3\u00a0\u00e1nh s\u00e1ng Cos t\u1ed1t h\u01a1n. Nh\u1edd s\u1eed d\u1ee5ng\u00a0c\u00f4ng\u00a0ngh\u1ec7 LED COB t\u1eeb X-Light, ch\u1ec9 s\u1ed1 ho\u00e0n m\u00e0u \u0111\u01b0\u1ee3c ho\u00e0n thi\u1ec7n v\u1edbi ch\u1ec9 s\u1ed1 CRI &gt;85, mang \u0111\u1ebfn \u00e1nh s\u00e1ng trung th\u1ef1c, gi\u1ea3m t\u00ecnh tr\u1ea1ng m\u1ecfi m\u1eaft khi di chuy\u1ec3n qu\u00e1 nhi\u1ec1u trong \u0111\u00eam.<\/p>\n<p dir=\"ltr\">V\u1edbi c\u00f4ng\u00a0su\u1ea5t \u00e1nh s\u00e1ng n\u00e0y, \u0111\u00e8n X-Light F+ Max \u0111\u01b0\u1ee3c c\u00e1c chuy\u00ean gia \u0111\u00e1nh gi\u00e1 3 sao tr\u00ean thang \u0111i\u1ec3m 6 c\u1ee7a X-Treme Vision \u1edf h\u1ea1ng m\u1ee5c Low Beam.<\/p>\n<h2 dir=\"ltr\"><strong><a id=\"-nh-s-ng-pha\" class=\"toc-a-tag\"><\/a>\u00c1nh s\u00e1ng pha<\/strong><\/h2>\n<p dir=\"ltr\">\u1ede ch\u1ebf \u0111\u1ed9 Pha, 1 nh\u00e2n LED \u1edf t\u1ea7ng Lens c\u00f2n lo\u1ea1i s\u1ebd \u0111\u01b0\u1ee3c k\u00edch ho\u1ea1t, nh\u1edd \u0111\u00f3 7 nh\u00e2n LED s\u1ebd ho\u1ea1t \u0111\u1ed9ng \u0111\u1ed3ng th\u1eddi, nh\u1edd \u0111\u00f3 \u00e1nh s\u00e1ng Pha \u0111\u01b0\u1ee3c chi\u1ebfu s\u00e1ng t\u1ed1t v\u1edbi cung pha cao v\u00e0 \u0111\u1ec1u, t\u00e2m gom \u00e1nh s\u00e1ng t\u1ed1t cho t\u1ea7m chi\u1ebfu xa \u0111\u1ea1t 500m \u0111\u1ebfn 600m.<\/p>\n<p dir=\"ltr\">Ch\u1ebf \u0111\u1ed9 Pha c\u1ee7a Module bi LED Mini X-Light F+ Max \u0111\u01b0\u1ee3c \u0111\u00e1nh gi\u00e1 2.5 sao tr\u00ean thang \u0111i\u1ec3m 6 sao c\u1ee7a X-Treme Vision \u1edf h\u1ea1ng m\u1ee5c High Beam<\/p>\n<h2 dir=\"ltr\"><strong><a id=\"-i-m-a-ph--s--ng\" class=\"toc-a-tag\"><\/a>\u0110i m\u01b0a ph\u00e1 s\u01b0\u01a1ng<\/strong><\/h2>\n<p dir=\"ltr\">\u0110\u00e8n Module bi LED Mini X-Light F+ Max s\u1edf h\u1eefu nhi\u1ec7t m\u00e0u 5500K, \u0111\u00e2y nhi\u1ec7t m\u00e0u th\u1eddi trang v\u00e0 \u0111a d\u1ee5ng, d\u1ec5 d\u00e0ng di chuy\u1ec3n h\u1ea7u h\u1ebft c\u00e1c lo\u1ea1i \u0111i\u1ec1u ki\u1ec7n th\u1eddi ti\u1ebft v\u00e0 \u0111\u1ecba h\u00ecnh. V\u1edbi ch\u1ebf \u0111\u1ed9 \u00e1nh s\u00e1ng Cos v\u1eeba \u0111\u1ee7, ph\u00e1 s\u01b0\u01a1ng t\u01b0\u01a1ng \u0111\u1ed1i t\u1ed1t v\u00e0 Pha c\u00f3 \u0111\u1ed9 gom v\u1eeba ph\u1ea3i \u0111\u1ec3 quan s\u00e1t trong \u0111i\u1ec1u ki\u1ec7n m\u01b0a.<\/p>\n<p dir=\"ltr\">\u0110\u01b0\u1ee3c \u0111\u00e1nh gi\u00e1 3\/6 theo ti\u00eau chu\u1ea9n X-Treme Vision cho h\u1ea1ng m\u1ee5c Rain &amp; Dew.<\/p>\n<p dir=\"ltr\"><img loading=\"lazy\" decoding=\"async\" class=\"alignnone size-full wp-image-1757\" src=\"https:\/\/autothaiduong.vn\/wp-content\/uploads\/2025\/05\/09-06-2022-0-1654765863-x-treme-module-bi-led-mini-x-light-f-max.png\" alt=\"ti\u00eau chu\u1ea9n Module Bi LED Mini X-Light F+ Max \" width=\"800\" height=\"800\" srcset=\"https:\/\/autothaiduong.vn\/wp-content\/uploads\/2025\/05\/09-06-2022-0-1654765863-x-treme-module-bi-led-mini-x-light-f-max.png 800w, https:\/\/autothaiduong.vn\/wp-content\/uploads\/2025\/05\/09-06-2022-0-1654765863-x-treme-module-bi-led-mini-x-light-f-max-600x600.png 600w, https:\/\/autothaiduong.vn\/wp-content\/uploads\/2025\/05\/09-06-2022-0-1654765863-x-treme-module-bi-led-mini-x-light-f-max-300x300.png 300w, https:\/\/autothaiduong.vn\/wp-content\/uploads\/2025\/05\/09-06-2022-0-1654765863-x-treme-module-bi-led-mini-x-light-f-max-768x768.png 768w, https:\/\/autothaiduong.vn\/wp-content\/uploads\/2025\/05\/09-06-2022-0-1654765863-x-treme-module-bi-led-mini-x-light-f-max-100x100.png 100w\" sizes=\"auto, (max-width: 800px) 100vw, 800px\" \/><\/p>\n<h3 dir=\"ltr\"><strong><a id=\"b--o-h-nh----a--i--m-l--p---t\" class=\"toc-a-tag\"><\/a>B\u1ea3o h\u00e0nh &#8211; \u0110\u1ecba \u0111i\u1ec3m l\u1eafp \u0111\u1eb7t<\/strong><\/h3>\n<p dir=\"ltr\">\u0110\u00e8n Module bi LED Mini X-Light F+ Max \u0111\u01b0\u1ee3c ph\u00e2n ph\u1ed1i v\u00e0 b\u1ea3o h\u00e0nh v\u1edbi h\u1ec7 th\u1ed1ng GTR Vi\u1ec7t Nam\u00a0tr\u00ean to\u00e0n qu\u1ed1c.<\/p>\n<p dir=\"ltr\"><strong><iframe loading=\"lazy\" src=\"https:\/\/www.youtube.com\/embed\/VBUnGkuVQSU\" width=\"100%\" height=\"560\" frameborder=\"0\" scrolling=\"yes\" align=\"middle\" data-mce-fragment=\"1\"><\/iframe><\/strong><\/p>\n","protected":false},"excerpt":{"rendered":"<p><strong><span style=\"color: #ff0000;\">Auto Th\u00e1i D\u01b0\u01a1ng<\/span><\/strong> &#8211; \u0110\u1ea1i l\u00ed ch\u00ednh h\u00e3ng <strong>X-Light<\/strong> t\u1ea1i <strong>TP.B\u1ea3o L\u1ed9c\u00a0<\/strong><\/p>\n<p><strong><span style=\"color: #ff0000;\">Hotline<\/span><\/strong>:<strong>0912197441<\/strong><\/p>\n","protected":false},"featured_media":1754,"comment_status":"open","ping_status":"closed","template":"","meta":[],"product_brand":[134],"product_cat":[26,16],"product_tag":[],"class_list":{"0":"post-1753","1":"product","2":"type-product","3":"status-publish","4":"has-post-thumbnail","6":"product_brand-x-light","7":"product_cat-bi-led","8":"product_cat-anh-sang","10":"first","11":"instock","12":"shipping-taxable","13":"purchasable","14":"product-type-simple"},"_links":{"self":[{"href":"https:\/\/autothaiduong.vn\/index.php?rest_route=\/wp\/v2\/product\/1753","targetHints":{"allow":["GET"]}}],"collection":[{"href":"https:\/\/autothaiduong.vn\/index.php?rest_route=\/wp\/v2\/product"}],"about":[{"href":"https:\/\/autothaiduong.vn\/index.php?rest_route=\/wp\/v2\/types\/product"}],"replies":[{"embeddable":true,"href":"https:\/\/autothaiduong.vn\/index.php?rest_route=%2Fwp%2Fv2%2Fcomments&post=1753"}],"wp:featuredmedia":[{"embeddable":true,"href":"https:\/\/autothaiduong.vn\/index.php?rest_route=\/wp\/v2\/media\/1754"}],"wp:attachment":[{"href":"https:\/\/autothaiduong.vn\/index.php?rest_route=%2Fwp%2Fv2%2Fmedia&parent=1753"}],"wp:term":[{"taxonomy":"product_brand","embeddable":true,"href":"https:\/\/autothaiduong.vn\/index.php?rest_route=%2Fwp%2Fv2%2Fproduct_brand&post=1753"},{"taxonomy":"product_cat","embeddable":true,"href":"https:\/\/autothaiduong.vn\/index.php?rest_route=%2Fwp%2Fv2%2Fproduct_cat&post=1753"},{"taxonomy":"product_tag","embeddable":true,"href":"https:\/\/autothaiduong.vn\/index.php?rest_route=%2Fwp%2Fv2%2Fproduct_tag&post=1753"}],"curies":[{"name":"wp","href":"https:\/\/api.w.org\/{rel}","templated":true}]}}