{"id":1774,"date":"2025-05-15T16:17:09","date_gmt":"2025-05-15T16:17:09","guid":{"rendered":"https:\/\/autothaiduong.vn\/?post_type=product&#038;p=1774"},"modified":"2025-05-15T16:17:31","modified_gmt":"2025-05-15T16:17:31","slug":"bi-led-titan-cb150-hp","status":"publish","type":"product","link":"https:\/\/autothaiduong.vn\/?product=bi-led-titan-cb150-hp","title":{"rendered":"BI LED TITAN CB150 HP"},"content":{"rendered":"<p><img loading=\"lazy\" decoding=\"async\" class=\" wp-image-1537 aligncenter\" src=\"https:\/\/autothaiduong.vn\/wp-content\/uploads\/2025\/05\/z6584734442481_f208f5944548cb4b46353402ce2e64e0-1.jpg\" alt=\"\" width=\"288\" height=\"255\" \/><\/p>\n<p style=\"text-align: center;\"><span style=\"font-size: 150%; color: #ff0000;\"><strong>273-275 Tr\u1ea7n Ph\u00fa Ph\u01b0\u1eddng L\u1ed9c S\u01a1n Th\u00e0nh Ph\u1ed1 B\u1ea3o L\u1ed9c T\u1ec9nh L\u00e2m \u0110\u1ed3ng<\/strong><\/span><\/p>\n<p style=\"text-align: center;\"><span style=\"font-size: 150%; color: #ff0000;\"><strong> Hotline: 0912197441<\/strong><\/span><\/p>\n<p><img loading=\"lazy\" decoding=\"async\" class=\"alignnone size-full wp-image-1776\" src=\"https:\/\/autothaiduong.vn\/wp-content\/uploads\/2025\/05\/13-12-2023-0-1702440665-1.jpg\" alt=\"BI LED TITAN CB150 HP\u00a0\" width=\"800\" height=\"800\" srcset=\"https:\/\/autothaiduong.vn\/wp-content\/uploads\/2025\/05\/13-12-2023-0-1702440665-1.jpg 800w, https:\/\/autothaiduong.vn\/wp-content\/uploads\/2025\/05\/13-12-2023-0-1702440665-1-600x600.jpg 600w, https:\/\/autothaiduong.vn\/wp-content\/uploads\/2025\/05\/13-12-2023-0-1702440665-1-300x300.jpg 300w, https:\/\/autothaiduong.vn\/wp-content\/uploads\/2025\/05\/13-12-2023-0-1702440665-1-768x768.jpg 768w, https:\/\/autothaiduong.vn\/wp-content\/uploads\/2025\/05\/13-12-2023-0-1702440665-1-100x100.jpg 100w\" sizes=\"auto, (max-width: 800px) 100vw, 800px\" \/><\/p>\n<p>M\u1ed9t si\u00eau ph\u1ea9m m\u1edbi ra m\u1eaft l\u00e0m \u201cd\u1eady s\u00f3ng\u201d th\u1ecb tr\u01b0\u1eddng t\u0103ng s\u00e1ng v\u00e0o \u0111\u1ea7u th\u00e1ng 9\/2023 &#8211; Titan CB150 HP. Titan CB150 HP mang \u0111\u1ebfn nh\u1eefng c\u00f4ng ngh\u1ec7 \u00e1nh s\u00e1ng \u0111\u1eb7c bi\u1ec7t, \u0111\u00e1p \u1ee9ng c\u00e1c ti\u00eau ch\u00ed c\u1ee7a nhi\u1ec1u kh\u00e1ch h\u00e0ng chuy\u00ean s\u1eed d\u1ee5ng \u00e1nh s\u00e1ng Pha. V\u1edbi \u01b0u th\u1ebf v\u1ec1 gi\u00e1 th\u00e0nh v\u00e0 c\u00f4ng\u00a0 ngh\u1ec7, Titan CB150 HP h\u1ee9a h\u1eb9n s\u1ebd l\u00e0 \u0111\u1ed1i th\u1ee7 n\u1eb7ng k\u00fd c\u1ee7a nhi\u1ec1u d\u00f2ng \u0111\u00e8n t\u0103ng s\u00e1ng tr\u00ean th\u1ecb tr\u01b0\u1eddng.<\/p>\n<p>&nbsp;<\/p>\n<h2 id=\"Thiet-ke-hien-dai\"><strong><a id=\"1-thi--t-k--hi--n---i\" class=\"toc-a-tag\"><\/a>1. Thi\u1ebft k\u1ebf hi\u1ec7n \u0111\u1ea1i<\/strong><\/h2>\n<h3 id=\"Body-ca-tinh\"><a id=\"1-1-body-c--t-nh\" class=\"toc-a-tag\"><\/a>1.1. Body c\u00e1 t\u00ednh<\/h3>\n<p>Titan CB150 HP c\u00f3 thi\u1ebft k\u1ebf n\u1ed5i tr\u1ed9i v\u00e0 c\u00f3 ph\u1ea7n c\u00e1 t\u00ednh. CB150 HP c\u00f3 k\u00edch th\u01b0\u1edbc t\u1ed5ng th\u1ec3 thon g\u1ecdn, gi\u00fap vi\u1ec7c l\u1eafp \u0111\u1eb7t tr\u1edf n\u00ean d\u1ec5 d\u00e0ng h\u01a1n tr\u00ean nhi\u1ec1u d\u00f2ng xe. Body \u0111\u01b0\u1ee3c ch\u1ebf t\u00e1c t\u1eeb Aluminum, v\u1eadt li\u1ec7u Nh\u00f4m cao c\u1ea5p, gi\u00fap t\u0103ng \u0111\u1ed9 c\u1ee9ng c\u00e1p v\u00e0 b\u1ec1n b\u1ec9 c\u1ee7a s\u1ea3n ph\u1ea9m tr\u00e1nh c\u00e1c t\u00e1c nh\u00e2n g\u00e2y \u1ea3nh h\u01b0\u1edfng \u0111\u1ebfn \u0111\u00e8n nh\u01b0 t\u00e1c \u0111\u1ed9ng ngo\u1ea1i l\u1ef1c hay oxy h\u00f3a.<\/p>\n<p><img loading=\"lazy\" decoding=\"async\" class=\"alignnone size-full wp-image-1777\" src=\"https:\/\/autothaiduong.vn\/wp-content\/uploads\/2025\/05\/13-12-2023-4-1702440668-5.jpg\" width=\"800\" height=\"800\" srcset=\"https:\/\/autothaiduong.vn\/wp-content\/uploads\/2025\/05\/13-12-2023-4-1702440668-5.jpg 800w, https:\/\/autothaiduong.vn\/wp-content\/uploads\/2025\/05\/13-12-2023-4-1702440668-5-600x600.jpg 600w, https:\/\/autothaiduong.vn\/wp-content\/uploads\/2025\/05\/13-12-2023-4-1702440668-5-300x300.jpg 300w, https:\/\/autothaiduong.vn\/wp-content\/uploads\/2025\/05\/13-12-2023-4-1702440668-5-768x768.jpg 768w, https:\/\/autothaiduong.vn\/wp-content\/uploads\/2025\/05\/13-12-2023-4-1702440668-5-100x100.jpg 100w\" sizes=\"auto, (max-width: 800px) 100vw, 800px\" \/><\/p>\n<h3 id=\"Lens-3-inch\"><a id=\"1-2-lens-3-0-inch\" class=\"toc-a-tag\"><\/a>1.2. Lens 3.0 inch<\/h3>\n<p>Thi\u1ebft k\u1ebf c\u1ee7a \u0111\u00e8n Titan CB150 l\u00e0m \u0111a d\u1ea1ng th\u00eam \u201ch\u1ec7 sinh th\u00e1i\u201d \u0111\u00e8n t\u0103ng s\u00e1ng c\u1ee7a th\u1ecb tr\u01b0\u1eddng n\u00e2ng c\u1ea5p \u00e1nh s\u00e1ng Vi\u1ec7t Nam. K\u00edch th\u01b0\u1edbc Lens 3.0 inch, \u0111\u00e1p \u1ee9ng cho \u0111\u1ea1i \u0111a s\u1ed1 c\u00e1c d\u00f2ng xe tr\u00ean th\u1ecb tr\u01b0\u1eddng. CP150 HP s\u1eed d\u1ee5ng c\u00f4ng ngh\u1ec7 Lens AR, c\u00f4ng ngh\u1ec7 tr\u00e1ng ph\u1ee7 Lens cao c\u1ea5p gi\u00fap \u00e1nh s\u00e1ng gia t\u0103ng hi\u1ec7u qu\u1ea3 b\u00e1m \u0111\u01b0\u1eddng.<\/p>\n<p><img loading=\"lazy\" decoding=\"async\" class=\"alignnone size-full wp-image-1778\" src=\"https:\/\/autothaiduong.vn\/wp-content\/uploads\/2025\/05\/13-12-2023-1-1702440666-2-1.jpg\" width=\"800\" height=\"800\" srcset=\"https:\/\/autothaiduong.vn\/wp-content\/uploads\/2025\/05\/13-12-2023-1-1702440666-2-1.jpg 800w, https:\/\/autothaiduong.vn\/wp-content\/uploads\/2025\/05\/13-12-2023-1-1702440666-2-1-600x600.jpg 600w, https:\/\/autothaiduong.vn\/wp-content\/uploads\/2025\/05\/13-12-2023-1-1702440666-2-1-300x300.jpg 300w, https:\/\/autothaiduong.vn\/wp-content\/uploads\/2025\/05\/13-12-2023-1-1702440666-2-1-768x768.jpg 768w, https:\/\/autothaiduong.vn\/wp-content\/uploads\/2025\/05\/13-12-2023-1-1702440666-2-1-100x100.jpg 100w\" sizes=\"auto, (max-width: 800px) 100vw, 800px\" \/><\/p>\n<p>\u0110\u1eb7c bi\u1ec7t, lens c\u1ee7a CB150 HP c\u00f2n \u0111\u01b0\u1ee3c thi\u1ebft k\u1ebf th\u00eam 2 m\u1eaft tr\u1ee3 Pha kh\u00f4ng ch\u1ec9 t\u1ea1o th\u00eam n\u00e9t c\u00e1 t\u00ednh cho \u0111\u00e8n m\u00e0 c\u00f2n t\u0103ng cao hi\u1ec7u qu\u1ea3 chi\u1ebfu s\u00e1ng c\u1ee7a 2 chip LED ho\u1ea1t \u0111\u1ed9ng \u1edf ch\u1ebf \u0111\u1ed9 chi\u1ebfu xa, gi\u00fap Titan CB150 HP, \u0111\u1ea1t kh\u1ea3 n\u0103ng chi\u1ebfu s\u00e1ng v\u01b0\u1ee3t tr\u1ed9i.<\/p>\n<h3 id=\"He-thong-tan-nhiet-doc-lap\"><a id=\"1-3-h--th--ng-t--n-nhi--t---c-l--p\" class=\"toc-a-tag\"><\/a>1.3 H\u1ec7 th\u1ed1ng t\u1ea3n nhi\u1ec7t \u0111\u1ed9c l\u1eadp<\/h3>\n<p>V\u00ec l\u00e0 d\u00f2ng \u0111\u00e8n chuy\u00ean Pha n\u00ean h\u1ec7 th\u1ed1ng t\u1ea3n nhi\u1ec7t c\u1ee7a CB150 HP \u0111\u01b0\u1ee3c t\u1ed1i \u01b0u \u0111\u1ec3 \u0111\u1ea1t \u0111\u01b0\u1ee3c hi\u1ec7u qu\u1ea3 t\u1ed1t nh\u1ea5t. Titan CB150 HP \u0111\u01b0\u1ee3c thi\u1ebft k\u1ebf v\u1edbi c\u00f4ng ngh\u1ec7 t\u1ea3n nhi\u1ec7t Cos\/Pha ri\u00eang bi\u1ec7t, mang l\u1ea1i hi\u1ec7u qu\u1ea3 ho\u1ea1t \u0111\u1ed9ng cao cho \u0111\u00e8n.<\/p>\n<p><img loading=\"lazy\" decoding=\"async\" class=\"alignnone size-full wp-image-1779\" src=\"https:\/\/autothaiduong.vn\/wp-content\/uploads\/2025\/05\/13-12-2023-3-1702440668-4.jpg\" width=\"800\" height=\"800\" srcset=\"https:\/\/autothaiduong.vn\/wp-content\/uploads\/2025\/05\/13-12-2023-3-1702440668-4.jpg 800w, https:\/\/autothaiduong.vn\/wp-content\/uploads\/2025\/05\/13-12-2023-3-1702440668-4-600x600.jpg 600w, https:\/\/autothaiduong.vn\/wp-content\/uploads\/2025\/05\/13-12-2023-3-1702440668-4-300x300.jpg 300w, https:\/\/autothaiduong.vn\/wp-content\/uploads\/2025\/05\/13-12-2023-3-1702440668-4-768x768.jpg 768w, https:\/\/autothaiduong.vn\/wp-content\/uploads\/2025\/05\/13-12-2023-3-1702440668-4-100x100.jpg 100w\" sizes=\"auto, (max-width: 800px) 100vw, 800px\" \/><\/p>\n<ul>\n<li aria-level=\"1\">T\u1ea3n nhi\u1ec7t Cos: CB150 HP s\u1eed d\u1ee5ng ch\u1ea5t li\u1ec7u Aluminum nguy\u00ean kh\u1ed1i \u0111\u1ec3 t\u1ea3n nhi\u1ec7t cho 6 chip LED l\u1edbn \u0111\u01b0\u1ee3c \u0111\u1eb7t tr\u00ean \u0111\u1ebfn \u0111\u1ed3ng. Kh\u1ed1i Aluminum n\u00e0y \u0111\u01b0\u1ee3c d\u1eadp th\u00e0nh nhi\u1ec1u l\u00e1 m\u1ecfng, t\u1ea1o c\u00e1c kho\u1ea3ng tr\u1ed1ng \u0111\u1ec3 t\u0103ng di\u1ec7n t\u00edch ti\u1ebfp x\u00fac v\u1edbi kh\u00f4ng kh\u00ed, t\u1ea1o \u0111i\u1ec1u ki\u1ec7n \u0111\u1ec3 c\u00e1c lu\u1ed3ng kh\u00ed m\u00e1t nhanh ch\u00f3ng \u0111\u01b0\u1ee3c \u0111\u01b0a v\u00e0o b\u00ean trong \u0111\u00e8n.<\/li>\n<li aria-level=\"1\">T\u1ea3n nhi\u1ec7t Pha: 1+1 chip LED Osram \u0111\u01b0\u1ee3c thi\u1ebft k\u1ebf ri\u00eang kh\u1ed1i Aluminum \u0111\u1ec3 t\u1ea3n nhi\u1ec7t. K\u1ebft h\u1ee3p c\u00f9ng hai \u1ed1ng \u0111\u1ed3ng k\u00e9o d\u00e0i \u0111\u1ebfn c\u00e1nh qu\u1ea1t \u0111\u1ec3 d\u1eabn \u0111\u1ebfn h\u1ec7 th\u1ed1ng qu\u1ea1t c\u1ee7a \u0111\u00e8n. Ch\u00ednh v\u00ec th\u1ebf, d\u00f9 cho c\u00f4ng su\u1ea5t ho\u1ea1t \u0111\u1ed9ng Pha cao nh\u01b0ng CB150 HP v\u1eabn c\u00f3 th\u1ec3 duy tr\u00ec s\u1ef1 \u1ed5n \u0111\u1ecbnh.<\/li>\n<li aria-level=\"1\">H\u1ec7 th\u1ed1ng qu\u1ea1t t\u1ea3n nhi\u1ec7t: Qu\u1ea1t t\u1ea3n nhi\u1ec7t c\u1ee7a Titan CB150 HP \u0111\u01b0\u1ee3c h\u00e3ng t\u1ed1i \u01b0u thi\u1ebft k\u1ebf v\u1edbi 7 c\u00e1nh qu\u1ea1t gi\u00fap \u0111\u1ea9y nhanh qu\u00e1 tr\u00ecnh t\u1ea3n nhi\u1ec7t nh\u01b0ng v\u1eabn gi\u1eef \u0111\u01b0\u1ee3c \u0111\u1ed9 \u00eam \u00e1i khi ho\u1ea1t \u0111\u1ed9ng. H\u1ec7 th\u1ed1ng qu\u1ea1t t\u1ea3n nhi\u1ec7t \u0111\u00f3ng vai tr\u00f2 quan tr\u1ecdng trong vi\u1ec7c duy tr\u00ec l\u01b0\u1ee3ng kh\u00ed m\u00e1t v\u00e0o b\u00ean trong \u0111\u00e8n \u0111\u1ec3 h\u1ea1 l\u01b0\u1ee3ng nhi\u1ec7t n\u0103ng s\u1ea3n sinh khi \u0111\u00e8n ho\u1ea1t \u0111\u1ed9ng.<\/li>\n<\/ul>\n<p>&nbsp;<\/p>\n<h2 id=\"Cau-hinh-anh-sang\"><a id=\"2-c--u-h-nh--nh-s-ng\" class=\"toc-a-tag\"><\/a>2. C\u1ea5u h\u00ecnh \u00e1nh s\u00e1ng<\/h2>\n<p><img loading=\"lazy\" decoding=\"async\" class=\"alignnone size-full wp-image-1780\" src=\"https:\/\/autothaiduong.vn\/wp-content\/uploads\/2025\/05\/13-12-2023-2-1702440667-3.jpg\" width=\"800\" height=\"800\" srcset=\"https:\/\/autothaiduong.vn\/wp-content\/uploads\/2025\/05\/13-12-2023-2-1702440667-3.jpg 800w, https:\/\/autothaiduong.vn\/wp-content\/uploads\/2025\/05\/13-12-2023-2-1702440667-3-600x600.jpg 600w, https:\/\/autothaiduong.vn\/wp-content\/uploads\/2025\/05\/13-12-2023-2-1702440667-3-300x300.jpg 300w, https:\/\/autothaiduong.vn\/wp-content\/uploads\/2025\/05\/13-12-2023-2-1702440667-3-768x768.jpg 768w, https:\/\/autothaiduong.vn\/wp-content\/uploads\/2025\/05\/13-12-2023-2-1702440667-3-100x100.jpg 100w\" sizes=\"auto, (max-width: 800px) 100vw, 800px\" \/><\/p>\n<p>Titan CB150 HP \u0111\u01b0\u1ee3c trang b\u1ecb c\u1ea5u h\u00ecnh \u00e1nh s\u00e1ng v\u1edbi 6 chip LED l\u1edbn \u1edf ch\u00f3a ph\u1ea3n x\u1ea1 ch\u00ednh, cho c\u00f4ng su\u1ea5t 45W ho\u1ea1t \u0111\u1ed9ng cho ch\u1ebf \u0111\u1ed9 chi\u1ebfu g\u1ea7n (Cos). \u0110\u1eb7c bi\u1ec7t, 1+1 chip LED \u0111\u01b0\u1ee3c b\u1ed1 tr\u00ed \u1edf v\u1ecb tr\u00ed m\u1eaft tr\u1ee3 Pha, nh\u1edd s\u1eed d\u1ee5ng chip LED Osram cao c\u1ea5p v\u00e0 ch\u1ec9 ho\u1ea1t \u0111\u1ed9ng \u1edf ch\u1ebf \u0111\u1ed9 chi\u1ebfu xa (ch\u1ebf \u0111\u1ed9 Pha) m\u00e0 hai chip LED n\u00e0y ho\u1ea1t \u0111\u1ed9ng v\u00f4 c\u00f9ng m\u1ea1nh m\u1ebd, c\u00f4ng su\u1ea5t l\u00ean \u0111\u1ebfn 75W. C\u00f4ng ngh\u1ec7 n\u00e0y gi\u00fap Titan CB150 HP tr\u1edf th\u00e0nh d\u00f2ng bi LED c\u00f3 \u00e1nh s\u00e1ng Pha v\u00f4 c\u00f9ng m\u1ea1nh m\u1ebd, \u0111\u00e1p \u1ee9ng nh\u1eefng ti\u00eau ch\u00ed \u00e1nh s\u00e1ng cho nh\u1eefng ng\u01b0\u1eddi chuy\u00ean s\u1eed d\u1ee5ng \u00e1nh s\u00e1ng Pha khi di chuy\u1ec3n \u0111\u01b0\u1eddng xa.<\/p>\n<p>&nbsp;<\/p>\n<h2 id=\"Nhiet-mau-5800K\"><a id=\"3-nhi--t-m-u-5800k-c--a---n-bi-led-titan-cb150-hp\" class=\"toc-a-tag\"><\/a>3. Nhi\u1ec7t m\u00e0u 5800K c\u1ee7a \u0111\u00e8n Bi LED Titan CB150 HP<\/h2>\n<p>Titan CB150 HP thu\u1ed9c nh\u00f3m nhi\u1ec7t m\u00e0u, \u00e1nh s\u00e1ng thi\u00ean v\u1ec1 m\u00e0u tr\u1eafng. Nhi\u1ec7t m\u00e0u 5800K gi\u00fap \u00e1nh s\u00e1ng c\u1ee7a CB150 HP c\u00f3 \u00e1nh s\u00e1ng t\u01b0\u01a1ng t\u1ef1 nh\u01b0 \u00e1nh s\u00e1ng c\u1ee7a ban ng\u00e0y, t\u1ea1o v\u00f9ng s\u00e1ng m\u1ea1nh m\u1ebd v\u00e0 d\u1ec5 quan s\u00e1t cho t\u00e0i x\u1ebf khi xe di chuy\u1ec3n v\u00e0o v\u00f9ng thi\u1ebfu s\u00e1ng. Trong nh\u1eefng \u0111i\u1ec1u ki\u1ec7n th\u01b0\u1eddng, \u00e1nh s\u00e1ng c\u1ee7a CB150 HP s\u1ebd gi\u00fap c\u00e1c b\u00e1c t\u00e0i c\u00f3 v\u00f9ng quan s\u00e1t t\u1ed1t, c\u00f3 th\u1ec3 ph\u00e1t hi\u1ec7n s\u1edbm c\u00e1c v\u1eadt c\u1ea3n tr\u00ean \u0111\u01b0\u1eddng \u0111\u1ec3 k\u1ecbp x\u1eed l\u00fd v\u00e0 tr\u00e1nh \u0111\u01b0\u1ee3c c\u00e1c s\u1ef1 c\u1ed1 kh\u00f4ng mong mu\u1ed1n.<\/p>\n<p>&nbsp;<\/p>\n<h2 id=\"Anh-sang-thuc-the\"><a id=\"4--nh-s-ng-th--c-th--c--a-titan-cb150-hp\" class=\"toc-a-tag\"><\/a>4. \u00c1nh s\u00e1ng th\u1ef1c th\u1ebf c\u1ee7a Titan CB150 HP<\/h2>\n<h3 id=\"Anh-sang-Cos-on-dinh\"><a id=\"4-1--nh-s-ng-cos--n---nh\" class=\"toc-a-tag\"><\/a>4.1. \u00c1nh s\u00e1ng Cos \u1ed5n \u0111\u1ecbnh<\/h3>\n<p>Khi s\u1eed d\u1ee5ng \u00e1nh s\u00e1ng Cos c\u1ee7a CB150 HP, 6 chip LED l\u1edbn \u1edf ch\u00f3a ph\u1ea3n x\u1ea1 ch\u00ednh s\u1ebd ho\u1ea1t \u0111\u1ed9ng v\u1edbi c\u00f4ng su\u1ea5t 45W. C\u00f3 th\u1ec3 Titan CB150 HP kh\u00f4ng ph\u1ea3i l\u00e0 s\u1ea3n ph\u1ea9m c\u00f3 \u00e1nh s\u00e1ng Cos t\u1ed1t nh\u1ea5t nh\u01b0ng v\u1eabn duy tr\u00ec \u0111\u01b0\u1ee3c s\u1ef1 \u1ed5n \u0111\u1ecbnh v\u00e0 t\u1ea7m quan s\u00e1t c\u1ea7n thi\u1ebft cho t\u00e0i x\u1ebf. T\u1ea1i t\u00e2m, \u00e1nh s\u00e1ng c\u00f3 \u0111\u1ed9 \u0111\u00e2m v\u00e0 b\u00e1m \u0111\u01b0\u1eddng, gi\u00fap t\u00e0i x\u1ebf c\u00f3 s\u1ef1 t\u1eadp trung khi quan s\u00e1t.<\/p>\n<p><img loading=\"lazy\" decoding=\"async\" class=\"alignnone size-full wp-image-1781\" src=\"https:\/\/autothaiduong.vn\/wp-content\/uploads\/2025\/05\/8-1.jpeg\" width=\"1280\" height=\"1280\" srcset=\"https:\/\/autothaiduong.vn\/wp-content\/uploads\/2025\/05\/8-1.jpeg 1280w, https:\/\/autothaiduong.vn\/wp-content\/uploads\/2025\/05\/8-1-600x600.jpeg 600w, https:\/\/autothaiduong.vn\/wp-content\/uploads\/2025\/05\/8-1-1024x1024.jpeg 1024w, https:\/\/autothaiduong.vn\/wp-content\/uploads\/2025\/05\/8-1-300x300.jpeg 300w, https:\/\/autothaiduong.vn\/wp-content\/uploads\/2025\/05\/8-1-768x768.jpeg 768w, https:\/\/autothaiduong.vn\/wp-content\/uploads\/2025\/05\/8-1-100x100.jpeg 100w\" sizes=\"auto, (max-width: 1280px) 100vw, 1280px\" \/><\/p>\n<p>&nbsp;<\/p>\n<h3 id=\"Anh-sang-Pha-vuot-troi\"><a id=\"4-2--nh-s-ng-pha-v---t-tr--i\" class=\"toc-a-tag\"><\/a>4.2. \u00c1nh s\u00e1ng Pha v\u01b0\u1ee3t tr\u1ed9i<\/h3>\n<p>\u00c1nh s\u00e1ng Pha c\u1ee7a CB150 HP v\u00f4 c\u00f9ng m\u1ea1nh m\u1ebd, c\u00f3 th\u1ec3 so s\u00e1nh v\u1edbi nhi\u1ec1u d\u00f2ng \u0111\u00e8n bi LASER ph\u00e2n kh\u00fac t\u1ea7m trung tr\u00ean th\u1ecb tr\u01b0\u1eddng, \u0111\u00e2y l\u00e0 k\u1ebft qu\u1ea3 nh\u1edd v\u00e0o c\u00e1ch b\u1ed1 tr\u00ed c\u1ea5u h\u00ecnh \u00e1nh s\u00e1ng c\u1ee7a \u0111\u00e8n Titan CB150 HP. 6 chip LED l\u1edbn t\u1ea1o \u0111\u1ed9 r\u1ed9ng c\u1ee7a \u00e1nh s\u00e1ng, k\u1ebft h\u1ee3p c\u00f9ng 1+1 chip LED Osram cho \u00e1nh s\u00e1ng Pha c\u1ef1c kh\u1ee7ng, \u0111\u1ea1t \u0111\u1ed9 chi\u1ebfu xa \u1ea5n t\u01b0\u1ee3ng, \u0111\u00e1p \u1ee9ng nhu c\u1ea7u c\u1ee7a ng\u01b0\u1eddi chuy\u00ean \u0111i Pha.<\/p>\n<p><img loading=\"lazy\" decoding=\"async\" class=\"alignnone size-full wp-image-1782\" src=\"https:\/\/autothaiduong.vn\/wp-content\/uploads\/2025\/05\/9-2.jpeg\" width=\"1280\" height=\"1280\" srcset=\"https:\/\/autothaiduong.vn\/wp-content\/uploads\/2025\/05\/9-2.jpeg 1280w, https:\/\/autothaiduong.vn\/wp-content\/uploads\/2025\/05\/9-2-600x600.jpeg 600w, https:\/\/autothaiduong.vn\/wp-content\/uploads\/2025\/05\/9-2-1024x1024.jpeg 1024w, https:\/\/autothaiduong.vn\/wp-content\/uploads\/2025\/05\/9-2-300x300.jpeg 300w, https:\/\/autothaiduong.vn\/wp-content\/uploads\/2025\/05\/9-2-768x768.jpeg 768w, https:\/\/autothaiduong.vn\/wp-content\/uploads\/2025\/05\/9-2-100x100.jpeg 100w\" sizes=\"auto, (max-width: 1280px) 100vw, 1280px\" \/><\/p>\n<h2 id=\"Ket-hop-anh-sang\"><a id=\"5-k--t-h--p--nh-s-ng\" class=\"toc-a-tag\"><\/a>5. K\u1ebft h\u1ee3p \u00e1nh s\u00e1ng<\/h2>\n<p>V\u00ec l\u00e0 m\u1ed9t s\u1ea3n ph\u1ea9m chuy\u00ean \u0111i Pha, Titan CB150 HP c\u00f3 th\u1ec3 ch\u01b0a \u0111\u00e1p \u1ee9ng \u0111\u01b0\u1ee3c y\u00eau c\u1ea7u v\u1ec1 \u00e1nh s\u00e1ng Cos c\u1ee7a m\u1ed9t s\u1ed1 kh\u00e1ch h\u00e0ng. Tuy nhi\u00ean, v\u1edbi thi\u1ebft k\u1ebf body thon g\u1ecdn, kh\u00e1ch h\u00e0ng ho\u00e0n to\u00e0n c\u00f3 th\u1ec3 l\u1ef1a ch\u1ecdn l\u1eafp \u0111\u1eb7t CB150 HP c\u00f9ng v\u1edbi nh\u1eefng s\u1ea3n ph\u1ea9m kh\u00e1c c\u00f3 th\u1ebf m\u1ea1nh v\u1ec1 \u00e1nh s\u00e1ng Cos nh\u01b0 V30 Ultra, V20 Ultra 2023,..<\/p>\n","protected":false},"excerpt":{"rendered":"<p><span style=\"color: #ff0000;\"><strong>Auto Th\u00e1i D\u01b0\u01a1ng<\/strong><\/span> &#8211; \u0110\u1ea1i l\u00ed ch\u00ednh h\u00e3ng <strong>Titan<\/strong> t\u1ea1i <strong>TP.B\u1ea3o L\u1ed9c<\/strong><\/p>\n<p><strong>Hotline: 0912197441<\/strong><\/p>\n","protected":false},"featured_media":1778,"comment_status":"open","ping_status":"closed","template":"","meta":[],"product_brand":[28],"product_cat":[16,26],"product_tag":[],"class_list":{"0":"post-1774","1":"product","2":"type-product","3":"status-publish","4":"has-post-thumbnail","6":"product_brand-titan","7":"product_cat-anh-sang","8":"product_cat-bi-led","10":"first","11":"instock","12":"sale","13":"shipping-taxable","14":"purchasable","15":"product-type-simple"},"_links":{"self":[{"href":"https:\/\/autothaiduong.vn\/index.php?rest_route=\/wp\/v2\/product\/1774","targetHints":{"allow":["GET"]}}],"collection":[{"href":"https:\/\/autothaiduong.vn\/index.php?rest_route=\/wp\/v2\/product"}],"about":[{"href":"https:\/\/autothaiduong.vn\/index.php?rest_route=\/wp\/v2\/types\/product"}],"replies":[{"embeddable":true,"href":"https:\/\/autothaiduong.vn\/index.php?rest_route=%2Fwp%2Fv2%2Fcomments&post=1774"}],"wp:featuredmedia":[{"embeddable":true,"href":"https:\/\/autothaiduong.vn\/index.php?rest_route=\/wp\/v2\/media\/1778"}],"wp:attachment":[{"href":"https:\/\/autothaiduong.vn\/index.php?rest_route=%2Fwp%2Fv2%2Fmedia&parent=1774"}],"wp:term":[{"taxonomy":"product_brand","embeddable":true,"href":"https:\/\/autothaiduong.vn\/index.php?rest_route=%2Fwp%2Fv2%2Fproduct_brand&post=1774"},{"taxonomy":"product_cat","embeddable":true,"href":"https:\/\/autothaiduong.vn\/index.php?rest_route=%2Fwp%2Fv2%2Fproduct_cat&post=1774"},{"taxonomy":"product_tag","embeddable":true,"href":"https:\/\/autothaiduong.vn\/index.php?rest_route=%2Fwp%2Fv2%2Fproduct_tag&post=1774"}],"curies":[{"name":"wp","href":"https:\/\/api.w.org\/{rel}","templated":true}]}}