{"id":1795,"date":"2025-05-15T16:25:40","date_gmt":"2025-05-15T16:25:40","guid":{"rendered":"https:\/\/autothaiduong.vn\/?post_type=product&#038;p=1795"},"modified":"2025-05-15T16:26:03","modified_gmt":"2025-05-15T16:26:03","slug":"bi-led-henvvei-l85-pro","status":"publish","type":"product","link":"https:\/\/autothaiduong.vn\/?product=bi-led-henvvei-l85-pro","title":{"rendered":"BI LED HENVVEI L85 PRO"},"content":{"rendered":"<p><img loading=\"lazy\" decoding=\"async\" class=\" wp-image-1537 aligncenter\" src=\"https:\/\/autothaiduong.vn\/wp-content\/uploads\/2025\/05\/z6584734442481_f208f5944548cb4b46353402ce2e64e0-1.jpg\" alt=\"\" width=\"290\" height=\"257\" \/><\/p>\n<p style=\"text-align: center;\"><span style=\"color: #ff0000; font-size: 150%;\"><strong>273-275 Tr\u1ea7n Ph\u00fa Ph\u01b0\u1eddng L\u1ed9c S\u01a1n Th\u00e0nh Ph\u1ed1 B\u1ea3o L\u1ed9c T\u1ec9nh L\u00e2m \u0110\u1ed3ng<\/strong><\/span><\/p>\n<p style=\"text-align: center;\"><span style=\"color: #ff0000; font-size: 150%;\"><strong> Hotline: 0912197441<\/strong><\/span><\/p>\n<p><img loading=\"lazy\" decoding=\"async\" class=\"alignnone size-full wp-image-1801\" src=\"https:\/\/autothaiduong.vn\/wp-content\/uploads\/2025\/05\/19-06-2024-2-1718794758-6.jpg\" alt=\"BI LED HENVVEI L85 PRO\" width=\"800\" height=\"800\" srcset=\"https:\/\/autothaiduong.vn\/wp-content\/uploads\/2025\/05\/19-06-2024-2-1718794758-6.jpg 800w, https:\/\/autothaiduong.vn\/wp-content\/uploads\/2025\/05\/19-06-2024-2-1718794758-6-600x600.jpg 600w, https:\/\/autothaiduong.vn\/wp-content\/uploads\/2025\/05\/19-06-2024-2-1718794758-6-300x300.jpg 300w, https:\/\/autothaiduong.vn\/wp-content\/uploads\/2025\/05\/19-06-2024-2-1718794758-6-768x768.jpg 768w, https:\/\/autothaiduong.vn\/wp-content\/uploads\/2025\/05\/19-06-2024-2-1718794758-6-100x100.jpg 100w\" sizes=\"auto, (max-width: 800px) 100vw, 800px\" \/><\/p>\n<h2><a id=\"1-h-nh--nh--nh-s-ng-th--c-t--c--a-bi-led-henvvei-l85-pro\" class=\"toc-a-tag\"><\/a>1. H\u00ecnh \u1ea3nh \u00e1nh s\u00e1ng th\u1ef1c t\u1ebf c\u1ee7a Bi LED Henvvei L85 Pro<\/h2>\n<h3><a id=\"1-1-h-nh--nh--nh-s-ng-th--c-t--cos-c--a-bi-led-henvvei-l85-pro\" class=\"toc-a-tag\"><\/a>1.1 H\u00ecnh \u1ea3nh \u00e1nh s\u00e1ng th\u1ef1c t\u1ebf Cos c\u1ee7a Bi LED Henvvei L85 Pro<\/h3>\n<p>&#8211; Test b\u1ea3ng canh \u0111\u00e8n (\u0110ang c\u1eadp nh\u1eadt)<\/p>\n<p>&#8211; Test th\u1ef1c t\u1ebf<\/p>\n<p><img loading=\"lazy\" decoding=\"async\" class=\"alignnone size-full wp-image-1802\" src=\"https:\/\/autothaiduong.vn\/wp-content\/uploads\/2025\/05\/cos-12.jpg\" alt=\"\" width=\"1280\" height=\"1280\" srcset=\"https:\/\/autothaiduong.vn\/wp-content\/uploads\/2025\/05\/cos-12.jpg 1280w, https:\/\/autothaiduong.vn\/wp-content\/uploads\/2025\/05\/cos-12-600x600.jpg 600w, https:\/\/autothaiduong.vn\/wp-content\/uploads\/2025\/05\/cos-12-1024x1024.jpg 1024w, https:\/\/autothaiduong.vn\/wp-content\/uploads\/2025\/05\/cos-12-300x300.jpg 300w, https:\/\/autothaiduong.vn\/wp-content\/uploads\/2025\/05\/cos-12-768x768.jpg 768w, https:\/\/autothaiduong.vn\/wp-content\/uploads\/2025\/05\/cos-12-100x100.jpg 100w\" sizes=\"auto, (max-width: 1280px) 100vw, 1280px\" \/><\/p>\n<p><span style=\"font-family: Times New Roman, Times, serif;\"><i>\u00c1nh s\u00e1ng Cos<\/i><\/span><\/p>\n<p>Trong ch\u1ebf \u0111\u1ed9 Cos, Bi Led Henvvei L85 Pro \u0111em \u0111\u1ebfn m\u1ed9t tr\u1ea3i nghi\u1ec7m chi\u1ebfu s\u00e1ng c\u1ef1c \u0111\u1ec9nh m\u00e0 ng\u01b0\u1eddi d\u00f9ng s\u1ebd kh\u00f4ng ng\u1edd t\u1edbi. V\u1edbi c\u00f4ng su\u1ea5t l\u00ean \u0111\u1ebfn 60W, \u00e1nh s\u00e1ng ph\u00e1t ra m\u1ea1nh m\u1ebd, gi\u00fap t\u1ea1o ra m\u1ed9t t\u1ea7m nh\u00ecn r\u1ed9ng v\u00e0 b\u00e1m \u0111\u01b0\u1eddng t\u1ed1t h\u01a1n. Cung t\u1ecfa \u00e1nh s\u00e1ng r\u1ed9ng v\u1ec1 hai b\u00ean l\u00e0n \u0111\u01b0\u1eddng, s\u1ea3n ph\u1ea9m \u0111\u1ea3m b\u1ea3o bao qu\u00e1t t\u1ea7m nh\u00ecn cho t\u00e0i x\u1ebf khi di chuy\u1ec3n \u1edf nh\u1eefng cung \u0111\u01b0\u1eddng thi\u1ebfu s\u00e1ng. \u0110\u1eb7c bi\u1ec7t, vi\u1ec7c ph\u00e2n b\u1ed5 \u00e1nh s\u00e1ng t\u1eadp trung t\u1ea1i b\u1ee5ng s\u00e1ng gi\u00fap t\u00e0i x\u1ebf c\u00f3 t\u1ea7m nh\u00ecn r\u00f5 r\u00e0ng h\u01a1n v\u1ec1 ph\u00eda tr\u01b0\u1edbc, t\u1ea1o \u0111i\u1ec1u ki\u1ec7n an to\u00e0n t\u1ed1i \u0111a khi l\u00e1i xe.<\/p>\n<p>&#8211; H\u00ecnh \u1ea3nh l\u01b0u th\u00f4ng tr\u00ean \u0111\u01b0\u1eddng: (\u0110ang c\u1eadp nh\u1eadt)<\/p>\n<h3><a id=\"1-2-h-nh--nh-th--c-t--pha-c--a-bi-led-henvvei-l85-pro\" class=\"toc-a-tag\"><\/a>1.2 H\u00ecnh \u1ea3nh th\u1ef1c t\u1ebf Pha c\u1ee7a Bi LED Henvvei L85 Pro<\/h3>\n<p>&#8211; Test b\u1ea3ng canh \u0111\u00e8n (\u0110ang c\u1eadp nh\u1eadt)<\/p>\n<p>&#8211; Test th\u1ef1c t\u1ebf<\/p>\n<p><img loading=\"lazy\" decoding=\"async\" class=\"alignnone size-full wp-image-1803\" src=\"https:\/\/autothaiduong.vn\/wp-content\/uploads\/2025\/05\/pha-12.jpg\" alt=\"\" width=\"1280\" height=\"1280\" srcset=\"https:\/\/autothaiduong.vn\/wp-content\/uploads\/2025\/05\/pha-12.jpg 1280w, https:\/\/autothaiduong.vn\/wp-content\/uploads\/2025\/05\/pha-12-600x600.jpg 600w, https:\/\/autothaiduong.vn\/wp-content\/uploads\/2025\/05\/pha-12-1024x1024.jpg 1024w, https:\/\/autothaiduong.vn\/wp-content\/uploads\/2025\/05\/pha-12-300x300.jpg 300w, https:\/\/autothaiduong.vn\/wp-content\/uploads\/2025\/05\/pha-12-768x768.jpg 768w, https:\/\/autothaiduong.vn\/wp-content\/uploads\/2025\/05\/pha-12-100x100.jpg 100w\" sizes=\"auto, (max-width: 1280px) 100vw, 1280px\" \/><\/p>\n<p><span style=\"font-family: Times New Roman, Times, serif;\"><i>\u00c1nh s\u00e1ng Pha<\/i><\/span><\/p>\n<p>\u00c1nh s\u00e1ng Pha c\u1ee7a s\u1ea3n ph\u1ea9m n\u00e0y v\u01b0\u1ee3t tr\u1ed9i nh\u1edd v\u00e0o s\u1ef1 k\u1ebft h\u1ee3p c\u1ee7a ba ngu\u1ed3n ph\u00e1t s\u00e1ng, t\u1ea1o ra m\u1ed9t hi\u1ec7u \u1ee9ng chi\u1ebfu s\u00e1ng \u0111\u1ec9nh cao. Vi\u1ec7c n\u00e0y gi\u00fap Henvvei L85 Pro tr\u1edf th\u00e0nh l\u1ef1a ch\u1ecdn ho\u00e0n h\u1ea3o cho nh\u1eefng ng\u01b0\u1eddi th\u01b0\u1eddng xuy\u00ean di chuy\u1ec3n tr\u00ean c\u00e1c cung \u0111\u01b0\u1eddng \u0111\u00e8o ho\u1eb7c \u0111\u01b0\u1eddng cao t\u1ed1c, n\u01a1i y\u00eau c\u1ea7u \u00e1nh s\u00e1ng m\u1ea1nh m\u1ebd v\u00e0 bao qu\u00e1t \u0111\u1ec3 \u0111\u1ea3m b\u1ea3o an to\u00e0n t\u1ed1i \u0111a cho t\u00e0i x\u1ebf v\u00e0 h\u00e0nh kh\u00e1ch.<\/p>\n<p>Th\u00eam v\u00e0o \u0111\u00f3, Henvvei L85 Pro c\u00f2n \u0111\u01b0\u1ee3c trang b\u1ecb hai m\u1eaft tr\u1ee3 Pha c\u00f4ng ngh\u1ec7 m\u1edbi, gi\u00fap t\u1ed1i \u01b0u h\u00f3a kh\u1ea3 n\u0103ng chi\u1ebfu s\u00e1ng. \u0110\u1eb7c bi\u1ec7t, khi ho\u1ea1t \u0111\u1ed9ng \u1edf ch\u1ebf \u0111\u1ed9 Pha, \u00e1nh s\u00e1ng Pha c\u1ee7a bi LED Henvvei L85 Pro c\u00f3 nhi\u1ec7t m\u00e0u 3000K, t\u1ea1o ra m\u1ed9t \u00e1nh s\u00e1ng v\u00e0ng tinh t\u1ebf, t\u1eadp trung t\u1ea1i t\u00e2m \u0111i\u1ec3m, t\u0103ng c\u01b0\u1eddng kh\u1ea3 n\u0103ng chi\u1ebfu xa v\u00e0 m\u1edf r\u1ed9ng t\u1ea7m nh\u00ecn.<\/p>\n<p>&#8211; H\u00ecnh \u1ea3nh l\u01b0u th\u00f4ng tr\u00ean \u0111\u01b0\u1eddng: (\u0110ang c\u1eadp nh\u1eadt)<\/p>\n<h3>1.3 H\u00ecnh \u1ea3nh \u00e1nh s\u00e1ng th\u1ef1c t\u1ebf Cos\/Pha c\u1ee7a Bi LED Henvvei L85 Pro (\u0110ang c\u1eadp nh\u1eadt)<\/h3>\n<p>&nbsp;<\/p>\n<h2><a id=\"2-video-th--c-t---nh-s-ng-bi-led-henvvei-l85-pro\" class=\"toc-a-tag\"><\/a>2. Video th\u1ef1c t\u1ebf \u00e1nh s\u00e1ng Bi LED Henvvei L85 Pro<\/h2>\n<h3>2.1 Video test b\u1ea3ng canh \u0111\u00e8n Bi LED Henvvei L85 Pro (\u0110ang c\u1eadp nh\u1eadt)<\/h3>\n<h3><a id=\"2-2-video-flycam-th--c-t---nh-s-ng-bi-led-henvvei-l85-pro\" class=\"toc-a-tag\"><\/a>2.2 Video Flycam th\u1ef1c t\u1ebf \u00e1nh s\u00e1ng Bi LED Henvvei L85 Pro<\/h3>\n<p>&#8211; Flycam test t\u1eeb g\u00f3c tr\u00ean cao (\u0110ang c\u1eadp nh\u1eadt)<\/p>\n<p>&#8211; Flycam test t\u1eeb g\u00f3c th\u1eb3ng \u0111\u1ee9ng (\u0110ang c\u1eadp nh\u1eadt)<\/p>\n<p>&#8211; Flycam test t\u1eeb g\u00f3c b\u00ean h\u00f4ng (\u0110ang c\u1eadp nh\u1eadt)<\/p>\n<p>&#8211; Flycam test t\u1eeb g\u00f3c tr\u01b0\u1edbc \u0111\u1ea7u xe (\u0110ang c\u1eadp nh\u1eadt)<\/p>\n<h3>2.3 Video th\u1ef1c t\u1ebf \u00e1nh s\u00e1ng Bi LED Henvvei L85 Pro (\u0110ang c\u1eadp nh\u1eadt)<\/h3>\n<p>&nbsp;<\/p>\n<h2><a id=\"3-c-ng-ngh--bi-led-henvvei-l85-pro\" class=\"toc-a-tag\"><\/a>3. C\u00f4ng ngh\u1ec7 Bi LED Henvvei L85 Pro<\/h2>\n<h3><a id=\"3-1-thi--t-k--body-t--i--u-k-ch-th---c\" class=\"toc-a-tag\"><\/a>3.1 Thi\u1ebft k\u1ebf body t\u1ed1i \u01b0u k\u00edch th\u01b0\u1edbc<\/h3>\n<p>Bi LED Henvvei L85 Pro \u0111\u01b0\u1ee3c thi\u1ebft k\u1ebf v\u1edbi k\u00edch th\u01b0\u1edbc nh\u1ecf g\u1ecdn, ch\u1ec9 kho\u1ea3ng 140mm. M\u1eb7c d\u00f9 kh\u00f4ng c\u00f3 s\u1ef1 ch\u00eanh l\u1ec7ch l\u1edbn v\u1ec1 tr\u1ecdng l\u01b0\u1ee3ng, nh\u01b0ng s\u1ea3n ph\u1ea9m n\u00e0y \u0111\u01b0\u1ee3c xem l\u00e0 nh\u1eb9 h\u01a1n so v\u1edbi c\u00e1c d\u00f2ng Henvvei, gi\u00fap d\u1ec5 d\u00e0ng l\u1eafp \u0111\u1eb7t tr\u00ean h\u1ea7u h\u1ebft c\u00e1c d\u00f2ng xe tr\u00ean th\u1ecb tr\u01b0\u1eddng ng\u00e0y nay.<\/p>\n<p>B\u00ean c\u1ea1nh \u0111\u00f3, Henvvei L85 Pro v\u1eabn ti\u1ebfp t\u1ee5c k\u1ebf th\u1eeba nh\u1eefng \u01b0u \u0111i\u1ec3m v\u1ed1n c\u00f3 c\u1ee7a th\u01b0\u01a1ng hi\u1ec7u, v\u1edbi t\u1ed5ng th\u1ec3 body \u0111\u01b0\u1ee3c ho\u00e0n thi\u1ec7n tinh t\u1ebf t\u1eeb v\u1eadt li\u1ec7u Aluminum cao c\u1ea5p. Vi\u1ec7c n\u00e0y gi\u00fap gia t\u0103ng \u0111\u1ed9 b\u1ec1n c\u1ee7a s\u1ea3n ph\u1ea9m, h\u1ea1n ch\u1ebf t\u00e1c \u0111\u1ed9ng t\u1eeb c\u00e1c y\u1ebfu t\u1ed1 b\u00ean ngo\u00e0i, gi\u1eef cho \u00e1nh s\u00e1ng lu\u00f4n \u1ed5n \u0111\u1ecbnh theo th\u1eddi gian.<\/p>\n<p><img loading=\"lazy\" decoding=\"async\" class=\"alignnone size-full wp-image-1804\" src=\"https:\/\/autothaiduong.vn\/wp-content\/uploads\/2025\/05\/bi-led-henvvei-l85-pro-12.jpg\" alt=\"\" width=\"1280\" height=\"1280\" srcset=\"https:\/\/autothaiduong.vn\/wp-content\/uploads\/2025\/05\/bi-led-henvvei-l85-pro-12.jpg 1280w, https:\/\/autothaiduong.vn\/wp-content\/uploads\/2025\/05\/bi-led-henvvei-l85-pro-12-600x600.jpg 600w, https:\/\/autothaiduong.vn\/wp-content\/uploads\/2025\/05\/bi-led-henvvei-l85-pro-12-1024x1024.jpg 1024w, https:\/\/autothaiduong.vn\/wp-content\/uploads\/2025\/05\/bi-led-henvvei-l85-pro-12-300x300.jpg 300w, https:\/\/autothaiduong.vn\/wp-content\/uploads\/2025\/05\/bi-led-henvvei-l85-pro-12-768x768.jpg 768w, https:\/\/autothaiduong.vn\/wp-content\/uploads\/2025\/05\/bi-led-henvvei-l85-pro-12-100x100.jpg 100w\" sizes=\"auto, (max-width: 1280px) 100vw, 1280px\" \/><\/p>\n<p><em>Thi\u1ebft k\u1ebf body nh\u1ecf g\u1ecdn<\/em><\/p>\n<p>M\u1ed9t s\u1ed1 \u01b0u \u0111i\u1ec3m \u0111\u1eb7c bi\u1ec7t c\u1ee7a d\u00f2ng s\u1ea3n ph\u1ea9m n\u00e0y l\u00e0 trang b\u1ecb th\u00eam hai m\u1eaft tr\u1ee3 pha c\u00f4ng ngh\u1ec7 m\u1edbi, gi\u00fap t\u0103ng th\u00eam v\u1ebb hi\u1ec7n \u0111\u1ea1i cho s\u1ea3n ph\u1ea9m v\u00e0 h\u1ed7 tr\u1ee3 qu\u00e1 tr\u00ecnh chi\u1ebfu s\u00e1ng m\u1ed9t c\u00e1ch t\u1ed1t nh\u1ea5t. Ngo\u00e0i ra, ph\u1ea7n th\u00e2n \u0111\u00e8n \u0111\u01b0\u1ee3c thi\u1ebft k\u1ebf th\u00eam hai \u1ed1ng \u0111\u1ed3ng d\u1eabn nhi\u1ec7t th\u00f4ng minh k\u00e9o d\u00e0i t\u1eeb 2 m\u1eaft tr\u1ee3 Pha xu\u1ed1ng c\u1ee5m t\u1ea3n nhi\u1ec7t nh\u00f4m gi\u00fap cho qu\u00e1 tr\u00ecnh t\u1ea3n nhi\u1ec7t c\u1ee7a \u0111\u00e8n hi\u1ec7u qu\u1ea3.<\/p>\n<h3><a id=\"3-2-h--th--ng-t--n-nhi--t-c--a-bi-led-henvvei-l85-pro\" class=\"toc-a-tag\"><\/a>3.2 H\u1ec7 th\u1ed1ng t\u1ea3n nhi\u1ec7t c\u1ee7a Bi LED Henvvei L85 Pro<\/h3>\n<p>V\u1edbi vi\u1ec7c s\u1edf h\u1eefu c\u00f4ng su\u1ea5t m\u1ea1nh c\u00f9ng v\u1edbi kh\u1ea3 n\u0103ng chi\u1ebfu s\u00e1ng v\u01b0\u1ee3t tr\u1ed9i, Bi LED Henvvei L85 Pro trang b\u1ecb cho m\u00ecnh h\u1ec7 th\u1ed1ng t\u1ea3n nhi\u1ec7t t\u1ed1i t\u00e2n v\u00e0 hi\u1ec7n \u0111\u1ea1i nh\u1edd v\u00e0o s\u1ef1 k\u1ebft h\u1ee3p gi\u1eefa h\u1ec7 th\u1ed1ng qu\u1ea1t t\u1ea3n nhi\u1ec7t v\u00e0 kh\u1ed1i t\u1ea3n nhi\u1ec7t nh\u00f4m c\u1ee7a \u0111\u00e8n.<\/p>\n<p><img loading=\"lazy\" decoding=\"async\" class=\"alignnone size-full wp-image-1805\" src=\"https:\/\/autothaiduong.vn\/wp-content\/uploads\/2025\/05\/bi-led-henvvei-l85-pro-8.jpg\" alt=\"\" width=\"1280\" height=\"1280\" srcset=\"https:\/\/autothaiduong.vn\/wp-content\/uploads\/2025\/05\/bi-led-henvvei-l85-pro-8.jpg 1280w, https:\/\/autothaiduong.vn\/wp-content\/uploads\/2025\/05\/bi-led-henvvei-l85-pro-8-600x600.jpg 600w, https:\/\/autothaiduong.vn\/wp-content\/uploads\/2025\/05\/bi-led-henvvei-l85-pro-8-1024x1024.jpg 1024w, https:\/\/autothaiduong.vn\/wp-content\/uploads\/2025\/05\/bi-led-henvvei-l85-pro-8-300x300.jpg 300w, https:\/\/autothaiduong.vn\/wp-content\/uploads\/2025\/05\/bi-led-henvvei-l85-pro-8-768x768.jpg 768w, https:\/\/autothaiduong.vn\/wp-content\/uploads\/2025\/05\/bi-led-henvvei-l85-pro-8-100x100.jpg 100w\" sizes=\"auto, (max-width: 1280px) 100vw, 1280px\" \/><\/p>\n<p><em>H\u1ec7 th\u1ed1ng t\u1ea3n nhi\u1ec7t t\u1ed1i \u01b0u<\/em><\/p>\n<p>B\u00ean c\u1ea1nh \u0111\u00f3, kh\u1ed1i t\u1ea3n nhi\u1ec7t n\u00e0y \u0111\u01b0\u1ee3c nhi\u1ec1u h\u00e3ng \u0111\u00e8n cao c\u1ea5p s\u1eed d\u1ee5ng b\u1edfi kh\u1ea3 n\u0103ng t\u1ea3n nhi\u1ec7t v\u00f4 c\u00f9ng hi\u1ec7u qu\u1ea3. Khi \u0111\u00e8n ho\u1ea1t \u0111\u1ed9ng, gi\u00f3 \u0111\u01b0\u1ee3c th\u1ed5i t\u1eeb h\u1ec7 th\u1ed1ng qu\u1ea1t gi\u00fap cho nhi\u1ec7t \u0111\u1ed9 \u1edf b\u00ean trong \u0111\u00e8n duy tr\u00ec \u1edf m\u1ee9c \u1ed5n \u0111\u1ecbnh, kh\u00f4ng \u1ea3nh h\u01b0\u1edfng \u0111\u1ebfn ho\u1ea1t \u0111\u1ed9ng c\u1ee7a \u0111\u00e8n. Ngo\u00e0i ra, v\u1edbi thi\u1ebft k\u1ebf c\u00e1c c\u00e1nh qu\u1ea1t m\u1ecfng gi\u00fap cho qu\u00e1 tr\u00ecnh quay \u0111\u1ea1t t\u1ed1c \u0111\u1ed9 \u1edf ng\u01b0\u1ee1ng an to\u00e0n nh\u01b0ng v\u1eabn \u0111\u1ea3m b\u1ea3o \u0111\u01b0\u1ee3c s\u1ef1 \u1ed5n \u0111\u1ecbnh v\u00e0 h\u1ea1n ch\u1ebf g\u00e2y ra ti\u1ebfng \u1ed3n, gia t\u0103ng tu\u1ed5i th\u1ecd cho s\u1ea3n ph\u1ea9m. M\u1ed9t \u0111i\u1ec3m \u0111\u00e1ng ch\u00fa \u00fd l\u00e0 hai m\u1eaft tr\u1ee3 Pha c\u1ee7a Henvvei L85 Pro \u0111\u01b0\u1ee3c trang b\u1ecb hai \u1ed1ng \u0111\u1ed3ng d\u1eabn nhi\u1ec7t ri\u00eang bi\u1ec7t \u0111\u01b0\u1ee3c k\u00e9o d\u00e0i t\u1eeb v\u1ecb tr\u00ed \u1edf hai m\u1eaft tr\u1ee3 Pha xu\u1ed1ng kh\u1ed1i t\u1ea3n nhi\u1ec7t nh\u00f4m v\u00e0 qu\u1ea1t.<\/p>\n<p>Bi LED Henvvei L85 Pro trang b\u1ecb Driver n\u1eb1m \u0111\u1ed9c l\u1eadp b\u00ean ngo\u00e0i, gi\u00fap nhi\u1ec7t s\u1ebd ho\u1ea1t \u0111\u1ed9ng \u1edf b\u00ean ngo\u00e0i v\u00e0 nhi\u1ec7t b\u00ean trong \u0111\u00e8n \u0111\u01b0\u1ee3c gi\u1ea3m \u0111i \u0111\u00e1ng k\u1ec3 so v\u1edbi c\u00e1c d\u00f2ng \u0111\u00e8n kh\u00e1c s\u1eed d\u1ee5ng Driver t\u00edch h\u1ee3p kh\u00e1c, gi\u00fap \u0111\u1ed9 b\u1ec1n c\u1ee7a s\u1ea3n ph\u1ea9m \u0111\u01b0\u1ee3c t\u0103ng cao h\u01a1n.<\/p>\n<h3><a id=\"3-3-c--u-h-nh--nh-s-ng-m--nh-m--v--kh--n-ng-ph-t-s-ng---nh-cao\" class=\"toc-a-tag\"><\/a>3.3 C\u1ea5u h\u00ecnh \u00e1nh s\u00e1ng m\u1ea1nh m\u1ebd v\u00e0 kh\u1ea3 n\u0103ng ph\u00e1t s\u00e1ng \u0111\u1ec9nh cao<\/h3>\n<p>Bi LED Henvvei L83 Pro v\u1edbi c\u1ea5u h\u00ecnh 9+3 chip LED l\u00e0 s\u1ef1 l\u1ef1a ch\u1ecdn ho\u00e0n h\u1ea3o cho nh\u1eefng ai \u0111\u1eb7t m\u1ee5c ti\u00eau an to\u00e0n v\u00e0 hi\u1ec7u su\u1ea5t cao khi l\u00e1i xe trong \u0111i\u1ec1u ki\u1ec7n \u00e1nh s\u00e1ng k\u00e9m. V\u1edbi 9 nh\u00e2n chip LED \u1edf ph\u00eda tr\u00ean v\u00e0 3 nh\u00e2n chip LED \u1edf ph\u00eda d\u01b0\u1edbi, \u0111\u00e8n n\u00e0y kh\u00f4ng ch\u1ec9 \u0111em l\u1ea1i \u00e1nh s\u00e1ng m\u1ea1nh m\u1ebd v\u1edbi c\u00f4ng su\u1ea5t 60W \u1edf ch\u1ebf \u0111\u1ed9 Cos m\u00e0 c\u00f2n c\u00f3 th\u1ec3 \u0111\u1ea1t \u0111\u1ebfn 90W \u1edf ch\u1ebf \u0111\u1ed9 Pha. Vi\u1ec7c n\u00e0y t\u1ea1o ra m\u1ed9t v\u00f9ng chi\u1ebfu s\u00e1ng v\u01b0\u1ee3t tr\u1ed9i, v\u1edbi s\u1ef1 ph\u00e2n b\u1ed1 \u0111\u1ed3ng \u0111\u1ec1u v\u00e0 b\u1ee5ng s\u00e1ng \u0111\u1eadm, gi\u00fap t\u0103ng c\u01b0\u1eddng kh\u1ea3 n\u0103ng quan s\u00e1t c\u1ee7a t\u00e0i x\u1ebf trong m\u1ecdi \u0111i\u1ec1u ki\u1ec7n \u0111\u01b0\u1eddng. \u0110\u1eb7c bi\u1ec7t, \u1edf ch\u1ebf \u0111\u1ed9 Pha, Bi LED Henvvei L85 Pro c\u00f2n s\u1edf h\u1eefu 3 ngu\u1ed3n ph\u00e1t quang, bao g\u1ed3m c\u1ea3 hai m\u1eaft tr\u1ee3 Pha v\u00e0 m\u1ed9t ngu\u1ed3n khi m\u1edf m\u00e0n tr\u1eadp, n\u00e2ng cao \u0111\u00e1ng k\u1ec3 kh\u1ea3 n\u0103ng chi\u1ebfu s\u00e1ng v\u00e0 t\u0103ng c\u01b0\u1eddng t\u00ednh th\u1ea9m m\u1ef9 c\u1ee7a xe.<\/p>\n<p><img loading=\"lazy\" decoding=\"async\" class=\"alignnone size-full wp-image-1806\" src=\"https:\/\/autothaiduong.vn\/wp-content\/uploads\/2025\/05\/bi-led-henvvei-l85-pro-10.jpg\" alt=\"\" width=\"1280\" height=\"1280\" srcset=\"https:\/\/autothaiduong.vn\/wp-content\/uploads\/2025\/05\/bi-led-henvvei-l85-pro-10.jpg 1280w, https:\/\/autothaiduong.vn\/wp-content\/uploads\/2025\/05\/bi-led-henvvei-l85-pro-10-600x600.jpg 600w, https:\/\/autothaiduong.vn\/wp-content\/uploads\/2025\/05\/bi-led-henvvei-l85-pro-10-1024x1024.jpg 1024w, https:\/\/autothaiduong.vn\/wp-content\/uploads\/2025\/05\/bi-led-henvvei-l85-pro-10-300x300.jpg 300w, https:\/\/autothaiduong.vn\/wp-content\/uploads\/2025\/05\/bi-led-henvvei-l85-pro-10-768x768.jpg 768w, https:\/\/autothaiduong.vn\/wp-content\/uploads\/2025\/05\/bi-led-henvvei-l85-pro-10-100x100.jpg 100w\" sizes=\"auto, (max-width: 1280px) 100vw, 1280px\" \/><\/p>\n<p><em>3 ngu\u1ed3n ph\u00e1t quang t\u0103ng c\u01b0\u1eddng kh\u1ea3 n\u0103ng chi\u1ebfu s\u00e1ng<\/em><\/p>\n<p>Ngo\u00e0i ra, Bi LED Henvvei L85 Pro c\u00f3 m\u1ed9t b\u01b0\u1edbc ti\u1ebfn \u0111\u1ed9t ph\u00e1 v\u1edbi c\u00f4ng ngh\u1ec7 m\u1edbi, trang b\u1ecb hai m\u1eaft tr\u1ee3 Pha v\u1edbi chip LED Osram cao c\u1ea5p, n\u1ed5i ti\u1ebfng v\u1edbi \u0111\u1ed9 b\u1ec1n v\u00e0 \u0111\u1ed9 ho\u00e0n m\u00e0u v\u01b0\u1ee3t tr\u1ed9i. Vi\u1ec7c n\u00e0y mang l\u1ea1i cho chi\u1ebfc \u0111\u00e8n kh\u1ea3 n\u0103ng chi\u1ebfu s\u00e1ng \u1edf ch\u1ebf \u0111\u1ed9 Pha \u0111\u01b0\u1ee3c t\u0103ng c\u01b0\u1eddng m\u1ea1nh m\u1ebd, gi\u00fap t\u1ea1o ra \u00e1nh s\u00e1ng c\u00f3 \u0111\u1ed9 nhi\u1ec7t m\u00e0u kho\u1ea3ng 3000K, t\u1ed1i \u01b0u cho m\u1ecdi \u0111i\u1ec1u ki\u1ec7n \u0111\u01b0\u1eddng s\u00e1 v\u00e0 t\u0103ng c\u01b0\u1eddng kh\u1ea3 n\u0103ng nh\u1eadn di\u1ec7n c\u1ee7a t\u00e0i x\u1ebf.<\/p>\n<p>\u0110\u1eb7c bi\u1ec7t, Bi Led Henvvei L85 Pro s\u1edf h\u1eefu nhi\u1ec7t m\u00e0u 5500K cho ra \u00e1nh s\u00e1ng tr\u1eafng th\u1eddi trang. Nhi\u1ec7t m\u00e0u n\u00e0y gi\u00fap cho t\u00e0i x\u1ebf d\u1ec5 d\u00e0ng di chuy\u1ec3n \u1edf nhi\u1ec1u \u0111i\u1ec1u ki\u1ec7n kh\u00e1c nhau, \u0111\u1ea3m b\u1ea3o an to\u00e0n khi di chuy\u1ec3n \u1edf khu v\u1ef1c thi\u1ebfu \u00e1nh s\u00e1ng.<\/p>\n<p><img loading=\"lazy\" decoding=\"async\" class=\"alignnone size-full wp-image-1807\" src=\"https:\/\/autothaiduong.vn\/wp-content\/uploads\/2025\/05\/bi-led-henvvei-l85-pro-11.jpg\" alt=\"\" width=\"1280\" height=\"1280\" srcset=\"https:\/\/autothaiduong.vn\/wp-content\/uploads\/2025\/05\/bi-led-henvvei-l85-pro-11.jpg 1280w, https:\/\/autothaiduong.vn\/wp-content\/uploads\/2025\/05\/bi-led-henvvei-l85-pro-11-600x600.jpg 600w, https:\/\/autothaiduong.vn\/wp-content\/uploads\/2025\/05\/bi-led-henvvei-l85-pro-11-1024x1024.jpg 1024w, https:\/\/autothaiduong.vn\/wp-content\/uploads\/2025\/05\/bi-led-henvvei-l85-pro-11-300x300.jpg 300w, https:\/\/autothaiduong.vn\/wp-content\/uploads\/2025\/05\/bi-led-henvvei-l85-pro-11-768x768.jpg 768w, https:\/\/autothaiduong.vn\/wp-content\/uploads\/2025\/05\/bi-led-henvvei-l85-pro-11-100x100.jpg 100w\" sizes=\"auto, (max-width: 1280px) 100vw, 1280px\" \/><\/p>\n<p><span style=\"font-family: Times New Roman, Times, serif;\"><i>C\u1ea5u h\u00ecnh chi\u1ebfu s\u00e1ng m\u1ea1nh m\u1ebd<\/i><\/span><\/p>\n<h3><a id=\"3-4-c--m-bi--n-nhi--t-c--a-bi-led-henvvei-l85-pro\" class=\"toc-a-tag\"><\/a>3.4 C\u1ea3m bi\u1ebfn nhi\u1ec7t c\u1ee7a Bi LED Henvvei L85 Pro<\/h3>\n<p>Bi Led Henvvei L85 Pro trang b\u1ecb \u201cc\u1ea3m bi\u1ebfn nhi\u1ec7t&#8221; \u0111\u01b0\u1ee3c thi\u1ebft k\u1ebf n\u1eb1m tr\u00ean chip Led ch\u00ednh v\u00ec \u1edf \u0111\u00e2y nhi\u1ec7t c\u1ee7a chip Led ho\u1ea1t \u0111\u1ed9ng chu\u1ea9n x\u00e1c nh\u1ea5t. Khi ph\u00e1t hi\u1ec7n d\u1ea5u hi\u1ec7u c\u1ee7a s\u1ef1 qu\u00e1 nhi\u1ec7t, h\u1ec7 th\u1ed1ng s\u1ebd t\u1ef1 \u0111\u1ed9ng \u0111i\u1ec1u ch\u1ec9nh c\u00f4ng su\u1ea5t ho\u1ea1t \u0111\u1ed9ng v\u1ec1 m\u1ee9c an to\u00e0n, \u0111\u1ea3m b\u1ea3o r\u1eb1ng \u0111\u00e8n lu\u00f4n ho\u1ea1t \u0111\u1ed9ng \u1ed5n \u0111\u1ecbnh v\u00e0 b\u1ec1n b\u1ec9 nh\u1ea5t.<\/p>\n<p><img loading=\"lazy\" decoding=\"async\" class=\"alignnone size-full wp-image-1808\" src=\"https:\/\/autothaiduong.vn\/wp-content\/uploads\/2025\/05\/bi-led-henvvei-l85-pro-7.jpg\" alt=\"\" width=\"1280\" height=\"1280\" srcset=\"https:\/\/autothaiduong.vn\/wp-content\/uploads\/2025\/05\/bi-led-henvvei-l85-pro-7.jpg 1280w, https:\/\/autothaiduong.vn\/wp-content\/uploads\/2025\/05\/bi-led-henvvei-l85-pro-7-600x600.jpg 600w, https:\/\/autothaiduong.vn\/wp-content\/uploads\/2025\/05\/bi-led-henvvei-l85-pro-7-1024x1024.jpg 1024w, https:\/\/autothaiduong.vn\/wp-content\/uploads\/2025\/05\/bi-led-henvvei-l85-pro-7-300x300.jpg 300w, https:\/\/autothaiduong.vn\/wp-content\/uploads\/2025\/05\/bi-led-henvvei-l85-pro-7-768x768.jpg 768w, https:\/\/autothaiduong.vn\/wp-content\/uploads\/2025\/05\/bi-led-henvvei-l85-pro-7-100x100.jpg 100w\" sizes=\"auto, (max-width: 1280px) 100vw, 1280px\" \/><\/p>\n<p><em>C\u1ea3m bi\u1ebfn nhi\u1ec7t t\u1ed1i \u01b0u<\/em><\/p>\n","protected":false},"excerpt":{"rendered":"<p>V\u1edbi tinh th\u1ea7n ti\u1ebfp n\u1ed1i th\u00e0nh c\u00f4ng tr\u01b0\u1edbc \u0111\u00f3, Henvvei h\u00e2n h\u1ea1nh gi\u1edbi thi\u1ec7u \u0111\u1ebfn qu\u00fd kh\u00e1ch h\u00e0ng s\u1ea3n ph\u1ea9m m\u1edbi nh\u1ea5t &#8211; Bi Led Henvvei L85 Pro. V\u1edbi thi\u1ebft k\u1ebf nh\u1ecf g\u1ecdn, \u00e1nh s\u00e1ng \u0111\u1ed9t ph\u00e1, s\u1ea3n ph\u1ea9m n\u00e0y \u0111\u01b0\u1ee3c trang b\u1ecb nh\u1eefng c\u00f4ng ngh\u1ec7 h\u00e0ng \u0111\u1ea7u nh\u01b0 m\u1eaft tr\u1ee3 Pha hi\u1ec7n \u0111\u1ea1i, c\u1ea3m bi\u1ebfn nhi\u1ec7t th\u00f4ng minh, Driver \u0111\u1ed9c l\u1eadp\u2026 Henvvei L85 Pro kh\u00f4ng ch\u1ec9 l\u00e0 s\u1ef1 l\u1ef1a ch\u1ecdn l\u00fd t\u01b0\u1edfng, m\u00e0 c\u00f2n l\u00e0 gi\u1ea3i ph\u00e1p ho\u00e0n h\u1ea3o, t\u1ed1i \u01b0u tr\u00ean m\u1ecdi d\u00f2ng xe.<\/p>\n<p><strong><span style=\"color: #ff0000;\">Auto Th\u00e1i D\u01b0\u01a1ng<\/span><\/strong>&#8211; \u0110\u1ea1i l\u00ed ch\u00ednh h\u00e3ng <strong>Henvei<\/strong> t\u1ea1i <strong>TP.B\u1ea3o L\u1ed9c\u00a0<\/strong><\/p>\n<p><strong>Hotline: 0912197441<\/strong><\/p>\n","protected":false},"featured_media":1796,"comment_status":"open","ping_status":"closed","template":"","meta":[],"product_brand":[136],"product_cat":[16,26],"product_tag":[],"class_list":{"0":"post-1795","1":"product","2":"type-product","3":"status-publish","4":"has-post-thumbnail","6":"product_brand-henvei","7":"product_cat-anh-sang","8":"product_cat-bi-led","10":"first","11":"instock","12":"shipping-taxable","13":"purchasable","14":"product-type-simple"},"_links":{"self":[{"href":"https:\/\/autothaiduong.vn\/index.php?rest_route=\/wp\/v2\/product\/1795","targetHints":{"allow":["GET"]}}],"collection":[{"href":"https:\/\/autothaiduong.vn\/index.php?rest_route=\/wp\/v2\/product"}],"about":[{"href":"https:\/\/autothaiduong.vn\/index.php?rest_route=\/wp\/v2\/types\/product"}],"replies":[{"embeddable":true,"href":"https:\/\/autothaiduong.vn\/index.php?rest_route=%2Fwp%2Fv2%2Fcomments&post=1795"}],"wp:featuredmedia":[{"embeddable":true,"href":"https:\/\/autothaiduong.vn\/index.php?rest_route=\/wp\/v2\/media\/1796"}],"wp:attachment":[{"href":"https:\/\/autothaiduong.vn\/index.php?rest_route=%2Fwp%2Fv2%2Fmedia&parent=1795"}],"wp:term":[{"taxonomy":"product_brand","embeddable":true,"href":"https:\/\/autothaiduong.vn\/index.php?rest_route=%2Fwp%2Fv2%2Fproduct_brand&post=1795"},{"taxonomy":"product_cat","embeddable":true,"href":"https:\/\/autothaiduong.vn\/index.php?rest_route=%2Fwp%2Fv2%2Fproduct_cat&post=1795"},{"taxonomy":"product_tag","embeddable":true,"href":"https:\/\/autothaiduong.vn\/index.php?rest_route=%2Fwp%2Fv2%2Fproduct_tag&post=1795"}],"curies":[{"name":"wp","href":"https:\/\/api.w.org\/{rel}","templated":true}]}}