{"id":1809,"date":"2025-05-15T16:30:46","date_gmt":"2025-05-15T16:30:46","guid":{"rendered":"https:\/\/autothaiduong.vn\/?post_type=product&#038;p=1809"},"modified":"2025-05-15T16:31:20","modified_gmt":"2025-05-15T16:31:20","slug":"bi-led-gtr-premium-ultra-2022","status":"publish","type":"product","link":"https:\/\/autothaiduong.vn\/?product=bi-led-gtr-premium-ultra-2022","title":{"rendered":"BI LED GTR PREMIUM ULTRA 2022"},"content":{"rendered":"<p><img loading=\"lazy\" decoding=\"async\" class=\" wp-image-1537 aligncenter\" src=\"https:\/\/autothaiduong.vn\/wp-content\/uploads\/2025\/05\/z6584734442481_f208f5944548cb4b46353402ce2e64e0-1.jpg\" alt=\"\" width=\"310\" height=\"274\" \/><\/p>\n<p style=\"text-align: center;\"><span style=\"color: #ff0000;\"><strong><span style=\"font-size: 150%;\">273-275 Tr\u1ea7n Ph\u00fa Ph\u01b0\u1eddng L\u1ed9c S\u01a1n Th\u00e0nh Ph\u1ed1 B\u1ea3o L\u1ed9c T\u1ec9nh L\u00e2m \u0110\u1ed3ng<\/span><\/strong><\/span><\/p>\n<p style=\"text-align: center;\"><span style=\"color: #ff0000;\"><strong><span style=\"font-size: 150%;\"> Hotline: 0912197441<\/span><\/strong><\/span><\/p>\n<p><img loading=\"lazy\" decoding=\"async\" class=\"alignnone size-full wp-image-1812\" src=\"https:\/\/autothaiduong.vn\/wp-content\/uploads\/2025\/05\/600-1.png\" alt=\"BI LED GTR PREMIUM ULTRA 2022\" width=\"1280\" height=\"852\" srcset=\"https:\/\/autothaiduong.vn\/wp-content\/uploads\/2025\/05\/600-1.png 1280w, https:\/\/autothaiduong.vn\/wp-content\/uploads\/2025\/05\/600-1-600x399.png 600w, https:\/\/autothaiduong.vn\/wp-content\/uploads\/2025\/05\/600-1-1024x682.png 1024w, https:\/\/autothaiduong.vn\/wp-content\/uploads\/2025\/05\/600-1-768x511.png 768w\" sizes=\"auto, (max-width: 1280px) 100vw, 1280px\" \/><\/p>\n<p>GTR Premium Ultra l\u00e0 s\u1ea3n ph\u1ea9m m\u1edbi ra m\u1eaft c\u1ee7a th\u01b0\u01a1ng hi\u1ec7u GTR, \u0111\u00e2y l\u00e0 phi\u00ean b\u1ea3n n\u00e2ng c\u1ea5p t\u1eeb d\u1ef1a tr\u00ean nh\u1eefng t\u00ednh n\u0103ng c\u1ee7a phi\u00ean b\u1ea3n ti\u1ec1n nhi\u1ec7m &#8211; GTR Premium 2.0. \u0110\u1ed1i v\u1edbi s\u1ea3n ph\u1ea9m m\u1edbi n\u00e0y \u0111\u01b0\u1ee3c h\u00e3ng n\u00e2ng c\u1ea5p nh\u1eefng \u0111i\u1ec3m m\u1edbi, t\u1eeb ngo\u1ea1i h\u00ecnh \u0111\u1ebfn t\u00ednh n\u0103ng m\u1edbi \u0111\u1ec3 tr\u1edf n\u00ean \u01b0u vi\u1ec7t h\u01a1n.<\/p>\n<h2 id=\"1\"><a id=\"thi--t-k--m--i-l--\" class=\"toc-a-tag\"><\/a>Thi\u1ebft k\u1ebf m\u1edbi l\u1ea1<\/h2>\n<p>GTR Premium Ultra l\u00e0 m\u1ed9t si\u00eau ph\u1ea9m ho\u00e0n to\u00e0n m\u1edbi t\u1eeb th\u01b0\u01a1ng hi\u1ec7u GTR, v\u1eabn theo l\u1ed1i thi\u1ebft k\u1ebf t\u1ed1i gi\u1ea3n truy\u1ec1n th\u1ed1ng nh\u01b0ng t\u00f4n l\u00ean \u0111\u01b0\u1ee3c v\u1ebb \u0111\u1eb9p cho xe. To\u00e0n th\u00e2n s\u1ea3n ph\u1ea9m \u0111\u01b0\u1ee3c s\u01a1n l\u00ean m\u1ed9t l\u1edbp x\u00e1m tr\u1eafng nh\u00e1m cho ra v\u1ebb t\u01b0\u01a1i s\u00e1ng, m\u1edbi m\u1ebb. \u0110i\u1ec3m kh\u00e1c bi\u1ec7t nh\u1ea5t c\u1ee7a s\u1ea3n ph\u1ea9m ch\u00ednh l\u00e0 \u1edf ph\u1ea7n th\u00e2n v\u00e0 b\u1ed9 ph\u1eadn khe t\u1ea3n nhi\u1ec7t, v\u1edbi l\u1ed1i thi\u1ebft k\u1ebf m\u1edbi, s\u1ea3n ph\u1ea9m c\u00f3 cho ra v\u1ebb c\u1ee9ng c\u00e1p, b\u1ec1n b\u1ec9 nh\u1ea5t \u0111\u1ecbnh.<\/p>\n<p><img loading=\"lazy\" decoding=\"async\" class=\"alignnone size-full wp-image-1812\" src=\"https:\/\/autothaiduong.vn\/wp-content\/uploads\/2025\/05\/600-1.png\" alt=\"BI LED GTR PREMIUM ULTRA 2022\" width=\"1280\" height=\"852\" srcset=\"https:\/\/autothaiduong.vn\/wp-content\/uploads\/2025\/05\/600-1.png 1280w, https:\/\/autothaiduong.vn\/wp-content\/uploads\/2025\/05\/600-1-600x399.png 600w, https:\/\/autothaiduong.vn\/wp-content\/uploads\/2025\/05\/600-1-1024x682.png 1024w, https:\/\/autothaiduong.vn\/wp-content\/uploads\/2025\/05\/600-1-768x511.png 768w\" sizes=\"auto, (max-width: 1280px) 100vw, 1280px\" \/><img decoding=\"async\" src=\"https:\/\/gtrvietnam.com\/uploads\/images\/product\/GTR\/PREMIUM%20ULTRA\/gtr-premium-ultra.JPG\" alt=\"\" \/><img decoding=\"async\" src=\"https:\/\/gtrvietnam.com\/uploads\/images\/product\/GTR\/PREMIUM%20ULTRA\/gtr-premium-ultra.JPG\" alt=\"\" \/><\/p>\n<h2 id=\"2\"><a id=\"lens-ch--ng-ch-i\" class=\"toc-a-tag\"><\/a>Lens ch\u1ed1ng ch\u00f3i<\/h2>\n<p>Xu h\u01b0\u1edbng m\u1edbi ch\u00ednh l\u00e0 n\u00e2ng c\u1ea5p \u0111\u00e8n s\u00e1ng nh\u01b0ng v\u1ea5n ph\u1ea3i v\u0103n minh, th\u1ec3 hi\u1ec7n \u0111\u01b0\u1ee3c l\u1ed1i v\u0103n h\u00f3a khi \u0111i \u0111\u01b0\u1eddng, v\u1eady n\u00ean nh\u1eefng h\u00e3ng t\u0103ng s\u00e1ng \u0111\u1eb7c bi\u1ec7t ph\u1ea3i ch\u00fa \u00fd \u0111\u1ebfn v\u1ea5n \u0111\u1ec1 n\u00e0y. GTR l\u00e0 m\u1ed9t trong nh\u1eefng th\u01b0\u01a1ng hi\u1ec7u t\u0103ng s\u00e1ng h\u00e0ng \u0111\u1ea7u r\u1ea5t ch\u00fa tr\u1ecdng \u0111\u1ebfn v\u0103n h\u00f3a \u0111i \u0111\u01b0\u1eddng.<\/p>\n<p>Lens tr\u00ean Premium Ultra \u0111\u01b0\u1ee3c ph\u1ee7 l\u1edbp AR v\u1edbi m\u00e0u xanh t\u00edm \u0111\u1eb7c tr\u01b0ng gi\u00fap k\u1ebft h\u1ee3p c\u00f9ng m\u00e0n tr\u1eadp c\u01a1 h\u1ecdc mang l\u1ea1i \u0111\u01b0\u1eddng c\u1eaft m\u00e0u xanh t\u00edm g\u1ecdn g\u00e0ng t\u0103ng kh\u1ea3 n\u0103ng ch\u1ed1ng ch\u00f3i, s\u00e1ng r\u1ef1c r\u1ee1 nh\u01b0ng \u201cc\u1ef1c k\u1ef3\u201d v\u0103n minh.<\/p>\n<h2 id=\"3\"><a id=\"h--th--ng-t--n-nhi--t\" class=\"toc-a-tag\"><\/a>H\u1ec7 th\u1ed1ng t\u1ea3n nhi\u1ec7t<\/h2>\n<p>M\u1ed9t \u0111i\u1ec3m \u0111\u1eb7c bi\u1ec7t c\u1ee7a th\u01b0\u01a1ng hi\u1ec7u GTR ch\u00ednh l\u00e0 h\u1ec7 th\u1ed1ng t\u1ea3n nhi\u1ec7t \u0111\u01b0\u1ee3c ch\u00ednh h\u00e3ng nghi\u00ean c\u1ee9u v\u00e0 \u1ee9ng d\u1ee5ng v\u00e0o c\u00e1c s\u1ea3n ph\u1ea9m c\u1ee7a m\u00ecnh, h\u1ec7 th\u1ed1ng t\u1ea3n nhi\u1ec7t \u201c GTR Cooling AI\u201d gi\u00fap kh\u1ea3 n\u0103ng t\u1ea3n nhi\u1ec7t t\u1ed1i \u01b0u h\u01a1n.<\/p>\n<p>GTR Cooling AI s\u1ef1 k\u1ebft h\u1ee3p gi\u1eefa qu\u1ea3n l\u00fd nhi\u1ec7t \u0111\u1ed9 AI th\u00f4ng minh c\u00f9ng v\u1eadt li\u1ec7u t\u1ea3n nhi\u1ec7t cao c\u1ea5p bao g\u1ed3m: \u0111\u1ebf \u0111\u1ed3ng DTP, khe t\u1ea3n nhi\u1ec7t v\u00e0 qu\u1ea1t gi\u00fap duy tr\u00ec \u1ed5n \u0111\u1ecbnh nhi\u1ec7t \u0111\u1ed9, c\u00f4ng su\u1ea5t v\u00e0 k\u00e9o d\u00e0i tu\u1ed5i th\u1ecd c\u1ee7a s\u1ea3n ph\u1ea9m.<\/p>\n<p><img loading=\"lazy\" decoding=\"async\" class=\"alignnone size-full wp-image-1814\" src=\"https:\/\/autothaiduong.vn\/wp-content\/uploads\/2025\/05\/604-1.png\" alt=\"\" width=\"1280\" height=\"852\" srcset=\"https:\/\/autothaiduong.vn\/wp-content\/uploads\/2025\/05\/604-1.png 1280w, https:\/\/autothaiduong.vn\/wp-content\/uploads\/2025\/05\/604-1-600x399.png 600w, https:\/\/autothaiduong.vn\/wp-content\/uploads\/2025\/05\/604-1-1024x682.png 1024w, https:\/\/autothaiduong.vn\/wp-content\/uploads\/2025\/05\/604-1-768x511.png 768w\" sizes=\"auto, (max-width: 1280px) 100vw, 1280px\" \/><\/p>\n<h2 id=\"4\"><a id=\"h--tr--d-ng--i--n-24v\" class=\"toc-a-tag\"><\/a>H\u1ed7 tr\u1ee3 d\u00f2ng \u0111i\u1ec7n 24V<\/h2>\n<p>S\u1ea3n ph\u1ea9m GTR Premium Ultra h\u1ed7 tr\u1ee3 d\u00f2ng \u0111i\u1ec7n 12-24V l\u1eafp \u0111\u1eb7t \u0111\u01b0\u1ee3c cho h\u1ea7u h\u1ebft m\u1ecdi d\u00f2ng xe, t\u1eeb d\u00f2ng xe \u00f4 t\u00f4 gia \u0111\u00ecnh cho \u0111\u1ebfn nh\u1eefng d\u00f2ng xe th\u01b0\u01a1ng m\u1ea1i nh\u01b0 xe t\u1ea3i v\u00e0 xe kh\u00e1ch \u0111\u01b0\u1eddng d\u00e0i, \u0111\u00e2y c\u0169ng l\u00e0 m\u1ed9t trong nh\u1eefng \u0111i\u1ec3m \u0111\u1eb7c bi\u1ec7t m\u00e0 hi\u1ebfm c\u00f3 d\u00f2ng s\u1ea3n ph\u1ea9m n\u00e0o c\u00f3 \u0111\u01b0\u1ee3c. Th\u00f4ng th\u01b0\u1eddng nh\u1eefng d\u00f2ng xe th\u01b0\u01a1ng m\u1ea1i mu\u1ed1n mu\u1ed1n n\u00e2ng c\u1ea5p \u0111\u00e8n \u0111\u1ec1u ph\u1ea3i s\u1eed d\u1ee5ng b\u1ed9 chuy\u1ec3n \u0111\u1ed5i d\u00f2ng \u0111i\u1ec7n, g\u00e2y ra nh\u1eefng r\u1ee7i ro b\u1ea5t c\u1eadp. Premium Ultra \u0111\u01b0\u1ee3c h\u1ed7 tr\u1ee3 c\u1ea3 2 d\u00f2ng \u0111i\u1ec7n 12V v\u00e0 24V gi\u00fap vi\u1ec7c l\u1eafp \u0111\u1eb7t tr\u1edf n\u00ean d\u1ec5 d\u00e0ng, thu\u1eadn ti\u1ec7n v\u00e0 an to\u00e0n h\u01a1n, l\u00e0 gi\u1ea3i ph\u00e1p t\u0103ng s\u00e1ng t\u1ed1i \u01b0u nh\u1ea5t cho m\u1ecdi d\u00f2ng xe.<\/p>\n<h2 id=\"\"><a id=\"c--u-h-nh--nh-s-ng\" class=\"toc-a-tag\"><\/a>C\u1ea5u h\u00ecnh \u00e1nh s\u00e1ng<\/h2>\n<p>\u0110\u00e2y l\u00e0 m\u1ed9t trong nh\u1eefng s\u1ea3n ph\u1ea9m c\u00f3 nhi\u1ec1u nh\u00e2n Led h\u00e0ng \u0111\u1ea7u th\u1ecb tr\u01b0\u1eddng, 12 nh\u00e2n Led \u1edf ch\u00f3a ph\u1ea3n x\u1ea1 ch\u00ednh, 2 nh\u00e2n Led \u1edf ch\u00f3a ph\u1ea3n x\u1ea1 ph\u1ee5. Ch\u00ednh v\u00ec v\u1eady \u0111\u00e2y l\u00e0 m\u1ed9t s\u1ea3n ph\u1ea9m c\u00f3 n\u1ed9i l\u1ef1c r\u1ea5t m\u1ea1nh m\u1ebd, \u00e1nh s\u00e1ng r\u1ea5t \u0111\u00e1ng \u0111\u1ec3 mong ch\u1edd.<\/p>\n<h2 id=\"6\"><a id=\"cos-pha\" class=\"toc-a-tag\"><\/a>Cos\/Pha<\/h2>\n<p>\u00c1nh s\u00e1ng Cos r\u1ed9ng, \u0111\u01b0\u1eddng c\u1eaft r\u1ea5t r\u00f5 r\u00e0ng, l\u00e0 s\u1ea3n ph\u1ea9m \u0111\u01b0\u1ee3c trang b\u1ecb nhi\u1ec1u nh\u00e2n Led nh\u1ea5t n\u00ean \u0111\u00e8n c\u00f3 \u00e1nh s\u00e1ng r\u1ef1c \u1edf t\u00e2m. Cung t\u1ecfa kh\u00e1 r\u1ed9ng n\u00ean c\u00f3 th\u1ec3 bao qu\u00e1t \u0111\u01b0\u1ee3c h\u1ebft cung \u0111\u01b0\u1eddng<\/p>\n<p><img loading=\"lazy\" decoding=\"async\" class=\"alignnone size-full wp-image-1815\" src=\"https:\/\/autothaiduong.vn\/wp-content\/uploads\/2025\/05\/601.png\" alt=\"\" width=\"1280\" height=\"960\" srcset=\"https:\/\/autothaiduong.vn\/wp-content\/uploads\/2025\/05\/601.png 1280w, https:\/\/autothaiduong.vn\/wp-content\/uploads\/2025\/05\/601-600x450.png 600w, https:\/\/autothaiduong.vn\/wp-content\/uploads\/2025\/05\/601-1024x768.png 1024w, https:\/\/autothaiduong.vn\/wp-content\/uploads\/2025\/05\/601-768x576.png 768w\" sizes=\"auto, (max-width: 1280px) 100vw, 1280px\" \/><\/p>\n<p>\u0110\u1ed1i v\u1edbi \u00e1nh s\u00e1ng Pha, s\u1ea3n ph\u1ea9m n\u00e0y c\u00f3 Pha kh\u00e1 xa, ch\u1ebf \u0111\u1ed9 pha \u1edf m\u1ee9c 70W n\u00ean t\u1ea7m chi\u1ebfu xa l\u00ean t\u1edbi 900m, ph\u1ea3i c\u00f4ng nh\u1eadn r\u1eb1ng \u0111\u00e2y l\u00e0 m\u1ed9t s\u1ea3n ph\u1ea9m t\u1ea7m trung nh\u01b0ng \u00e1nh s\u00e1ng l\u1ea1i c\u00f3 th\u1ec3 mang ra so s\u00e1nh v\u1edbi nh\u1eefng s\u1ea3n ph\u1ea9m ph\u00e2n kh\u00fac gi\u00e1 cao.<\/p>\n<p><img loading=\"lazy\" decoding=\"async\" class=\"alignnone size-full wp-image-1816\" src=\"https:\/\/autothaiduong.vn\/wp-content\/uploads\/2025\/05\/602.png\" alt=\"\" width=\"1280\" height=\"960\" srcset=\"https:\/\/autothaiduong.vn\/wp-content\/uploads\/2025\/05\/602.png 1280w, https:\/\/autothaiduong.vn\/wp-content\/uploads\/2025\/05\/602-600x450.png 600w, https:\/\/autothaiduong.vn\/wp-content\/uploads\/2025\/05\/602-1024x768.png 1024w, https:\/\/autothaiduong.vn\/wp-content\/uploads\/2025\/05\/602-768x576.png 768w\" sizes=\"auto, (max-width: 1280px) 100vw, 1280px\" \/><\/p>\n<h2 id=\"7\"><a id=\"nhi--t-m-u\" class=\"toc-a-tag\"><\/a>Nhi\u1ec7t m\u00e0u<\/h2>\n<p>\u0110\u01b0\u1ee3c trang b\u1ecb nhi\u1ec7t m\u00e0u 4800K, \u0111\u00e2y c\u0169ng l\u00e0 m\u1ed9t \u0111i\u1ec3m \u0111\u1ed9c \u0111\u00e1o \u201c\u0103n \u0111i\u1ec3m\u201d c\u1ee7a s\u1ea3n ph\u1ea9m n\u00e0y khi hi\u1ec7n t\u1ea1i tr\u00ean th\u1ecb tr\u01b0\u1eddng c\u00f3 r\u1ea5t \u00edt s\u1ea3n ph\u1ea9m c\u00f3 nhi\u1ec7t m\u00e0u n\u00e0y. 4800K l\u00e0 nhi\u1ec7t m\u00e0u ng\u1ea3 v\u00e0ng, r\u1ea5t th\u00edch h\u1ee3p \u0111i trong nh\u1eefng m\u00f9a m\u01b0a hay nh\u1eefng n\u01a1i c\u00f3 nhi\u1ec1u s\u01b0\u01a1ng m\u00f9 b\u1edfi \u00e1nh s\u00e1ng ng\u1ea3 v\u00e0ng n\u00f3 s\u1ebd gi\u00fap ta t\u0103ng kh\u1ea3 n\u0103ng t\u1ea7m nh\u00ecn trong nh\u1eefng v\u00f9ng th\u1eddi ti\u1ebft x\u1ea5u. B\u00ean c\u1ea1nh \u0111\u00f3, phi\u00ean b\u1ea3n \u00e1nh s\u00e1ng n\u00e0y s\u1ebd gi\u00fap cho m\u1eaft ch\u00fang ta \u0111i\u1ec1u ti\u1ebft t\u1ed1t h\u01a1n l\u00e0 \u00e1nh s\u00e1ng tr\u1eafng, h\u1ea1n ch\u1ebf t\u1ed1i \u0111a t\u00ecnh tr\u1ea1ng m\u1ecfi m\u1eaft khi ch\u1ea1y \u0111\u01b0\u1eddng d\u00e0i.<\/p>\n<h2 id=\"8\"><a id=\"ti-u-chu--n-x-tremevision\" class=\"toc-a-tag\"><\/a>Ti\u00eau chu\u1ea9n X-tremevision<\/h2>\n<p>S\u1ea3n ph\u1ea9m GTR Premium Ultra \u0111\u01b0\u1ee3c \u0111\u00e1nh gi\u00e1 kh\u00e1 cao cho ti\u00eau chu\u1ea9n X &#8211; Tremevision. L\u00e0 s\u1ea3n ph\u1ea9m n\u00e2ng c\u1ea5p \u00e1nh s\u00e1ng h\u00e0i h\u00f2a \u1edf c\u1ea3 3 ch\u1ebf \u0111\u1ed9. \u1ede ch\u1ebf \u0111\u1ed9 Cos chi\u1ebfu g\u1ea7n (Lowbeam) s\u1ea3n ph\u1ea9m \u0111\u01b0\u1ee3c \u0111\u00e1nh gi\u00e1 4.5\/6 sao. \u1ede ch\u1ebf \u0111\u1ed9 chi\u1ebfu xa, \u00e1nh s\u00e1ng Pha (Highbeam) \u0111\u01b0\u1ee3c \u0111\u00e1nh gi\u00e1 4\/6 sao v\u00e0 cu\u1ed1i c\u00f9ng l\u00e0 kh\u1ea3 n\u0103ng chi\u1ebfu s\u00e1ng trong \u0111i\u1ec1u ki\u1ec7n th\u1eddi ti\u1ebft ( Rain &amp; Dew), s\u1ea3n ph\u1ea9m \u0111\u01b0\u1ee3c \u0111\u00e1nh gi\u00e1 4\/6 sao. Ta c\u00f3 th\u1ec3 th\u1ea5y \u0111\u00e2y l\u00e0 m\u1ed9t s\u1ea3n ph\u1ea9m c\u00f3 th\u1ec3 chi\u1ebfu s\u00e1ng t\u1ed1t trong m\u1ecdi ho\u00e0n c\u1ea3nh, trong nhi\u1ec1u \u0111i\u1ec1u ki\u1ec7n th\u1eddi ti\u1ebft.<\/p>\n<p>&nbsp;<\/p>\n<p><iframe loading=\"lazy\" src=\"https:\/\/www.youtube.com\/embed\/Y16OH_doOa4?si=qG163JPwUd_Sw2Lg\" width=\"100%\" height=\"560\" frameborder=\"0\" scrolling=\"yes\" data-mce-fragment=\"1\"><\/iframe><em>Video Bi Led GTR Premium Ultra \u00c1nh s\u00e1ng v\u01b0\u1ee3t tr\u1ed9i<\/em><\/p>\n","protected":false},"excerpt":{"rendered":"<p>GTR Premium Ultra l\u00e0 s\u1ea3n ph\u1ea9m m\u1edbi ra m\u1eaft c\u1ee7a th\u01b0\u01a1ng hi\u1ec7u GTR, \u0111\u00e2y l\u00e0 phi\u00ean b\u1ea3n n\u00e2ng c\u1ea5p t\u1eeb d\u1ef1a tr\u00ean nh\u1eefng t\u00ednh n\u0103ng c\u1ee7a phi\u00ean b\u1ea3n ti\u1ec1n nhi\u1ec7m &#8211; GTR Premium 2.0. \u0110\u1ed1i v\u1edbi s\u1ea3n ph\u1ea9m m\u1edbi n\u00e0y \u0111\u01b0\u1ee3c h\u00e3ng n\u00e2ng c\u1ea5p nh\u1eefng \u0111i\u1ec3m m\u1edbi, t\u1eeb ngo\u1ea1i h\u00ecnh \u0111\u1ebfn t\u00ednh n\u0103ng m\u1edbi \u0111\u1ec3 tr\u1edf n\u00ean \u01b0u vi\u1ec7t h\u01a1n.<\/p>\n<p><span style=\"color: #ff0000;\"><strong>Auto Th\u00e1i D\u01b0\u01a1ng<\/strong> <\/span>&#8211; \u0110\u1ea1i l\u00ed ch\u00ednh h\u00e3ng<strong> GTR Vi\u1ec7t Nam<\/strong> t\u1ea1i <strong>TP.B\u1ea3o L\u1ed9c<\/strong><\/p>\n<p><strong>Hotline: 0912197441<\/strong><\/p>\n","protected":false},"featured_media":1814,"comment_status":"open","ping_status":"closed","template":"","meta":[],"product_brand":[139],"product_cat":[16,26],"product_tag":[],"class_list":{"0":"post-1809","1":"product","2":"type-product","3":"status-publish","4":"has-post-thumbnail","6":"product_brand-gtr","7":"product_cat-anh-sang","8":"product_cat-bi-led","10":"first","11":"instock","12":"shipping-taxable","13":"purchasable","14":"product-type-simple"},"_links":{"self":[{"href":"https:\/\/autothaiduong.vn\/index.php?rest_route=\/wp\/v2\/product\/1809","targetHints":{"allow":["GET"]}}],"collection":[{"href":"https:\/\/autothaiduong.vn\/index.php?rest_route=\/wp\/v2\/product"}],"about":[{"href":"https:\/\/autothaiduong.vn\/index.php?rest_route=\/wp\/v2\/types\/product"}],"replies":[{"embeddable":true,"href":"https:\/\/autothaiduong.vn\/index.php?rest_route=%2Fwp%2Fv2%2Fcomments&post=1809"}],"wp:featuredmedia":[{"embeddable":true,"href":"https:\/\/autothaiduong.vn\/index.php?rest_route=\/wp\/v2\/media\/1814"}],"wp:attachment":[{"href":"https:\/\/autothaiduong.vn\/index.php?rest_route=%2Fwp%2Fv2%2Fmedia&parent=1809"}],"wp:term":[{"taxonomy":"product_brand","embeddable":true,"href":"https:\/\/autothaiduong.vn\/index.php?rest_route=%2Fwp%2Fv2%2Fproduct_brand&post=1809"},{"taxonomy":"product_cat","embeddable":true,"href":"https:\/\/autothaiduong.vn\/index.php?rest_route=%2Fwp%2Fv2%2Fproduct_cat&post=1809"},{"taxonomy":"product_tag","embeddable":true,"href":"https:\/\/autothaiduong.vn\/index.php?rest_route=%2Fwp%2Fv2%2Fproduct_tag&post=1809"}],"curies":[{"name":"wp","href":"https:\/\/api.w.org\/{rel}","templated":true}]}}