{"id":1818,"date":"2025-05-15T16:36:48","date_gmt":"2025-05-15T16:36:48","guid":{"rendered":"https:\/\/autothaiduong.vn\/?post_type=product&#038;p=1818"},"modified":"2025-05-15T16:37:46","modified_gmt":"2025-05-15T16:37:46","slug":"bi-laser-henvvei-l92-pronew-2024","status":"publish","type":"product","link":"https:\/\/autothaiduong.vn\/?product=bi-laser-henvvei-l92-pronew-2024","title":{"rendered":"BI LASER HENVVEI L92 PRO(NEW 2024)"},"content":{"rendered":"<p><img loading=\"lazy\" decoding=\"async\" class=\" wp-image-1537 aligncenter\" src=\"https:\/\/autothaiduong.vn\/wp-content\/uploads\/2025\/05\/z6584734442481_f208f5944548cb4b46353402ce2e64e0-1.jpg\" alt=\"\" width=\"263\" height=\"233\" \/><\/p>\n<p style=\"text-align: center;\"><span style=\"color: #ff0000; font-size: 150%;\"><strong>273-275 Tr\u1ea7n Ph\u00fa Ph\u01b0\u1eddng L\u1ed9c S\u01a1n Th\u00e0nh Ph\u1ed1 B\u1ea3o L\u1ed9c T\u1ec9nh L\u00e2m \u0110\u1ed3ng<\/strong><\/span><\/p>\n<p style=\"text-align: center;\"><span style=\"color: #ff0000; font-size: 150%;\"><strong> Hotline: 0912197441<\/strong><\/span><\/p>\n<p><img loading=\"lazy\" decoding=\"async\" class=\"alignnone size-full wp-image-1822\" src=\"https:\/\/autothaiduong.vn\/wp-content\/uploads\/2025\/05\/2-8.jpg\" alt=\"BI LASER HENVVEI L92 PRO(NEW 2024)\" width=\"1280\" height=\"1280\" srcset=\"https:\/\/autothaiduong.vn\/wp-content\/uploads\/2025\/05\/2-8.jpg 1280w, https:\/\/autothaiduong.vn\/wp-content\/uploads\/2025\/05\/2-8-600x600.jpg 600w, https:\/\/autothaiduong.vn\/wp-content\/uploads\/2025\/05\/2-8-1024x1024.jpg 1024w, https:\/\/autothaiduong.vn\/wp-content\/uploads\/2025\/05\/2-8-300x300.jpg 300w, https:\/\/autothaiduong.vn\/wp-content\/uploads\/2025\/05\/2-8-768x768.jpg 768w, https:\/\/autothaiduong.vn\/wp-content\/uploads\/2025\/05\/2-8-100x100.jpg 100w\" sizes=\"auto, (max-width: 1280px) 100vw, 1280px\" \/><\/p>\n<p>Th\u1ecb tr\u01b0\u1eddng t\u0103ng s\u00e1ng trong nh\u1eefng th\u00e1ng cu\u1ed1i n\u0103m lu\u00f4n \u201cs\u00f4i \u0111\u1ed9ng\u201d v\u00e0 \u201cn\u00e1o nhi\u1ec7t\u201d, th\u01b0\u01a1ng hi\u1ec7u Henvvei c\u0169ng \u0111\u00e3 \u0111\u00f3ng g\u00f3p m\u1ed9t ph\u1ea7n quan tr\u1ecdng v\u00e0o \u0111\u00f3. Th\u00e1ng 10\/2023, Henvvei ch\u00ednh th\u1ee9c cho ra m\u1eaft s\u1ea3n ph\u1ea9m Bi Laser Henvvei L92 Pro (New 2024) v\u1edbi m\u1ec7nh danh \u201c\u0111\u00e8n Si\u00eau Pha\u201d \u0111\u00e3 \u0111em \u0111\u1ebfn cho th\u1ecb tr\u01b0\u1eddng t\u0103ng s\u00e1ng l\u00e0n gi\u00f3 m\u1edbi, h\u1ee9a h\u1eb9n \u0111\u00e2y s\u1ebd l\u00e0 s\u1ea3n ph\u1ea9m cho anh em \u0111am m\u00ea \u00e1nh s\u00e1ng Pha m\u1ed9t tr\u1ea3i nghi\u1ec7m ho\u00e0n to\u00e0n m\u1edbi.<\/p>\n<div>\n<table width=\"620\">\n<colgroup>\n<col width=\"288\" \/>\n<col width=\"332\" \/><\/colgroup>\n<\/table>\n<\/div>\n<p>&nbsp;<\/p>\n<p><img loading=\"lazy\" decoding=\"async\" class=\"alignnone size-full wp-image-1823\" src=\"https:\/\/autothaiduong.vn\/wp-content\/uploads\/2025\/05\/1-15.jpg\" width=\"1280\" height=\"1280\" srcset=\"https:\/\/autothaiduong.vn\/wp-content\/uploads\/2025\/05\/1-15.jpg 1280w, https:\/\/autothaiduong.vn\/wp-content\/uploads\/2025\/05\/1-15-600x600.jpg 600w, https:\/\/autothaiduong.vn\/wp-content\/uploads\/2025\/05\/1-15-1024x1024.jpg 1024w, https:\/\/autothaiduong.vn\/wp-content\/uploads\/2025\/05\/1-15-300x300.jpg 300w, https:\/\/autothaiduong.vn\/wp-content\/uploads\/2025\/05\/1-15-768x768.jpg 768w, https:\/\/autothaiduong.vn\/wp-content\/uploads\/2025\/05\/1-15-100x100.jpg 100w\" sizes=\"auto, (max-width: 1280px) 100vw, 1280px\" \/><\/p>\n<h2 id=\"1\"><a id=\"thi--t-k--ngo--i-h-nh-sang-tr--ng\" class=\"toc-a-tag\"><\/a>Thi\u1ebft k\u1ebf ngo\u1ea1i h\u00ecnh sang tr\u1ecdng<\/h2>\n<p>Bi Laser Henvvei L92 Pro (New 2024) v\u1edbi thi\u1ebft k\u1ebf sang tr\u1ecdng t\u1eeb ngo\u1ea1i h\u00ecnh cho \u0111\u1ebfn h\u1ed9p \u0111\u1ef1ng s\u1ea3n ph\u1ea9m. Ph\u1ea7n h\u1ed9p \u0111\u00e8n \u0111\u01b0\u1ee3c thi\u1ebft k\u1ebf \u0111\u01a1n gi\u1ea3n v\u1edbi m\u00e0u \u0111en nh\u01b0ng to\u00e1t l\u00ean v\u1ebb huy\u1ec1n b\u00ed c\u1ee7a s\u1eafc \u0111en, \u0111i k\u00e8m \u0111\u00f3 l\u00e0 ph\u1ea7n s\u1ecdc cam ch\u1ea1y theo vi\u1ec1n h\u1ed9p, m\u1ed9t trong nh\u1eefng chi ti\u1ebft kh\u00f4ng th\u1ec3 thi\u1ebfu l\u00e0 logo th\u01b0\u01a1ng hi\u1ec7u \u0111\u01b0\u1ee3c in n\u1ed5i b\u1eadt tr\u00ean h\u1ed9p \u0111\u00e8n, \u0111em \u0111\u1ebfn s\u1ef1 ri\u00eang bi\u1ec7t c\u0169ng nh\u01b0 \u0111\u1ed9 nh\u1eadn di\u1ec7n c\u1ee7a s\u1ea3n ph\u1ea9m.<\/p>\n<p><img loading=\"lazy\" decoding=\"async\" class=\"alignnone size-full wp-image-1824\" src=\"https:\/\/autothaiduong.vn\/wp-content\/uploads\/2025\/05\/3-9.jpg\" width=\"1280\" height=\"1280\" srcset=\"https:\/\/autothaiduong.vn\/wp-content\/uploads\/2025\/05\/3-9.jpg 1280w, https:\/\/autothaiduong.vn\/wp-content\/uploads\/2025\/05\/3-9-600x600.jpg 600w, https:\/\/autothaiduong.vn\/wp-content\/uploads\/2025\/05\/3-9-1024x1024.jpg 1024w, https:\/\/autothaiduong.vn\/wp-content\/uploads\/2025\/05\/3-9-300x300.jpg 300w, https:\/\/autothaiduong.vn\/wp-content\/uploads\/2025\/05\/3-9-768x768.jpg 768w, https:\/\/autothaiduong.vn\/wp-content\/uploads\/2025\/05\/3-9-100x100.jpg 100w\" sizes=\"auto, (max-width: 1280px) 100vw, 1280px\" \/><\/p>\n<p>V\u1ec1 ngo\u1ea1i h\u00ecnh, Bi Laser Henvvei L92 Pro (New 2024) \u0111\u01b0\u1ee3c thi\u1ebft k\u1ebf ho\u00e0n to\u00e0n kh\u00e1c bi\u1ec7t so v\u1edbi phi\u00ean b\u1ea3n ti\u1ec1n nhi\u1ec7m tr\u01b0\u1edbc \u0111\u00f3. S\u1ea3n ph\u1ea9m \u0111\u01b0\u1ee3c s\u01a1n ph\u1ee7 m\u1ed9t l\u1edbp m\u00e0u \u0111en v\u00e0 c\u00f3 th\u00eam nh\u1eefng chi ti\u1ebft m\u00e0u v\u00e0ng \u0111\u1ed3ng \u0111em \u0111\u1ebfn \u0111\u1ed9 sang tr\u1ecdng nh\u1ea5t \u0111\u1ecbnh, ph\u1ea7n body c\u1ee7a L92 Pro (New 2024) \u0111\u01b0\u1ee3c ho\u00e0n thi\u1ec7n t\u1eeb v\u1eadt li\u1ec7u Aluminum mang \u0111\u1ebfn \u0111\u1ed9 c\u1ee9ng c\u00e1p v\u00e0 b\u1ec1n b\u1ec9 theo th\u1eddi gian.<\/p>\n<h2 id=\"2\"><a id=\"c-ng-ngh--lens-ar-cao-c--p\" class=\"toc-a-tag\"><\/a>C\u00f4ng ngh\u1ec7 Lens AR cao c\u1ea5p<\/h2>\n<p>Bi Laser Henvvei L92 Pro (New 2024) \u0111\u01b0\u1ee3c s\u01a1n ph\u1ee7 m\u1ed9t l\u1edbp AR cao c\u1ea5p tr\u00ean lens mang \u0111\u1ebfn s\u1ef1 sang tr\u1ecdng v\u00e0 \u0111\u1eb3ng c\u1ea5p, c\u00f3 th\u1ec3 n\u00f3i \u0111\u00e2y c\u0169ng l\u00e0 \u0111i\u1ec3m n\u1ed5i b\u1eadt tr\u00ean c\u00e1c d\u00f2ng \u0111\u00e8n cao c\u1ea5p trong th\u1ecb tr\u01b0\u1eddng t\u0103ng s\u00e1ng t\u1ea1i Vi\u1ec7t Nam. B\u00ean c\u1ea1nh \u0111\u00f3, v\u1edbi c\u00f4ng ngh\u1ec7 AR c\u00f2n gi\u00fap b\u1ea3o v\u1ec7 lens kh\u1ecfi c\u00e1c t\u00e1c nh\u00e2n v\u1eadt l\u00fd g\u00e2y h\u1ea1i \u0111\u1ebfn s\u1ea3n ph\u1ea9m v\u00e0 kh\u00f4ng g\u00e2y ra t\u00ecnh tr\u1ea1ng ch\u00f3i m\u1eaft cho ng\u01b0\u1eddi di chuy\u1ec3n \u1edf \u0111\u1ed1i di\u1ec7n.<\/p>\n<p><img loading=\"lazy\" decoding=\"async\" class=\"alignnone size-full wp-image-1825\" src=\"https:\/\/autothaiduong.vn\/wp-content\/uploads\/2025\/05\/4-11.jpg\" width=\"1280\" height=\"1280\" srcset=\"https:\/\/autothaiduong.vn\/wp-content\/uploads\/2025\/05\/4-11.jpg 1280w, https:\/\/autothaiduong.vn\/wp-content\/uploads\/2025\/05\/4-11-600x600.jpg 600w, https:\/\/autothaiduong.vn\/wp-content\/uploads\/2025\/05\/4-11-1024x1024.jpg 1024w, https:\/\/autothaiduong.vn\/wp-content\/uploads\/2025\/05\/4-11-300x300.jpg 300w, https:\/\/autothaiduong.vn\/wp-content\/uploads\/2025\/05\/4-11-768x768.jpg 768w, https:\/\/autothaiduong.vn\/wp-content\/uploads\/2025\/05\/4-11-100x100.jpg 100w\" sizes=\"auto, (max-width: 1280px) 100vw, 1280px\" \/><\/p>\n<p>M\u1ed9t \u0111i\u1ec3m c\u1ea3i ti\u1ebfn m\u1edbi so v\u1edbi phi\u00ean b\u1ea3n ti\u1ec1n nhi\u1ec7m l\u00e0 thi\u1ebft k\u1ebf th\u00eam 2 m\u1eaft tr\u1ee3 Pha n\u1eb1m hai b\u00ean h\u00f4ng tr\u00ean b\u1ec1 m\u1eb7t lens n\u00ean kh\u00f4ng b\u1ecb c\u1ea3n s\u00e1ng cho c\u00e1c d\u00f2ng \u0111\u00e8n ch\u00f3a h\u1eb9p, \u0111\u00e2y c\u0169ng l\u00e0 \u0111i\u1ec3m n\u1ed5i b\u1eadt v\u01b0\u1ee3t tr\u1ed9i gi\u00fap \u0111\u00e1p \u1ee9ng \u0111\u01b0\u1ee3c h\u1ea7u h\u1ebft cho t\u1ea5t c\u1ea3 c\u00e1c d\u00f2ng xe tr\u00ean th\u1ecb tr\u01b0\u1eddng v\u1edbi m\u1ee5c \u0111\u00edch c\u1ea3i thi\u1ec7n \u00e1nh s\u00e1ng m\u1ed9t c\u00e1ch ho\u00e0n h\u1ea3o.<\/p>\n<h2 id=\"3\"><a id=\"h--th--ng-t--n-nhi--t-cao-c--p\" class=\"toc-a-tag\"><\/a>H\u1ec7 th\u1ed1ng t\u1ea3n nhi\u1ec7t cao c\u1ea5p<\/h2>\n<p>Bi Laser Henvvei L92 Pro (New 2024) trang b\u1ecb h\u1ec7 th\u1ed1ng t\u1ea3n nhi\u1ec7t cao c\u1ea5p \u0111\u01b0\u1ee3c l\u00e0m b\u1eb1ng nh\u00f4m gi\u00fap duy tr\u00ec s\u1ef1 \u1ed5n \u0111\u1ecbnh v\u00e0 gia t\u0103ng tu\u1ed5i th\u1ecd cho s\u1ea3n ph\u1ea9m. T\u1ea3n nhi\u1ec7t \u0111\u01b0\u1ee3c gia c\u00f4ng \u1edf b\u1ec1 m\u1eb7t sau gi\u00fap t\u0103ng kh\u1ea3 n\u0103ng t\u1ea3n nhi\u1ec7t, 2 \u1ed1ng \u0111\u1ed3ng d\u1eabn v\u00f4 body s\u1ea3n ph\u1ea9m gi\u00fap k\u00e9o nhi\u1ec7t ra ngo\u00e0i gi\u00fap nhi\u1ec7t \u0111\u1ed9 c\u1ee7a Laser<\/p>\n<p><img loading=\"lazy\" decoding=\"async\" class=\"alignnone size-full wp-image-1824\" src=\"https:\/\/autothaiduong.vn\/wp-content\/uploads\/2025\/05\/3-9.jpg\" width=\"1280\" height=\"1280\" srcset=\"https:\/\/autothaiduong.vn\/wp-content\/uploads\/2025\/05\/3-9.jpg 1280w, https:\/\/autothaiduong.vn\/wp-content\/uploads\/2025\/05\/3-9-600x600.jpg 600w, https:\/\/autothaiduong.vn\/wp-content\/uploads\/2025\/05\/3-9-1024x1024.jpg 1024w, https:\/\/autothaiduong.vn\/wp-content\/uploads\/2025\/05\/3-9-300x300.jpg 300w, https:\/\/autothaiduong.vn\/wp-content\/uploads\/2025\/05\/3-9-768x768.jpg 768w, https:\/\/autothaiduong.vn\/wp-content\/uploads\/2025\/05\/3-9-100x100.jpg 100w\" sizes=\"auto, (max-width: 1280px) 100vw, 1280px\" \/><\/p>\n<p>Driver \u0111\u01b0\u1ee3c \u0111\u1eb7t r\u1eddi \u1edf ph\u00eda b\u00ean ngo\u00e0i, thu\u1eadn ti\u1ec7n h\u01a1n trong v\u1ea5n \u0111\u1ec1 b\u1ea3o tr\u00ec v\u00e0 s\u1eeda ch\u1eefa, gi\u1ea3m thi\u1ec3u h\u01b0 h\u1ea1i cho driver khi c\u00f3 v\u1ea5n \u0111\u1ec1 x\u1ea3y ra. Ngo\u00e0i ra th\u00ec vi\u1ec7c thi\u1ebft k\u1ebf driver r\u1eddi c\u00f2n gi\u00fap t\u1ea3n nhi\u1ec7t cho Driver m\u1ed9t c\u00e1ch hi\u1ec7u qu\u1ea3.<\/p>\n<h2 id=\"4\"><a id=\"c--u-h-nh--nh-s-ng-m--nh-m---v---t-tr--i\" class=\"toc-a-tag\"><\/a>C\u1ea5u h\u00ecnh \u00e1nh s\u00e1ng m\u1ea1nh m\u1ebd, v\u01b0\u1ee3t tr\u1ed9i<\/h2>\n<p>Bi Laser Henvvei L92 Pro (New 2024) trang b\u1ecb c\u1ea5u h\u00ecnh m\u1ea1nh m\u1ebd v\u00e0 s\u1edf h\u1eefu c\u1ea5u h\u00ecnh 9+3 nh\u00e2n chip LED Osram cao c\u1ea5p c\u1ed9ng h\u01b0\u1edfng c\u00f9ng 3 Diode Nichia Japan 35W ph\u00e1t ra \u00e1nh s\u00e1ng c\u00f9ng m\u1ed9t l\u00fac \u0111em \u0111\u1ebfn m\u1ed9t lu\u1ed3ng s\u00e1ng v\u00f4 c\u00f9ng m\u1ea1nh m\u1ebd, \u0111\u01b0\u1ee3c m\u1ec7nh danh l\u00e0 \u201cvua laser\u201d \u0111\u1ec9nh nh\u1ea5t tr\u00ean th\u1ecb tr\u01b0\u1eddng hi\u1ec7n nay v\u1edbi \u00e1nh s\u00e1ng Cos 60W v\u00e0 Pha 95W cho ra t\u1ea7m chi\u1ebfu xa l\u00ean \u0111\u1ebfn 1500m gi\u00fap ph\u00e1 tan m\u1ecdi r\u00e0o c\u1ea3n b\u00f3ng t\u1ed1i, \u0111em \u0111\u1ebfn m\u1ed9t t\u1ea7m nh\u00ecn v\u01b0\u1ee3t tr\u1ed9i v\u00e0 k\u1ecbp th\u1eddi x\u1eed l\u00fd c\u0169ng nh\u01b0 nh\u1eadn bi\u1ebft nh\u1eefng v\u1eadt c\u1ea3n ph\u00eda tr\u01b0\u1edbc.<\/p>\n<h2 id=\"5\"><a id=\"cos-s-ng-b-m----ng\" class=\"toc-a-tag\"><\/a>Cos s\u00e1ng, b\u00e1m \u0111\u01b0\u1eddng<\/h2>\n<p>\u1ede ch\u1ebf \u0111\u1ed9 Cos, \u00e1nh s\u00e1ng c\u1ee7a Bi Laser Henvvei L92 Pro (New 2024) \u0111\u1ea1t c\u00f4ng su\u1ea5t 60W cho ra \u00e1nh s\u00e1ng m\u1ea1nh m\u1ebd, \u00e1nh s\u00e1ng \u0111\u1ec1u t\u1eadp trung v\u00e0 g\u00f4m t\u1ea1i t\u00e2m, \u0111\u00e1p \u1ee9ng \u0111\u01b0\u1ee3c nhu c\u1ea7u s\u1eed d\u1ee5ng v\u00e0 n\u00e2ng c\u1ea5p \u00e1nh s\u00e1ng cho x\u1ebf y\u00eau c\u1ee7a kh\u00e1ch h\u00e0ng.<\/p>\n<p><img loading=\"lazy\" decoding=\"async\" class=\"alignnone size-full wp-image-1827\" src=\"https:\/\/autothaiduong.vn\/wp-content\/uploads\/2025\/05\/cos-13.jpg\" width=\"1280\" height=\"1280\" srcset=\"https:\/\/autothaiduong.vn\/wp-content\/uploads\/2025\/05\/cos-13.jpg 1280w, https:\/\/autothaiduong.vn\/wp-content\/uploads\/2025\/05\/cos-13-600x600.jpg 600w, https:\/\/autothaiduong.vn\/wp-content\/uploads\/2025\/05\/cos-13-1024x1024.jpg 1024w, https:\/\/autothaiduong.vn\/wp-content\/uploads\/2025\/05\/cos-13-300x300.jpg 300w, https:\/\/autothaiduong.vn\/wp-content\/uploads\/2025\/05\/cos-13-768x768.jpg 768w, https:\/\/autothaiduong.vn\/wp-content\/uploads\/2025\/05\/cos-13-100x100.jpg 100w\" sizes=\"auto, (max-width: 1280px) 100vw, 1280px\" \/><\/p>\n<h2 id=\"6\"><a id=\"--si-u-pha--m--nh-m--\" class=\"toc-a-tag\"><\/a>\u201cSi\u00eau Pha\u201d m\u1ea1nh m\u1ebd<\/h2>\n<p>\u00c1nh s\u00e1ng ch\u1ebf \u0111\u1ed9 Pha c\u1ee7a Bi Laser Henvvei L92 Pro (New 2024) l\u00e0 m\u1ed9t trong nh\u1eefng \u0111i\u1ec3m kh\u00f4ng th\u1ec3 kh\u00f4ng nh\u1eafc \u0111\u1ebfn b\u1edfi c\u00f4ng su\u1ea5t m\u1ea1nh m\u1ebd m\u00e0 n\u00f3 mang \u0111\u1ebfn, v\u1edbi c\u00f4ng su\u1ea5t l\u00ean \u0111\u1ebfn 95W, Henvvei L92 Pro (New 2024) \u0111\u01b0\u1ee3c m\u1ec7nh danh l\u00e0 \u201cVua bi Pha\u201d \u1edf th\u1eddi \u0111i\u1ec3m hi\u1ec7n t\u1ea1i. \u00c1nh s\u00e1ng Pha m\u1ea1nh m\u1ebd v\u00e0 t\u1ea7m chi\u1ebfu xa cao, \u0111\u00e2y s\u1ebd l\u00e0 s\u1ea3n ph\u1ea9m ph\u00f9 h\u1ee3p cho anh em \u0111am m\u00ea \u00e1nh s\u00e1ng Pha.<\/p>\n<p><img loading=\"lazy\" decoding=\"async\" class=\"alignnone size-full wp-image-1828\" src=\"https:\/\/autothaiduong.vn\/wp-content\/uploads\/2025\/05\/pha-13.jpg\" width=\"1280\" height=\"1280\" srcset=\"https:\/\/autothaiduong.vn\/wp-content\/uploads\/2025\/05\/pha-13.jpg 1280w, https:\/\/autothaiduong.vn\/wp-content\/uploads\/2025\/05\/pha-13-600x600.jpg 600w, https:\/\/autothaiduong.vn\/wp-content\/uploads\/2025\/05\/pha-13-1024x1024.jpg 1024w, https:\/\/autothaiduong.vn\/wp-content\/uploads\/2025\/05\/pha-13-300x300.jpg 300w, https:\/\/autothaiduong.vn\/wp-content\/uploads\/2025\/05\/pha-13-768x768.jpg 768w, https:\/\/autothaiduong.vn\/wp-content\/uploads\/2025\/05\/pha-13-100x100.jpg 100w\" sizes=\"auto, (max-width: 1280px) 100vw, 1280px\" \/><\/p>\n<h2 id=\"7\"><a id=\"nhi--t-m-u\" class=\"toc-a-tag\"><\/a>Nhi\u1ec7t m\u00e0u<\/h2>\n<p>Bi Laser Henvvei L92 Pro (New 2024) s\u1edf h\u1eefu nhi\u1ec7t m\u00e0u 5200K cho ra \u00e1nh s\u00e1ng t\u01b0\u01a1ng t\u1ef1 \u00e1nh s\u00e1ng ban ng\u00e0y, gi\u00fap kh\u1eafc ph\u1ee5c \u0111\u01b0\u1ee3c t\u00ecnh tr\u1ea1ng m\u1ecfi m\u1eaft khi l\u00e1i xe \u0111\u01b0\u1eddng d\u00e0i, b\u00ean c\u1ea1nh \u0111\u00f3, v\u1edbi nhi\u1ec7t m\u00e0u 5200K th\u00ec s\u1ea3n ph\u1ea9m c\u00f3 th\u1ec3 \u0111\u00e1p \u1ee9ng \u0111\u01b0\u1ee3c nhu c\u1ea7u khi chuy\u1ec3n trong \u0111i\u1ec1u ki\u1ec7n th\u1eddi ti\u1ebft \u0111\u00eam t\u1ed1i, \u0111\u01b0\u1eddng m\u01b0a nh\u01b0ng v\u1eabn mang \u0111\u1ebfn t\u00ednh th\u1ea9m m\u1ef9 th\u1eddi trang v\u00f4 c\u00f9ng t\u1ed1t.<\/p>\n<h2 id=\"8\"><a id=\"---a--i--m-l--p---t\" class=\"toc-a-tag\"><\/a>\u0110\u1ecba \u0111i\u1ec3m l\u1eafp \u0111\u1eb7t<\/h2>\n<p>Bi Laser Henvvei L92 Pro (New 2024) v\u1edbi nh\u1eefng c\u1ea3i ti\u1ebfn n\u1ed5i b\u1eadt hi\u1ec7n \u0111\u00e3 c\u00f3 m\u1eb7t t\u1ea1i c\u00e1c chi nh\u00e1nh, \u0111\u1ea1i l\u00fd Auto Th\u00e1i D\u01b0\u01a1ng v\u1edbi m\u1ee9c gi\u00e1 ni\u00eam y\u1ebft 33.000.000 VN\u0110. \u0110\u00e2y ch\u1eafc ch\u1eafn s\u1ebd l\u00e0 s\u1ea3n ph\u1ea9m si\u00eau Laser \u0111em \u0111\u1ebfn cho qu\u00fd kh\u00e1ch h\u00e0ng m\u1ed9t tr\u1ea3i nghi\u1ec7m t\u1ed1t v\u00e0 m\u1edbi m\u1ebb nh\u1ea5t.<\/p>\n<p><iframe loading=\"lazy\" src=\"https:\/\/www.youtube.com\/embed\/C4QqcFbRS8I\" width=\"100%\" height=\"400\" frameborder=\"0\" scrolling=\"yes\" data-mce-fragment=\"1\"><\/iframe><\/p>\n","protected":false},"excerpt":{"rendered":"<h2>Th\u00f4ng s\u1ed1 k\u1ef9 thu\u1eadt BI LASER HENVVEI L92 PRO(NEW 2024)<\/h2>\n<table>\n<tbody>\n<tr>\n<td class=\"lileft\">Chip LED:<\/td>\n<td class=\"liright\">Osram<\/td>\n<\/tr>\n<tr>\n<td class=\"lileft\">C\u00f4ng Su\u1ea5t Cos:<\/td>\n<td class=\"liright\">60W<\/td>\n<\/tr>\n<tr>\n<td class=\"lileft\">C\u00f4ng Su\u1ea5t Pha:<\/td>\n<td class=\"liright\">95W<\/td>\n<\/tr>\n<tr>\n<td class=\"lileft\">Lens:<\/td>\n<td class=\"liright\">AR<\/td>\n<\/tr>\n<tr>\n<td class=\"lileft\">Nhi\u1ec7t m\u00e0u:<\/td>\n<td class=\"liright\">5200K<\/td>\n<\/tr>\n<tr>\n<td class=\"lileft\">Tu\u1ed5i th\u1ecd:<\/td>\n<td class=\"liright\">50.000 gi\u1edd<\/td>\n<\/tr>\n<tr>\n<td class=\"lileft\">Voltage:<\/td>\n<td class=\"liright\">12V-16V<\/td>\n<\/tr>\n<tr>\n<td class=\"lileft\">Diode LASER:<\/td>\n<td class=\"liright\">3 Diode Nichia Japan 35W<\/td>\n<\/tr>\n<tr>\n<td class=\"lileft\">S\u1ed1 nh\u00e2n LED:<\/td>\n<td class=\"liright\">9+3<\/td>\n<\/tr>\n<tr>\n<td class=\"lileft\">K\u00edch Th\u01b0\u1edbc Lens:<\/td>\n<td class=\"liright\">3 inch<\/td>\n<\/tr>\n<tr>\n<td class=\"lileft\">V\u1eadt li\u1ec7u t\u1ea3n nhi\u1ec7t:<\/td>\n<td class=\"liright\">Aluminum<\/td>\n<\/tr>\n<tr>\n<td class=\"lileft\">Ch\u1ec9 s\u1ed1 ho\u00e0n m\u00e0u (CRI):<\/td>\n<td class=\"liright\">90\/100<\/td>\n<\/tr>\n<tr>\n<td class=\"lileft\">B\u1ea3o h\u00e0nh:<\/td>\n<td class=\"liright\">36 th\u00e1ng<\/td>\n<\/tr>\n<tr>\n<td class=\"lileft\">N\u0103m s\u1ea3n xu\u1ea5t:<\/td>\n<td class=\"liright\">10\/2023<\/td>\n<\/tr>\n<tr>\n<td class=\"lileft\">T\u1ea7m chi\u1ebfu xa:<\/td>\n<td class=\"liright\">1500m<\/td>\n<\/tr>\n<\/tbody>\n<\/table>\n","protected":false},"featured_media":1823,"comment_status":"open","ping_status":"closed","template":"","meta":[],"product_brand":[136],"product_cat":[16,26],"product_tag":[],"class_list":{"0":"post-1818","1":"product","2":"type-product","3":"status-publish","4":"has-post-thumbnail","6":"product_brand-henvei","7":"product_cat-anh-sang","8":"product_cat-bi-led","10":"first","11":"instock","12":"sale","13":"shipping-taxable","14":"purchasable","15":"product-type-simple"},"_links":{"self":[{"href":"https:\/\/autothaiduong.vn\/index.php?rest_route=\/wp\/v2\/product\/1818","targetHints":{"allow":["GET"]}}],"collection":[{"href":"https:\/\/autothaiduong.vn\/index.php?rest_route=\/wp\/v2\/product"}],"about":[{"href":"https:\/\/autothaiduong.vn\/index.php?rest_route=\/wp\/v2\/types\/product"}],"replies":[{"embeddable":true,"href":"https:\/\/autothaiduong.vn\/index.php?rest_route=%2Fwp%2Fv2%2Fcomments&post=1818"}],"wp:featuredmedia":[{"embeddable":true,"href":"https:\/\/autothaiduong.vn\/index.php?rest_route=\/wp\/v2\/media\/1823"}],"wp:attachment":[{"href":"https:\/\/autothaiduong.vn\/index.php?rest_route=%2Fwp%2Fv2%2Fmedia&parent=1818"}],"wp:term":[{"taxonomy":"product_brand","embeddable":true,"href":"https:\/\/autothaiduong.vn\/index.php?rest_route=%2Fwp%2Fv2%2Fproduct_brand&post=1818"},{"taxonomy":"product_cat","embeddable":true,"href":"https:\/\/autothaiduong.vn\/index.php?rest_route=%2Fwp%2Fv2%2Fproduct_cat&post=1818"},{"taxonomy":"product_tag","embeddable":true,"href":"https:\/\/autothaiduong.vn\/index.php?rest_route=%2Fwp%2Fv2%2Fproduct_tag&post=1818"}],"curies":[{"name":"wp","href":"https:\/\/api.w.org\/{rel}","templated":true}]}}