{"id":1829,"date":"2025-05-15T16:41:00","date_gmt":"2025-05-15T16:41:00","guid":{"rendered":"https:\/\/autothaiduong.vn\/?post_type=product&#038;p=1829"},"modified":"2025-05-15T16:41:08","modified_gmt":"2025-05-15T16:41:08","slug":"bi-laser-henvvei-l95-pro-2022","status":"publish","type":"product","link":"https:\/\/autothaiduong.vn\/?product=bi-laser-henvvei-l95-pro-2022","title":{"rendered":"BI LASER HENVVEI L95 PRO 2022"},"content":{"rendered":"<p><img loading=\"lazy\" decoding=\"async\" class=\" wp-image-1537 aligncenter\" src=\"https:\/\/autothaiduong.vn\/wp-content\/uploads\/2025\/05\/z6584734442481_f208f5944548cb4b46353402ce2e64e0-1.jpg\" alt=\"\" width=\"262\" height=\"232\" \/><\/p>\n<p style=\"text-align: center;\"><span style=\"font-size: 150%;\"><strong><span style=\"color: #ff0000;\">273-275 Tr\u1ea7n Ph\u00fa Ph\u01b0\u1eddng L\u1ed9c S\u01a1n Th\u00e0nh Ph\u1ed1 B\u1ea3o L\u1ed9c T\u1ec9nh L\u00e2m \u0110\u1ed3ng <\/span><\/strong><\/span><\/p>\n<p style=\"text-align: center;\"><span style=\"font-size: 150%;\"><strong><span style=\"color: #ff0000;\">Hotline: 0912197441<\/span><\/strong><\/span><\/p>\n<p><img loading=\"lazy\" decoding=\"async\" class=\"alignnone size-full wp-image-1835\" src=\"https:\/\/autothaiduong.vn\/wp-content\/uploads\/2025\/05\/henvvei-l95-pro-2022-1-1.jpg\" width=\"1280\" height=\"853\" alt=\"BI LASER HENVVEI L95 PRO 2022\" srcset=\"https:\/\/autothaiduong.vn\/wp-content\/uploads\/2025\/05\/henvvei-l95-pro-2022-1-1.jpg 1280w, https:\/\/autothaiduong.vn\/wp-content\/uploads\/2025\/05\/henvvei-l95-pro-2022-1-1-600x400.jpg 600w, https:\/\/autothaiduong.vn\/wp-content\/uploads\/2025\/05\/henvvei-l95-pro-2022-1-1-1024x682.jpg 1024w, https:\/\/autothaiduong.vn\/wp-content\/uploads\/2025\/05\/henvvei-l95-pro-2022-1-1-768x512.jpg 768w\" sizes=\"auto, (max-width: 1280px) 100vw, 1280px\" \/><\/p>\n<p dir=\"ltr\">Henvvei l\u00e0 m\u1ed9t trong nh\u1eefng th\u01b0\u01a1ng hi\u1ec7u \u0111i \u0111\u1ea7u v\u1ec1 Bi Laser \u0111\u01b0\u1ee3c c\u00e1c chuy\u00ean gia \u0111\u00e1nh gi\u00e1 cao v\u1ec1 ch\u1ea5t l\u01b0\u1ee3ng, \u0111\u1ed9 uy t\u00edn c\u1ee7a s\u1ea3n ph\u1ea9m m\u00e0 h\u00e3ng \u0111em \u0111\u1ebfn cho c\u00e1c ch\u1ee7 xe mu\u1ed1n n\u00e2ng c\u1ea5p cho x\u1ebf y\u00eau v\u1edbi nh\u1eefng t\u00ednh n\u0103ng n\u1ed5i tr\u1ed9i m\u00e0 h\u00e3ng \u0111\u00e3 nghi\u00ean c\u1ee9u. Nh\u01b0ng c\u00e1c b\u1ea1n c\u00f3 th\u1ef1c s\u1ef1 hi\u1ec3u v\u1ec1 n\u00f3, ch\u00ednh v\u00ec th\u1ebf b\u00e0i vi\u1ebft n\u00e0y s\u1ebd t\u1ed5ng h\u1ee3p nh\u1eefng th\u00f4ng tin m\u1edbi nh\u1ea5t v\u1ec1 th\u00f4ng s\u1ed1 c\u1ee7a L95 Pro \u0111\u1ec3 c\u00e1c b\u1ea1n hi\u1ec3u r\u00f5 h\u01a1n v\u1ec1 th\u00f4ng tin s\u1ea3n ph\u1ea9m.<\/p>\n<p dir=\"ltr\">V\u00e0o gi\u1eefa th\u00e1ng 4\/2022 Bi Laser Henvvei L95 Pro \u0111\u01b0\u1ee3c ra m\u1eaft \u1edf to\u00e0n b\u1ed9 h\u1ec7 th\u1ed1ng Auto365 v\u00e0 n\u01a1i \u0111\u00e2y l\u00e0 m\u1ed9t trong nh\u1eefng h\u1ec7 th\u1ed1ng n\u00e2ng c\u1ea5p xe chuy\u00ean nghi\u1ec7p h\u00e0ng \u0111\u1ea7u Vi\u1ec7t Nam. Theo th\u00f4ng tin \u0111\u01b0\u1ee3c bi\u1ebft th\u01b0\u01a1ng hi\u1ec7u Henvvei c\u00f3 b\u1ec1 d\u00e0y kinh nghi\u1ec7m 18 n\u0103m trong ng\u00e0nh v\u00e0 l\u00e0 th\u01b0\u01a1ng hi\u1ec7u t\u0103ng s\u00e1ng cao c\u1ea5p \u1edf th\u1ecb tr\u01b0\u1eddng.<\/p>\n<p dir=\"ltr\">H\u00e3ng \u0111\u00e3 t\u1eadp trung \u0111\u1ed9i ng\u0169 nghi\u00ean c\u1ee9u ph\u00e1t tri\u1ec3n m\u1ea1nh m\u1ebd c\u00e1c d\u00f2ng bi laser v\u00e0 \u0111\u00e3 \u0111\u01b0\u1ee3c trang b\u1ecb v\u00e0o xe cao c\u1ea5p, c\u00f9ng v\u1edbi \u0111\u00f3 h\u00e3ng c\u0169ng \u0111\u00e3 nghi\u00ean c\u1ee9u ph\u00e1t tri\u1ec3n d\u00f2ng bi laser si\u00eau s\u00e1ng v\u00e0 t\u1ed1i \u01b0u d\u1ecbu m\u1eaft, \u00e1nh s\u00e1ng \u0111\u1eb9p nh\u1ea5t c\u1ee7a c\u00e1c d\u00f2ng Laser v\u00e0 \u0111\u00f3 ch\u00ednh l\u00e0 Bi Laser Henvvei L95.<\/p>\n<p dir=\"ltr\"><img loading=\"lazy\" decoding=\"async\" class=\"alignnone size-full wp-image-1836\" src=\"https:\/\/autothaiduong.vn\/wp-content\/uploads\/2025\/05\/henvvei-l95-pro-2022-2.jpg\" width=\"1280\" height=\"853\" alt=\"bi laser hennvei l95 pro 2022\" srcset=\"https:\/\/autothaiduong.vn\/wp-content\/uploads\/2025\/05\/henvvei-l95-pro-2022-2.jpg 1280w, https:\/\/autothaiduong.vn\/wp-content\/uploads\/2025\/05\/henvvei-l95-pro-2022-2-600x400.jpg 600w, https:\/\/autothaiduong.vn\/wp-content\/uploads\/2025\/05\/henvvei-l95-pro-2022-2-1024x682.jpg 1024w, https:\/\/autothaiduong.vn\/wp-content\/uploads\/2025\/05\/henvvei-l95-pro-2022-2-768x512.jpg 768w\" sizes=\"auto, (max-width: 1280px) 100vw, 1280px\" \/><\/p>\n<h2 id=\"1\" dir=\"ltr\"><strong><a id=\"thi--t-k--th--thao--sang-tr--ng\" class=\"toc-a-tag\"><\/a>Thi\u1ebft k\u1ebf th\u1ec3 thao &#8211; sang tr\u1ecdng<\/strong><\/h2>\n<p dir=\"ltr\">C\u00e1c thi\u1ebft k\u1ebf c\u1ee7a Henvvei \u0111\u1ec1u mang cho m\u00ecnh m\u1ed9t phi\u00ean b\u1ea3n th\u1ec3 thao kh\u1ecfe kho\u1eafn nh\u01b0ng kh\u00f4ng k\u00e9m ph\u1ea7n sang tr\u1ecdng, t\u1ea1o n\u00ean \u0111i\u1ec3m nh\u1ea5n khi \u0111\u01b0\u1ee3c l\u1eafp \u0111\u1eb7t v\u00e0o x\u1ebf y\u00eau. N\u00f3 \u0111\u01b0\u1ee3c m\u1ec7nh danh l\u00e0 m\u00f3n trang s\u1ee9c c\u00f3 v\u1ebb ngo\u00e0i tinh t\u1ebf. H\u00e3ng \u0111\u00e3 thi\u1ebft k\u1ebf th\u00eam \u0111\u01b0\u1eddng Line m\u00e0u xanh Pacific blue \u0111i\u1ec3m nh\u1ea5n \u0111\u1ec3 ph\u00e2n c\u00e1ch 2 d\u00f2ng \u00e1nh s\u00e1ng l\u00e0 Cos v\u00e0 pha.<\/p>\n<p dir=\"ltr\"><img loading=\"lazy\" decoding=\"async\" class=\"alignnone size-full wp-image-1837\" src=\"https:\/\/autothaiduong.vn\/wp-content\/uploads\/2025\/05\/henvvei-l95-pro-2022-3.jpg\" width=\"1280\" height=\"853\" alt=\"henvvei l95 pro 2022\" srcset=\"https:\/\/autothaiduong.vn\/wp-content\/uploads\/2025\/05\/henvvei-l95-pro-2022-3.jpg 1280w, https:\/\/autothaiduong.vn\/wp-content\/uploads\/2025\/05\/henvvei-l95-pro-2022-3-600x400.jpg 600w, https:\/\/autothaiduong.vn\/wp-content\/uploads\/2025\/05\/henvvei-l95-pro-2022-3-1024x682.jpg 1024w, https:\/\/autothaiduong.vn\/wp-content\/uploads\/2025\/05\/henvvei-l95-pro-2022-3-768x512.jpg 768w\" sizes=\"auto, (max-width: 1280px) 100vw, 1280px\" \/><\/p>\n<h2 id=\"2\" dir=\"ltr\"><strong><a id=\"ngo--i-h-nh-ch--c-ch--n--t--m--\" class=\"toc-a-tag\"><\/a>Ngo\u1ea1i h\u00ecnh ch\u1eafc ch\u1eafn &#8211; t\u1ec9 m\u1ec9<\/strong><\/h2>\n<p dir=\"ltr\">L\u00e0 m\u1ed9t th\u01b0\u01a1ng hi\u1ec7u h\u00e0ng \u0111\u1ea7u v\u1ec1 Laser, ngo\u1ea1i h\u00ecnh c\u1ee7a L95 Pro v\u1edbi phong th\u00e1i m\u1ea1nh m\u1ebd, h\u00e0o nho\u00e1ng. Ph\u1ea7n th\u00e2n \u0111\u01b0\u1ee3c c\u1ea5u t\u1ea1o t\u1eeb v\u1eadt li\u1ec7u Aluminum gia c\u00f4ng t\u1ec9 m\u1ec9, ch\u1eafn ch\u1eafn. C\u00e1c chi ti\u1ebft \u0111\u01b0\u1ee3c gh\u00e9p n\u1ed1i v\u1edbi nhau t\u1ea1o s\u1ef1 \u0111\u1ed3ng nh\u1ea5t c\u00f3 \u0111\u1ed9 ch\u00ednh x\u00e1c cao.<\/p>\n<h2 id=\"3\" dir=\"ltr\"><strong><a id=\"lens-c-ng-ngh--m--i\" class=\"toc-a-tag\"><\/a>Lens c\u00f4ng ngh\u1ec7 m\u1edbi<\/strong><\/h2>\n<p dir=\"ltr\">Lens Henvvei L95 Pro c\u00f3 k\u00edch th\u01b0\u1edbc 2.5 inch, \u0111\u01b0\u1ee3c ph\u1ee7 AR Pro c\u00f3 m\u00e0u \u00e1nh t\u00edm \u0111\u1eb7c tr\u01b0ng b\u1eaft m\u1eaft, kh\u1ea3 n\u0103ng gom s\u00e1ng l\u00ean \u0111\u1ebfn 20% so v\u1edbi c\u00f4ng ngh\u1ec7 AR. Nh\u1edd c\u00f4ng ngh\u1ec7 hi\u1ec7n \u0111\u1ea1i n\u00ean \u0111\u00e8n c\u00f3 kh\u1ea3 n\u0103ng ch\u1ed1ng ch\u00f3i cho c\u00e1c ph\u01b0\u01a1ng ti\u1ec7n c\u00f9ng chi\u1ec1u v\u00e0 ng\u01b0\u1ee3c chi\u1ec1u, tr\u00e1nh \u0111\u01b0\u1ee3c t\u00ecnh tr\u1ea1ng kh\u00f3 ch\u1ecbu khi ng\u01b0\u1eddi \u0111\u1ed1i di\u1ec7n g\u1eb7p ph\u1ea3i \u0111\u00e8n Laser.<\/p>\n<h2 id=\"4\" dir=\"ltr\"><strong><a id=\"c-ng-ngh--t--n-nhi--t\" class=\"toc-a-tag\"><\/a>C\u00f4ng ngh\u1ec7 t\u1ea3n nhi\u1ec7t<\/strong><\/h2>\n<p dir=\"ltr\">\u0110\u1ebf \u0111\u1ed3ng DTP nguy\u00ean ch\u1ea5t v\u1edbi h\u1ec7 th\u1ed1ng t\u1ea3n nhi\u1ec7t l\u1edbn \u0111\u01b0\u1ee3c thi\u1ebft k\u1ebf c\u00f4ng phu, t\u1ec9 m\u1ec9, gi\u00fap \u0111\u1ea9y nhanh qu\u00e1 tr\u00ecnh d\u1eabn nhi\u1ec7t t\u1eeb Chip led v\u00e0 Diode Laser \u0111\u1ebfn 3 c\u1ee5m t\u1ea3n nhi\u1ec7t.\u00a0<a id=\"c-ng-ngh--t--n-nhi--t\" class=\"toc-a-tag\"><\/a>C\u00f4ng ngh\u1ec7 t\u1ea3n nhi\u1ec7t\u00a0v\u00f4 c\u00f9ng hi\u1ec7n \u0111\u1ea1i v\u1edbi c\u1ee5m \u0111\u1ebf \u0111\u1ed3ng c\u00f3 k\u00edch th\u01b0\u1edbc l\u1edbn l\u00ean t\u1edbi 48mm, l\u00e1 t\u1ea3n nhi\u1ec7t v\u00e0 qu\u1ea1t l\u00e0 th\u00e0nh ph\u1ea7n quan tr\u1ecdng, phay CNC \u0111\u1ed3ng nguy\u00ean kh\u1ed1i v\u1edbi \u0111\u1ed9 ch\u00ednh x\u00e1c cao, c\u00e1c l\u00e1 t\u1ea3n nhi\u1ec7t c\u00f3 \u0111\u1ed9 m\u1ecfng ch\u1ec9 1mm c\u00f3 t\u00e1c d\u1ee5ng \u0111\u1ea9y nhanh qu\u00e1 tr\u00ecnh tho\u00e1t nhi\u1ec7t v\u1edbi c\u00f4ng su\u1ea5t c\u1ef1c l\u1edbn, 2 b\u00ean h\u00f4ng l\u00e0 2 c\u1ee5m t\u1ea3n nhi\u1ec7t Aluminum t\u1ea1o \u0111i\u1ec1u ki\u1ec7n cho lu\u1ed3ng gi\u00f3 n\u00f3ng tho\u00e1t ra qua c\u00e1c khe t\u1ea3n nhi\u1ec7t, \u0111\u1ea9y nhanh qu\u00e1 tr\u00ecnh l\u00e0m m\u00e1t v\u00e0 l\u00e0 h\u1ec7 th\u1ed1ng t\u1ea3n nhi\u1ec7t \u0111\u1ed3 s\u1ed9 tr\u00ean Bi Laser Henvvei L95 Pro. Driver r\u1eddi t\u1ed1i \u01b0u h\u00f3a kh\u00f4ng gian t\u1ea3n nhi\u1ec7t, c\u00f4ng su\u1ea5t \u00e1nh s\u00e1ng v\u00e0 t\u1ed1c \u0111\u1ed9 qu\u1ea1t m\u00e1y duy tr\u00ec\u00a0 ho\u1ea1t \u0111\u1ed9ng c\u1ee7a to\u00e0n h\u1ec7 th\u1ed1ng t\u1ea3n nhi\u1ec7t.<\/p>\n<h2 id=\"5\" dir=\"ltr\"><strong><a id=\"c-ng-ngh---nh-s-ng\" class=\"toc-a-tag\"><\/a>C\u00f4ng ngh\u1ec7 \u00e1nh s\u00e1ng<\/strong><\/h2>\n<p dir=\"ltr\">V\u1edbi c\u00f4ng su\u1ea5t 25W c\u1ea5u h\u00ecnh chip Led c\u1ee7a Henvvei s\u1eed d\u1ee5ng ho\u00e0n to\u00e0n nh\u00e2n Led\u00a0 \u0111\u1ebfn t\u1eeb Osram th\u01b0\u01a1ng hi\u1ec7u uy t\u00edn h\u00e0ng \u0111\u1ea7u th\u1ebf gi\u1edbi v\u1ec1 linh ki\u1ec7n chip Led v\u00e0 Diode Laser tr\u00ean L95 Pro \u0111\u01b0\u1ee3c s\u1eed d\u1ee5ng t\u1eeb Nichia Japan. 15 nh\u00e2n Led ph\u00e2n b\u1ed5 theo c\u1ea5u h\u00ecnh 9 nh\u00e2n Led \u1edf ch\u1ebf \u0111\u1ed9 \u00e1nh s\u00e1ng Cos cho ra c\u00f4ng su\u1ea5t l\u00ean \u0111\u1ebfn 65W. \u00c1nh s\u00e1ng Pha k\u1ebft h\u1ee3p t\u1eeb 9 nh\u00e2n Led, 6 nh\u00e2n Led pha v\u00e0 Diode Laser Nichia cho ra c\u00f4ng su\u1ea5t 115W cao nh\u1ea5t trong c\u00e1c d\u00f2ng s\u1ea3n ph\u1ea9m c\u1ee7a Henvvei v\u00e0 ch\u01b0a t\u1eebng xu\u1ea5t hi\u1ec7n \u1edf th\u1ecb tr\u01b0\u1eddng.<\/p>\n<p dir=\"ltr\"><iframe loading=\"lazy\" src=\"https:\/\/www.youtube.com\/embed\/HdXhZ6REYOI?si=uyI40Atm5_IhRNnU\" width=\"100%\" height=\"400\" frameborder=\"0\" scrolling=\"yes\" data-mce-fragment=\"1\"><\/iframe><em>Tham kh\u1ea3o video review t\u1ea1i Auto365<\/em><\/p>\n<h2 id=\"6\" dir=\"ltr\"><strong><a id=\"t-nh-n-ng---c-bi--t\" class=\"toc-a-tag\"><\/a>T\u00ednh n\u0103ng \u0111\u1eb7c bi\u1ec7t<\/strong><\/h2>\n<p dir=\"ltr\">Henvvei L95 Pro l\u00e0 thi\u1ebft k\u1ebf 2 t\u1ea7ng \u00e1nh s\u00e1ng \u0111\u1ed9c l\u1eadp l\u00ean pha gi\u1eefa Cos t\u1ea1o n\u00ean n\u00e9t \u0111\u1eb7c tr\u01b0ng c\u1ee7a s\u1ea3n ph\u1ea9m. Nh\u1edd v\u1eady s\u1ea3n ph\u1ea9m nh\u00e0 Henvvei duy tr\u00ec \u00e1nh s\u00e1ng Cos \u1edf ngay ch\u1ebf \u0111\u1ed9 Pha \u0111\u1ea3m b\u1ea3o an to\u00e0n t\u1ea7m nh\u00ecn cho t\u00e0i x\u1ebf.<\/p>\n<p dir=\"ltr\"><strong>\u00c1nh s\u00e1ng Cos<\/strong>: \u00c1nh s\u00e1ng 65W c\u01b0\u1eddng \u0111\u1ed9 s\u00e1ng \u0111o \u0111\u01b0\u1ee3c l\u00ean t\u1edbi 8.500 LUX cho ra \u00e1nh s\u00e1ng Cos r\u1ed9ng. Nh\u1edd s\u1eed d\u1ee5ng Chip Led \u0111\u1ebfn t\u1eeb Osram c\u1ea3i thi\u1ec7n ho\u00e0n m\u00e0u CRI &gt; 90 mang l\u1ea1i \u00e1nh s\u00e1ng ch\u00e2n th\u1eadt\u00a0 m\u00e0u s\u1eafc c\u00e1c v\u1eadt th\u1ec3 \u0111\u01b0\u1ee3c th\u1ec3 hi\u1ec7n ch\u00ednh x\u00e1c. Theo ti\u00eau chu\u1ea9n X-Treme Vision d\u00e0nh cho h\u1ea1ng m\u1ee5c Low Beam ( Cos) \u0111\u1ea1t 4\/6 \u0111i\u1ec3m.<\/p>\n<p dir=\"ltr\"><strong>\u00c1nh s\u00e1ng Pha<\/strong>: C\u00f4ng su\u1ea5t 115W l\u00e0 t\u1ed5ng h\u1ee3p t\u1eeb 15 nh\u00e2n Led Osram v\u00e0 Diode Laser 25W l\u1ea7n \u0111\u1ea7u ti\u00ean c\u00f3 m\u1eb7t t\u1ea1i th\u1ecb tr\u01b0\u1eddng Laser t\u0103ng s\u00e1ng cho \u00f4 t\u00f4, c\u01b0\u1eddng \u0111\u1ed9 l\u00ean \u0111\u1ebfn 45.000 LUX, t\u1ea7m chi\u1ebfu xa l\u00ean \u0111\u1ebfn 1150m v\u00e0 ch\u00ednh n\u00f3 l\u00e0 \u01b0u \u0111i\u1ec3m c\u1ee7a L95 Pro. Theo ti\u00eau chu\u1ea9n X-Tr\u00eam Vision d\u00e0nh cho h\u1ea1ng m\u1ee5c High Beam ( Pha) \u0111\u1ea1t 6\/6 \u0111i\u1ec3m<\/p>\n<p dir=\"ltr\"><strong>\u0110i m\u01b0a ph\u00e1 s\u01b0\u01a1ng<\/strong>: v\u1edbi c\u00f4ng ngh\u1ec7 ti\u00ean ti\u1ebfn c\u1ee7a Henvvei gi\u00fap kh\u1ea3 n\u0103ng \u0111i m\u01b0a ph\u00e1 s\u01b0\u01a1ng \u0111\u01b0\u1ee3c c\u1ea3i thi\u1ec7n r\u1ea5t t\u1ed1t so v\u1edbi c\u00e1c d\u00f2ng kh\u00e1c. \u00c1nh s\u00e1ng Cos t\u1ed1t h\u01a1n gi\u00fap L95 Pro chinh ph\u1ee5c \u0111\u01b0\u1ee3c nh\u1eefng ng\u00e0y m\u01b0a, th\u1eddi ti\u1ebft kh\u1eafc nghi\u1ec7t c\u0169ng nh\u01b0 s\u01b0\u01a1ng m\u00f9 nhi\u1ec1u, kh\u1ea3 n\u0103ng xuy\u00ean ph\u00e1 s\u01b0\u01a1ng t\u1ed1t, kh\u1ea3 n\u0103ng b\u00e1m \u0111\u01b0\u1eddng \u0111\u01b0\u1ee3c gia t\u0103ng \u0111\u1ea3m b\u1ea3o \u0111\u1ee7 \u00e1nh s\u00e1ng v\u00e0 t\u1ea7m nh\u00ecn cho t\u00e0i x\u1ebf.<\/p>\n<p dir=\"ltr\">H\u1ea1ng m\u1ee5c RAIN &amp; DEW \u0111\u01b0\u1ee3c \u0111\u00e1nh gi\u00e1 5\/6 sao\u00a0 kh\u1eb3ng \u0111\u1ecbnh \u0111\u1ed9 tin c\u1eady c\u1ee7a Bi LASER Henvvei L95 Pro trong m\u1ecdi \u0111i\u1ec1u ki\u1ec7n v\u1eadn h\u00e0nh.<\/p>\n<p dir=\"ltr\">Nh\u1eefng th\u00f4ng tin tr\u00ean\u00a0Henvvei.\u00a0\u0110\u00e3 t\u1ed5ng h\u1ee3p \u0111\u1ec3 m\u1ecdi ng\u01b0\u1eddi n\u1eafm r\u00f5 \u0111\u01b0\u1ee3c c\u00e1c th\u00f4ng s\u1ed1 c\u1ee7a Bi Laser Henvvei. Hi\u1ec7n t\u1ea1i to\u00e0n b\u1ed9 h\u1ec7 th\u1ed1ng c\u1eeda h\u00e0ng\u00a0Henvvei\u00a0tr\u00ean to\u00e0n qu\u1ed1c \u0111\u00e3 c\u00f3 s\u1ea3n ph\u1ea9m L95 Pro. Kh\u00e1ch h\u00e0ng c\u00f3 th\u1ec3 \u0111\u1ebfn l\u1eafp \u0111\u1eb7t v\u00e0 tr\u1ea3i nghi\u1ec7m s\u1ea3n ph\u1ea9m c\u1ee7a Henvvei m\u1ed9t c\u00e1ch t\u1ed1t nh\u1ea5t.<\/p>\n","protected":false},"excerpt":{"rendered":"<h2>Th\u00f4ng s\u1ed1 k\u1ef9 thu\u1eadt BI LASER HENVVEI L95 PRO 2022<\/h2>\n<table>\n<tbody>\n<tr>\n<td class=\"lileft\">Chip LED:<\/td>\n<td class=\"liright\">OSRAM<\/td>\n<\/tr>\n<tr>\n<td class=\"lileft\">C\u00f4ng Su\u1ea5t Cos:<\/td>\n<td class=\"liright\">65W<\/td>\n<\/tr>\n<tr>\n<td class=\"lileft\">C\u00f4ng Su\u1ea5t Pha:<\/td>\n<td class=\"liright\">115W<\/td>\n<\/tr>\n<tr>\n<td class=\"lileft\">Lens:<\/td>\n<td class=\"liright\">AR Pro<\/td>\n<\/tr>\n<tr>\n<td class=\"lileft\">Nhi\u1ec7t m\u00e0u:<\/td>\n<td class=\"liright\">5500K<\/td>\n<\/tr>\n<tr>\n<td class=\"lileft\">Tu\u1ed5i th\u1ecd:<\/td>\n<td class=\"liright\">50.000 gi\u1edd<\/td>\n<\/tr>\n<tr>\n<td class=\"lileft\">C\u01b0\u1eddng \u0111\u1ed9 \u00e1nh s\u00e1ng:<\/td>\n<td class=\"liright\">8..500 LUX &#8211; 45.000 LUX<\/td>\n<\/tr>\n<tr>\n<td class=\"lileft\">Voltage:<\/td>\n<td class=\"liright\">12V<\/td>\n<\/tr>\n<tr>\n<td class=\"lileft\">Diode LASER:<\/td>\n<td class=\"liright\">25W NICHIA JAPAN<\/td>\n<\/tr>\n<tr>\n<td class=\"lileft\">S\u1ed1 nh\u00e2n LED:<\/td>\n<td class=\"liright\">9+3+3<\/td>\n<\/tr>\n<tr>\n<td class=\"lileft\">K\u00edch Th\u01b0\u1edbc Lens:<\/td>\n<td class=\"liright\">2.5 Inch<\/td>\n<\/tr>\n<tr>\n<td class=\"lileft\">V\u1eadt li\u1ec7u t\u1ea3n nhi\u1ec7t:<\/td>\n<td class=\"liright\">\u0110\u1ed3ng nguy\u00ean kh\u1ed1i<\/td>\n<\/tr>\n<tr>\n<td class=\"lileft\">Ch\u1ec9 s\u1ed1 ho\u00e0n m\u00e0u (CRI):<\/td>\n<td class=\"liright\">90\/100<\/td>\n<\/tr>\n<tr>\n<td class=\"lileft\">B\u1ea3o h\u00e0nh:<\/td>\n<td class=\"liright\">36 Th\u00e1ng<\/td>\n<\/tr>\n<tr>\n<td class=\"lileft\">N\u0103m s\u1ea3n xu\u1ea5t:<\/td>\n<td class=\"liright\">2022<\/td>\n<\/tr>\n<tr>\n<td class=\"lileft\">T\u1ea7m chi\u1ebfu xa:<\/td>\n<td class=\"liright\">1.250m<\/td>\n<\/tr>\n<tr>\n<td class=\"lileft\">X-Treme Vision:<\/td>\n<td class=\"liright\">Low Beam: 4\/6 sao<br \/>\nHigh Beam: 6\/6 sao<br \/>\nRain &amp; Dew: 5\/6 sao<\/td>\n<\/tr>\n<\/tbody>\n<\/table>\n","protected":false},"featured_media":1835,"comment_status":"open","ping_status":"closed","template":"","meta":[],"product_brand":[136],"product_cat":[16,26],"product_tag":[],"class_list":{"0":"post-1829","1":"product","2":"type-product","3":"status-publish","4":"has-post-thumbnail","6":"product_brand-henvei","7":"product_cat-anh-sang","8":"product_cat-bi-led","10":"first","11":"instock","12":"shipping-taxable","13":"purchasable","14":"product-type-simple"},"_links":{"self":[{"href":"https:\/\/autothaiduong.vn\/index.php?rest_route=\/wp\/v2\/product\/1829","targetHints":{"allow":["GET"]}}],"collection":[{"href":"https:\/\/autothaiduong.vn\/index.php?rest_route=\/wp\/v2\/product"}],"about":[{"href":"https:\/\/autothaiduong.vn\/index.php?rest_route=\/wp\/v2\/types\/product"}],"replies":[{"embeddable":true,"href":"https:\/\/autothaiduong.vn\/index.php?rest_route=%2Fwp%2Fv2%2Fcomments&post=1829"}],"wp:featuredmedia":[{"embeddable":true,"href":"https:\/\/autothaiduong.vn\/index.php?rest_route=\/wp\/v2\/media\/1835"}],"wp:attachment":[{"href":"https:\/\/autothaiduong.vn\/index.php?rest_route=%2Fwp%2Fv2%2Fmedia&parent=1829"}],"wp:term":[{"taxonomy":"product_brand","embeddable":true,"href":"https:\/\/autothaiduong.vn\/index.php?rest_route=%2Fwp%2Fv2%2Fproduct_brand&post=1829"},{"taxonomy":"product_cat","embeddable":true,"href":"https:\/\/autothaiduong.vn\/index.php?rest_route=%2Fwp%2Fv2%2Fproduct_cat&post=1829"},{"taxonomy":"product_tag","embeddable":true,"href":"https:\/\/autothaiduong.vn\/index.php?rest_route=%2Fwp%2Fv2%2Fproduct_tag&post=1829"}],"curies":[{"name":"wp","href":"https:\/\/api.w.org\/{rel}","templated":true}]}}