{"id":1838,"date":"2025-05-15T16:43:54","date_gmt":"2025-05-15T16:43:54","guid":{"rendered":"https:\/\/autothaiduong.vn\/?post_type=product&#038;p=1838"},"modified":"2025-05-15T16:44:05","modified_gmt":"2025-05-15T16:44:05","slug":"module-laser-x-light-f-ultra-new-2024","status":"publish","type":"product","link":"https:\/\/autothaiduong.vn\/?product=module-laser-x-light-f-ultra-new-2024","title":{"rendered":"Module Laser X-Light F+ Ultra New 2024"},"content":{"rendered":"<p><img loading=\"lazy\" decoding=\"async\" class=\" wp-image-1537 aligncenter\" src=\"https:\/\/autothaiduong.vn\/wp-content\/uploads\/2025\/05\/z6584734442481_f208f5944548cb4b46353402ce2e64e0-1.jpg\" alt=\"\" width=\"293\" height=\"259\" \/><\/p>\n<p style=\"text-align: center;\"><span style=\"color: #ff0000; font-size: 150%;\"><strong>273-275 Tr\u1ea7n Ph\u00fa Ph\u01b0\u1eddng L\u1ed9c S\u01a1n Th\u00e0nh Ph\u1ed1 B\u1ea3o L\u1ed9c T\u1ec9nh L\u00e2m \u0110\u1ed3ng<\/strong><\/span><\/p>\n<p style=\"text-align: center;\"><span style=\"color: #ff0000; font-size: 150%;\"><strong> Hotline: 0912197441<\/strong><\/span><\/p>\n<p><img loading=\"lazy\" decoding=\"async\" class=\"alignnone size-full wp-image-1840\" src=\"https:\/\/autothaiduong.vn\/wp-content\/uploads\/2025\/05\/22.jpg\" width=\"1280\" height=\"1280\" alt=\"Module Laser X-Light F+ Ultra New 2024\" srcset=\"https:\/\/autothaiduong.vn\/wp-content\/uploads\/2025\/05\/22.jpg 1280w, https:\/\/autothaiduong.vn\/wp-content\/uploads\/2025\/05\/22-600x600.jpg 600w, https:\/\/autothaiduong.vn\/wp-content\/uploads\/2025\/05\/22-1024x1024.jpg 1024w, https:\/\/autothaiduong.vn\/wp-content\/uploads\/2025\/05\/22-300x300.jpg 300w, https:\/\/autothaiduong.vn\/wp-content\/uploads\/2025\/05\/22-768x768.jpg 768w, https:\/\/autothaiduong.vn\/wp-content\/uploads\/2025\/05\/22-100x100.jpg 100w\" sizes=\"auto, (max-width: 1280px) 100vw, 1280px\" \/><\/p>\n<p>C\u00f4ng ngh\u1ec7 l\u00e0 d\u00f2ng ch\u1ea3y kh\u00f4ng bao gi\u1edd ng\u1eebng l\u1ea1i, X-light Vi\u1ec7t Nam kh\u00f4ng ng\u1eebng nghi\u00ean c\u1ee9u v\u00e0 ph\u00e1t tri\u1ec3n \u0111\u1ec3 mang \u0111\u1ebfn cho kh\u00e1ch h\u00e0ng nh\u1eefng s\u1ea3n ph\u1ea9m ch\u1ea5t l\u01b0\u1ee3ng v\u01b0\u1ee3t b\u1eadt. V\u1edbi s\u1ef1 th\u00e0nh c\u00f4ng vang d\u1ed9i c\u1ee7a Module bi LASER X-Light F+ Ultra th\u1ebf h\u1ec7 \u0111\u1ea7u ti\u00ean, X-Light Vi\u1ec7t Nam ti\u1ebfp t\u1ee5c nghi\u00ean c\u1ee9u v\u00e0 ph\u00e1t tri\u1ec3n th\u1ebf h\u1ec7 Module Bi LASER X-Light F+ Ultra (New 2024), h\u1ee9a h\u1eb9n gi\u00fap th\u1ecb tr\u01b0\u1eddng t\u0103ng s\u00e1ng ng\u00e0y c\u00e0ng tr\u1edf n\u00ean \u0111a d\u1ea1ng v\u00e0 cao c\u1ea5p.<\/p>\n<p><img loading=\"lazy\" decoding=\"async\" class=\"alignnone size-full wp-image-1841\" src=\"https:\/\/autothaiduong.vn\/wp-content\/uploads\/2025\/05\/11-3.jpg\" width=\"1280\" height=\"1280\" srcset=\"https:\/\/autothaiduong.vn\/wp-content\/uploads\/2025\/05\/11-3.jpg 1280w, https:\/\/autothaiduong.vn\/wp-content\/uploads\/2025\/05\/11-3-600x600.jpg 600w, https:\/\/autothaiduong.vn\/wp-content\/uploads\/2025\/05\/11-3-1024x1024.jpg 1024w, https:\/\/autothaiduong.vn\/wp-content\/uploads\/2025\/05\/11-3-300x300.jpg 300w, https:\/\/autothaiduong.vn\/wp-content\/uploads\/2025\/05\/11-3-768x768.jpg 768w, https:\/\/autothaiduong.vn\/wp-content\/uploads\/2025\/05\/11-3-100x100.jpg 100w\" sizes=\"auto, (max-width: 1280px) 100vw, 1280px\" \/><\/p>\n<h2 id=\"1\"><a id=\"m--t--chi-ti--t-s--n-ph--m\" class=\"toc-a-tag\"><\/a>M\u00f4 t\u1ea3 chi ti\u1ebft s\u1ea3n ph\u1ea9m<\/h2>\n<p>Thi\u1ebft k\u1ebf: Module Bi LASER X-Light F+ Ultra (New 2024) n\u1eb1m trong h\u1ec7 s\u1ea3n ph\u1ea9m d\u00e0nh cho d\u00f2ng xe ch\u00f3a h\u1eb9p c\u1ee7a X-Light. Ch\u00ednh v\u00ec th\u1ebf, s\u1ea3n ph\u1ea9m n\u00e0y thi\u1ebft k\u1ebf v\u00f4 c\u00f9ng t\u00ecnh g\u1ecdn, h\u1ea7u h\u1ebft c\u00e1c chi ti\u1ebft \u0111\u01b0\u1ee3c t\u1ed1i gi\u1ea3n \u0111\u1ec3 t\u1ed5ng th\u1ec3 body c\u1ee7a \u0111\u00e8n \u0111\u01b0\u1ee3c thon g\u1ecdn nh\u01b0ng v\u1eabn gi\u1eef \u0111\u01b0\u1ee3c c\u00e1c ch\u1ee9c n\u0103ng v\u01b0\u1ee3t tr\u1ed9i \u0111\u1ec3 mang \u0111\u1ebfn ch\u1ea5t l\u01b0\u1ee3ng \u00e1nh s\u00e1ng t\u1ed1t nh\u1ea5t cho ng\u01b0\u1eddi d\u00f9ng.<\/p>\n<p>Body nh\u1ecf g\u1ecdn: T\u01b0\u01a1ng t\u1ef1 v\u1edbi th\u1ebf h\u1ec7 \u0111\u1ea7u ti\u00ean, Module Bi LASER X-Light F+ Ultra (New 2024) s\u1edf h\u1eefu thi\u1ebft k\u1ebf body vu\u00f4ng v\u1ee9c k\u1ebft h\u1ee3p c\u00f9ng k\u00edch th\u01b0\u1edbc nh\u1ecf g\u1ecdn ch\u1ec9 kho\u1ea3ng 118mm.\u00a0 V\u1edbi thi\u1ebft k\u1ebf n\u00e0y, s\u1ea3n ph\u1ea9m d\u1ec5 d\u00e0ng l\u00e0 tr\u1ee3 \u0111\u1eafc l\u1ef1c cho nh\u1eefng d\u00f2ng xe c\u00f3 thi\u1ebft k\u1ebf ch\u00f3a h\u1eb9p, h\u1ed1c \u0111\u00e8n ng\u1eafn nh\u01b0 KIA Carnival, KIA Seltos, Honda HR-V, \u2026<\/p>\n<p><img loading=\"lazy\" decoding=\"async\" class=\"alignnone size-full wp-image-1842\" src=\"https:\/\/autothaiduong.vn\/wp-content\/uploads\/2025\/05\/6-6.jpg\" width=\"1280\" height=\"1280\" srcset=\"https:\/\/autothaiduong.vn\/wp-content\/uploads\/2025\/05\/6-6.jpg 1280w, https:\/\/autothaiduong.vn\/wp-content\/uploads\/2025\/05\/6-6-600x600.jpg 600w, https:\/\/autothaiduong.vn\/wp-content\/uploads\/2025\/05\/6-6-1024x1024.jpg 1024w, https:\/\/autothaiduong.vn\/wp-content\/uploads\/2025\/05\/6-6-300x300.jpg 300w, https:\/\/autothaiduong.vn\/wp-content\/uploads\/2025\/05\/6-6-768x768.jpg 768w, https:\/\/autothaiduong.vn\/wp-content\/uploads\/2025\/05\/6-6-100x100.jpg 100w\" sizes=\"auto, (max-width: 1280px) 100vw, 1280px\" \/><\/p>\n<p>Lens AR cao c\u1ea5p: M\u1eb7c d\u00f9 c\u00f3 nhi\u1ec1u \u0111i\u1ec3m t\u01b0\u01a1ng \u0111\u1ed3ng so v\u1edbi phi\u00ean b\u1ea3n c\u0169, tuy nhi\u00ean \u1edf phi\u00ean b\u1ea3n m\u1edbi n\u00e0y, Module Bi LASER X-Light F+ Ultra (New 2024) v\u1eabn c\u00f3 nhi\u1ec1u c\u1ea3i ti\u1ebfn hi\u1ec7n \u0111\u1ea1i, mang l\u1ea1i ch\u1ea5t l\u01b0\u1ee3ng \u00e1nh s\u00e1ng t\u1ed1t h\u01a1n. Trong \u0111\u00f3, Lens \u0111\u00e8n \u1edf phi\u00ean b\u1ea3n F+ Ultra m\u1edbi \u0111\u01b0\u1ee3c ph\u1ee7 m\u1ed9t l\u1edbp AR, \u0111\u00e2y l\u00e0 c\u00f4ng ngh\u1ec7 ph\u1ee7 Lens cao c\u1ea5p gi\u00fap \u00e1nh s\u00e1ng \u0111\u1ea1t kh\u1ea3 n\u0103ng b\u00e1m \u0111\u01b0\u1eddng cao h\u01a1n b\u00ecnh th\u01b0\u1eddng, h\u1ea1n ch\u1ebf \u0111\u01b0\u1ee3c t\u00ecnh tr\u1ea1ng l\u00f3a m\u1eb7t cho nh\u1eefng ph\u01b0\u01a1ng ti\u1ec7n di chuy\u1ec3n \u0111\u1ed1i di\u1ec7n.<\/p>\n<h2 id=\"2\"><a id=\"t--n-nhi--t-t--i--u-nbsp-\" class=\"toc-a-tag\"><\/a>T\u1ea3n nhi\u1ec7t t\u1ed1i \u01b0u:<\/h2>\n<p>\u0110\u1ec3 m\u1ed9t thi\u1ebft b\u1ecb \u0111\u00e8n \u00f4 t\u00f4 ho\u1ea1t \u0111\u1ed9ng \u1ed5n \u0111\u1ecbnh v\u00e0 l\u00e2u d\u00e0i, h\u1ec7 th\u1ed1ng t\u1ea3n nhi\u1ec7t c\u1ea7n \u0111\u01b0\u1ee3c thi\u1ebft k\u1ebf t\u1ed1i \u01b0u v\u00e0 hi\u1ec7u qu\u1ea3, \u0111\u1eb7c bi\u1ec7t l\u00e0 nh\u1eefng d\u00f2ng \u0111\u00e8n c\u00f3 k\u00edch th\u01b0\u1edbc nh\u1ecf g\u1ecdn nh\u01b0 Module Bi LASER X-Light F+ Ultra (New 2024). S\u1ea3n ph\u1ea9m thi\u1ebft k\u1ebf h\u1ec7 th\u1ed1ng t\u1ea3n nhi\u1ec7t \u1edf \u0111u\u00f4i \u0111\u00e8n v\u1edbi kh\u1ed1i Aluminum cao c\u1ea5p v\u00e0 h\u1ec7 th\u1ed1ng qu\u1ea1t v\u1eadn h\u00e0nh linh ho\u1ea1t. Khi h\u1ec7 th\u1ed1ng chi\u1ebfu s\u00e1ng c\u1ee7a Module Bi LASER X-Light F+ Ultra (New 2024) ho\u1ea1t \u0111\u1ed9ng, c\u00e1c b\u1ed9 ph\u1eadn b\u00ean trong s\u1ebd d\u1ea7n n\u00f3ng l\u00ean, l\u01b0\u1ee3ng nhi\u1ec7t cao s\u1ebd \u0111\u01b0\u1ee3c d\u1eabn v\u1ec1 kh\u1ed1i Aluminum v\u00e0 h\u1ec7 th\u1ed1ng qu\u1ea1t s\u1ebd th\u1ed5i gi\u00f3 l\u00e0m tri\u1ec7t ti\u00eau l\u01b0\u1ee3ng nhi\u1ec7t n\u00e0y, t\u1eeb \u0111\u00f3 gi\u00fap \u0111\u00e8n lu\u00f4n trong t\u00ecnh tr\u1ea1ng \u1ed5n \u0111\u1ecbnh d\u00f9 c\u00f3 ho\u1ea1t \u0111\u1ed9ng l\u00e2u d\u00e0i.<\/p>\n<p><img loading=\"lazy\" decoding=\"async\" class=\"alignnone size-full wp-image-1843\" src=\"https:\/\/autothaiduong.vn\/wp-content\/uploads\/2025\/05\/4-12.jpg\" width=\"1280\" height=\"1280\" srcset=\"https:\/\/autothaiduong.vn\/wp-content\/uploads\/2025\/05\/4-12.jpg 1280w, https:\/\/autothaiduong.vn\/wp-content\/uploads\/2025\/05\/4-12-600x600.jpg 600w, https:\/\/autothaiduong.vn\/wp-content\/uploads\/2025\/05\/4-12-1024x1024.jpg 1024w, https:\/\/autothaiduong.vn\/wp-content\/uploads\/2025\/05\/4-12-300x300.jpg 300w, https:\/\/autothaiduong.vn\/wp-content\/uploads\/2025\/05\/4-12-768x768.jpg 768w, https:\/\/autothaiduong.vn\/wp-content\/uploads\/2025\/05\/4-12-100x100.jpg 100w\" sizes=\"auto, (max-width: 1280px) 100vw, 1280px\" \/><\/p>\n<h2 id=\"3\"><a id=\"c--u-h-nh--nh-s-ng\" class=\"toc-a-tag\"><\/a>C\u1ea5u h\u00ecnh \u00e1nh s\u00e1ng<\/h2>\n<p>X-Light Vi\u1ec7t Nam l\u00e0 th\u01b0\u01a1ng hi\u1ec7u lu\u00f4n ch\u00fa tr\u1ecdng v\u1ec1 ch\u1ea5t l\u01b0\u1ee3ng \u00e1nh s\u00e1ng c\u1ee7a c\u00e1c s\u1ea3n ph\u1ea9m \u0111\u00e8n \u0111\u1ec3 \u0111em \u0111\u1ebfn ch\u1ea5t l\u01b0\u1ee3ng \u00e1nh s\u00e1ng tuy\u1ec7t v\u1eddi cho kh\u00e1ch h\u00e0ng. \u1ede ch\u00f3a ph\u1ea3n x\u1ea1 ch\u00ednh, Module Bi LASER X-Light F+ Ultra (New 2024) s\u1eed d\u1ee5ng 6 chip LED l\u1edbn ch\u00f3 ra v\u00f9ng s\u00e1ng r\u1ed9ng, bao qu\u00e1t m\u1eb7t \u0111\u01b0\u1eddng. \u1ede ch\u00f3a ph\u1ea3n x\u1ea1 ph\u1ee5, h\u00e3ng \u0111\u1eb7c bi\u1ec7t s\u1eed d\u1ee5ng 3 chip LED Osram, c\u00f4ng ngh\u1ec7 chip LED cao c\u1ea5p nh\u1ea5t hi\u1ec7n nay, cho ch\u1ea5t l\u01b0\u1ee3ng \u00e1nh s\u00e1ng \u0111\u01b0\u1ee3c c\u1ea3i ti\u1ebfn.<\/p>\n<p>B\u00ean c\u1ea1nh \u0111\u00f3, s\u1ea3n ph\u1ea9m c\u00f2n \u0111\u01b0\u1ee3c trang b\u1ecb 3 chip Diode LASER 12W, c\u00f4ng ngh\u1ec7 chip Laser c\u00f3 c\u00f4ng su\u1ea5t cao nh\u1ea5t hi\u1ec7n t\u1ea1i trong c\u00e1c d\u00f2ng \u0111\u00e8n thu\u1ed9c ph\u00e2n kh\u00fac 1.8 inch.<\/p>\n<h2 id=\"4\"><a id=\"-nh-s-ng-th--c-t--\" class=\"toc-a-tag\"><\/a>\u00c1nh s\u00e1ng th\u1ef1c t\u1ebf<\/h2>\n<h3 id=\"2-2\"><a id=\"-nh-s-ng-cos-nbsp-\" class=\"toc-a-tag\"><\/a>\u00c1nh s\u00e1ng Cos:<\/h3>\n<p>Khi \u0111\u00e8n ho\u1ea1t \u0111\u1ed9ng \u1edf ch\u1ebf \u0111\u1ed9 chi\u1ebfu s\u00e1ng g\u1ea7n (ch\u1ebf \u0111\u1ed9 Cos), \u00e1nh s\u00e1ng c\u00f3 \u0111\u1ed9 bao qu\u00e1t r\u1ed9ng, nh\u1edd s\u1ef1 ho\u1ea1t \u0111\u1ed9ng hi\u1ec7u qu\u1ea3 t\u1eeb\u00a0 6 nh\u00e2n LED l\u1edbn \u1edf ch\u00f3a ph\u1ea3n x\u1ea1 ch\u00ednh. V\u00f9ng \u00e1nh s\u00e1ng v\u1edbi t\u1eadp trung tr\u1ea3i \u0111\u1ec1u d\u01b0\u1edbi m\u1eb7t \u0111\u01b0\u1eddng, m\u1ecbn v\u00e0 b\u00e1m \u0111\u01b0\u1eddng, gi\u00fap t\u00e0i x\u1ebf t\u1eadp trung quan s\u00e1t \u1edf c\u1ef1 ly g\u1ea7n, d\u1ec5 d\u00e0ng n\u1eafm b\u1eaft t\u00ecnh h\u00ecnh v\u00e0 x\u1eed l\u00fd khi c\u00f3 b\u1ea5t k\u1ef3 t\u00ecnh hu\u1ed1ng b\u1ea5t ng\u1edd n\u00e0o x\u1ea3y ra. \u00c1nh s\u00e1ng Cos c\u00f3 \u0111\u01b0\u1eddng c\u1eaft v\u00f4 c\u00f9ng s\u1eafc n\u00e9t, t\u1ea1o v\u00f9ng s\u00e1ng \u201cv\u0103n minh\u201d kh\u00f4ng g\u00e2y l\u00f3a, ch\u00f3i, c\u1ea3n tr\u1edf quan s\u00e1t cho c\u00e1c ph\u01b0\u01a1ng ti\u1ec7n \u0111ang di chuy\u1ec3n \u0111\u1ed1i di\u1ec7n, \u0111\u1eb7c bi\u1ec7t l\u00e0n khi di chuy\u1ec3n \u1edf n\u01a1i c\u00f3 m\u1eadt \u0111\u1ed9 giao th\u00f4ng cao nh\u01b0 n\u1ed9i th\u00e0nh hay trong khu d\u00e2n c\u01b0.<\/p>\n<p><img loading=\"lazy\" decoding=\"async\" class=\"alignnone size-full wp-image-1844\" src=\"https:\/\/autothaiduong.vn\/wp-content\/uploads\/2025\/05\/COS-1-1.jpg\" width=\"1280\" height=\"1280\" srcset=\"https:\/\/autothaiduong.vn\/wp-content\/uploads\/2025\/05\/COS-1-1.jpg 1280w, https:\/\/autothaiduong.vn\/wp-content\/uploads\/2025\/05\/COS-1-1-600x600.jpg 600w, https:\/\/autothaiduong.vn\/wp-content\/uploads\/2025\/05\/COS-1-1-1024x1024.jpg 1024w, https:\/\/autothaiduong.vn\/wp-content\/uploads\/2025\/05\/COS-1-1-300x300.jpg 300w, https:\/\/autothaiduong.vn\/wp-content\/uploads\/2025\/05\/COS-1-1-768x768.jpg 768w, https:\/\/autothaiduong.vn\/wp-content\/uploads\/2025\/05\/COS-1-1-100x100.jpg 100w\" sizes=\"auto, (max-width: 1280px) 100vw, 1280px\" \/><\/p>\n<h3 id=\"2-3\"><a id=\"-nh-s-ng-pha\" class=\"toc-a-tag\"><\/a>\u00c1nh s\u00e1ng Pha<\/h3>\n<p><a id=\"-nh-s-ng-pha\" class=\"toc-a-tag\"><\/a>\u00c1nh s\u00e1ng Pha c\u1ee7a\u00a0 Module Bi LASER X-Light F+ Ultra (New 2024) \u0111\u01b0\u1ee3c \u0111\u00e1nh gi\u00e1 cao. 6 chip LED l\u1edbn \u1edf ch\u00f3a ph\u1ea3n x\u1ea1 ch\u00ednh, 3 chip LED Osram \u1edf ch\u00f3a ph\u1ea3n x\u1ea1 ph\u1ee5 k\u1ebft h\u1ee3p c\u00f9ng 1 diode Laser 12W m\u1ea1nh m\u1ebd, cho \u00e1nh s\u00e1ng \u0111\u1ea1t kh\u1ea3 n\u0103ng chi\u1ebfu xa \u1ea5n t\u01b0\u1ee3ng. V\u1edbi kh\u1ea3 n\u0103ng chi\u1ebfu xa \u0111ang c\u00f3, \u0111\u00e2y s\u1ebd l\u00e0 s\u1ea3n ph\u1ea9m \u0111\u00e1p \u1ee9ng \u0111\u01b0\u1ee3c c\u00e1c nhu c\u1ea7u di chuy\u1ec3n \u0111\u01b0\u1eddng xa, \u0111\u01b0\u1eddng cao t\u1ed1c, \u0111\u01b0\u1eddng qu\u00ea kh\u00f4ng c\u00f3 \u00e1nh s\u00e1ng t\u1eeb \u0111\u00e8n \u0111\u01b0\u1eddng.<\/p>\n<p><img loading=\"lazy\" decoding=\"async\" class=\"alignnone size-full wp-image-1845\" src=\"https:\/\/autothaiduong.vn\/wp-content\/uploads\/2025\/05\/PHA-1-1.jpg\" width=\"1280\" height=\"1280\" srcset=\"https:\/\/autothaiduong.vn\/wp-content\/uploads\/2025\/05\/PHA-1-1.jpg 1280w, https:\/\/autothaiduong.vn\/wp-content\/uploads\/2025\/05\/PHA-1-1-600x600.jpg 600w, https:\/\/autothaiduong.vn\/wp-content\/uploads\/2025\/05\/PHA-1-1-1024x1024.jpg 1024w, https:\/\/autothaiduong.vn\/wp-content\/uploads\/2025\/05\/PHA-1-1-300x300.jpg 300w, https:\/\/autothaiduong.vn\/wp-content\/uploads\/2025\/05\/PHA-1-1-768x768.jpg 768w, https:\/\/autothaiduong.vn\/wp-content\/uploads\/2025\/05\/PHA-1-1-100x100.jpg 100w\" sizes=\"auto, (max-width: 1280px) 100vw, 1280px\" \/><\/p>\n<h3 id=\"1-1\"><a id=\"-i-m-a-ph--s--ng\" class=\"toc-a-tag\"><\/a>\u0110i m\u01b0a ph\u00e1 s\u01b0\u01a1ng<\/h3>\n<p>\u00c1nh s\u00e1ng t\u1eeb Module Bi LASER X-Light F+ Ultra (New 2024) c\u00f3 s\u1eafc s\u00e1ng thi\u00ean tr\u1eafng. \u0110\u00e2y l\u00e0 nh\u00f3m nhi\u1ec7t m\u00e0u chuy\u00ean d\u1ee5ng, \u0111\u01b0\u1ee3c r\u1ea5t nhi\u1ec1u anh em di chuy\u1ec3n \u00f4 t\u00f4 y\u00eau th\u00edch v\u00ec \u00e1nh s\u00e1ng d\u1ecbu m\u1eaft v\u00e0 ch\u1ec9 s\u1ed1 ho\u00e0n m\u00e0u cao. Module Bi LASER X-Light F+ Ultra (New 2024) c\u00f3 \u00e1nh s\u00e1ng tr\u1eafng nh\u01b0ng v\u1eabn \u0111\u1ea1t \u0111\u1ed9 v\u00e0ng nh\u1eb9 t\u1ea1i t\u00e2m, \u0111\u00e2y l\u00e0 \u0111i\u1ec1u ki\u1ec7n \u0111\u1ec3 di chuy\u1ec3n thu\u1eadn l\u1ee3i \u1edf nh\u1eefng n\u01a1i c\u00f3 m\u01b0a nh\u1eb9.<\/p>\n","protected":false},"excerpt":{"rendered":"<h2>Th\u00f4ng s\u1ed1 k\u1ef9 thu\u1eadt Module Laser X-Light F+ Ultra New 2024<\/h2>\n<table>\n<tbody>\n<tr>\n<td class=\"lileft\">T\u00ean S\u1ea3n Ph\u1ea9m:<\/td>\n<td class=\"liright\">MODULE LASER X-LIGHT F+ ULTRA NEW 2024<\/td>\n<\/tr>\n<tr>\n<td class=\"lileft\">Lo\u1ea1i \u0110\u00e8n:<\/td>\n<td class=\"liright\">Bi Laser<\/td>\n<\/tr>\n<tr>\n<td class=\"lileft\">Th\u01b0\u01a1ng Hi\u1ec7u:<\/td>\n<td class=\"liright\">X-Light<\/td>\n<\/tr>\n<tr>\n<td class=\"lileft\">N\u0103m s\u1ea3n xu\u1ea5t:<\/td>\n<td class=\"liright\">2023<\/td>\n<\/tr>\n<tr>\n<td class=\"lileft\">V\u1ecb Tr\u00ed L\u1eafp \u0110\u1eb7t:<\/td>\n<td class=\"liright\">\u0110\u00e8n Ch\u00ednh<\/td>\n<\/tr>\n<tr>\n<td class=\"lileft\">D\u00f2ng Xe Ph\u00f9 H\u1ee3p:<\/td>\n<td class=\"liright\">C\u00e1c Lo\u1ea1i \u00d4 T\u00f4\/Xe M\u00e1y<\/td>\n<\/tr>\n<tr>\n<td class=\"lileft\">C\u00f4ng Su\u1ea5t Cos:<\/td>\n<td class=\"liright\">55W<\/td>\n<\/tr>\n<tr>\n<td class=\"lileft\">C\u00f4ng Su\u1ea5t Pha:<\/td>\n<td class=\"liright\">67W<\/td>\n<\/tr>\n<tr>\n<td class=\"lileft\">Diode LASER:<\/td>\n<td class=\"liright\">12W Nichia Japan<\/td>\n<\/tr>\n<tr>\n<td class=\"lileft\">Nh\u00e2n LED:<\/td>\n<td class=\"liright\">6 (Big)+3 (Osram)<\/td>\n<\/tr>\n<tr>\n<td class=\"lileft\">Nhi\u1ec7t m\u00e0u:<\/td>\n<td class=\"liright\">5500K<\/td>\n<\/tr>\n<tr>\n<td class=\"lileft\">H\u1ec7 Th\u1ed1ng T\u1ea3n Nhi\u1ec7t:<\/td>\n<td class=\"liright\">Qu\u1ea1t + Kh\u1ed1i Nh\u00f4m<\/td>\n<\/tr>\n<tr>\n<td class=\"lileft\">Tu\u1ed5i th\u1ecd:<\/td>\n<td class=\"liright\">30.000 gi\u1edd<\/td>\n<\/tr>\n<tr>\n<td class=\"lileft\">\u0110i\u1ec7n \u00c1p:<\/td>\n<td class=\"liright\">12 &#8211; 16V<\/td>\n<\/tr>\n<tr>\n<td class=\"lileft\">K\u00edch th\u01b0\u1edbc \u0110\u00e8n:<\/td>\n<td class=\"liright\">98*56*48mm<\/td>\n<\/tr>\n<tr>\n<td class=\"lileft\">K\u00edch Th\u01b0\u1edbc Lens:<\/td>\n<td class=\"liright\">1.8 inch<\/td>\n<\/tr>\n<tr>\n<td class=\"lileft\">B\u1ea3o h\u00e0nh:<\/td>\n<td class=\"liright\">2 N\u0103m<\/td>\n<\/tr>\n<tr>\n<td class=\"lileft\">\u0110\u1eb7c \u0110i\u1ec3m N\u1ed5i B\u1eadt:<\/td>\n<td class=\"liright\">Nh\u1ecf G\u1ecdn &#8211; D\u1ec5 L\u1eafp \u0110\u1eb7t<\/td>\n<\/tr>\n<\/tbody>\n<\/table>\n","protected":false},"featured_media":1840,"comment_status":"open","ping_status":"closed","template":"","meta":[],"product_brand":[134],"product_cat":[16,26],"product_tag":[],"class_list":{"0":"post-1838","1":"product","2":"type-product","3":"status-publish","4":"has-post-thumbnail","6":"product_brand-x-light","7":"product_cat-anh-sang","8":"product_cat-bi-led","10":"first","11":"instock","12":"shipping-taxable","13":"purchasable","14":"product-type-simple"},"_links":{"self":[{"href":"https:\/\/autothaiduong.vn\/index.php?rest_route=\/wp\/v2\/product\/1838","targetHints":{"allow":["GET"]}}],"collection":[{"href":"https:\/\/autothaiduong.vn\/index.php?rest_route=\/wp\/v2\/product"}],"about":[{"href":"https:\/\/autothaiduong.vn\/index.php?rest_route=\/wp\/v2\/types\/product"}],"replies":[{"embeddable":true,"href":"https:\/\/autothaiduong.vn\/index.php?rest_route=%2Fwp%2Fv2%2Fcomments&post=1838"}],"wp:featuredmedia":[{"embeddable":true,"href":"https:\/\/autothaiduong.vn\/index.php?rest_route=\/wp\/v2\/media\/1840"}],"wp:attachment":[{"href":"https:\/\/autothaiduong.vn\/index.php?rest_route=%2Fwp%2Fv2%2Fmedia&parent=1838"}],"wp:term":[{"taxonomy":"product_brand","embeddable":true,"href":"https:\/\/autothaiduong.vn\/index.php?rest_route=%2Fwp%2Fv2%2Fproduct_brand&post=1838"},{"taxonomy":"product_cat","embeddable":true,"href":"https:\/\/autothaiduong.vn\/index.php?rest_route=%2Fwp%2Fv2%2Fproduct_cat&post=1838"},{"taxonomy":"product_tag","embeddable":true,"href":"https:\/\/autothaiduong.vn\/index.php?rest_route=%2Fwp%2Fv2%2Fproduct_tag&post=1838"}],"curies":[{"name":"wp","href":"https:\/\/api.w.org\/{rel}","templated":true}]}}