{"id":1847,"date":"2025-05-15T16:50:02","date_gmt":"2025-05-15T16:50:02","guid":{"rendered":"https:\/\/autothaiduong.vn\/?post_type=product&#038;p=1847"},"modified":"2025-05-15T16:50:12","modified_gmt":"2025-05-15T16:50:12","slug":"bi-laser-titan-platinum-plus-2023","status":"publish","type":"product","link":"https:\/\/autothaiduong.vn\/?product=bi-laser-titan-platinum-plus-2023","title":{"rendered":"BI LASER TITAN PLATINUM PLUS 2023"},"content":{"rendered":"<p>Nh\u1eb1m \u0111em \u0111\u1ebfn cho th\u1ecb tr\u01b0\u1eddng n\u00e2ng c\u1ea5p h\u1ec7 th\u1ed1ng chi\u1ebfu s\u00e1ng cho xe nh\u1eefng s\u1ea3n ph\u1ea9m t\u0103ng s\u00e1ng \u0111\u1ec3 \u0111\u00e1p \u1ee9ng \u0111\u01b0\u1ee3c nhu c\u1ea7u c\u1ee7a kh\u00e1ch h\u00e0ng khi di chuy\u1ec3n, th\u01b0\u01a1ng hi\u1ec7u \u0111\u00e8n t\u0103ng s\u00e1ng Titan cho ra m\u1eaft Bi Laser Titan Platinum Plus, \u0111\u00e2y l\u00e0 s\u1ea3n ph\u1ea9m n\u00e2ng c\u1ea5p c\u1ee7a phi\u00ean b\u1ea3n ti\u1ec1n nhi\u1ec7m v\u1edbi nh\u1eefng \u0111i\u1ec3m n\u1ed5i b\u1eadt m\u1edbi, h\u1ee9a h\u1eb9n s\u1ebd tr\u1edf th\u00e0nh s\u1ea3n ph\u1ea9m \u0111\u00e1ng \u0111\u01b0\u1ee3c ch\u00e0o \u0111\u00f3n nh\u1ea5t trong th\u1eddi gian s\u1eafp t\u1edbi.<\/p>\n<div>\n<p>&nbsp;<\/p>\n<table width=\"620\">\n<colgroup>\n<col width=\"292\" \/>\n<col width=\"328\" \/><\/colgroup>\n<\/table>\n<\/div>\n<p><img loading=\"lazy\" decoding=\"async\" class=\"alignnone size-full wp-image-1852\" src=\"https:\/\/autothaiduong.vn\/wp-content\/uploads\/2025\/05\/1-16.jpg\" width=\"1280\" height=\"1280\" srcset=\"https:\/\/autothaiduong.vn\/wp-content\/uploads\/2025\/05\/1-16.jpg 1280w, https:\/\/autothaiduong.vn\/wp-content\/uploads\/2025\/05\/1-16-600x600.jpg 600w, https:\/\/autothaiduong.vn\/wp-content\/uploads\/2025\/05\/1-16-1024x1024.jpg 1024w, https:\/\/autothaiduong.vn\/wp-content\/uploads\/2025\/05\/1-16-300x300.jpg 300w, https:\/\/autothaiduong.vn\/wp-content\/uploads\/2025\/05\/1-16-768x768.jpg 768w, https:\/\/autothaiduong.vn\/wp-content\/uploads\/2025\/05\/1-16-100x100.jpg 100w\" sizes=\"auto, (max-width: 1280px) 100vw, 1280px\" \/><\/p>\n<h2><a id=\"thi--t-k--\" class=\"toc-a-tag\"><\/a>Thi\u1ebft k\u1ebf<\/h2>\n<p>Bi Laser Titan Platinum Plus \u0111\u01b0\u1ee3c thi\u1ebft k\u1ebf v\u1edbi m\u00e0u t\u00edm sang tr\u1ecdng, nh\u00ecn t\u1ed5ng th\u1ec3 th\u00ec body c\u1ee7a TItan Platinum Plus kh\u00f4ng kh\u00e1c bi\u1ec7t so v\u1edbi phi\u00ean b\u1ea3n ti\u1ec1n nhi\u1ec7m. S\u1ea3n ph\u1ea9m \u0111\u01b0\u1ee3c ho\u00e0n thi\u1ec7n b\u1edfi v\u1eadt li\u1ec7u Aluminum mang \u0111\u1ebfn \u0111\u1ed9 c\u1ee9ng c\u00e1p, c\u00e1c chi ti\u1ebft \u0111\u01b0\u1ee3c s\u1ea3n xu\u1ea5t v\u00e0 gia c\u00f4ng t\u1ec9 m\u1ec9, nh\u1edd \u0111\u00f3 m\u00e0 s\u1ea3n ph\u1ea9m \u0111\u01b0\u1ee3c ra m\u1eaft v\u1edbi \u0111\u1ed9 ho\u00e0n thi\u1ec7n ho\u00e0n h\u1ea3o, \u0111em \u0111\u1ebfn s\u1ef1 sang tr\u1ecdng v\u00e0 an to\u00e0n khi di chuy\u1ec3n.<\/p>\n<p><img loading=\"lazy\" decoding=\"async\" class=\"alignnone size-full wp-image-1853\" src=\"https:\/\/autothaiduong.vn\/wp-content\/uploads\/2025\/05\/4-13.jpg\" width=\"1280\" height=\"1280\" srcset=\"https:\/\/autothaiduong.vn\/wp-content\/uploads\/2025\/05\/4-13.jpg 1280w, https:\/\/autothaiduong.vn\/wp-content\/uploads\/2025\/05\/4-13-600x600.jpg 600w, https:\/\/autothaiduong.vn\/wp-content\/uploads\/2025\/05\/4-13-1024x1024.jpg 1024w, https:\/\/autothaiduong.vn\/wp-content\/uploads\/2025\/05\/4-13-300x300.jpg 300w, https:\/\/autothaiduong.vn\/wp-content\/uploads\/2025\/05\/4-13-768x768.jpg 768w, https:\/\/autothaiduong.vn\/wp-content\/uploads\/2025\/05\/4-13-100x100.jpg 100w\" sizes=\"auto, (max-width: 1280px) 100vw, 1280px\" \/><\/p>\n<p><a id=\"thi--t-k--\" class=\"toc-a-tag\"><\/a>Thi\u1ebft k\u1ebf Titan Platinum Plus<\/p>\n<p><img loading=\"lazy\" decoding=\"async\" class=\"alignnone size-full wp-image-1854\" src=\"https:\/\/autothaiduong.vn\/wp-content\/uploads\/2025\/05\/6-8.jpg\" width=\"1280\" height=\"1279\" srcset=\"https:\/\/autothaiduong.vn\/wp-content\/uploads\/2025\/05\/6-8.jpg 1280w, https:\/\/autothaiduong.vn\/wp-content\/uploads\/2025\/05\/6-8-600x600.jpg 600w, https:\/\/autothaiduong.vn\/wp-content\/uploads\/2025\/05\/6-8-1024x1024.jpg 1024w, https:\/\/autothaiduong.vn\/wp-content\/uploads\/2025\/05\/6-8-300x300.jpg 300w, https:\/\/autothaiduong.vn\/wp-content\/uploads\/2025\/05\/6-8-768x767.jpg 768w, https:\/\/autothaiduong.vn\/wp-content\/uploads\/2025\/05\/6-8-100x100.jpg 100w\" sizes=\"auto, (max-width: 1280px) 100vw, 1280px\" \/><\/p>\n<p>K\u00edch th\u01b0\u1edbc c\u1ee7a Titan Platinum Plus<\/p>\n<h2><a id=\"h--th--ng-t--n-nhi--t\" class=\"toc-a-tag\"><\/a>H\u1ec7 th\u1ed1ng t\u1ea3n nhi\u1ec7t<\/h2>\n<p>Bi Laser Titan Platinum Plus trang b\u1ecb h\u1ec7 th\u1ed1ng t\u1ea3n nhi\u1ec7t cao c\u1ea5p \u0111\u01b0\u1ee3c l\u00e0m v\u1eadt li\u1ec7u Aluminum v\u00f4 c\u00f9ng t\u1ed1t v\u00e0 \u0111\u1ea1t hi\u1ec7u qu\u1ea3 cao, c\u00e1c c\u00e1nh qu\u1ea1t \u0111\u01b0\u1ee3c thi\u1ebft k\u1ebf m\u1ecfng nh\u1eb9 \u0111\u1eb7t song song c\u00e1ch nhau kho\u1ea3ng 1mm \u0111em \u0111\u1ebfn qu\u00e1 tr\u00ecnh t\u1ea3n nhi\u1ec7t l\u01b0\u1ee3ng m\u1ed9t c\u00e1ch nhanh ch\u00f3ng v\u00e0 \u1ed5n \u0111\u1ecbnh. Nh\u1edd kh\u1ea3 n\u0103ng t\u1ea3n nhi\u1ec7t nhanh n\u00ean s\u1ea3n ph\u1ea9m lu\u00f4n ho\u1ea1t \u0111\u1ed9ng \u1edf m\u1ee9c \u1ed5n \u0111\u1ecbnh, gia t\u0103ng tu\u1ed5i th\u1ecd v\u00e0 nhi\u1ec7t \u0111\u1ed9 lu\u00f4n \u0111\u01b0\u1ee3c duy tr\u00ec \u1edf m\u1ee9c t\u1ed1i \u01b0u gi\u00fap \u1ed5n \u0111\u1ecbnh c\u00f4ng su\u1ea5t chi\u1ebfu s\u00e1ng cho Bi Laser Titan Platinum Plus.<\/p>\n<p><img loading=\"lazy\" decoding=\"async\" class=\"alignnone size-full wp-image-1855\" src=\"https:\/\/autothaiduong.vn\/wp-content\/uploads\/2025\/05\/8-5.jpg\" width=\"1280\" height=\"1280\" srcset=\"https:\/\/autothaiduong.vn\/wp-content\/uploads\/2025\/05\/8-5.jpg 1280w, https:\/\/autothaiduong.vn\/wp-content\/uploads\/2025\/05\/8-5-600x600.jpg 600w, https:\/\/autothaiduong.vn\/wp-content\/uploads\/2025\/05\/8-5-1024x1024.jpg 1024w, https:\/\/autothaiduong.vn\/wp-content\/uploads\/2025\/05\/8-5-300x300.jpg 300w, https:\/\/autothaiduong.vn\/wp-content\/uploads\/2025\/05\/8-5-768x768.jpg 768w, https:\/\/autothaiduong.vn\/wp-content\/uploads\/2025\/05\/8-5-100x100.jpg 100w\" sizes=\"auto, (max-width: 1280px) 100vw, 1280px\" \/><\/p>\n<h2><a id=\"c--u-h-nh--nh-s-ng\" class=\"toc-a-tag\"><\/a>C\u1ea5u h\u00ecnh \u00e1nh s\u00e1ng<\/h2>\n<p>Bi Laser Titan Platinum Plus \u0111\u01b0\u1ee3c ph\u00e1t tri\u1ec3n d\u1ef1a tr\u00ean \u0110\u1ee9c v\u1edbi chip LED Osram \u0111\u01b0\u1ee3c h\u00ecnh th\u00e0nh t\u1eeb nhi\u1ec1u nh\u00e2n LED cho ra c\u00f4ng su\u1ea5t m\u1ea1nh m\u1ebd v\u1edbi c\u01b0\u1eddng \u0111\u1ed9 s\u00e1ng kh\u00e1 t\u1ed1t.<\/p>\n<p>Bi Laser Titan Platinum Plus s\u1edf h\u1eefu 9+3 nh\u00e2n chip LED k\u1ebft h\u1ee3p c\u00f9ng Diode Laser 15W v\u1edbi 9 nh\u00e2n chip LED \u1edf ch\u00f3a ph\u1ea3n x\u1ea1 ch\u00ednh v\u00e0 3 nh\u00e2n chip LED \u1edf ch\u00f3a ph\u1ea3n x\u1ea1 ph\u1ee5 \u0111em \u0111\u1ebfn \u00e1nh s\u00e1ng ho\u00e0n h\u1ea3o, gi\u00fap t\u00e0i x\u1ebf t\u1ef1 tin chinh chi\u1ebfn \u0111\u01b0\u1eddng d\u00e0i.<\/p>\n<p>\u1ede ch\u1ebf \u0111\u1ed9 Cos, Bi Laser Titan Platinum Plus cho ra \u00e1nh s\u00e1ng v\u1edbi c\u00f4ng su\u1ea5t \u0111\u1ea1t 80W cho ra \u00e1nh s\u00e1ng m\u1ea1nh m\u1ebd v\u1edbi \u0111\u01b0\u1eddng c\u1eaft s\u1eafc n\u00e9t, r\u00f5 r\u00e0ng, kh\u1ea3 n\u0103ng ph\u1ee7 s\u00e1ng khi di chuy\u1ec3n tr\u00ean \u0111\u01b0\u1eddng an to\u00e0n v\u00e0 \u0111\u1ea3m b\u1ea3o, gi\u00fap cho t\u00e0i x\u1ebf tho\u1ea3i m\u00e1i khi di chuy\u1ec3n v\u00e0o ban \u0111\u00eam.<\/p>\n<p><img loading=\"lazy\" decoding=\"async\" class=\"alignnone size-full wp-image-1856\" src=\"https:\/\/autothaiduong.vn\/wp-content\/uploads\/2025\/05\/COS-14.jpg\" width=\"1280\" height=\"1280\" srcset=\"https:\/\/autothaiduong.vn\/wp-content\/uploads\/2025\/05\/COS-14.jpg 1280w, https:\/\/autothaiduong.vn\/wp-content\/uploads\/2025\/05\/COS-14-600x600.jpg 600w, https:\/\/autothaiduong.vn\/wp-content\/uploads\/2025\/05\/COS-14-1024x1024.jpg 1024w, https:\/\/autothaiduong.vn\/wp-content\/uploads\/2025\/05\/COS-14-300x300.jpg 300w, https:\/\/autothaiduong.vn\/wp-content\/uploads\/2025\/05\/COS-14-768x768.jpg 768w, https:\/\/autothaiduong.vn\/wp-content\/uploads\/2025\/05\/COS-14-100x100.jpg 100w\" sizes=\"auto, (max-width: 1280px) 100vw, 1280px\" \/><\/p>\n<p>\u1ede ch\u1ebf \u0111\u1ed9 Pha, Bi Laser Titan Platinum Plus cho ra \u00e1nh s\u00e1ng v\u1edbi c\u00f4ng su\u1ea5t \u0111\u1ea1t 90W, \u00e1nh s\u00e1ng gom t\u1ea1i t\u00e2m v\u1edbi kh\u1ea3 n\u0103ng chi\u1ebfu s\u00e1ng \u0111\u01b0\u1ee3c c\u1ea3i thi\u1ec7n 15% so v\u1edbi phi\u00ean b\u1ea3n ti\u1ec1n nhi\u1ec7m, vi\u1ec7c c\u1ea3i thi\u1ec7n n\u00e0y gi\u00fap cho t\u1ea7m quan s\u00e1t c\u1ee7a t\u00e0i x\u1ebf \u0111\u01b0\u1ee3c t\u0103ng cao. Ngo\u00e0i ra t\u1ea7m chi\u1ebfu xa c\u1ee7a Titan Platinum Plus l\u00ean \u0111\u1ebfn 1000m gi\u00fap cho vi\u1ec7c di chuy\u1ec3n v\u00e0o ban \u0111\u00eam d\u1ec5 d\u00e0ng h\u01a1n.<\/p>\n<p><img loading=\"lazy\" decoding=\"async\" class=\"alignnone size-full wp-image-1857\" src=\"https:\/\/autothaiduong.vn\/wp-content\/uploads\/2025\/05\/PHA-14.jpg\" width=\"1280\" height=\"1280\" srcset=\"https:\/\/autothaiduong.vn\/wp-content\/uploads\/2025\/05\/PHA-14.jpg 1280w, https:\/\/autothaiduong.vn\/wp-content\/uploads\/2025\/05\/PHA-14-600x600.jpg 600w, https:\/\/autothaiduong.vn\/wp-content\/uploads\/2025\/05\/PHA-14-1024x1024.jpg 1024w, https:\/\/autothaiduong.vn\/wp-content\/uploads\/2025\/05\/PHA-14-300x300.jpg 300w, https:\/\/autothaiduong.vn\/wp-content\/uploads\/2025\/05\/PHA-14-768x768.jpg 768w, https:\/\/autothaiduong.vn\/wp-content\/uploads\/2025\/05\/PHA-14-100x100.jpg 100w\" sizes=\"auto, (max-width: 1280px) 100vw, 1280px\" \/><\/p>\n<h2><a id=\"nhi--t-m-u\" class=\"toc-a-tag\"><\/a>Nhi\u1ec7t m\u00e0u<\/h2>\n<p>Bi Laser Titan Platinum Plus s\u1edf h\u1eefu nhi\u1ec7t m\u00e0u 5000K cho ra \u00e1nh s\u00e1ng tr\u1eafng th\u1eddi trang, \u0111\u00e2y l\u00e0 nh\u00f3m nhi\u1ec7t m\u00e0u g\u1ea7n v\u1edbi ti\u1ec7m c\u1eadn \u00e1nh s\u00e1ng v\u1edbi \u00e1nh s\u00e1ng m\u1eb7t tr\u1eddi n\u00ean s\u1ebd kh\u00f4ng g\u00e2y m\u1ecfi m\u1eaft khi di chuy\u1ec3n, ngo\u00e0i ra nhi\u1ec7t m\u00e0u 5000K v\u1edbi kh\u1ea3 n\u0103ng b\u00e1m \u0111\u01b0\u1eddng hi\u1ec7u qu\u1ea3 n\u00ean c\u00f3 th\u1ec3 \u0111i \u0111\u01b0\u1ee3c \u1edf nhi\u1ec1u \u0111i\u1ec1u ki\u1ec7n kh\u00e1c nhau nh\u01b0 m\u01b0a, s\u01b0\u01a1ng m\u00f9 nh\u1eb9,&#8230;<\/p>\n<h2><a id=\"x-treme-vision-nbsp-\" class=\"toc-a-tag\"><\/a>X-Treme Vision<\/h2>\n<p>X-Treme Vision l\u00e0 m\u1ed9t ti\u00eau chu\u1ea9n do 365 Group ban h\u00e0nh \u0111\u1ec3 \u0111\u00e1nh gi\u00e1 t\u1ed5ng quan kh\u1ea3 n\u0103ng chi\u1ebfu s\u00e1ng \u1edf nh\u1eefng ch\u1ebf \u0111\u1ed9 kh\u00e1c nhau. \u1ede ch\u1ebf \u0111\u1ed9 Cos, Bi Laser Titan Platinum Plus \u0111\u1ea1t 6\/6 sao, ch\u1ebf \u0111\u1ed9 Pha \u0111\u1ea1t 5,5\/6 sao v\u00e0 ch\u1ebf \u0111\u1ed9 \u0111i m\u01b0a \u0111i s\u01b0\u01a1ng m\u00f9 nh\u1eb9 \u0111\u1ea1t 5\/6 sao.<\/p>\n<h2><a id=\"b--o-h-nh----a--i--m-l--p---t\" class=\"toc-a-tag\"><\/a>B\u1ea3o h\u00e0nh &#8211; \u0111\u1ecba \u0111i\u1ec3m l\u1eafp \u0111\u1eb7t<\/h2>\n<p>Bi Laser Titan Platinum Plus v\u1edbi gi\u00e1 ni\u00eam y\u1ebft 16.900.000 vn\u0111 hi\u1ec7n \u0111\u00e3 c\u00f3 m\u1eb7t t\u1ea1i c\u00e1c chi nh\u00e1nh v\u00e0 \u0111\u1ea1i l\u00fd ph\u00e2n ph\u1ed1i tr\u00ean to\u00e0n qu\u1ed1c. N\u1ebfu qu\u00fd kh\u00e1ch c\u00f3 nhu c\u1ea7u l\u1eafp \u0111\u1eb7t ho\u1eb7c th\u1eafc m\u1eafc v\u1ec1 s\u1ea3n ph\u1ea9m c\u00f3 th\u1ec3 li\u00ean h\u1ec7 hotline ho\u1eb7c \u0111\u1ebfn v\u1edbi gara g\u1ea7n nh\u1ea5t \u0111\u1ec3 \u0111\u01b0\u1ee3c t\u01b0 v\u1ea5n v\u00e0 tr\u1ea3i nghi\u1ec7m s\u1ea3n ph\u1ea9m m\u1ed9t c\u00e1ch t\u1ed1t nh\u1ea5t.<\/p>\n<p><strong><span style=\"color: #ff0000;\">Auto Th\u00e1i D\u01b0\u01a1ng<\/span> <\/strong>&#8211; \u0110\u1ea1i L\u00ed Ch\u00ednh H\u00e3ng <strong>TiTan<\/strong> T\u1ea1i <strong>TP.B\u1ea3o L\u1ed9c<\/strong><\/p>\n<p><strong>Hotline: 0912197441<\/strong><\/p>\n<p>&nbsp;<\/p>\n","protected":false},"excerpt":{"rendered":"<h2>Th\u00f4ng s\u1ed1 k\u1ef9 thu\u1eadt BI LASER TITAN PLATINUM PLUS 2023<\/h2>\n<table>\n<tbody>\n<tr>\n<td class=\"lileft\">T\u00ean S\u1ea3n Ph\u1ea9m:<\/td>\n<td class=\"liright\">BI LASER TITAN PLATINUM PLUS 2023<\/td>\n<\/tr>\n<tr>\n<td class=\"lileft\">Lo\u1ea1i \u0110\u00e8n:<\/td>\n<td class=\"liright\">Bi Laser<\/td>\n<\/tr>\n<tr>\n<td class=\"lileft\">Th\u01b0\u01a1ng Hi\u1ec7u:<\/td>\n<td class=\"liright\">X-Light<\/td>\n<\/tr>\n<tr>\n<td class=\"lileft\">N\u0103m s\u1ea3n xu\u1ea5t:<\/td>\n<td class=\"liright\">2023<\/td>\n<\/tr>\n<tr>\n<td class=\"lileft\">V\u1ecb Tr\u00ed L\u1eafp \u0110\u1eb7t:<\/td>\n<td class=\"liright\">\u0110\u00e8n Ch\u00ednh<\/td>\n<\/tr>\n<tr>\n<td class=\"lileft\">D\u00f2ng Xe Ph\u00f9 H\u1ee3p:<\/td>\n<td class=\"liright\">C\u00e1c Lo\u1ea1i Xe \u00d4 T\u00f4<\/td>\n<\/tr>\n<tr>\n<td class=\"lileft\">C\u00f4ng Su\u1ea5t Cos:<\/td>\n<td class=\"liright\">80\/90W<\/td>\n<\/tr>\n<tr>\n<td class=\"lileft\">Diode LASER:<\/td>\n<td class=\"liright\">15W Nichia Japan<\/td>\n<\/tr>\n<tr>\n<td class=\"lileft\">Nh\u00e2n LED:<\/td>\n<td class=\"liright\">9 + 3<\/td>\n<\/tr>\n<tr>\n<td class=\"lileft\">Nhi\u1ec7t m\u00e0u:<\/td>\n<td class=\"liright\">5000k<\/td>\n<\/tr>\n<tr>\n<td class=\"lileft\">H\u1ec7 Th\u1ed1ng T\u1ea3n Nhi\u1ec7t:<\/td>\n<td class=\"liright\">Qu\u1ea1t + Aluminum<\/td>\n<\/tr>\n<tr>\n<td class=\"lileft\">Tu\u1ed5i th\u1ecd:<\/td>\n<td class=\"liright\">30.000 Gi\u1edd<\/td>\n<\/tr>\n<tr>\n<td class=\"lileft\">\u0110i\u1ec7n \u00c1p:<\/td>\n<td class=\"liright\">12 &#8211; 16V<\/td>\n<\/tr>\n<tr>\n<td class=\"lileft\">K\u00edch Th\u01b0\u1edbc Lens:<\/td>\n<td class=\"liright\">3.0 Inch<\/td>\n<\/tr>\n<tr>\n<td class=\"lileft\">B\u1ea3o h\u00e0nh:<\/td>\n<td class=\"liright\">3 N\u0103m<\/td>\n<\/tr>\n<tr>\n<td class=\"lileft\">\u0110\u1eb7c \u0110i\u1ec3m N\u1ed5i B\u1eadt:<\/td>\n<td class=\"liright\">Cos Laser<\/td>\n<\/tr>\n<\/tbody>\n<\/table>\n","protected":false},"featured_media":1852,"comment_status":"open","ping_status":"closed","template":"","meta":[],"product_brand":[28],"product_cat":[16,26],"product_tag":[],"class_list":{"0":"post-1847","1":"product","2":"type-product","3":"status-publish","4":"has-post-thumbnail","6":"product_brand-titan","7":"product_cat-anh-sang","8":"product_cat-bi-led","10":"first","11":"instock","12":"shipping-taxable","13":"purchasable","14":"product-type-simple"},"_links":{"self":[{"href":"https:\/\/autothaiduong.vn\/index.php?rest_route=\/wp\/v2\/product\/1847","targetHints":{"allow":["GET"]}}],"collection":[{"href":"https:\/\/autothaiduong.vn\/index.php?rest_route=\/wp\/v2\/product"}],"about":[{"href":"https:\/\/autothaiduong.vn\/index.php?rest_route=\/wp\/v2\/types\/product"}],"replies":[{"embeddable":true,"href":"https:\/\/autothaiduong.vn\/index.php?rest_route=%2Fwp%2Fv2%2Fcomments&post=1847"}],"wp:featuredmedia":[{"embeddable":true,"href":"https:\/\/autothaiduong.vn\/index.php?rest_route=\/wp\/v2\/media\/1852"}],"wp:attachment":[{"href":"https:\/\/autothaiduong.vn\/index.php?rest_route=%2Fwp%2Fv2%2Fmedia&parent=1847"}],"wp:term":[{"taxonomy":"product_brand","embeddable":true,"href":"https:\/\/autothaiduong.vn\/index.php?rest_route=%2Fwp%2Fv2%2Fproduct_brand&post=1847"},{"taxonomy":"product_cat","embeddable":true,"href":"https:\/\/autothaiduong.vn\/index.php?rest_route=%2Fwp%2Fv2%2Fproduct_cat&post=1847"},{"taxonomy":"product_tag","embeddable":true,"href":"https:\/\/autothaiduong.vn\/index.php?rest_route=%2Fwp%2Fv2%2Fproduct_tag&post=1847"}],"curies":[{"name":"wp","href":"https:\/\/api.w.org\/{rel}","templated":true}]}}