{"id":1858,"date":"2025-05-15T16:55:05","date_gmt":"2025-05-15T16:55:05","guid":{"rendered":"https:\/\/autothaiduong.vn\/?post_type=product&#038;p=1858"},"modified":"2025-05-15T16:57:00","modified_gmt":"2025-05-15T16:57:00","slug":"bi-laser-tirtim-s600-pro-2022","status":"publish","type":"product","link":"https:\/\/autothaiduong.vn\/?product=bi-laser-tirtim-s600-pro-2022","title":{"rendered":"BI LASER TIRTIM S600 PRO 2022"},"content":{"rendered":"<p><img loading=\"lazy\" decoding=\"async\" class=\" wp-image-1537 aligncenter\" src=\"https:\/\/autothaiduong.vn\/wp-content\/uploads\/2025\/05\/z6584734442481_f208f5944548cb4b46353402ce2e64e0-1.jpg\" alt=\"\" width=\"313\" height=\"277\" \/><\/p>\n<p style=\"text-align: center;\"><strong><span style=\"font-size: 150%; color: #ff0000;\">273-275 Tr\u1ea7n Ph\u00fa Ph\u01b0\u1eddng L\u1ed9c S\u01a1n Th\u00e0nh Ph\u1ed1 B\u1ea3o L\u1ed9c T\u1ec9nh L\u00e2m \u0110\u1ed3ng <\/span><\/strong><\/p>\n<p style=\"text-align: center;\"><strong><span style=\"font-size: 150%; color: #ff0000;\">Hotline: 0912197441<\/span><\/strong><\/p>\n<p><img loading=\"lazy\" decoding=\"async\" class=\"alignnone size-full wp-image-1863\" src=\"https:\/\/autothaiduong.vn\/wp-content\/uploads\/2025\/05\/04-08-2022-0-1659600906-bi-laser-tirtim-s600-2022-gtrvn-1.jpg\" alt=\"BI LASER TIRTIM S600 PRO 2022\" width=\"800\" height=\"800\" srcset=\"https:\/\/autothaiduong.vn\/wp-content\/uploads\/2025\/05\/04-08-2022-0-1659600906-bi-laser-tirtim-s600-2022-gtrvn-1.jpg 800w, https:\/\/autothaiduong.vn\/wp-content\/uploads\/2025\/05\/04-08-2022-0-1659600906-bi-laser-tirtim-s600-2022-gtrvn-1-600x600.jpg 600w, https:\/\/autothaiduong.vn\/wp-content\/uploads\/2025\/05\/04-08-2022-0-1659600906-bi-laser-tirtim-s600-2022-gtrvn-1-300x300.jpg 300w, https:\/\/autothaiduong.vn\/wp-content\/uploads\/2025\/05\/04-08-2022-0-1659600906-bi-laser-tirtim-s600-2022-gtrvn-1-768x768.jpg 768w, https:\/\/autothaiduong.vn\/wp-content\/uploads\/2025\/05\/04-08-2022-0-1659600906-bi-laser-tirtim-s600-2022-gtrvn-1-100x100.jpg 100w\" sizes=\"auto, (max-width: 800px) 100vw, 800px\" \/><\/p>\n<p dir=\"ltr\">Bi LASER m\u1ec7nh danh l\u00e0 \u201ctr\u00e2n b\u1ea3o\u201d trong c\u00f4ng ngh\u1ec7 n\u00e2ng c\u1ea5p \u00e1nh s\u00e1ng cho \u00f4 t\u00f4 m\u00e0 gi\u1edbi ch\u01a1i \u0111\u00e8n kh\u00f4ng th\u1ec3 b\u1ecf qua. \u0110\u01b0\u1ee3c bi\u1ebft, c\u1eb7p bi LASER \u0111\u1ea7u ti\u00ean xu\u1ea5t hi\u1ec7n tr\u00ean th\u1ebf gi\u1edbi \u0111\u1ebfn t\u1eeb th\u01b0\u01a1ng hi\u1ec7u BMW c\u00f3 gi\u00e1 th\u00e0nh cao ng\u1ea5t ng\u01b0\u1edfng. Ng\u00e0y nay, nhu c\u1ea7u s\u1eed d\u1ee5ng \u00e1nh s\u00e1ng pha ng\u00e0y c\u00e0ng cao, nh\u1eb1m t\u1ed1i \u01b0u h\u00f3a m\u1ee9c \u0111\u1ed9 ph\u1ed5 bi\u1ebfn c\u1ee7a s\u1ea3n ph\u1ea9m, Tirtim nghi\u00ean c\u1ee9u v\u00e0 cho ra \u0111\u1eddi Bi LASER S600 Pro s\u1edf h\u1eefu c\u00f4ng ngh\u1ec7 v\u01b0\u1ee3t tr\u1ed9i v\u00e0 gi\u00e1 th\u00e0nh d\u1ec5 ti\u1ebfp c\u1eadn v\u1edbi nhi\u1ec1u ph\u00e2n kh\u00fac kh\u00e1ch h\u00e0ng h\u01a1n.<\/p>\n<p dir=\"ltr\"><img loading=\"lazy\" decoding=\"async\" class=\"alignnone size-full wp-image-1863\" src=\"https:\/\/autothaiduong.vn\/wp-content\/uploads\/2025\/05\/04-08-2022-0-1659600906-bi-laser-tirtim-s600-2022-gtrvn-1.jpg\" alt=\"BI LASER TIRTIM S600 PRO 2022\" width=\"800\" height=\"800\" srcset=\"https:\/\/autothaiduong.vn\/wp-content\/uploads\/2025\/05\/04-08-2022-0-1659600906-bi-laser-tirtim-s600-2022-gtrvn-1.jpg 800w, https:\/\/autothaiduong.vn\/wp-content\/uploads\/2025\/05\/04-08-2022-0-1659600906-bi-laser-tirtim-s600-2022-gtrvn-1-600x600.jpg 600w, https:\/\/autothaiduong.vn\/wp-content\/uploads\/2025\/05\/04-08-2022-0-1659600906-bi-laser-tirtim-s600-2022-gtrvn-1-300x300.jpg 300w, https:\/\/autothaiduong.vn\/wp-content\/uploads\/2025\/05\/04-08-2022-0-1659600906-bi-laser-tirtim-s600-2022-gtrvn-1-768x768.jpg 768w, https:\/\/autothaiduong.vn\/wp-content\/uploads\/2025\/05\/04-08-2022-0-1659600906-bi-laser-tirtim-s600-2022-gtrvn-1-100x100.jpg 100w\" sizes=\"auto, (max-width: 800px) 100vw, 800px\" \/><\/p>\n<h2 id=\"1\" dir=\"ltr\"><strong><a id=\"ngo--i-h-nh-t--ng-th--\" class=\"toc-a-tag\"><\/a>Ngo\u1ea1i h\u00ecnh t\u1ed5ng th\u1ec3<\/strong><\/h2>\n<p dir=\"ltr\">Tr\u01b0\u1edbc ti\u00ean n\u00f3i s\u01a1 bao b\u00ec c\u1ee7a s\u1ea3n ph\u1ea9m, h\u1ed9p Tirtim S600 Pro c\u00f3 thi\u1ebft k\u1ebf ho\u00e0n to\u00e0n m\u1edbi v\u1edbi s\u1eafc cam n\u1ed5i b\u1eadt, h\u00fat m\u1eaft nh\u00ecn, ch\u1ea5t li\u1ec7u da simili \u00e9p mang \u0111\u1ebfn c\u1ea3m gi\u00e1c sang tr\u1ecdng v\u00e0 kh\u00e1c bi\u1ec7t ho\u00e0n to\u00e0n v\u1edbi c\u00e1c s\u1ea3n ph\u1ea9m \u0111\u00e8n tr\u00ean th\u1ecb tr\u01b0\u1eddng.<\/p>\n<p dir=\"ltr\">Tirtim S600 Pro \u0111\u01b0\u1ee3c k\u1ebf th\u1eeba \u00fd t\u01b0\u1edfng s\u00e1ng t\u1ea1o t\u1eeb nh\u1eefng chi\u1ebfc \u0111\u00e8n LASER BMW, mang ngo\u1ea1i h\u00ecnh c\u00f4ng ngh\u1ec7 th\u1eddi th\u01b0\u1ee3ng \u0111\u1ebfn t\u1eeb t\u01b0\u01a1ng lai v\u1edbi nhi\u1ec1u chi ti\u1ebft \u0111\u01b0\u1ee3c ch\u1ebf t\u00e1c tinh x\u1ea3o gh\u00e9p n\u1ed1i v\u1edbi nhau t\u1ea1o th\u00e0nh qu\u1ea3 bi nh\u01b0ng v\u1eabn gi\u1eef v\u1ebb \u0111\u1eb9p thanh l\u1ecbch v\u00e0 sang tr\u1ecdng.<\/p>\n<p dir=\"ltr\">\u00a0<img loading=\"lazy\" decoding=\"async\" class=\"alignnone size-full wp-image-1865\" src=\"https:\/\/autothaiduong.vn\/wp-content\/uploads\/2025\/05\/04-08-2022-2-1659600908-bi-laser-tirtim-s600-nam-2022-gtrvn-1.jpg\" alt=\"bi laser tirtim s600 pro 2022\" width=\"800\" height=\"800\" srcset=\"https:\/\/autothaiduong.vn\/wp-content\/uploads\/2025\/05\/04-08-2022-2-1659600908-bi-laser-tirtim-s600-nam-2022-gtrvn-1.jpg 800w, https:\/\/autothaiduong.vn\/wp-content\/uploads\/2025\/05\/04-08-2022-2-1659600908-bi-laser-tirtim-s600-nam-2022-gtrvn-1-600x600.jpg 600w, https:\/\/autothaiduong.vn\/wp-content\/uploads\/2025\/05\/04-08-2022-2-1659600908-bi-laser-tirtim-s600-nam-2022-gtrvn-1-300x300.jpg 300w, https:\/\/autothaiduong.vn\/wp-content\/uploads\/2025\/05\/04-08-2022-2-1659600908-bi-laser-tirtim-s600-nam-2022-gtrvn-1-768x768.jpg 768w, https:\/\/autothaiduong.vn\/wp-content\/uploads\/2025\/05\/04-08-2022-2-1659600908-bi-laser-tirtim-s600-nam-2022-gtrvn-1-100x100.jpg 100w\" sizes=\"auto, (max-width: 800px) 100vw, 800px\" \/><\/p>\n<h2 id=\"2\" dir=\"ltr\"><strong><a id=\"thi--t-k--chi-ti--t-t--ng-ph--n\" class=\"toc-a-tag\"><\/a>Thi\u1ebft k\u1ebf chi ti\u1ebft t\u1eebng ph\u1ea7n<\/strong><\/h2>\n<p dir=\"ltr\">Lens \u0111\u01b0\u1ee3c tr\u00e1ng ph\u1ee7 c\u00f4ng ngh\u1ec7 AR Pro gi\u00fap t\u0103ng hi\u1ec7u qu\u1ea3 chi\u1ebfu s\u00e1ng, t\u0103ng kh\u1ea3 n\u0103ng b\u00e1m \u0111\u01b0\u1eddng v\u00e0 ch\u1ed1ng ch\u00f3i ng\u01b0\u1eddi \u0111\u1ed1i di\u1ec7n. K\u1ebft h\u1ee3p c\u00f9ng chip LED Osram cao c\u1ea5p cho ra \u0111\u1ed9 ho\u00e0n m\u00e0u CRI&gt;90, t\u00e1i hi\u1ec7n l\u1ea1i \u00e1nh s\u00e1ng m\u1ed9t c\u00e1ch ch\u00e2n th\u1ef1c, kh\u00f4ng g\u00e2y m\u1ecfi m\u1eaft khi quan s\u00e1t \u0111\u01b0\u1eddng d\u00e0i.<\/p>\n<p dir=\"ltr\">H\u1ec7 th\u1ed1ng t\u1ea3n nhi\u1ec7t c\u1ee7a Tirtim S600 Pro s\u1eed d\u1ee5ng b\u1eb1ng v\u1eadt li\u1ec7u \u0111\u1ed3ng cao c\u1ea5p, \u0111\u1ebf \u0111\u1ed3ng DTP \u0111\u1eb7t b\u00ean d\u01b0\u1edbi nh\u00e2n LED ch\u00ednh n\u1ed1i d\u00e0i xu\u1ed1ng qu\u1ea1t t\u1ea3n nhi\u1ec7t, k\u1ebft h\u1ee3p \u0111\u1ed3ng nguy\u00ean kh\u1ed1i d\u1eadp m\u1ecfng th\u00e0nh t\u1eebng l\u00e1 \u0111\u1eb7t c\u00e1ch nhau 1mm t\u1ea1o th\u00e0nh c\u00e1c \u0111\u01b0\u1eddng r\u00e3nh \u0111\u01b0a l\u01b0u l\u01b0\u1ee3ng kh\u00ed n\u00f3ng ra b\u00ean ngo\u00e0i nhanh h\u01a1n, t\u0103ng hi\u1ec7u qu\u1ea3 t\u1ea3n nhi\u1ec7t v\u00e0 \u0111\u1ed9 b\u1ec1n cho s\u1ea3n ph\u1ea9m.<\/p>\n<p dir=\"ltr\">\u00a0<img loading=\"lazy\" decoding=\"async\" class=\"alignnone size-full wp-image-1866\" src=\"https:\/\/autothaiduong.vn\/wp-content\/uploads\/2025\/05\/04-08-2022-1-1659600907-bi-laser-tirtim-s600-gtrvn-1.jpg\" alt=\"laser tirtim s600 pro 2022\" width=\"800\" height=\"800\" srcset=\"https:\/\/autothaiduong.vn\/wp-content\/uploads\/2025\/05\/04-08-2022-1-1659600907-bi-laser-tirtim-s600-gtrvn-1.jpg 800w, https:\/\/autothaiduong.vn\/wp-content\/uploads\/2025\/05\/04-08-2022-1-1659600907-bi-laser-tirtim-s600-gtrvn-1-600x600.jpg 600w, https:\/\/autothaiduong.vn\/wp-content\/uploads\/2025\/05\/04-08-2022-1-1659600907-bi-laser-tirtim-s600-gtrvn-1-300x300.jpg 300w, https:\/\/autothaiduong.vn\/wp-content\/uploads\/2025\/05\/04-08-2022-1-1659600907-bi-laser-tirtim-s600-gtrvn-1-768x768.jpg 768w, https:\/\/autothaiduong.vn\/wp-content\/uploads\/2025\/05\/04-08-2022-1-1659600907-bi-laser-tirtim-s600-gtrvn-1-100x100.jpg 100w\" sizes=\"auto, (max-width: 800px) 100vw, 800px\" \/><\/p>\n<h2 id=\"3\" dir=\"ltr\"><strong><a id=\"c-ng-ngh---nh-s-ng-d--n---u-ph-n-kh-c\" class=\"toc-a-tag\"><\/a>C\u00f4ng ngh\u1ec7 \u00e1nh s\u00e1ng d\u1eabn \u0111\u1ea7u ph\u00e2n kh\u00fac<\/strong><\/h2>\n<p dir=\"ltr\">S600 Pro \u0111\u01b0\u1ee3c \u00e1p d\u1ee5ng c\u00f4ng ngh\u1ec7 chip LED Osram\u00a0m\u1edbi nh\u1ea5t hi\u1ec7n nay, cho ra \u0111\u1ed9 ho\u00e0n m\u00e0u CRI cao v\u00e0 c\u01b0\u1eddng \u0111\u1ed9 \u00e1nh s\u00e1ng m\u1ea1nh m\u1ebd, ch\u00e2n th\u1ef1c, kh\u1eafc ph\u1ee5c \u0111\u01b0\u1ee3c t\u00ecnh tr\u1ea1ng v\u00e2n s\u00e1ng tr\u00ean m\u1eb7t \u0111\u01b0\u1eddng g\u00e2y kh\u00f3 ch&amp;\u1ecbu m\u1eaft cho b\u00e1c t\u00e0i.<\/p>\n<p dir=\"ltr\">Trang b\u1ecb h\u1ec7 th\u1ed1ng 12 nh\u00e2n LED bao g\u1ed3m 6 nh\u00e2n LED \u1edf ch\u00f3a ph\u1ea3n x\u1ea1 ch\u00ednh v\u00e0 3+3 nh\u00e2n LED \u1edf ch\u00f3a ph\u1ea3n x\u1ea1 ph\u1ee5, v\u1edbi c\u1ea5u t\u1ea1o 3+3 nh\u00e2n LED n\u1eb1m t\u1ea1i v\u1ecb tr\u00ed ch\u1ebfch 30 \u0111\u1ed9 v\u1edbi th\u1ea5u k\u00ednh ch\u1ee9a Diode LASER 15W c\u00f9ng chi\u1ebfu v\u00e0o nhau v\u00e0 ph\u00e1t \u00e1nh s\u00e1ng ra b\u00ean ngo\u00e0i.<\/p>\n<p dir=\"ltr\">V\u1edbi c\u00f4ng su\u1ea5t Cos: 50W, tuy kh\u00f4ng qu\u00e1 cao nh\u01b0ng r\u1ed9ng v\u00e0 m\u1ecbn, c\u00f9ng nhi\u1ec7t m\u00e0u 6000K \u2013 \u00e1nh s\u00e1ng tr\u1eafng, th\u1eddi trang l\u00e0 s\u1ef1 k\u1ebft h\u1ee3p ho\u00e0n h\u1ea3o th\u00edch h\u1ee3p di chuy\u1ec3n trong n\u1ed9i th\u00e0nh.<\/p>\n<p dir=\"ltr\">S\u1edf h\u1eefu c\u00f4ng su\u1ea5t Pha (High Beam): 100W \u2013 m\u1ed9t trong nh\u1eefng c\u00f4ng su\u1ea5t cao nh\u1ea5t th\u1ecb tr\u01b0\u1eddng hi\u1ec7n nay, cho ra \u00e1nh s\u00e1ng pha m\u1ea1nh m\u1ebd, r\u1ed9ng v\u00e0 cao, n\u00e2ng t\u1ea7m chi\u1ebfu xa l\u00ean 1.150m.<\/p>\n<p dir=\"ltr\">\u00a0<img loading=\"lazy\" decoding=\"async\" class=\"alignnone size-full wp-image-1867\" src=\"https:\/\/autothaiduong.vn\/wp-content\/uploads\/2025\/05\/tirtim-s600-pro.jpg\" alt=\"tirtim s600 pro 2022\" width=\"1280\" height=\"1280\" srcset=\"https:\/\/autothaiduong.vn\/wp-content\/uploads\/2025\/05\/tirtim-s600-pro.jpg 1280w, https:\/\/autothaiduong.vn\/wp-content\/uploads\/2025\/05\/tirtim-s600-pro-600x600.jpg 600w, https:\/\/autothaiduong.vn\/wp-content\/uploads\/2025\/05\/tirtim-s600-pro-1024x1024.jpg 1024w, https:\/\/autothaiduong.vn\/wp-content\/uploads\/2025\/05\/tirtim-s600-pro-300x300.jpg 300w, https:\/\/autothaiduong.vn\/wp-content\/uploads\/2025\/05\/tirtim-s600-pro-768x768.jpg 768w, https:\/\/autothaiduong.vn\/wp-content\/uploads\/2025\/05\/tirtim-s600-pro-100x100.jpg 100w\" sizes=\"auto, (max-width: 1280px) 100vw, 1280px\" \/><\/p>\n<p dir=\"ltr\"><iframe loading=\"lazy\" src=\"https:\/\/www.youtube.com\/embed\/eygVEoH3Cqg?si=dBF_iRhoGrpA5vt7\" width=\"100%\" height=\"560\" frameborder=\"0\" scrolling=\"yes\" data-mce-fragment=\"1\"><\/iframe><\/p>\n","protected":false},"excerpt":{"rendered":"<p><span style=\"color: #ff0000;\"><strong>Auto Th\u00e1i D\u01b0\u01a1ng<\/strong><\/span> &#8211; \u0110\u1ea1i L\u00ed Ch\u00ednh H\u00e3ng T\u1ea1i<strong> TirTim<\/strong> t\u1ea1i <strong>TP.B\u1ea3o L\u1ed9c<\/strong><\/p>\n<p><span style=\"color: #282828;\"><strong>Hotline: 0912197441\u00a0<\/strong><\/span><\/p>\n","protected":false},"featured_media":1863,"comment_status":"open","ping_status":"closed","template":"","meta":[],"product_brand":[137],"product_cat":[16,26],"product_tag":[],"class_list":{"0":"post-1858","1":"product","2":"type-product","3":"status-publish","4":"has-post-thumbnail","6":"product_brand-tirtim","7":"product_cat-anh-sang","8":"product_cat-bi-led","10":"first","11":"instock","12":"shipping-taxable","13":"purchasable","14":"product-type-simple"},"_links":{"self":[{"href":"https:\/\/autothaiduong.vn\/index.php?rest_route=\/wp\/v2\/product\/1858","targetHints":{"allow":["GET"]}}],"collection":[{"href":"https:\/\/autothaiduong.vn\/index.php?rest_route=\/wp\/v2\/product"}],"about":[{"href":"https:\/\/autothaiduong.vn\/index.php?rest_route=\/wp\/v2\/types\/product"}],"replies":[{"embeddable":true,"href":"https:\/\/autothaiduong.vn\/index.php?rest_route=%2Fwp%2Fv2%2Fcomments&post=1858"}],"wp:featuredmedia":[{"embeddable":true,"href":"https:\/\/autothaiduong.vn\/index.php?rest_route=\/wp\/v2\/media\/1863"}],"wp:attachment":[{"href":"https:\/\/autothaiduong.vn\/index.php?rest_route=%2Fwp%2Fv2%2Fmedia&parent=1858"}],"wp:term":[{"taxonomy":"product_brand","embeddable":true,"href":"https:\/\/autothaiduong.vn\/index.php?rest_route=%2Fwp%2Fv2%2Fproduct_brand&post=1858"},{"taxonomy":"product_cat","embeddable":true,"href":"https:\/\/autothaiduong.vn\/index.php?rest_route=%2Fwp%2Fv2%2Fproduct_cat&post=1858"},{"taxonomy":"product_tag","embeddable":true,"href":"https:\/\/autothaiduong.vn\/index.php?rest_route=%2Fwp%2Fv2%2Fproduct_tag&post=1858"}],"curies":[{"name":"wp","href":"https:\/\/api.w.org\/{rel}","templated":true}]}}