{"id":1868,"date":"2025-05-15T17:04:04","date_gmt":"2025-05-15T17:04:04","guid":{"rendered":"https:\/\/autothaiduong.vn\/?post_type=product&#038;p=1868"},"modified":"2025-05-15T17:04:13","modified_gmt":"2025-05-15T17:04:13","slug":"den-bi-led-a8-new","status":"publish","type":"product","link":"https:\/\/autothaiduong.vn\/?product=den-bi-led-a8-new","title":{"rendered":"\u0110\u00e8n Bi Led A8 New"},"content":{"rendered":"<p><img loading=\"lazy\" decoding=\"async\" class=\" wp-image-1537 aligncenter\" src=\"https:\/\/autothaiduong.vn\/wp-content\/uploads\/2025\/05\/z6584734442481_f208f5944548cb4b46353402ce2e64e0-1.jpg\" alt=\"\" width=\"316\" height=\"279\" \/><\/p>\n<p class=\"font-size-22 fontwb\" style=\"text-align: center;\"><strong><span style=\"font-size: 150%; color: #ff0000;\">273-275 Tr\u1ea7n Ph\u00fa Ph\u01b0\u1eddng L\u1ed9c S\u01a1n Th\u00e0nh Ph\u1ed1 B\u1ea3o L\u1ed9c T\u1ec9nh L\u00e2m \u0110\u1ed3ng<\/span><\/strong><\/p>\n<p class=\"font-size-22 fontwb\" style=\"text-align: center;\"><strong><span style=\"font-size: 150%; color: #ff0000;\"> Hotline: 0912197441<\/span><\/strong><\/p>\n<div id=\"primary\" class=\"content-area\"><main id=\"main\" class=\"site-main\" role=\"main\"><\/p>\n<nav class=\"woocommerce-breadcrumb\" aria-label=\"Breadcrumb\"><a href=\"https:\/\/manhinhzestech.com.vn\/\" target=\"_blank\" rel=\"noopener\">Home<\/a>\u00a0\/\u00a0<a href=\"https:\/\/manhinhzestech.com.vn\/bong-den-o-to\" target=\"_blank\" rel=\"noopener\">B\u00f3ng \u0111\u00e8n \u00f4 t\u00f4<\/a>\u00a0\/\u00a0\u0110\u00e8n Bi Led A8 New<\/nav>\n<p><\/main><\/div>\n<div class=\"woocommerce-notices-wrapper\"><\/div>\n<div id=\"product-687\" class=\"product type-product post-687 status-publish first instock product_cat-bong-den-o-to has-post-thumbnail sale shipping-taxable purchasable product-type-simple\">\n<section class=\"single_product_header\">\n<div class=\"mui-row\">\n<div class=\"mui-col-xs-12 mui-col-md-7\">\n<div class=\"images nickx_product_images_with_video show_lightbox\">\n<div class=\"nickx-slider nickx-slider-for nslick-initialized nslick-slider\">\n<div class=\"nslick-list draggable\">\n<div class=\"nslick-track\">\n<div class=\"zoom woocommerce-product-gallery__image nslick-slide nslick-current nslick-active\" tabindex=\"0\" data-nslick-index=\"0\" aria-hidden=\"false\"><img loading=\"lazy\" decoding=\"async\" class=\"alignnone size-full wp-image-1870\" src=\"https:\/\/autothaiduong.vn\/wp-content\/uploads\/2025\/05\/A8-NEW-BI-LED-600x600-1.jpg\" width=\"600\" height=\"600\" alt=\"A8 NEW BI LED\" title=\"\u0110\u00e8n Bi Led A8 New 1\" srcset=\"https:\/\/autothaiduong.vn\/wp-content\/uploads\/2025\/05\/A8-NEW-BI-LED-600x600-1.jpg 600w, https:\/\/autothaiduong.vn\/wp-content\/uploads\/2025\/05\/A8-NEW-BI-LED-600x600-1-300x300.jpg 300w, https:\/\/autothaiduong.vn\/wp-content\/uploads\/2025\/05\/A8-NEW-BI-LED-600x600-1-100x100.jpg 100w\" sizes=\"auto, (max-width: 600px) 100vw, 600px\" \/><\/div>\n<\/div>\n<\/div>\n<\/div>\n<\/div>\n<\/div>\n<div class=\"mui-col-xs-12 mui-col-md-5\">\n<div class=\"summary entry-summary\">\n<h1 class=\"font-size-22 fontwb\">\u0110\u00e8n Bi Led A8 New<\/h1>\n<div class=\"title_gia\"><\/div>\n<ul class=\"extrainfo\">\n<li><strong>B\u1ea3o h\u00e0nh<\/strong>5 n\u0103m<\/li>\n<li><strong>1 \u0111\u1ed5i 1<\/strong>12 th\u00e1ng<\/li>\n<li><strong>Th\u01b0\u01a1ng hi\u1ec7u<\/strong>Zestech<\/li>\n<\/ul>\n<div class=\"box_saving v2 mt-2\">\n<div class=\"bs_title\" data-rocket-lazy-bg-bcbe55d1-00f7-4d47-ba9e-1a2576eb0005=\"loaded\">\n<div class=\"bs_price\"><b>Online Gi\u00e1 R\u1ebb Qu\u00e1<\/b><strong><span class=\"woocommerce-Price-amount amount\"><bdi>16.000.000\u00a0<span class=\"woocommerce-Price-currencySymbol\">\u20ab<\/span><\/bdi><\/span><\/strong><em><span class=\"woocommerce-Price-amount amount\"><bdi>17.000.000\u00a0<span class=\"woocommerce-Price-currencySymbol\">\u20ab<\/span><\/bdi><\/span><\/em>\u00a0<i>(<span class=\"discount-percentage\">&#8211; 6%<\/span>)<\/i><\/div>\n<div class=\"bs_time\">K\u1ebft th\u00fac sau<\/p>\n<div id=\"thoigian_online\">\n<div class=\"dem_time time_giat\">56gi\u00e2y<\/div>\n<div class=\"dem_time time_phut\">26ph\u00fat<\/div>\n<div class=\"dem_time time_gio\">23gi\u1edd<\/div>\n<\/div>\n<div class=\"clearfix\"><\/div>\n<div class=\"bs_count\"><img decoding=\"async\" class=\"entered lazyloaded\" src=\"https:\/\/cdn.tgdd.vn\/mwgcart\/mwgcore\/ContentMwg\/images\/fs-iconfire.png\" data-lazy-src=\"https:\/\/cdn.tgdd.vn\/mwgcart\/mwgcore\/ContentMwg\/images\/fs-iconfire.png\" data-ll-status=\"loaded\" \/><span class=\"percentage-info\"><i><\/i><b>C\u00f2n 18\/28 su\u1ea5t<\/b><\/span><\/div>\n<\/div>\n<\/div>\n<div class=\"bs_content\">\n<div class=\"bs_rule\">\n<ul>\n<li>Giao h\u00e0ng nhanh ch\u00f3ng (tu\u1ef3 khu v\u1ef1c)<\/li>\n<li>Gi\u00e1 v\u00e0 khuy\u1ebfn m\u00e3i c\u00f3 th\u1ec3 k\u1ebft th\u00fac s\u1edbm.<\/li>\n<li>M\u1ed7i s\u1ed1 \u0111i\u1ec7n tho\u1ea1i ch\u1ec9 mua 3 s\u1ea3n ph\u1ea9m trong 1 th\u00e1ng<\/li>\n<\/ul>\n<div class=\"block-button saving\"><a class=\"button mua_ngay_online alt\" href=\"https:\/\/manhinhzestech.com.vn\/bong-den-o-to-den-bi-led-a8-new?add-to-cart=687\" target=\"_blank\" rel=\"noopener\">MUA NGAY GI\u00c1 R\u1eba QU\u00c1\u00a0<span class=\"woocommerce-Price-amount amount\"><bdi>16.000.000\u00a0<span class=\"woocommerce-Price-currencySymbol\">\u20ab<\/span><\/bdi><\/span><\/a><\/div>\n<\/div>\n<\/div>\n<\/div>\n<div class=\"price_normal text-center\"><\/div>\n<form class=\"cart mui-form mg-10\" action=\"https:\/\/manhinhzestech.com.vn\/bong-den-o-to-den-bi-led-a8-new\" enctype=\"multipart\/form-data\" method=\"post\"><button class=\"m-0 w-100 font-size-18 mui-btn btn-add-giohang \" name=\"add-to-cart\" type=\"submit\" value=\"687\">\u0110\u1eb6T MUA NGAYmua online ho\u1eb7c t\u1ea1i c\u1eeda h\u00e0ng<\/button><\/form>\n<p class=\"text-center\">G\u1ecdi \u0111\u1eb7t mua :\u00a0<strong><a title=\"hotline\" href=\"tel:0966624469\" rel=\"nofolow\">0966.624.469<\/a>\u00a0\/\u00a0<a title=\"hotline\" href=\"tel:0911838832\" rel=\"nofolow\">0911.838.832<\/a><\/strong>\u00a0(8h00-22h00)<\/p>\n<\/div>\n<div class=\"product_meta mg-10 w-100\"><\/div>\n<ul class=\"box-policy ent-flex\">\n<li><i class=\"fas fa-trophy\"><\/i>\n<div class=\"rightctpc\">\n<p>100% h\u00e0ng ch\u00ednh h\u00e3ng Zestech<\/p>\n<p>\u0110\u1ec1n g\u1ea5p 3 l\u1ea7n n\u1ebfu ph\u00e1t hi\u1ec7n h\u00e0ng gi\u1ea3<\/p>\n<\/div>\n<\/li>\n<li><i class=\"fas fa-piggy-bank\"><\/i>\n<div class=\"rightctpc\">\n<p>Gi\u00e1 lu\u00f4n r\u1ebb nh\u1ea5t<\/p>\n<p>G\u1ecdi \u0111\u1ec3 c\u00f3 gi\u00e1 t\u1ed1t nh\u1ea5t Vi\u1ec7t Nam<\/p>\n<\/div>\n<\/li>\n<li><i class=\"fas fa-funnel-dollar\"><\/i>\n<div class=\"rightctpc\">\n<p>H\u1ec7 th\u1ed1ng Zestech<\/p>\n<p>M\u00e0n h\u00ecnh, Box Android Zestech ch\u00ednh h\u00e3ng<\/p>\n<\/div>\n<\/li>\n<li><i class=\"fas fa-money-check-alt\"><\/i>\n<div class=\"rightctpc\">\n<p>Tr\u1ea3 g\u00f3p 0%<\/p>\n<p>Tr\u1ea3 g\u00f3p Online t\u1eeb 0%<\/p>\n<\/div>\n<\/li>\n<\/ul>\n<\/div>\n<\/div>\n<\/section>\n<div class=\"clearfix\"><\/div>\n<div class=\"w-100\">\n<section class=\"single_content_woo\">\n<div class=\"mui-row\">\n<div class=\"mui-col-xs-12 mui-col-md-7\">\n<div class=\"w-100 pd-10\">\n<h2 class=\"title_dep text-center mg-10\"><span class=\"font-size-18 p-10 fontwb\">TH\u00d4NG TIN S\u1ea2N PH\u1ea8M<\/span><\/h2>\n<div id=\"thongsokythuat\" class=\"mui-row\">\n<div class=\"mui-col-xs-12 mui-col-md-6 pd-10 mui--divider-bottom bao-hanh\"><strong class=\"w-auto\">B\u1ea3o h\u00e0nh:\u00a0<\/strong>5 n\u0103m<\/div>\n<div class=\"mui-col-xs-12 mui-col-md-6 pd-10 mui--divider-bottom nam-san-xuat\"><strong class=\"w-auto\">N\u0103m s\u1ea3n xu\u1ea5t:\u00a0<\/strong>2024<\/div>\n<\/div>\n<\/div>\n<div id=\"woo-single-conten\" class=\"w-100 pd-10\">\n<section id=\"content_more\" class=\"open\">\n<div class=\"rll-youtube-player\" data-src=\"https:\/\/www.youtube.com\/embed\/JV2-JpqNg3E\" data-id=\"JV2-JpqNg3E\" data-query=\"si=8XiT668TjSAijrK_\" data-alt=\"YouTube video player\">\n<div data-id=\"JV2-JpqNg3E\" data-query=\"si=8XiT668TjSAijrK_\" data-src=\"https:\/\/www.youtube.com\/embed\/JV2-JpqNg3E\"><img loading=\"lazy\" decoding=\"async\" class=\"alignnone size-full wp-image-1871\" src=\"https:\/\/autothaiduong.vn\/wp-content\/uploads\/2025\/05\/hqdefault-2.jpg\" width=\"480\" height=\"360\" alt=\"YouTube video player\" \/><button class=\"play\" aria-label=\"play Youtube video\" data-rocket-lazy-bg-8497b668-693f-43a4-bc0b-4b7f7f3c2739=\"loaded\"><\/button><\/div>\n<\/div>\n<p>\u0110\u1ed9 \u0111\u00e8n tr\u1edf th\u00e0nh m\u1ed9t trong nh\u1eefng nhu c\u1ea7u l\u00e0m \u0111\u1eb9p, t\u0103ng s\u00e1ng cho xe h\u01a1i \u0111\u01b0\u1ee3c nhi\u1ec1u ch\u1ee7 x\u1ebf l\u1ef1a ch\u1ecdn. B\u1ea1n c\u0169ng \u0111ang t\u00ecm ki\u1ebfm cho m\u00ecnh m\u1ed9t gi\u1ea3i ph\u00e1p t\u0103ng s\u00e1ng an to\u00e0n, ch\u1ea5t l\u01b0\u1ee3ng, hi\u1ec7u qu\u1ea3 cao m\u00e0 gi\u00e1 th\u00e0nh l\u1ea1i h\u1ee3p l\u00fd? V\u1eady th\u00ec \u0111\u1eebng b\u1ecf qua\u00a0<strong>\u0111\u00e8n bi Led A8 New<\/strong>\u00a0c\u1ee7a Zestech \u2013 m\u1ed9t trong nh\u1eefng th\u01b0\u01a1ng hi\u1ec7u \u0111\u00e8n bi t\u1ed1t nh\u1ea5t hi\u1ec7n nay. Phi\u00ean b\u1ea3n n\u00e2ng c\u1ea5p s\u1eed d\u1ee5ng to\u00e0n b\u1ed9 chip led \u0110\u1ee9c Osram b\u1ec1n b\u1ec9, \u0111\u1eb3ng c\u1ea5p mang l\u1ea1i hi\u1ec7u qu\u1ea3 chi\u1ebfu s\u00e1ng g\u1ea5p 10 l\u1ea7n c\u00e1c c\u00f4ng ngh\u1ec7 chi\u1ebfu s\u00e1ng truy\u1ec1n th\u1ed1ng.<\/p>\n<h2>Th\u00f4ng s\u1ed1 k\u1ef9 thu\u1eadt \u0111\u00e8n bi Led A8 New<\/h2>\n<table>\n<tbody>\n<tr>\n<td><\/td>\n<td colspan=\"2\"><strong>Cos<\/strong><\/td>\n<td colspan=\"3\"><strong>Pha<\/strong><\/td>\n<\/tr>\n<tr>\n<td rowspan=\"2\"><strong>\u0110\u00e8n bi Led A8 New<\/strong><\/td>\n<td><strong>Nhi\u1ec7t \u0111\u1ed9 m\u00e0u (K)<\/strong><\/td>\n<td><strong>C\u00f4ng su\u1ea5t (W)<\/strong><\/td>\n<td><strong>C\u01b0\u1eddng \u0111\u1ed9 s\u00e1ng<\/strong><\/td>\n<td><strong>C\u00f4ng su\u1ea5t (W)<\/strong><\/td>\n<td><strong>Quang th\u00f4ng (LM)<\/strong><\/td>\n<\/tr>\n<tr>\n<td>5800<\/td>\n<td>50<\/td>\n<td>800<\/td>\n<td>68<\/td>\n<td>4200<\/td>\n<\/tr>\n<\/tbody>\n<\/table>\n<h2>\u01afu \u0111i\u1ec3m v\u01b0\u1ee3t tr\u1ed9i c\u1ee7a \u0111\u00e8n bi Led A8 New<\/h2>\n<ul>\n<li>\n<h3><strong>C\u01b0\u1eddng \u0111\u1ed9 chi\u1ebfu s\u00e1ng cao, \u0111\u1ea3m b\u1ea3o \u00e1nh s\u00e1ng m\u1ea1nh m\u1ebd<\/strong><\/h3>\n<\/li>\n<\/ul>\n<p>\u0110\u00e8n bi Led A8 New s\u1eed d\u1ee5ng to\u00e0n b\u1ed9 chip Led Osram \u2013 l\u00e0 CHIP \u0110\u1ee9c, th\u01b0\u01a1ng hi\u1ec7u n\u1ed5i ti\u1ebfng v\u1ec1 \u0111\u1ed9 b\u1ec1n c\u0169ng nh\u01b0 ch\u1ea5t l\u01b0\u1ee3ng \u0111\u1ea1t chu\u1ea9n.<\/p>\n<p>Thi\u1ebft k\u1ebf \u0111\u00e8n bi s\u1eed d\u1ee5ng 2 c\u1ed1c b\u00f3ng t\u01b0\u01a1ng \u0111\u01b0\u01a1ng s\u1ebd c\u00f3 2 ngu\u1ed3n s\u00e1ng. Nguy\u00ean l\u00fd ho\u1ea1t \u0111\u1ed9ng d\u1ef1 v\u00e0o vi\u1ec7c l\u1ea5y t\u00edn hi\u1ec7u chuy\u1ec3n m\u1ea1ch c\u1ee7a \u0111\u00e8n pha. Sau \u0111\u00f3 m\u1edf van \u0111i\u1ec7n t\u1eed, \u0111i\u1ec1u ch\u1ec9nh g\u00f3c c\u1ee7a th\u1ea5u k\u00ednh v\u00e0 b\u1eaft \u0111\u1ea7u chuy\u1ec3n \u0111\u1ed5i gi\u1eefa tr\u1ea1ng th\u00e1i cos \u0111\u1ea1t c\u00f4ng su\u1ea5t 50W v\u00e0 pha c\u1ee7a \u0111\u00e8n \u0111\u1ea1t 68W. Nh\u1edd \u0111\u00f3, mang \u0111\u1ebfn kh\u1ea3 n\u0103ng chi\u1ebfu s\u00e1ng r\u1ed9ng, c\u01b0\u1eddng \u0111\u1ed9 v\u00e0 kho\u1ea3ng c\u00e1ch chi\u1ebfu s\u00e1ng xa, m\u1ea1nh m\u1ebd. \u01af\u1edbc t\u00ednh g\u1ea5p \u0111\u1ebfn 10 l\u1ea7n so v\u1edbi c\u00e1c c\u00f4ng ngh\u1ec7 truy\u1ec1n s\u00e1ng truy\u1ec1n th\u1ed1ng nh\u01b0 \u0111\u00e8n halogen.<\/p>\n<p>H\u01a1n th\u1ebf n\u1eefa, Chip laser th\u1eb3ng c\u1ee7a A8 New l\u00e0m t\u0103ng kh\u1ea3 n\u0103ng chi\u1ebfu xa c\u1ee7a b\u00f3ng khi pha, t\u1eadp trung \u00e1nh s\u00e1ng va\u00f2 khu v\u1ef1c chi\u1ebfu trung t\u00e2m. L\u00e0 1 trong c\u00e1c c\u00f4ng ngh\u1ec7 chi\u1ebfu s\u00e1ng \u0111\u01b0\u1ee3c d\u00f9ng cho c\u00e1c d\u00f2ng xe sang hi\u1ec7n nay. N\u1ebfu LED gi\u00fap chi\u1ebfu s\u00e1ng r\u00f5 \u1edf c\u1ef1 ly g\u1ea7n th\u00ec Laser th\u1eb3ng s\u1ebd gi\u00fap ng\u01b0\u1eddi l\u00e1i c\u00f3 th\u1ec3 nh\u00ecn r\u00f5 \u1edf c\u1ee5 ly xa nh\u01b0ng kh\u00f4ng g\u00e2y \u1ea3nh h\u01b0\u1edfng \u0111\u1ebfn xe \u0111\u1ed1i di\u1ec7n.<\/p>\n<p>\u0110\u1eb7c bi\u1ec7t \u00e1nh s\u00e1ng chi\u1ebfu t\u1eeb \u0111\u00e8n bi A8 New \u0111\u01b0\u1ee3c c\u00e1c ch\u1ee7 x\u1ebf \u0111\u00e1nh gi\u00e1 m\u00e0u g\u1ea7n gi\u1ed1ng v\u1edbi ban ng\u00e0y nh\u1ea5t. T\u1eeb \u0111\u00f3, h\u1ecd c\u00f3 th\u1ec3 d\u1ec5 d\u00e0ng nh\u00ecn r\u00f5 m\u1ecdi v\u1eadt th\u1ec3 di chuy\u1ec3n tr\u00ean cung \u0111\u01b0\u1eddng, ngay c\u1ea3 trong \u0111i\u1ec1u ki\u1ec7n \u00e1nh s\u00e1ng t\u1ef1 nhi\u00ean y\u1ebfu.<\/p>\n<p>&nbsp;<\/p>\n<p><img loading=\"lazy\" decoding=\"async\" class=\"alignnone size-full wp-image-1872\" src=\"https:\/\/autothaiduong.vn\/wp-content\/uploads\/2025\/05\/4-3-400x267-1.jpg\" width=\"400\" height=\"267\" alt=\"4 3\" title=\"\u0110\u00e8n Bi Led A8 New 7\" \/><\/p>\n<p>&nbsp;<\/p>\n<p>&nbsp;<\/p>\n<p><img loading=\"lazy\" decoding=\"async\" class=\"alignnone size-full wp-image-1873\" src=\"https:\/\/autothaiduong.vn\/wp-content\/uploads\/2025\/05\/5-2-400x267-1.jpg\" width=\"400\" height=\"267\" alt=\"5 2\" title=\"\u0110\u00e8n Bi Led A8 New 8\" \/><\/p>\n<p>&nbsp;<\/p>\n<p><img loading=\"lazy\" decoding=\"async\" class=\"alignnone size-full wp-image-1874\" src=\"https:\/\/autothaiduong.vn\/wp-content\/uploads\/2025\/05\/6-400x267-1.jpg\" width=\"400\" height=\"267\" alt=\"6\" title=\"\u0110\u00e8n Bi Led A8 New 9\" \/><\/p>\n<ul>\n<li>\n<h3><strong>Kh\u00f4ng g\u00e2y ch\u00f3i, an to\u00e0n cho m\u1eaft<\/strong><\/h3>\n<\/li>\n<\/ul>\n<p>Kh\u00f4ng gi\u1ed1ng nh\u01b0 \u0111\u00e8n Halogen, \u00e1nh s\u00e1ng \u0111\u00e8n bi led A8 New l\u00e0 \u00e1nh s\u00e1ng \u0111\u1ecbnh h\u01b0\u1edbng, t\u1eadp trung. \u0110\u1eb7c \u0111i\u1ec3m n\u00e0y mang \u0111\u1ebfn \u01b0u \u0111i\u1ec3m quan tr\u1ecdng v\u1ec1 \u0111\u1ed9 an to\u00e0n cho ng\u01b0\u1eddi d\u00f9ng c\u0169ng nh\u01b0 ng\u01b0\u1eddi \u0111\u1ed1i di\u1ec7n. B\u1edfi n\u00f3 kh\u00f4ng g\u00e2y ch\u00f3i m\u1eaft, t\u0103ng \u0111\u1ed9 an to\u00e0n v\u00e0 th\u1ec3 hi\u1ec7n s\u1ef1 v\u0103n minh khi tham gia giao th\u00f4ng.<\/p>\n<p>C\u01a1 ch\u1ebf ph\u00e1t s\u00e1ng si\u00eau nhanh c\u1ee7a \u0111\u00e8n led c\u0169ng l\u00e0 l\u1ee3i th\u1ebf khi\u1ebfn s\u1ea3n ph\u1ea9m \u0111\u01b0\u1ee3c c\u00e1c t\u00e0i x\u1ebf \u01b0u \u00e1i. Ngay khi b\u1eadt l\u00ean, A8 New \u0111\u1ea1t c\u00f4ng su\u1ea5t t\u1ed1i \u0111a g\u1ea7n nh\u01b0 ngay t\u1ee9c kh\u1eafc v\u00e0 duy tr\u00ec s\u1ef1 \u1ed5n \u0111\u1ecbnh xuy\u00ean su\u1ed1t h\u00e0nh tr\u00ecnh.<\/p>\n<p>&nbsp;<\/p>\n<p><img loading=\"lazy\" decoding=\"async\" class=\"alignnone size-full wp-image-1875\" src=\"https:\/\/autothaiduong.vn\/wp-content\/uploads\/2025\/05\/9-1-400x267-1.jpg\" width=\"400\" height=\"267\" alt=\"9 1\" title=\"\u0110\u00e8n Bi Led A8 New 10\" \/><\/p>\n<p>&nbsp;<\/p>\n<p><img loading=\"lazy\" decoding=\"async\" class=\"alignnone size-full wp-image-1876\" src=\"https:\/\/autothaiduong.vn\/wp-content\/uploads\/2025\/05\/10-400x267-1.jpg\" width=\"400\" height=\"267\" alt=\"10\" title=\"\u0110\u00e8n Bi Led A8 New 11\" \/><\/p>\n<ul>\n<li>\n<h3><strong>Tu\u1ed5i th\u1ecd b\u00f3ng \u0111\u00e8n l\u00e2u d\u00e0i<\/strong><\/h3>\n<\/li>\n<\/ul>\n<p>Th\u1eddi gian ho\u1ea1t \u0111\u1ed9ng c\u1ee7a b\u00f3ng \u0111\u00e8n bi led A8 New l\u00ean t\u1edbi 20.000 gi\u1edd. C\u00f9ng v\u1edbi \u0111\u00f3 l\u00e0 \u0111\u1ed9 b\u1ec1n 22 n\u0103m. \u0110\u00e2y \u0111\u01b0\u1ee3c xem l\u00e0 kho\u1ea3ng th\u1eddi gian l\u00fd t\u01b0\u1edfng gi\u00fap gi\u1ea3m thi\u1ec3u chi ph\u00ed s\u1eeda ch\u1eefa, thay th\u1ebf s\u1ea3n ph\u1ea9m.<\/p>\n<p>L\u00fd gi\u1ea3i cho \u0111\u1ed9 b\u1ec1n v\u01b0\u1ee3t tr\u1ed9i n\u00e0y, b\u1ea1n h\u00e3y ch\u00fa \u00fd \u0111\u1ebfn thi\u1ebft k\u1ebf s\u1ea3n ph\u1ea9m. Thi\u1ebft k\u1ebf v\u1ecf \u0111\u00e8n \u0111\u01b0\u1ee3c l\u00e0m b\u1eb1ng nh\u00f4m, th\u00e9p t\u0129nh \u0111i\u1ec7n \u2013 l\u00e0 nh\u1eefng v\u1eadt li\u1ec7u n\u1ed5i ti\u1ebfng mang l\u1ea1i \u0111\u1ed9 b\u1ec1n cao. Quan tr\u1ecdng nh\u1ea5t, trong khi c\u00e1c lo\u1ea1i chip kh\u00e1c tr\u00ean th\u1ecb tr\u01b0\u1eddng ch\u1ec9 s\u1eed d\u1ee5ng chip 6+1 th\u00ec A8 New s\u1eed d\u1ee5ng chip Led Osram 6+3 c\u00f4ng ngh\u1ec7 \u0110\u1ee9c v\u00e0 \u1ed1ng Laser OSRAM. Nh\u1eefng thi\u1ebft b\u1ecb \u201cmade in Germany\u201d lu\u00f4n \u0111\u01b0\u1ee3c \u0111\u00e1nh gi\u00e1 v\u1edbi \u0111\u1ed9 ho\u00e0n thi\u1ec7n cao, ch\u1ea5t l\u01b0\u1ee3ng \u0111\u1ea1t chu\u1ea9n h\u00e0ng \u0111\u1ea7u th\u1ebf gi\u1edbi.<\/p>\n<p><strong>Ti\u1ebft ki\u1ec7m n\u0103ng l\u01b0\u1ee3ng g\u1ea5p 5 l\u1ea7n \u0111\u00e8n halogen<\/strong><\/p>\n<p>\u0110\u00e8n bi led A8 New \u0111\u1ea1t c\u00f4ng su\u1ea5t m\u1ea1nh m\u1ebd, mang l\u1ea1i hi\u1ec7u n\u0103ng chi\u1ebfu s\u00e1ng v\u01b0\u1ee3t tr\u1ed9i nh\u01b0ng ngu\u1ed3n n\u0103ng l\u01b0\u1ee3ng ph\u00e1t ra l\u1ea1i kh\u00f4ng t\u1ecfa qu\u00e1 nhi\u1ec1u nhi\u1ec7t n\u0103ng c\u0169ng nh\u01b0 kh\u00f4ng g\u00e2y n\u00f3ng, kh\u00f4ng b\u1ecb hao c\u00f4ng su\u1ea5t.<\/p>\n<p>Theo c\u00e1c chuy\u00ean gia, n\u0103ng l\u01b0\u1ee3ng ti\u00eau th\u1ee5 c\u1ee7a \u0111\u00e8n led ch\u1ec9 b\u1eb1ng 1\/5 l\u1ea7n so v\u1edbi \u0111\u00e8n Halogen. Si\u00eau ti\u1ebft ki\u1ec7m n\u0103ng l\u01b0\u1ee3ng, \u0111\u00f3ng m\u1ed9t ph\u1ea7n kh\u00f4ng nh\u1ecf v\u00e0o vi\u1ec7c b\u1ea3o v\u1ec7 m\u00f4i tr\u01b0\u1eddng.<\/p>\n<p>Ngo\u00e0i ra, m\u1ed9t \u0111i\u1ec3m c\u1ed9ng kh\u00f4ng nh\u1ecf m\u00e0 A8 New mang l\u1ea1i \u0111\u00f3 l\u00e0 l\u00e0 \u00e1nh s\u00e1ng c\u1ee7a n\u00f3 kh\u00f4ng ph\u00e1t ra b\u1ee9c x\u1ea1 h\u1ed3ng ngo\u1ea1i. V\u1eady n\u00ean v\u00f4 c\u00f9ng an to\u00e0n cho s\u1ee9c kh\u1ecfe ng\u01b0\u1eddi d\u00f9ng.<\/p>\n<ul>\n<li>\n<h3><strong>D\u1ec5 d\u00e0ng l\u1eafp \u0111\u1eb7t, s\u1eed d\u1ee5ng 100% gi\u1eafc c\u1eafm zin<\/strong><\/h3>\n<\/li>\n<\/ul>\n<p>A8 New t\u00edch h\u1ee3p c\u1ed1c b\u00f3ng \u0111\u00f4i, l\u00e0 d\u00f2ng H4 \u0111u\u00f4i xo\u00e1y, thi\u1ebft k\u1ebf gi\u1eafc c\u1eafm zin n\u00ean v\u00f4 c\u00f9ng d\u1ec5 l\u1eafp \u0111\u1eb7t, ph\u00f9 h\u1ee3p v\u1edbi t\u1ea5t c\u1ea3 c\u00e1c d\u00f2ng xe hi\u1ec7n h\u00e0nh. V\u1eady n\u00ean \u0111\u00e2y ch\u00ednh l\u00e0 s\u1ea3n ph\u1ea9m ho\u00e0n h\u1ea3o \u0111\u1ed9 \u0111\u00e8n cho x\u1ebf y\u00eau c\u1ee7a b\u1ea1n.<\/p>\n<p>Tuy nhi\u00ean, n\u00f3 v\u1eabn y\u00eau c\u1ea7u m\u1ed9t s\u1ed1 k\u1ef9 thu\u1eadt c\u01a1 b\u1ea3n n\u00ean n\u1ebfu b\u1ea1n kh\u00f4ng c\u00f3 nhi\u1ec1u kinh nghi\u1ec7m trong l\u0129nh v\u1ef1c n\u00e0y. T\u1ed1t nh\u1ea5t h\u00e3y nh\u1edd \u0111\u1ebfn s\u1ef1 h\u1ed7 tr\u1ee3 c\u1ee7a c\u00e1c k\u1ef9 thu\u1eadt vi\u00ean v\u1edbi tr\u00ecnh \u0111\u1ed9 chuy\u00ean m\u00f4n cao. Nh\u01b0 v\u1eady s\u1ebd \u0111\u1ea3m b\u1ea3o sau khi \u0111\u1ed9 \u0111\u00e8n xong, s\u1ea3n ph\u1ea9m c\u00f3 \u0111\u1ed9 b\u1ec1n cao v\u00e0 t\u00ednh th\u1ea9m m\u1ef9 t\u1ed1t.<\/p>\n<\/section>\n<\/div>\n<\/div>\n<\/div>\n<\/section>\n<\/div>\n<\/div>\n","protected":false},"excerpt":{"rendered":"<h3 class=\"font-size-16 m-0  p-5\"><strong>Th\u00f4ng s\u1ed1 k\u1ef9 thu\u1eadt<\/strong><\/h3>\n<p>Cos \u2013 C\u00f4ng su\u1ea5t W: 50<\/p>\n<p>Nhi\u1ec7t \u0111\u1ed9 m\u00e0u K : 5.800<\/p>\n<p>Pha \u2013 C\u00f4ng Su\u1ea5t: 68<\/p>\n<p>C\u01b0\u1eddng \u0111\u1ed9 s\u00e1ng:\u00a0 800<\/p>\n<p>Th\u00f4ng quang: 4.200<\/p>\n","protected":false},"featured_media":1870,"comment_status":"open","ping_status":"closed","template":"","meta":[],"product_brand":[81],"product_cat":[16,26],"product_tag":[],"class_list":{"0":"post-1868","1":"product","2":"type-product","3":"status-publish","4":"has-post-thumbnail","6":"product_brand-zestech","7":"product_cat-anh-sang","8":"product_cat-bi-led","10":"first","11":"instock","12":"shipping-taxable","13":"purchasable","14":"product-type-simple"},"_links":{"self":[{"href":"https:\/\/autothaiduong.vn\/index.php?rest_route=\/wp\/v2\/product\/1868","targetHints":{"allow":["GET"]}}],"collection":[{"href":"https:\/\/autothaiduong.vn\/index.php?rest_route=\/wp\/v2\/product"}],"about":[{"href":"https:\/\/autothaiduong.vn\/index.php?rest_route=\/wp\/v2\/types\/product"}],"replies":[{"embeddable":true,"href":"https:\/\/autothaiduong.vn\/index.php?rest_route=%2Fwp%2Fv2%2Fcomments&post=1868"}],"wp:featuredmedia":[{"embeddable":true,"href":"https:\/\/autothaiduong.vn\/index.php?rest_route=\/wp\/v2\/media\/1870"}],"wp:attachment":[{"href":"https:\/\/autothaiduong.vn\/index.php?rest_route=%2Fwp%2Fv2%2Fmedia&parent=1868"}],"wp:term":[{"taxonomy":"product_brand","embeddable":true,"href":"https:\/\/autothaiduong.vn\/index.php?rest_route=%2Fwp%2Fv2%2Fproduct_brand&post=1868"},{"taxonomy":"product_cat","embeddable":true,"href":"https:\/\/autothaiduong.vn\/index.php?rest_route=%2Fwp%2Fv2%2Fproduct_cat&post=1868"},{"taxonomy":"product_tag","embeddable":true,"href":"https:\/\/autothaiduong.vn\/index.php?rest_route=%2Fwp%2Fv2%2Fproduct_tag&post=1868"}],"curies":[{"name":"wp","href":"https:\/\/api.w.org\/{rel}","templated":true}]}}