{"id":1973,"date":"2025-05-16T15:41:48","date_gmt":"2025-05-16T15:41:48","guid":{"rendered":"https:\/\/autothaiduong.vn\/?post_type=product&#038;p=1973"},"modified":"2025-05-16T15:45:48","modified_gmt":"2025-05-16T15:45:48","slug":"bi-led-osram-cbi","status":"publish","type":"product","link":"https:\/\/autothaiduong.vn\/?product=bi-led-osram-cbi","title":{"rendered":"Bi Led Osram CBI"},"content":{"rendered":"<p><strong><img loading=\"lazy\" decoding=\"async\" class=\" wp-image-1537 aligncenter\" src=\"https:\/\/autothaiduong.vn\/wp-content\/uploads\/2025\/05\/z6584734442481_f208f5944548cb4b46353402ce2e64e0-1.jpg\" alt=\"\" width=\"307\" height=\"272\" \/><\/strong><\/p>\n<p style=\"text-align: center;\"><strong><span style=\"font-size: 150%; color: #ff0000;\">273-275 Tr\u1ea7n Ph\u00fa Ph\u01b0\u1eddng L\u1ed9c S\u01a1n Th\u00e0nh Ph\u1ed1 B\u1ea3o L\u1ed9c T\u1ec9nh L\u00e2m \u0110\u1ed3ng<\/span><\/strong><\/p>\n<p style=\"text-align: center;\"><strong><span style=\"font-size: 150%; color: #ff0000;\">Hotline: 0912197441<\/span><\/strong><\/p>\n<p>&nbsp;<\/p>\n<p><strong>Osram<\/strong>\u00a01 trong nh\u1eefng th\u01b0\u01a1ng hi\u1ec7u \u0111\u00e8n t\u0103ng s\u00e1ng cho xe h\u01a1i \u00f4 t\u00f4 h\u00e0ng \u0111\u1ea7u c\u1ee7a \u0110\u1ee9c hi\u1ec7n nay v\u1edbi c\u00e1c s\u1ea3n ph\u1ea9m n\u1ed5i ti\u1ebfng nh\u01b0 \u0111\u00e8n led, \u0111\u00e8n bi xenon, \u0111\u00e8n bi led. V\u1eeba m\u1edbi \u0111\u00e2y,\u00a0<strong>Osram<\/strong>\u00a0v\u1eeba tung ra th\u1ecb tr\u01b0\u1eddng s\u1ea3n ph\u1ea9m\u00a0<a href=\"https:\/\/manhquanauto.vn\/do-den-o-to\/\" target=\"_blank\" rel=\"noopener\"><strong>\u0111\u00e8n bi Led Osram CBI<\/strong><\/a>\u00a0l\u00e0 m\u1ed9t m\u1eabu g\u01b0\u01a1ng c\u1ea7u LED si\u00eau s\u00e1ng, b\u1ec1n b\u1ec9, gi\u00fap ng\u01b0\u1eddi l\u00e1i d\u1ec5 d\u00e0ng di chuy\u1ec3n trong \u0111i\u1ec1u ki\u1ec7n \u00e1nh s\u00e1ng kh\u00f4ng \u0111\u1ee7.<\/p>\n<h3>\u00a0Bi led Osram CBI gi\u00e1 bao nhi\u00eau? Th\u1eddi gian l\u1eafp \u0111\u1eb7t?<\/h3>\n<p>\u2013\u00a0<strong><a href=\"https:\/\/manhquanauto.vn\/do-den-o-to\/\" target=\"_blank\" rel=\"noopener\">Bi led Osram CBI<\/a><\/strong>\u00a0gi\u00e1 6.500.000\u0111, \u0111\u00e3 bao g\u1ed3m c\u00f4ng l\u1eafp \u0111\u1eb7t.<\/p>\n<p>\u2013 Th\u1eddi gian l\u1eafp \u0111\u1eb7t kho\u1ea3ng 3 \u2013 4 ti\u1ebfng. S\u1ea3n ph\u1ea9m \u0111\u01b0\u1ee3c s\u1eed d\u1ee5ng d\u00e2y jack zin v\u00e0 l\u1ea5y ngu\u1ed3n \u0111i\u1ec7n t\u1eeb b\u00ecnh n\u00ean kh\u00f4ng l\u00e0m \u1ea3nh h\u01b0\u1edfng \u0111\u1ebfn h\u1ec7 th\u1ed1ng \u0111i\u1ec7n c\u1ee7a xe.<\/p>\n<h3>7 T\u00cdNH N\u0102NG N\u1ed4I B\u1eacT C\u1ee6A \u0110\u00c8N BI LED OSRAM CBI<\/h3>\n<ul>\n<li>T\u0103ng s\u00e1ng 320% so v\u1edbi Bi c\u1ea7u nguy\u00ean b\u1ea3n<\/li>\n<li>T\u1ea7m quan s\u00e1t h\u01a1n 100m \u1edf ch\u1ebf \u0111\u1ed9 \u0111\u00e8n Cos.<\/li>\n<li>S\u1ea3n xu\u1ea5t t\u1eeb Chip Led hi\u1ec7u su\u1ea5t cao c\u1ee7a OSRAM, c\u00f4ng ngh\u1ec7 c\u1ee7a \u0110\u1ee9c.<\/li>\n<li>\u0110\u01b0\u1eddng c\u1eaft s\u1eafc n\u00e9t, kh\u00f4ng g\u00e2y ch\u00f3i m\u1eaft cho ng\u01b0\u1eddi \u0111\u1ed1i di\u1ec7n. L\u1eafp \u0111\u1eb7t s\u1eed d\u1ee5ng m\u00e1y h\u1ea5p chuy\u00ean d\u1ee5ng, pat, h\u1ea1n ch\u1ebf t\u1ed1i \u0111a vi\u1ec7c \u0111\u1ee5c kho\u00e9t ch\u00f3a v\u00e0 c\u1eaft \u0111\u1ea5u n\u1ed1i d\u00e2y. C\u00f4ng l\u1eafp \u0111\u1eb7t ph\u1ee5 thu\u1ed9c v\u00e0o m\u1ee9c \u0111\u1ed9 ph\u1ee9c t\u1ea1p t\u1eebng d\u00f2ng xe.<\/li>\n<li>\u0110\u00e8n cho ra c\u00f4ng su\u1ea5t 45w \u1edf ch\u1ebf \u0111\u1ed9 cos v\u00e0 55w \u1edf ch\u1ebf \u0111\u1ed9 pha. Thi\u1ebft k\u1ebf driver t\u00edch h\u1ee3p. S\u1eed d\u1ee5ng qu\u1ea1t t\u1ea3n nhi\u1ec7t.<\/li>\n<li>S\u1eed d\u1ee5ng chip led OSRAM v\u1edbi \u0111\u1ed9 ho\u00e0n m\u00e0u CRI l\u00ean \u0111\u1ebfn 80.<\/li>\n<li>Ngo\u00e0i ra, Osram c\u00f2n cho ra m\u00e0u tr\u1eafng \u1ea5m, th\u1ea9m m\u1ef9 nh\u01b0ng v\u1eabn \u0111\u1ea3m b\u1ea3o kh\u1ea3 n\u0103ng b\u00e1m \u0111\u01b0\u1eddng t\u1ed1t.<\/li>\n<li><\/li>\n<\/ul>\n","protected":false},"excerpt":{"rendered":"<h3>TH\u00d4NG S\u1ed0 K\u1ef8 THU\u1eacT C\u1ee6A \u0110\u00c8N BI LED OSRAM CBI<\/h3>\n<ul>\n<li>Ph\u00e2n Lo\u1ea1i: Bi Led<\/li>\n<li>\u00c1nh s\u00e1ng: Tr\u1eafng<\/li>\n<li>C\u00f4ng su\u1ea5t: 43W \u2013 45W<\/li>\n<li>Ch\u1ecbu \u0111\u01b0\u1ee3c nhi\u1ec7t \u0111\u1ed9 t\u1eeb -40 t\u1edbi 105 \u0111\u1ed9 C<\/li>\n<li>Ch\u1ec9 s\u1ed1 ch\u1ed1ng th\u1ea5m n\u01b0\u1edbc: IP65<\/li>\n<li>Nhi\u1ec7t m\u00e0u: 6000K<\/li>\n<li>Tu\u1ed5i th\u1ecd: tr\u00ean 25.000 gi\u1edd.<\/li>\n<li>B\u1ea3o H\u00e0nh Ch\u00ednh H\u00e3ng: 3 n\u0103m.<\/li>\n<\/ul>\n","protected":false},"featured_media":1975,"comment_status":"open","ping_status":"closed","template":"","meta":[],"product_brand":[147],"product_cat":[16,26],"product_tag":[],"class_list":{"0":"post-1973","1":"product","2":"type-product","3":"status-publish","4":"has-post-thumbnail","6":"product_brand-osram","7":"product_cat-anh-sang","8":"product_cat-bi-led","10":"first","11":"instock","12":"sale","13":"shipping-taxable","14":"purchasable","15":"product-type-simple"},"_links":{"self":[{"href":"https:\/\/autothaiduong.vn\/index.php?rest_route=\/wp\/v2\/product\/1973","targetHints":{"allow":["GET"]}}],"collection":[{"href":"https:\/\/autothaiduong.vn\/index.php?rest_route=\/wp\/v2\/product"}],"about":[{"href":"https:\/\/autothaiduong.vn\/index.php?rest_route=\/wp\/v2\/types\/product"}],"replies":[{"embeddable":true,"href":"https:\/\/autothaiduong.vn\/index.php?rest_route=%2Fwp%2Fv2%2Fcomments&post=1973"}],"wp:featuredmedia":[{"embeddable":true,"href":"https:\/\/autothaiduong.vn\/index.php?rest_route=\/wp\/v2\/media\/1975"}],"wp:attachment":[{"href":"https:\/\/autothaiduong.vn\/index.php?rest_route=%2Fwp%2Fv2%2Fmedia&parent=1973"}],"wp:term":[{"taxonomy":"product_brand","embeddable":true,"href":"https:\/\/autothaiduong.vn\/index.php?rest_route=%2Fwp%2Fv2%2Fproduct_brand&post=1973"},{"taxonomy":"product_cat","embeddable":true,"href":"https:\/\/autothaiduong.vn\/index.php?rest_route=%2Fwp%2Fv2%2Fproduct_cat&post=1973"},{"taxonomy":"product_tag","embeddable":true,"href":"https:\/\/autothaiduong.vn\/index.php?rest_route=%2Fwp%2Fv2%2Fproduct_tag&post=1973"}],"curies":[{"name":"wp","href":"https:\/\/api.w.org\/{rel}","templated":true}]}}