{"id":1978,"date":"2025-05-16T15:52:16","date_gmt":"2025-05-16T15:52:16","guid":{"rendered":"https:\/\/autothaiduong.vn\/?post_type=product&#038;p=1978"},"modified":"2025-05-18T17:22:07","modified_gmt":"2025-05-18T17:22:07","slug":"laser-megalodon-light","status":"publish","type":"product","link":"https:\/\/autothaiduong.vn\/?product=laser-megalodon-light","title":{"rendered":"LASER MEGALODON LIGHT"},"content":{"rendered":"<p><img loading=\"lazy\" decoding=\"async\" class=\" wp-image-1537 aligncenter\" src=\"https:\/\/autothaiduong.vn\/wp-content\/uploads\/2025\/05\/z6584734442481_f208f5944548cb4b46353402ce2e64e0-1.jpg\" alt=\"\" width=\"292\" height=\"259\" \/><\/p>\n<p style=\"text-align: center;\"><strong><span style=\"color: #ff0000; font-size: 150%;\">273-275 Tr\u1ea7n Ph\u00fa Ph\u01b0\u1eddng L\u1ed9c S\u01a1n Th\u00e0nh Ph\u1ed1 B\u1ea3o L\u1ed9c T\u1ec9nh L\u00e2m \u0110\u1ed3ng<\/span><\/strong><\/p>\n<p style=\"text-align: center;\"><strong><span style=\"color: #ff0000; font-size: 150%;\"> Hotline: 0912197441<\/span><\/strong><\/p>\n<ul class=\"text-image\">\n<li>\n<div class=\"img\"><img decoding=\"async\" src=\"https:\/\/aozoom.com.vn\/storage\/uploads\/product\/LASER%20MEGALODON%20LIGHT\/C%C3%94NG%20NGH%E1%BB%86%2002.webp\" alt=\"c\u00f4ng ngh\u1ec7\" \/><\/div>\n<div class=\"content c-white\">\n<p class=\"title bold-bmw\">c\u00f4ng ngh\u1ec7<\/p>\n<p class=\"desc regular-bmw\">9 chip LED AOZOOM \u0111\u1ed9c quy\u1ec1n k\u1ebft h\u1ee3p 1 Diode LASER tr\u1ef1c ti\u1ebfp cho ngu\u1ed3n s\u00e1ng m\u1ea1nh chi\u1ebfu xa t\u1eeb 800 &#8211; 1200m.<\/p>\n<\/div>\n<\/li>\n<li>\n<div class=\"d-flex\">\n<div>\n<div class=\"img\"><img decoding=\"async\" src=\"https:\/\/aozoom.com.vn\/storage\/uploads\/product\/LASER%20MEGALODON%20LIGHT\/THI%E1%BA%BET%20K%E1%BA%BE%2002.webp\" alt=\"thi\u1ebft k\u1ebf\" \/><\/div>\n<div class=\"content c-white\">\n<p class=\"title bold-bmw\">thi\u1ebft k\u1ebf<\/p>\n<p class=\"desc regular-bmw\">2 Lups thu\u1ef7 tinh ri\u00eang bi\u1ec7t cho LED v\u00e0 Diode LASER, t\u0103ng hi\u1ec7u qu\u1ea3 chi\u1ebfu s\u00e1ng. Thi\u1ebft k\u1ebf nh\u1ecf g\u1ecdn, l\u1eafp tr\u00ean m\u1ecdi xe.<\/p>\n<\/div>\n<\/div>\n<div>\n<div class=\"img\"><img decoding=\"async\" src=\"https:\/\/aozoom.com.vn\/storage\/uploads\/product\/LASER%20MEGALODON%20LIGHT\/T%E1%BA%A2N%20NHI%E1%BB%86T.webp\" alt=\"t\u1ea3n nhi\u1ec7t\" \/><\/div>\n<div class=\"content c-white\">\n<p class=\"title bold-bmw\">t\u1ea3n nhi\u1ec7t<\/p>\n<p class=\"desc regular-bmw\">Chip c\u1ea3m bi\u1ebfn nhi\u1ec7t \u0111\u1ed9 BK Night Buster duy tr\u00ec nhi\u1ec7t \u0111\u1ed9 \u1ed5n \u0111\u1ecbnh, gi\u00fap pha LASER ho\u1ea1t \u0111\u1ed9ng b\u1ec1n b\u1ec9 v\u00e0 l\u00e2u d\u00e0i.<\/p>\n<\/div>\n<\/div>\n<\/div>\n<\/li>\n<\/ul>\n<div class=\"see-more-content full-sec\">\n<div class=\"container\">\n<p><img loading=\"lazy\" decoding=\"async\" src=\"https:\/\/aozoom.com.vn\/storage\/uploads\/product\/LASER%20MEGALODON%20LIGHT\/IMG-MEGALODON-02.webp\" alt=\"\" width=\"3000\" height=\"3000\" \/><\/p>\n<p><img loading=\"lazy\" decoding=\"async\" src=\"https:\/\/aozoom.com.vn\/storage\/uploads\/product\/LASER%20MEGALODON%20LIGHT\/IMG-MEGALODON-03.webp\" alt=\"\" width=\"3000\" height=\"3000\" \/><\/p>\n<p><img loading=\"lazy\" decoding=\"async\" src=\"https:\/\/aozoom.com.vn\/storage\/uploads\/product\/LASER%20MEGALODON%20LIGHT\/IMG-MEGALODON-04.webp\" alt=\"\" width=\"3000\" height=\"3000\" \/><\/p>\n<p><img loading=\"lazy\" decoding=\"async\" src=\"https:\/\/aozoom.com.vn\/storage\/uploads\/product\/LASER%20MEGALODON%20LIGHT\/IMG-MEGALODON-05.webp\" alt=\"\" width=\"3000\" height=\"3000\" \/><\/p>\n<div class=\"container\">\n<div class=\"review-product-video\"><iframe src=\"https:\/\/www.youtube.com\/embed\/vqNthakfbVU\" data-mce-fragment=\"1\"><\/iframe><\/div>\n<\/div>\n<div class=\"product-warranty-policy\">\n<div class=\"container\">\n<h3 class=\"title c-white bold-utm\">Ch\u00ednh s\u00e1ch b\u1ea3o h\u00e0nh s\u1ea3n ph\u1ea9m<\/h3>\n<ul class=\"list\">\n<li>\n<ul>\n<li class=\"has-bg\">\n<p class=\"c-white bold-bmw\">100% h\u00e0ng ch\u00ednh h\u00e3ng<\/p>\n<div class=\"img\"><img decoding=\"async\" src=\"https:\/\/aozoom.com.vn\/storage\/uploads\/policy\/chinh-hang-moi-2.webp\" alt=\"image\" \/><\/div>\n<\/li>\n<\/ul>\n<\/li>\n<li>\n<ul>\n<li class=\"has-bg\">\n<p class=\"c-white bold-bmw\">b\u1ea3o h\u00e0nh t\u1eeb 2 \u0111\u1ebfn 3 n\u0103m 1 \u0111\u1ed5i 1<\/p>\n<div class=\"img\"><img decoding=\"async\" src=\"https:\/\/aozoom.com.vn\/storage\/uploads\/policy\/lien-he-moi.webp\" alt=\"image\" \/><\/div>\n<\/li>\n<li class=\"has-bg\">\n<p class=\"c-white bold-bmw\">t\u1ed5ng \u0111\u00e0i h\u1ed7 tr\u1ee3 mi\u1ec5n ph\u00ed<\/p>\n<div class=\"img\"><img decoding=\"async\" src=\"https:\/\/aozoom.com.vn\/storage\/uploads\/policy\/lien-he.webp\" alt=\"image\" \/><\/div>\n<\/li>\n<\/ul>\n<\/li>\n<\/ul>\n<\/div>\n<\/div>\n<\/div>\n<\/div>\n","protected":false},"excerpt":{"rendered":"<p>Bi pha Laser Megalodon Light thu\u1ed9c BST M\u00e3nh th\u00fa MTAZ l\u1ea5y c\u1ea3m h\u1ee9ng Bi BMW sang tr\u1ecdng cho \u00e1nh s\u00e1ng si\u00eau pha m\u1ea1nh m\u1ebd 1200m. 2 Lups t\u1ea1o ngu\u1ed3n s\u00e1ng ri\u00eang bi\u1ec7t, Chip c\u1ea3m bi\u1ebfn nhi\u1ec7t \u0111\u1ed9 BK Night Buster gi\u00fap v\u1eadn h\u00e0nh \u1ed5n \u0111\u1ecbnh b\u1ec1n theo th\u1eddi gian<\/p>\n","protected":false},"featured_media":1979,"comment_status":"open","ping_status":"closed","template":"","meta":[],"product_brand":[140],"product_cat":[16,26],"product_tag":[],"class_list":{"0":"post-1978","1":"product","2":"type-product","3":"status-publish","4":"has-post-thumbnail","6":"product_brand-aozoom","7":"product_cat-anh-sang","8":"product_cat-bi-led","10":"first","11":"instock","12":"sale","13":"shipping-taxable","14":"purchasable","15":"product-type-simple"},"_links":{"self":[{"href":"https:\/\/autothaiduong.vn\/index.php?rest_route=\/wp\/v2\/product\/1978","targetHints":{"allow":["GET"]}}],"collection":[{"href":"https:\/\/autothaiduong.vn\/index.php?rest_route=\/wp\/v2\/product"}],"about":[{"href":"https:\/\/autothaiduong.vn\/index.php?rest_route=\/wp\/v2\/types\/product"}],"replies":[{"embeddable":true,"href":"https:\/\/autothaiduong.vn\/index.php?rest_route=%2Fwp%2Fv2%2Fcomments&post=1978"}],"wp:featuredmedia":[{"embeddable":true,"href":"https:\/\/autothaiduong.vn\/index.php?rest_route=\/wp\/v2\/media\/1979"}],"wp:attachment":[{"href":"https:\/\/autothaiduong.vn\/index.php?rest_route=%2Fwp%2Fv2%2Fmedia&parent=1978"}],"wp:term":[{"taxonomy":"product_brand","embeddable":true,"href":"https:\/\/autothaiduong.vn\/index.php?rest_route=%2Fwp%2Fv2%2Fproduct_brand&post=1978"},{"taxonomy":"product_cat","embeddable":true,"href":"https:\/\/autothaiduong.vn\/index.php?rest_route=%2Fwp%2Fv2%2Fproduct_cat&post=1978"},{"taxonomy":"product_tag","embeddable":true,"href":"https:\/\/autothaiduong.vn\/index.php?rest_route=%2Fwp%2Fv2%2Fproduct_tag&post=1978"}],"curies":[{"name":"wp","href":"https:\/\/api.w.org\/{rel}","templated":true}]}}