{"id":1984,"date":"2025-05-16T15:58:14","date_gmt":"2025-05-16T15:58:14","guid":{"rendered":"https:\/\/autothaiduong.vn\/?post_type=product&#038;p=1984"},"modified":"2025-05-16T15:58:17","modified_gmt":"2025-05-16T15:58:17","slug":"x-led-pro-domax-light-aozoom-cao-cap","status":"publish","type":"product","link":"https:\/\/autothaiduong.vn\/?product=x-led-pro-domax-light-aozoom-cao-cap","title":{"rendered":"X Led Pro Domax Light Aozoom cao c\u1ea5p"},"content":{"rendered":"<p><img loading=\"lazy\" decoding=\"async\" class=\" wp-image-1537 aligncenter\" src=\"https:\/\/autothaiduong.vn\/wp-content\/uploads\/2025\/05\/z6584734442481_f208f5944548cb4b46353402ce2e64e0-1.jpg\" alt=\"\" width=\"280\" height=\"248\" \/><\/p>\n<p style=\"text-align: center;\"><strong><span style=\"color: #ff0000; font-size: 150%;\">273-275 Tr\u1ea7n Ph\u00fa Ph\u01b0\u1eddng L\u1ed9c S\u01a1n Th\u00e0nh Ph\u1ed1 B\u1ea3o L\u1ed9c T\u1ec9nh L\u00e2m \u0110\u1ed3ng<\/span><\/strong><\/p>\n<p style=\"text-align: center;\"><strong><span style=\"color: #ff0000; font-size: 150%;\"> Hotline: 0912197441<\/span><\/strong><\/p>\n<p><strong>i X Led Pro Domax<\/strong>\u00a0c\u00f3 t\u00ednh n\u0103ng v\u01b0\u1ee3t tr\u1ed9i, kh\u1ea3 n\u0103ng ch\u1ecbu nhi\u1ec7t v\u00e0 ch\u1ecbu l\u1ef1c t\u1ed1t, k\u00edch s\u00e1ng nhanh, kho\u1ea3ng c\u00e1ch chi\u1ebfu xa l\u00ean \u0111\u1ebfn 950m. \u0110\u00e2y l\u00e0 s\u1ea3n ph\u1ea9m cao c\u1ea5p \u0111\u1ebfn t\u1eeb th\u01b0\u01a1ng hi\u1ec7u Aozoom n\u1ed5i ti\u1ebfng.<\/p>\n<p><img loading=\"lazy\" decoding=\"async\" class=\"alignnone size-full wp-image-1987\" src=\"https:\/\/autothaiduong.vn\/wp-content\/uploads\/2025\/05\/2-5-2.jpg\" width=\"900\" height=\"900\" alt=\"X_led_Pro_Domax\" srcset=\"https:\/\/autothaiduong.vn\/wp-content\/uploads\/2025\/05\/2-5-2.jpg 900w, https:\/\/autothaiduong.vn\/wp-content\/uploads\/2025\/05\/2-5-2-600x600.jpg 600w, https:\/\/autothaiduong.vn\/wp-content\/uploads\/2025\/05\/2-5-2-300x300.jpg 300w, https:\/\/autothaiduong.vn\/wp-content\/uploads\/2025\/05\/2-5-2-768x768.jpg 768w, https:\/\/autothaiduong.vn\/wp-content\/uploads\/2025\/05\/2-5-2-100x100.jpg 100w\" sizes=\"auto, (max-width: 900px) 100vw, 900px\" \/><\/p>\n<p>&nbsp;<\/p>\n<h2><strong>L\u00fd do n\u00ean l\u1eafp bi X Led Pro Domax cho x\u1ebf y\u00eau<\/strong><\/h2>\n<p>Ph\u1ea7n l\u1edbn xe \u00f4 t\u00f4 \u1edf Vi\u1ec7t Nam \u0111\u1ec1u \u0111\u01b0\u1ee3c trang b\u1ecb h\u1ec7 th\u1ed1ng chi\u1ebfu s\u00e1ng ph\u00eda tr\u01b0\u1edbc l\u00e0 \u0111\u00e8n Halogen. \u0110\u00e8n n\u00e0y c\u00f3 nhi\u1ec7t \u0111\u1ed9 m\u00e0u kho\u1ea3ng 3.500K, \u00e1nh s\u00e1ng v\u00e0ng c\u1ee7a \u0111\u00e8n y\u1ebfu. \u0110\u1eb7c bi\u1ec7t, khi xe di chuy\u1ec3n v\u00e0o c\u00e1c tuy\u1ebfn \u0111\u01b0\u1eddng qu\u1ed1c l\u1ed9 ho\u1eb7c li\u00ean t\u1ec9nh, Halogen \u0111\u01b0\u1ee3c v\u00ed von nh\u01b0 &#8220;\u0111\u00e8n d\u1ea7u&#8221;. S\u1ea3n ph\u1ea9m kh\u00f4ng b\u1ea3o \u0111\u1ea3m \u0111\u01b0\u1ee3c an to\u00e0n cho ng\u01b0\u1eddi tham gia giao th\u00f4ng.<\/p>\n<p>\u0110\u1ec3 kh\u1eafc ph\u1ee5c \u0111\u01b0\u1ee3c t\u00ecnh tr\u1ea1ng tr\u00ean, nhi\u1ec1u ch\u1ee7 xe \u0111\u00e3 l\u1ef1a ch\u1ecdn gi\u1ea3i ph\u00e1p thay th\u1ebf b\u00f2ng \u0111\u00e8n nguy\u00ean b\u1ea3n xe b\u1eb1ng lo\u1ea1i \u0111\u00e8n kh\u00e1c c\u00f3 kh\u1ea3 n\u0103ng chi\u1ebfu s\u00e1ng t\u1ed1t h\u01a1n. Tr\u01b0\u1edbc kia, \u01b0a chu\u1ed9ng nh\u1ea5t l\u00e0 c\u00e1c d\u00f2ng xenon hay bi xenon. V\u00e0i n\u0103m tr\u1edf l\u1ea1i \u0111\u00e2y, s\u1ef1 ph\u00e1t tri\u1ec3n kh\u00f4ng ng\u1eebng ngh\u1ec9 c\u1ee7a c\u00f4ng ngh\u1ec7 khi\u1ebfn \u0111\u00e8n led tr\u1edf n\u00ean ph\u1ed5 bi\u1ebfn h\u01a1n. Thi\u1ebft b\u1ecb c\u00f3 t\u00ednh n\u0103ng \u01b0u vi\u1ec7t, \u0111a d\u1ea1ng ch\u1ee7ng lo\u1ea1i v\u1edbi nhi\u1ec1u m\u1ee9c gi\u00e1 kh\u00e1c nhau.<\/p>\n<p>\u0110\u1eb7c \u0111i\u1ec3m c\u1ee7a X Led Pro Domax:<\/p>\n<ul>\n<li>Thi\u1ebft b\u1ecb c\u00f3 \u0111\u1ed9 b\u1ec1n cao, ch\u1ecbu nhi\u1ec7t v\u00e0 ch\u1ecbu l\u1ef1c t\u1ed1t nh\u1edd v\u1ecf h\u1ee3p kim titan v\u00e0 magie, nguy\u00ean li\u1ec7u nh\u1eadp kh\u1ea9u, chip th\u00f4ng minh cho hi\u1ec7u su\u1ea5t \u1ed5n \u0111\u1ecbnh<\/li>\n<li>C\u00f4ng ngh\u1ec7 l\u00e0m m\u00e1t k\u00e9p c\u00f9ng qu\u1ea1t t\u1ea3n nhi\u1ec7t c\u00f4ng su\u1ea5t l\u1edbn gi\u00fap h\u1ec7 th\u1ed1ng t\u1ea3n nhi\u1ec7t t\u1ed1i \u01b0u, \u0111\u00e8n lu\u00f4n v\u1eadn h\u00e0nh t\u1ed1t trong th\u1eddi gian d\u00e0i m\u00e0 kh\u00f4ng b\u1ecb n\u00f3ng<\/li>\n<li>Thi\u1ebft k\u1ebf h\u00ecnh c\u1ea7u \u1ea5n t\u01b0\u1ee3ng, t\u0103ng c\u01b0\u1eddng \u0111\u1ed9 s\u00e1ng, n\u00e2ng cao t\u00ednh th\u1ea9m m\u1ef9 c\u1ee7a xe v\u1edbi ch\u00f3p b\u1ea1c v\u00e0 k\u00ednh xanh<\/li>\n<li>S\u1ea3n xu\u1ea5t v\u1edbi d\u00e2y chuy\u1ec1n kh\u00e9p k\u00edn c\u00f4ng ngh\u1ec7 cao, b\u1ec1 m\u1eb7t lens \u0111\u01b0\u1ee3c tr\u00e1ng l\u1edbp Polarized s\u00e1ng b\u00f3ng, ng\u0103n c\u00e1ch nh\u1eefng chia s\u00e1ng ph\u00e2n c\u1ef1c n\u1eb1m ngang<\/li>\n<li>Kh\u1ea3 n\u0103ng chi\u1ebfu s\u00e1ng \u0111\u1ec9nh cao, \u00e1nh s\u00e1ng th\u00e2n thi\u1ec7n, kh\u00f4ng g\u00e2y ch\u00f3i m\u1eaft v\u1edbi ph\u01b0\u01a1ng ti\u1ec7n di chuy\u1ec3n ng\u01b0\u1ee3c chi\u1ec1u<\/li>\n<li>Chip led hi\u1ec7n \u0111\u1ea1i gi\u00fap k\u00edch s\u00e1ng nhanh,\u00a0v\u00f9ng chi\u1ebfu s\u00e1ng r\u1ed9ng, d\u00e0i v\u00e0 r\u00f5 n\u00e9t, bao qu\u00e1t t\u1ea7m nh\u00ecn<\/li>\n<li><img loading=\"lazy\" decoding=\"async\" class=\"alignnone size-full wp-image-1988\" src=\"https:\/\/autothaiduong.vn\/wp-content\/uploads\/2025\/05\/1-5-2.jpg\" width=\"900\" height=\"900\" alt=\"X_led_Pro_Domax\" srcset=\"https:\/\/autothaiduong.vn\/wp-content\/uploads\/2025\/05\/1-5-2.jpg 900w, https:\/\/autothaiduong.vn\/wp-content\/uploads\/2025\/05\/1-5-2-600x600.jpg 600w, https:\/\/autothaiduong.vn\/wp-content\/uploads\/2025\/05\/1-5-2-300x300.jpg 300w, https:\/\/autothaiduong.vn\/wp-content\/uploads\/2025\/05\/1-5-2-768x768.jpg 768w, https:\/\/autothaiduong.vn\/wp-content\/uploads\/2025\/05\/1-5-2-100x100.jpg 100w\" sizes=\"auto, (max-width: 900px) 100vw, 900px\" \/><\/li>\n<\/ul>\n<p>&nbsp;<\/p>\n<p><strong><span style=\"color: #ff0000;\">C\u01a1 S\u1edf L\u1eafp \u0110\u1eb7t Uy T\u00edn T\u1ea1i TP.B\u1ea3o L\u1ed9c<\/span><\/strong><\/p>\n<p><strong><span style=\"color: #ff0000;\">Auto Th\u00e1i D\u01b0\u01a1ng<\/span><\/strong> &#8211; \u0110\u1ea1i l\u00ed ch\u00ednh h\u00e3ng <strong>Aozoom\u00a0<\/strong><\/p>\n<p><strong><span style=\"color: #ff0000;\">Hotline:<\/span><\/strong> <strong>0912197441<\/strong><\/p>\n","protected":false},"excerpt":{"rendered":"<h2><strong>Th\u00f4ng s\u1ed1 k\u1ef9 thu\u1eadt<\/strong><\/h2>\n<ul>\n<li>T\u00ean s\u1ea3n ph\u1ea9m: X led Pro Domax Light<\/li>\n<li>Xu\u1ea5t x\u1ee9: Trung Qu\u1ed1c<\/li>\n<li>C\u00f4ng su\u1ea5t: 40W &#8211; 48W<\/li>\n<li>\u00c1nh s\u00e1ng: 6000K<\/li>\n<li>M\u00e0u s\u1eafc \u00e1nh s\u00e1ng: \u00c1nh s\u00e1ng tr\u1eafng<\/li>\n<li>Tu\u1ed5i th\u1ecd: 30.000 gi\u1edd<\/li>\n<li>Quang th\u00f4ng: 4950 Lumen<\/li>\n<li>Chip led: LB 9 &#8211; HB 3<\/li>\n<li>Ch\u1ecbu nhi\u1ec7t \u0111\u1ed9: -40\u00b0C &#8211; 105\u00b0C<\/li>\n<li>K\u00edch th\u01b0\u1edbc: 3 inch<\/li>\n<li>Ch\u1ed1ng th\u1ea5m n\u01b0\u1edbc: IP65<\/li>\n<li>Kho\u1ea3ng c\u00e1ch chi\u1ebfu xa: 800 &#8211; 950m<\/li>\n<li>H\u1ec7 th\u1ed1ng t\u1ea3n nhi\u1ec7t t\u1ed1i \u01b0u<\/li>\n<li>B\u1ea3o h\u00e0nh: 3 n\u0103m<\/li>\n<\/ul>\n","protected":false},"featured_media":1987,"comment_status":"open","ping_status":"closed","template":"","meta":[],"product_brand":[140],"product_cat":[16,26],"product_tag":[],"class_list":{"0":"post-1984","1":"product","2":"type-product","3":"status-publish","4":"has-post-thumbnail","6":"product_brand-aozoom","7":"product_cat-anh-sang","8":"product_cat-bi-led","10":"first","11":"instock","12":"sale","13":"shipping-taxable","14":"purchasable","15":"product-type-simple"},"_links":{"self":[{"href":"https:\/\/autothaiduong.vn\/index.php?rest_route=\/wp\/v2\/product\/1984","targetHints":{"allow":["GET"]}}],"collection":[{"href":"https:\/\/autothaiduong.vn\/index.php?rest_route=\/wp\/v2\/product"}],"about":[{"href":"https:\/\/autothaiduong.vn\/index.php?rest_route=\/wp\/v2\/types\/product"}],"replies":[{"embeddable":true,"href":"https:\/\/autothaiduong.vn\/index.php?rest_route=%2Fwp%2Fv2%2Fcomments&post=1984"}],"wp:featuredmedia":[{"embeddable":true,"href":"https:\/\/autothaiduong.vn\/index.php?rest_route=\/wp\/v2\/media\/1987"}],"wp:attachment":[{"href":"https:\/\/autothaiduong.vn\/index.php?rest_route=%2Fwp%2Fv2%2Fmedia&parent=1984"}],"wp:term":[{"taxonomy":"product_brand","embeddable":true,"href":"https:\/\/autothaiduong.vn\/index.php?rest_route=%2Fwp%2Fv2%2Fproduct_brand&post=1984"},{"taxonomy":"product_cat","embeddable":true,"href":"https:\/\/autothaiduong.vn\/index.php?rest_route=%2Fwp%2Fv2%2Fproduct_cat&post=1984"},{"taxonomy":"product_tag","embeddable":true,"href":"https:\/\/autothaiduong.vn\/index.php?rest_route=%2Fwp%2Fv2%2Fproduct_tag&post=1984"}],"curies":[{"name":"wp","href":"https:\/\/api.w.org\/{rel}","templated":true}]}}