{"id":2024,"date":"2025-05-16T16:54:59","date_gmt":"2025-05-16T16:54:59","guid":{"rendered":"https:\/\/autothaiduong.vn\/?post_type=product&#038;p=2024"},"modified":"2025-05-16T16:55:20","modified_gmt":"2025-05-16T16:55:20","slug":"man-hinh-o-to-thong-minh-gotech-gt2k","status":"publish","type":"product","link":"https:\/\/autothaiduong.vn\/?product=man-hinh-o-to-thong-minh-gotech-gt2k","title":{"rendered":"M\u00e0n h\u00ecnh \u00f4 t\u00f4 th\u00f4ng minh GOTECH GT2K"},"content":{"rendered":"<p><img loading=\"lazy\" decoding=\"async\" class=\" wp-image-2010 aligncenter\" src=\"https:\/\/autothaiduong.vn\/wp-content\/uploads\/2025\/05\/z6584734442481_f208f5944548cb4b46353402ce2e64e0-2.jpg\" alt=\"\" width=\"287\" height=\"254\" \/><\/p>\n<p style=\"text-align: center;\"><span style=\"font-size: 150%;\"><strong><span style=\"color: #ff0000;\">273-275 Tr\u1ea7n Ph\u00fa Ph\u01b0\u1eddng L\u1ed9c S\u01a1n Th\u00e0nh Ph\u1ed1 B\u1ea3o L\u1ed9c T\u1ec9nh L\u00e2m \u0110\u1ed3ng<\/span><\/strong><\/span><\/p>\n<p style=\"text-align: center;\"><span style=\"font-size: 150%;\"><strong><span style=\"color: #ff0000;\"> Hotline: 0912197441<\/span><\/strong><\/span><\/p>\n<div class=\"single-gproduct-camket\">\n<div class=\"camket-boxes\">\n<aside id=\"custom_html-2\" class=\"widget_text widget-odd widget-last widget-first widget-1 widget inner-padding widget_custom_html\">\n<div class=\"textwidget custom-html-widget\">\n<section class=\"c-camket\">\n<div class=\"ck-items\">\n<div class=\"ck-item\">\n<div class=\"box\">\n<p><img loading=\"lazy\" decoding=\"async\" class=\"alignnone size-full wp-image-2026\" src=\"https:\/\/autothaiduong.vn\/wp-content\/uploads\/2025\/05\/100-chinh-hang.png\" alt=\"100% h\u00e0ng ch\u00ednh h\u00e3ng\" width=\"217\" height=\"217\" srcset=\"https:\/\/autothaiduong.vn\/wp-content\/uploads\/2025\/05\/100-chinh-hang.png 217w, https:\/\/autothaiduong.vn\/wp-content\/uploads\/2025\/05\/100-chinh-hang-100x100.png 100w\" sizes=\"auto, (max-width: 217px) 100vw, 217px\" \/><\/p>\n<div class=\"title\">100% h\u00e0ng ch\u00ednh h\u00e3ng<\/div>\n<div class=\"desc\">H\u1ec7 th\u1ed1ng \u0111\u1ea1i l\u00fd to\u00e0n qu\u1ed1c<\/div>\n<\/div>\n<\/div>\n<div class=\"ck-item\">\n<div class=\"box\">\n<p><img loading=\"lazy\" decoding=\"async\" class=\"alignnone size-full wp-image-2027\" src=\"https:\/\/autothaiduong.vn\/wp-content\/uploads\/2025\/05\/bao-hanh.png\" alt=\"B\u1ea3o h\u00e0nh 24 th\u00e1ng\" width=\"217\" height=\"217\" srcset=\"https:\/\/autothaiduong.vn\/wp-content\/uploads\/2025\/05\/bao-hanh.png 217w, https:\/\/autothaiduong.vn\/wp-content\/uploads\/2025\/05\/bao-hanh-100x100.png 100w\" sizes=\"auto, (max-width: 217px) 100vw, 217px\" \/><\/p>\n<div class=\"title\">B\u1ea3o h\u00e0nh 24 th\u00e1ng<\/div>\n<div class=\"desc\">1 \u0111\u1ed5i 1 n\u1ebfu c\u00f3 l\u1ed7i t\u1eeb NSX<\/div>\n<\/div>\n<\/div>\n<div class=\"ck-item\">\n<div class=\"box\">\n<p><img loading=\"lazy\" decoding=\"async\" class=\"alignnone size-full wp-image-2028\" src=\"https:\/\/autothaiduong.vn\/wp-content\/uploads\/2025\/05\/ho-tro-247.png\" alt=\"H\u1ed7 tr\u1ee3 kh\u00e1ch h\u00e0ng 24\/7\" width=\"217\" height=\"217\" srcset=\"https:\/\/autothaiduong.vn\/wp-content\/uploads\/2025\/05\/ho-tro-247.png 217w, https:\/\/autothaiduong.vn\/wp-content\/uploads\/2025\/05\/ho-tro-247-100x100.png 100w\" sizes=\"auto, (max-width: 217px) 100vw, 217px\" \/><\/p>\n<div class=\"title\">H\u1ed7 tr\u1ee3 24\/7<\/div>\n<div class=\"desc\">Ho\u00e0n to\u00e0n mi\u1ec5n ph\u00ed<\/div>\n<\/div>\n<\/div>\n<div class=\"ck-item\">\n<div class=\"box\">\n<p><img loading=\"lazy\" decoding=\"async\" class=\"alignnone size-full wp-image-2029\" src=\"https:\/\/autothaiduong.vn\/wp-content\/uploads\/2025\/05\/mien-phi-lap-dat.png\" alt=\"Mi\u1ec5n ph\u00ed l\u1eafp \u0111\u1eb7t &amp; giao h\u00e0ng\" width=\"217\" height=\"217\" srcset=\"https:\/\/autothaiduong.vn\/wp-content\/uploads\/2025\/05\/mien-phi-lap-dat.png 217w, https:\/\/autothaiduong.vn\/wp-content\/uploads\/2025\/05\/mien-phi-lap-dat-100x100.png 100w\" sizes=\"auto, (max-width: 217px) 100vw, 217px\" \/><\/p>\n<div class=\"title\">L\u1eafp \u0111\u1eb7t mi\u1ec5n ph\u00ed<\/div>\n<div class=\"desc\">Giao h\u00e0ng &amp; l\u1eafp \u0111\u1eb7t mi\u1ec5n ph\u00ed<\/div>\n<\/div>\n<\/div>\n<\/div>\n<\/section>\n<\/div>\n<\/aside>\n<\/div>\n<\/div>\n<div class=\"gproduct-infomation\">\n<div class=\"gproduct-description\">\n<div class=\"gp-title gprduct-description-title\">M\u00f4 t\u1ea3 s\u1ea3n ph\u1ea9m<\/div>\n<div class=\"description-content\">\n<p><b>M\u00e0n h\u00ecnh Gotech GT2K v\u1edbi thi\u1ebft k\u1ebf tr\u00e0n vi\u1ec1n th\u1eddi th\u01b0\u1ee3ng, t\u1ea5m n\u1ec1n QLED 2K cho \u0111\u1ed9 ph\u00e2n gi\u1ea3i l\u00ean t\u1edbi 2000*1200 mang t\u1edbi nh\u1eefng khung h\u00ecnh s\u1eafc n\u00e9t, ch\u00e2n th\u1ef1c \u0111\u1ebfn t\u1eebng \u0111i\u1ec3m \u1ea3nh. C\u00f9ng v\u1edbi \u0111\u00f3, Gotech GT2K c\u0169ng \u0111\u01b0\u1ee3c n\u00e2ng c\u1ea5p l\u00ean h\u1ec7 \u0111i\u1ec1u h\u00e0nh Android 12 m\u1edbi nh\u1ea5t, gi\u00fap qu\u00e1 tr\u00ecnh thao t\u00e1c, x\u1eed l\u00fd nhanh nh\u1ea1y, c\u1ea3i thi\u1ec7n hi\u1ec7u n\u0103ng s\u1eed d\u1ee5ng, h\u1ee9a h\u1eb9n s\u1ebd l\u00e0 s\u1ea3n ph\u1ea9m n\u1ed5i b\u1eadt trong ph\u00e2n kh\u00fac v\u00e0 \u0111\u01b0\u1ee3c \u0111\u00f4ng \u0111\u1ea3o kh\u00e1ch h\u00e0ng tin t\u01b0\u1edfng l\u1ef1a ch\u1ecdn.\u00a0<\/b><\/p>\n<h2><b>Nh\u1eefng \u0111i\u1ec3m n\u1ed5i b\u1eadt tr\u00ean s\u1ea3n ph\u1ea9m m\u00e0n h\u00ecnh Gotech GT2K<\/b><\/h2>\n<h3><b>M\u00e0n h\u00ecnh trang b\u1ecb t\u1ea5m n\u1ec1n QLED 2K cho ch\u1ea5t l\u01b0\u1ee3ng h\u00ecnh \u1ea3nh s\u1ed1ng \u0111\u1ed9ng<\/b><\/h3>\n<p><strong>M\u00e0n h\u00ecnh Gotech GT2K<\/strong>\u00a0\u0111\u01b0\u1ee3c trang b\u1ecb t\u1ea5m n\u1ec1n QLED 2K c\u1ee7a Gotech c\u00f3 m\u00e0u s\u1eafc, h\u00ecnh \u1ea3nh trung tr\u1ef1c, \u0111\u1ed9 n\u00e9t g\u1ea5p 4 l\u1ea7n so v\u1edbi c\u00e1c lo\u1ea1i m\u00e0n h\u00ecnh Android th\u00f4ng th\u01b0\u1eddng, cung c\u1ea5p ch\u1ea5t l\u01b0\u1ee3ng h\u00ecnh \u1ea3nh s\u1eafc n\u00e9t, ch\u00e2n th\u1ef1c \u0111\u1ebfn t\u1eebng \u0111i\u1ec3m \u1ea3nh, mang t\u1edbi nh\u1eefng tr\u1ea3i nghi\u1ec7m gi\u1ea3i tr\u00ed tuy\u1ec7t v\u1eddi ngay tr\u00ean x\u1ebf y\u00eau c\u1ee7a b\u1ea1n.<\/p>\n<figure id=\"attachment_16254\" class=\"wp-caption aligncenter\" aria-describedby=\"caption-attachment-16254\"><img loading=\"lazy\" decoding=\"async\" class=\"alignnone size-full wp-image-2030\" src=\"https:\/\/autothaiduong.vn\/wp-content\/uploads\/2025\/05\/man-hinh-qled-2k-do-net-gap-4-lan-do-phan-giai-hd-1024x371-1.jpg\" alt=\"M\u00e0n h\u00ecnh QLED 2K \u0111\u1ed9 ph\u00e2n gi\u1ea3i g\u1ea5p 4 l\u1ea7n HD\" width=\"1024\" height=\"371\" srcset=\"https:\/\/autothaiduong.vn\/wp-content\/uploads\/2025\/05\/man-hinh-qled-2k-do-net-gap-4-lan-do-phan-giai-hd-1024x371-1.jpg 1024w, https:\/\/autothaiduong.vn\/wp-content\/uploads\/2025\/05\/man-hinh-qled-2k-do-net-gap-4-lan-do-phan-giai-hd-1024x371-1-600x217.jpg 600w, https:\/\/autothaiduong.vn\/wp-content\/uploads\/2025\/05\/man-hinh-qled-2k-do-net-gap-4-lan-do-phan-giai-hd-1024x371-1-768x278.jpg 768w\" sizes=\"auto, (max-width: 1024px) 100vw, 1024px\" \/><figcaption id=\"caption-attachment-16254\" class=\"wp-caption-text\">M\u00e0n h\u00ecnh QLED 2K \u0111\u1ed9 ph\u00e2n gi\u1ea3i g\u1ea5p 4 l\u1ea7n HD<\/figcaption><\/figure>\n<h3><b>C\u1ea3i thi\u1ec7n hi\u1ec7u n\u0103ng n\u00e2ng cao tr\u1ea3i nghi\u1ec7m<\/b><\/h3>\n<p>H\u1ec7 \u0111i\u1ec1u h\u00e0nh Android 12 cho ph\u00e9p b\u1ea1n s\u1eed d\u1ee5ng nh\u1eefng t\u00ednh n\u0103ng m\u1edbi, linh ho\u1ea1t h\u01a1n trong vi\u1ec7c t\u00f9y ch\u1ec9nh t\u00e1c v\u1ee5 v\u00e0 n\u00e2ng cao hi\u1ec7u n\u0103ng s\u1eed d\u1ee5ng s\u1ea3n ph\u1ea9m\u00a0<strong>m\u00e0n h\u00ecnh<\/strong>\u00a0<strong>Gotech GT2K.\u00a0<\/strong><\/p>\n<h3><b>H\u1ed7 tr\u1ee3 l\u00e1i xe an to\u00e0n, quan s\u00e1t v\u00e0 \u0111i\u1ec1u khi\u1ec3n d\u1ec5 d\u00e0ng h\u01a1n<\/b><\/h3>\n<p><strong>M\u00e0n h\u00ecnh Gotech GT2K<\/strong>\u00a0c\u00f3 th\u1ec3 t\u00edch h\u1ee3p \u0111\u01b0\u1ee3c c\u00e1c thi\u1ebft b\u1ecb ngo\u1ea1i vi h\u1ed7 tr\u1ee3 l\u00e1i xe an to\u00e0n nh\u01b0 camera, c\u1ea3m bi\u1ebfn \u00e1p su\u1ea5t l\u1ed1p. C\u00f9ng v\u1edbi t\u1ea5m n\u1ec1n QLED 2K, ch\u1ea5t l\u01b0\u1ee3ng h\u00ecnh \u1ea3nh camera hi\u1ec3n th\u1ecb tr\u00ean m\u00e0n h\u00ecnh \u0111\u01b0\u1ee3c r\u00f5 n\u00e9t, gi\u00fap t\u00e0i x\u1ebf d\u1ec5 d\u00e0ng quan s\u00e1t v\u00e0 \u0111i\u1ec1u khi\u1ec3n xe.<\/p>\n<figure id=\"attachment_16240\" class=\"wp-caption aligncenter\" aria-describedby=\"caption-attachment-16240\"><img loading=\"lazy\" decoding=\"async\" class=\"alignnone size-full wp-image-2031\" src=\"https:\/\/autothaiduong.vn\/wp-content\/uploads\/2025\/05\/man-hinh-o-to-tich-hop-camera-360-do-2-1024x562-1.png\" alt=\"M\u00e0n h\u00ecnh \u00f4 t\u00f4 th\u00f4ng minh Gotech GT2K t\u00edch h\u1ee3p camera 360 \u0111\u1ed9\" width=\"1024\" height=\"562\" srcset=\"https:\/\/autothaiduong.vn\/wp-content\/uploads\/2025\/05\/man-hinh-o-to-tich-hop-camera-360-do-2-1024x562-1.png 1024w, https:\/\/autothaiduong.vn\/wp-content\/uploads\/2025\/05\/man-hinh-o-to-tich-hop-camera-360-do-2-1024x562-1-600x329.png 600w, https:\/\/autothaiduong.vn\/wp-content\/uploads\/2025\/05\/man-hinh-o-to-tich-hop-camera-360-do-2-1024x562-1-768x422.png 768w\" sizes=\"auto, (max-width: 1024px) 100vw, 1024px\" \/><figcaption id=\"caption-attachment-16240\" class=\"wp-caption-text\">M\u00e0n h\u00ecnh \u00f4 t\u00f4 th\u00f4ng minh Gotech GT2K c\u00f3 kh\u1ea3 n\u0103ng t\u01b0\u01a1ng th\u00edch 360 nguy\u00ean b\u1ea3n c\u1ee7a xe ho\u1eb7c camera 360 \u0111\u1ed9 l\u1eafp th\u00eam<\/figcaption><\/figure>\n<h3><b>Ki\u1ebfn t\u1ea1o kh\u00f4ng gian gi\u1ea3i tr\u00ed ho\u00e0n to\u00e0n m\u1edbi tr\u00ean xe<\/b><\/h3>\n<p><strong>M\u00e0n h\u00ecnh Gotech GT2K<\/strong>\u00a0cho ph\u00e9p b\u1ea1n \u0111\u1eafm ch\u00ecm trong kh\u00f4ng gian gi\u1ea3i tr\u00ed tuy\u1ec7t h\u1ea3o, th\u01b0\u1edfng th\u1ee9c n\u1ed9i dung y\u00eau th\u00edch \u1edf ch\u1ea5t l\u01b0\u1ee3ng h\u00ecnh \u1ea3nh cao, s\u1eafc n\u00e9t \u0111\u1ebfn t\u1eebng chi ti\u1ebft.<\/p>\n<p>Th\u00f4ng qua vi\u1ec7c k\u1ebft n\u1ed1i internet 4G c\u00f9ng h\u1ec7 \u0111i\u1ec1u h\u00e0nh Android, m\u00e0n h\u00ecnh\u00a0<strong>Gotech GT2K<\/strong>\u00a0cung c\u1ea5p kho \u1ee9ng d\u1ee5ng gi\u1ea3i tr\u00ed kh\u1ed5ng l\u1ed3 tr\u00ean CH Play, cho b\u1ea1n th\u1ecfa s\u1ee9c l\u1ef1a ch\u1ecdn theo \u0111\u00fang s\u1edf th\u00edch c\u00e1 nh\u00e2n, gia \u0111\u00ecnh.<\/p>\n<figure id=\"attachment_16241\" class=\"wp-caption aligncenter\" aria-describedby=\"caption-attachment-16241\"><img loading=\"lazy\" decoding=\"async\" class=\"alignnone size-full wp-image-2032\" src=\"https:\/\/autothaiduong.vn\/wp-content\/uploads\/2025\/05\/giai-tri-da-phuong-tien-tren-man-hinh-gotech-1-1024x562-1.png\" alt=\"Gi\u1ea3i tr\u00ed \u0111a ph\u01b0\u01a1ng ti\u1ec7n tr\u00ean m\u00e0n h\u00ecnh Gotech\" width=\"1024\" height=\"562\" srcset=\"https:\/\/autothaiduong.vn\/wp-content\/uploads\/2025\/05\/giai-tri-da-phuong-tien-tren-man-hinh-gotech-1-1024x562-1.png 1024w, https:\/\/autothaiduong.vn\/wp-content\/uploads\/2025\/05\/giai-tri-da-phuong-tien-tren-man-hinh-gotech-1-1024x562-1-600x329.png 600w, https:\/\/autothaiduong.vn\/wp-content\/uploads\/2025\/05\/giai-tri-da-phuong-tien-tren-man-hinh-gotech-1-1024x562-1-768x422.png 768w\" sizes=\"auto, (max-width: 1024px) 100vw, 1024px\" \/><figcaption id=\"caption-attachment-16241\" class=\"wp-caption-text\">Gi\u1ea3i tr\u00ed \u0111a ph\u01b0\u01a1ng ti\u1ec7n tr\u00ean m\u00e0n h\u00ecnh Gotech<\/figcaption><\/figure>\n<h3><b>Ra l\u1ec7nh gi\u1ecdng n\u00f3i ti\u1ebfng Vi\u1ec7t th\u00f4ng minh, nhanh nh\u1ea1y<\/b><\/h3>\n<p>Tr\u00ean\u00a0<strong>m\u00e0n h\u00ecnh Gotech GT2K<\/strong>\u00a0\u0111\u01b0\u1ee3c t\u00edch h\u1ee3p 2 tr\u1ee3 l\u00fd AI th\u00f4ng minh GotechGPT v\u00e0 Kiki gi\u00fap h\u1ed7 tr\u1ee3 t\u00e0i x\u1ebf l\u00e1i xe r\u1ea3nh tay. Kh\u00f4ng c\u1ea7n thao t\u00e1c tr\u00ean m\u00e0n h\u00ecnh, b\u1ea1n v\u1eabn c\u00f3 th\u1ec3 m\u1edf to\u00e0n b\u1ed9 c\u00e1c t\u00e1c v\u1ee5 c\u1ea7n thi\u1ebft th\u00f4ng qua vi\u1ec7c ra l\u1ec7nh gi\u1ecdng n\u00f3i.<\/p>\n<p>Tr\u1ee3 l\u00fd GotechGPT cho ph\u00e9p ng\u01b0\u1eddi d\u00f9ng t\u01b0\u01a1ng t\u00e1c hai chi\u1ec1u, gi\u1ea3i \u0111\u00e1p t\u1ea5t c\u1ea3 c\u00e1c v\u1ea5n \u0111\u1ec1 m\u00e0 b\u1ea1n g\u1eb7p ph\u1ea3i, h\u1ed7 tr\u1ee3 b\u1ea1n trong vi\u1ec7c gi\u1ea3i \u0111\u00e1p c\u00e1c th\u00f4ng tin m\u1ed9t c\u00e1ch nhanh ch\u00f3ng, ch\u00ednh x\u00e1c.<\/p>\n<figure id=\"attachment_16242\" class=\"wp-caption aligncenter\" aria-describedby=\"caption-attachment-16242\"><img loading=\"lazy\" decoding=\"async\" class=\"alignnone size-full wp-image-2033\" src=\"https:\/\/autothaiduong.vn\/wp-content\/uploads\/2025\/05\/ra-lenh-giong-noi-gotech-gpt-1-1024x562-1.png\" alt=\"M\u00e0n h\u00ecnh Gotech GT2K ra l\u1ec7nh gi\u1ecdng n\u00f3i th\u00f4ng minh\" width=\"1024\" height=\"562\" srcset=\"https:\/\/autothaiduong.vn\/wp-content\/uploads\/2025\/05\/ra-lenh-giong-noi-gotech-gpt-1-1024x562-1.png 1024w, https:\/\/autothaiduong.vn\/wp-content\/uploads\/2025\/05\/ra-lenh-giong-noi-gotech-gpt-1-1024x562-1-600x329.png 600w, https:\/\/autothaiduong.vn\/wp-content\/uploads\/2025\/05\/ra-lenh-giong-noi-gotech-gpt-1-1024x562-1-768x422.png 768w\" sizes=\"auto, (max-width: 1024px) 100vw, 1024px\" \/><figcaption id=\"caption-attachment-16242\" class=\"wp-caption-text\">M\u00e0n h\u00ecnh Gotech GT2K ra l\u1ec7nh gi\u1ecdng n\u00f3i th\u00f4ng minh<\/figcaption><\/figure>\n<h3><b>H\u1ec7 sinh th\u00e1i ph\u1ea7n m\u1ec1m \u0111\u1ed9c quy\u1ec1n t\u1eeb Gotech<\/b><\/h3>\n<p>Gotech ph\u00e1t tri\u1ec3n h\u1ec7 sinh th\u00e1i c\u00e1c ph\u1ea7n m\u1ec1m \u0111\u1ed9c quy\u1ec1n h\u1ed7 tr\u1ee3 kh\u00e1ch h\u00e0ng trong qu\u00e1 tr\u00ecnh s\u1eed d\u1ee5ng s\u1ea3n ph\u1ea9m nh\u01b0: Ph\u1ea7n m\u1ec1m b\u1ea3o h\u00e0nh \u0111i\u1ec7n t\u1eed, ph\u1ea7n m\u1ec1m tra c\u1ee9u ph\u1ea1t ngu\u1ed9i, \u1ee9ng d\u1ee5ng \u0111\u1ecbnh v\u1ecb xe v\u00e0 theo d\u00f5i l\u1ed9 tr\u00ecnh di chuy\u1ec3n,\u2026<\/p>\n<p>Ngo\u00e0i ra, Gotech c\u0169ng quan t\u00e2m \u0111\u1ebfn v\u1ea5n \u0111\u1ec1 th\u1ea9m m\u1ef9 v\u00e0 t\u00ednh ti\u1ec7n nghi trong qu\u00e1 tr\u00ecnh s\u1eed d\u1ee5ng. Sau khi thu th\u1eadp th\u00f3i quen c\u1ee7a ng\u01b0\u1eddi d\u00f9ng, Gotech \u0111\u00e3 cho ra m\u1eaft giao di\u1ec7n m\u00e0n h\u00ecnh \u00f4 t\u00f4 l\u1ea5y c\u1ea3m h\u1ee9ng t\u1eeb Apple UI, v\u1edbi thi\u1ebft k\u1ebf tr\u1ef1c quan, linh ho\u1ea1t, d\u1ec5 d\u00e0ng thao t\u00e1c v\u00e0 t\u00ecm ki\u1ebfm th\u00f4ng tin, \u1ee9ng d\u1ee5ng nhanh ch\u00f3ng. \u0110\u1eb7c bi\u1ec7t v\u1edbi giao di\u1ec7n c\u1ee7a Gotech, b\u1ea1n c\u00f3 th\u1ec3 tu\u1ef3 ch\u1ec9nh m\u1eabu xe, m\u00e0u s\u1eafc theo s\u1edf th\u00edch v\u00e0 phong thu\u1ef7.<\/p>\n<figure id=\"attachment_16248\" class=\"wp-caption aligncenter\" aria-describedby=\"caption-attachment-16248\"><img loading=\"lazy\" decoding=\"async\" class=\"alignnone size-full wp-image-2034\" src=\"https:\/\/autothaiduong.vn\/wp-content\/uploads\/2025\/05\/man-hinh-o-to-thong-minh-gotech-gt2k-1-1024x562-1.png\" alt=\"Giao di\u1ec7n \u0111\u1ed9c quy\u1ec1n tr\u00ean m\u00e0n h\u00ecnh \u00f4 t\u00f4 th\u00f4ng minh Gotech GT2K\" width=\"1024\" height=\"562\" srcset=\"https:\/\/autothaiduong.vn\/wp-content\/uploads\/2025\/05\/man-hinh-o-to-thong-minh-gotech-gt2k-1-1024x562-1.png 1024w, https:\/\/autothaiduong.vn\/wp-content\/uploads\/2025\/05\/man-hinh-o-to-thong-minh-gotech-gt2k-1-1024x562-1-600x329.png 600w, https:\/\/autothaiduong.vn\/wp-content\/uploads\/2025\/05\/man-hinh-o-to-thong-minh-gotech-gt2k-1-1024x562-1-768x422.png 768w\" sizes=\"auto, (max-width: 1024px) 100vw, 1024px\" \/><figcaption id=\"caption-attachment-16248\" class=\"wp-caption-text\">Giao di\u1ec7n \u0111\u1ed9c quy\u1ec1n tr\u00ean m\u00e0n h\u00ecnh \u00f4 t\u00f4 th\u00f4ng minh Gotech GT2K<\/figcaption><\/figure>\n<h3><b>Cung c\u1ea5p 3 lo\u1ea1i b\u1ea3n \u0111\u1ed3 ti\u00ean ti\u1ebfn nh\u1ea5t hi\u1ec7n nay<\/b><\/h3>\n<p>Tr\u00ean s\u1ea3n ph\u1ea9m\u00a0<strong>Gotech GT2K<\/strong>\u00a0\u0111\u01b0\u1ee3c c\u00e0i \u0111\u1eb7t 3 \u1ee9ng d\u1ee5ng b\u1ea3n \u0111\u1ed3 ti\u00ean ti\u1ebfn nh\u1ea5t cho ng\u01b0\u1eddi tu\u1ef3 tu\u1ef3 ch\u1ecdn s\u1eed d\u1ee5ng bao g\u1ed3m: Carmap, Google Map, Navitel. Ph\u1ea7n m\u1ec1m d\u1eabn \u0111\u01b0\u1eddng Carmap c\u00f3 giao di\u1ec7n tr\u1ef1c quan, d\u1ec5 d\u00e0ng s\u1eed d\u1ee5ng, t\u1ed1i \u01b0u l\u1ed9 tr\u00ecnh, cung c\u1ea5p c\u00e1c th\u00f4ng tin bi\u1ec3n b\u00e1o m\u1ed9t c\u00e1ch ch\u00ednh x\u00e1c, chi ti\u1ebft. Qua \u0111\u00f3, h\u1ed7 tr\u1ee3 ng\u01b0\u1eddi d\u00f9ng t\u00ecm ki\u1ebfm l\u1ed9 tr\u00ecnh di chuy\u1ec3n nhanh ch\u00f3ng, ch\u00ednh x\u00e1c, y\u00ean t\u00e2m l\u00e1i xe kh\u00f4ng lo l\u1ea1c \u0111\u01b0\u1eddng.<\/p>\n<figure id=\"attachment_16243\" class=\"wp-caption aligncenter\" aria-describedby=\"caption-attachment-16243\"><img loading=\"lazy\" decoding=\"async\" class=\"alignnone size-full wp-image-2035\" src=\"https:\/\/autothaiduong.vn\/wp-content\/uploads\/2025\/05\/man-hinh-gotech-tich-hop-ban-do-thong-minh-1-1024x562-1.png\" alt=\"M\u00e0n h\u00ecnh Gotech GT2K t\u00edch h\u1ee3p b\u1ea3n \u0111\u1ed3 d\u1eabn \u0111\u01b0\u1eddng b\u1ea3n quy\u1ec1n tr\u1ecdn \u0111\u1eddi\" width=\"1024\" height=\"562\" srcset=\"https:\/\/autothaiduong.vn\/wp-content\/uploads\/2025\/05\/man-hinh-gotech-tich-hop-ban-do-thong-minh-1-1024x562-1.png 1024w, https:\/\/autothaiduong.vn\/wp-content\/uploads\/2025\/05\/man-hinh-gotech-tich-hop-ban-do-thong-minh-1-1024x562-1-600x329.png 600w, https:\/\/autothaiduong.vn\/wp-content\/uploads\/2025\/05\/man-hinh-gotech-tich-hop-ban-do-thong-minh-1-1024x562-1-768x422.png 768w\" sizes=\"auto, (max-width: 1024px) 100vw, 1024px\" \/><figcaption id=\"caption-attachment-16243\" class=\"wp-caption-text\">M\u00e0n h\u00ecnh Gotech GT2K t\u00edch h\u1ee3p b\u1ea3n \u0111\u1ed3 d\u1eabn \u0111\u01b0\u1eddng b\u1ea3n quy\u1ec1n tr\u1ecdn \u0111\u1eddi<\/figcaption><\/figure>\n<\/div>\n<\/div>\n<\/div>\n<p>&nbsp;<\/p>\n<h2><strong><span style=\"color: #ff0000;\">\u0110\u1ea1i L\u00ed Ch\u00ednh H\u00e3ng Gotech T\u1ea1i TP.B\u1ea3o L\u1ed9c<\/span><\/strong><\/h2>\n<p><em><strong>Auto Th\u00e1i D\u01b0\u01a1ng\u00a0<\/strong><\/em><\/p>\n<p><em><strong>\u0110\u1ecba Ch\u1ec9: 273-275 Tr\u1ea7n Ph\u00fa Ph\u01b0\u1eddng L\u1ed9c S\u01a1n Th\u00e0nh Ph\u1ed1 B\u1ea3o L\u1ed9c T\u1ec9nh L\u00e2m \u0110\u1ed3ng <\/strong><\/em><\/p>\n<p><em><strong>Hotline: 0912197441<\/strong><\/em><\/p>\n<div class=\"gproduct-infomation\">\n<div class=\"gproduct-description\">\n<div class=\"description-content\">\n<div class=\"vms-read-more\"><\/div>\n<\/div>\n<\/div>\n<\/div>\n","protected":false},"excerpt":{"rendered":"<div class=\"gproduct-feature\">\n<div class=\"feature-title\">T\u00ednh n\u0103ng n\u1ed5i b\u1eadt<\/div>\n<ul>\n<li>M\u00e0n h\u00ecnh QLED 2K s\u1eafc n\u00e9t g\u1ea5p 4 l\u1ea7n \u0111\u1ed9 ph\u00e2n gi\u1ea3i HD<\/li>\n<li>\u0110i\u1ec1u khi\u1ec3n b\u1eb1ng gi\u1ecdng n\u00f3i ti\u1ebfng Vi\u1ec7t<\/li>\n<li>T\u00edch h\u1ee3p 2 ph\u1ea7n m\u1ec1m d\u1eabn \u0111\u01b0\u1eddng ti\u00ean ti\u1ebfn<\/li>\n<li>Gi\u1ea3i tr\u00ed \u0111a ph\u01b0\u01a1ng ti\u1ec7n th\u00f4ng qua k\u1ebft n\u1ed1i sim 4G<\/li>\n<li>T\u00edch h\u1ee3p camera, c\u1ea3m bi\u1ebfn \u00e1p su\u1ea5t l\u1ed1p<\/li>\n<\/ul>\n<\/div>\n<div class=\"gproduct-gift\">\n<div class=\"gift-title\">Qu\u00e0 t\u1eb7ng<\/div>\n<ul>\n<li>T\u1eb7ng SIM 4G<\/li>\n<li>T\u1eb7ng camera h\u00e0nh tr\u00ecnh<\/li>\n<li>T\u1eb7ng th\u1ebb nh\u1edb 32GB<\/li>\n<li>L\u1eafp \u0111\u1eb7t t\u1ea1i nh\u00e0 mi\u1ec5n ph\u00ed<\/li>\n<li>B\u1ea3o h\u00e0nh 2 n\u0103m 1 \u0111\u1ed5i 1<\/li>\n<li>D\u00f9ng th\u1eed 30 ng\u00e0y mi\u1ec5n ph\u00ed<\/li>\n<li>T\u1eb7ng b\u1ea3n \u0111\u1ed3 CarMap b\u1ea3n quy\u1ec1n<\/li>\n<\/ul>\n<\/div>\n","protected":false},"featured_media":2025,"comment_status":"open","ping_status":"closed","template":"","meta":[],"product_brand":[71],"product_cat":[17,70],"product_tag":[],"class_list":{"0":"post-2024","1":"product","2":"type-product","3":"status-publish","4":"has-post-thumbnail","6":"product_brand-gotech","7":"product_cat-dvd-android-box","8":"product_cat-man-hinh-android","10":"first","11":"instock","12":"shipping-taxable","13":"purchasable","14":"product-type-simple"},"_links":{"self":[{"href":"https:\/\/autothaiduong.vn\/index.php?rest_route=\/wp\/v2\/product\/2024","targetHints":{"allow":["GET"]}}],"collection":[{"href":"https:\/\/autothaiduong.vn\/index.php?rest_route=\/wp\/v2\/product"}],"about":[{"href":"https:\/\/autothaiduong.vn\/index.php?rest_route=\/wp\/v2\/types\/product"}],"replies":[{"embeddable":true,"href":"https:\/\/autothaiduong.vn\/index.php?rest_route=%2Fwp%2Fv2%2Fcomments&post=2024"}],"wp:featuredmedia":[{"embeddable":true,"href":"https:\/\/autothaiduong.vn\/index.php?rest_route=\/wp\/v2\/media\/2025"}],"wp:attachment":[{"href":"https:\/\/autothaiduong.vn\/index.php?rest_route=%2Fwp%2Fv2%2Fmedia&parent=2024"}],"wp:term":[{"taxonomy":"product_brand","embeddable":true,"href":"https:\/\/autothaiduong.vn\/index.php?rest_route=%2Fwp%2Fv2%2Fproduct_brand&post=2024"},{"taxonomy":"product_cat","embeddable":true,"href":"https:\/\/autothaiduong.vn\/index.php?rest_route=%2Fwp%2Fv2%2Fproduct_cat&post=2024"},{"taxonomy":"product_tag","embeddable":true,"href":"https:\/\/autothaiduong.vn\/index.php?rest_route=%2Fwp%2Fv2%2Fproduct_tag&post=2024"}],"curies":[{"name":"wp","href":"https:\/\/api.w.org\/{rel}","templated":true}]}}