{"id":2112,"date":"2025-05-16T17:38:30","date_gmt":"2025-05-16T17:38:30","guid":{"rendered":"https:\/\/autothaiduong.vn\/?post_type=product&#038;p=2112"},"modified":"2025-05-23T15:05:09","modified_gmt":"2025-05-23T15:05:09","slug":"man-hinh-o-to-thong-minh-gotech-gt2k-max-360","status":"publish","type":"product","link":"https:\/\/autothaiduong.vn\/?product=man-hinh-o-to-thong-minh-gotech-gt2k-max-360","title":{"rendered":"M\u00e0n h\u00ecnh \u00f4 t\u00f4 th\u00f4ng minh GOTECH GT2K MAX 360"},"content":{"rendered":"<p><img loading=\"lazy\" decoding=\"async\" class=\" wp-image-2010 aligncenter\" src=\"https:\/\/autothaiduong.vn\/wp-content\/uploads\/2025\/05\/z6584734442481_f208f5944548cb4b46353402ce2e64e0-2.jpg\" alt=\"\" width=\"273\" height=\"242\" \/><\/p>\n<p style=\"text-align: center;\"><span style=\"color: #ff0000; font-size: 150%;\"><strong>273-275 Tr\u1ea7n Ph\u00fa Ph\u01b0\u1eddng L\u1ed9c S\u01a1n Th\u00e0nh Ph\u1ed1 B\u1ea3o L\u1ed9c T\u1ec9nh L\u00e2m \u0110\u1ed3ng <\/strong><\/span><\/p>\n<p style=\"text-align: center;\"><span style=\"color: #ff0000; font-size: 150%;\"><strong>Hotline: 0912197441<\/strong><\/span><\/p>\n<p><b>Gotech GT2K Max 360 l\u00e0 d\u00f2ng s\u1ea3n ph\u1ea9m m\u00e0n h\u00ecnh \u00f4 t\u00f4 th\u00f4ng minh t\u00edch h\u1ee3p camera 360 th\u1ebf h\u1ec7 m\u1edbi v\u1edbi ch\u1ea5t l\u01b0\u1ee3ng h\u00ecnh \u1ea3nh hi\u1ec3n th\u1ecb 2K cho ph\u00e9p t\u00e0i x\u1ebf quan s\u00e1t xe to\u00e0n c\u1ea3nh, lo\u1ea1i b\u1ecf m\u1ecdi g\u00f3c khu\u1ea5t, \u0111i\u1ec3m m\u00f9. Th\u00eam v\u00e0o \u0111\u00f3, Gotech GT2K Max 360 c\u00f3 thi\u1ebft k\u1ebf tr\u00e0n vi\u1ec1n gi\u00fap t\u1ed1i \u01b0u kh\u00f4ng gian hi\u1ec3n th\u1ecb, n\u00e2ng cao kh\u1ea3 n\u0103ng quan s\u00e1t, an to\u00e0n cho t\u00e0i x\u1ebf.\u00a0<\/b><\/p>\n<p>N\u1ebfu b\u1ea1n \u0111ang t\u00ecm ki\u1ebfm m\u1ed9t thi\u1ebft b\u1ecb n\u00e2ng c\u1ea5p ph\u1ea7n nghe \u2013 nh\u00ecn v\u00e0 b\u1ed5 sung nhi\u1ec1u t\u00ednh n\u0103ng an to\u00e0n m\u1edbi th\u00ec Gotech GT2K Max 360 l\u00e0 m\u1ed9t s\u1ea3n ph\u1ea9m m\u00e0 b\u1ea1n kh\u00f4ng th\u1ec3 b\u1ecf l\u1ee1. \u0110\u01b0\u1ee3c trang b\u1ecb g\u1ea7n 40 t\u00ednh n\u0103ng n\u1ed5i b\u1eadt, ti\u00ean ti\u1ebfn nh\u1ea5t hi\u1ec7n nay,\u00a0<strong>Gotech\u00a0<b>GT2K Max 360<\/b><\/strong>\u00a0ch\u1eafc ch\u1eafn s\u1ebd mang l\u1ea1i cho t\u00e0i x\u1ebf nh\u1eefng h\u00e0nh tr\u00ecnh an to\u00e0n v\u00e0 \u0111\u1ea7y th\u00fa v\u1ecb. H\u00e3y c\u00f9ng kh\u00e1m ph\u00e1 nh\u1eefng \u0111i\u1ec3m n\u1ed5i b\u1eadt nh\u1ea5t tr\u00ean chi\u1ebfc\u00a0<em>m\u00e0n h\u00ecnh Gotech GT2K Max 360\u00a0<\/em>n\u00e0y nh\u00e9.<\/p>\n<h3><b>M\u00e0n h\u00ecnh Gotech GT2K Max 360 ghi h\u00ecnh to\u00e0n c\u1ea3nh\u00a0<\/b><\/h3>\n<p>L\u00e0 d\u00f2ng s\u1ea3n ph\u1ea9m m\u00e0n h\u00ecnh t\u00edch h\u1ee3p camera 360 \u0111\u1ed9,\u00a0<strong>Gotech\u00a0<b>GT2K Max 360<\/b><\/strong>\u00a0cung c\u1ea5p cho b\u1ea1n g\u00f3c nh\u00ecn to\u00e0n c\u1ea3nh bao qu\u00e1t xung quanh xe. GT2K Max 360\u00a0trang b\u1ecb m\u1eaft cam Sonny 225 c\u00f9ng v\u1edbi t\u1ea5m n\u1ec1n QLED 2K cho ch\u1ea5t l\u01b0\u1ee3ng h\u00ecnh \u1ea3nh camera hi\u1ec3n th\u1ecb r\u00f5 n\u00e9t, ch\u00ednh x\u00e1c v\u00e0 ch\u00e2n th\u1ef1c nh\u1ea5t. T\u1eeb \u0111\u00e2y h\u1ed7 tr\u1ee3 t\u00e0i x\u1ebf ph\u00e1t hi\u1ec7n v\u1eadt c\u1ea3n, \u0111i\u1ec3m m\u00f9 trong qu\u00e1 tr\u00ecnh di chuy\u1ec3n, d\u1eebng \u0111\u1ed7 m\u1ed9t c\u00e1ch d\u1ec5 d\u00e0ng, thu\u1eadn ti\u1ec7n.<\/p>\n<figure id=\"attachment_16240\" class=\"wp-caption aligncenter\" aria-describedby=\"caption-attachment-16240\"><img loading=\"lazy\" decoding=\"async\" class=\"alignnone size-full wp-image-2114\" src=\"https:\/\/autothaiduong.vn\/wp-content\/uploads\/2025\/05\/man-hinh-o-to-tich-hop-camera-360-do-2-1024x562-4.png\" alt=\"M\u00e0n h\u00ecnh \u00f4 t\u00f4 th\u00f4ng minh Gotech GT2K t\u00edch h\u1ee3p camera 360 \u0111\u1ed9 \" width=\"1024\" height=\"562\" srcset=\"https:\/\/autothaiduong.vn\/wp-content\/uploads\/2025\/05\/man-hinh-o-to-tich-hop-camera-360-do-2-1024x562-4.png 1024w, https:\/\/autothaiduong.vn\/wp-content\/uploads\/2025\/05\/man-hinh-o-to-tich-hop-camera-360-do-2-1024x562-4-600x329.png 600w, https:\/\/autothaiduong.vn\/wp-content\/uploads\/2025\/05\/man-hinh-o-to-tich-hop-camera-360-do-2-1024x562-4-768x422.png 768w\" sizes=\"auto, (max-width: 1024px) 100vw, 1024px\" \/><figcaption id=\"caption-attachment-16240\" class=\"wp-caption-text\">M\u00e0n h\u00ecnh \u00f4 t\u00f4 th\u00f4ng minh Gotech\u00a0GT2K Max 360\u00a0t\u00edch h\u1ee3p camera 360 \u0111\u1ed9<\/figcaption><\/figure>\n<h3><b>Kho \u1ee9ng d\u1ee5ng gi\u1ea3i tr\u00ed \u0111a d\u1ea1ng, \u0111\u00e1p \u1ee9ng m\u1ecdi s\u1edf th\u00edch c\u00e1 nh\u00e2n<\/b><\/h3>\n<p>V\u1edbi\u00a0<strong>m\u00e0n h\u00ecnh \u00f4 t\u00f4 th\u00f4ng minh Gotech\u00a0<b>GT2K Max 360<\/b><\/strong>\u00a0b\u1ea1n c\u00f3 th\u1ec3 th\u1ecfa th\u00edch l\u1ef1a ch\u1ecdn gi\u1ea3i tr\u00ed theo c\u00e1ch ri\u00eang. Kho \u1ee9ng d\u1ee5ng CH Play cho ph\u00e9p b\u1ea1n t\u1ea3i nh\u1eefng \u1ee9ng d\u1ee5ng y\u00eau th\u00edch v\u1ec1 m\u00e0n h\u00ecnh m\u1ed9t c\u00e1ch nhanh ch\u00f3ng v\u00e0 d\u1ec5 d\u00e0ng. C\u00e1c \u1ee9ng d\u1ee5ng gi\u1ea3i tr\u00ed ph\u1ed5 bi\u1ebfn ph\u1ea3i k\u1ec3 \u0111\u1ebfn nh\u01b0: Youtube, Zing MP3, Spotify, VTV go, My TV,\u2026.<\/p>\n<p>Kh\u00f4ng ch\u1ec9 d\u1eebng l\u1ea1i \u1edf vi\u1ec7c gi\u1ea3i tr\u00ed,\u00a0<em>Gotech GT2K Max 360<\/em>\u00a0c\u00f2n gi\u00fap b\u1ea1n h\u1ecdc t\u1eadp, c\u1ea3i thi\u1ec7n k\u1ef9 n\u0103ng th\u00f4ng qua c\u00e1c podcast, s\u00e1ch n\u00f3i, h\u1ecdc ti\u1ebfng Anh ho\u1eb7c gi\u1ea3i \u0111\u00e1p m\u1ecdi c\u00e2u h\u1ecfi v\u1ec1 h\u01b0\u1edbng x\u1eed l\u00fd c\u00f4ng vi\u1ec7c, qu\u1ea3n l\u00fd th\u00f4ng qua GotechGPT.<\/p>\n<figure id=\"attachment_16241\" class=\"wp-caption aligncenter\" aria-describedby=\"caption-attachment-16241\"><img loading=\"lazy\" decoding=\"async\" class=\"alignnone size-full wp-image-2115\" src=\"https:\/\/autothaiduong.vn\/wp-content\/uploads\/2025\/05\/giai-tri-da-phuong-tien-tren-man-hinh-gotech-1-1024x562-4.png\" alt=\"Gi\u1ea3i tr\u00ed \u0111a ph\u01b0\u01a1ng ti\u1ec7n tr\u00ean m\u00e0n h\u00ecnh Gotech GT2K 360\" width=\"1024\" height=\"562\" srcset=\"https:\/\/autothaiduong.vn\/wp-content\/uploads\/2025\/05\/giai-tri-da-phuong-tien-tren-man-hinh-gotech-1-1024x562-4.png 1024w, https:\/\/autothaiduong.vn\/wp-content\/uploads\/2025\/05\/giai-tri-da-phuong-tien-tren-man-hinh-gotech-1-1024x562-4-600x329.png 600w, https:\/\/autothaiduong.vn\/wp-content\/uploads\/2025\/05\/giai-tri-da-phuong-tien-tren-man-hinh-gotech-1-1024x562-4-768x422.png 768w\" sizes=\"auto, (max-width: 1024px) 100vw, 1024px\" \/><figcaption id=\"caption-attachment-16241\" class=\"wp-caption-text\">Gi\u1ea3i tr\u00ed \u0111a ph\u01b0\u01a1ng ti\u1ec7n tr\u00ean m\u00e0n h\u00ecnh Gotech\u00a0GT2K Max 360<\/figcaption><\/figure>\n<h3><b>T\u00edch h\u1ee3p tr\u1ee3 l\u00fd gi\u1ecdng n\u00f3i AI th\u00f4ng minh nh\u1ea5t hi\u1ec7n nay<\/b><\/h3>\n<p>Chat GPT l\u00e0 m\u1ed9t \u1ee9ng d\u1ee5ng h\u1ed7 tr\u1ee3 ng\u01b0\u1eddi d\u00f9ng trong m\u1ecdi l\u0129nh v\u1ef1c t\u1eeb cu\u1ed9c s\u1ed1ng \u0111\u1ebfn c\u00f4ng vi\u1ec7c, h\u1ecdc t\u1eadp. Hi\u1ec3u \u0111\u01b0\u1ee3c nh\u1eefng gi\u00e1 tr\u1ecb m\u00e0 Chat GPT mang l\u1ea1i, Gotech \u0111\u00e3 ti\u1ebfn h\u00e0nh t\u00edch h\u1ee3p Chat GPT c\u00f9ng v\u1edbi Gotech Assistant \u0111\u1ec3 mang tr\u1ee3 l\u00fd GotechGPT l\u00ean m\u00e0n h\u00ecnh \u00f4 t\u00f4 th\u00f4ng minh.<\/p>\n<p>Kh\u00e1c v\u1edbi Chat GPT giao ti\u1ebfp b\u1eb1ng v\u0103n b\u1ea3n, Gotech GPT giao ti\u1ebfp v\u1edbi ng\u01b0\u1eddi d\u00f9ng b\u1eb1ng gi\u1ecdng n\u00f3i, gi\u00fap b\u1ea1n gi\u1ea3i \u0111\u00e1p m\u1ecdi v\u01b0\u1edbng m\u1eafc \u0111ang g\u1eb7p ph\u1ea3i m\u00e0 kh\u00f4ng g\u00e2y m\u1ea5t t\u1eadp trung, \u1ea3nh h\u01b0\u1edfng \u0111\u1ebfn qu\u00e1 tr\u00ecnh l\u00e1i xe.<\/p>\n<figure id=\"attachment_16242\" class=\"wp-caption aligncenter\" aria-describedby=\"caption-attachment-16242\"><img loading=\"lazy\" decoding=\"async\" class=\"alignnone size-full wp-image-2116\" src=\"https:\/\/autothaiduong.vn\/wp-content\/uploads\/2025\/05\/ra-lenh-giong-noi-gotech-gpt-1-1024x562-4.png\" alt=\"M\u00e0n h\u00ecnh Gotech GT2K ra l\u1ec7nh gi\u1ecdng n\u00f3i th\u00f4ng minh\" width=\"1024\" height=\"562\" srcset=\"https:\/\/autothaiduong.vn\/wp-content\/uploads\/2025\/05\/ra-lenh-giong-noi-gotech-gpt-1-1024x562-4.png 1024w, https:\/\/autothaiduong.vn\/wp-content\/uploads\/2025\/05\/ra-lenh-giong-noi-gotech-gpt-1-1024x562-4-600x329.png 600w, https:\/\/autothaiduong.vn\/wp-content\/uploads\/2025\/05\/ra-lenh-giong-noi-gotech-gpt-1-1024x562-4-768x422.png 768w\" sizes=\"auto, (max-width: 1024px) 100vw, 1024px\" \/><figcaption id=\"caption-attachment-16242\" class=\"wp-caption-text\">M\u00e0n h\u00ecnh Gotech\u00a0GT2K Max 360\u00a0ra l\u1ec7nh gi\u1ecdng n\u00f3i th\u00f4ng minh<\/figcaption><\/figure>\n<h3><b>C\u00e0i \u0111\u1eb7t 3 ph\u1ea7n m\u1ec1m b\u1ea3n \u0111\u1ed3 b\u1ea3n quy\u1ec1n ti\u00ean ti\u1ebfn nh\u1ea5t hi\u1ec7n nay<\/b><\/h3>\n<p>Tr\u00ean\u00a0<strong>m\u00e0n h\u00ecnh Gotech\u00a0<b>GT2K Max 360<\/b><\/strong>\u00a0\u0111\u01b0\u1ee3c c\u00e0i \u0111\u1eb7t 3 ph\u1ea7n m\u1ec1m d\u1eabn \u0111\u01b0\u1eddng ti\u00ean ti\u1ebfn nh\u1ea5t hi\u1ec7n nay bao g\u1ed3m: Carmap, Google Map, Navitel. \u0110\u1eb7c bi\u1ec7t, khi l\u1eafp c\u00e1c s\u1ea3n ph\u1ea9m m\u00e0n h\u00ecnh c\u1ee7a Gotech b\u1ea1n s\u1ebd \u0111\u01b0\u1ee3c t\u1eb7ng b\u1ea3n quy\u1ec1n Carmap.<\/p>\n<p>Carmap l\u00e0 m\u1ed9t \u1ee9ng d\u1ee5ng ch\u1ec9 \u0111\u01b0\u1eddng th\u00f4ng minh, gi\u00fap t\u00e0i x\u1ebf t\u1ed1i \u01b0u l\u1ed9 tr\u00ecnh di chuy\u1ec3n m\u1ed9t c\u00e1ch nhanh ch\u00f3ng nh\u1ea5t \u0111\u1ed3ng th\u1eddi cung c\u1ea5p \u0111\u1ea7y \u0111\u1ee7, chi ti\u1ebft c\u00e1c th\u00f4ng tin bi\u1ec3n b\u00e1o tr\u00ean cung \u0111\u01b0\u1eddng v\u1edbi giao di\u1ec7n tr\u1ef1c quan v\u00e0 d\u1ec5 d\u00e0ng s\u1eed d\u1ee5ng.<\/p>\n<figure id=\"attachment_16243\" class=\"wp-caption aligncenter\" aria-describedby=\"caption-attachment-16243\"><img loading=\"lazy\" decoding=\"async\" class=\"alignnone size-full wp-image-2117\" src=\"https:\/\/autothaiduong.vn\/wp-content\/uploads\/2025\/05\/man-hinh-gotech-tich-hop-ban-do-thong-minh-1-1024x562-4.png\" alt=\"M\u00e0n h\u00ecnh Gotech GT2K t\u00edch h\u1ee3p b\u1ea3n \u0111\u1ed3 d\u1eabn \u0111\u01b0\u1eddng b\u1ea3n quy\u1ec1n tr\u1ecdn \u0111\u1eddi\" width=\"1024\" height=\"562\" srcset=\"https:\/\/autothaiduong.vn\/wp-content\/uploads\/2025\/05\/man-hinh-gotech-tich-hop-ban-do-thong-minh-1-1024x562-4.png 1024w, https:\/\/autothaiduong.vn\/wp-content\/uploads\/2025\/05\/man-hinh-gotech-tich-hop-ban-do-thong-minh-1-1024x562-4-600x329.png 600w, https:\/\/autothaiduong.vn\/wp-content\/uploads\/2025\/05\/man-hinh-gotech-tich-hop-ban-do-thong-minh-1-1024x562-4-768x422.png 768w\" sizes=\"auto, (max-width: 1024px) 100vw, 1024px\" \/><figcaption id=\"caption-attachment-16243\" class=\"wp-caption-text\">M\u00e0n h\u00ecnh Gotech\u00a0GT2K Max 360\u00a0t\u00edch h\u1ee3p b\u1ea3n \u0111\u1ed3 d\u1eabn \u0111\u01b0\u1eddng b\u1ea3n quy\u1ec1n tr\u1ecdn \u0111\u1eddi<\/figcaption><\/figure>\n<h3><b>Gotech GT2K Max 360 v\u1edbi giao di\u1ec7n m\u00e0n h\u00ecnh \u0111\u1ed9c quy\u1ec1n, t\u1ed1i \u01b0u h\u00f3a theo s\u1edf th\u00edch c\u00e1 nh\u00e2n<\/b><\/h3>\n<p>Sau qu\u00e1 tr\u00ecnh nghi\u00ean c\u1ee9u h\u00e0nh vi c\u1ee7a ng\u01b0\u1eddi d\u00f9ng, Gotech cho ra m\u1eaft giao di\u1ec7n m\u00e0n h\u00ecnh ch\u00ednh l\u1ea5y c\u1ea3m \u1ee9ng t\u1eeb Apple UI, t\u1ed1i \u01b0u theo th\u00f3i quen s\u1eed d\u1ee5ng c\u1ee7a kh\u00e1ch h\u00e0ng. Ngo\u00e0i ra, tr\u00ean giao di\u1ec7n m\u00e0n h\u00ecnh Gotech kh\u00e1ch h\u00e0ng c\u00f2n \u0111\u01b0\u1ee3c t\u00f9y ch\u1ecdn m\u00e0u s\u1eafc, m\u1eabu xe theo s\u1edf th\u00edch v\u00e0 phong th\u1ee7y. K\u1ebft h\u1ee3p c\u00f9ng thi\u1ebft k\u1ebf tr\u00e0n vi\u1ec1n, m\u1eb7t k\u00ednh ch\u1ed1ng b\u00e1m v\u00e2n tay g\u00f3p ph\u1ea7n n\u00e2ng t\u1ea7m s\u1ef1 sang tr\u1ecdng cho x\u1ebf y\u00eau c\u1ee7a b\u1ea1n.<\/p>\n<figure id=\"attachment_16250\" class=\"wp-caption aligncenter\" aria-describedby=\"caption-attachment-16250\"><img loading=\"lazy\" decoding=\"async\" class=\"alignnone size-full wp-image-2118\" src=\"https:\/\/autothaiduong.vn\/wp-content\/uploads\/2025\/05\/man-hinh-o-to-thong-minh-gotech-gt2k-360-1-1024x563-2.png\" alt=\"Giao di\u1ec7n \u0111\u1ed9c quy\u1ec1n tr\u00ean m\u00e0n h\u00ecnh \u00f4 t\u00f4 th\u00f4ng minh Gotech GT2K 360\" width=\"1024\" height=\"563\" srcset=\"https:\/\/autothaiduong.vn\/wp-content\/uploads\/2025\/05\/man-hinh-o-to-thong-minh-gotech-gt2k-360-1-1024x563-2.png 1024w, https:\/\/autothaiduong.vn\/wp-content\/uploads\/2025\/05\/man-hinh-o-to-thong-minh-gotech-gt2k-360-1-1024x563-2-600x330.png 600w, https:\/\/autothaiduong.vn\/wp-content\/uploads\/2025\/05\/man-hinh-o-to-thong-minh-gotech-gt2k-360-1-1024x563-2-768x422.png 768w\" sizes=\"auto, (max-width: 1024px) 100vw, 1024px\" \/><figcaption id=\"caption-attachment-16250\" class=\"wp-caption-text\">Giao di\u1ec7n \u0111\u1ed9c quy\u1ec1n tr\u00ean m\u00e0n h\u00ecnh \u00f4 t\u00f4 th\u00f4ng minh Gotech\u00a0GT2K Max 360<\/figcaption><\/figure>\n<h3><b>H\u1ec7 sinh th\u00e1i \u1ee9ng d\u1ee5ng do Gotech ph\u00e1t tri\u1ec3n, h\u1eefu \u00edch \u0111\u1ed1i v\u1edbi m\u1ecdi t\u00e0i x\u1ebf<\/b><\/h3>\n<p>Ngo\u00e0i c\u00e1c t\u00ednh n\u0103ng gi\u1ea3i tr\u00ed, an to\u00e0n, tr\u00ean m\u00e0n h\u00ecnh Gotech c\u00f2n \u0111\u01b0\u1ee3c t\u00edch h\u1ee3p c\u00e1c \u1ee9ng d\u1ee5ng gi\u00fap b\u1ea1n theo d\u00f5i, b\u1ea3o v\u1ec7 xe m\u1ed9t c\u00e1ch thu\u1eadn ti\u1ec7n nh\u1ea5t. C\u00e1c \u1ee9ng d\u1ee5ng n\u1ed5i b\u1eadt ph\u1ea3i k\u1ec3 \u0111\u1ebfn nh\u01b0: Ph\u1ea7n m\u1ec1m tra c\u1ee9u ph\u1ea1t ngu\u1ed9i, \u1ee9ng d\u1ee5ng \u0111\u1ecbnh v\u1ecb, theo d\u00f5i l\u1ed9 tr\u00ecnh di chuy\u1ec3n c\u1ee7a xe, Ph\u1ea7n m\u1ec1m b\u1ea3o h\u00e0nh \u0111i\u1ec7n t\u1eed thu\u1eadn ti\u1ec7n trong vi\u1ec7c theo d\u00f5i th\u1eddi gian b\u1ea3o h\u00e0nh s\u1ea3n ph\u1ea9m c\u0169ng nh\u01b0 c\u00e1c h\u01b0\u1edbng d\u1eabn s\u1eed d\u1ee5ng c\u01a1 b\u1ea3n tr\u00ean m\u00e0n h\u00ecnh.<\/p>\n<h3><b>Gotech GT2K Max 360 t\u00edch h\u1ee3p c\u1ea3m bi\u1ebfn \u00e1p su\u1ea5t l\u1ed1p l\u00ean m\u00e0n h\u00ecnh<\/b><\/h3>\n<p>GT2K Max 360 cho ph\u00e9p t\u00edch h\u1ee3p c\u00e1c thi\u1ebft b\u1ecb ngo\u1ea1i vi nh\u01b0 c\u1ea3m bi\u1ebfn \u00e1p su\u1ea5t l\u1ed1p tr\u1ef1c ti\u1ebfp l\u00ean m\u00e0n h\u00ecnh th\u00f4ng minh, m\u00f4 ph\u1ecfng 4 b\u00e1nh xe v\u1edbi \u0111\u1ea7y \u0111\u1ee7 c\u00e1c th\u00f4ng tin v\u1ec1 nhi\u1ec7t \u0111\u1ed9, \u00e1p su\u1ea5t c\u1ee7a m\u1ed7i b\u00e1nh. Trong tr\u01b0\u1eddng h\u1ee3p l\u1ed1p xe x\u1ea3y ra v\u1ea5n \u0111\u1ec1 nh\u01b0 non h\u01a1n, c\u0103ng h\u01a1i ho\u1eb7c c\u00e1n \u0111inh, c\u1ea3m bi\u1ebfn s\u1ebd l\u1eadp t\u1ee9c g\u1eedi t\u00edn hi\u1ec7u c\u1ea3nh b\u00e1o t\u1edbi t\u00e0i x\u1ebf b\u1eb1ng \u00e2m thanh ho\u1eb7c h\u00ecnh \u1ea3nh tr\u00ean\u00a0<strong>m\u00e0n h\u00ecnh\u00a0<b>GT2K Max 360<\/b><\/strong>. Nh\u1edd v\u1eady, ng\u01b0\u1eddi d\u00f9ng c\u00f3 th\u1ec3 theo d\u00f5i t\u00ecnh tr\u1ea1ng l\u1ed1p xe m\u1ed9t c\u00e1ch d\u1ec5 d\u00e0ng, k\u1ecbp th\u1eddi ph\u00e1t hi\u1ec7n c\u00e1c d\u1ea5u hi\u1ec7u b\u1ea5t th\u01b0\u1eddng v\u00e0 x\u1eed l\u00fd nhanh ch\u00f3ng tr\u00e1nh x\u1ea3y ra s\u1ef1 c\u1ed1 \u0111\u00e1ng ti\u1ebfc.<\/p>\n<figure id=\"attachment_16244\" class=\"wp-caption aligncenter\" aria-describedby=\"caption-attachment-16244\"><img loading=\"lazy\" decoding=\"async\" class=\"alignnone size-full wp-image-2119\" src=\"https:\/\/autothaiduong.vn\/wp-content\/uploads\/2025\/05\/man-hinh-tich-hop-cam-bien-ap-suat-lop-1-1024x562-2.png\" alt=\"M\u00e0n h\u00ecnh Gotech GT2K t\u00edch h\u1ee3p c\u1ea3m bi\u1ebfn \u00e1p su\u1ea5t l\u1ed1p\" width=\"1024\" height=\"562\" srcset=\"https:\/\/autothaiduong.vn\/wp-content\/uploads\/2025\/05\/man-hinh-tich-hop-cam-bien-ap-suat-lop-1-1024x562-2.png 1024w, https:\/\/autothaiduong.vn\/wp-content\/uploads\/2025\/05\/man-hinh-tich-hop-cam-bien-ap-suat-lop-1-1024x562-2-600x329.png 600w, https:\/\/autothaiduong.vn\/wp-content\/uploads\/2025\/05\/man-hinh-tich-hop-cam-bien-ap-suat-lop-1-1024x562-2-768x422.png 768w\" sizes=\"auto, (max-width: 1024px) 100vw, 1024px\" \/><figcaption id=\"caption-attachment-16244\" class=\"wp-caption-text\">M\u00e0n h\u00ecnh Gotech\u00a0GT2K Max 360\u00a0t\u00edch h\u1ee3p c\u1ea3m bi\u1ebfn \u00e1p su\u1ea5t l\u1ed1p<\/figcaption><\/figure>\n<h3><b>M\u00e0n h\u00ecnh Gotech GT2K Max 360 c\u1ea5u h\u00ecnh m\u1ea1nh m\u1ebd, \u0111a nhi\u1ec7m m\u01b0\u1ee3t m\u00e0<\/b><\/h3>\n<p>S\u1edf h\u1eefu c\u1ea5u h\u00ecnh Ram 8GB, Rom 128GB, CPU 8 nh\u00e2n,\u00a0<strong>Gotech\u00a0<b>GT2K Max 360<\/b><\/strong>\u00a0\u0111\u01b0\u1ee3c trang b\u1ecb c\u1ea5u h\u00ecnh m\u1ea1nh m\u1ebd, gi\u00fap vi\u1ec7c x\u1eed l\u00fd c\u00e1c t\u00e1c v\u1ee5 tr\u00ean m\u00e0n h\u00ecnh nhanh ch\u00f3ng, kh\u00f4ng b\u1ecb gi\u1eadt lag k\u1ec3 c\u1ea3 khi b\u1ea1n s\u1eed d\u1ee5ng t\u00ednh n\u0103ng chia \u0111\u00f4i m\u00e0n h\u00ecnh v\u00e0 s\u1eed d\u1ee5ng hai \u1ee9ng d\u1ee5ng c\u00f9ng 1 l\u00fac. T\u1eeb \u0111\u00f3 t\u1ed1i \u01b0u \u0111\u01b0\u1ee3c hi\u1ec7u su\u1ea5t s\u1eed d\u1ee5ng s\u1ea3n ph\u1ea9m, cho ph\u00e9p b\u1ea1n v\u1eeba ch\u1ec9 \u0111\u01b0\u1eddng v\u1eeba gi\u1ea3i tr\u00ed ho\u1eb7c quan s\u00e1t camera 360.<\/p>\n<figure id=\"attachment_16245\" class=\"wp-caption aligncenter\" aria-describedby=\"caption-attachment-16245\"><img loading=\"lazy\" decoding=\"async\" class=\"alignnone size-full wp-image-2120\" src=\"https:\/\/autothaiduong.vn\/wp-content\/uploads\/2025\/05\/da-nhiem-tren-man-hinh-gotech-gt2k-1-1024x562-2.png\" alt=\"M\u00e0n h\u00ecnh Gotech GT2K c\u1ea5u h\u00ecnh m\u1ea1nh m\u1ebd, \u0111a nhi\u1ec7m m\u01b0\u1ee3t m\u00e0\" width=\"1024\" height=\"562\" srcset=\"https:\/\/autothaiduong.vn\/wp-content\/uploads\/2025\/05\/da-nhiem-tren-man-hinh-gotech-gt2k-1-1024x562-2.png 1024w, https:\/\/autothaiduong.vn\/wp-content\/uploads\/2025\/05\/da-nhiem-tren-man-hinh-gotech-gt2k-1-1024x562-2-600x329.png 600w, https:\/\/autothaiduong.vn\/wp-content\/uploads\/2025\/05\/da-nhiem-tren-man-hinh-gotech-gt2k-1-1024x562-2-768x422.png 768w\" sizes=\"auto, (max-width: 1024px) 100vw, 1024px\" \/><figcaption id=\"caption-attachment-16245\" class=\"wp-caption-text\">M\u00e0n h\u00ecnh Gotech\u00a0GT2K Max 360\u00a0c\u1ea5u h\u00ecnh m\u1ea1nh m\u1ebd, \u0111a nhi\u1ec7m m\u01b0\u1ee3t m\u00e0<\/figcaption><\/figure>\n<p>Ngo\u00e0i nh\u1eefng t\u00ednh n\u0103ng v\u1eeba k\u1ec3 tr\u00ean,\u00a0<strong>Gotech\u00a0<b>GT2K Max 360<\/b><\/strong>\u00a0c\u00f2n r\u1ea5t nhi\u1ec1u nh\u1eefng t\u00ednh n\u0103ng h\u1eefu \u00edch kh\u00e1c gi\u00fap ng\u01b0\u1eddi d\u00f9ng l\u00e1i xe an to\u00e0n h\u01a1n.<\/p>\n<h3 class=\"vms-read-more\"><strong><span style=\"color: #ff0000;\">\u0110\u1ea1i L\u00ed Ch\u00ednh H\u00e3ng Gotech T\u1ea1i TP.B\u1ea3o L\u1ed9c<\/span><\/strong><\/h3>\n<p><strong>Auto Th\u00e1i D\u01b0\u01a1ng\u00a0<\/strong><\/p>\n<p><strong>\u0110\u1ecba Ch\u1ec9:273-275 Tr\u1ea7n Ph\u00fa Ph\u01b0\u1eddng L\u1ed9c S\u01a1n Th\u00e0nh Ph\u1ed1 B\u1ea3o L\u1ed9c T\u1ec9nh L\u00e2m \u0110\u1ed3ng<\/strong><\/p>\n<p><strong> Hotline: 0912197441<\/strong><\/p>\n","protected":false},"excerpt":{"rendered":"<div class=\"gproduct-feature\">\n<div class=\"feature-title\">T\u00ednh n\u0103ng n\u1ed5i b\u1eadt<\/div>\n<ul>\n<li>Ghi h\u00ecnh to\u00e0n c\u1ea3nh 360 \u0111\u1ed9<\/li>\n<li>T\u1ea5m n\u1ec1n QLED 2K s\u1eafc n\u00e9t, ch\u00e2n th\u1ef1c \u0111\u1ebfn t\u1eebng \u0111i\u1ec3m \u1ea3nh<\/li>\n<li>Gi\u1ea3i tr\u00ed \u0111a ph\u01b0\u01a1ng ti\u1ec7n<\/li>\n<li>\u0110i\u1ec1u khi\u1ec3n gi\u1ecdng n\u00f3i ti\u1ebfng Vi\u1ec7t nhanh nh\u1ea1y<\/li>\n<li>Ch\u1ec9 d\u1eabn \u0111\u01b0\u1eddng th\u00f4ng minh, kh\u00f4ng c\u1ea7n internet<\/li>\n<\/ul>\n<\/div>\n<div class=\"gproduct-gift\">\n<div class=\"gift-title\">Qu\u00e0 t\u1eb7ng<\/div>\n<ul>\n<li>T\u1eb7ng SIM 4G<\/li>\n<li>T\u1eb7ng USB 64G<\/li>\n<li>L\u1eafp \u0111\u1eb7t t\u1ea1i nh\u00e0 mi\u1ec5n ph\u00ed<\/li>\n<li>B\u1ea3o h\u00e0nh 2 n\u0103m 1 \u0111\u1ed5i 1<\/li>\n<li>D\u00f9ng th\u1eed 30 ng\u00e0y mi\u1ec5n ph\u00ed<\/li>\n<li>T\u1eb7ng b\u1ea3n \u0111\u1ed3 CarMap b\u1ea3n quy\u1ec1n<\/li>\n<\/ul>\n<\/div>\n","protected":false},"featured_media":2113,"comment_status":"open","ping_status":"closed","template":"","meta":[],"product_brand":[71],"product_cat":[153],"product_tag":[],"class_list":{"0":"post-2112","1":"product","2":"type-product","3":"status-publish","4":"has-post-thumbnail","6":"product_brand-gotech","7":"product_cat-man-hinh-android-lien-camera-360","9":"first","10":"instock","11":"shipping-taxable","12":"purchasable","13":"product-type-simple"},"_links":{"self":[{"href":"https:\/\/autothaiduong.vn\/index.php?rest_route=\/wp\/v2\/product\/2112","targetHints":{"allow":["GET"]}}],"collection":[{"href":"https:\/\/autothaiduong.vn\/index.php?rest_route=\/wp\/v2\/product"}],"about":[{"href":"https:\/\/autothaiduong.vn\/index.php?rest_route=\/wp\/v2\/types\/product"}],"replies":[{"embeddable":true,"href":"https:\/\/autothaiduong.vn\/index.php?rest_route=%2Fwp%2Fv2%2Fcomments&post=2112"}],"wp:featuredmedia":[{"embeddable":true,"href":"https:\/\/autothaiduong.vn\/index.php?rest_route=\/wp\/v2\/media\/2113"}],"wp:attachment":[{"href":"https:\/\/autothaiduong.vn\/index.php?rest_route=%2Fwp%2Fv2%2Fmedia&parent=2112"}],"wp:term":[{"taxonomy":"product_brand","embeddable":true,"href":"https:\/\/autothaiduong.vn\/index.php?rest_route=%2Fwp%2Fv2%2Fproduct_brand&post=2112"},{"taxonomy":"product_cat","embeddable":true,"href":"https:\/\/autothaiduong.vn\/index.php?rest_route=%2Fwp%2Fv2%2Fproduct_cat&post=2112"},{"taxonomy":"product_tag","embeddable":true,"href":"https:\/\/autothaiduong.vn\/index.php?rest_route=%2Fwp%2Fv2%2Fproduct_tag&post=2112"}],"curies":[{"name":"wp","href":"https:\/\/api.w.org\/{rel}","templated":true}]}}