{"id":2121,"date":"2025-05-17T15:19:31","date_gmt":"2025-05-17T15:19:31","guid":{"rendered":"https:\/\/autothaiduong.vn\/?post_type=product&#038;p=2121"},"modified":"2025-05-17T15:19:56","modified_gmt":"2025-05-17T15:19:56","slug":"man-hinh-o-to-thong-minh-naviplay-nc6","status":"publish","type":"product","link":"https:\/\/autothaiduong.vn\/?product=man-hinh-o-to-thong-minh-naviplay-nc6","title":{"rendered":"M\u00c0N H\u00ccNH \u00d4 T\u00d4 TH\u00d4NG MINH NAVIPLAY NC6"},"content":{"rendered":"<p><img loading=\"lazy\" decoding=\"async\" class=\" wp-image-2122 aligncenter\" src=\"https:\/\/autothaiduong.vn\/wp-content\/uploads\/2025\/05\/z6584734442481_f208f5944548cb4b46353402ce2e64e0-3.jpg\" alt=\"\" width=\"243\" height=\"215\" \/><\/p>\n<p style=\"text-align: center;\"><span style=\"font-size: 140%;\"><strong><span style=\"color: #ff0000;\">273-275 Tr\u1ea7n Ph\u00fa Ph\u01b0\u1eddng L\u1ed9c S\u01a1n Th\u00e0nh Ph\u1ed1 B\u1ea3o L\u1ed9c T\u1ec9nh L\u00e2m \u0110\u1ed3ng\u00a0<\/span><\/strong><\/span><\/p>\n<p style=\"text-align: center;\"><span style=\"font-size: 140%;\"><strong><span style=\"color: #ff0000;\">Hotline: 0912197441<\/span><\/strong><\/span><\/p>\n<p><strong>M\u00e0n h\u00ecnh \u00f4 t\u00f4 th\u00f4ng minh NAVIPLAY NC6 l\u00e0 m\u1ed9t trong nh\u1eefng d\u00f2ng m\u00e0n h\u00ecnh n\u1eb1m trong top s\u1ea3n ph\u1ea9m b\u00e1n ch\u1ea1y c\u1ee7a NAVIPLAY b\u1edfi s\u1edf h\u1eefu nhi\u1ec1u \u01b0u \u0111i\u1ec3m v\u01b0\u1ee3t tr\u1ed9i v\u00e0 ph\u00f9 h\u1ee3p v\u1edbi nhi\u1ec1u ph\u00e2n kh\u00fac kh\u00e1ch h\u00e0ng. \u0110\u1eb7c bi\u1ec7t, m\u00e0n h\u00ecnh \u00f4 t\u00f4 NAVIPLAY NC6 c\u00f2n c\u00f3 ch\u1ebf \u0111\u1ed9 b\u1ea3o h\u00e0nh l\u00ean \u0111\u1ebfn 2 n\u0103m mang \u0111\u1ebfn nhi\u1ec1u l\u1ee3i \u00edch cho kh\u00e1ch h\u00e0ng khi s\u1eed d\u1ee5ng.\u00a0<\/strong><\/p>\n<figure id=\"attachment_7237\" class=\"wp-caption alignnone\" aria-describedby=\"caption-attachment-7237\"><img loading=\"lazy\" decoding=\"async\" class=\"alignnone size-full wp-image-2124\" src=\"https:\/\/autothaiduong.vn\/wp-content\/uploads\/2025\/05\/tron-bo-san-pham-man-hinh-oto-naviplay-n600.jpg\" alt=\"\" width=\"1280\" height=\"720\" srcset=\"https:\/\/autothaiduong.vn\/wp-content\/uploads\/2025\/05\/tron-bo-san-pham-man-hinh-oto-naviplay-n600.jpg 1280w, https:\/\/autothaiduong.vn\/wp-content\/uploads\/2025\/05\/tron-bo-san-pham-man-hinh-oto-naviplay-n600-600x338.jpg 600w, https:\/\/autothaiduong.vn\/wp-content\/uploads\/2025\/05\/tron-bo-san-pham-man-hinh-oto-naviplay-n600-1024x576.jpg 1024w, https:\/\/autothaiduong.vn\/wp-content\/uploads\/2025\/05\/tron-bo-san-pham-man-hinh-oto-naviplay-n600-768x432.jpg 768w\" sizes=\"auto, (max-width: 1280px) 100vw, 1280px\" \/><figcaption id=\"caption-attachment-7237\" class=\"wp-caption-text\">B\u1ed9 s\u1ea3n ph\u1ea9m m\u00e0n h\u00ecnh \u00f4 t\u00f4 th\u00f4ng minh NAVIPLAY NC6<\/figcaption><\/figure>\n<h2>T\u00ednh n\u0103ng n\u1ed5i b\u1eadt c\u1ee7a m\u00e0n h\u00ecnh \u00f4 t\u00f4 th\u00f4ng minh\u00a0<strong>NAVIPLAY NC6<\/strong><\/h2>\n<h3>Giao di\u1ec7n chu\u1ea9n c\u00f4ng ngh\u1ec7, t\u1ed1c \u0111\u1ed9 x\u1eed l\u00fd nhanh<\/h3>\n<figure id=\"attachment_7238\" class=\"wp-caption alignnone\" aria-describedby=\"caption-attachment-7238\"><img loading=\"lazy\" decoding=\"async\" class=\"alignnone size-full wp-image-2125\" src=\"https:\/\/autothaiduong.vn\/wp-content\/uploads\/2025\/05\/giao-dien-man-hinh-oto-naviplay-n600.jpg\" alt=\"\" width=\"1280\" height=\"720\" srcset=\"https:\/\/autothaiduong.vn\/wp-content\/uploads\/2025\/05\/giao-dien-man-hinh-oto-naviplay-n600.jpg 1280w, https:\/\/autothaiduong.vn\/wp-content\/uploads\/2025\/05\/giao-dien-man-hinh-oto-naviplay-n600-600x338.jpg 600w, https:\/\/autothaiduong.vn\/wp-content\/uploads\/2025\/05\/giao-dien-man-hinh-oto-naviplay-n600-1024x576.jpg 1024w, https:\/\/autothaiduong.vn\/wp-content\/uploads\/2025\/05\/giao-dien-man-hinh-oto-naviplay-n600-768x432.jpg 768w\" sizes=\"auto, (max-width: 1280px) 100vw, 1280px\" \/><figcaption id=\"caption-attachment-7238\" class=\"wp-caption-text\">Giao di\u1ec7n b\u1eaft m\u1eaft d\u1ec5 d\u00e0ng s\u1eed d\u1ee5ng<\/figcaption><\/figure>\n<p>Giao di\u1ec7n\u00a0<strong>m\u00e0n h\u00ecnh \u00f4 t\u00f4 th\u00f4ng minh NAVIPLAY NC6<\/strong>\u00a0\u0111\u01b0\u1ee3c thi\u1ebft k\u1ebf theo ti\u00eau chu\u1ea9n m\u1edbi, b\u1ed1 c\u1ee5c s\u1eafp x\u1ebfp khoa h\u1ecdc mang \u0111\u1ebfn s\u1ef1 th\u00e2n thi\u1ec7n cho ng\u01b0\u1eddi s\u1eed d\u1ee5ng. C\u00f9ng v\u1edbi \u0111\u00f3,\u00a0<strong>m\u00e0n h\u00ecnh Android \u00f4 t\u00f4<\/strong>\u00a0cho ph\u00e9p ng\u01b0\u1eddi d\u00f9ng t\u00f9y bi\u1ebfn m\u00e0u s\u1eafc theo phong th\u1ee7y t\u1ea1o n\u00ean \u0111i\u1ec3m nh\u1ea5n kh\u00e1c bi\u1ec7t cho khu v\u1ef1c Taplo.\u00a0<em>M\u00e0n h\u00ecnh\u00a0<strong>NAVIPLAY NC6<\/strong><\/em>\u00a0s\u1eed d\u1ee5ng c\u00f4ng ngh\u1ec7 ch\u1ed1ng ch\u00f3i IPS, \u0111\u1ed9 ph\u00e2n gi\u1ea3i 1280\u00d7720 mang \u0111\u1ebfn tr\u1ea3i nghi\u1ec7m h\u00ecnh \u1ea3nh s\u1eafc n\u00e9t, s\u1ed1ng \u0111\u1ed9ng \u0111\u1ebfn t\u1eebng chi ti\u1ebft. Cung c\u1ea5p s\u1ee9c m\u1ea1nh cho m\u00e0n h\u00ecnh \u00f4 t\u00f4 th\u00f4ng minh\u00a0l\u00e0 CPU 8 nh\u00e2n, gi\u00fap qu\u00e1 tr\u00ecnh x\u1eed l\u00fd t\u00e1c v\u1ee5 m\u01b0\u1ee3t m\u00e0 v\u01b0\u1ee3t tr\u1ed9i.<\/p>\n<h3>New s\u1eed d\u1ee5ng sim 4G t\u1ed1c \u0111\u1ed9 cao<\/h3>\n<p>Thay v\u00ec ph\u1ee5 thu\u1ed9c v\u00e0o b\u1ed9 ph\u00e1t wifi b\u00ean ngo\u00e0i, NAVIPLAY NC6 trang b\u1ecb cho m\u00ecnh sim 4G k\u1ebft n\u1ed1i internet t\u1ed1c \u0111\u1ed9 cao. Qua \u0111\u00f3, ng\u01b0\u1eddi d\u00f9ng d\u1ec5 d\u00e0ng t\u1ea3i c\u00e1c \u1ee9ng d\u1ee5ng y\u00eau th\u00edch, nghe nh\u1ea1c, xem video tr\u1ef1c tuy\u1ebfn kh\u00f4ng gi\u00e1n \u0111o\u1ea1n. V\u1edbi sim 4G t\u00edch h\u1ee3p s\u1eb5n, m\u00e0n h\u00ecnh \u00f4 t\u00f4 th\u00f4ng minh NAVIPLAY NC6<em>\u00a0<\/em>c\u00f2n h\u1ed7 tr\u1ee3 ph\u00e1t wifi t\u1ed1c \u0111\u1ed9 cao cho c\u00e1c thi\u1ebft b\u1ecb truy c\u1eadp ti\u1ec7n d\u1ee5ng.<\/p>\n<h3><strong>\u0110i\u1ec1u khi\u1ec3n gi\u1ecdng n\u00f3i r\u1ea3nh tay, r\u1ea3nh m\u1eaft<\/strong><\/h3>\n<figure id=\"attachment_7239\" class=\"wp-caption alignnone\" aria-describedby=\"caption-attachment-7239\"><img loading=\"lazy\" decoding=\"async\" class=\"alignnone size-full wp-image-2126\" src=\"https:\/\/autothaiduong.vn\/wp-content\/uploads\/2025\/05\/Chat-man-hinh-oto-naviplay-n600.jpg\" alt=\"\" width=\"1280\" height=\"720\" srcset=\"https:\/\/autothaiduong.vn\/wp-content\/uploads\/2025\/05\/Chat-man-hinh-oto-naviplay-n600.jpg 1280w, https:\/\/autothaiduong.vn\/wp-content\/uploads\/2025\/05\/Chat-man-hinh-oto-naviplay-n600-600x338.jpg 600w, https:\/\/autothaiduong.vn\/wp-content\/uploads\/2025\/05\/Chat-man-hinh-oto-naviplay-n600-1024x576.jpg 1024w, https:\/\/autothaiduong.vn\/wp-content\/uploads\/2025\/05\/Chat-man-hinh-oto-naviplay-n600-768x432.jpg 768w\" sizes=\"auto, (max-width: 1280px) 100vw, 1280px\" \/><figcaption id=\"caption-attachment-7239\" class=\"wp-caption-text\">\u0110i\u1ec1u khi\u1ec3n gi\u1ecdng n\u00f3i r\u1ea3nh tay th\u00f4ng qua Tr\u1ee3 l\u00fd AI tr\u00ean m\u00e0n h\u00ecnh \u00f4 t\u00f4 NAVIPLAY NC6<\/figcaption><\/figure>\n<p>Q\u00faa tr\u00ecnh l\u00e1i xe c\u1ee7a b\u1ea1n tr\u1edf n\u00ean an to\u00e0n h\u01a1n nh\u1edd ti\u1ec7n \u00edch \u0111i\u1ec1u khi\u1ec3n gi\u1ecdng n\u00f3i qua v\u00f4 l\u0103ng. V\u1edbi\u00a0<em>m\u00e0n NAVIPLAY NC6<\/em>\u00a0b\u1ea1n c\u00f3 th\u1ec3 m\u1edf t\u1ea5t c\u1ea3 t\u00e1c v\u1ee5 b\u1eb1ng gi\u1ecdng n\u00f3i ti\u1ebfng Vi\u1ec7t th\u00f4ng qua Tr\u1ee3 l\u00fd NAVI Assistant v\u00e0 Tr\u1ee3 l\u00fd Kiki. Khi b\u1ea1n ra l\u1ec7nh b\u1eb1ng gi\u1ecdng n\u00f3i, m\u00e0n h\u00ecnh \u00f4 t\u00f4 s\u1ebd nh\u1eadn di\u1ec7n \u0111\u01b0\u1ee3c ng\u00f4n ng\u1eef 3 mi\u1ec1n B\u1eafc \u2013 Trung\u00a0 \u2013 Nam v\u00e0 \u0111\u00e1p \u1ee9ng kh\u1ea9u l\u1ec7nh nhanh ch\u00f3ng, ch\u00ednh x\u00e1c.<\/p>\n<h3><strong>Mang \u0111\u1ebfn kho gi\u1ea3i tr\u00ed v\u00f4 t\u1eadn<\/strong><\/h3>\n<figure id=\"attachment_7240\" class=\"wp-caption alignnone\" aria-describedby=\"caption-attachment-7240\"><img loading=\"lazy\" decoding=\"async\" class=\"alignnone size-full wp-image-2127\" src=\"https:\/\/autothaiduong.vn\/wp-content\/uploads\/2025\/05\/CHp-man-hinh-oto-naviplay-n600.jpg\" alt=\"\" width=\"1280\" height=\"720\" srcset=\"https:\/\/autothaiduong.vn\/wp-content\/uploads\/2025\/05\/CHp-man-hinh-oto-naviplay-n600.jpg 1280w, https:\/\/autothaiduong.vn\/wp-content\/uploads\/2025\/05\/CHp-man-hinh-oto-naviplay-n600-600x338.jpg 600w, https:\/\/autothaiduong.vn\/wp-content\/uploads\/2025\/05\/CHp-man-hinh-oto-naviplay-n600-1024x576.jpg 1024w, https:\/\/autothaiduong.vn\/wp-content\/uploads\/2025\/05\/CHp-man-hinh-oto-naviplay-n600-768x432.jpg 768w\" sizes=\"auto, (max-width: 1280px) 100vw, 1280px\" \/><figcaption id=\"caption-attachment-7240\" class=\"wp-caption-text\">Tr\u1ea3i nghi\u1ec7m tr\u1ecdn v\u1eb9n gi\u1ea3i tr\u00ed tr\u00ean kho t\u00e0ng CHplay<\/figcaption><\/figure>\n<p>NAVIPLAY NC6 ch\u1ee9a \u0111\u1ef1ng kho gi\u1ea3i tr\u00ed v\u00f4 h\u1ea1n, gi\u00fap b\u1ea1n gi\u1ea3i t\u1ecfa c\u0103ng th\u1eb3ng hi\u1ec7u qu\u1ea3. T\u1eeb m\u00e0n h\u00ecnh \u00f4 t\u00f4 th\u00f4ng minh NAVIPLAY NC6 b\u1ea1n c\u00f3 th\u1ec3 m\u1edf Youtube, xem truy\u1ec1n h\u00ecnh tr\u1ef1c tuy\u1ebfn, nghe nh\u1ea1c MP3, nghe radio, nghe s\u00e1ch n\u00f3i, \u0111\u1ecdc b\u00e1o v\u00e0 ch\u01a1i nhi\u1ec1u t\u1ef1a game h\u1ea5p d\u1eabn kh\u00e1c nh\u01b0 tr\u00ean m\u00e1y t\u00ednh b\u1ea3ng.<\/p>\n<h3>S\u1edf h\u1eefu b\u1ea3n \u0111\u1ed3 d\u1eabn \u0111\u01b0\u1eddng m\u1edbi nh\u1ea5t<\/h3>\n<figure id=\"attachment_7241\" class=\"wp-caption alignnone\" aria-describedby=\"caption-attachment-7241\"><img loading=\"lazy\" decoding=\"async\" class=\"alignnone size-full wp-image-2128\" src=\"https:\/\/autothaiduong.vn\/wp-content\/uploads\/2025\/05\/Map-man-hinh-oto-naviplay-n600.jpg\" alt=\"\" width=\"1280\" height=\"720\" srcset=\"https:\/\/autothaiduong.vn\/wp-content\/uploads\/2025\/05\/Map-man-hinh-oto-naviplay-n600.jpg 1280w, https:\/\/autothaiduong.vn\/wp-content\/uploads\/2025\/05\/Map-man-hinh-oto-naviplay-n600-600x338.jpg 600w, https:\/\/autothaiduong.vn\/wp-content\/uploads\/2025\/05\/Map-man-hinh-oto-naviplay-n600-1024x576.jpg 1024w, https:\/\/autothaiduong.vn\/wp-content\/uploads\/2025\/05\/Map-man-hinh-oto-naviplay-n600-768x432.jpg 768w\" sizes=\"auto, (max-width: 1280px) 100vw, 1280px\" \/><figcaption id=\"caption-attachment-7241\" class=\"wp-caption-text\">T\u00edch h\u1ee3p \u1ee9ng d\u1ee5ng b\u1ea3n \u0111\u1ed3 m\u1edbi nh\u1ea5t v\u1edbi ch\u1ea5t l\u01b0\u1ee3ng \u0111\u1ee9ng \u0111\u1ea7u<\/figcaption><\/figure>\n<p>Tr\u00ean m\u00e0n h\u00ecnh \u00f4 t\u00f4 th\u00f4ng minh NAVIPLAY NC6 \u0111\u00e3 t\u00edch h\u1ee3p s\u1eb5n ph\u1ea7n m\u1ec1m b\u1ea3n quy\u1ec1n\u00a0<strong>CarMap<\/strong>. V\u1edbi l\u1ee3i th\u1ebf giao di\u1ec7n d\u1ec5 s\u1eed d\u1ee5ng, update th\u00f4ng tin li\u00ean t\u1ee5c c\u00f3 th\u1ec3 \u0111\u01b0a b\u1ea1n \u0111i \u0111\u1ebfn b\u1ea5t c\u1ee9 \u0111\u00e2u kh\u00f4ng lo l\u1ea1c \u0111\u01b0\u1eddng. \u0110\u1eb7c bi\u1ec7t, ph\u1ea7n m\u1ec1m d\u1eabn \u0111\u01b0\u1eddng n\u00e0y c\u00f2n c\u00f3 kh\u1ea3 n\u0103ng c\u1ea3nh b\u00e1o t\u1ed1c \u0111\u1ed9 v\u00e0 cung c\u1ea5p h\u1ec7 th\u1ed1ng bi\u1ec3n b\u00e1o, c\u1ea3nh b\u00e1o chi ti\u1ebft gi\u00fap t\u00e0i x\u1ebf h\u1ea1n ch\u1ebf vi ph\u1ea1m khi tham giao giao th\u00f4ng.\u00a0B\u00ean c\u1ea1nh \u0111\u00f3 m\u00e0n h\u00ecnh \u00f4 t\u00f4 th\u00f4ng minh NAVIPLAY NC6 c\u0169ng cho ph\u00e9p t\u00edch h\u1ee3p v\u1edbi 2 ph\u1ea7n m\u1ec1m b\u1ea3n \u0111\u1ed3 kh\u00e1c l\u00e0 Google Maps v\u00e0 Navitel.<\/p>\n<h3>M\u00e0n NAVIPLAY NC6 t\u00edch h\u1ee3p v\u1edbi c\u00e1c lo\u1ea1i camera<\/h3>\n<figure id=\"attachment_7242\" class=\"wp-caption alignnone\" aria-describedby=\"caption-attachment-7242\"><img loading=\"lazy\" decoding=\"async\" class=\"alignnone size-full wp-image-2129\" src=\"https:\/\/autothaiduong.vn\/wp-content\/uploads\/2025\/05\/Ava-man-hinh-oto-naviplay-n600.png\" alt=\"\" width=\"1280\" height=\"727\" srcset=\"https:\/\/autothaiduong.vn\/wp-content\/uploads\/2025\/05\/Ava-man-hinh-oto-naviplay-n600.png 1280w, https:\/\/autothaiduong.vn\/wp-content\/uploads\/2025\/05\/Ava-man-hinh-oto-naviplay-n600-600x341.png 600w, https:\/\/autothaiduong.vn\/wp-content\/uploads\/2025\/05\/Ava-man-hinh-oto-naviplay-n600-1024x582.png 1024w, https:\/\/autothaiduong.vn\/wp-content\/uploads\/2025\/05\/Ava-man-hinh-oto-naviplay-n600-768x436.png 768w\" sizes=\"auto, (max-width: 1280px) 100vw, 1280px\" \/><figcaption id=\"caption-attachment-7242\" class=\"wp-caption-text\">M\u00e0n h\u00ecnh gi\u1ea3i tr\u00ed \u00f4 t\u00f4 NAVIPLAY NC6 h\u1ed7 tr\u1ee3 k\u1ebft n\u1ed1i v\u1edbi camera tr\u00ean xe, hi\u1ec3n th\u1ecb h\u00ecnh \u1ea3nh s\u1eafc n\u00e9t<\/figcaption><\/figure>\n<p>M\u00e0n h\u00ecnh \u00f4 t\u00f4 c\u00f3 kh\u1ea3 n\u0103ng t\u00edch h\u1ee3p v\u1edbi t\u1ea5t c\u1ea3 c\u00e1c lo\u1ea1i camera \u00f4 t\u00f4 nh\u01b0: Camera h\u00e0nh tr\u00ecnh, camera 360 \u00f4 t\u00f4, camera l\u00f9i, \u0111\u1eb7c bi\u1ec7t h\u1ed7 tr\u1ee3 h\u00ecnh \u1ea3nh AHD mang l\u1ea1i \u0111\u1ed9 ch\u00e2n th\u1ef1c v\u00e0 s\u1eafc n\u00e9t hi\u1ebfm c\u00f3 l\u1ea1i m\u00e0n h\u00ecnh xe h\u01a1i n\u00e0o c\u00f3 tr\u00ean th\u1ecb tr\u01b0\u1eddng hi\u1ec7n nay.\u00a0V\u1edbi vi\u1ec7c t\u00edch h\u1ee3p m\u1ed9t lo\u1ea1t c\u00e1c lo\u1ea1i camera tr\u00ean m\u00e0n h\u00ecnh \u00f4 t\u00f4 th\u00f4ng minh<em>\u00a0NAVIPLAY NC6<\/em>\u00a0s\u1ebd h\u1ed7 tr\u1ee3 c\u00e1c t\u00e0i x\u1ebf quan s\u00e1t d\u1ec5 d\u00e0ng v\u1eadt c\u1ea3n, \u0111i\u1ec3m m\u00f9. Nh\u1edd \u0111\u00f3, nhanh ch\u00f3ng x\u1eed l\u00fd t\u00ecnh hu\u1ed1ng b\u1ea5t ng\u1edd x\u1ea3y ra khi tham gia giao th\u00f4ng.<\/p>\n<h3><strong>T\u00edch h\u1ee3p c\u1ea3m bi\u1ebfn \u00e1p su\u1ea5t l\u1ed1p ti\u1ec7n d\u1ee5ng<\/strong><\/h3>\n<figure id=\"attachment_7243\" class=\"wp-caption alignnone\" aria-describedby=\"caption-attachment-7243\"><img loading=\"lazy\" decoding=\"async\" class=\"alignnone size-full wp-image-2130\" src=\"https:\/\/autothaiduong.vn\/wp-content\/uploads\/2025\/05\/cam-bien-lop-man-hinh-oto-naviplay-n600.jpg\" alt=\"\" width=\"1280\" height=\"720\" srcset=\"https:\/\/autothaiduong.vn\/wp-content\/uploads\/2025\/05\/cam-bien-lop-man-hinh-oto-naviplay-n600.jpg 1280w, https:\/\/autothaiduong.vn\/wp-content\/uploads\/2025\/05\/cam-bien-lop-man-hinh-oto-naviplay-n600-600x338.jpg 600w, https:\/\/autothaiduong.vn\/wp-content\/uploads\/2025\/05\/cam-bien-lop-man-hinh-oto-naviplay-n600-1024x576.jpg 1024w, https:\/\/autothaiduong.vn\/wp-content\/uploads\/2025\/05\/cam-bien-lop-man-hinh-oto-naviplay-n600-768x432.jpg 768w\" sizes=\"auto, (max-width: 1280px) 100vw, 1280px\" \/><figcaption id=\"caption-attachment-7243\" class=\"wp-caption-text\">M\u00e0n h\u00ecnh gi\u1ea3i tr\u00ed \u00f4 t\u00f4\u00a0NAVIPLAY NC6\u00a0h\u1ed7 tr\u1ee3 k\u1ebft n\u1ed1i v\u1edbi c\u1ea3m bi\u1ebfn \u00e1p su\u1ea5t l\u1ed1p an to\u00e0n<\/figcaption><\/figure>\n<p>Kh\u00f4ng ch\u1ec9 cho ph\u00e9p t\u00edch h\u1ee3p v\u1edbi h\u1ec7 th\u1ed1ng camera 360 oto,\u00a0<strong>m\u00e0n h\u00ecnh Android \u00f4 t\u00f4<\/strong>\u00a0NAVIPLAY NC6 c\u00f2n k\u1ebft n\u1ed1i \u0111a d\u1ea1ng v\u1edbi c\u00e1c lo\u1ea1i c\u1ea3m bi\u1ebfn \u00e1p su\u1ea5t l\u1ed1p. Trong qu\u00e1 tr\u00ecnh di chuy\u1ec3n, ch\u1ee7 xe c\u00f3 th\u1ec3 ki\u1ec3m tra t\u00ecnh tr\u1ea1ng c\u1ee7a l\u1ed1p th\u00f4ng qua\u00a0<em>m\u00e0n h\u00ecnh NAVIPLAY NC6<\/em>. H\u1ec7 th\u1ed1ng s\u1ebd \u0111\u01b0a ra c\u1ea3nh b\u00e1o n\u1ebfu \u00e1p su\u1ea5t l\u1ed1p c\u00f3 v\u1ea5n \u0111\u1ec1 th\u00f4ng qua loa tr\u00ean \u00f4 t\u00f4 ho\u1eb7c tr\u1ef1c ti\u1ebfp tr\u00ean m\u00e0n h\u00ecnh.<\/p>\n<h3><strong>K\u1ebft n\u1ed1i Bluetooth \u0111\u00e0m tho\u1ea1i r\u1ea3nh tay\u00a0<\/strong><\/h3>\n<figure id=\"attachment_7244\" class=\"wp-caption alignnone\" aria-describedby=\"caption-attachment-7244\"><img loading=\"lazy\" decoding=\"async\" class=\"alignnone size-full wp-image-2131\" src=\"https:\/\/autothaiduong.vn\/wp-content\/uploads\/2025\/05\/Bluetooth-man-hinh-oto-naviplay-n600.jpg\" alt=\"\" width=\"1280\" height=\"720\" srcset=\"https:\/\/autothaiduong.vn\/wp-content\/uploads\/2025\/05\/Bluetooth-man-hinh-oto-naviplay-n600.jpg 1280w, https:\/\/autothaiduong.vn\/wp-content\/uploads\/2025\/05\/Bluetooth-man-hinh-oto-naviplay-n600-600x338.jpg 600w, https:\/\/autothaiduong.vn\/wp-content\/uploads\/2025\/05\/Bluetooth-man-hinh-oto-naviplay-n600-1024x576.jpg 1024w, https:\/\/autothaiduong.vn\/wp-content\/uploads\/2025\/05\/Bluetooth-man-hinh-oto-naviplay-n600-768x432.jpg 768w\" sizes=\"auto, (max-width: 1280px) 100vw, 1280px\" \/><figcaption id=\"caption-attachment-7244\" class=\"wp-caption-text\">K\u1ebft n\u1ed1i bluetooth nhanh d\u1ec5 d\u00e0ng v\u00e0 nhanh ch\u00f3ng<\/figcaption><\/figure>\n<p>S\u1eed d\u1ee5ng m\u00e0n h\u00ecnh \u00f4 t\u00f4 th\u00f4ng minh\u00a0NAVIPLAY NC6\u00a0b\u1ea1n c\u00f3 th\u1ec3 k\u1ebft n\u1ed1i v\u1edbi \u0111i\u1ec7n tho\u1ea1i qua Bluetooth. Nh\u1edd v\u1eady, b\u1ea1n c\u00f3 th\u1ec3 nghe \u2013 g\u1ecdi \u0111i\u1ec7n tho\u1ea1i r\u1ea3nh tay v\u00e0 s\u1eed d\u1ee5ng m\u1ed9t s\u1ed1 t\u00ednh n\u0103ng c\u1ee7a smartphone th\u00f4ng qua m\u00e0n h\u00ecnh\u00a0NAVIPLAY NC6\u00a0nh\u01b0: Nghe nh\u1ea1c, xem b\u1ea3n \u0111\u1ed3 d\u1eabn \u0111\u01b0\u1eddng,\u2026<\/p>\n<h3><strong>Ch\u1ea1y \u0111a nhi\u1ec7m \u1ee9ng d\u1ee5ng m\u01b0\u1ee3t m\u00e0, kh\u00f4ng \u0111\u1ed9 tr\u1ec5<\/strong><\/h3>\n<figure id=\"attachment_7245\" class=\"wp-caption alignnone\" aria-describedby=\"caption-attachment-7245\"><img loading=\"lazy\" decoding=\"async\" class=\"alignnone size-full wp-image-2132\" src=\"https:\/\/autothaiduong.vn\/wp-content\/uploads\/2025\/05\/da-nhiem-man-hinh-oto-naviplay-n600.jpg\" alt=\"\" width=\"1280\" height=\"720\" srcset=\"https:\/\/autothaiduong.vn\/wp-content\/uploads\/2025\/05\/da-nhiem-man-hinh-oto-naviplay-n600.jpg 1280w, https:\/\/autothaiduong.vn\/wp-content\/uploads\/2025\/05\/da-nhiem-man-hinh-oto-naviplay-n600-600x338.jpg 600w, https:\/\/autothaiduong.vn\/wp-content\/uploads\/2025\/05\/da-nhiem-man-hinh-oto-naviplay-n600-1024x576.jpg 1024w, https:\/\/autothaiduong.vn\/wp-content\/uploads\/2025\/05\/da-nhiem-man-hinh-oto-naviplay-n600-768x432.jpg 768w\" sizes=\"auto, (max-width: 1280px) 100vw, 1280px\" \/><figcaption id=\"caption-attachment-7245\" class=\"wp-caption-text\">Tr\u1ea3i nghi\u1ec7m t\u00ednh n\u0103ng s\u1eed d\u1ee5ng m\u00e0n h\u00ecnh \u0111a \u1ee9ng d\u1ee5ng ti\u1ec7n \u00edch.<\/figcaption><\/figure>\n<p>V\u1edbi\u00a0<em>m\u00e0n h\u00ecnh th\u00f4ng minh NAVIPLAY NC6<\/em>\u00a0ng\u01b0\u1eddi d\u00f9ng c\u00f3 c\u01a1 h\u1ed9i tr\u1ea3i nghi\u1ec7m m\u1edf song song 2 \u1ee9ng d\u1ee5ng c\u00f9ng l\u00fac. T\u00ednh n\u0103ng n\u00e0y \u0111\u1eb7c bi\u1ec7t h\u1eefu \u00edch khi tr\u00ean xe c\u00f3 tr\u1ebb nh\u1ecf. M\u1ed9t b\u00ean m\u00e0n h\u00ecnh b\u1ea1n c\u00f3 th\u1ec3 m\u1edf ch\u01b0\u01a1ng tr\u00ecnh gi\u1ea3i tr\u00ed, b\u00ean c\u00f2n l\u1ea1i m\u1edf b\u1ea3n \u0111\u1ed3 d\u1eabn \u0111\u01b0\u1eddng. Nh\u01b0 v\u1eady, tr\u1ebb v\u1eeba ng\u1ed3i ngoan ngo\u00e3n tr\u00ean xe m\u00e0 b\u1ed1 m\u1eb9 v\u1eabn kh\u00f4ng b\u1ecf l\u1ee1 l\u1ecbch tr\u00ecnh di chuy\u1ec3n.<\/p>\n<h3><strong>Nghe nh\u1ea1c v\u1edbi ch\u1ea5t l\u01b0\u1ee3ng \u00e2m thanh tuy\u1ec7t h\u1ea3o<\/strong><\/h3>\n<figure id=\"attachment_7246\" class=\"wp-caption alignnone\" aria-describedby=\"caption-attachment-7246\"><img loading=\"lazy\" decoding=\"async\" class=\"alignnone size-full wp-image-2133\" src=\"https:\/\/autothaiduong.vn\/wp-content\/uploads\/2025\/05\/Dsp-man-hinh-oto-naviplay-n600.jpg\" alt=\"\" width=\"1280\" height=\"720\" srcset=\"https:\/\/autothaiduong.vn\/wp-content\/uploads\/2025\/05\/Dsp-man-hinh-oto-naviplay-n600.jpg 1280w, https:\/\/autothaiduong.vn\/wp-content\/uploads\/2025\/05\/Dsp-man-hinh-oto-naviplay-n600-600x338.jpg 600w, https:\/\/autothaiduong.vn\/wp-content\/uploads\/2025\/05\/Dsp-man-hinh-oto-naviplay-n600-1024x576.jpg 1024w, https:\/\/autothaiduong.vn\/wp-content\/uploads\/2025\/05\/Dsp-man-hinh-oto-naviplay-n600-768x432.jpg 768w\" sizes=\"auto, (max-width: 1280px) 100vw, 1280px\" \/><figcaption id=\"caption-attachment-7246\" class=\"wp-caption-text\">M\u00e0n h\u00ecnh \u00f4 t\u00f4 NAVIPLAY NC6 s\u1edf h\u1eefu b\u1ed9 x\u1eed l\u00fd \u00e2m thanh DSP 32 k\u00eanh<\/figcaption><\/figure>\n<p>Tr\u00ean m\u00e0n h\u00ecnh \u00f4 t\u00f4 th\u00f4ng minh NAVIPLAY NC6 \u0111\u01b0\u1ee3c trang b\u1ecb b\u1ed9 x\u1eed \u00e2m thanh s\u1ed1 DSP 32 k\u00eanh gi\u00fap c\u00e2n b\u1eb1ng \u00e2m l\u01b0\u1ee3ng c\u1ee7a loa nguy\u00ean b\u1ea3n, nh\u1edd \u0111\u00f3 \u00e2m thanh ph\u00e1t ra trong h\u01a1n, kh\u00f4ng l\u1eabn t\u1ea1p \u00e2m. Ch\u01b0a h\u1ebft, b\u1ea1n c\u00f3 th\u1ec3 t\u00f9y \u00fd hi\u1ec7u ch\u1ec9nh Equalizer tr\u00ean m\u00e0n h\u00ecnh theo th\u1ec3 lo\u1ea1i nh\u1ea1c \u0111\u1ec3 c\u00f3 \u0111\u01b0\u1ee3c tr\u1ea3i nghi\u1ec7m nghe nh\u1ea1c ch\u1ea5t l\u01b0\u1ee3ng nh\u01b0 \u1edf r\u1ea1p.<\/p>\n<h3><strong>M\u00e0n h\u00ecnh \u00f4 t\u00f4 th\u00f4ng minh NAVIPLAY NC6 b\u1ea3o h\u00e0nh \u0111i\u1ec7n t\u1eed<\/strong><\/h3>\n<p>NAVIPLAY NC6 c\u00f2n \u0111\u01b0\u1ee3c c\u00e0i \u0111\u1eb7t s\u1eb5n app b\u1ea3o h\u00e0nh \u0111i\u1ec7n t\u1eed th\u00f4ng minh ngay tr\u00ean xe, b\u1ea1n ch\u1ec9 c\u1ea7n nh\u1eadp th\u00f4ng tin c\u00e1 nh\u00e2n l\u00e0 s\u1ebd \u0111\u01b0\u1ee3c k\u00edch ho\u1ea1t b\u1ea3o h\u00e0nh. \u0110i\u1ec1u n\u00e0y r\u1ea5t thu\u1eadn l\u1ee3i cho b\u1ea1n khi c\u1ea7n t\u00ecm hi\u1ec3u, tra c\u1ee9u th\u00f4ng tin b\u1ea3o h\u00e0nh, th\u00f4ng tin h\u01b0\u1edbng d\u1eabn s\u1eed d\u1ee5ng ngay tr\u00ean m\u00e0n h\u00ecnh \u00f4 t\u00f4 th\u00f4ng minh.<\/p>\n<h2>H\u01b0\u1edbng d\u1eabn s\u1eed d\u1ee5ng m\u00e0n h\u00ecnh \u00f4 t\u00f4 th\u00f4ng minh\u00a0NAVIPLAY NC6<\/h2>\n<ul>\n<li>Ng\u01b0\u1eddi l\u00e1i c\u00f3 th\u1ec3 xem l\u1ea1i l\u1ecbch tr\u00ecnh di chuy\u1ec3n c\u1ee7a xe trong v\u00f2ng 365 ng\u00e0y<\/li>\n<li>Mu\u1ed1n v\u00e0o b\u1ea3n \u0111\u1ed3 Navitel \u0111\u1ecdc kh\u1ea9u l\u1ec7nh: \u201c\u0110i t\u1edbi\/ Ch\u1ec9 t\u1edbi\/ D\u1eabn t\u1edbi+ \u0111\u1ecba ch\u1ec9 + b\u1eb1ng Navitel\u201d<\/li>\n<li>Mu\u1ed1n v\u00e0o b\u1ea3n \u0111\u1ed3 Googlemap \u0111\u1ecdc kh\u1ea9u l\u1ec7nh: \u201c\u0110i t\u1edbi \/ Ch\u1ec9 t\u1edbi\/ D\u1eabn t\u1edbi + \u0111\u1ecba ch\u1ec9 + b\u1eb1ng Googlemap\u201d<\/li>\n<li>Mu\u1ed1n v\u00e0o b\u1ea3n \u0111\u1ed3 Vietmap \u0111\u1ecdc kh\u1ea9u l\u1ec7nh: \u201c\u0110i t\u1edbi\/ Ch\u1ec9 t\u1edbi\/ D\u1eabn t\u1edbi + \u0111\u1ecba ch\u1ec9 + b\u1eb1ng Vietmap\u201d<\/li>\n<li>Mu\u1ed1n ki\u1ec3m tra ph\u1ea1t ngu\u1ed9i theo c\u00e2u l\u1ec7nh: \u201c Ph\u1ea1t ngu\u1ed9i + bi\u1ec3n s\u1ed1 xe\u201d<\/li>\n<li>Mu\u1ed1n v\u00e0o Youtube \u0111\u1ecdc kh\u1ea9u l\u1ec7nh: \u201cM\u1edf video + t\u00ean b\u00e0i h\u00e1t\u201d<\/li>\n<li>Mu\u1ed1n m\u1edf TV go \u0111\u1ecdc kh\u1ea9u l\u1ec7nh: \u201cXem + t\u00ean k\u00eanh\u201d<\/li>\n<li>Mu\u1ed1n xem d\u1ef1 b\u00e1o th\u1eddi ti\u1ebft \u0111\u1ecdc kh\u1ea9u l\u1ec7nh: \u201cTh\u1eddi ti\u1ebft + t\u00ean th\u00e0nh ph\u1ed1\u201d<\/li>\n<li>Mu\u1ed1n ki\u1ec3m tra \u00e1p su\u1ea5t l\u1ed1p t\u00edch h\u1ee3p m\u00e0n h\u00ecnh \u0111\u1ecdc kh\u1ea9u l\u1ec7nh: \u201cm\u1edf \u00c1p Su\u1ea5t L\u1ed1p\u201d<\/li>\n<li>M\u1edf Camera h\u00e0nh tr\u00ecnh: \u201c M\u1edf camera tr\u01b0\u1edbc\u201d ho\u1eb7c \u201c M\u1edf camera h\u00e0nh tr\u00ecnh\u201d<\/li>\n<li>K\u1ebft n\u1ed1i bluetooth tr\u1ef1c ti\u1ebfp v\u1edbi \u0111i\u1ec7n tho\u1ea1i v\u1edbi c\u00e1c c\u00e2u l\u1ec7nh<\/li>\n<li>L\u1ec7nh g\u1ecdi \u0111\u1ec3 v\u00e0o Radio: \u201cNghe Radio\u201d<\/li>\n<\/ul>\n<h3><strong><span style=\"color: #ff0000;\">\u0110\u1ea1i L\u00ed Ch\u00ednh H\u00e3ng Naviplay T\u1ea1i TP.B\u1ea3o L\u1ed9c<\/span><\/strong><\/h3>\n<p><em><strong>Auto Th\u00e1i D\u01b0\u01a1ng\u00a0<\/strong><\/em><\/p>\n<p><em><strong>\u0110\u1ecba Ch\u1ec9 : 273-275 Tr\u1ea7n Ph\u00fa Ph\u01b0\u1eddng L\u1ed9c S\u01a1n Th\u00e0nh Ph\u1ed1 B\u1ea3o L\u1ed9c T\u1ec9nh L\u00e2m \u0110\u1ed3ng<\/strong><\/em><\/p>\n<p><em><strong>Hotline: 0912197441<\/strong><\/em><\/p>\n","protected":false},"excerpt":{"rendered":"<p><span style=\"font-size: 110%;\"><em><strong>Auto Th\u00e1i D\u01b0\u01a1ng<\/strong><\/em><\/span><\/p>\n<p><span style=\"font-size: 110%;\"><em><strong>\u0110\u1ecba Ch\u1ec9 : 273-275 Tr\u1ea7n Ph\u00fa Ph\u01b0\u1eddng L\u1ed9c S\u01a1n Th\u00e0nh Ph\u1ed1 B\u1ea3o L\u1ed9c T\u1ec9nh L\u00e2m \u0110\u1ed3ng<\/strong><\/em><\/span><\/p>\n<p><span style=\"font-size: 110%;\"><em><strong> Hotline: 0912197441<\/strong><\/em><\/span><\/p>\n","protected":false},"featured_media":2123,"comment_status":"open","ping_status":"closed","template":"","meta":[],"product_brand":[54],"product_cat":[17,70,62],"product_tag":[],"class_list":{"0":"post-2121","1":"product","2":"type-product","3":"status-publish","4":"has-post-thumbnail","6":"product_brand-naviplay","7":"product_cat-dvd-android-box","8":"product_cat-man-hinh-android","9":"product_cat-man-hinh-dvd-android-o-to","11":"first","12":"instock","13":"sale","14":"shipping-taxable","15":"purchasable","16":"product-type-simple"},"_links":{"self":[{"href":"https:\/\/autothaiduong.vn\/index.php?rest_route=\/wp\/v2\/product\/2121","targetHints":{"allow":["GET"]}}],"collection":[{"href":"https:\/\/autothaiduong.vn\/index.php?rest_route=\/wp\/v2\/product"}],"about":[{"href":"https:\/\/autothaiduong.vn\/index.php?rest_route=\/wp\/v2\/types\/product"}],"replies":[{"embeddable":true,"href":"https:\/\/autothaiduong.vn\/index.php?rest_route=%2Fwp%2Fv2%2Fcomments&post=2121"}],"wp:featuredmedia":[{"embeddable":true,"href":"https:\/\/autothaiduong.vn\/index.php?rest_route=\/wp\/v2\/media\/2123"}],"wp:attachment":[{"href":"https:\/\/autothaiduong.vn\/index.php?rest_route=%2Fwp%2Fv2%2Fmedia&parent=2121"}],"wp:term":[{"taxonomy":"product_brand","embeddable":true,"href":"https:\/\/autothaiduong.vn\/index.php?rest_route=%2Fwp%2Fv2%2Fproduct_brand&post=2121"},{"taxonomy":"product_cat","embeddable":true,"href":"https:\/\/autothaiduong.vn\/index.php?rest_route=%2Fwp%2Fv2%2Fproduct_cat&post=2121"},{"taxonomy":"product_tag","embeddable":true,"href":"https:\/\/autothaiduong.vn\/index.php?rest_route=%2Fwp%2Fv2%2Fproduct_tag&post=2121"}],"curies":[{"name":"wp","href":"https:\/\/api.w.org\/{rel}","templated":true}]}}