{"id":2134,"date":"2025-05-17T15:22:45","date_gmt":"2025-05-17T15:22:45","guid":{"rendered":"https:\/\/autothaiduong.vn\/?post_type=product&#038;p=2134"},"modified":"2025-05-17T15:23:17","modified_gmt":"2025-05-17T15:23:17","slug":"man-hinh-o-to-thong-minh-naviplay-nvp4","status":"publish","type":"product","link":"https:\/\/autothaiduong.vn\/?product=man-hinh-o-to-thong-minh-naviplay-nvp4","title":{"rendered":"M\u00e0n h\u00ecnh \u00f4 t\u00f4 th\u00f4ng minh NAVIPLAY NVP4"},"content":{"rendered":"<p><img loading=\"lazy\" decoding=\"async\" class=\" wp-image-2122 aligncenter\" src=\"https:\/\/autothaiduong.vn\/wp-content\/uploads\/2025\/05\/z6584734442481_f208f5944548cb4b46353402ce2e64e0-3.jpg\" alt=\"\" width=\"278\" height=\"246\" \/><\/p>\n<p style=\"text-align: center;\"><span style=\"color: #ff0000; font-size: 140%;\"><strong>\u0110\u1ecba Ch\u1ec9 : 273-275 Tr\u1ea7n Ph\u00fa Ph\u01b0\u1eddng L\u1ed9c S\u01a1n Th\u00e0nh Ph\u1ed1 B\u1ea3o L\u1ed9c T\u1ec9nh L\u00e2m \u0110\u1ed3ng <\/strong><\/span><\/p>\n<p style=\"text-align: center;\"><span style=\"color: #ff0000; font-size: 140%;\"><strong>Hotline: 0912197441<\/strong><\/span><\/p>\n<h2><b>Nh\u1eefng t\u00ednh n\u0103ng n\u1ed5i b\u1eadt c\u1ee7a m\u00e0n h\u00ecnh \u00f4 t\u00f4 th\u00f4ng minh NAVIPLAY\u00a0<\/b><b>NVP4<\/b><\/h2>\n<h3><b>Giao di\u1ec7n sang tr\u1ecdng, tr\u1ea3i nghi\u1ec7m m\u01b0\u1ee3t m\u00e0<\/b><\/h3>\n<p>M\u00e0n h\u00ecnh Naviplay NVP4 s\u1edf h\u1eefu giao di\u1ec7n \u0111\u1ed9c quy\u1ec1n \u0111\u01b0\u1ee3c thi\u1ebft k\u1ebf v\u1edbi d\u1ea5u \u1ea5n th\u01b0\u01a1ng hi\u1ec7u ri\u00eang c\u1ee7a Naviplay v\u1edbi kh\u1ea3 n\u0103ng hi\u1ec3n th\u1ecb s\u1eafc n\u00e9t ch\u00e2n th\u1ef1c, tr\u1ea3i nghi\u1ec7m s\u1eed d\u1ee5ng m\u01b0\u1ee3t m\u00e0 d\u1ec5 d\u00e0ng.<\/p>\n<p>B\u1ea1n c\u0169ng c\u00f3 th\u1ec3 c\u00e1 nh\u00e2n ho\u00e1 nhu c\u1ea7u khi thay \u0111\u1ed5i m\u00e0u s\u1eafc giao di\u1ec7n ch\u00ednh t\u00f9y theo s\u1edf th\u00edch ho\u1eb7c phong thu\u1ef7, s\u1eafp x\u1ebfp l\u1ea1i v\u1ecb tr\u00ed c\u00e1c \u1ee9ng d\u1ee5ng \u0111\u1ec3 ti\u1ec7n s\u1eed d\u1ee5ng.<\/p>\n<figure id=\"attachment_28807\" class=\"wp-caption aligncenter\" aria-describedby=\"caption-attachment-28807\"><img loading=\"lazy\" decoding=\"async\" class=\"alignnone size-full wp-image-2136\" src=\"https:\/\/autothaiduong.vn\/wp-content\/uploads\/2025\/05\/giao-dien-naviplay-nvp4.jpg\" alt=\"M\u00e0n h\u00ecnh \u00f4 t\u00f4 th\u00f4ng minh NVP4 thi\u1ebft k\u1ebf sang tr\u1ecdng\" width=\"1000\" height=\"625\" srcset=\"https:\/\/autothaiduong.vn\/wp-content\/uploads\/2025\/05\/giao-dien-naviplay-nvp4.jpg 1000w, https:\/\/autothaiduong.vn\/wp-content\/uploads\/2025\/05\/giao-dien-naviplay-nvp4-600x375.jpg 600w, https:\/\/autothaiduong.vn\/wp-content\/uploads\/2025\/05\/giao-dien-naviplay-nvp4-768x480.jpg 768w\" sizes=\"auto, (max-width: 1000px) 100vw, 1000px\" \/><figcaption id=\"caption-attachment-28807\" class=\"wp-caption-text\">M\u00e0n h\u00ecnh \u00f4 t\u00f4 th\u00f4ng minh Naviplay NVP4 thi\u1ebft k\u1ebf sang tr\u1ecdng<\/figcaption><\/figure>\n<p>H\u1ec7 \u0111i\u1ec1u h\u00e0nh Android \u0111\u01b0\u1ee3c \u0111\u00e1nh gi\u00e1 cao v\u1ec1 kh\u1ea3 n\u0103ng t\u00f9y bi\u1ebfn nhanh nh\u1ea1y, \u0111\u00e1p \u1ee9ng \u0111a d\u1ea1ng c\u00e1c nhu c\u1ea7u v\u00e0 c\u1ea5u h\u00ecnh m\u1ea1nh m\u1ebd h\u1ea1n ch\u1ebf t\u00ecnh tr\u1ea1ng gi\u1eadt, lag, \u0111\u01a1.<\/p>\n<h3><b>Truy c\u1eadp \u1ee9ng d\u1ee5ng b\u1eb1ng gi\u1ecdng n\u00f3i<\/b><\/h3>\n<p>S\u1eed d\u1ee5ng gi\u1ecdng n\u00f3i \u0111\u00e3 d\u1ea7n xu\u1ea5t hi\u1ec7n tr\u00ean c\u00e1c d\u00f2ng xe \u00f4 t\u00f4 hi\u1ec7n \u0111\u1ea1i tuy nhi\u00ean kh\u1ea3 n\u0103ng \u0111\u00e1p \u1ee9ng nhu c\u1ea7u ng\u01b0\u1eddi d\u00f9ng v\u1eabn ch\u01b0a cao.<\/p>\n<p>V\u1edbi mong mu\u1ed1n mang \u0111\u1ebfn tr\u1ea3i nghi\u1ec7m l\u00e1i xe t\u1ed1t nh\u1ea5t, m\u00e0n h\u00ecnh \u00f4 t\u00f4 Naviplay NVP4 \u0111\u01b0a ph\u1ea7n m\u1ec1m ra l\u1ec7nh gi\u1ecdng n\u00f3i Navi Assistant kh\u00f4ng ch\u1ec9 h\u1ed7 tr\u1ee3 r\u1ea3nh tay nh\u00e0n nh\u00e3 m\u00e0 c\u00f2n h\u1ed7 tr\u1ee3 nghe g\u1ecdi, t\u00ecm ki\u1ebfm m\u1ecdi th\u00f4ng tin nh\u01b0 t\u00ecnh h\u00ecnh th\u1eddi ti\u1ebft, m\u1edf xem phim, nghe nh\u1ea1c nhanh ch\u00f3ng.<\/p>\n<figure id=\"attachment_28809\" class=\"wp-caption aligncenter\" aria-describedby=\"caption-attachment-28809\"><img loading=\"lazy\" decoding=\"async\" class=\"alignnone size-full wp-image-2137\" src=\"https:\/\/autothaiduong.vn\/wp-content\/uploads\/2025\/05\/tra-lenh-giong-noi-naviplay-nvp4.jpg\" alt=\"M\u00e0n h\u00ecnh \u00f4 t\u00f4 th\u00f4ng minh NVP4 ra l\u1ec7nh gi\u1ecdng n\u00f3i\" width=\"1000\" height=\"625\" srcset=\"https:\/\/autothaiduong.vn\/wp-content\/uploads\/2025\/05\/tra-lenh-giong-noi-naviplay-nvp4.jpg 1000w, https:\/\/autothaiduong.vn\/wp-content\/uploads\/2025\/05\/tra-lenh-giong-noi-naviplay-nvp4-600x375.jpg 600w, https:\/\/autothaiduong.vn\/wp-content\/uploads\/2025\/05\/tra-lenh-giong-noi-naviplay-nvp4-768x480.jpg 768w\" sizes=\"auto, (max-width: 1000px) 100vw, 1000px\" \/><figcaption id=\"caption-attachment-28809\" class=\"wp-caption-text\">M\u00e0n h\u00ecnh \u00f4 t\u00f4 th\u00f4ng minh Naviplay NVP4 ra l\u1ec7nh gi\u1ecdng n\u00f3i<\/figcaption><\/figure>\n<h3><b>S\u1eed d\u1ee5ng m\u1ea1ng internet th\u1ea3 ga<\/b><\/h3>\n<p>Internet l\u00e0 m\u1ed9t thi\u1ebft b\u1ecb h\u1ed7 tr\u1ee3 tham gia v\u00e0o nhi\u1ec1u \u1ee9ng d\u1ee5ng, s\u1ef1 ph\u1ed5 bi\u1ebfn c\u1ee7a internet \u0111\u01b0\u1ee3c tr\u1ea3i r\u1ed9ng kh\u1eafp m\u1ecdi n\u01a1i n\u00ean m\u00e0n h\u00ecnh \u00f4 t\u00f4 th\u00f4ng minh trang b\u1ecb internet l\u00e0 \u0111i\u1ec1u c\u1ea7n thi\u1ebft.<\/p>\n<p>Khi mua s\u1ea3n ph\u1ea9m, b\u1ea1n s\u1ebd \u0111\u01b0\u1ee3c t\u1eb7ng k\u00e8m m\u1ed9t sim 4G t\u1ed1c \u0111\u1ed9 cao \u0111\u1ec3 truy c\u1eadp v\u00e0o nhi\u1ec1u n\u1ec1n t\u1ea3ng kh\u00e1c nhau c\u1ee7a h\u1ec7 \u0111i\u1ec1u h\u00e0nh Android, \u0111\u00e1p \u1ee9ng c\u00e1c mong mu\u1ed1n v\u1ec1 gi\u1ea3i tr\u00ed v\u00e0 ph\u1ee5c v\u1ee5 l\u00e1i xe an to\u00e0n.<\/p>\n<figure id=\"attachment_28810\" class=\"wp-caption aligncenter\" aria-describedby=\"caption-attachment-28810\"><img loading=\"lazy\" decoding=\"async\" class=\"alignnone size-full wp-image-2138\" src=\"https:\/\/autothaiduong.vn\/wp-content\/uploads\/2025\/05\/truy-cap-internet-naviplay-nvp4.jpg\" alt=\"M\u00e0n h\u00ecnh \u00f4 t\u00f4 th\u00f4ng minh NVP4 h\u1ed7 tr\u1ee3 k\u1ebft n\u1ed1i internet\" width=\"1000\" height=\"625\" srcset=\"https:\/\/autothaiduong.vn\/wp-content\/uploads\/2025\/05\/truy-cap-internet-naviplay-nvp4.jpg 1000w, https:\/\/autothaiduong.vn\/wp-content\/uploads\/2025\/05\/truy-cap-internet-naviplay-nvp4-600x375.jpg 600w, https:\/\/autothaiduong.vn\/wp-content\/uploads\/2025\/05\/truy-cap-internet-naviplay-nvp4-768x480.jpg 768w\" sizes=\"auto, (max-width: 1000px) 100vw, 1000px\" \/><figcaption id=\"caption-attachment-28810\" class=\"wp-caption-text\">M\u00e0n h\u00ecnh \u00f4 t\u00f4 th\u00f4ng minh Naviplay NVP4 h\u1ed7 tr\u1ee3 k\u1ebft n\u1ed1i internet<\/figcaption><\/figure>\n<h3><b>T\u00edch h\u1ee3p c\u00e1c thi\u1ebft b\u1ecb ngo\u1ea1i vi<\/b><\/h3>\n<p>\u0110\u1ec3 qu\u00e1 tr\u00ecnh tham gia v\u00e0o c\u00e1c \u1ee9ng d\u1ee5ng trong m\u00e0n h\u00ecnh Naviplay NVP4 \u0111\u1ea1t hi\u1ec7u qu\u1ea3, s\u1ea3n ph\u1ea9m cho ph\u00e9p t\u00edch h\u1ee3p th\u00eam c\u00e1c thi\u1ebft b\u1ecb ngo\u1ea1i vi kh\u00e1c nh\u01b0 camera, c\u1ea3m bi\u1ebfn \u00e1p su\u1ea5t l\u1ed1p thu\u1eadn ti\u1ec7n theo d\u00f5i h\u00ecnh \u1ea3nh, \u00e2m thanh v\u00e0 c\u00e1c th\u00f4ng s\u1ed1 thu \u0111\u01b0\u1ee3c.<\/p>\n<p>Nh\u1edd \u0111\u00e1p \u1ee9ng c\u00e1c y\u00eau c\u1ea7u, b\u1ea1n c\u00f3 th\u1ec3 quan s\u00e1t \u0111\u01b0\u1ee3c 4 g\u00f3c camera xung quanh xe h\u1ea1n ch\u1ebf \u0111i\u1ec3m m\u00f9 khi \u0111\u00e1nh l\u00e1i, theo d\u00f5i \u00e1p su\u1ea5t nhi\u1ec7t \u0111\u1ed9 4 b\u00e1nh xe ngay tr\u00ean m\u00e0n h\u00ecnh \u00f4 t\u00f4 m\u00e0 kh\u00f4ng c\u1ea7n quan s\u00e1t tr\u1ef1c ti\u1ebfp khi s\u1eed d\u1ee5ng m\u1ed9t m\u00e0n h\u00ecnh ri\u00eang,\u2026<\/p>\n<figure id=\"attachment_28811\" class=\"wp-caption aligncenter\" aria-describedby=\"caption-attachment-28811\"><img loading=\"lazy\" decoding=\"async\" class=\"alignnone size-full wp-image-2139\" src=\"https:\/\/autothaiduong.vn\/wp-content\/uploads\/2025\/05\/tich-hop-cac-thiet-bi-ngoai-vi-naviplay-nvp4.jpg\" alt=\"M\u00e0n h\u00ecnh \u00f4 t\u00f4 th\u00f4ng minh NVP4 t\u00edch h\u1ee3p c\u00e1c thi\u1ebft b\u1ecb ngo\u1ea1i vi\" width=\"1000\" height=\"625\" srcset=\"https:\/\/autothaiduong.vn\/wp-content\/uploads\/2025\/05\/tich-hop-cac-thiet-bi-ngoai-vi-naviplay-nvp4.jpg 1000w, https:\/\/autothaiduong.vn\/wp-content\/uploads\/2025\/05\/tich-hop-cac-thiet-bi-ngoai-vi-naviplay-nvp4-600x375.jpg 600w, https:\/\/autothaiduong.vn\/wp-content\/uploads\/2025\/05\/tich-hop-cac-thiet-bi-ngoai-vi-naviplay-nvp4-768x480.jpg 768w\" sizes=\"auto, (max-width: 1000px) 100vw, 1000px\" \/><figcaption id=\"caption-attachment-28811\" class=\"wp-caption-text\">M\u00e0n h\u00ecnh \u00f4 t\u00f4 th\u00f4ng minh Naviplay NVP4 t\u00edch h\u1ee3p c\u00e1c thi\u1ebft b\u1ecb ngo\u1ea1i vi<\/figcaption><\/figure>\n<h3><b>H\u1ec7 th\u1ed1ng b\u1ea3n \u0111\u1ed3 ch\u1ec9 \u0111\u01b0\u1eddng hi\u1ec7n \u0111\u1ea1i<\/b><\/h3>\n<p>Cung c\u1ea5p kh\u1ea3 n\u0103ng ch\u1ec9 \u0111\u01b0\u1eddng ch\u00ednh x\u00e1c v\u00e0 t\u1ed1i \u01b0u, c\u00e1c \u1ee9ng d\u1ee5ng b\u1ea3n \u0111\u1ed3 tr\u00ean m\u00e0n h\u00ecnh \u00f4 t\u00f4 th\u00f4ng minh Naviplay NVP4 gi\u1ea3i quy\u1ebft b\u00e0i to\u00e1n kh\u00f3 kh\u0103n khi t\u00ecm \u0111\u01b0\u1eddng \u0111i c\u1ee7a ng\u01b0\u1eddi l\u00e1i, c\u1ef1c k\u1ef3 ph\u00f9 h\u1ee3p cho ch\u1ecb em ph\u1ee5 n\u1eef ho\u1eb7c c\u00e1c b\u00e1c t\u00e0i x\u1ebf.<\/p>\n<p>Hi\u1ec7n nay, m\u1ed9t s\u1ed1 \u1ee9ng d\u1ee5ng ph\u1ed5 bi\u1ebfn nh\u01b0 Google Maps, Navitel v\u00e0 Carmap \u0111\u1ec1u \u0111\u01b0\u1ee3c t\u00edch h\u1ee3p trong s\u1ea3n ph\u1ea9m NVP4 v\u1edbi kh\u1ea3 n\u0103ng \u0111\u1ecbnh v\u1ecb GPS th\u00f4ng minh v\u00e0 hi\u1ec7n \u0111\u1ea1i. B\u1ea1n c\u00f3 th\u1ec3 l\u1ef1a ch\u1ecdn tu\u1ef3 \u00fd theo mong mu\u1ed1n v\u00e0 s\u1ef1 ph\u00f9 h\u1ee3p c\u1ee7a c\u00e1 nh\u00e2n khi l\u00e1i xe.<\/p>\n<figure id=\"attachment_28812\" class=\"wp-caption aligncenter\" aria-describedby=\"caption-attachment-28812\"><img loading=\"lazy\" decoding=\"async\" class=\"alignnone size-full wp-image-2140\" src=\"https:\/\/autothaiduong.vn\/wp-content\/uploads\/2025\/05\/ban-do-chi-duong-hien-dai-naviplay-nvp4.jpg\" alt=\"M\u00e0n h\u00ecnh \u00f4 t\u00f4 th\u00f4ng minh NVP4 ch\u1ec9 \u0111\u01b0\u1eddng ti\u00ean ti\u1ebfn\" width=\"1000\" height=\"625\" srcset=\"https:\/\/autothaiduong.vn\/wp-content\/uploads\/2025\/05\/ban-do-chi-duong-hien-dai-naviplay-nvp4.jpg 1000w, https:\/\/autothaiduong.vn\/wp-content\/uploads\/2025\/05\/ban-do-chi-duong-hien-dai-naviplay-nvp4-600x375.jpg 600w, https:\/\/autothaiduong.vn\/wp-content\/uploads\/2025\/05\/ban-do-chi-duong-hien-dai-naviplay-nvp4-768x480.jpg 768w\" sizes=\"auto, (max-width: 1000px) 100vw, 1000px\" \/><figcaption id=\"caption-attachment-28812\" class=\"wp-caption-text\">M\u00e0n h\u00ecnh \u00f4 t\u00f4 th\u00f4ng minh Naviplay NVP4 ch\u1ec9 \u0111\u01b0\u1eddng ti\u00ean ti\u1ebfn<\/figcaption><\/figure>\n<h3><b>\u1ee8ng d\u1ee5ng b\u1ea3o h\u00e0nh \u0111i\u1ec7n t\u1eed ti\u1ec7n l\u1ee3i<\/b><\/h3>\n<p>B\u1ea3o h\u00e0nh \u0111i\u1ec7n t\u1eed tr\u00ean ph\u1ea7n m\u1ec1m qu\u1ea3n l\u00fd Navi Service \u0111\u01b0\u1ee3c thi\u1ebft k\u1ebf \u0111\u1ed9c quy\u1ec1n v\u1edbi mong mu\u1ed1n gi\u00fap ng\u01b0\u1eddi d\u00f9ng d\u1ec5 d\u00e0ng tra c\u1ee9u th\u00f4ng tin b\u1ea3o h\u00e0nh c\u1ee7a thi\u1ebft b\u1ecb ngay tr\u00ean m\u00e0n h\u00ecnh \u00f4 t\u00f4.<\/p>\n<p>Thay v\u00ec ph\u1ea3i s\u1eed d\u1ee5ng th\u1ebb b\u1ea3o h\u00e0nh d\u1ec5 th\u1ea5t l\u1ea1c, c\u00e1c ch\u1ee9c n\u0103ng hi\u1ec3n th\u1ecb tr\u00ean \u1ee9ng d\u1ee5ng n\u00e0y s\u1ebd ti\u1ec7n l\u1ee3i, ch\u00ednh x\u00e1c v\u00e0 nhanh ch\u00f3ng m\u00e0 kh\u00f4ng c\u1ea7n l\u01b0u gi\u1eef gi\u1ea5y t\u1edd.<\/p>\n<figure id=\"attachment_28814\" class=\"wp-caption aligncenter\" aria-describedby=\"caption-attachment-28814\"><img loading=\"lazy\" decoding=\"async\" class=\"alignnone size-full wp-image-2141\" src=\"https:\/\/autothaiduong.vn\/wp-content\/uploads\/2025\/05\/bao-hanh-dien-tu-naviplay-nvp4.jpg\" alt=\"M\u00e0n h\u00ecnh \u00f4 t\u00f4 th\u00f4ng minh NVP4 b\u1ea3o h\u00e0nh \u0111i\u1ec7n t\u1eed\" width=\"1000\" height=\"625\" srcset=\"https:\/\/autothaiduong.vn\/wp-content\/uploads\/2025\/05\/bao-hanh-dien-tu-naviplay-nvp4.jpg 1000w, https:\/\/autothaiduong.vn\/wp-content\/uploads\/2025\/05\/bao-hanh-dien-tu-naviplay-nvp4-600x375.jpg 600w, https:\/\/autothaiduong.vn\/wp-content\/uploads\/2025\/05\/bao-hanh-dien-tu-naviplay-nvp4-768x480.jpg 768w\" sizes=\"auto, (max-width: 1000px) 100vw, 1000px\" \/><figcaption id=\"caption-attachment-28814\" class=\"wp-caption-text\">M\u00e0n h\u00ecnh \u00f4 t\u00f4 th\u00f4ng minh Naviplay NVP4 b\u1ea3o h\u00e0nh \u0111i\u1ec7n t\u1eed<\/figcaption><\/figure>\n<h3><b>Tra c\u1ee9u ph\u1ea1t ngu\u1ed9i d\u1ec5 d\u00e0ng<\/b><\/h3>\n<p>B\u1ea1n c\u00f3 th\u1ec3 tra c\u1ee9u th\u00f4ng tin ph\u1ea1t ngu\u1ed9i c\u1ee7a xe nhanh ch\u00f3ng th\u00f4ng qua \u1ee9ng d\u1ee5ng Navi Ph\u1ea1t ngu\u1ed9i tr\u00ean m\u00e0n h\u00ecnh Naviplay NVP4. \u0110\u00e2y l\u00e0 m\u1ed9t ph\u1ea7n m\u1ec1m \u0111\u01b0\u1ee3c thi\u1ebft k\u1ebf b\u1edfi Navi, b\u1ea1n ch\u1ec9 c\u1ea7n t\u1ea3i t\u1eeb Apple Store,\u00a0Google Play Store l\u00e0 \u0111\u00e3 tra c\u1ee9u \u0111\u01b0\u1ee3c nh\u1eefng th\u00f4ng tin ph\u1ea1t ngu\u1ed9i t\u1eeb c\u00e1c ngu\u1ed3n uy t\u00edn nh\u01b0 C\u1ee5c CSGT B\u1ed9 C\u00f4ng An v\u00e0 CSGT c\u1ee7a c\u00e1c th\u00e0nh ph\u1ed1 l\u1edbn.<\/p>\n<p>Thay v\u00ec ph\u1ea3i m\u1ea5t nhi\u1ec1u th\u1eddi gian \u0111\u1ec3 v\u00e0o m\u1ed9t s\u1ed1 \u1ee9ng d\u1ee5ng ph\u1ea1t ngu\u1ed9i kh\u00e1c, Navi Ph\u1ea1t ngu\u1ed9i s\u1eed d\u1ee5ng gi\u1ecdng n\u00f3i, hi\u1ec3n th\u1ecb chi ti\u1ebft th\u1eddi gian, \u0111\u1ecba \u0111i\u1ec3m vi ph\u1ea1m v\u00e0 tr\u1ea1ng th\u00e1i n\u1ed9p ph\u1ea1t gi\u00fap ng\u01b0\u1eddi d\u00f9ng lu\u00f4n n\u1eafm b\u1eaft \u0111\u01b0\u1ee3c t\u00ecnh h\u00ecnh ph\u1ea1t ngu\u1ed9i c\u1ee7a m\u00ecnh.<\/p>\n<figure id=\"attachment_28815\" class=\"wp-caption aligncenter\" aria-describedby=\"caption-attachment-28815\"><img loading=\"lazy\" decoding=\"async\" class=\"alignnone size-full wp-image-2142\" src=\"https:\/\/autothaiduong.vn\/wp-content\/uploads\/2025\/05\/tra-cuu-phat-nguoi-naviplay-nvp4.jpg\" alt=\"M\u00e0n h\u00ecnh \u00f4 t\u00f4 th\u00f4ng minh NVP4 tra c\u1ee9u ph\u1ea1t ngu\u1ed9i\" width=\"1000\" height=\"625\" srcset=\"https:\/\/autothaiduong.vn\/wp-content\/uploads\/2025\/05\/tra-cuu-phat-nguoi-naviplay-nvp4.jpg 1000w, https:\/\/autothaiduong.vn\/wp-content\/uploads\/2025\/05\/tra-cuu-phat-nguoi-naviplay-nvp4-600x375.jpg 600w, https:\/\/autothaiduong.vn\/wp-content\/uploads\/2025\/05\/tra-cuu-phat-nguoi-naviplay-nvp4-768x480.jpg 768w\" sizes=\"auto, (max-width: 1000px) 100vw, 1000px\" \/><figcaption id=\"caption-attachment-28815\" class=\"wp-caption-text\">M\u00e0n h\u00ecnh \u00f4 t\u00f4 th\u00f4ng minh Naviplay NVP4 tra c\u1ee9u ph\u1ea1t ngu\u1ed9i<\/figcaption><\/figure>\n<h2><b>GHI H\u00ccNH GI\u00c1M S\u00c1T \u0110\u1ed6 XE TR\u00caN M\u00c0N H\u00ccNH \u00d4 T\u00d4 TH\u00d4NG MINH NAVIPLAY NVP4<\/b><\/h2>\n<h3><b>Ch\u1ea5t l\u01b0\u1ee3ng ghi h\u00ecnh s\u1eafc n\u00e9t Full HD 2 k\u00eanh<\/b><\/h3>\n<p>Hi\u1ec3n th\u1ecb tr\u1ef1c ti\u1ebfp h\u00ecnh \u1ea3nh t\u1eeb camera l\u00ean m\u00e0n h\u00ecnh, kh\u00e1ch h\u00e0ng ho\u00e0n to\u00e0n y\u00ean t\u00e2m v\u1edbi \u0111\u1ed9 ph\u00e2n gi\u1ea3i s\u1eafc n\u00e9t t\u1eeb camera ph\u00eda tr\u01b0\u1edbc Full HD 1080p, camera ph\u00eda sau \u0111\u1ed9 ph\u00e2n gi\u1ea3i chu\u1ea9n HD 720p.<\/p>\n<p>Tr\u00ean m\u00e0n h\u00ecnh \u00f4 t\u00f4 th\u00f4ng minh Naviplay NVP4 s\u1ebd qu\u1ea3n l\u00fd c\u00f9ng l\u00fac v\u1edbi hai m\u1eaft camera ghi h\u00ecnh \u0111\u1ed9c l\u1eadp tr\u01b0\u1edbc sau \u0111\u1ec3 bao qu\u00e1t to\u00e0n b\u1ed9 khu v\u1ef1c theo d\u00f5i.<\/p>\n<h3><b>Ch\u1ebf \u0111\u1ed9 ghi h\u00ecnh v\u00f2ng l\u1eb7p<\/b><\/h3>\n<p>L\u1ef1a ch\u1ecdn ch\u1ebf \u0111\u1ed9 ghi h\u00ecnh v\u00f2ng l\u1eb7p, kh\u00e1ch h\u00e0ng c\u00f3 th\u1ec3 c\u00e0i \u0111\u1eb7t theo th\u1eddi gian 1-2-3 ph\u00fat.<\/p>\n<p>Ngo\u00e0i ra, \u0111\u1ec3 \u0111\u1ea3m b\u1ea3o c\u00e1c video lu\u00f4n \u0111\u01b0\u1ee3c l\u01b0u tr\u1eef k\u1ecbp th\u1eddi, s\u1eed d\u1ee5ng t\u00ednh n\u0103ng t\u1ef1 \u0111\u1ed9ng x\u00f3a video cu\u1ed1i c\u00f9ng s\u1ebd tr\u00e1nh \u0111\u1ea7y th\u1ebb nh\u1edb.<\/p>\n<h3><b>H\u1ed7 tr\u1ee3 k\u1ebft n\u1ed1i Wifi 2.4GHz<\/b><\/h3>\n<p>\u0110\u1ec3 \u0111\u1ea3m b\u1ea3o qu\u00e1 tr\u00ecnh s\u1eed d\u1ee5ng \u0111\u01b0\u1ee3c thu\u1eadn ti\u1ec7n, camera ghi h\u00ecnh s\u1ebd h\u1ed7 tr\u1ee3 k\u1ebft n\u1ed1i v\u1edbi \u0111i\u1ec7n tho\u1ea1i th\u00f4ng qua k\u1ebft n\u1ed1i Wifi 2.4GHz \u0111\u01b0\u1ee3c ph\u00e1t ra t\u1eeb Camera h\u00e0nh tr\u00ecnh \u0111\u1ec3 d\u1ec5 d\u00e0ng xem, hi\u1ec7u ch\u1ec9nh c\u00e0i \u0111\u1eb7t.<\/p>\n<p>Nh\u1edd c\u00f3 k\u1ebft n\u1ed1i wifi, qu\u00e1 tr\u00ecnh t\u1ea3i xu\u1ed1ng c\u00e1c video h\u00e0nh tr\u00ecnh c\u1ea7n thi\u1ebft c\u0169ng k\u1ecbp th\u1eddi nhanh ch\u00f3ng h\u01a1n.<\/p>\n<h3><b>S\u1eed d\u1ee5ng c\u1ea3m bi\u1ebfn rung \u0111\u1ed9ng G-Sensor<\/b><\/h3>\n<p>T\u00ednh n\u0103ng c\u1ea3m bi\u1ebfn rung \u0111\u1ed9ng c\u00f3 t\u00ean G-Sensor l\u00e0 m\u1ed9t thi\u1ebft b\u1ecb \u0111i\u1ec7n t\u1eed c\u00f3 kh\u1ea3 n\u0103ng ph\u00e1t hi\u1ec7n v\u00e0 \u0111o l\u01b0\u1eddng gia t\u1ed1c, rung \u0111\u1ed9ng ho\u1eb7c chuy\u1ec3n \u0111\u1ed9ng.<\/p>\n<p>T\u00ednh n\u0103ng \u0111\u01b0\u1ee3c thi\u1ebft k\u1ebf v\u1edbi \u0111\u1ed9 nh\u1ea1y, \u0111\u1ed9 ch\u00ednh x\u00e1c cao t\u1ef1 \u0111\u1ed9ng kh\u00f3a video khi x\u1ea3y ra va ch\u1ea1m, tr\u00e1nh t\u00ednh n\u0103ng ghi h\u00ecnh v\u00f2ng l\u1eb7p x\u00f3a m\u1ea5t video th\u1eddi \u0111i\u1ec3m xay ra va ch\u1ea1m.<\/p>\n<h3><b>H\u1ed7 tr\u1ee3 micro<\/b><\/h3>\n<p>Micro \u0111i k\u00e8m trong camera gi\u00e1m s\u00e1t \u0111\u1ed7 xe \u0111\u01b0\u1ee3c trang b\u1ecb tr\u00ean th\u00e2n c\u1ee7a camera nh\u1eb1m thu l\u1ea1i \u00e2m thanh trong xe khi \u0111\u01b0\u1ee3c b\u1eadt.<\/p>\n<p>N\u1ebfu kh\u00f4ng c\u1ea7n s\u1eed d\u1ee5ng t\u00ednh n\u0103ng n\u00e0y, b\u1ea1n c\u0169ng c\u00f3 th\u1ec3 t\u1eaft \u0111\u1ec3 kh\u00f4ng \u1ea3nh h\u01b0\u1edfng \u0111\u1ebfn qu\u00e1 tr\u00ecnh di chuy\u1ec3n.<\/p>\n<h3><b>T\u00ednh n\u0103ng ghi h\u00ecnh gi\u00e1m s\u00e1t \u0111\u1ed7 xe<\/b><\/h3>\n<p>Khi b\u1eadt t\u00ednh n\u0103ng ghi h\u00ecnh gi\u00e1m s\u00e1t \u0111\u1ed7 xe tr\u00ean m\u00e0n h\u00ecnh \u00f4 t\u00f4 Naviplay NVP4, sau khi t\u1eaft m\u00e1y, camera s\u1ebd ti\u1ebfp t\u1ee5c ho\u1ea1t \u0111\u1ed9ng v\u00e0 s\u1ebd ghi l\u1ea1i video h\u00e0nh tr\u00ecnh khi xe c\u00f3 rung \u0111\u1ed9ng trong kho\u1ea3ng 15-30 gi\u00e2y chuy\u1ec3n tr\u1ef1c ti\u1ebfp v\u00e0o th\u1ebb nh\u1edb.<\/p>\n<p>T\u00ednh n\u0103ng n\u00e0y c\u00f2n c\u00f3 ch\u1ee9c n\u0103ng h\u1ed7 tr\u1ee3 b\u1ea3o v\u1ec7 \u1eafc quy khi d\u00f2ng \u0111i\u1ec7n xu\u1ed1ng d\u01b0\u1edbi 12v s\u1ebd kh\u00f4ng ho\u1ea1t \u0111\u1ed9ng \u0111\u1ec3 b\u1ea3o v\u1ec7 acquy kh\u1ecfi t\u00ecnh tr\u1ea1ng c\u1ea1n ki\u1ec7t, ph\u1ea3i l\u00e0m vi\u1ec7c li\u00ean t\u1ee5c, gi\u1ea3m tu\u1ed5i th\u1ecd c\u1ee7a acquy.<\/p>\n<h3><b>C\u00e0i \u0111\u1eb7t ghi h\u00ecnh Timelapse<\/b><\/h3>\n<p>Khi b\u1eadt t\u00ednh n\u0103ng n\u00e0y, ch\u1ebf \u0111\u1ed9 ghi h\u00ecnh gi\u00e1m s\u00e1t \u0111\u1ed7 xe sau khi t\u1eaft m\u00e1y s\u1ebd kh\u00f4ng ghi h\u00ecnh trong kho\u1ea3ng th\u1eddi gian 15 \u2013 30 gi\u00e2y m\u00e0 chuy\u1ec3n sang ghi h\u00ecnh l\u00e2u h\u01a1n theo ch\u1ebf \u0111\u1ed9 6 ti\u1ebfng, 12 ti\u1ebfng, 24 ti\u1ebfng sau khi t\u1eaft m\u00e1y v\u00e0 v\u1edbi t\u1ed1c \u0111\u1ed9 khung h\u00ecnh t\u1eeb 1-2-3-4 FPS.<\/p>\n<h2><b>H\u01b0\u1edbng d\u1eabn s\u1eed d\u1ee5ng m\u00e0n h\u00ecnh \u00f4 t\u00f4 th\u00f4ng minh NAVIPLAY NVP4<\/b><\/h2>\n<ul>\n<li aria-level=\"1\">Ng\u01b0\u1eddi l\u00e1i c\u00f3 th\u1ec3 xem l\u1ea1i l\u1ecbch tr\u00ecnh di chuy\u1ec3n c\u1ee7a xe trong v\u00f2ng 365 ng\u00e0y<\/li>\n<li aria-level=\"1\">Mu\u1ed1n v\u00e0o b\u1ea3n \u0111\u1ed3 Navitel \u0111\u1ecdc kh\u1ea9u l\u1ec7nh: \u201c\u0110i t\u1edbi\/ Ch\u1ec9 t\u1edbi\/ D\u1eabn t\u1edbi + \u0111\u1ecba ch\u1ec9 + b\u1eb1ng Navitel\u201d<\/li>\n<li aria-level=\"1\">Mu\u1ed1n v\u00e0o b\u1ea3n \u0111\u1ed3 Googlemap \u0111\u1ecdc kh\u1ea9u l\u1ec7nh: \u201c\u0110i t\u1edbi \/ Ch\u1ec9 t\u1edbi\/ D\u1eabn t\u1edbi + \u0111\u1ecba ch\u1ec9 + b\u1eb1ng Googlemap\u201d<\/li>\n<li aria-level=\"1\">Mu\u1ed1n v\u00e0o b\u1ea3n \u0111\u1ed3 Vietmap \u0111\u1ecdc kh\u1ea9u l\u1ec7nh: \u201c\u0110i t\u1edbi\/ Ch\u1ec9 t\u1edbi\/ D\u1eabn t\u1edbi + \u0111\u1ecba ch\u1ec9 + b\u1eb1ng Vietmap\u201d<\/li>\n<li aria-level=\"1\">Mu\u1ed1n ki\u1ec3m tra ph\u1ea1t ngu\u1ed9i theo c\u00e2u l\u1ec7nh: \u201c Ph\u1ea1t ngu\u1ed9i + bi\u1ec3n s\u1ed1 xe\u201d<\/li>\n<li aria-level=\"1\">Mu\u1ed1n v\u00e0o Youtube \u0111\u1ecdc kh\u1ea9u l\u1ec7nh: \u201cM\u1edf video + t\u00ean b\u00e0i h\u00e1t\u201d<\/li>\n<li aria-level=\"1\">Mu\u1ed1n m\u1edf TV go \u0111\u1ecdc kh\u1ea9u l\u1ec7nh: \u201cXem + t\u00ean k\u00eanh\u201d<\/li>\n<li aria-level=\"1\">Mu\u1ed1n xem d\u1ef1 b\u00e1o th\u1eddi ti\u1ebft \u0111\u1ecdc kh\u1ea9u l\u1ec7nh: \u201cTh\u1eddi ti\u1ebft + t\u00ean th\u00e0nh ph\u1ed1\u201d<\/li>\n<li aria-level=\"1\">Mu\u1ed1n ki\u1ec3m tra \u00e1p su\u1ea5t l\u1ed1p t\u00edch h\u1ee3p m\u00e0n h\u00ecnh \u0111\u1ecdc kh\u1ea9u l\u1ec7nh: \u201cm\u1edf \u00c1p Su\u1ea5t L\u1ed1p\u201d<\/li>\n<li aria-level=\"1\">M\u1edf Camera h\u00e0nh tr\u00ecnh: \u201c M\u1edf camera tr\u01b0\u1edbc\u201d ho\u1eb7c \u201c M\u1edf camera h\u00e0nh tr\u00ecnh\u201d<\/li>\n<li aria-level=\"1\">K\u1ebft n\u1ed1i bluetooth tr\u1ef1c ti\u1ebfp v\u1edbi \u0111i\u1ec7n tho\u1ea1i v\u1edbi c\u00e1c c\u00e2u l\u1ec7nh<\/li>\n<li aria-level=\"1\">L\u1ec7nh g\u1ecdi \u0111\u1ec3 v\u00e0o Radio: \u201cNghe Radio\u201d<\/li>\n<\/ul>\n<div class=\"vms-read-more\"><\/div>\n","protected":false},"excerpt":{"rendered":"<p><em><strong>Auto Th\u00e1i D\u01b0\u01a1ng<\/strong><\/em><\/p>\n<p><em><strong>\u0110\u1ecba Ch\u1ec9 : 273-275 Tr\u1ea7n Ph\u00fa Ph\u01b0\u1eddng L\u1ed9c S\u01a1n Th\u00e0nh Ph\u1ed1 B\u1ea3o L\u1ed9c T\u1ec9nh L\u00e2m \u0110\u1ed3ng <\/strong><\/em><\/p>\n<p><em><strong>Hotline: 0912197441<\/strong><\/em><\/p>\n","protected":false},"featured_media":2135,"comment_status":"open","ping_status":"closed","template":"","meta":[],"product_brand":[54],"product_cat":[17,70],"product_tag":[],"class_list":{"0":"post-2134","1":"product","2":"type-product","3":"status-publish","4":"has-post-thumbnail","6":"product_brand-naviplay","7":"product_cat-dvd-android-box","8":"product_cat-man-hinh-android","10":"first","11":"instock","12":"shipping-taxable","13":"purchasable","14":"product-type-simple"},"_links":{"self":[{"href":"https:\/\/autothaiduong.vn\/index.php?rest_route=\/wp\/v2\/product\/2134","targetHints":{"allow":["GET"]}}],"collection":[{"href":"https:\/\/autothaiduong.vn\/index.php?rest_route=\/wp\/v2\/product"}],"about":[{"href":"https:\/\/autothaiduong.vn\/index.php?rest_route=\/wp\/v2\/types\/product"}],"replies":[{"embeddable":true,"href":"https:\/\/autothaiduong.vn\/index.php?rest_route=%2Fwp%2Fv2%2Fcomments&post=2134"}],"wp:featuredmedia":[{"embeddable":true,"href":"https:\/\/autothaiduong.vn\/index.php?rest_route=\/wp\/v2\/media\/2135"}],"wp:attachment":[{"href":"https:\/\/autothaiduong.vn\/index.php?rest_route=%2Fwp%2Fv2%2Fmedia&parent=2134"}],"wp:term":[{"taxonomy":"product_brand","embeddable":true,"href":"https:\/\/autothaiduong.vn\/index.php?rest_route=%2Fwp%2Fv2%2Fproduct_brand&post=2134"},{"taxonomy":"product_cat","embeddable":true,"href":"https:\/\/autothaiduong.vn\/index.php?rest_route=%2Fwp%2Fv2%2Fproduct_cat&post=2134"},{"taxonomy":"product_tag","embeddable":true,"href":"https:\/\/autothaiduong.vn\/index.php?rest_route=%2Fwp%2Fv2%2Fproduct_tag&post=2134"}],"curies":[{"name":"wp","href":"https:\/\/api.w.org\/{rel}","templated":true}]}}