{"id":2216,"date":"2025-05-17T15:42:10","date_gmt":"2025-05-17T15:42:10","guid":{"rendered":"https:\/\/autothaiduong.vn\/?post_type=product&#038;p=2216"},"modified":"2025-05-17T15:42:40","modified_gmt":"2025-05-17T15:42:40","slug":"man-hinh-o-to-thong-minh-gotech-gt11-5i","status":"publish","type":"product","link":"https:\/\/autothaiduong.vn\/?product=man-hinh-o-to-thong-minh-gotech-gt11-5i","title":{"rendered":"M\u00c0N H\u00ccNH \u00d4 T\u00d4 TH\u00d4NG MINH GOTECH GT11.5I"},"content":{"rendered":"<p><img loading=\"lazy\" decoding=\"async\" class=\" wp-image-2122 aligncenter\" src=\"https:\/\/autothaiduong.vn\/wp-content\/uploads\/2025\/05\/z6584734442481_f208f5944548cb4b46353402ce2e64e0-3.jpg\" alt=\"\" width=\"272\" height=\"241\" \/><\/p>\n<p style=\"text-align: center;\"><span style=\"color: #ff0000; font-size: 140%;\"><strong>\u0110\u1ecba Ch\u1ec9 : 273-275 Tr\u1ea7n Ph\u00fa Ph\u01b0\u1eddng L\u1ed9c S\u01a1n Th\u00e0nh Ph\u1ed1 B\u1ea3o L\u1ed9c T\u1ec9nh L\u00e2m \u0110\u1ed3ng <\/strong><\/span><\/p>\n<p style=\"text-align: center;\"><span style=\"color: #ff0000; font-size: 140%;\"><strong>Hotline: 0912197441<\/strong><\/span><\/p>\n<p><b>Tr\u1ea3i nghi\u1ec7m m\u1edbi v\u1edbi c\u00f4ng ngh\u1ec7 m\u1edbi hi\u1ec7n \u0111\u1ea1i, Gotech \u0111em \u0111\u1ebfn cho b\u1ea1n m\u1ed9t s\u1ea3n ph\u1ea9m d\u00e0nh ri\u00eang cho xe \u00f4 t\u00f4 s\u1edf h\u1eefu k\u00edch th\u01b0\u1edbc l\u1edbn c\u00f3 t\u00ean M\u00e0n h\u00ecnh \u00f4 t\u00f4 th\u00f4ng minh GOTECH GT11.5i<\/b><strong>.\u00a0\u0110\u01b0\u1ee3c trang b\u1ecb \u0111\u1ea7y \u0111\u1ee7 m\u1ecdi t\u00ednh n\u0103ng c\u1ee7a nh\u1eefng m\u00e0n h\u00ecnh tr\u01b0\u1edbc \u0111\u00f3, thi\u1ebft b\u1ecb s\u1ebd ph\u1ee5c v\u1ee5 m\u1ecdi nhu c\u1ea7u gi\u1ea3i tr\u00ed v\u00e0 an to\u00e0n khi l\u00e1i xe v\u1edbi giao di\u1ec7n sinh \u0111\u1ed9ng, m\u1edf r\u1ed9ng quan s\u00e1t.<\/strong><\/p>\n<p><img loading=\"lazy\" decoding=\"async\" class=\"alignnone size-full wp-image-2218\" src=\"https:\/\/autothaiduong.vn\/wp-content\/uploads\/2025\/05\/man-hinh-gotech-gt11-5i.jpg\" alt=\"\" width=\"1000\" height=\"1000\" srcset=\"https:\/\/autothaiduong.vn\/wp-content\/uploads\/2025\/05\/man-hinh-gotech-gt11-5i.jpg 1000w, https:\/\/autothaiduong.vn\/wp-content\/uploads\/2025\/05\/man-hinh-gotech-gt11-5i-600x600.jpg 600w, https:\/\/autothaiduong.vn\/wp-content\/uploads\/2025\/05\/man-hinh-gotech-gt11-5i-300x300.jpg 300w, https:\/\/autothaiduong.vn\/wp-content\/uploads\/2025\/05\/man-hinh-gotech-gt11-5i-768x768.jpg 768w, https:\/\/autothaiduong.vn\/wp-content\/uploads\/2025\/05\/man-hinh-gotech-gt11-5i-100x100.jpg 100w\" sizes=\"auto, (max-width: 1000px) 100vw, 1000px\" \/><\/p>\n<h2><b>Nh\u1eefng t\u00ednh n\u0103ng n\u1ed5i b\u1eadt c\u1ee7a m\u00e0n h\u00ecnh \u00f4 t\u00f4 th\u00f4ng minh GOTECH GT11.5i<\/b><\/h2>\n<h3><b>Hi\u1ec3n th\u1ecb m\u00e0n h\u00ecnh k\u00edch th\u01b0\u1edbc l\u1edbn, s\u1eafc n\u00e9t<\/b><\/h3>\n<p>M\u00e0n h\u00ecnh Android \u00f4 t\u00f4 Gotech \u0111\u01b0\u1ee3c thi\u1ebft k\u1ebf v\u1edbi giao di\u1ec7n c\u00f3 \u0111\u1ed9 ph\u00e2n gi\u1ea3i cao, kh\u1ea3 n\u0103ng hi\u1ec3n th\u1ecb h\u00ecnh \u1ea3nh s\u1eafc n\u00e9t mang \u0111\u1ebfn cho ng\u01b0\u1eddi d\u00f9ng tr\u1ea3i nghi\u1ec7m ch\u00e2n th\u1ef1c t\u1edbi t\u1eebng \u0111i\u1ec3m \u1ea3nh.<\/p>\n<p>Cung c\u1ea5p kh\u1ea3 n\u0103ng quan s\u00e1t v\u01b0\u1ee3t tr\u1ed9i v\u1edbi m\u00e0n h\u00ecnh k\u00edch th\u01b0\u1edbc l\u1edbn l\u00ean \u0111\u1ebfn 11.5 inch, m\u00e0n h\u00ecnh \u00f4 t\u00f4 th\u00f4ng minh m\u1edf r\u1ed9ng g\u00f3c nh\u00ecn cho c\u00e1c b\u00e1c t\u00e0i thu\u1eadn ti\u1ec7n s\u1eed d\u1ee5ng c\u00e1c ph\u1ea7n m\u1ec1m h\u1ed7 tr\u1ee3 l\u00e1i xe v\u00e0 tham gia c\u00e1c \u1ee9ng d\u1ee5ng gi\u1ea3i tr\u00ed.<\/p>\n<figure id=\"attachment_28028\" class=\"wp-caption aligncenter\" aria-describedby=\"caption-attachment-28028\"><img loading=\"lazy\" decoding=\"async\" class=\"alignnone size-full wp-image-2219\" src=\"https:\/\/autothaiduong.vn\/wp-content\/uploads\/2025\/05\/man-hinh-gotech-gt-11-5i-co-giao-dien-song-dong.jpg\" alt=\"M\u00e0n h\u00ecnh Gotech GT11.5I h\u00ecnh \u1ea3nh s\u1eafc n\u00e9t, ch\u00e2n th\u1ef1c\" width=\"1000\" height=\"625\" srcset=\"https:\/\/autothaiduong.vn\/wp-content\/uploads\/2025\/05\/man-hinh-gotech-gt-11-5i-co-giao-dien-song-dong.jpg 1000w, https:\/\/autothaiduong.vn\/wp-content\/uploads\/2025\/05\/man-hinh-gotech-gt-11-5i-co-giao-dien-song-dong-600x375.jpg 600w, https:\/\/autothaiduong.vn\/wp-content\/uploads\/2025\/05\/man-hinh-gotech-gt-11-5i-co-giao-dien-song-dong-768x480.jpg 768w\" sizes=\"auto, (max-width: 1000px) 100vw, 1000px\" \/><figcaption id=\"caption-attachment-28028\" class=\"wp-caption-text\">M\u00e0n h\u00ecnh Gotech GT11.5I h\u00ecnh \u1ea3nh s\u1eafc n\u00e9t, ch\u00e2n th\u1ef1c<\/figcaption><\/figure>\n<h3><b>Truy c\u1eadp h\u00e0ng tri\u1ec7u \u1ee9ng d\u1ee5ng y\u00eau c\u1ea7u k\u1ebft n\u1ed1i internet<\/b><\/h3>\n<p>M\u00e0n h\u00ecnh \u00f4 t\u00f4 th\u00f4ng minh s\u1eed d\u1ee5ng h\u1ec7 \u0111i\u1ec1u h\u00e0nh Android thu\u1eadn ti\u1ec7n tham gia v\u00e0o h\u00e0ng tri\u1ec7u \u1ee9ng d\u1ee5ng kh\u00e1c nhau nh\u01b0 m\u1ed9t chi\u1ebfc m\u00e1y t\u00ednh b\u1ea3ng \u0111\u01b0\u1ee3c g\u1eafn tr\u00ean xe.<\/p>\n<p>Khi mua s\u1ea3n ph\u1ea9m, kh\u00e1ch h\u00e0ng s\u1ebd \u0111\u01b0\u1ee3c t\u1eb7ng k\u00e8m m\u1ed9t sim 4G t\u1ed1c \u0111\u1ed9 cao \u0111\u1ec3 truy c\u1eadp internet th\u1ea3 ga, tha h\u1ed3 t\u1eadn h\u01b0\u1edfng nh\u1eefng ph\u00fat gi\u00e2y th\u01b0 gi\u00e3n ngay tr\u00ean x\u1ebf y\u00eau c\u1ee7a m\u00ecnh, xua tan m\u1ecdi nh\u00e0m ch\u00e1n m\u1ec7t m\u1ecfi khi l\u00e1i xe \u0111\u01b0\u1eddng d\u00e0i v\u00e0 thu\u1eadn ti\u1ec7n s\u1eed d\u1ee5ng nh\u1eefng \u1ee9ng d\u1ee5ng y\u00eau c\u1ea7u k\u1ebft n\u1ed1i m\u1ea1ng.<\/p>\n<figure id=\"attachment_28019\" class=\"wp-caption aligncenter\" aria-describedby=\"caption-attachment-28019\"><img loading=\"lazy\" decoding=\"async\" class=\"alignnone size-full wp-image-2220\" src=\"https:\/\/autothaiduong.vn\/wp-content\/uploads\/2025\/05\/man-hinh-gotech-gt-11-5i-ho-tro-internet.jpg\" alt=\"M\u00e0n h\u00ecnh Gotech GT11.5I truy c\u1eadp internet gi\u1ea3i tr\u00ed th\u1ea3 ga\" width=\"1000\" height=\"625\" srcset=\"https:\/\/autothaiduong.vn\/wp-content\/uploads\/2025\/05\/man-hinh-gotech-gt-11-5i-ho-tro-internet.jpg 1000w, https:\/\/autothaiduong.vn\/wp-content\/uploads\/2025\/05\/man-hinh-gotech-gt-11-5i-ho-tro-internet-600x375.jpg 600w, https:\/\/autothaiduong.vn\/wp-content\/uploads\/2025\/05\/man-hinh-gotech-gt-11-5i-ho-tro-internet-768x480.jpg 768w\" sizes=\"auto, (max-width: 1000px) 100vw, 1000px\" \/><figcaption id=\"caption-attachment-28019\" class=\"wp-caption-text\">M\u00e0n h\u00ecnh Gotech GT11.5I truy c\u1eadp internet th\u1ea3 ga<\/figcaption><\/figure>\n<h3><b>Tr\u1ee3 l\u00fd gi\u1ecdng n\u00f3i AI v\u00e0 t\u00ecm ki\u1ebfm th\u00f4ng tin nhanh ch\u00f3ng<\/b><\/h3>\n<p>Thao t\u00e1c m\u1ecdi \u1ee9ng d\u1ee5ng d\u1ec5 d\u00e0ng h\u01a1n v\u1edbi ch\u1ee9c n\u0103ng ra l\u1ec7nh gi\u1ecdng n\u00f3i th\u00f4ng minh \u0111\u01b0\u1ee3c t\u00edch h\u1ee3p tr\u00ean m\u00e0n h\u00ecnh Android. Ng\u01b0\u1eddi d\u00f9ng c\u00f3 th\u1ec3 thu\u1eadn ti\u1ec7n y\u00eau c\u1ea7u truy c\u1eadp m\u1ecdi n\u1ed9i dung li\u00ean quan \u0111\u1ebfn m\u1edf nh\u1ea1c, xem youtube, m\u1edf b\u1ea3n \u0111\u1ed3 ch\u1ec9 \u0111\u01b0\u1eddng, xem d\u1ef1 b\u00e1o th\u1eddi ti\u1ebft\u2026<\/p>\n<p>Nh\u1edd c\u00f3 h\u1ed7 tr\u1ee3 AI, vi\u1ec7c t\u00ecm ki\u1ebfm c\u00e1c th\u00f4ng tin c\u0169ng tr\u1edf n\u00ean d\u1ec5 d\u00e0ng h\u01a1n ngay c\u1ea3 khi \u0111ang l\u00e1i xe. S\u1ef1 k\u1ebft h\u1ee3p gi\u1eefa Gotech GPT \u0111\u01b0\u1ee3c ph\u00e1t tri\u1ec3n t\u1eeb Chat GPT v\u00e0 gi\u1ecdng n\u00f3i Kiki gi\u00fap vi\u1ec7c gi\u1ea3i \u0111\u00e1p m\u1ecdi th\u1eafc m\u1eafc kh\u00f4ng c\u00f2n kh\u00f3 kh\u0103n.<\/p>\n<figure id=\"attachment_28020\" class=\"wp-caption aligncenter\" aria-describedby=\"caption-attachment-28020\"><img loading=\"lazy\" decoding=\"async\" class=\"alignnone size-full wp-image-2221\" src=\"https:\/\/autothaiduong.vn\/wp-content\/uploads\/2025\/05\/man-hinh-gotech-gt-11-5i-ra-lenh-giong-noi.jpg\" alt=\"M\u00e0n h\u00ecnh Gotech GT11.5I h\u1ed7 tr\u1ee3 l\u00e1i xe r\u1ea3nh tay\" width=\"1000\" height=\"625\" srcset=\"https:\/\/autothaiduong.vn\/wp-content\/uploads\/2025\/05\/man-hinh-gotech-gt-11-5i-ra-lenh-giong-noi.jpg 1000w, https:\/\/autothaiduong.vn\/wp-content\/uploads\/2025\/05\/man-hinh-gotech-gt-11-5i-ra-lenh-giong-noi-600x375.jpg 600w, https:\/\/autothaiduong.vn\/wp-content\/uploads\/2025\/05\/man-hinh-gotech-gt-11-5i-ra-lenh-giong-noi-768x480.jpg 768w\" sizes=\"auto, (max-width: 1000px) 100vw, 1000px\" \/><figcaption id=\"caption-attachment-28020\" class=\"wp-caption-text\">M\u00e0n h\u00ecnh Gotech GT11.5I h\u1ed7 tr\u1ee3 l\u00e1i xe r\u1ea3nh tay<\/figcaption><\/figure>\n<h3><b>Th\u1ef1c hi\u1ec7n qu\u00e1 tr\u00ecnh nghe g\u1ecdi \u0111i\u1ec7n tho\u1ea1i d\u1ec5 d\u00e0ng<\/b><\/h3>\n<p>M\u00e0n h\u00ecnh Android \u00f4 t\u00f4 th\u00f4ng minh Gotech GT11.5i mang l\u1ea1i tr\u1ea3i nghi\u1ec7m c\u1ef1c k\u1ef3 ti\u1ec7n l\u1ee3i cho c\u00e1c b\u00e1c t\u00e0i ch\u1ee7 \u0111\u1ed9ng nghe g\u1ecdi ngay c\u1ea3 khi \u0111ang l\u00e1i xe m\u00e0 v\u1eabn \u0111\u1ea3m b\u1ea3o t\u1eadp trung, an to\u00e0n tay l\u00e1i.<\/p>\n<p>V\u1edbi kh\u1ea3 n\u0103ng k\u1ebft n\u1ed1i bluetooth, m\u00e0n h\u00ecnh cho ph\u00e9p k\u1ebft n\u1ed1i nhanh ch\u00f3ng v\u1edbi \u0111i\u1ec7n tho\u1ea1i di \u0111\u1ed9ng gi\u00fap th\u1ef1c hi\u1ec7n v\u00e0 nh\u1eadn cu\u1ed9c g\u1ecdi m\u00e0 kh\u00f4ng c\u1ea7n ch\u1ea1m v\u00e0o \u0111i\u1ec7n tho\u1ea1i v\u1edbi \u00e2m thanh l\u1edbn, r\u00f5 r\u00e0ng, giao di\u1ec7n th\u00e2n thi\u1ec7n.<\/p>\n<figure id=\"attachment_28021\" class=\"wp-caption aligncenter\" aria-describedby=\"caption-attachment-28021\"><img loading=\"lazy\" decoding=\"async\" class=\"alignnone size-full wp-image-2222\" src=\"https:\/\/autothaiduong.vn\/wp-content\/uploads\/2025\/05\/man-hinh-gotech-gt-11-5i-nghe-goi-tren-man-hinh.jpg\" alt=\"M\u00e0n h\u00ecnh Gotech GT11.5I nghe g\u1ecdi thu\u1eadn ti\u1ec7n\" width=\"1000\" height=\"625\" srcset=\"https:\/\/autothaiduong.vn\/wp-content\/uploads\/2025\/05\/man-hinh-gotech-gt-11-5i-nghe-goi-tren-man-hinh.jpg 1000w, https:\/\/autothaiduong.vn\/wp-content\/uploads\/2025\/05\/man-hinh-gotech-gt-11-5i-nghe-goi-tren-man-hinh-600x375.jpg 600w, https:\/\/autothaiduong.vn\/wp-content\/uploads\/2025\/05\/man-hinh-gotech-gt-11-5i-nghe-goi-tren-man-hinh-768x480.jpg 768w\" sizes=\"auto, (max-width: 1000px) 100vw, 1000px\" \/><figcaption id=\"caption-attachment-28021\" class=\"wp-caption-text\">M\u00e0n h\u00ecnh Gotech GT11.5I nghe g\u1ecdi thu\u1eadn ti\u1ec7n<\/figcaption><\/figure>\n<h3><b>D\u1ec5 d\u00e0ng t\u00edch h\u1ee3p v\u1edbi c\u00e1c thi\u1ebft b\u1ecb ngo\u1ea1i vi<\/b><\/h3>\n<p>Kh\u00f4ng kh\u00f3 kh\u0103n \u0111\u1ec3 t\u00edch h\u1ee3p v\u1edbi c\u00e1c thi\u1ebft b\u1ecb kh\u00e1c, m\u00e0n h\u00ecnh Android \u00f4 t\u00f4 GT11.5i d\u1ec5 d\u00e0ng k\u1ebft n\u1ed1i th\u00f4ng qua c\u00e1c c\u1ed5ng USB\/Bluetooth gi\u00fap m\u1edf r\u1ed9ng ch\u1ee9c n\u0103ng s\u1eed d\u1ee5ng.<\/p>\n<p>Thay v\u00ec ph\u1ea3i th\u00e1o l\u1eafp ph\u1ee9c t\u1ea1p v\u00e0 m\u1ea5t nhi\u1ec1u th\u1eddi gian, vi\u1ec7c k\u1ebft n\u1ed1i n\u00e0y v\u1eeba \u0111\u01a1n gi\u1ea3n l\u1ea1i \u0111\u1ea3m b\u1ea3o tr\u1ea3i nghi\u1ec7m to\u00e0n di\u1ec7n tr\u00ean xe \u00f4 t\u00f4 cho ng\u01b0\u1eddi d\u00f9ng.<\/p>\n<figure id=\"attachment_28022\" class=\"wp-caption aligncenter\" aria-describedby=\"caption-attachment-28022\"><img loading=\"lazy\" decoding=\"async\" class=\"alignnone size-full wp-image-2223\" src=\"https:\/\/autothaiduong.vn\/wp-content\/uploads\/2025\/05\/man-hinh-gotech-gt-11-5i-tich-hop-cac-thiet-bi-ngoai-vi.jpg\" alt=\"M\u00e0n h\u00ecnh Gotech GT11.5I t\u00edch h\u1ee3p c\u00e1c thi\u1ebft b\u1ecb ngo\u1ea1i vi\" width=\"1000\" height=\"625\" srcset=\"https:\/\/autothaiduong.vn\/wp-content\/uploads\/2025\/05\/man-hinh-gotech-gt-11-5i-tich-hop-cac-thiet-bi-ngoai-vi.jpg 1000w, https:\/\/autothaiduong.vn\/wp-content\/uploads\/2025\/05\/man-hinh-gotech-gt-11-5i-tich-hop-cac-thiet-bi-ngoai-vi-600x375.jpg 600w, https:\/\/autothaiduong.vn\/wp-content\/uploads\/2025\/05\/man-hinh-gotech-gt-11-5i-tich-hop-cac-thiet-bi-ngoai-vi-768x480.jpg 768w\" sizes=\"auto, (max-width: 1000px) 100vw, 1000px\" \/><figcaption id=\"caption-attachment-28022\" class=\"wp-caption-text\">M\u00e0n h\u00ecnh Gotech GT11.5I t\u00edch h\u1ee3p c\u00e1c thi\u1ebft b\u1ecb ngo\u1ea1i vi<\/figcaption><\/figure>\n<h3><b>H\u1ec7 th\u1ed1ng b\u1ea3n \u0111\u1ed3 ch\u1ec9 d\u1eabn \u0111\u01b0\u1eddng ti\u00ean ti\u1ebfn<\/b><\/h3>\n<p>S\u1eed d\u1ee5ng ngay m\u00e0n h\u00ecnh Android GOTECH GT11.5i \u0111\u1ec3 thu\u1eadn ti\u1ec7n l\u00e1i xe v\u1edbi h\u1ec7 th\u1ed1ng b\u1ea3n \u0111\u1ed3 ti\u00ean ti\u1ebfn b\u1eadc nh\u1ea5t hi\u1ec7n nay.<\/p>\n<p>T\u00edch h\u1ee3p c\u00f9ng l\u00fac 2 b\u1ea3n \u0111\u1ed3 Google Maps v\u00e0 Navitel, c\u00e1c b\u00e1c t\u00e0i s\u1ebd ch\u1ee7 \u0111\u1ed9ng h\u01a1n trong qu\u00e1 tr\u00ecnh di chuy\u1ec3n, t\u00ecm ki\u1ebfm \u0111\u01b0\u1eddng \u0111i nhanh ch\u00f3ng, ch\u00ednh x\u00e1c v\u00e0 t\u00ednh to\u00e1n \u0111\u01b0\u1ee3c th\u1eddi gian h\u1ee3p l\u00fd.<\/p>\n<p>Ngo\u00e0i ra, kh\u00e1ch h\u00e0ng s\u1ebd \u0111\u01b0\u1ee3c t\u1eb7ng th\u00eam b\u1ea3n \u0111\u1ed3 Carmap s\u1eed d\u1ee5ng \u0111a d\u1ea1ng ng\u00f4n ng\u1eef, hi\u1ec3n th\u1ecb li\u00ean t\u1ee5c c\u00e1c c\u1ea3nh b\u00e1o, bi\u1ec3n b\u00e1o giao th\u00f4ng v\u00e0\u00a0t\u00f9y ch\u1ec9nh ch\u1ebf \u0111\u1ed9 xem 2D ho\u1eb7c 3D cho ph\u00e9p ng\u01b0\u1eddi d\u00f9ng xem h\u00ecnh \u1ea3nh to\u00e0n c\u1ea3nh \u0111\u01b0\u1eddng ph\u1ed1, \u0111\u1ecba danh ch\u00e2n th\u1ef1c.<\/p>\n<figure id=\"attachment_28023\" class=\"wp-caption aligncenter\" aria-describedby=\"caption-attachment-28023\"><img loading=\"lazy\" decoding=\"async\" class=\"alignnone size-full wp-image-2224\" src=\"https:\/\/autothaiduong.vn\/wp-content\/uploads\/2025\/05\/man-hinh-gotech-gt-11-5i-tich-hop-ban-do.jpg\" alt=\"M\u00e0n h\u00ecnh Gotech GT11.5I c\u00f3 h\u1ec7 th\u1ed1ng b\u1ea3n \u0111\u1ed3 hi\u1ec7n \u0111\u1ea1i\" width=\"1000\" height=\"625\" srcset=\"https:\/\/autothaiduong.vn\/wp-content\/uploads\/2025\/05\/man-hinh-gotech-gt-11-5i-tich-hop-ban-do.jpg 1000w, https:\/\/autothaiduong.vn\/wp-content\/uploads\/2025\/05\/man-hinh-gotech-gt-11-5i-tich-hop-ban-do-600x375.jpg 600w, https:\/\/autothaiduong.vn\/wp-content\/uploads\/2025\/05\/man-hinh-gotech-gt-11-5i-tich-hop-ban-do-768x480.jpg 768w\" sizes=\"auto, (max-width: 1000px) 100vw, 1000px\" \/><figcaption id=\"caption-attachment-28023\" class=\"wp-caption-text\">M\u00e0n h\u00ecnh Gotech GT11.5I c\u00f3 h\u1ec7 th\u1ed1ng b\u1ea3n \u0111\u1ed3 hi\u1ec7n \u0111\u1ea1i<\/figcaption><\/figure>\n<h3><b>L\u00e1i xe kh\u00f4ng nh\u00e0m ch\u00e1n v\u1edbi th\u1ebf gi\u1edbi gi\u1ea3i tr\u00ed s\u00f4i \u0111\u1ed9ng<\/b><\/h3>\n<p>Nhi\u1ec1u kh\u00e1ch h\u00e0ng l\u1ef1a ch\u1ecdn m\u00e0n h\u00ecnh Android \u00f4 t\u00f4 GOTECH GT11.5i ngo\u00e0i gi\u00fap gia t\u0103ng kh\u1ea3 n\u0103ng quan s\u00e1t, h\u1ed7 tr\u1ee3 l\u00e1i xe an to\u00e0n c\u00f2n \u0111\u1ec3 ph\u1ee5c v\u1ee5 nhu c\u1ea7u gi\u1ea3i tr\u00ed kh\u00f4ng gi\u1edbi h\u1ea1n.<\/p>\n<p>N\u1ebfu m\u00e0n h\u00ecnh nguy\u00ean b\u1ea3n ch\u1ec9 h\u1ed7 tr\u1ee3 nghe Radio\/AM\/FM nh\u00e0m ch\u00e1n th\u00ec v\u1edbi m\u00e0n h\u00ecnh n\u00e0y, b\u1ea1n s\u1ebd \u0111\u01b0\u1ee3c \u0111\u00e1p \u1ee9ng tr\u1ecdn v\u1eb9n m\u1ecdi mong mu\u1ed1n gi\u1ea3i tr\u00ed t\u1eeb nghe nh\u1ea1c, xem phim, ch\u01a1i game \u0111\u1ebfn l\u01b0\u1edbt web.<\/p>\n<p>Trong qu\u00e1 tr\u00ecnh l\u00e1i xe, c\u00e1c b\u00e1c t\u00e0i c\u00f3 th\u1ec3 chia \u0111\u00f4i m\u00e0n h\u00ecnh \u0111a nhi\u1ec7m \u0111\u1ec3 v\u1eeba xem chi ti\u1ebft l\u1ed9 tr\u00ecnh tr\u00ean b\u1ea3n \u0111\u1ed3 v\u1eeba xem Youtube th\u1ea3 ga c\u1ef1c k\u1ef3 th\u00fa v\u1ecb.<\/p>\n<figure id=\"attachment_28024\" class=\"wp-caption aligncenter\" aria-describedby=\"caption-attachment-28024\"><img loading=\"lazy\" decoding=\"async\" class=\"alignnone size-full wp-image-2225\" src=\"https:\/\/autothaiduong.vn\/wp-content\/uploads\/2025\/05\/man-hinh-gotech-gt-11-5i-xem-video-giai-tri.jpg\" alt=\"M\u00e0n h\u00ecnh Gotech GT11.5I t\u1eadn h\u01b0\u1edfng s\u1ef1 th\u01b0 gi\u00e3n\" width=\"1000\" height=\"625\" srcset=\"https:\/\/autothaiduong.vn\/wp-content\/uploads\/2025\/05\/man-hinh-gotech-gt-11-5i-xem-video-giai-tri.jpg 1000w, https:\/\/autothaiduong.vn\/wp-content\/uploads\/2025\/05\/man-hinh-gotech-gt-11-5i-xem-video-giai-tri-600x375.jpg 600w, https:\/\/autothaiduong.vn\/wp-content\/uploads\/2025\/05\/man-hinh-gotech-gt-11-5i-xem-video-giai-tri-768x480.jpg 768w\" sizes=\"auto, (max-width: 1000px) 100vw, 1000px\" \/><figcaption id=\"caption-attachment-28024\" class=\"wp-caption-text\">M\u00e0n h\u00ecnh Gotech GT11.5I t\u1eadn h\u01b0\u1edfng s\u1ef1 th\u01b0 gi\u00e3n<\/figcaption><\/figure>\n<h3><b>Th\u01b0\u1edfng th\u1ee9c h\u1ec7 th\u1ed1ng \u00e2m thanh DSP-Equalizer ch\u1ea5t l\u01b0\u1ee3ng cao\u00a0<\/b><\/h3>\n<p>B\u1ed9 x\u1eed l\u00fd \u00e2m thanh s\u1ed1 DSP 32 k\u00eanh tr\u00ean m\u00e0n h\u00ecnh GOTECH GT11.5i l\u00e0 l\u1ee3i th\u1ebf \u0111\u1ec3 \u0111\u1ed3ng h\u00e0nh c\u00f9ng ng\u01b0\u1eddi d\u00f9ng tr\u00ean m\u1ed7i chuy\u1ebfn \u0111i.<\/p>\n<p>V\u1edbi ch\u1ea5t l\u01b0\u1ee3ng \u00e2m thanh c\u1ef1c k\u1ef3 b\u1eaft tai, b\u1ed9 \u0111i\u1ec1u ch\u1ec9nh \u00e2m thanh Equalizer s\u1ebd gi\u00fap b\u1ea1n c\u00f3 nh\u1eefng b\u00e0i nh\u1ea1c s\u1ed1ng \u0111\u1ed9ng v\u00e0 h\u1ea5p d\u1eabn, t\u1eadn h\u01b0\u1edfng m\u1ecdi th\u1ec3 lo\u1ea1i nh\u1ea1c nh\u01b0 ng\u1ed3i trong r\u1ea1p h\u00e1t.<\/p>\n<figure id=\"attachment_28025\" class=\"wp-caption aligncenter\" aria-describedby=\"caption-attachment-28025\"><img loading=\"lazy\" decoding=\"async\" class=\"alignnone size-full wp-image-2226\" src=\"https:\/\/autothaiduong.vn\/wp-content\/uploads\/2025\/05\/man-hinh-gotech-gt-11-5i-nghe-nhac-cuong-nhiet.jpg\" alt=\"M\u00e0n h\u00ecnh Gotech GT11.5I nghe nh\u1ea1c ch\u1ea5t l\u01b0\u1ee3ng\" width=\"1000\" height=\"625\" srcset=\"https:\/\/autothaiduong.vn\/wp-content\/uploads\/2025\/05\/man-hinh-gotech-gt-11-5i-nghe-nhac-cuong-nhiet.jpg 1000w, https:\/\/autothaiduong.vn\/wp-content\/uploads\/2025\/05\/man-hinh-gotech-gt-11-5i-nghe-nhac-cuong-nhiet-600x375.jpg 600w, https:\/\/autothaiduong.vn\/wp-content\/uploads\/2025\/05\/man-hinh-gotech-gt-11-5i-nghe-nhac-cuong-nhiet-768x480.jpg 768w\" sizes=\"auto, (max-width: 1000px) 100vw, 1000px\" \/><figcaption id=\"caption-attachment-28025\" class=\"wp-caption-text\">M\u00e0n h\u00ecnh Gotech GT11.5I nghe nh\u1ea1c ch\u1ea5t l\u01b0\u1ee3ng<\/figcaption><\/figure>\n<h3><b>Thi\u1ebft k\u1ebf giao di\u1ec7n \u1ea5n t\u01b0\u1ee3ng \u0111\u1ed9c quy\u1ec1n Gotech<\/b><\/h3>\n<p>M\u00e0n h\u00ecnh \u00f4 t\u00f4 th\u00f4ng minh GOTECH GT11.5i \u0111\u01b0\u1ee3c thi\u1ebft k\u1ebf \u0111\u1ed9c quy\u1ec1n Gotech v\u1edbi giao di\u1ec7n th\u00e2n thi\u1ec7n cho m\u1ecdi \u0111\u1ed1i t\u01b0\u1ee3ng kh\u00e1ch h\u00e0ng, kh\u1ea3 n\u0103ng hi\u1ec3n th\u1ecb s\u1eafc n\u00e9t ch\u00e2n th\u1ef1c \u0111i k\u00e8m trang b\u1ecb c\u00f4ng ngh\u1ec7 ch\u1ed1ng l\u00f3a IPS67 gi\u00fap gi\u1ea3m thi\u1ec3u t\u00ecnh tr\u1ea1ng ch\u00f3i v\u00e0 m\u1ecfi m\u1eaft cho ng\u01b0\u1eddi d\u00f9ng.<\/p>\n<p>Kh\u00e1ch h\u00e0ng c\u00f3 th\u1ec3 \u0111i\u1ec1u ch\u1ec9nh m\u00e0n h\u00ecnh, v\u1ecb tr\u00ed c\u00e1c \u1ee9ng d\u1ee5ng thu\u1eadn ti\u1ec7n trong qu\u00e1 tr\u00ecnh s\u1eed d\u1ee5ng v\u00e0 t\u0103ng gi\u1ea3m \u00e1nh s\u00e1ng ph\u00f9 h\u1ee3p v\u1edbi m\u1eaft nh\u00ecn theo \u0111i\u1ec1u ki\u1ec7n th\u1eddi ti\u1ebft.<\/p>\n<p>GT11.5i c\u0169ng gi\u00fap b\u1ea1n th\u1ec3 hi\u1ec7n t\u00ednh c\u00e1 nh\u00e2n h\u00f3a th\u00f4ng qua t\u00f9y ch\u1ecdn m\u00e0u s\u1eafc giao di\u1ec7n theo phong thu\u1ef7, theo s\u1edf th\u00edch.<\/p>\n<figure id=\"attachment_28026\" class=\"wp-caption aligncenter\" aria-describedby=\"caption-attachment-28026\"><img loading=\"lazy\" decoding=\"async\" class=\"alignnone size-full wp-image-2227\" src=\"https:\/\/autothaiduong.vn\/wp-content\/uploads\/2025\/05\/man-hinh-gotech-gt-11-5i-so-huu-kich-thuoc-lon-1.jpg\" alt=\"M\u00e0n h\u00ecnh Gotech GT11.5I giao di\u1ec7n thi\u1ebft k\u1ebf \u0111\u1ed9c quy\u1ec1n\" width=\"1000\" height=\"625\" srcset=\"https:\/\/autothaiduong.vn\/wp-content\/uploads\/2025\/05\/man-hinh-gotech-gt-11-5i-so-huu-kich-thuoc-lon-1.jpg 1000w, https:\/\/autothaiduong.vn\/wp-content\/uploads\/2025\/05\/man-hinh-gotech-gt-11-5i-so-huu-kich-thuoc-lon-1-600x375.jpg 600w, https:\/\/autothaiduong.vn\/wp-content\/uploads\/2025\/05\/man-hinh-gotech-gt-11-5i-so-huu-kich-thuoc-lon-1-768x480.jpg 768w\" sizes=\"auto, (max-width: 1000px) 100vw, 1000px\" \/><figcaption id=\"caption-attachment-28026\" class=\"wp-caption-text\">M\u00e0n h\u00ecnh Gotech GT11.5I giao di\u1ec7n thi\u1ebft k\u1ebf \u0111\u1ed9c quy\u1ec1n<\/figcaption><\/figure>\n<h3><b>Ki\u1ec3m tra th\u00f4ng tin b\u1ea3o h\u00e0nh \u0111i\u1ec7n t\u1eed nhanh ch\u00f3ng<\/b><\/h3>\n<p>Y\u00ean t\u00e2m ki\u1ec3m tra b\u1ea3o h\u00e0nh \u0111i\u1ec7n t\u1eed ngay tr\u00ean app m\u00e0n h\u00ecnh \u00f4 t\u00f4 m\u00e0 kh\u00f4ng c\u1ea7n l\u01b0u \u00fd s\u1ed5 hay gi\u1ea5y b\u1ea3o h\u00e0nh.<\/p>\n<p>M\u00e0n h\u00ecnh \u00f4 t\u00f4 GOTECH GT11.5i \u0111\u00e3 \u0111\u01b0\u1ee3c c\u00e0i \u0111\u1eb7t s\u1eb5n \u1ee9ng d\u1ee5ng Gotech Service \u0111\u1ec3 ng\u01b0\u1eddi d\u00f9ng tra c\u1ee9u m\u1ecdi l\u00fac m\u1ecdi n\u01a1i c\u00e1c th\u00f4ng tin b\u1ea3o h\u00e0nh, thu\u1eadn ti\u1ec7n li\u00ean l\u1ea1c v\u00e0 x\u1eed l\u00fd nhanh ch\u00f3ng nh\u1eefng ph\u00e1t sinh khi s\u1eed d\u1ee5ng.<\/p>\n<figure id=\"attachment_28027\" class=\"wp-caption aligncenter\" aria-describedby=\"caption-attachment-28027\"><img loading=\"lazy\" decoding=\"async\" class=\"alignnone size-full wp-image-2228\" src=\"https:\/\/autothaiduong.vn\/wp-content\/uploads\/2025\/05\/man-hinh-gotech-gt-11-5i-thiet-lap-bao-hanh-dien-tu.jpg\" alt=\"M\u00e0n h\u00ecnh Gotech GT11.5I t\u00edch h\u1ee3p b\u1ea3o h\u00e0nh \u0111i\u1ec7n t\u1eed\" width=\"1000\" height=\"625\" srcset=\"https:\/\/autothaiduong.vn\/wp-content\/uploads\/2025\/05\/man-hinh-gotech-gt-11-5i-thiet-lap-bao-hanh-dien-tu.jpg 1000w, https:\/\/autothaiduong.vn\/wp-content\/uploads\/2025\/05\/man-hinh-gotech-gt-11-5i-thiet-lap-bao-hanh-dien-tu-600x375.jpg 600w, https:\/\/autothaiduong.vn\/wp-content\/uploads\/2025\/05\/man-hinh-gotech-gt-11-5i-thiet-lap-bao-hanh-dien-tu-768x480.jpg 768w\" sizes=\"auto, (max-width: 1000px) 100vw, 1000px\" \/><figcaption id=\"caption-attachment-28027\" class=\"wp-caption-text\">M\u00e0n h\u00ecnh Gotech GT11.5I t\u00edch h\u1ee3p b\u1ea3o h\u00e0nh \u0111i\u1ec7n t\u1eed<\/figcaption><\/figure>\n<h2><b>H\u01b0\u1edbng d\u1eabn s\u1eed d\u1ee5ng m\u00e0n h\u00ecnh \u00f4 t\u00f4 th\u00f4ng minh GOTECH GT11.5i<\/b><\/h2>\n<ul>\n<li aria-level=\"1\">Ng\u01b0\u1eddi l\u00e1i c\u00f3 th\u1ec3 xem l\u1ea1i l\u1ecbch tr\u00ecnh di chuy\u1ec3n c\u1ee7a xe trong v\u00f2ng 365 ng\u00e0y<\/li>\n<li aria-level=\"1\">Mu\u1ed1n v\u00e0o b\u1ea3n \u0111\u1ed3 Navitel \u0111\u1ecdc kh\u1ea9u l\u1ec7nh: \u201c\u0110i t\u1edbi\/ Ch\u1ec9 t\u1edbi\/ D\u1eabn t\u1edbi + \u0111\u1ecba ch\u1ec9 + b\u1eb1ng Navitel\u201d<\/li>\n<li aria-level=\"1\">Mu\u1ed1n v\u00e0o b\u1ea3n \u0111\u1ed3 Googlemap \u0111\u1ecdc kh\u1ea9u l\u1ec7nh: \u201c\u0110i t\u1edbi \/ Ch\u1ec9 t\u1edbi\/ D\u1eabn t\u1edbi + \u0111\u1ecba ch\u1ec9 + b\u1eb1ng Googlemap\u201d<\/li>\n<li aria-level=\"1\">Mu\u1ed1n v\u00e0o b\u1ea3n \u0111\u1ed3 Vietmap \u0111\u1ecdc kh\u1ea9u l\u1ec7nh: \u201c\u0110i t\u1edbi\/ Ch\u1ec9 t\u1edbi\/ D\u1eabn t\u1edbi + \u0111\u1ecba ch\u1ec9 + b\u1eb1ng Vietmap\u201d<\/li>\n<li aria-level=\"1\">Mu\u1ed1n ki\u1ec3m tra ph\u1ea1t ngu\u1ed9i theo c\u00e2u l\u1ec7nh: \u201c Ph\u1ea1t ngu\u1ed9i + bi\u1ec3n s\u1ed1 xe\u201d<\/li>\n<li aria-level=\"1\">Mu\u1ed1n v\u00e0o Youtube \u0111\u1ecdc kh\u1ea9u l\u1ec7nh: \u201cM\u1edf video + t\u00ean b\u00e0i h\u00e1t\u201d<\/li>\n<li aria-level=\"1\">Mu\u1ed1n m\u1edf TV go \u0111\u1ecdc kh\u1ea9u l\u1ec7nh: \u201cXem + t\u00ean k\u00eanh\u201d<\/li>\n<li aria-level=\"1\">Mu\u1ed1n xem d\u1ef1 b\u00e1o th\u1eddi ti\u1ebft \u0111\u1ecdc kh\u1ea9u l\u1ec7nh: \u201cTh\u1eddi ti\u1ebft + t\u00ean th\u00e0nh ph\u1ed1\u201d<\/li>\n<li aria-level=\"1\">Mu\u1ed1n ki\u1ec3m tra \u00e1p su\u1ea5t l\u1ed1p t\u00edch h\u1ee3p m\u00e0n h\u00ecnh \u0111\u1ecdc kh\u1ea9u l\u1ec7nh: \u201cm\u1edf \u00c1p Su\u1ea5t L\u1ed1p\u201d<\/li>\n<li aria-level=\"1\">M\u1edf Camera h\u00e0nh tr\u00ecnh: \u201c M\u1edf camera tr\u01b0\u1edbc\u201d ho\u1eb7c \u201c M\u1edf camera h\u00e0nh tr\u00ecnh\u201d<\/li>\n<li aria-level=\"1\">K\u1ebft n\u1ed1i bluetooth tr\u1ef1c ti\u1ebfp v\u1edbi \u0111i\u1ec7n tho\u1ea1i v\u1edbi c\u00e1c c\u00e2u l\u1ec7nh<\/li>\n<li aria-level=\"1\">L\u1ec7nh g\u1ecdi \u0111\u1ec3 v\u00e0o Radio: \u201cNghe Radio\u201d<\/li>\n<\/ul>\n<div class=\"vms-read-more\"><\/div>\n","protected":false},"excerpt":{"rendered":"<p><em><strong>Auto Th\u00e1i D\u01b0\u01a1ng<\/strong><\/em><\/p>\n<p><em><strong>\u0110\u1ecba Ch\u1ec9 : 273-275 Tr\u1ea7n Ph\u00fa Ph\u01b0\u1eddng L\u1ed9c S\u01a1n Th\u00e0nh Ph\u1ed1 B\u1ea3o L\u1ed9c T\u1ec9nh L\u00e2m \u0110\u1ed3ng<\/strong><\/em><\/p>\n<p><em><strong> Hotline: 0912197441<\/strong><\/em><\/p>\n","protected":false},"featured_media":2217,"comment_status":"open","ping_status":"closed","template":"","meta":[],"product_brand":[71],"product_cat":[17,70,62],"product_tag":[],"class_list":{"0":"post-2216","1":"product","2":"type-product","3":"status-publish","4":"has-post-thumbnail","6":"product_brand-gotech","7":"product_cat-dvd-android-box","8":"product_cat-man-hinh-android","9":"product_cat-man-hinh-dvd-android-o-to","11":"first","12":"instock","13":"shipping-taxable","14":"purchasable","15":"product-type-simple"},"_links":{"self":[{"href":"https:\/\/autothaiduong.vn\/index.php?rest_route=\/wp\/v2\/product\/2216","targetHints":{"allow":["GET"]}}],"collection":[{"href":"https:\/\/autothaiduong.vn\/index.php?rest_route=\/wp\/v2\/product"}],"about":[{"href":"https:\/\/autothaiduong.vn\/index.php?rest_route=\/wp\/v2\/types\/product"}],"replies":[{"embeddable":true,"href":"https:\/\/autothaiduong.vn\/index.php?rest_route=%2Fwp%2Fv2%2Fcomments&post=2216"}],"wp:featuredmedia":[{"embeddable":true,"href":"https:\/\/autothaiduong.vn\/index.php?rest_route=\/wp\/v2\/media\/2217"}],"wp:attachment":[{"href":"https:\/\/autothaiduong.vn\/index.php?rest_route=%2Fwp%2Fv2%2Fmedia&parent=2216"}],"wp:term":[{"taxonomy":"product_brand","embeddable":true,"href":"https:\/\/autothaiduong.vn\/index.php?rest_route=%2Fwp%2Fv2%2Fproduct_brand&post=2216"},{"taxonomy":"product_cat","embeddable":true,"href":"https:\/\/autothaiduong.vn\/index.php?rest_route=%2Fwp%2Fv2%2Fproduct_cat&post=2216"},{"taxonomy":"product_tag","embeddable":true,"href":"https:\/\/autothaiduong.vn\/index.php?rest_route=%2Fwp%2Fv2%2Fproduct_tag&post=2216"}],"curies":[{"name":"wp","href":"https:\/\/api.w.org\/{rel}","templated":true}]}}