{"id":2242,"date":"2025-05-17T15:48:19","date_gmt":"2025-05-17T15:48:19","guid":{"rendered":"https:\/\/autothaiduong.vn\/?post_type=product&#038;p=2242"},"modified":"2025-05-17T15:48:43","modified_gmt":"2025-05-17T15:48:43","slug":"teyes-cc3-2k-max","status":"publish","type":"product","link":"https:\/\/autothaiduong.vn\/?product=teyes-cc3-2k-max","title":{"rendered":"TEYES CC3 2K MAX"},"content":{"rendered":"<p><img loading=\"lazy\" decoding=\"async\" class=\" wp-image-2122 aligncenter\" src=\"https:\/\/autothaiduong.vn\/wp-content\/uploads\/2025\/05\/z6584734442481_f208f5944548cb4b46353402ce2e64e0-3.jpg\" alt=\"\" width=\"276\" height=\"244\" \/><\/p>\n<p style=\"text-align: center;\"><span style=\"color: #ff0000; font-size: 140%;\"><strong>\u0110\u1ecba Ch\u1ec9 : 273-275 Tr\u1ea7n Ph\u00fa Ph\u01b0\u1eddng L\u1ed9c S\u01a1n Th\u00e0nh Ph\u1ed1 B\u1ea3o L\u1ed9c T\u1ec9nh L\u00e2m \u0110\u1ed3ng<\/strong><\/span><\/p>\n<p style=\"text-align: center;\"><span style=\"color: #ff0000; font-size: 140%;\"><strong> Hotline: 0912197441<\/strong><\/span><\/p>\n<section class=\"product-especially\">\n<div class=\"container\">\n<div class=\"rte\">\n<h2><strong>T\u00cdNH N\u0102NG N\u1ed4I B\u1eacT C\u1ee6A TEYES CC3 2K MAX\u00a0<\/strong><\/h2>\n<h3><strong>M\u00e0n h\u00ecnh 2K k\u00edch th\u01b0\u1edbc si\u00eau l\u1edbn 11.5 v\u00e0 13 inch<\/strong><\/h3>\n<p>M\u00e0n h\u00ecnh Teyes CC3 2K MAX m\u1edbi k\u00edch th\u01b0\u1edbc c\u1ef1c \u0111\u1ea1i trong th\u1ebf gi\u1edbi m\u00e0n h\u00ecnh \u00f4 t\u00f4. V\u1edbi m\u00e0n h\u00ecnh r\u1ed9ng 11.5 inch ho\u1eb7c 13 inch, s\u1eed d\u1ee5ng c\u00f4ng ngh\u1ec7 QLED cho h\u00ecnh \u1ea3nh s\u1eafc n\u00e9t, s\u1ed1ng \u0111\u1ed9ng. \u0110\u1ed9 ph\u00e2n gi\u1ea3i m\u00e0n h\u00ecnh l\u00ean \u0111\u1ebfn 2K (2000 x 1200 pixels) gi\u00fap m\u1ecdi tr\u1ea3i nghi\u1ec7m hi\u1ec3n th\u1ecb t\u1ed1i \u01b0u nh\u1ea5t ngay t\u1eeb l\u1ea7n ch\u1ea1m \u0111\u1ea7u ti\u00ean.<\/p>\n<h3><strong>Hi\u1ec3n th\u1ecb 3D h\u1ed7 tr\u1ee3 c\u1ea3nh b\u00e1o l\u1ec7ch l\u00e0n c\u1ea3nh b\u00e1o va ch\u1ea1m<\/strong><\/h3>\n<p>TEYES CC3 2K MAX 360 \u0111\u01b0\u1ee3c t\u00edch h\u1ee3p c\u1ea3m bi\u1ebfn con quay h\u1ed3i chuy\u1ec3n (gyroscope) ph\u00eda b\u00ean trong h\u1ed7 tr\u1ee3 ghi nh\u1eadn c\u00e1c tr\u1ea1ng th\u00e1i chuy\u1ec3n \u0111\u1ed9ng c\u1ee7a xe nh\u01b0 t\u0103ng t\u1ed1c r\u1ebd tr\u00e1i, t\u0103ng t\u1ed1c r\u1ebd ph\u1ea3i. C\u00e1c th\u00f4ng tin n\u00e0y s\u1ebd \u0111\u01b0\u1ee3c ti\u1ebfp nh\u1eadn v\u00e0 x\u1eed l\u00fd th\u00f4ng qua \u1ee9ng d\u1ee5ng m\u00f4 ph\u1ecfng 3D Teyes Vision.<\/p>\n<h3><strong>H\u1ed7 tr\u1ee3 k\u1ebft n\u1ed1i \u0111a k\u00eanh ph\u01b0\u01a1ng ti\u1ec7n<\/strong><\/h3>\n<p>T\u01b0\u01a1ng t\u01b0 c\u00e1c m\u00e0n h\u00ecnh Android \u00f4 t\u00f4 th\u00f4ng minh kh\u00e1c tr\u00ean th\u1ecb tr\u01b0\u1eddng hi\u1ec7n nay. M\u00e0n h\u00ecnh Teyes CC3 2K MAX s\u1ebd k\u1ebft n\u1ed1i \u0111\u01b0\u1ee3c v\u1edbi nhi\u1ec1u d\u00f2ng thi\u1ebft b\u1ecb ngo\u1ea1i vi kh\u00e1c nh\u01b0: Bluetooth, wifi, camera l\u00f9i, camera 360, c\u1ea3m bi\u1ebfn \u00e1p su\u1ea5t l\u1ed1p,\u2026 gi\u00fap ch\u1ee7 xe d\u1ec5 d\u00e0ng t\u1eadp trung c\u1ea7m l\u00e1i v\u00e0 b\u1ea3o \u0111\u1ea3m an to\u00e0n khi tham gia giao th\u00f4ng.<\/p>\n<p><img loading=\"lazy\" decoding=\"async\" class=\"alignnone size-full wp-image-2245\" src=\"https:\/\/autothaiduong.vn\/wp-content\/uploads\/2025\/05\/baner-1-min.png\" width=\"1280\" height=\"604\" srcset=\"https:\/\/autothaiduong.vn\/wp-content\/uploads\/2025\/05\/baner-1-min.png 1280w, https:\/\/autothaiduong.vn\/wp-content\/uploads\/2025\/05\/baner-1-min-600x283.png 600w, https:\/\/autothaiduong.vn\/wp-content\/uploads\/2025\/05\/baner-1-min-1024x483.png 1024w, https:\/\/autothaiduong.vn\/wp-content\/uploads\/2025\/05\/baner-1-min-768x362.png 768w\" sizes=\"auto, (max-width: 1280px) 100vw, 1280px\" \/><\/p>\n<h3><strong>C\u00f4ng ngh\u1ec7 c\u1eaft c\u1ea1nh kim c\u01b0\u01a1ng c\u00e1c g\u00f3c m\u00e0n h\u00ecnh<\/strong><\/h3>\n<p>M\u00e0n h\u00ecnh Teyes CC3 2K MAX s\u1eed d\u1ee5ng c\u00f4ng ngh\u1ec7 c\u1eaft c\u1ea1nh kim c\u01b0\u01a1ng \u1edf c\u1ea3 4 c\u1ea1nh c\u1ee7a m\u00e0n h\u00ecnh. C\u00f4ng ngh\u1ec7 c\u1eaft c\u1ea1nh kim c\u01b0\u01a1ng s\u1eed d\u1ee5ng c\u00e1c c\u00f4ng c\u1ee5 c\u1eaft kim c\u01b0\u01a1ng \u0111\u1ec3 t\u1ea1o ra c\u00e1c \u0111\u01b0\u1eddng c\u1eaft ch\u00ednh x\u00e1c v\u00e0 tinh x\u1ea3o. C\u00e1c \u0111\u01b0\u1eddng c\u1eaft c\u00f3 \u0111\u1ed9 cong v\u00e0 b\u00f3ng, mang l\u1ea1i v\u1ebb \u0111\u1eb9p sang tr\u1ecdng v\u00e0 \u0111\u1eb3ng c\u1ea5p cho m\u00e0n h\u00ecnh.<\/p>\n<p><img loading=\"lazy\" decoding=\"async\" class=\"alignnone size-full wp-image-2246\" src=\"https:\/\/autothaiduong.vn\/wp-content\/uploads\/2025\/05\/baner-3-min-48215149-525f-455a-9780-9e1826486784.png\" width=\"1280\" height=\"604\" srcset=\"https:\/\/autothaiduong.vn\/wp-content\/uploads\/2025\/05\/baner-3-min-48215149-525f-455a-9780-9e1826486784.png 1280w, https:\/\/autothaiduong.vn\/wp-content\/uploads\/2025\/05\/baner-3-min-48215149-525f-455a-9780-9e1826486784-600x283.png 600w, https:\/\/autothaiduong.vn\/wp-content\/uploads\/2025\/05\/baner-3-min-48215149-525f-455a-9780-9e1826486784-1024x483.png 1024w, https:\/\/autothaiduong.vn\/wp-content\/uploads\/2025\/05\/baner-3-min-48215149-525f-455a-9780-9e1826486784-768x362.png 768w\" sizes=\"auto, (max-width: 1280px) 100vw, 1280px\" \/><img loading=\"lazy\" decoding=\"async\" class=\"alignnone size-full wp-image-2247\" src=\"https:\/\/autothaiduong.vn\/wp-content\/uploads\/2025\/05\/baner-4.png\" width=\"1280\" height=\"604\" srcset=\"https:\/\/autothaiduong.vn\/wp-content\/uploads\/2025\/05\/baner-4.png 1280w, https:\/\/autothaiduong.vn\/wp-content\/uploads\/2025\/05\/baner-4-600x283.png 600w, https:\/\/autothaiduong.vn\/wp-content\/uploads\/2025\/05\/baner-4-1024x483.png 1024w, https:\/\/autothaiduong.vn\/wp-content\/uploads\/2025\/05\/baner-4-768x362.png 768w\" sizes=\"auto, (max-width: 1280px) 100vw, 1280px\" \/><\/p>\n<h3><strong>Chia \u0111\u00f4i m\u00e0n h\u00ecnh s\u1eed d\u1ee5ng \u0111a d\u1ee5ng<\/strong><\/h3>\n<p>M\u00e0n h\u00ecnh Teyes CC3 2K MAX n\u1ed5i b\u1eadt v\u1edbi giao di\u1ec7n chia \u0111\u00f4i m\u00e0n h\u00ecnh, cho ph\u00e9p hi\u1ec3n th\u1ecb song song 02 \u1ee9ng d\u1ee5ng m\u1ed9t c\u00e1ch linh ho\u1ea1t v\u00e0 hi\u1ec7u qu\u1ea3. T\u00ednh n\u0103ng n\u00e0y gi\u00fap ng\u01b0\u1eddi d\u00f9ng d\u1ec5 d\u00e0ng s\u1eed d\u1ee5ng nhi\u1ec1u \u1ee9ng d\u1ee5ng c\u00f9ng l\u00fac, t\u1eeb \u0111\u00f3 n\u00e2ng cao hi\u1ec7u qu\u1ea3 gi\u1ea3i tr\u00ed v\u00e0 l\u00e0m vi\u1ec7c tr\u00ean xe t\u1ea1o c\u1ea3m gi\u00e1c th\u0103ng hoa cho m\u1ecdi h\u00e0nh tr\u00ecnh.<\/p>\n<p><img loading=\"lazy\" decoding=\"async\" class=\"alignnone size-full wp-image-2248\" src=\"https:\/\/autothaiduong.vn\/wp-content\/uploads\/2025\/05\/baner-5-e3403a08-f56d-401c-9323-2b62e226e34e.png\" width=\"1280\" height=\"604\" srcset=\"https:\/\/autothaiduong.vn\/wp-content\/uploads\/2025\/05\/baner-5-e3403a08-f56d-401c-9323-2b62e226e34e.png 1280w, https:\/\/autothaiduong.vn\/wp-content\/uploads\/2025\/05\/baner-5-e3403a08-f56d-401c-9323-2b62e226e34e-600x283.png 600w, https:\/\/autothaiduong.vn\/wp-content\/uploads\/2025\/05\/baner-5-e3403a08-f56d-401c-9323-2b62e226e34e-1024x483.png 1024w, https:\/\/autothaiduong.vn\/wp-content\/uploads\/2025\/05\/baner-5-e3403a08-f56d-401c-9323-2b62e226e34e-768x362.png 768w\" sizes=\"auto, (max-width: 1280px) 100vw, 1280px\" \/><img loading=\"lazy\" decoding=\"async\" class=\"alignnone size-full wp-image-2249\" src=\"https:\/\/autothaiduong.vn\/wp-content\/uploads\/2025\/05\/baner-6-min.png\" width=\"1280\" height=\"604\" srcset=\"https:\/\/autothaiduong.vn\/wp-content\/uploads\/2025\/05\/baner-6-min.png 1280w, https:\/\/autothaiduong.vn\/wp-content\/uploads\/2025\/05\/baner-6-min-600x283.png 600w, https:\/\/autothaiduong.vn\/wp-content\/uploads\/2025\/05\/baner-6-min-1024x483.png 1024w, https:\/\/autothaiduong.vn\/wp-content\/uploads\/2025\/05\/baner-6-min-768x362.png 768w\" sizes=\"auto, (max-width: 1280px) 100vw, 1280px\" \/><\/p>\n<\/div>\n<\/div>\n<\/section>\n<section class=\"product-especially\">\n<div class=\"container\">\n<div class=\"rte\"><\/div>\n<\/div>\n<\/section>\n<section id=\"pro_specifications\" class=\"product-specifications\">\n<div class=\"container\">\n<h2>Th\u00f4ng s\u1ed1 k\u1ef9 thu\u1eadt<\/h2>\n<div class=\"row\">\n<div class=\"col-lg-6 col-md-12 col-sm-12 col-12\">\n<h3>K\u00edch th\u01b0\u1edbc s\u1ea3n ph\u1ea9m<\/h3>\n<\/div>\n<div class=\"col-lg-6 col-md-12 col-sm-12 col-12\">\n<div class=\"rte\">\n<table border=\"1\">\n<tbody>\n<tr>\n<td width=\"100\">H\u1ec7 \u0111i\u1ec1u h\u00e0nh (OS)<\/td>\n<td width=\"270\">Android 10<\/td>\n<\/tr>\n<tr>\n<td width=\"100\">Vi x\u1eed l\u00fd<\/td>\n<td width=\"270\">UIS 7862S (UMS512) 8 nh\u00e2n, 2.0GHz 2 x A75 + 6 x A55 ARM 12NM<\/td>\n<\/tr>\n<tr>\n<td width=\"100\">M\u00e0n h\u00ecnh<\/td>\n<td width=\"270\">QLED 11.5&#8243; \/ 13&#8243; | 2.5D c\u1ea3m \u1ee9ng \u0111a \u0111i\u1ec3m<\/td>\n<\/tr>\n<tr>\n<td width=\"100\">\u0110\u1ed9 ph\u00e2n gi\u1ea3i<br \/>\nm\u00e0n h\u00ecnh<\/td>\n<td width=\"270\">2000 x 1200 pixels 2K<\/td>\n<\/tr>\n<tr>\n<td width=\"100\">C\u1ea5u h\u00ecnh<\/td>\n<td width=\"270\">4GB \u2013 32GB<br \/>\n6GB \u2013 128GB<\/td>\n<\/tr>\n<tr>\n<td width=\"100\">\u00c2m thanh<\/td>\n<td width=\"270\">1 x chip ADAU 1701 1 x chip ROHM 32107<br \/>\n27 k\u00eanh EQ \u00e2m thanh v\u00f2m 5.1<\/td>\n<\/tr>\n<tr>\n<td width=\"100\">Bluetooth<\/td>\n<td width=\"270\">H\u1ed7 tr\u1ee3 5.1 Bluetooth<\/td>\n<\/tr>\n<tr>\n<td width=\"100\">K\u1ebft n\u1ed1i camera 360<\/td>\n<td width=\"270\">C\u00f3 ( H\u1ed7 tr\u1ee3 ph\u1ee5 ki\u1ec7n camera 360 )<\/td>\n<\/tr>\n<tr>\n<td width=\"100\">K\u1ebft n\u1ed1i Camera<\/td>\n<td width=\"270\">C\u00f3 ( H\u1ed7 tr\u1ee3 ph\u1ee5 ki\u1ec7n camera TEYES X5 )<\/td>\n<\/tr>\n<tr>\n<td width=\"100\">K\u1ebft n\u1ed1i WIFI<\/td>\n<td width=\"270\">C\u00f3 (2.4 Ghz \/ 5.0 Ghz )<\/td>\n<\/tr>\n<tr>\n<td width=\"100\">K\u1ebft n\u1ed1i SIM 4G<\/td>\n<td width=\"270\">C\u00f3<\/td>\n<\/tr>\n<tr>\n<td width=\"100\">K\u1ebft n\u1ed1i AM\/ FM \/ RDS Radio<\/td>\n<td width=\"270\">C\u00f3<\/td>\n<\/tr>\n<\/tbody>\n<\/table>\n<\/div>\n<\/div>\n<\/div>\n<\/div>\n<\/section>\n","protected":false},"excerpt":{"rendered":"<p><em><strong>Auto Th\u00e1i D\u01b0\u01a1ng- \u0110\u1ea1i L\u00ed Ch\u00ednh H\u00e3ng VietMap T\u1ea1i TP.B\u1ea3o L\u1ed9c\u00a0<\/strong><\/em><\/p>\n<p><em><strong>\u0110\u1ecba Ch\u1ec9 : 273-275 Tr\u1ea7n Ph\u00fa Ph\u01b0\u1eddng L\u1ed9c S\u01a1n Th\u00e0nh Ph\u1ed1 B\u1ea3o L\u1ed9c T\u1ec9nh L\u00e2m \u0110\u1ed3ng <\/strong><\/em><\/p>\n<p><em><strong>Hotline: 0912197441<\/strong><\/em><\/p>\n","protected":false},"featured_media":2243,"comment_status":"open","ping_status":"closed","template":"","meta":[],"product_brand":[84],"product_cat":[17,70,62],"product_tag":[],"class_list":{"0":"post-2242","1":"product","2":"type-product","3":"status-publish","4":"has-post-thumbnail","6":"product_brand-vietmap","7":"product_cat-dvd-android-box","8":"product_cat-man-hinh-android","9":"product_cat-man-hinh-dvd-android-o-to","11":"first","12":"instock","13":"shipping-taxable","14":"purchasable","15":"product-type-simple"},"_links":{"self":[{"href":"https:\/\/autothaiduong.vn\/index.php?rest_route=\/wp\/v2\/product\/2242","targetHints":{"allow":["GET"]}}],"collection":[{"href":"https:\/\/autothaiduong.vn\/index.php?rest_route=\/wp\/v2\/product"}],"about":[{"href":"https:\/\/autothaiduong.vn\/index.php?rest_route=\/wp\/v2\/types\/product"}],"replies":[{"embeddable":true,"href":"https:\/\/autothaiduong.vn\/index.php?rest_route=%2Fwp%2Fv2%2Fcomments&post=2242"}],"wp:featuredmedia":[{"embeddable":true,"href":"https:\/\/autothaiduong.vn\/index.php?rest_route=\/wp\/v2\/media\/2243"}],"wp:attachment":[{"href":"https:\/\/autothaiduong.vn\/index.php?rest_route=%2Fwp%2Fv2%2Fmedia&parent=2242"}],"wp:term":[{"taxonomy":"product_brand","embeddable":true,"href":"https:\/\/autothaiduong.vn\/index.php?rest_route=%2Fwp%2Fv2%2Fproduct_brand&post=2242"},{"taxonomy":"product_cat","embeddable":true,"href":"https:\/\/autothaiduong.vn\/index.php?rest_route=%2Fwp%2Fv2%2Fproduct_cat&post=2242"},{"taxonomy":"product_tag","embeddable":true,"href":"https:\/\/autothaiduong.vn\/index.php?rest_route=%2Fwp%2Fv2%2Fproduct_tag&post=2242"}],"curies":[{"name":"wp","href":"https:\/\/api.w.org\/{rel}","templated":true}]}}