{"id":2250,"date":"2025-05-17T15:53:15","date_gmt":"2025-05-17T15:53:15","guid":{"rendered":"https:\/\/autothaiduong.vn\/?post_type=product&#038;p=2250"},"modified":"2025-05-17T15:57:13","modified_gmt":"2025-05-17T15:57:13","slug":"lux-one-danh-rieng-cho-dong-bmw-audi-mercedes","status":"publish","type":"product","link":"https:\/\/autothaiduong.vn\/?product=lux-one-danh-rieng-cho-dong-bmw-audi-mercedes","title":{"rendered":"Lux One D\u00e0nh Ri\u00eang Cho D\u00f2ng BMW-AUDI-MERCEDES"},"content":{"rendered":"<p><img loading=\"lazy\" decoding=\"async\" class=\" wp-image-2122 aligncenter\" src=\"https:\/\/autothaiduong.vn\/wp-content\/uploads\/2025\/05\/z6584734442481_f208f5944548cb4b46353402ce2e64e0-3.jpg\" alt=\"\" width=\"287\" height=\"254\" \/><\/p>\n<p style=\"text-align: center;\"><span style=\"color: #ff0000; font-size: 140%;\"><strong>\u0110\u1ecba Ch\u1ec9 : 273-275 Tr\u1ea7n Ph\u00fa Ph\u01b0\u1eddng L\u1ed9c S\u01a1n Th\u00e0nh Ph\u1ed1 B\u1ea3o L\u1ed9c T\u1ec9nh L\u00e2m \u0110\u1ed3ng <\/strong><\/span><\/p>\n<p style=\"text-align: center;\"><span style=\"color: #ff0000; font-size: 140%;\"><strong>Hotline: 0912197441<\/strong><\/span><\/p>\n<section class=\"product-especially\">\n<div class=\"container\">\n<div class=\"rte\">\n<p><img loading=\"lazy\" decoding=\"async\" class=\"alignnone size-full wp-image-2252\" src=\"https:\/\/autothaiduong.vn\/wp-content\/uploads\/2025\/05\/lux-one-1.png\" width=\"800\" height=\"1132\" srcset=\"https:\/\/autothaiduong.vn\/wp-content\/uploads\/2025\/05\/lux-one-1.png 800w, https:\/\/autothaiduong.vn\/wp-content\/uploads\/2025\/05\/lux-one-1-424x600.png 424w, https:\/\/autothaiduong.vn\/wp-content\/uploads\/2025\/05\/lux-one-1-724x1024.png 724w, https:\/\/autothaiduong.vn\/wp-content\/uploads\/2025\/05\/lux-one-1-768x1087.png 768w, https:\/\/autothaiduong.vn\/wp-content\/uploads\/2025\/05\/lux-one-1-600x849.png 600w\" sizes=\"auto, (max-width: 800px) 100vw, 800px\" \/><\/p>\n<p><img loading=\"lazy\" decoding=\"async\" class=\"alignnone size-full wp-image-2253\" src=\"https:\/\/autothaiduong.vn\/wp-content\/uploads\/2025\/05\/luxone-2.png\" width=\"800\" height=\"1132\" srcset=\"https:\/\/autothaiduong.vn\/wp-content\/uploads\/2025\/05\/luxone-2.png 800w, https:\/\/autothaiduong.vn\/wp-content\/uploads\/2025\/05\/luxone-2-424x600.png 424w, https:\/\/autothaiduong.vn\/wp-content\/uploads\/2025\/05\/luxone-2-724x1024.png 724w, https:\/\/autothaiduong.vn\/wp-content\/uploads\/2025\/05\/luxone-2-768x1087.png 768w, https:\/\/autothaiduong.vn\/wp-content\/uploads\/2025\/05\/luxone-2-600x849.png 600w\" sizes=\"auto, (max-width: 800px) 100vw, 800px\" \/><\/p>\n<p><img loading=\"lazy\" decoding=\"async\" class=\"alignnone size-full wp-image-2254\" src=\"https:\/\/autothaiduong.vn\/wp-content\/uploads\/2025\/05\/2-76e7b522-9bad-476b-9dd8-8fbba079ff36.png\" width=\"800\" height=\"1132\" srcset=\"https:\/\/autothaiduong.vn\/wp-content\/uploads\/2025\/05\/2-76e7b522-9bad-476b-9dd8-8fbba079ff36.png 800w, https:\/\/autothaiduong.vn\/wp-content\/uploads\/2025\/05\/2-76e7b522-9bad-476b-9dd8-8fbba079ff36-424x600.png 424w, https:\/\/autothaiduong.vn\/wp-content\/uploads\/2025\/05\/2-76e7b522-9bad-476b-9dd8-8fbba079ff36-724x1024.png 724w, https:\/\/autothaiduong.vn\/wp-content\/uploads\/2025\/05\/2-76e7b522-9bad-476b-9dd8-8fbba079ff36-768x1087.png 768w, https:\/\/autothaiduong.vn\/wp-content\/uploads\/2025\/05\/2-76e7b522-9bad-476b-9dd8-8fbba079ff36-600x849.png 600w\" sizes=\"auto, (max-width: 800px) 100vw, 800px\" \/><\/p>\n<p><img loading=\"lazy\" decoding=\"async\" class=\"alignnone size-full wp-image-2255\" src=\"https:\/\/autothaiduong.vn\/wp-content\/uploads\/2025\/05\/luxone-3.png\" width=\"800\" height=\"1132\" srcset=\"https:\/\/autothaiduong.vn\/wp-content\/uploads\/2025\/05\/luxone-3.png 800w, https:\/\/autothaiduong.vn\/wp-content\/uploads\/2025\/05\/luxone-3-424x600.png 424w, https:\/\/autothaiduong.vn\/wp-content\/uploads\/2025\/05\/luxone-3-724x1024.png 724w, https:\/\/autothaiduong.vn\/wp-content\/uploads\/2025\/05\/luxone-3-768x1087.png 768w, https:\/\/autothaiduong.vn\/wp-content\/uploads\/2025\/05\/luxone-3-600x849.png 600w\" sizes=\"auto, (max-width: 800px) 100vw, 800px\" \/><\/p>\n<p><img loading=\"lazy\" decoding=\"async\" class=\"alignnone size-full wp-image-2256\" src=\"https:\/\/autothaiduong.vn\/wp-content\/uploads\/2025\/05\/5-dcb0c768-4c9d-4790-83fe-1c5d944340c0.png\" width=\"800\" height=\"1132\" srcset=\"https:\/\/autothaiduong.vn\/wp-content\/uploads\/2025\/05\/5-dcb0c768-4c9d-4790-83fe-1c5d944340c0.png 800w, https:\/\/autothaiduong.vn\/wp-content\/uploads\/2025\/05\/5-dcb0c768-4c9d-4790-83fe-1c5d944340c0-424x600.png 424w, https:\/\/autothaiduong.vn\/wp-content\/uploads\/2025\/05\/5-dcb0c768-4c9d-4790-83fe-1c5d944340c0-724x1024.png 724w, https:\/\/autothaiduong.vn\/wp-content\/uploads\/2025\/05\/5-dcb0c768-4c9d-4790-83fe-1c5d944340c0-768x1087.png 768w, https:\/\/autothaiduong.vn\/wp-content\/uploads\/2025\/05\/5-dcb0c768-4c9d-4790-83fe-1c5d944340c0-600x849.png 600w\" sizes=\"auto, (max-width: 800px) 100vw, 800px\" \/><\/p>\n<p><img loading=\"lazy\" decoding=\"async\" class=\"alignnone size-full wp-image-2257\" src=\"https:\/\/autothaiduong.vn\/wp-content\/uploads\/2025\/05\/6-9328aa88-543e-4fe1-8e3c-a6008acf6937.png\" width=\"800\" height=\"1132\" srcset=\"https:\/\/autothaiduong.vn\/wp-content\/uploads\/2025\/05\/6-9328aa88-543e-4fe1-8e3c-a6008acf6937.png 800w, https:\/\/autothaiduong.vn\/wp-content\/uploads\/2025\/05\/6-9328aa88-543e-4fe1-8e3c-a6008acf6937-424x600.png 424w, https:\/\/autothaiduong.vn\/wp-content\/uploads\/2025\/05\/6-9328aa88-543e-4fe1-8e3c-a6008acf6937-724x1024.png 724w, https:\/\/autothaiduong.vn\/wp-content\/uploads\/2025\/05\/6-9328aa88-543e-4fe1-8e3c-a6008acf6937-768x1087.png 768w, https:\/\/autothaiduong.vn\/wp-content\/uploads\/2025\/05\/6-9328aa88-543e-4fe1-8e3c-a6008acf6937-600x849.png 600w\" sizes=\"auto, (max-width: 800px) 100vw, 800px\" \/><\/p>\n<p><img loading=\"lazy\" decoding=\"async\" class=\"alignnone size-full wp-image-2258\" src=\"https:\/\/autothaiduong.vn\/wp-content\/uploads\/2025\/05\/7-f97aaebd-2a5b-4db7-8d36-6ec076a40da5.png\" width=\"800\" height=\"1132\" srcset=\"https:\/\/autothaiduong.vn\/wp-content\/uploads\/2025\/05\/7-f97aaebd-2a5b-4db7-8d36-6ec076a40da5.png 800w, https:\/\/autothaiduong.vn\/wp-content\/uploads\/2025\/05\/7-f97aaebd-2a5b-4db7-8d36-6ec076a40da5-424x600.png 424w, https:\/\/autothaiduong.vn\/wp-content\/uploads\/2025\/05\/7-f97aaebd-2a5b-4db7-8d36-6ec076a40da5-724x1024.png 724w, https:\/\/autothaiduong.vn\/wp-content\/uploads\/2025\/05\/7-f97aaebd-2a5b-4db7-8d36-6ec076a40da5-768x1087.png 768w, https:\/\/autothaiduong.vn\/wp-content\/uploads\/2025\/05\/7-f97aaebd-2a5b-4db7-8d36-6ec076a40da5-600x849.png 600w\" sizes=\"auto, (max-width: 800px) 100vw, 800px\" \/><\/p>\n<p><img loading=\"lazy\" decoding=\"async\" class=\"alignnone size-full wp-image-2259\" src=\"https:\/\/autothaiduong.vn\/wp-content\/uploads\/2025\/05\/8-c59dcc40-d6c3-471d-a4f8-e9e974d36200.png\" width=\"800\" height=\"1132\" srcset=\"https:\/\/autothaiduong.vn\/wp-content\/uploads\/2025\/05\/8-c59dcc40-d6c3-471d-a4f8-e9e974d36200.png 800w, https:\/\/autothaiduong.vn\/wp-content\/uploads\/2025\/05\/8-c59dcc40-d6c3-471d-a4f8-e9e974d36200-424x600.png 424w, https:\/\/autothaiduong.vn\/wp-content\/uploads\/2025\/05\/8-c59dcc40-d6c3-471d-a4f8-e9e974d36200-724x1024.png 724w, https:\/\/autothaiduong.vn\/wp-content\/uploads\/2025\/05\/8-c59dcc40-d6c3-471d-a4f8-e9e974d36200-768x1087.png 768w, https:\/\/autothaiduong.vn\/wp-content\/uploads\/2025\/05\/8-c59dcc40-d6c3-471d-a4f8-e9e974d36200-600x849.png 600w\" sizes=\"auto, (max-width: 800px) 100vw, 800px\" \/><\/p>\n<p><img loading=\"lazy\" decoding=\"async\" class=\"alignnone size-full wp-image-2260\" src=\"https:\/\/autothaiduong.vn\/wp-content\/uploads\/2025\/05\/9-2cdbc454-f0f8-4bf0-8074-20456260dbe0.png\" width=\"800\" height=\"1132\" srcset=\"https:\/\/autothaiduong.vn\/wp-content\/uploads\/2025\/05\/9-2cdbc454-f0f8-4bf0-8074-20456260dbe0.png 800w, https:\/\/autothaiduong.vn\/wp-content\/uploads\/2025\/05\/9-2cdbc454-f0f8-4bf0-8074-20456260dbe0-424x600.png 424w, https:\/\/autothaiduong.vn\/wp-content\/uploads\/2025\/05\/9-2cdbc454-f0f8-4bf0-8074-20456260dbe0-724x1024.png 724w, https:\/\/autothaiduong.vn\/wp-content\/uploads\/2025\/05\/9-2cdbc454-f0f8-4bf0-8074-20456260dbe0-768x1087.png 768w, https:\/\/autothaiduong.vn\/wp-content\/uploads\/2025\/05\/9-2cdbc454-f0f8-4bf0-8074-20456260dbe0-600x849.png 600w\" sizes=\"auto, (max-width: 800px) 100vw, 800px\" \/><\/p>\n<p><img loading=\"lazy\" decoding=\"async\" class=\"alignnone size-full wp-image-2261\" src=\"https:\/\/autothaiduong.vn\/wp-content\/uploads\/2025\/05\/10-7506919e-7673-4650-9127-1d192f915885.png\" width=\"800\" height=\"1132\" srcset=\"https:\/\/autothaiduong.vn\/wp-content\/uploads\/2025\/05\/10-7506919e-7673-4650-9127-1d192f915885.png 800w, https:\/\/autothaiduong.vn\/wp-content\/uploads\/2025\/05\/10-7506919e-7673-4650-9127-1d192f915885-424x600.png 424w, https:\/\/autothaiduong.vn\/wp-content\/uploads\/2025\/05\/10-7506919e-7673-4650-9127-1d192f915885-724x1024.png 724w, https:\/\/autothaiduong.vn\/wp-content\/uploads\/2025\/05\/10-7506919e-7673-4650-9127-1d192f915885-768x1087.png 768w, https:\/\/autothaiduong.vn\/wp-content\/uploads\/2025\/05\/10-7506919e-7673-4650-9127-1d192f915885-600x849.png 600w\" sizes=\"auto, (max-width: 800px) 100vw, 800px\" \/><\/p>\n<p><img loading=\"lazy\" decoding=\"async\" class=\"alignnone size-full wp-image-2262\" src=\"https:\/\/autothaiduong.vn\/wp-content\/uploads\/2025\/05\/11-bd14ec9b-0f3d-4739-a48c-2efeb307a0e2.png\" width=\"800\" height=\"1132\" srcset=\"https:\/\/autothaiduong.vn\/wp-content\/uploads\/2025\/05\/11-bd14ec9b-0f3d-4739-a48c-2efeb307a0e2.png 800w, https:\/\/autothaiduong.vn\/wp-content\/uploads\/2025\/05\/11-bd14ec9b-0f3d-4739-a48c-2efeb307a0e2-424x600.png 424w, https:\/\/autothaiduong.vn\/wp-content\/uploads\/2025\/05\/11-bd14ec9b-0f3d-4739-a48c-2efeb307a0e2-724x1024.png 724w, https:\/\/autothaiduong.vn\/wp-content\/uploads\/2025\/05\/11-bd14ec9b-0f3d-4739-a48c-2efeb307a0e2-768x1087.png 768w, https:\/\/autothaiduong.vn\/wp-content\/uploads\/2025\/05\/11-bd14ec9b-0f3d-4739-a48c-2efeb307a0e2-600x849.png 600w\" sizes=\"auto, (max-width: 800px) 100vw, 800px\" \/><br \/>\n<img loading=\"lazy\" decoding=\"async\" class=\"alignnone size-full wp-image-2263\" src=\"https:\/\/autothaiduong.vn\/wp-content\/uploads\/2025\/05\/12-c3d0fb24-3fae-4fb3-be8b-dd41a04fba20.png\" width=\"800\" height=\"1132\" srcset=\"https:\/\/autothaiduong.vn\/wp-content\/uploads\/2025\/05\/12-c3d0fb24-3fae-4fb3-be8b-dd41a04fba20.png 800w, https:\/\/autothaiduong.vn\/wp-content\/uploads\/2025\/05\/12-c3d0fb24-3fae-4fb3-be8b-dd41a04fba20-424x600.png 424w, https:\/\/autothaiduong.vn\/wp-content\/uploads\/2025\/05\/12-c3d0fb24-3fae-4fb3-be8b-dd41a04fba20-724x1024.png 724w, https:\/\/autothaiduong.vn\/wp-content\/uploads\/2025\/05\/12-c3d0fb24-3fae-4fb3-be8b-dd41a04fba20-768x1087.png 768w, https:\/\/autothaiduong.vn\/wp-content\/uploads\/2025\/05\/12-c3d0fb24-3fae-4fb3-be8b-dd41a04fba20-600x849.png 600w\" sizes=\"auto, (max-width: 800px) 100vw, 800px\" \/><\/p>\n<p><img loading=\"lazy\" decoding=\"async\" class=\"alignnone size-full wp-image-2264\" src=\"https:\/\/autothaiduong.vn\/wp-content\/uploads\/2025\/05\/luxone-10.png\" width=\"800\" height=\"1132\" srcset=\"https:\/\/autothaiduong.vn\/wp-content\/uploads\/2025\/05\/luxone-10.png 800w, https:\/\/autothaiduong.vn\/wp-content\/uploads\/2025\/05\/luxone-10-424x600.png 424w, https:\/\/autothaiduong.vn\/wp-content\/uploads\/2025\/05\/luxone-10-724x1024.png 724w, https:\/\/autothaiduong.vn\/wp-content\/uploads\/2025\/05\/luxone-10-768x1087.png 768w, https:\/\/autothaiduong.vn\/wp-content\/uploads\/2025\/05\/luxone-10-600x849.png 600w\" sizes=\"auto, (max-width: 800px) 100vw, 800px\" \/><\/p>\n<p><img loading=\"lazy\" decoding=\"async\" class=\"alignnone size-full wp-image-2265\" src=\"https:\/\/autothaiduong.vn\/wp-content\/uploads\/2025\/05\/luxone-9.png\" width=\"800\" height=\"1132\" srcset=\"https:\/\/autothaiduong.vn\/wp-content\/uploads\/2025\/05\/luxone-9.png 800w, https:\/\/autothaiduong.vn\/wp-content\/uploads\/2025\/05\/luxone-9-424x600.png 424w, https:\/\/autothaiduong.vn\/wp-content\/uploads\/2025\/05\/luxone-9-724x1024.png 724w, https:\/\/autothaiduong.vn\/wp-content\/uploads\/2025\/05\/luxone-9-768x1087.png 768w, https:\/\/autothaiduong.vn\/wp-content\/uploads\/2025\/05\/luxone-9-600x849.png 600w\" sizes=\"auto, (max-width: 800px) 100vw, 800px\" \/><\/p>\n<p><img loading=\"lazy\" decoding=\"async\" class=\"alignnone size-full wp-image-2266\" src=\"https:\/\/autothaiduong.vn\/wp-content\/uploads\/2025\/05\/15-8a131959-5acb-4223-b2a8-05d05a813b1d.png\" width=\"800\" height=\"1132\" srcset=\"https:\/\/autothaiduong.vn\/wp-content\/uploads\/2025\/05\/15-8a131959-5acb-4223-b2a8-05d05a813b1d.png 800w, https:\/\/autothaiduong.vn\/wp-content\/uploads\/2025\/05\/15-8a131959-5acb-4223-b2a8-05d05a813b1d-424x600.png 424w, https:\/\/autothaiduong.vn\/wp-content\/uploads\/2025\/05\/15-8a131959-5acb-4223-b2a8-05d05a813b1d-724x1024.png 724w, https:\/\/autothaiduong.vn\/wp-content\/uploads\/2025\/05\/15-8a131959-5acb-4223-b2a8-05d05a813b1d-768x1087.png 768w, https:\/\/autothaiduong.vn\/wp-content\/uploads\/2025\/05\/15-8a131959-5acb-4223-b2a8-05d05a813b1d-600x849.png 600w\" sizes=\"auto, (max-width: 800px) 100vw, 800px\" \/><\/p>\n<p><img loading=\"lazy\" decoding=\"async\" class=\"alignnone size-full wp-image-2267\" src=\"https:\/\/autothaiduong.vn\/wp-content\/uploads\/2025\/05\/luxone-8.png\" width=\"800\" height=\"1132\" srcset=\"https:\/\/autothaiduong.vn\/wp-content\/uploads\/2025\/05\/luxone-8.png 800w, https:\/\/autothaiduong.vn\/wp-content\/uploads\/2025\/05\/luxone-8-424x600.png 424w, https:\/\/autothaiduong.vn\/wp-content\/uploads\/2025\/05\/luxone-8-724x1024.png 724w, https:\/\/autothaiduong.vn\/wp-content\/uploads\/2025\/05\/luxone-8-768x1087.png 768w, https:\/\/autothaiduong.vn\/wp-content\/uploads\/2025\/05\/luxone-8-600x849.png 600w\" sizes=\"auto, (max-width: 800px) 100vw, 800px\" \/><\/p>\n<p><img loading=\"lazy\" decoding=\"async\" class=\"alignnone size-full wp-image-2268\" src=\"https:\/\/autothaiduong.vn\/wp-content\/uploads\/2025\/05\/luxone-7.png\" width=\"800\" height=\"1132\" srcset=\"https:\/\/autothaiduong.vn\/wp-content\/uploads\/2025\/05\/luxone-7.png 800w, https:\/\/autothaiduong.vn\/wp-content\/uploads\/2025\/05\/luxone-7-424x600.png 424w, https:\/\/autothaiduong.vn\/wp-content\/uploads\/2025\/05\/luxone-7-724x1024.png 724w, https:\/\/autothaiduong.vn\/wp-content\/uploads\/2025\/05\/luxone-7-768x1087.png 768w, https:\/\/autothaiduong.vn\/wp-content\/uploads\/2025\/05\/luxone-7-600x849.png 600w\" sizes=\"auto, (max-width: 800px) 100vw, 800px\" \/><\/p>\n<p><img loading=\"lazy\" decoding=\"async\" class=\"alignnone size-full wp-image-2269\" src=\"https:\/\/autothaiduong.vn\/wp-content\/uploads\/2025\/05\/luxone-6.png\" width=\"800\" height=\"1132\" srcset=\"https:\/\/autothaiduong.vn\/wp-content\/uploads\/2025\/05\/luxone-6.png 800w, https:\/\/autothaiduong.vn\/wp-content\/uploads\/2025\/05\/luxone-6-424x600.png 424w, https:\/\/autothaiduong.vn\/wp-content\/uploads\/2025\/05\/luxone-6-724x1024.png 724w, https:\/\/autothaiduong.vn\/wp-content\/uploads\/2025\/05\/luxone-6-768x1087.png 768w, https:\/\/autothaiduong.vn\/wp-content\/uploads\/2025\/05\/luxone-6-600x849.png 600w\" sizes=\"auto, (max-width: 800px) 100vw, 800px\" \/><\/p>\n<p><img loading=\"lazy\" decoding=\"async\" class=\"alignnone size-full wp-image-2270\" src=\"https:\/\/autothaiduong.vn\/wp-content\/uploads\/2025\/05\/19-289c304b-4461-432f-91f8-cc8bcb34db04.png\" width=\"800\" height=\"1132\" srcset=\"https:\/\/autothaiduong.vn\/wp-content\/uploads\/2025\/05\/19-289c304b-4461-432f-91f8-cc8bcb34db04.png 800w, https:\/\/autothaiduong.vn\/wp-content\/uploads\/2025\/05\/19-289c304b-4461-432f-91f8-cc8bcb34db04-424x600.png 424w, https:\/\/autothaiduong.vn\/wp-content\/uploads\/2025\/05\/19-289c304b-4461-432f-91f8-cc8bcb34db04-724x1024.png 724w, https:\/\/autothaiduong.vn\/wp-content\/uploads\/2025\/05\/19-289c304b-4461-432f-91f8-cc8bcb34db04-768x1087.png 768w, https:\/\/autothaiduong.vn\/wp-content\/uploads\/2025\/05\/19-289c304b-4461-432f-91f8-cc8bcb34db04-600x849.png 600w\" sizes=\"auto, (max-width: 800px) 100vw, 800px\" \/><\/p>\n<p><img loading=\"lazy\" decoding=\"async\" class=\"alignnone size-full wp-image-2271\" src=\"https:\/\/autothaiduong.vn\/wp-content\/uploads\/2025\/05\/20-e8557368-aef5-4c07-ad78-447f9f2b2171.png\" width=\"800\" height=\"1132\" srcset=\"https:\/\/autothaiduong.vn\/wp-content\/uploads\/2025\/05\/20-e8557368-aef5-4c07-ad78-447f9f2b2171.png 800w, https:\/\/autothaiduong.vn\/wp-content\/uploads\/2025\/05\/20-e8557368-aef5-4c07-ad78-447f9f2b2171-424x600.png 424w, https:\/\/autothaiduong.vn\/wp-content\/uploads\/2025\/05\/20-e8557368-aef5-4c07-ad78-447f9f2b2171-724x1024.png 724w, https:\/\/autothaiduong.vn\/wp-content\/uploads\/2025\/05\/20-e8557368-aef5-4c07-ad78-447f9f2b2171-768x1087.png 768w, https:\/\/autothaiduong.vn\/wp-content\/uploads\/2025\/05\/20-e8557368-aef5-4c07-ad78-447f9f2b2171-600x849.png 600w\" sizes=\"auto, (max-width: 800px) 100vw, 800px\" \/><\/p>\n<p><img loading=\"lazy\" decoding=\"async\" class=\"alignnone size-full wp-image-2272\" src=\"https:\/\/autothaiduong.vn\/wp-content\/uploads\/2025\/05\/21-c1e6b272-aef1-40a3-9306-d76419f98688.png\" width=\"800\" height=\"1132\" srcset=\"https:\/\/autothaiduong.vn\/wp-content\/uploads\/2025\/05\/21-c1e6b272-aef1-40a3-9306-d76419f98688.png 800w, https:\/\/autothaiduong.vn\/wp-content\/uploads\/2025\/05\/21-c1e6b272-aef1-40a3-9306-d76419f98688-424x600.png 424w, https:\/\/autothaiduong.vn\/wp-content\/uploads\/2025\/05\/21-c1e6b272-aef1-40a3-9306-d76419f98688-724x1024.png 724w, https:\/\/autothaiduong.vn\/wp-content\/uploads\/2025\/05\/21-c1e6b272-aef1-40a3-9306-d76419f98688-768x1087.png 768w, https:\/\/autothaiduong.vn\/wp-content\/uploads\/2025\/05\/21-c1e6b272-aef1-40a3-9306-d76419f98688-600x849.png 600w\" sizes=\"auto, (max-width: 800px) 100vw, 800px\" \/><\/p>\n<p><img loading=\"lazy\" decoding=\"async\" class=\"alignnone size-full wp-image-2273\" src=\"https:\/\/autothaiduong.vn\/wp-content\/uploads\/2025\/05\/luxone-11.png\" width=\"848\" height=\"1200\" srcset=\"https:\/\/autothaiduong.vn\/wp-content\/uploads\/2025\/05\/luxone-11.png 848w, https:\/\/autothaiduong.vn\/wp-content\/uploads\/2025\/05\/luxone-11-424x600.png 424w, https:\/\/autothaiduong.vn\/wp-content\/uploads\/2025\/05\/luxone-11-724x1024.png 724w, https:\/\/autothaiduong.vn\/wp-content\/uploads\/2025\/05\/luxone-11-768x1087.png 768w, https:\/\/autothaiduong.vn\/wp-content\/uploads\/2025\/05\/luxone-11-600x849.png 600w\" sizes=\"auto, (max-width: 848px) 100vw, 848px\" \/><\/p>\n<p><img loading=\"lazy\" decoding=\"async\" class=\"alignnone size-full wp-image-2274\" src=\"https:\/\/autothaiduong.vn\/wp-content\/uploads\/2025\/05\/luxone-12.png\" width=\"848\" height=\"1200\" srcset=\"https:\/\/autothaiduong.vn\/wp-content\/uploads\/2025\/05\/luxone-12.png 848w, https:\/\/autothaiduong.vn\/wp-content\/uploads\/2025\/05\/luxone-12-424x600.png 424w, https:\/\/autothaiduong.vn\/wp-content\/uploads\/2025\/05\/luxone-12-724x1024.png 724w, https:\/\/autothaiduong.vn\/wp-content\/uploads\/2025\/05\/luxone-12-768x1087.png 768w, https:\/\/autothaiduong.vn\/wp-content\/uploads\/2025\/05\/luxone-12-600x849.png 600w\" sizes=\"auto, (max-width: 848px) 100vw, 848px\" \/><\/p>\n<p><img loading=\"lazy\" decoding=\"async\" class=\"alignnone size-full wp-image-2275\" src=\"https:\/\/autothaiduong.vn\/wp-content\/uploads\/2025\/05\/luxone-13.jpg\" width=\"848\" height=\"1200\" srcset=\"https:\/\/autothaiduong.vn\/wp-content\/uploads\/2025\/05\/luxone-13.jpg 848w, https:\/\/autothaiduong.vn\/wp-content\/uploads\/2025\/05\/luxone-13-424x600.jpg 424w, https:\/\/autothaiduong.vn\/wp-content\/uploads\/2025\/05\/luxone-13-724x1024.jpg 724w, https:\/\/autothaiduong.vn\/wp-content\/uploads\/2025\/05\/luxone-13-768x1087.jpg 768w, https:\/\/autothaiduong.vn\/wp-content\/uploads\/2025\/05\/luxone-13-600x849.jpg 600w\" sizes=\"auto, (max-width: 848px) 100vw, 848px\" \/><\/p>\n<p>&nbsp;<\/p>\n<p><img loading=\"lazy\" decoding=\"async\" class=\"alignnone size-full wp-image-2276\" src=\"https:\/\/autothaiduong.vn\/wp-content\/uploads\/2025\/05\/25.png\" width=\"800\" height=\"1132\" srcset=\"https:\/\/autothaiduong.vn\/wp-content\/uploads\/2025\/05\/25.png 800w, https:\/\/autothaiduong.vn\/wp-content\/uploads\/2025\/05\/25-424x600.png 424w, https:\/\/autothaiduong.vn\/wp-content\/uploads\/2025\/05\/25-724x1024.png 724w, https:\/\/autothaiduong.vn\/wp-content\/uploads\/2025\/05\/25-768x1087.png 768w, https:\/\/autothaiduong.vn\/wp-content\/uploads\/2025\/05\/25-600x849.png 600w\" sizes=\"auto, (max-width: 800px) 100vw, 800px\" \/><\/p>\n<p><img loading=\"lazy\" decoding=\"async\" class=\"alignnone size-full wp-image-2277\" src=\"https:\/\/autothaiduong.vn\/wp-content\/uploads\/2025\/05\/lux-one-1-1.png\" width=\"800\" height=\"1132\" srcset=\"https:\/\/autothaiduong.vn\/wp-content\/uploads\/2025\/05\/lux-one-1-1.png 800w, https:\/\/autothaiduong.vn\/wp-content\/uploads\/2025\/05\/lux-one-1-1-424x600.png 424w, https:\/\/autothaiduong.vn\/wp-content\/uploads\/2025\/05\/lux-one-1-1-724x1024.png 724w, https:\/\/autothaiduong.vn\/wp-content\/uploads\/2025\/05\/lux-one-1-1-768x1087.png 768w, https:\/\/autothaiduong.vn\/wp-content\/uploads\/2025\/05\/lux-one-1-1-600x849.png 600w\" sizes=\"auto, (max-width: 800px) 100vw, 800px\" \/><\/p>\n<\/div>\n<\/div>\n<\/section>\n<section class=\"product-especially\">\n<div class=\"container\">\n<div class=\"rte\"><\/div>\n<\/div>\n<\/section>\n<section id=\"pro_specifications\" class=\"product-specifications\">\n<div class=\"container\">\n<h2>Th\u00f4ng s\u1ed1 k\u1ef9 thu\u1eadt<\/h2>\n<div class=\"row\">\n<div class=\"col-lg-6 col-md-12 col-sm-12 col-12\">\n<h3>K\u00edch th\u01b0\u1edbc s\u1ea3n ph\u1ea9m<\/h3>\n<\/div>\n<div class=\"col-lg-6 col-md-12 col-sm-12 col-12\">\n<div class=\"rte\">\n<table border=\"1\">\n<tbody>\n<tr>\n<td width=\"100\">H\u1ec7 \u0111i\u1ec1u h\u00e0nh (OS)<\/td>\n<td width=\"270\">Android 10<\/td>\n<\/tr>\n<tr>\n<td width=\"100\">Vi x\u1eed l\u00fd<\/td>\n<td width=\"270\">8 nh\u00e2n 2.0Ghz 64-bit\u00a0Unisoc UMS512 2*A75+6*A55 ARM 12NM<\/td>\n<\/tr>\n<tr>\n<td width=\"100\">M\u00e0n h\u00ecnh<\/td>\n<td width=\"270\">12.3 inches<\/td>\n<\/tr>\n<tr>\n<td width=\"100\">\u0110\u1ed9 ph\u00e2n gi\u1ea3i<br \/>\nm\u00e0n h\u00ecnh<\/td>\n<td width=\"270\">1920 x720 pixels<\/td>\n<\/tr>\n<tr>\n<td width=\"100\">C\u1ea5u h\u00ecnh<\/td>\n<td width=\"270\">6GB \u2013 128GB<\/td>\n<\/tr>\n<tr>\n<td width=\"100\">\u00c2m thanh<\/td>\n<td width=\"270\">1x ROHM32107<\/p>\n<p>32 k\u00eanh EQ<\/td>\n<\/tr>\n<tr>\n<td width=\"100\">Bluetooth 5.0<\/td>\n<td width=\"270\">Realtek8761<\/td>\n<\/tr>\n<tr>\n<td width=\"100\">K\u1ebft n\u1ed1i camera sau<\/td>\n<td width=\"270\">Chu\u1ea9n AHD 1920&#215;1080<\/p>\n<p>H\u1ed7 tr\u1ee3 gi\u1eef camera nguy\u00ean b\u1ea3n theo xe<\/td>\n<\/tr>\n<tr>\n<td width=\"100\">K\u1ebft n\u1ed1i Camera<\/td>\n<td width=\"270\">C\u00f3 ( H\u1ed7 tr\u1ee3 ph\u1ee5 ki\u1ec7n camera TEYES X5 )<\/td>\n<\/tr>\n<tr>\n<td width=\"100\">K\u1ebft n\u1ed1i WIFI<\/td>\n<td width=\"270\">C\u00f3 (2.4 Ghz \/ 5.0 Ghz )<\/td>\n<\/tr>\n<tr>\n<td width=\"100\">K\u1ebft n\u1ed1i SIM 4G<\/td>\n<td width=\"270\">C\u00f3<\/td>\n<\/tr>\n<tr>\n<td width=\"100\">K\u1ebft n\u1ed1i AM\/ FM \/ RDS Radio<\/td>\n<td width=\"270\">C\u00f3<\/td>\n<\/tr>\n<tr>\n<td width=\"100\">Danh s\u00e1ch xe h\u1ed7 tr\u1ee3 Lux One<\/td>\n<td width=\"270\"><a href=\"https:\/\/vietmap.vn\/danh-sach-ma-xe-ho-tro-man-hinh-teyes-lux-one\" target=\"_blank\" rel=\"noopener\">Xem t\u1ea1i \u0111\u00e2y<\/a><\/td>\n<\/tr>\n<\/tbody>\n<\/table>\n<\/div>\n<\/div>\n<\/div>\n<\/div>\n<\/section>\n","protected":false},"excerpt":{"rendered":"<p><em><strong>Auto Th\u00e1i D\u01b0\u01a1ng- \u0110\u1ea1i L\u00ed Ch\u00ednh H\u00e3ng VietMap T\u1ea1i TP.B\u1ea3o L\u1ed9c<\/strong><\/em><\/p>\n<p><em><strong>\u0110\u1ecba Ch\u1ec9 : 273-275 Tr\u1ea7n Ph\u00fa Ph\u01b0\u1eddng L\u1ed9c S\u01a1n Th\u00e0nh Ph\u1ed1 B\u1ea3o L\u1ed9c T\u1ec9nh L\u00e2m \u0110\u1ed3ng<\/strong><\/em><\/p>\n<p><em><strong> Hotline: 0912197441<\/strong><\/em><\/p>\n","protected":false},"featured_media":2252,"comment_status":"open","ping_status":"closed","template":"","meta":[],"product_brand":[84],"product_cat":[73,152,151],"product_tag":[],"class_list":{"0":"post-2250","1":"product","2":"type-product","3":"status-publish","4":"has-post-thumbnail","6":"product_brand-vietmap","7":"product_cat-phu-kien-xe-bmw","8":"product_cat-audi","9":"product_cat-phu-kien-mercedes","11":"first","12":"instock","13":"shipping-taxable","14":"purchasable","15":"product-type-simple"},"_links":{"self":[{"href":"https:\/\/autothaiduong.vn\/index.php?rest_route=\/wp\/v2\/product\/2250","targetHints":{"allow":["GET"]}}],"collection":[{"href":"https:\/\/autothaiduong.vn\/index.php?rest_route=\/wp\/v2\/product"}],"about":[{"href":"https:\/\/autothaiduong.vn\/index.php?rest_route=\/wp\/v2\/types\/product"}],"replies":[{"embeddable":true,"href":"https:\/\/autothaiduong.vn\/index.php?rest_route=%2Fwp%2Fv2%2Fcomments&post=2250"}],"wp:featuredmedia":[{"embeddable":true,"href":"https:\/\/autothaiduong.vn\/index.php?rest_route=\/wp\/v2\/media\/2252"}],"wp:attachment":[{"href":"https:\/\/autothaiduong.vn\/index.php?rest_route=%2Fwp%2Fv2%2Fmedia&parent=2250"}],"wp:term":[{"taxonomy":"product_brand","embeddable":true,"href":"https:\/\/autothaiduong.vn\/index.php?rest_route=%2Fwp%2Fv2%2Fproduct_brand&post=2250"},{"taxonomy":"product_cat","embeddable":true,"href":"https:\/\/autothaiduong.vn\/index.php?rest_route=%2Fwp%2Fv2%2Fproduct_cat&post=2250"},{"taxonomy":"product_tag","embeddable":true,"href":"https:\/\/autothaiduong.vn\/index.php?rest_route=%2Fwp%2Fv2%2Fproduct_tag&post=2250"}],"curies":[{"name":"wp","href":"https:\/\/api.w.org\/{rel}","templated":true}]}}