{"id":228,"date":"2025-04-26T04:24:16","date_gmt":"2025-04-26T04:24:16","guid":{"rendered":"https:\/\/autothaiduong.vn\/?post_type=product&#038;p=228"},"modified":"2025-05-08T02:28:53","modified_gmt":"2025-05-08T02:28:53","slug":"man-hinh-odo-vf3-odo-01","status":"publish","type":"product","link":"https:\/\/autothaiduong.vn\/?product=man-hinh-odo-vf3-odo-01","title":{"rendered":"M\u00c0N H\u00ccNH ODO VF3 \u2013 ODO-01"},"content":{"rendered":"<p>HTD ch\u00ednh th\u1ee9c ra m\u1eaft M\u00e0n h\u00ecnh ODO VF3 \u2013\u00a0ODO 01 VF3\u00a0\u2013 s\u1ea3n ph\u1ea9m c\u00f4ng ngh\u1ec7 th\u1ebf h\u1ec7 3 \u0111\u01b0\u1ee3c thi\u1ebft k\u1ebf \u0111\u1eb7c bi\u1ec7t d\u00e0nh ri\u00eang cho xe VinFast VF3. V\u1edbi thi\u1ebft k\u1ebf hi\u1ec7n \u0111\u1ea1i, giao di\u1ec7n th\u00f4ng minh c\u00f9ng kh\u1ea3 n\u0103ng \u0111\u1ed3ng b\u1ed9 ho\u00e0n h\u1ea3o v\u1edbi h\u1ec7 th\u1ed1ng xe, ODO 01 VF3 mang \u0111\u1ebfn tr\u1ea3i nghi\u1ec7m l\u00e1i xe an to\u00e0n, ti\u1ec7n nghi v\u00e0 hi\u1ec7n \u0111\u1ea1i. S\u1ea3n ph\u1ea9m kh\u00f4ng ch\u1ec9 gi\u00fap ng\u01b0\u1eddi l\u00e1i theo d\u00f5i th\u00f4ng s\u1ed1 xe m\u1ed9t c\u00e1ch ch\u00ednh x\u00e1c m\u00e0 c\u00f2n t\u00edch h\u1ee3p nhi\u1ec1u t\u00ednh n\u0103ng gi\u1ea3i tr\u00ed v\u00e0 h\u1ed7 tr\u1ee3 \u0111i\u1ec1u khi\u1ec3n th\u00f4ng minh.<\/p>\n<h2><strong><a id=\"1-m-n-h-nh-odo-vf3-l--g--\" class=\"toc-a-tag\"><\/a>1. M\u00c0N H\u00ccNH ODO VF3 L\u00c0 G\u00cc?<\/strong><\/h2>\n<p>VinFast VF3 kh\u00f4ng ch\u1ec9 n\u1ed5i b\u1eadt v\u1edbi m\u1ee9c gi\u00e1 b\u00e1n ph\u1ea3i ch\u0103ng m\u00e0 c\u00f2n g\u00e2y \u1ea5n t\u01b0\u1ee3ng b\u1edfi thi\u1ebft k\u1ebf b\u1eaft m\u1eaft v\u00e0 c\u00e1c ti\u1ec7n \u00edch v\u1eeba \u0111\u1ee7, ph\u00f9 h\u1ee3p v\u1edbi nhu c\u1ea7u s\u1eed d\u1ee5ng h\u00e0ng ng\u00e0y. Tuy nhi\u00ean, ti\u1ec7n \u00edch ph\u00eda trong xe lc\u00f2n h\u1ea1n ch\u1ebf ch\u1ec9 c\u00f3 m\u00e0n h\u00ecnh gi\u1ea3i tr\u00ed \u0111\u00e1p \u1ee9ng nhu c\u1ea7u c\u01a1 b\u1ea3n. Ch\u00ednh v\u00ec th\u1ebf ng\u01b0\u1eddi d\u00f9ng kh\u00f4ng th\u1ec3 bao qu\u00e1t \u0111\u01b0\u1ee3c c\u00e1c th\u00f4ng tn nh\u01b0:<\/p>\n<p>kh\u00f4ng theo d\u00f5i \u0111\u01b0\u1ee3c camera l\u00f9i, cam 360, khi\u1ebfn vi\u1ec7c quan s\u00e1t xung quanh xe tr\u1edf n\u00ean kh\u00f3 kh\u0103n h\u01a1n.<\/p>\n<p>Kh\u00f4ng c\u00f3 c\u00e1c c\u1ea3nh b\u00e1o an to\u00e0n quan tr\u1ecdng nh\u01b0 c\u1ea3nh b\u00e1o \u0111i\u1ec3m m\u00f9 hay c\u1ea3nh b\u00e1o l\u1ec7ch l\u00e0n, \u0111i\u1ec1u n\u00e0y c\u00f3 th\u1ec3 l\u00e0m gi\u1ea3m s\u1ef1 an to\u00e0n khi l\u00e1i xe tr\u00ean nh\u1eefng cung \u0111\u01b0\u1eddng ph\u1ee9c t\u1ea1p.<\/p>\n<p><img loading=\"lazy\" decoding=\"async\" class=\"alignnone size-full wp-image-230\" src=\"https:\/\/autothaiduong.vn\/wp-content\/uploads\/2025\/04\/man-hinh-odo-vf3-odo-01-1.jpg\" alt=\"\" width=\"1280\" height=\"960\" srcset=\"https:\/\/autothaiduong.vn\/wp-content\/uploads\/2025\/04\/man-hinh-odo-vf3-odo-01-1.jpg 1280w, https:\/\/autothaiduong.vn\/wp-content\/uploads\/2025\/04\/man-hinh-odo-vf3-odo-01-1-300x225.jpg 300w, https:\/\/autothaiduong.vn\/wp-content\/uploads\/2025\/04\/man-hinh-odo-vf3-odo-01-1-1024x768.jpg 1024w, https:\/\/autothaiduong.vn\/wp-content\/uploads\/2025\/04\/man-hinh-odo-vf3-odo-01-1-768x576.jpg 768w, https:\/\/autothaiduong.vn\/wp-content\/uploads\/2025\/04\/man-hinh-odo-vf3-odo-01-1-600x450.jpg 600w\" sizes=\"auto, (max-width: 1280px) 100vw, 1280px\" \/><\/p>\n<p>M\u00e0n h\u00ecnh ODO VinFast VF3 l\u00e0 m\u1ed9t trong nh\u1eefng ph\u1ee5 ki\u1ec7n \u0111\u01b0\u1ee3c thi\u1ebft k\u1ebf hi\u1ec7n \u0111\u1ea1i, gi\u00fap n\u00e2ng cao tr\u1ea3i nghi\u1ec7m l\u00e1i xe cho ng\u01b0\u1eddi d\u00f9ng. V\u1edbi giao di\u1ec7n s\u1eafc n\u00e9t, m\u00e0n h\u00ecnh n\u00e0y cung c\u1ea5p \u0111\u1ea7y \u0111\u1ee7 c\u00e1c th\u00f4ng tin quan tr\u1ecdng nh\u01b0 s\u1ed1 kilomet \u0111\u00e3 \u0111i, dung l\u01b0\u1ee3ng pin, ch\u1ebf \u0111\u1ed9 l\u00e1i, v\u00e0 nhi\u1ec1u th\u00f4ng s\u1ed1 k\u1ef9 thu\u1eadt kh\u00e1c. \u0110\u00e2y l\u00e0 m\u1ed9t gi\u1ea3i ph\u00e1p t\u1ed1i \u01b0u d\u00e0nh cho nh\u1eefng ai mu\u1ed1n c\u1ea3i thi\u1ec7n kh\u1ea3 n\u0103ng hi\u1ec3n th\u1ecb th\u00f4ng tin tr\u00ean xe c\u1ee7a m\u00ecnh.<\/p>\n<p><img loading=\"lazy\" decoding=\"async\" class=\"alignnone size-full wp-image-231\" src=\"https:\/\/autothaiduong.vn\/wp-content\/uploads\/2025\/04\/man-hinh-odo-vf3-odo-01-2.jpg\" alt=\"\" width=\"1280\" height=\"960\" srcset=\"https:\/\/autothaiduong.vn\/wp-content\/uploads\/2025\/04\/man-hinh-odo-vf3-odo-01-2.jpg 1280w, https:\/\/autothaiduong.vn\/wp-content\/uploads\/2025\/04\/man-hinh-odo-vf3-odo-01-2-300x225.jpg 300w, https:\/\/autothaiduong.vn\/wp-content\/uploads\/2025\/04\/man-hinh-odo-vf3-odo-01-2-1024x768.jpg 1024w, https:\/\/autothaiduong.vn\/wp-content\/uploads\/2025\/04\/man-hinh-odo-vf3-odo-01-2-768x576.jpg 768w, https:\/\/autothaiduong.vn\/wp-content\/uploads\/2025\/04\/man-hinh-odo-vf3-odo-01-2-600x450.jpg 600w\" sizes=\"auto, (max-width: 1280px) 100vw, 1280px\" \/><\/p>\n<h2><strong><a id=\"2-theo-d-i-c-c-th-ng-s--quan-tr--ng-khi-trang-b--m-n-h-nh-odo-vf3\" class=\"toc-a-tag\"><\/a>2. THEO D\u00d5I C\u00c1C TH\u00d4NG S\u1ed0 QUAN TR\u1eccNG KHI TRANG B\u1eca M\u00c0N H\u00ccNH ODO VF3<\/strong><\/h2>\n<p>M\u1ed9t trong nh\u1eefng \u0111i\u1ec3m n\u1ed5i b\u1eadt c\u1ee7a m\u00e0n h\u00ecnh ODO VF3 \u2013\u00a0ODO-01\u00a0ch\u00ednh l\u00e0 kh\u1ea3 n\u0103ng hi\u1ec3n th\u1ecb \u0111\u1ea7y \u0111\u1ee7 v\u00e0 chi ti\u1ebft c\u00e1c th\u00f4ng s\u1ed1 quan tr\u1ecdng, gi\u00fap ng\u01b0\u1eddi l\u00e1i d\u1ec5 d\u00e0ng n\u1eafm b\u1eaft t\u00ecnh tr\u1ea1ng xe trong su\u1ed1t h\u00e0nh tr\u00ecnh. D\u01b0\u1edbi \u0111\u00e2y l\u00e0 c\u00e1c th\u00f4ng s\u1ed1 m\u00e0 m\u00e0n h\u00ecnh n\u00e0y c\u00f3 th\u1ec3 cung c\u1ea5p:<\/p>\n<ul>\n<li><strong>C\u1ea3m bi\u1ebfn \u00e1p su\u1ea5t l\u1ed1p:<\/strong>\u00a0\u0110\u00e2y l\u00e0 m\u1ed9t t\u00ednh n\u0103ng quan tr\u1ecdng \u0111\u1ec3 \u0111\u1ea3m b\u1ea3o an to\u00e0n khi di chuy\u1ec3n, \u0111\u1eb7c bi\u1ec7t tr\u00ean nh\u1eefng ch\u1eb7ng \u0111\u01b0\u1eddng d\u00e0i. M\u00e0n h\u00ecnh xe Vinfast s\u1ebd hi\u1ec3n th\u1ecb th\u00f4ng tin v\u1ec1 \u00e1p su\u1ea5t c\u1ee7a t\u1eebng l\u1ed1p, gi\u00fap ng\u01b0\u1eddi l\u00e1i ph\u00e1t hi\u1ec7n k\u1ecbp th\u1eddi n\u1ebfu c\u00f3 s\u1ef1 b\u1ea5t th\u01b0\u1eddng nh\u01b0 l\u1ed1p b\u1ecb non h\u01a1i ho\u1eb7c th\u1ee7ng.<\/li>\n<li><strong>S\u1ed1 kilomet \u0111\u00e3 \u0111i:\u00a0<\/strong>Th\u00f4ng tin n\u00e0y r\u1ea5t h\u1eefu \u00edch \u0111\u1ec3 ng\u01b0\u1eddi d\u00f9ng theo d\u00f5i qu\u00e3ng \u0111\u01b0\u1eddng \u0111\u00e3 di chuy\u1ec3n, t\u1eeb \u0111\u00f3 d\u1ec5 d\u00e0ng l\u00ean k\u1ebf ho\u1ea1ch b\u1ea3o d\u01b0\u1ee1ng \u0111\u1ecbnh k\u1ef3 ho\u1eb7c ki\u1ec3m so\u00e1t m\u1ee9c ti\u00eau th\u1ee5 nhi\u00ean li\u1ec7u.<\/li>\n<li><strong>T\u1ed1c \u0111\u1ed9 di chuy\u1ec3n<\/strong>:\u00a0M\u00e0n h\u00ecnh ODO Vinfast VF3 hi\u1ec3n th\u1ecb km t\u1ed1c \u0111\u1ed9 th\u1ef1c t\u1ebf c\u1ee7a xe m\u1ed9t c\u00e1ch r\u00f5 r\u00e0ng v\u00e0 ch\u00ednh x\u00e1c, gi\u00fap ng\u01b0\u1eddi l\u00e1i duy tr\u00ec t\u1ed1c \u0111\u1ed9 an to\u00e0n v\u00e0 tu\u00e2n th\u1ee7 lu\u1eadt giao th\u00f4ng.<\/li>\n<li><strong>Nhi\u1ec7t \u0111\u1ed9 xe:<\/strong>\u00a0\u0110\u00e2y l\u00e0 th\u00f4ng s\u1ed1 c\u1ea7n thi\u1ebft \u0111\u1ec3 ng\u01b0\u1eddi l\u00e1i theo d\u00f5i t\u00ecnh tr\u1ea1ng nhi\u1ec7t \u0111\u1ed9 \u0111\u1ed9ng c\u01a1, tr\u00e1nh c\u00e1c t\u00ecnh hu\u1ed1ng qu\u00e1 nhi\u1ec7t c\u00f3 th\u1ec3 g\u00e2y h\u01b0 h\u1ecfng nghi\u00eam tr\u1ecdng.<\/li>\n<li><strong>Ph\u1ea7n tr\u0103m pin:<\/strong>\u00a0\u0110\u1ed1i v\u1edbi d\u00f2ng xe \u0111i\u1ec7n nh\u01b0 VinFast VF3, vi\u1ec7c bi\u1ebft \u0111\u01b0\u1ee3c dung l\u01b0\u1ee3ng pin c\u00f2n l\u1ea1i l\u00e0 c\u1ef1c k\u1ef3 quan tr\u1ecdng. M\u00e0n h\u00ecnh ODO s\u1ebd hi\u1ec3n th\u1ecb ph\u1ea7n tr\u0103m pin c\u00f2n l\u1ea1i, gi\u00fap ng\u01b0\u1eddi l\u00e1i ch\u1ee7 \u0111\u1ed9ng l\u00ean k\u1ebf ho\u1ea1ch s\u1ea1c pin v\u00e0 di chuy\u1ec3n.<\/li>\n<li><strong>T\u00edn hi\u1ec7u xi nhan:<\/strong>\u00a0C\u1ea3nh b\u00e1o tr\u1ef1c quan khi ng\u01b0\u1eddi l\u00e1i s\u1eed d\u1ee5ng xi nhan.<\/li>\n<li><strong>Tr\u1ea1ng th\u00e1i \u0111\u00e8n:<\/strong>\u00a0Th\u00f4ng b\u00e1o tr\u1ea1ng th\u00e1i c\u1ee7a h\u1ec7 th\u1ed1ng \u0111\u00e8n \u0111\u1ec3 \u0111\u1ea3m b\u1ea3o an to\u00e0n trong \u0111i\u1ec1u ki\u1ec7n thi\u1ebfu s\u00e1ng.<\/li>\n<li><strong>T\u00ecnh tr\u1ea1ng xe:<\/strong>\u00a0Hi\u1ec3n th\u1ecb c\u00e1c c\u1ea3nh b\u00e1o v\u1ec1 t\u00ecnh tr\u1ea1ng c\u1ee7a xe nh\u01b0 h\u1ec7 th\u1ed1ng \u0111\u1ed9ng c\u01a1, phanh, v\u00e0 c\u00e1c h\u1ec7 th\u1ed1ng an to\u00e0n kh\u00e1c. C\u1ea3nh b\u00e1o an to\u00e0n \u0111\u1ea7y \u0111\u1ee7 v\u00e0 ch\u00ednh x\u00e1c. Thi\u1ebft k\u1ebf zin 100% theo xe VF3.<\/li>\n<\/ul>\n<p>\u0110\u01b0\u1ee3c thi\u1ebft k\u1ebf ri\u00eang cho VinFast VF3 n\u00ean s\u1ea3n ph\u1ea9m d\u1ec5 d\u00e0ng l\u1eafp \u0111\u1eb7t, kh\u00f4ng c\u1ea7n ch\u1ec9nh s\u1eeda hay can thi\u1ec7p v\u00e0o k\u1ebft c\u1ea5u xe.<br \/>\n\u0110\u1ea3m b\u1ea3o s\u1ef1 th\u1ea9m m\u1ef9 v\u00e0 \u0111\u1ed3ng b\u1ed9 v\u1edbi n\u1ed9i th\u1ea5t xe.<\/p>\n<p><img loading=\"lazy\" decoding=\"async\" class=\"alignnone size-full wp-image-232\" src=\"https:\/\/autothaiduong.vn\/wp-content\/uploads\/2025\/04\/man-hinh-odo-vf3-odo-01-3.jpg\" alt=\"\" width=\"1280\" height=\"1280\" srcset=\"https:\/\/autothaiduong.vn\/wp-content\/uploads\/2025\/04\/man-hinh-odo-vf3-odo-01-3.jpg 1280w, https:\/\/autothaiduong.vn\/wp-content\/uploads\/2025\/04\/man-hinh-odo-vf3-odo-01-3-300x300.jpg 300w, https:\/\/autothaiduong.vn\/wp-content\/uploads\/2025\/04\/man-hinh-odo-vf3-odo-01-3-1024x1024.jpg 1024w, https:\/\/autothaiduong.vn\/wp-content\/uploads\/2025\/04\/man-hinh-odo-vf3-odo-01-3-150x150.jpg 150w, https:\/\/autothaiduong.vn\/wp-content\/uploads\/2025\/04\/man-hinh-odo-vf3-odo-01-3-768x768.jpg 768w, https:\/\/autothaiduong.vn\/wp-content\/uploads\/2025\/04\/man-hinh-odo-vf3-odo-01-3-600x600.jpg 600w, https:\/\/autothaiduong.vn\/wp-content\/uploads\/2025\/04\/man-hinh-odo-vf3-odo-01-3-100x100.jpg 100w\" sizes=\"auto, (max-width: 1280px) 100vw, 1280px\" \/><\/p>\n<h2><strong><a id=\"3-t-nh-n-ng---c-bi--t---c-ng-ngh--hi--n---i-n-ng-cao-tr--i-nghi--m-tr-n-nbsp-m-n-h-nh-odo-vf3\" class=\"toc-a-tag\"><\/a>3. T\u00cdNH N\u0102NG \u0110\u1eb6C BI\u1ec6T \u2013 C\u00d4NG NGH\u1ec6 HI\u1ec6N \u0110\u1ea0I N\u00c2NG CAO TR\u1ea2I NGHI\u1ec6M TR\u00caN\u00a0M\u00c0N H\u00ccNH ODO VF3<\/strong><\/h2>\n<p>M\u00e0n h\u00ecnh ODO-01 VF3 kh\u00f4ng ch\u1ec9 l\u00e0 m\u1ed9t m\u00e0n h\u00ecnh th\u00f4ng th\u01b0\u1eddng, m\u00e0 c\u00f2n t\u00edch h\u1ee3p nhi\u1ec1u c\u00f4ng ngh\u1ec7 hi\u1ec7n \u0111\u1ea1i \u0111\u1ec3 mang \u0111\u1ebfn s\u1ef1 tho\u1ea3i m\u00e1i v\u00e0 ti\u1ec7n nghi cho ng\u01b0\u1eddi d\u00f9ng:<\/p>\n<h3><strong><a id=\"3-1-m-n-h-nh-oled-10-3-inch---ch--t-l---ng-h-nh--nh-v---t-tr--i\" class=\"toc-a-tag\"><\/a>3.1 M\u00e0n h\u00ecnh OLED 10.3 inch \u2013 Ch\u1ea5t l\u01b0\u1ee3ng h\u00ecnh \u1ea3nh v\u01b0\u1ee3t tr\u1ed9i<\/strong><\/h3>\n<p>K\u00edch th\u01b0\u1edbc l\u1edbn, \u0111\u1ed9 ph\u00e2n gi\u1ea3i cao, cho h\u00ecnh \u1ea3nh s\u1eafc n\u00e9t v\u00e0 ch\u00e2n th\u1ef1c.<\/p>\n<p>C\u00f4ng ngh\u1ec7 ch\u1ed1ng ch\u00f3i, \u0111\u1ea3m b\u1ea3o kh\u1ea3 n\u0103ng hi\u1ec3n th\u1ecb r\u00f5 r\u00e0ng ngay c\u1ea3 trong \u0111i\u1ec1u ki\u1ec7n \u00e1nh s\u00e1ng m\u1ea1nh.<\/p>\n<p>M\u00e0n h\u00ecnh c\u1ea3m \u1ee9ng nhanh nh\u1ea1y, d\u1ec5 d\u00e0ng thao t\u00e1c khi l\u00e1i xe.<\/p>\n<h3><strong><a id=\"3-2-giao-di--n-htd-vf3-hi--n---i---t-y-ch--nh-c--nh-n-h-a\" class=\"toc-a-tag\"><\/a>3.2 Giao di\u1ec7n HTD VF3 hi\u1ec7n \u0111\u1ea1i \u2013 T\u00f9y ch\u1ec9nh c\u00e1 nh\u00e2n h\u00f3a<\/strong><\/h3>\n<p>Giao di\u1ec7n \u0111\u01b0\u1ee3c thi\u1ebft k\u1ebf th\u00f4ng minh, th\u00e2n thi\u1ec7n v\u1edbi ng\u01b0\u1eddi d\u00f9ng. Cho ph\u00e9p ng\u01b0\u1eddi d\u00f9ng t\u00f9y ch\u1ec9nh m\u00e0u s\u1eafc v\u00e0 giao di\u1ec7n hi\u1ec3n th\u1ecb theo s\u1edf th\u00edch c\u00e1 nh\u00e2n. H\u1ed7 tr\u1ee3 \u0111a ng\u00f4n ng\u1eef, d\u1ec5 s\u1eed d\u1ee5ng.<\/p>\n<p><img loading=\"lazy\" decoding=\"async\" class=\"alignnone size-full wp-image-233\" src=\"https:\/\/autothaiduong.vn\/wp-content\/uploads\/2025\/04\/man-hinh-odo-vf3-odo-01-4.jpg\" alt=\"\" width=\"1280\" height=\"1280\" srcset=\"https:\/\/autothaiduong.vn\/wp-content\/uploads\/2025\/04\/man-hinh-odo-vf3-odo-01-4.jpg 1280w, https:\/\/autothaiduong.vn\/wp-content\/uploads\/2025\/04\/man-hinh-odo-vf3-odo-01-4-300x300.jpg 300w, https:\/\/autothaiduong.vn\/wp-content\/uploads\/2025\/04\/man-hinh-odo-vf3-odo-01-4-1024x1024.jpg 1024w, https:\/\/autothaiduong.vn\/wp-content\/uploads\/2025\/04\/man-hinh-odo-vf3-odo-01-4-150x150.jpg 150w, https:\/\/autothaiduong.vn\/wp-content\/uploads\/2025\/04\/man-hinh-odo-vf3-odo-01-4-768x768.jpg 768w, https:\/\/autothaiduong.vn\/wp-content\/uploads\/2025\/04\/man-hinh-odo-vf3-odo-01-4-600x600.jpg 600w, https:\/\/autothaiduong.vn\/wp-content\/uploads\/2025\/04\/man-hinh-odo-vf3-odo-01-4-100x100.jpg 100w\" sizes=\"auto, (max-width: 1280px) 100vw, 1280px\" \/><\/p>\n<div id=\"row-706122448\">\n<div id=\"col-529849121\">\n<div>\n<div>\n<div>\n<div>\n<div id=\"text-901390941\">\n<p>T\u00f9y ch\u1ec9nh giao di\u1ec7n theo m\u00e0u s\u1eafc<\/p>\n<\/div>\n<\/div>\n<\/div>\n<\/div>\n<\/div>\n<\/div>\n<div id=\"col-1703697146\">\n<div>\n<div>\n<div>\n<div><img loading=\"lazy\" decoding=\"async\" class=\"alignnone size-full wp-image-234\" src=\"https:\/\/autothaiduong.vn\/wp-content\/uploads\/2025\/04\/man-hinh-odo-vf3-odo-01-5.jpg\" alt=\"\" width=\"1280\" height=\"1280\" srcset=\"https:\/\/autothaiduong.vn\/wp-content\/uploads\/2025\/04\/man-hinh-odo-vf3-odo-01-5.jpg 1280w, https:\/\/autothaiduong.vn\/wp-content\/uploads\/2025\/04\/man-hinh-odo-vf3-odo-01-5-300x300.jpg 300w, https:\/\/autothaiduong.vn\/wp-content\/uploads\/2025\/04\/man-hinh-odo-vf3-odo-01-5-1024x1024.jpg 1024w, https:\/\/autothaiduong.vn\/wp-content\/uploads\/2025\/04\/man-hinh-odo-vf3-odo-01-5-150x150.jpg 150w, https:\/\/autothaiduong.vn\/wp-content\/uploads\/2025\/04\/man-hinh-odo-vf3-odo-01-5-768x768.jpg 768w, https:\/\/autothaiduong.vn\/wp-content\/uploads\/2025\/04\/man-hinh-odo-vf3-odo-01-5-600x600.jpg 600w, https:\/\/autothaiduong.vn\/wp-content\/uploads\/2025\/04\/man-hinh-odo-vf3-odo-01-5-100x100.jpg 100w\" sizes=\"auto, (max-width: 1280px) 100vw, 1280px\" \/><\/div>\n<\/div>\n<div>\n<div>\n<div id=\"text-3078140916\">\n<p>T\u00f9y ch\u1ec9nh giao di\u1ec7n theo ch\u1ee7 \u0111\u1ec1<\/p>\n<\/div>\n<\/div>\n<\/div>\n<\/div>\n<\/div>\n<\/div>\n<\/div>\n<h3><strong><a id=\"3-3-carplay-android-auto-kh-ng-d-y---k--t-n--i-th-ng-minh-v--i--i--n-tho--i-th-ng-qua-bluetooth-ho--c-wi-fi-\" class=\"toc-a-tag\"><\/a>3.3 Carplay\/Android Auto kh\u00f4ng d\u00e2y \u2013 K\u1ebft n\u1ed1i th\u00f4ng minh v\u1edbi \u0111i\u1ec7n tho\u1ea1i th\u00f4ng qua Bluetooth ho\u1eb7c Wi-Fi.<\/strong><\/h3>\n<p>H\u1ed7 tr\u1ee3 c\u00e1c \u1ee9ng d\u1ee5ng gi\u1ea3i tr\u00ed, d\u1eabn \u0111\u01b0\u1eddng, nghe nh\u1ea1c, v\u00e0 g\u1ecdi \u0111i\u1ec7n m\u00e0 kh\u00f4ng c\u1ea7n c\u1eafm c\u00e1p.<\/p>\n<p>T\u00edch h\u1ee3p \u0111i\u1ec1u khi\u1ec3n gi\u1ecdng n\u00f3i, gi\u00fap ng\u01b0\u1eddi l\u00e1i thao t\u00e1c d\u1ec5 d\u00e0ng m\u00e0 kh\u00f4ng c\u1ea7n r\u1eddi tay kh\u1ecfi v\u00f4 l\u0103ng.<\/p>\n<p><img loading=\"lazy\" decoding=\"async\" class=\"alignnone size-full wp-image-235\" src=\"https:\/\/autothaiduong.vn\/wp-content\/uploads\/2025\/04\/man-hinh-odo-vf3-odo-01-6.jpg\" alt=\"\" width=\"1280\" height=\"1280\" srcset=\"https:\/\/autothaiduong.vn\/wp-content\/uploads\/2025\/04\/man-hinh-odo-vf3-odo-01-6.jpg 1280w, https:\/\/autothaiduong.vn\/wp-content\/uploads\/2025\/04\/man-hinh-odo-vf3-odo-01-6-300x300.jpg 300w, https:\/\/autothaiduong.vn\/wp-content\/uploads\/2025\/04\/man-hinh-odo-vf3-odo-01-6-1024x1024.jpg 1024w, https:\/\/autothaiduong.vn\/wp-content\/uploads\/2025\/04\/man-hinh-odo-vf3-odo-01-6-150x150.jpg 150w, https:\/\/autothaiduong.vn\/wp-content\/uploads\/2025\/04\/man-hinh-odo-vf3-odo-01-6-768x768.jpg 768w, https:\/\/autothaiduong.vn\/wp-content\/uploads\/2025\/04\/man-hinh-odo-vf3-odo-01-6-600x600.jpg 600w, https:\/\/autothaiduong.vn\/wp-content\/uploads\/2025\/04\/man-hinh-odo-vf3-odo-01-6-100x100.jpg 100w\" sizes=\"auto, (max-width: 1280px) 100vw, 1280px\" \/><\/p>\n<h3><strong><a id=\"3-4-c--p-nh--t-ph--n-m--m-ota-over-the-air---n-ng-c--p-li-n-t--c\" class=\"toc-a-tag\"><\/a>3.4 C\u1eadp nh\u1eadt ph\u1ea7n m\u1ec1m OTA (Over-The-Air) \u2013 N\u00e2ng c\u1ea5p li\u00ean t\u1ee5c<\/strong><\/h3>\n<p>H\u1ed7 tr\u1ee3 c\u1eadp nh\u1eadt ph\u1ea7n m\u1ec1m qua k\u1ebft n\u1ed1i kh\u00f4ng d\u00e2y: Ng\u01b0\u1eddi d\u00f9ng c\u00f3 th\u1ec3 d\u1ec5 d\u00e0ng nh\u1eadn c\u00e1c b\u1ea3n n\u00e2ng c\u1ea5p t\u1eeb HTD \u0111\u1ec3 t\u1ed1i \u01b0u hi\u1ec7u n\u0103ng v\u00e0 b\u1ed5 sung t\u00ednh n\u0103ng m\u1edbi.<\/p>\n<p>Ngo\u00e0i c\u00e1c t\u00ednh n\u0103ng c\u01a1 b\u1ea3n, m\u00e0n h\u00ecnh ODO-01 VF3 c\u00f2n h\u1ed7 tr\u1ee3 nhi\u1ec1u t\u00f9y ch\u1ecdn n\u00e2ng cao \u0111\u1ec3 c\u1ea3i thi\u1ec7n tr\u1ea3i nghi\u1ec7m v\u00e0 \u0111\u1ea3m b\u1ea3o an to\u00e0n t\u1ed1i \u0111a:<\/p>\n<h3><strong><a id=\"3-5-c--m-bi--n--p-su--t-l--p-tpms-\" class=\"toc-a-tag\"><\/a>3.5 C\u1ea3m bi\u1ebfn \u00e1p su\u1ea5t l\u1ed1p (TPMS)<\/strong><\/h3>\n<p>Gi\u00fap ng\u01b0\u1eddi l\u00e1i ki\u1ec3m so\u00e1t t\u00ecnh tr\u1ea1ng \u00e1p su\u1ea5t l\u1ed1p theo th\u1eddi gian th\u1ef1c.<\/p>\n<p>\u0110\u01b0a ra c\u1ea3nh b\u00e1o khi \u00e1p su\u1ea5t l\u1ed1p v\u01b0\u1ee3t qu\u00e1 ho\u1eb7c th\u1ea5p h\u01a1n ng\u01b0\u1ee1ng an to\u00e0n, gi\u00fap tr\u00e1nh nguy c\u01a1 n\u1ed5 l\u1ed1p v\u00e0 tai n\u1ea1n.<\/p>\n<h3><strong><a id=\"3-6-camera-l--tr-i-v--ph--i\" class=\"toc-a-tag\"><\/a>3.6 Camera l\u1ec1 tr\u00e1i v\u00e0 ph\u1ea3i<\/strong><\/h3>\n<p>Cung c\u1ea5p g\u00f3c nh\u00ecn tr\u1ef1c quan, h\u1ed7 tr\u1ee3 ng\u01b0\u1eddi l\u00e1i khi v\u00e0o cua ho\u1eb7c \u0111\u1ed7 xe trong kh\u00f4ng gian h\u1eb9p.<\/p>\n<p>T\u1ef1 \u0111\u1ed9ng k\u00edch ho\u1ea1t khi ng\u01b0\u1eddi l\u00e1i b\u1eadt xi nhan, hi\u1ec3n th\u1ecb h\u00ecnh \u1ea3nh tr\u1ef1c ti\u1ebfp tr\u00ean m\u00e0n h\u00ecnh.<\/p>\n<p><img loading=\"lazy\" decoding=\"async\" class=\"alignnone size-full wp-image-236\" src=\"https:\/\/autothaiduong.vn\/wp-content\/uploads\/2025\/04\/man-hinh-odo-vf3-odo-01-7.jpg\" alt=\"\" width=\"1280\" height=\"1280\" srcset=\"https:\/\/autothaiduong.vn\/wp-content\/uploads\/2025\/04\/man-hinh-odo-vf3-odo-01-7.jpg 1280w, https:\/\/autothaiduong.vn\/wp-content\/uploads\/2025\/04\/man-hinh-odo-vf3-odo-01-7-300x300.jpg 300w, https:\/\/autothaiduong.vn\/wp-content\/uploads\/2025\/04\/man-hinh-odo-vf3-odo-01-7-1024x1024.jpg 1024w, https:\/\/autothaiduong.vn\/wp-content\/uploads\/2025\/04\/man-hinh-odo-vf3-odo-01-7-150x150.jpg 150w, https:\/\/autothaiduong.vn\/wp-content\/uploads\/2025\/04\/man-hinh-odo-vf3-odo-01-7-768x768.jpg 768w, https:\/\/autothaiduong.vn\/wp-content\/uploads\/2025\/04\/man-hinh-odo-vf3-odo-01-7-600x600.jpg 600w, https:\/\/autothaiduong.vn\/wp-content\/uploads\/2025\/04\/man-hinh-odo-vf3-odo-01-7-100x100.jpg 100w\" sizes=\"auto, (max-width: 1280px) 100vw, 1280px\" \/><\/p>\n<h3><strong><a id=\"3-7-b--n----vietmap-live---d--n----ng-th-ng-minh\" class=\"toc-a-tag\"><\/a>3.7 B\u1ea3n \u0111\u1ed3 VietMap Live \u2013 D\u1eabn \u0111\u01b0\u1eddng th\u00f4ng minh<\/strong><\/h3>\n<p>M\u00e0n h\u00ecnh Odo VF3 t\u00edch h\u1ee3p b\u1ea3n \u0111\u1ed3 Vietmap Live khi k\u1ebft n\u1ed1i Carplay: hi\u1ec3n th\u1ecb th\u00f4ng tin giao th\u00f4ng theo th\u1eddi gian th\u1ef1c, c\u1ea3nh b\u00e1o t\u1ed1c \u0111\u1ed9 gi\u1edbi h\u1ea1n v\u00e0 c\u00e1c khu v\u1ef1c nguy hi\u1ec3m, h\u1ed7 tr\u1ee3 d\u1eabn \u0111\u01b0\u1eddng ch\u00ednh x\u00e1c, gi\u00fap ng\u01b0\u1eddi l\u00e1i l\u1ef1a ch\u1ecdn l\u1ed9 tr\u00ecnh t\u1ed1i \u01b0u.<\/p>\n<p><img loading=\"lazy\" decoding=\"async\" class=\"alignnone size-full wp-image-237\" src=\"https:\/\/autothaiduong.vn\/wp-content\/uploads\/2025\/04\/man-hinh-odo-vf3-odo-01-8.jpg\" alt=\"\" width=\"1280\" height=\"1280\" srcset=\"https:\/\/autothaiduong.vn\/wp-content\/uploads\/2025\/04\/man-hinh-odo-vf3-odo-01-8.jpg 1280w, https:\/\/autothaiduong.vn\/wp-content\/uploads\/2025\/04\/man-hinh-odo-vf3-odo-01-8-300x300.jpg 300w, https:\/\/autothaiduong.vn\/wp-content\/uploads\/2025\/04\/man-hinh-odo-vf3-odo-01-8-1024x1024.jpg 1024w, https:\/\/autothaiduong.vn\/wp-content\/uploads\/2025\/04\/man-hinh-odo-vf3-odo-01-8-150x150.jpg 150w, https:\/\/autothaiduong.vn\/wp-content\/uploads\/2025\/04\/man-hinh-odo-vf3-odo-01-8-768x768.jpg 768w, https:\/\/autothaiduong.vn\/wp-content\/uploads\/2025\/04\/man-hinh-odo-vf3-odo-01-8-600x600.jpg 600w, https:\/\/autothaiduong.vn\/wp-content\/uploads\/2025\/04\/man-hinh-odo-vf3-odo-01-8-100x100.jpg 100w\" sizes=\"auto, (max-width: 1280px) 100vw, 1280px\" \/><\/p>\n","protected":false},"excerpt":{"rendered":"<p>HTD ch\u00ednh th\u1ee9c ra m\u1eaft M\u00e0n h\u00ecnh ODO VF3 \u2013\u00a0ODO 01 VF3\u00a0\u2013 s\u1ea3n ph\u1ea9m c\u00f4ng ngh\u1ec7 th\u1ebf h\u1ec7 3 \u0111\u01b0\u1ee3c thi\u1ebft k\u1ebf \u0111\u1eb7c bi\u1ec7t d\u00e0nh ri\u00eang cho xe VinFast VF3. V\u1edbi thi\u1ebft k\u1ebf hi\u1ec7n \u0111\u1ea1i, giao di\u1ec7n th\u00f4ng minh c\u00f9ng kh\u1ea3 n\u0103ng \u0111\u1ed3ng b\u1ed9 ho\u00e0n h\u1ea3o v\u1edbi h\u1ec7 th\u1ed1ng xe, ODO 01 VF3 mang \u0111\u1ebfn [&#8230;]\n","protected":false},"featured_media":230,"comment_status":"open","ping_status":"closed","template":"","meta":[],"product_brand":[63],"product_cat":[17,62],"product_tag":[],"class_list":{"0":"post-228","1":"product","2":"type-product","3":"status-publish","4":"has-post-thumbnail","6":"product_brand-htd","7":"product_cat-dvd-android-box","8":"product_cat-man-hinh-dvd-android-o-to","10":"first","11":"instock","12":"sale","13":"shipping-taxable","14":"purchasable","15":"product-type-simple"},"_links":{"self":[{"href":"https:\/\/autothaiduong.vn\/index.php?rest_route=\/wp\/v2\/product\/228","targetHints":{"allow":["GET"]}}],"collection":[{"href":"https:\/\/autothaiduong.vn\/index.php?rest_route=\/wp\/v2\/product"}],"about":[{"href":"https:\/\/autothaiduong.vn\/index.php?rest_route=\/wp\/v2\/types\/product"}],"replies":[{"embeddable":true,"href":"https:\/\/autothaiduong.vn\/index.php?rest_route=%2Fwp%2Fv2%2Fcomments&post=228"}],"wp:featuredmedia":[{"embeddable":true,"href":"https:\/\/autothaiduong.vn\/index.php?rest_route=\/wp\/v2\/media\/230"}],"wp:attachment":[{"href":"https:\/\/autothaiduong.vn\/index.php?rest_route=%2Fwp%2Fv2%2Fmedia&parent=228"}],"wp:term":[{"taxonomy":"product_brand","embeddable":true,"href":"https:\/\/autothaiduong.vn\/index.php?rest_route=%2Fwp%2Fv2%2Fproduct_brand&post=228"},{"taxonomy":"product_cat","embeddable":true,"href":"https:\/\/autothaiduong.vn\/index.php?rest_route=%2Fwp%2Fv2%2Fproduct_cat&post=228"},{"taxonomy":"product_tag","embeddable":true,"href":"https:\/\/autothaiduong.vn\/index.php?rest_route=%2Fwp%2Fv2%2Fproduct_tag&post=228"}],"curies":[{"name":"wp","href":"https:\/\/api.w.org\/{rel}","templated":true}]}}