{"id":2282,"date":"2025-05-17T16:01:33","date_gmt":"2025-05-17T16:01:33","guid":{"rendered":"https:\/\/autothaiduong.vn\/?post_type=product&#038;p=2282"},"modified":"2025-05-17T16:02:16","modified_gmt":"2025-05-17T16:02:16","slug":"teyes-cc3-2k","status":"publish","type":"product","link":"https:\/\/autothaiduong.vn\/?product=teyes-cc3-2k","title":{"rendered":"TEYES CC3 2K"},"content":{"rendered":"<p><img loading=\"lazy\" decoding=\"async\" class=\" wp-image-2122 aligncenter\" src=\"https:\/\/autothaiduong.vn\/wp-content\/uploads\/2025\/05\/z6584734442481_f208f5944548cb4b46353402ce2e64e0-3.jpg\" alt=\"\" width=\"325\" height=\"288\" \/><\/p>\n<p style=\"text-align: center;\"><span style=\"font-size: 140%;\"><strong><span style=\"color: #ff0000;\">\u0110\u1ecba Ch\u1ec9 : 273-275 Tr\u1ea7n Ph\u00fa Ph\u01b0\u1eddng L\u1ed9c S\u01a1n Th\u00e0nh Ph\u1ed1 B\u1ea3o L\u1ed9c T\u1ec9nh L\u00e2m \u0110\u1ed3ng<\/span><\/strong><\/span><\/p>\n<p style=\"text-align: center;\"><span style=\"font-size: 140%;\"><strong><span style=\"color: #ff0000;\"> Hotline: 0912197441<\/span><\/strong><\/span><\/p>\n<section class=\"product-especially\">\n<div class=\"container\">\n<div class=\"rte\">\n<p><img loading=\"lazy\" decoding=\"async\" class=\"alignnone size-full wp-image-2287\" src=\"https:\/\/autothaiduong.vn\/wp-content\/uploads\/2025\/05\/cc3-2k-360-kiki-4.jpg\" width=\"904\" height=\"1280\" srcset=\"https:\/\/autothaiduong.vn\/wp-content\/uploads\/2025\/05\/cc3-2k-360-kiki-4.jpg 904w, https:\/\/autothaiduong.vn\/wp-content\/uploads\/2025\/05\/cc3-2k-360-kiki-4-424x600.jpg 424w, https:\/\/autothaiduong.vn\/wp-content\/uploads\/2025\/05\/cc3-2k-360-kiki-4-723x1024.jpg 723w, https:\/\/autothaiduong.vn\/wp-content\/uploads\/2025\/05\/cc3-2k-360-kiki-4-768x1087.jpg 768w, https:\/\/autothaiduong.vn\/wp-content\/uploads\/2025\/05\/cc3-2k-360-kiki-4-600x850.jpg 600w\" sizes=\"auto, (max-width: 904px) 100vw, 904px\" \/><\/p>\n<p><img loading=\"lazy\" decoding=\"async\" class=\"alignnone size-full wp-image-2288\" src=\"https:\/\/autothaiduong.vn\/wp-content\/uploads\/2025\/05\/cc32k-4-623ed8a4-1f02-436c-8690-1decfd826d5c.jpg\" width=\"904\" height=\"1280\" srcset=\"https:\/\/autothaiduong.vn\/wp-content\/uploads\/2025\/05\/cc32k-4-623ed8a4-1f02-436c-8690-1decfd826d5c.jpg 904w, https:\/\/autothaiduong.vn\/wp-content\/uploads\/2025\/05\/cc32k-4-623ed8a4-1f02-436c-8690-1decfd826d5c-424x600.jpg 424w, https:\/\/autothaiduong.vn\/wp-content\/uploads\/2025\/05\/cc32k-4-623ed8a4-1f02-436c-8690-1decfd826d5c-723x1024.jpg 723w, https:\/\/autothaiduong.vn\/wp-content\/uploads\/2025\/05\/cc32k-4-623ed8a4-1f02-436c-8690-1decfd826d5c-768x1087.jpg 768w, https:\/\/autothaiduong.vn\/wp-content\/uploads\/2025\/05\/cc32k-4-623ed8a4-1f02-436c-8690-1decfd826d5c-600x850.jpg 600w\" sizes=\"auto, (max-width: 904px) 100vw, 904px\" \/><\/p>\n<p><img loading=\"lazy\" decoding=\"async\" class=\"alignnone size-full wp-image-2289\" src=\"https:\/\/autothaiduong.vn\/wp-content\/uploads\/2025\/05\/cc32k-10-1.jpg\" width=\"904\" height=\"1280\" srcset=\"https:\/\/autothaiduong.vn\/wp-content\/uploads\/2025\/05\/cc32k-10-1.jpg 904w, https:\/\/autothaiduong.vn\/wp-content\/uploads\/2025\/05\/cc32k-10-1-424x600.jpg 424w, https:\/\/autothaiduong.vn\/wp-content\/uploads\/2025\/05\/cc32k-10-1-723x1024.jpg 723w, https:\/\/autothaiduong.vn\/wp-content\/uploads\/2025\/05\/cc32k-10-1-768x1087.jpg 768w, https:\/\/autothaiduong.vn\/wp-content\/uploads\/2025\/05\/cc32k-10-1-600x850.jpg 600w\" sizes=\"auto, (max-width: 904px) 100vw, 904px\" \/><\/p>\n<p>&nbsp;<\/p>\n<p><img loading=\"lazy\" decoding=\"async\" class=\"alignnone size-full wp-image-2290\" src=\"https:\/\/autothaiduong.vn\/wp-content\/uploads\/2025\/05\/trang-bs-3.png\" width=\"708\" height=\"1000\" srcset=\"https:\/\/autothaiduong.vn\/wp-content\/uploads\/2025\/05\/trang-bs-3.png 708w, https:\/\/autothaiduong.vn\/wp-content\/uploads\/2025\/05\/trang-bs-3-425x600.png 425w, https:\/\/autothaiduong.vn\/wp-content\/uploads\/2025\/05\/trang-bs-3-600x847.png 600w\" sizes=\"auto, (max-width: 708px) 100vw, 708px\" \/><\/p>\n<p><img loading=\"lazy\" decoding=\"async\" class=\"alignnone size-full wp-image-2291\" src=\"https:\/\/autothaiduong.vn\/wp-content\/uploads\/2025\/05\/cc3-2k-360-kiki-13-1.jpg\" width=\"906\" height=\"1280\" srcset=\"https:\/\/autothaiduong.vn\/wp-content\/uploads\/2025\/05\/cc3-2k-360-kiki-13-1.jpg 906w, https:\/\/autothaiduong.vn\/wp-content\/uploads\/2025\/05\/cc3-2k-360-kiki-13-1-425x600.jpg 425w, https:\/\/autothaiduong.vn\/wp-content\/uploads\/2025\/05\/cc3-2k-360-kiki-13-1-725x1024.jpg 725w, https:\/\/autothaiduong.vn\/wp-content\/uploads\/2025\/05\/cc3-2k-360-kiki-13-1-768x1085.jpg 768w, https:\/\/autothaiduong.vn\/wp-content\/uploads\/2025\/05\/cc3-2k-360-kiki-13-1-600x848.jpg 600w\" sizes=\"auto, (max-width: 906px) 100vw, 906px\" \/><\/p>\n<p><img loading=\"lazy\" decoding=\"async\" class=\"alignnone size-full wp-image-2292\" src=\"https:\/\/autothaiduong.vn\/wp-content\/uploads\/2025\/05\/cc32k-8-1-c707b45f-499e-46ee-a55f-82e93ffe54a2.jpg\" width=\"904\" height=\"1280\" srcset=\"https:\/\/autothaiduong.vn\/wp-content\/uploads\/2025\/05\/cc32k-8-1-c707b45f-499e-46ee-a55f-82e93ffe54a2.jpg 904w, https:\/\/autothaiduong.vn\/wp-content\/uploads\/2025\/05\/cc32k-8-1-c707b45f-499e-46ee-a55f-82e93ffe54a2-424x600.jpg 424w, https:\/\/autothaiduong.vn\/wp-content\/uploads\/2025\/05\/cc32k-8-1-c707b45f-499e-46ee-a55f-82e93ffe54a2-723x1024.jpg 723w, https:\/\/autothaiduong.vn\/wp-content\/uploads\/2025\/05\/cc32k-8-1-c707b45f-499e-46ee-a55f-82e93ffe54a2-768x1087.jpg 768w, https:\/\/autothaiduong.vn\/wp-content\/uploads\/2025\/05\/cc32k-8-1-c707b45f-499e-46ee-a55f-82e93ffe54a2-600x850.jpg 600w\" sizes=\"auto, (max-width: 904px) 100vw, 904px\" \/><\/p>\n<h3><strong>T\u00edch h\u1ee3p camera 360 x\u00f3a tan \u0111i\u1ec3m m\u00f9<\/strong><\/h3>\n<p>M\u00e0n h\u00ecnh Teyes CC3 li\u1ec1n camera 360 gi\u00fap l\u00e1i xe an to\u00e0n v\u00e0 d\u1ec5 d\u00e0ng h\u01a1n. Teyes CC3 360 gi\u00fap x\u00f3a tan \u0111i\u1ec3m m\u00f9 c\u00e1c v\u1ecb tr\u00ed ng\u01b0\u1eddi l\u00e1i kh\u00f4ng quan s\u00e1t \u0111\u01b0\u1ee3c. M\u1eaft camera chip Sony cho ra h\u00ecnh \u1ea3nh r\u00f5 r\u00e0ng hi\u1ec3n th\u1ecb s\u1eafc n\u00e9t v\u00e0 ch\u00e2n th\u1ef1c.<\/p>\n<p><img loading=\"lazy\" decoding=\"async\" class=\"alignnone size-full wp-image-2293\" src=\"https:\/\/autothaiduong.vn\/wp-content\/uploads\/2025\/05\/cc3-2k-360-kiki-14.jpg\" width=\"904\" height=\"1280\" srcset=\"https:\/\/autothaiduong.vn\/wp-content\/uploads\/2025\/05\/cc3-2k-360-kiki-14.jpg 904w, https:\/\/autothaiduong.vn\/wp-content\/uploads\/2025\/05\/cc3-2k-360-kiki-14-424x600.jpg 424w, https:\/\/autothaiduong.vn\/wp-content\/uploads\/2025\/05\/cc3-2k-360-kiki-14-723x1024.jpg 723w, https:\/\/autothaiduong.vn\/wp-content\/uploads\/2025\/05\/cc3-2k-360-kiki-14-768x1087.jpg 768w, https:\/\/autothaiduong.vn\/wp-content\/uploads\/2025\/05\/cc3-2k-360-kiki-14-600x850.jpg 600w\" sizes=\"auto, (max-width: 904px) 100vw, 904px\" \/><\/p>\n<h3><strong>H\u1ec7 th\u1ed1ng \u00e2m thanh DSP si\u00eau hay<\/strong><\/h3>\n<p>Phi\u00ean b\u1ea3n m\u00e0n h\u00ecnh Teyes CC3 360 d\u1eabn \u0111\u1ea7u c\u00f4ng ngh\u1ec7 \u00e2m thanh trong c\u00e1c d\u00f2ng m\u00e0n h\u00ecnh \u00f4 t\u00f4. M\u00e0n h\u00ecnh Android Teyes 360 s\u1eed d\u1ee5ng h\u1ec7 th\u1ed1ng \u00e2m thanh v\u00f2m 5.1 v\u1edbi 27 k\u00eanh gi\u00fap b\u1ea1n c\u00f3 th\u1ec3 t\u00f9y ch\u1ec9nh ch\u1ea5t l\u01b0\u1ee3ng \u00e2m thanh ph\u00f9 h\u1ee3p theo d\u00f2ng v\u00e0 s\u1edf th\u00edch c\u1ee7a b\u1ea1n. \u0110em \u0111\u1ebfn nh\u1eefng gi\u00e2y ph\u00fat gi\u1ea3i tr\u00ed \u00eam \u0111\u1ec1m, tr\u1ecdn v\u1eb9n h\u01a1n gi\u00fap gi\u1ea3i t\u1ecfa c\u0103ng th\u1eb3ng khi l\u00e1i xe.<\/p>\n<p><img loading=\"lazy\" decoding=\"async\" class=\"alignnone size-full wp-image-2294\" src=\"https:\/\/autothaiduong.vn\/wp-content\/uploads\/2025\/05\/cc3-2k-360-kiki-15.jpg\" width=\"904\" height=\"1280\" srcset=\"https:\/\/autothaiduong.vn\/wp-content\/uploads\/2025\/05\/cc3-2k-360-kiki-15.jpg 904w, https:\/\/autothaiduong.vn\/wp-content\/uploads\/2025\/05\/cc3-2k-360-kiki-15-424x600.jpg 424w, https:\/\/autothaiduong.vn\/wp-content\/uploads\/2025\/05\/cc3-2k-360-kiki-15-723x1024.jpg 723w, https:\/\/autothaiduong.vn\/wp-content\/uploads\/2025\/05\/cc3-2k-360-kiki-15-768x1087.jpg 768w, https:\/\/autothaiduong.vn\/wp-content\/uploads\/2025\/05\/cc3-2k-360-kiki-15-600x850.jpg 600w\" sizes=\"auto, (max-width: 904px) 100vw, 904px\" \/><\/p>\n<p><img loading=\"lazy\" decoding=\"async\" class=\"alignnone size-full wp-image-2295\" src=\"https:\/\/autothaiduong.vn\/wp-content\/uploads\/2025\/05\/cc3-2k-360-kiki-16.jpg\" width=\"900\" height=\"1280\" srcset=\"https:\/\/autothaiduong.vn\/wp-content\/uploads\/2025\/05\/cc3-2k-360-kiki-16.jpg 900w, https:\/\/autothaiduong.vn\/wp-content\/uploads\/2025\/05\/cc3-2k-360-kiki-16-422x600.jpg 422w, https:\/\/autothaiduong.vn\/wp-content\/uploads\/2025\/05\/cc3-2k-360-kiki-16-720x1024.jpg 720w, https:\/\/autothaiduong.vn\/wp-content\/uploads\/2025\/05\/cc3-2k-360-kiki-16-768x1092.jpg 768w, https:\/\/autothaiduong.vn\/wp-content\/uploads\/2025\/05\/cc3-2k-360-kiki-16-600x853.jpg 600w\" sizes=\"auto, (max-width: 900px) 100vw, 900px\" \/><\/p>\n<p><img loading=\"lazy\" decoding=\"async\" class=\"alignnone size-full wp-image-2296\" src=\"https:\/\/autothaiduong.vn\/wp-content\/uploads\/2025\/05\/cc3-2k-360-kiki-5.jpg\" width=\"908\" height=\"1280\" srcset=\"https:\/\/autothaiduong.vn\/wp-content\/uploads\/2025\/05\/cc3-2k-360-kiki-5.jpg 908w, https:\/\/autothaiduong.vn\/wp-content\/uploads\/2025\/05\/cc3-2k-360-kiki-5-426x600.jpg 426w, https:\/\/autothaiduong.vn\/wp-content\/uploads\/2025\/05\/cc3-2k-360-kiki-5-726x1024.jpg 726w, https:\/\/autothaiduong.vn\/wp-content\/uploads\/2025\/05\/cc3-2k-360-kiki-5-768x1083.jpg 768w, https:\/\/autothaiduong.vn\/wp-content\/uploads\/2025\/05\/cc3-2k-360-kiki-5-600x846.jpg 600w\" sizes=\"auto, (max-width: 908px) 100vw, 908px\" \/><\/p>\n<p><img loading=\"lazy\" decoding=\"async\" class=\"alignnone size-full wp-image-2297\" src=\"https:\/\/autothaiduong.vn\/wp-content\/uploads\/2025\/05\/cc3-2k-360-kiki-6.jpg\" width=\"904\" height=\"1280\" srcset=\"https:\/\/autothaiduong.vn\/wp-content\/uploads\/2025\/05\/cc3-2k-360-kiki-6.jpg 904w, https:\/\/autothaiduong.vn\/wp-content\/uploads\/2025\/05\/cc3-2k-360-kiki-6-424x600.jpg 424w, https:\/\/autothaiduong.vn\/wp-content\/uploads\/2025\/05\/cc3-2k-360-kiki-6-723x1024.jpg 723w, https:\/\/autothaiduong.vn\/wp-content\/uploads\/2025\/05\/cc3-2k-360-kiki-6-768x1087.jpg 768w, https:\/\/autothaiduong.vn\/wp-content\/uploads\/2025\/05\/cc3-2k-360-kiki-6-600x850.jpg 600w\" sizes=\"auto, (max-width: 904px) 100vw, 904px\" \/><\/p>\n<h3><strong>H\u1ed7 tr\u1ee3 k\u1ebft n\u1ed1i \u0111a k\u00eanh ph\u01b0\u01a1ng ti\u1ec7n<\/strong><\/h3>\n<p>C\u0169ng nh\u01b0 c\u00e1c d\u00f2ng m\u00e0n h\u00ecnh Android\u00a0th\u00f4ng minh kh\u00e1c tr\u00ean th\u1ecb tr\u01b0\u1eddng, th\u00ec Teyes CC3 360 c\u00f3 th\u1ec3 k\u1ebft n\u1ed1i \u0111\u01b0\u1ee3c v\u1edbi r\u1ea5t nhi\u1ec1u c\u00e1c thi\u1ebft b\u1ecb kh\u00e1c nh\u01b0: Bluetooth, wifi, camera h\u00e0nh tr\u00ecnh, camera 360, c\u1ea3m bi\u1ebfn \u00e1p su\u1ea5t l\u1ed1p,\u2026 gi\u00fap ch\u1ee7 xe c\u00f3 th\u1ec3 t\u1eadp trung c\u1ea7m l\u00e1i v\u00e0 \u0111\u1ea3m b\u1ea3o an to\u00e0n khi tham gia giao th\u00f4ng.<\/p>\n<p><img loading=\"lazy\" decoding=\"async\" class=\"alignnone size-full wp-image-2298\" src=\"https:\/\/autothaiduong.vn\/wp-content\/uploads\/2025\/05\/cc32k-12-1.jpg\" width=\"903\" height=\"1280\" srcset=\"https:\/\/autothaiduong.vn\/wp-content\/uploads\/2025\/05\/cc32k-12-1.jpg 903w, https:\/\/autothaiduong.vn\/wp-content\/uploads\/2025\/05\/cc32k-12-1-423x600.jpg 423w, https:\/\/autothaiduong.vn\/wp-content\/uploads\/2025\/05\/cc32k-12-1-722x1024.jpg 722w, https:\/\/autothaiduong.vn\/wp-content\/uploads\/2025\/05\/cc32k-12-1-768x1089.jpg 768w, https:\/\/autothaiduong.vn\/wp-content\/uploads\/2025\/05\/cc32k-12-1-600x850.jpg 600w\" sizes=\"auto, (max-width: 903px) 100vw, 903px\" \/><\/p>\n<p>&nbsp;<\/p>\n<p><img loading=\"lazy\" decoding=\"async\" class=\"alignnone size-full wp-image-2299\" src=\"https:\/\/autothaiduong.vn\/wp-content\/uploads\/2025\/05\/11-1-d2e54052-9e1b-4572-a7af-909820aeff8e.png\" width=\"904\" height=\"1280\" srcset=\"https:\/\/autothaiduong.vn\/wp-content\/uploads\/2025\/05\/11-1-d2e54052-9e1b-4572-a7af-909820aeff8e.png 904w, https:\/\/autothaiduong.vn\/wp-content\/uploads\/2025\/05\/11-1-d2e54052-9e1b-4572-a7af-909820aeff8e-424x600.png 424w, https:\/\/autothaiduong.vn\/wp-content\/uploads\/2025\/05\/11-1-d2e54052-9e1b-4572-a7af-909820aeff8e-723x1024.png 723w, https:\/\/autothaiduong.vn\/wp-content\/uploads\/2025\/05\/11-1-d2e54052-9e1b-4572-a7af-909820aeff8e-768x1087.png 768w, https:\/\/autothaiduong.vn\/wp-content\/uploads\/2025\/05\/11-1-d2e54052-9e1b-4572-a7af-909820aeff8e-600x850.png 600w\" sizes=\"auto, (max-width: 904px) 100vw, 904px\" \/><\/p>\n<p><img loading=\"lazy\" decoding=\"async\" class=\"alignnone size-full wp-image-2300\" src=\"https:\/\/autothaiduong.vn\/wp-content\/uploads\/2025\/05\/cc32k-5.jpg\" width=\"904\" height=\"1280\" srcset=\"https:\/\/autothaiduong.vn\/wp-content\/uploads\/2025\/05\/cc32k-5.jpg 904w, https:\/\/autothaiduong.vn\/wp-content\/uploads\/2025\/05\/cc32k-5-424x600.jpg 424w, https:\/\/autothaiduong.vn\/wp-content\/uploads\/2025\/05\/cc32k-5-723x1024.jpg 723w, https:\/\/autothaiduong.vn\/wp-content\/uploads\/2025\/05\/cc32k-5-768x1087.jpg 768w, https:\/\/autothaiduong.vn\/wp-content\/uploads\/2025\/05\/cc32k-5-600x850.jpg 600w\" sizes=\"auto, (max-width: 904px) 100vw, 904px\" \/><\/p>\n<p><img loading=\"lazy\" decoding=\"async\" class=\"alignnone size-full wp-image-2301\" src=\"https:\/\/autothaiduong.vn\/wp-content\/uploads\/2025\/05\/cc3-2k-360-kiki-18.jpg\" width=\"902\" height=\"1280\" srcset=\"https:\/\/autothaiduong.vn\/wp-content\/uploads\/2025\/05\/cc3-2k-360-kiki-18.jpg 902w, https:\/\/autothaiduong.vn\/wp-content\/uploads\/2025\/05\/cc3-2k-360-kiki-18-423x600.jpg 423w, https:\/\/autothaiduong.vn\/wp-content\/uploads\/2025\/05\/cc3-2k-360-kiki-18-722x1024.jpg 722w, https:\/\/autothaiduong.vn\/wp-content\/uploads\/2025\/05\/cc3-2k-360-kiki-18-768x1090.jpg 768w, https:\/\/autothaiduong.vn\/wp-content\/uploads\/2025\/05\/cc3-2k-360-kiki-18-600x851.jpg 600w\" sizes=\"auto, (max-width: 902px) 100vw, 902px\" \/><\/p>\n<p><img loading=\"lazy\" decoding=\"async\" class=\"alignnone size-full wp-image-2302\" src=\"https:\/\/autothaiduong.vn\/wp-content\/uploads\/2025\/05\/cc3-2k-360-kiki-19.jpg\" width=\"904\" height=\"1280\" srcset=\"https:\/\/autothaiduong.vn\/wp-content\/uploads\/2025\/05\/cc3-2k-360-kiki-19.jpg 904w, https:\/\/autothaiduong.vn\/wp-content\/uploads\/2025\/05\/cc3-2k-360-kiki-19-424x600.jpg 424w, https:\/\/autothaiduong.vn\/wp-content\/uploads\/2025\/05\/cc3-2k-360-kiki-19-723x1024.jpg 723w, https:\/\/autothaiduong.vn\/wp-content\/uploads\/2025\/05\/cc3-2k-360-kiki-19-768x1087.jpg 768w, https:\/\/autothaiduong.vn\/wp-content\/uploads\/2025\/05\/cc3-2k-360-kiki-19-600x850.jpg 600w\" sizes=\"auto, (max-width: 904px) 100vw, 904px\" \/><\/p>\n<p><img loading=\"lazy\" decoding=\"async\" class=\"alignnone size-full wp-image-2303\" src=\"https:\/\/autothaiduong.vn\/wp-content\/uploads\/2025\/05\/cc3-2k-360-kiki-20.jpg\" width=\"901\" height=\"1280\" srcset=\"https:\/\/autothaiduong.vn\/wp-content\/uploads\/2025\/05\/cc3-2k-360-kiki-20.jpg 901w, https:\/\/autothaiduong.vn\/wp-content\/uploads\/2025\/05\/cc3-2k-360-kiki-20-422x600.jpg 422w, https:\/\/autothaiduong.vn\/wp-content\/uploads\/2025\/05\/cc3-2k-360-kiki-20-721x1024.jpg 721w, https:\/\/autothaiduong.vn\/wp-content\/uploads\/2025\/05\/cc3-2k-360-kiki-20-768x1091.jpg 768w, https:\/\/autothaiduong.vn\/wp-content\/uploads\/2025\/05\/cc3-2k-360-kiki-20-600x852.jpg 600w\" sizes=\"auto, (max-width: 901px) 100vw, 901px\" \/><\/p>\n<p><img loading=\"lazy\" decoding=\"async\" class=\"alignnone size-full wp-image-2304\" src=\"https:\/\/autothaiduong.vn\/wp-content\/uploads\/2025\/05\/cc3-2k-360-kiki-21.jpg\" width=\"902\" height=\"1280\" srcset=\"https:\/\/autothaiduong.vn\/wp-content\/uploads\/2025\/05\/cc3-2k-360-kiki-21.jpg 902w, https:\/\/autothaiduong.vn\/wp-content\/uploads\/2025\/05\/cc3-2k-360-kiki-21-423x600.jpg 423w, https:\/\/autothaiduong.vn\/wp-content\/uploads\/2025\/05\/cc3-2k-360-kiki-21-722x1024.jpg 722w, https:\/\/autothaiduong.vn\/wp-content\/uploads\/2025\/05\/cc3-2k-360-kiki-21-768x1090.jpg 768w, https:\/\/autothaiduong.vn\/wp-content\/uploads\/2025\/05\/cc3-2k-360-kiki-21-600x851.jpg 600w\" sizes=\"auto, (max-width: 902px) 100vw, 902px\" \/><\/p>\n<p><img loading=\"lazy\" decoding=\"async\" class=\"alignnone size-full wp-image-2305\" src=\"https:\/\/autothaiduong.vn\/wp-content\/uploads\/2025\/05\/cc3-2k-360-kiki-23.jpg\" width=\"900\" height=\"1280\" srcset=\"https:\/\/autothaiduong.vn\/wp-content\/uploads\/2025\/05\/cc3-2k-360-kiki-23.jpg 900w, https:\/\/autothaiduong.vn\/wp-content\/uploads\/2025\/05\/cc3-2k-360-kiki-23-422x600.jpg 422w, https:\/\/autothaiduong.vn\/wp-content\/uploads\/2025\/05\/cc3-2k-360-kiki-23-720x1024.jpg 720w, https:\/\/autothaiduong.vn\/wp-content\/uploads\/2025\/05\/cc3-2k-360-kiki-23-768x1092.jpg 768w, https:\/\/autothaiduong.vn\/wp-content\/uploads\/2025\/05\/cc3-2k-360-kiki-23-600x853.jpg 600w\" sizes=\"auto, (max-width: 900px) 100vw, 900px\" \/><\/p>\n<p><img loading=\"lazy\" decoding=\"async\" class=\"alignnone size-full wp-image-2306\" src=\"https:\/\/autothaiduong.vn\/wp-content\/uploads\/2025\/05\/cc32k-3-4c691f86-d512-4a7a-8ff2-5eba8f0290d8.jpg\" width=\"904\" height=\"1280\" srcset=\"https:\/\/autothaiduong.vn\/wp-content\/uploads\/2025\/05\/cc32k-3-4c691f86-d512-4a7a-8ff2-5eba8f0290d8.jpg 904w, https:\/\/autothaiduong.vn\/wp-content\/uploads\/2025\/05\/cc32k-3-4c691f86-d512-4a7a-8ff2-5eba8f0290d8-424x600.jpg 424w, https:\/\/autothaiduong.vn\/wp-content\/uploads\/2025\/05\/cc32k-3-4c691f86-d512-4a7a-8ff2-5eba8f0290d8-723x1024.jpg 723w, https:\/\/autothaiduong.vn\/wp-content\/uploads\/2025\/05\/cc32k-3-4c691f86-d512-4a7a-8ff2-5eba8f0290d8-768x1087.jpg 768w, https:\/\/autothaiduong.vn\/wp-content\/uploads\/2025\/05\/cc32k-3-4c691f86-d512-4a7a-8ff2-5eba8f0290d8-600x850.jpg 600w\" sizes=\"auto, (max-width: 904px) 100vw, 904px\" \/><\/p>\n<\/div>\n<\/div>\n<\/section>\n<section class=\"product-especially\">\n<div class=\"container\">\n<div class=\"rte\"><\/div>\n<\/div>\n<\/section>\n<section id=\"pro_specifications\" class=\"product-specifications\">\n<div class=\"container\">\n<h2>Th\u00f4ng s\u1ed1 k\u1ef9 thu\u1eadt<\/h2>\n<div class=\"row\">\n<div class=\"col-lg-6 col-md-12 col-sm-12 col-12\">\n<h3>K\u00edch th\u01b0\u1edbc s\u1ea3n ph\u1ea9m<\/h3>\n<\/div>\n<div class=\"col-lg-6 col-md-12 col-sm-12 col-12\">\n<div class=\"rte\">\n<table border=\"1\">\n<tbody>\n<tr>\n<td width=\"100\">H\u1ec7 \u0111i\u1ec1u h\u00e0nh (OS)<\/td>\n<td width=\"270\">Android 10<\/td>\n<\/tr>\n<tr>\n<td width=\"100\">Vi x\u1eed l\u00fd<\/td>\n<td width=\"270\">UIS 7862S (UMS512) 8 nh\u00e2n, 2.0GHz 2 x A75 + 6 x A55 ARM 12NM<\/td>\n<\/tr>\n<tr>\n<td width=\"100\">M\u00e0n h\u00ecnh<\/td>\n<td width=\"270\">QLED 9.5&#8243; \/ 10.36&#8243; 2.5D c\u1ea3m \u1ee9ng \u0111a \u0111i\u1ec3m<\/td>\n<\/tr>\n<tr>\n<td width=\"100\">\u0110\u1ed9 ph\u00e2n gi\u1ea3i<br \/>\nm\u00e0n h\u00ecnh<\/td>\n<td width=\"270\">2000 x 1200 pixels 2K<\/td>\n<\/tr>\n<tr>\n<td width=\"100\">RAM<\/td>\n<td width=\"270\">4GB \u2013 32GB<br \/>\n4GB \u2013 64GB<br \/>\n6GB \u2013 128GB<\/td>\n<\/tr>\n<tr>\n<td width=\"100\">\u00c2m thanh<\/td>\n<td width=\"270\">1 x chip ADAU 1701 1 x chip ROHM 32107<br \/>\n27 k\u00eanh EQ \u00e2m thanh v\u00f2m 5.1<\/td>\n<\/tr>\n<tr>\n<td width=\"100\">Bluetooth<\/td>\n<td width=\"270\">H\u1ed7 tr\u1ee3 5.1 Bluetooth<\/td>\n<\/tr>\n<tr>\n<td width=\"100\">K\u1ebft n\u1ed1i camera 360<\/td>\n<td width=\"270\">C\u00f3 ( H\u1ed7 tr\u1ee3 ph\u1ee5 ki\u1ec7n camera 360 )<\/td>\n<\/tr>\n<tr>\n<td width=\"100\">K\u1ebft n\u1ed1i Camera<\/td>\n<td width=\"270\">C\u00f3 ( H\u1ed7 tr\u1ee3 ph\u1ee5 ki\u1ec7n camera TEYES X5 )<\/td>\n<\/tr>\n<tr>\n<td width=\"100\">K\u1ebft n\u1ed1i WIFI<\/td>\n<td width=\"270\">C\u00f3 (2.4 Ghz \/ 5.0 Ghz )<\/td>\n<\/tr>\n<tr>\n<td width=\"100\">K\u1ebft n\u1ed1i SIM 4G<\/td>\n<td width=\"270\">C\u00f3<\/td>\n<\/tr>\n<tr>\n<td width=\"100\">K\u1ebft n\u1ed1i AM\/ FM \/ RDS Radio<\/td>\n<td width=\"270\">C\u00f3<\/td>\n<\/tr>\n<\/tbody>\n<\/table>\n<\/div>\n<\/div>\n<\/div>\n<\/div>\n<\/section>\n","protected":false},"excerpt":{"rendered":"<p><em><strong>Auto Th\u00e1i D\u01b0\u01a1ng- \u0110\u1ea1i L\u00ed Ch\u00ednh H\u00e3ng VietMap T\u1ea1i TP.B\u1ea3o L\u1ed9c<\/strong><\/em><\/p>\n<p><em><strong>\u0110\u1ecba Ch\u1ec9 : 273-275 Tr\u1ea7n Ph\u00fa Ph\u01b0\u1eddng L\u1ed9c S\u01a1n Th\u00e0nh Ph\u1ed1 B\u1ea3o L\u1ed9c T\u1ec9nh L\u00e2m \u0110\u1ed3ng <\/strong><\/em><\/p>\n<p><em><strong>Hotline: 0912197441<\/strong><\/em><\/p>\n","protected":false},"featured_media":2298,"comment_status":"open","ping_status":"closed","template":"","meta":[],"product_brand":[84],"product_cat":[17,70,62],"product_tag":[],"class_list":{"0":"post-2282","1":"product","2":"type-product","3":"status-publish","4":"has-post-thumbnail","6":"product_brand-vietmap","7":"product_cat-dvd-android-box","8":"product_cat-man-hinh-android","9":"product_cat-man-hinh-dvd-android-o-to","11":"first","12":"instock","13":"shipping-taxable","14":"purchasable","15":"product-type-simple"},"_links":{"self":[{"href":"https:\/\/autothaiduong.vn\/index.php?rest_route=\/wp\/v2\/product\/2282","targetHints":{"allow":["GET"]}}],"collection":[{"href":"https:\/\/autothaiduong.vn\/index.php?rest_route=\/wp\/v2\/product"}],"about":[{"href":"https:\/\/autothaiduong.vn\/index.php?rest_route=\/wp\/v2\/types\/product"}],"replies":[{"embeddable":true,"href":"https:\/\/autothaiduong.vn\/index.php?rest_route=%2Fwp%2Fv2%2Fcomments&post=2282"}],"wp:featuredmedia":[{"embeddable":true,"href":"https:\/\/autothaiduong.vn\/index.php?rest_route=\/wp\/v2\/media\/2298"}],"wp:attachment":[{"href":"https:\/\/autothaiduong.vn\/index.php?rest_route=%2Fwp%2Fv2%2Fmedia&parent=2282"}],"wp:term":[{"taxonomy":"product_brand","embeddable":true,"href":"https:\/\/autothaiduong.vn\/index.php?rest_route=%2Fwp%2Fv2%2Fproduct_brand&post=2282"},{"taxonomy":"product_cat","embeddable":true,"href":"https:\/\/autothaiduong.vn\/index.php?rest_route=%2Fwp%2Fv2%2Fproduct_cat&post=2282"},{"taxonomy":"product_tag","embeddable":true,"href":"https:\/\/autothaiduong.vn\/index.php?rest_route=%2Fwp%2Fv2%2Fproduct_tag&post=2282"}],"curies":[{"name":"wp","href":"https:\/\/api.w.org\/{rel}","templated":true}]}}