{"id":2311,"date":"2025-05-17T16:14:15","date_gmt":"2025-05-17T16:14:15","guid":{"rendered":"https:\/\/autothaiduong.vn\/?post_type=product&#038;p=2311"},"modified":"2025-05-17T16:14:48","modified_gmt":"2025-05-17T16:14:48","slug":"teyes-cc3l","status":"publish","type":"product","link":"https:\/\/autothaiduong.vn\/?product=teyes-cc3l","title":{"rendered":"TEYES CC3L"},"content":{"rendered":"<p><img loading=\"lazy\" decoding=\"async\" class=\" wp-image-2122 aligncenter\" src=\"https:\/\/autothaiduong.vn\/wp-content\/uploads\/2025\/05\/z6584734442481_f208f5944548cb4b46353402ce2e64e0-3.jpg\" alt=\"\" width=\"271\" height=\"240\" \/><\/p>\n<p style=\"text-align: center;\"><span style=\"color: #ff0000; font-size: 140%;\"><strong>\u0110\u1ecba Ch\u1ec9 : 273-275 Tr\u1ea7n Ph\u00fa Ph\u01b0\u1eddng L\u1ed9c S\u01a1n Th\u00e0nh Ph\u1ed1 B\u1ea3o L\u1ed9c T\u1ec9nh L\u00e2m \u0110\u1ed3ng <\/strong><\/span><\/p>\n<p style=\"text-align: center;\"><span style=\"color: #ff0000; font-size: 140%;\"><strong>Hotline: 0912197441<\/strong><\/span><\/p>\n<section class=\"product-especially\">\n<div class=\"container\">\n<div class=\"rte\">\n<h3>\u01afu \u0111i\u1ec3m n\u1ed5i b\u1eadt c\u1ee7a m\u00e0n h\u00ecnh Teyes CC3L<\/h3>\n<p><img loading=\"lazy\" decoding=\"async\" class=\"alignnone size-full wp-image-2313\" src=\"https:\/\/autothaiduong.vn\/wp-content\/uploads\/2025\/05\/cc3l-1-1.jpg\" width=\"848\" height=\"1200\" srcset=\"https:\/\/autothaiduong.vn\/wp-content\/uploads\/2025\/05\/cc3l-1-1.jpg 848w, https:\/\/autothaiduong.vn\/wp-content\/uploads\/2025\/05\/cc3l-1-1-424x600.jpg 424w, https:\/\/autothaiduong.vn\/wp-content\/uploads\/2025\/05\/cc3l-1-1-724x1024.jpg 724w, https:\/\/autothaiduong.vn\/wp-content\/uploads\/2025\/05\/cc3l-1-1-768x1087.jpg 768w, https:\/\/autothaiduong.vn\/wp-content\/uploads\/2025\/05\/cc3l-1-1-600x849.jpg 600w\" sizes=\"auto, (max-width: 848px) 100vw, 848px\" \/><\/p>\n<h3>D\u1eabn \u0111\u01b0\u1eddng th\u00f4ng minh d\u1eef li\u1ec7u c\u1ea3nh b\u00e1o ch\u00ednh x\u00e1c<\/h3>\n<p>M\u00e0n h\u00ecnh Teyes CC3L \u0111\u01b0\u1ee3c trang b\u1ecb \u1ee9ng d\u1ee5ng d\u1eabn \u0111\u01b0\u1eddng m\u1edbi nh\u1ea5t hi\u1ec7n nay: Vietmap Live gi\u00fap hi\u1ec3n th\u1ecb bi\u1ec3n b\u00e1o giao th\u00f4ng, c\u1ea3nh b\u00e1o camera ph\u1ea1t ngu\u1ed9i,\u2026<\/p>\n<p><img loading=\"lazy\" decoding=\"async\" class=\"alignnone size-full wp-image-2314\" src=\"https:\/\/autothaiduong.vn\/wp-content\/uploads\/2025\/05\/cc3l-2-1.jpg\" width=\"848\" height=\"1200\" srcset=\"https:\/\/autothaiduong.vn\/wp-content\/uploads\/2025\/05\/cc3l-2-1.jpg 848w, https:\/\/autothaiduong.vn\/wp-content\/uploads\/2025\/05\/cc3l-2-1-424x600.jpg 424w, https:\/\/autothaiduong.vn\/wp-content\/uploads\/2025\/05\/cc3l-2-1-724x1024.jpg 724w, https:\/\/autothaiduong.vn\/wp-content\/uploads\/2025\/05\/cc3l-2-1-768x1087.jpg 768w, https:\/\/autothaiduong.vn\/wp-content\/uploads\/2025\/05\/cc3l-2-1-600x849.jpg 600w\" sizes=\"auto, (max-width: 848px) 100vw, 848px\" \/><\/p>\n<h3>Giao di\u1ec7n hi\u1ec7n \u0111\u1ea1i \u2013 c\u00e1 nh\u00e2n ho\u00e1<\/h3>\n<p>N\u1ed5i b\u1eadt v\u1edbi 6 tone m\u00e0u ch\u00ednh, giao di\u1ec7n c\u1ee7a CC3L c\u00f3 th\u1ec3 d\u1ec5 d\u00e0ng tu\u1ef3 bi\u1ebfn theo s\u1edf th\u00edch ng\u01b0\u1eddi d\u00f9ng. Xu h\u01b0\u1edbng thi\u1ebft k\u1ebf hi\u1ec7n \u0111\u1ea1i t\u1ea1o s\u1ef1 b\u1eaft m\u1eaft v\u00e0 \u1ea5n t\u01b0\u1ee3ng cho m\u00e0n h\u00ecnh.<\/p>\n<p><img loading=\"lazy\" decoding=\"async\" class=\"alignnone size-full wp-image-2315\" src=\"https:\/\/autothaiduong.vn\/wp-content\/uploads\/2025\/05\/5-b413d580-1640-45a8-8023-aad9528fdf48.png\" width=\"848\" height=\"1200\" srcset=\"https:\/\/autothaiduong.vn\/wp-content\/uploads\/2025\/05\/5-b413d580-1640-45a8-8023-aad9528fdf48.png 848w, https:\/\/autothaiduong.vn\/wp-content\/uploads\/2025\/05\/5-b413d580-1640-45a8-8023-aad9528fdf48-424x600.png 424w, https:\/\/autothaiduong.vn\/wp-content\/uploads\/2025\/05\/5-b413d580-1640-45a8-8023-aad9528fdf48-724x1024.png 724w, https:\/\/autothaiduong.vn\/wp-content\/uploads\/2025\/05\/5-b413d580-1640-45a8-8023-aad9528fdf48-768x1087.png 768w, https:\/\/autothaiduong.vn\/wp-content\/uploads\/2025\/05\/5-b413d580-1640-45a8-8023-aad9528fdf48-600x849.png 600w\" sizes=\"auto, (max-width: 848px) 100vw, 848px\" \/><\/p>\n<p><img loading=\"lazy\" decoding=\"async\" class=\"alignnone size-full wp-image-2316\" src=\"https:\/\/autothaiduong.vn\/wp-content\/uploads\/2025\/05\/cc3l-3-1.jpg\" width=\"848\" height=\"1200\" srcset=\"https:\/\/autothaiduong.vn\/wp-content\/uploads\/2025\/05\/cc3l-3-1.jpg 848w, https:\/\/autothaiduong.vn\/wp-content\/uploads\/2025\/05\/cc3l-3-1-424x600.jpg 424w, https:\/\/autothaiduong.vn\/wp-content\/uploads\/2025\/05\/cc3l-3-1-724x1024.jpg 724w, https:\/\/autothaiduong.vn\/wp-content\/uploads\/2025\/05\/cc3l-3-1-768x1087.jpg 768w, https:\/\/autothaiduong.vn\/wp-content\/uploads\/2025\/05\/cc3l-3-1-600x849.jpg 600w\" sizes=\"auto, (max-width: 848px) 100vw, 848px\" \/><\/p>\n<h3>Vietmap Connect<\/h3>\n<p>Ng\u01b0\u1eddi d\u00f9ng c\u00f3 th\u1ec3 \u0111i\u1ec1u khi\u1ec3n m\u00e0n h\u00ecnh t\u1eeb xa tr\u00ean \u0111i\u1ec7n tho\u1ea1i b\u1eb1ng \u1ee9ng d\u1ee5ng Vietmap Connect. T\u00ednh n\u0103ng n\u00e0y h\u1ed7 tr\u1ee3 ng\u01b0\u1eddi d\u00f9ng: thi\u1ebft l\u1eadp l\u1ed9 tr\u00ecnh, xem l\u1ea1i l\u1ed9 tr\u00ecnh di chuy\u1ec3n, t\u00f9y ch\u1ec9nh nh\u1ea1c,\u2026 Gi\u00fap nh\u1eefng ng\u01b0\u1eddi \u1edf v\u1ecb tr\u00ed gh\u1ebf sau xe v\u1eabn c\u00f3 th\u1ec3 \u0111i\u1ec1u khi\u1ec3n m\u00e0n h\u00ecnh tho\u1ea3i m\u00e1i.<\/p>\n<p><img loading=\"lazy\" decoding=\"async\" class=\"alignnone size-full wp-image-2317\" src=\"https:\/\/autothaiduong.vn\/wp-content\/uploads\/2025\/05\/7-2a761003-d6d7-43ae-952b-bed5fe8772fc.png\" width=\"848\" height=\"1200\" srcset=\"https:\/\/autothaiduong.vn\/wp-content\/uploads\/2025\/05\/7-2a761003-d6d7-43ae-952b-bed5fe8772fc.png 848w, https:\/\/autothaiduong.vn\/wp-content\/uploads\/2025\/05\/7-2a761003-d6d7-43ae-952b-bed5fe8772fc-424x600.png 424w, https:\/\/autothaiduong.vn\/wp-content\/uploads\/2025\/05\/7-2a761003-d6d7-43ae-952b-bed5fe8772fc-724x1024.png 724w, https:\/\/autothaiduong.vn\/wp-content\/uploads\/2025\/05\/7-2a761003-d6d7-43ae-952b-bed5fe8772fc-768x1087.png 768w, https:\/\/autothaiduong.vn\/wp-content\/uploads\/2025\/05\/7-2a761003-d6d7-43ae-952b-bed5fe8772fc-600x849.png 600w\" sizes=\"auto, (max-width: 848px) 100vw, 848px\" \/><\/p>\n<p><img loading=\"lazy\" decoding=\"async\" class=\"alignnone size-full wp-image-2318\" src=\"https:\/\/autothaiduong.vn\/wp-content\/uploads\/2025\/05\/cc3l-4-5742820f-42a6-4a4b-8239-70ffd6015b97.jpg\" width=\"848\" height=\"1200\" srcset=\"https:\/\/autothaiduong.vn\/wp-content\/uploads\/2025\/05\/cc3l-4-5742820f-42a6-4a4b-8239-70ffd6015b97.jpg 848w, https:\/\/autothaiduong.vn\/wp-content\/uploads\/2025\/05\/cc3l-4-5742820f-42a6-4a4b-8239-70ffd6015b97-424x600.jpg 424w, https:\/\/autothaiduong.vn\/wp-content\/uploads\/2025\/05\/cc3l-4-5742820f-42a6-4a4b-8239-70ffd6015b97-724x1024.jpg 724w, https:\/\/autothaiduong.vn\/wp-content\/uploads\/2025\/05\/cc3l-4-5742820f-42a6-4a4b-8239-70ffd6015b97-768x1087.jpg 768w, https:\/\/autothaiduong.vn\/wp-content\/uploads\/2025\/05\/cc3l-4-5742820f-42a6-4a4b-8239-70ffd6015b97-600x849.jpg 600w\" sizes=\"auto, (max-width: 848px) 100vw, 848px\" \/><\/p>\n<h3>\u00c2m thanh s\u1ed1ng \u0111\u1ed9ng v\u1edbi 36 k\u00eanh tu\u1ef3 ch\u1ec9nh<\/h3>\n<p>Ng\u01b0\u1eddi d\u00f9ng c\u00f3 th\u1ec3 t\u01b0\u01a1ng t\u00e1c v\u1edbi m\u00e0n h\u00ecnh b\u1eb1ng c\u1ea3m \u1ee9ng c\u1eed ch\u1ec9 th\u00f4ng minh. T\u00ednh n\u0103ng n\u00e0y nh\u1eb1m n\u00e2ng cao tr\u1ea3i nghi\u1ec7m ng\u01b0\u1eddi d\u00f9ng, thao t\u00e1c nhanh v\u00e0 t\u1eadp trung l\u00e1i xe h\u01a1n.<\/p>\n<p><img loading=\"lazy\" decoding=\"async\" class=\"alignnone size-full wp-image-2319\" src=\"https:\/\/autothaiduong.vn\/wp-content\/uploads\/2025\/05\/9-2610267f-3e32-450d-9eb6-46b8d866b50e.png\" width=\"848\" height=\"1200\" srcset=\"https:\/\/autothaiduong.vn\/wp-content\/uploads\/2025\/05\/9-2610267f-3e32-450d-9eb6-46b8d866b50e.png 848w, https:\/\/autothaiduong.vn\/wp-content\/uploads\/2025\/05\/9-2610267f-3e32-450d-9eb6-46b8d866b50e-424x600.png 424w, https:\/\/autothaiduong.vn\/wp-content\/uploads\/2025\/05\/9-2610267f-3e32-450d-9eb6-46b8d866b50e-724x1024.png 724w, https:\/\/autothaiduong.vn\/wp-content\/uploads\/2025\/05\/9-2610267f-3e32-450d-9eb6-46b8d866b50e-768x1087.png 768w, https:\/\/autothaiduong.vn\/wp-content\/uploads\/2025\/05\/9-2610267f-3e32-450d-9eb6-46b8d866b50e-600x849.png 600w\" sizes=\"auto, (max-width: 848px) 100vw, 848px\" \/><\/p>\n<p><img loading=\"lazy\" decoding=\"async\" class=\"alignnone size-full wp-image-2320\" src=\"https:\/\/autothaiduong.vn\/wp-content\/uploads\/2025\/05\/cc3l-5-1.jpg\" width=\"848\" height=\"1200\" srcset=\"https:\/\/autothaiduong.vn\/wp-content\/uploads\/2025\/05\/cc3l-5-1.jpg 848w, https:\/\/autothaiduong.vn\/wp-content\/uploads\/2025\/05\/cc3l-5-1-424x600.jpg 424w, https:\/\/autothaiduong.vn\/wp-content\/uploads\/2025\/05\/cc3l-5-1-724x1024.jpg 724w, https:\/\/autothaiduong.vn\/wp-content\/uploads\/2025\/05\/cc3l-5-1-768x1087.jpg 768w, https:\/\/autothaiduong.vn\/wp-content\/uploads\/2025\/05\/cc3l-5-1-600x849.jpg 600w\" sizes=\"auto, (max-width: 848px) 100vw, 848px\" \/><\/p>\n<h3>H\u1ed7 tr\u1ee3 k\u1ebft n\u1ed1i 4G t\u01b0\u01a1ng th\u00edch v\u1edbi nhi\u1ec1u nh\u00e0 m\u1ea1ng<\/h3>\n<p>M\u00e0n h\u00ecnh Teyes CC3L h\u1ed7 tr\u1ee3 2 c\u1ed5ng k\u1ebft n\u1ed1i sim 4G, gi\u00fap truy c\u1eadp internet m\u1ecdi l\u00fac m\u1ecdi n\u01a1i, cho ph\u00e9p ch\u1ee7 xe gi\u1ea3i tr\u00ed kh\u00f4ng gi\u1edbi h\u1ea1n: xem Youtube, nghe nh\u1ea1c MP3, xem tivi, \u0111\u1ecdc b\u00e1o, l\u01b0\u1edbt web,\u2026<\/p>\n<p><img loading=\"lazy\" decoding=\"async\" class=\"alignnone size-full wp-image-2321\" src=\"https:\/\/autothaiduong.vn\/wp-content\/uploads\/2025\/05\/11-4ed1128e-ad01-41ee-b31d-9482fc6b9782.png\" width=\"848\" height=\"1200\" srcset=\"https:\/\/autothaiduong.vn\/wp-content\/uploads\/2025\/05\/11-4ed1128e-ad01-41ee-b31d-9482fc6b9782.png 848w, https:\/\/autothaiduong.vn\/wp-content\/uploads\/2025\/05\/11-4ed1128e-ad01-41ee-b31d-9482fc6b9782-424x600.png 424w, https:\/\/autothaiduong.vn\/wp-content\/uploads\/2025\/05\/11-4ed1128e-ad01-41ee-b31d-9482fc6b9782-724x1024.png 724w, https:\/\/autothaiduong.vn\/wp-content\/uploads\/2025\/05\/11-4ed1128e-ad01-41ee-b31d-9482fc6b9782-768x1087.png 768w, https:\/\/autothaiduong.vn\/wp-content\/uploads\/2025\/05\/11-4ed1128e-ad01-41ee-b31d-9482fc6b9782-600x849.png 600w\" sizes=\"auto, (max-width: 848px) 100vw, 848px\" \/><\/p>\n<p><img loading=\"lazy\" decoding=\"async\" class=\"alignnone size-full wp-image-2322\" src=\"https:\/\/autothaiduong.vn\/wp-content\/uploads\/2025\/05\/part-1-12-2.png\" width=\"905\" height=\"1280\" srcset=\"https:\/\/autothaiduong.vn\/wp-content\/uploads\/2025\/05\/part-1-12-2.png 905w, https:\/\/autothaiduong.vn\/wp-content\/uploads\/2025\/05\/part-1-12-2-424x600.png 424w, https:\/\/autothaiduong.vn\/wp-content\/uploads\/2025\/05\/part-1-12-2-724x1024.png 724w, https:\/\/autothaiduong.vn\/wp-content\/uploads\/2025\/05\/part-1-12-2-768x1086.png 768w, https:\/\/autothaiduong.vn\/wp-content\/uploads\/2025\/05\/part-1-12-2-600x849.png 600w\" sizes=\"auto, (max-width: 905px) 100vw, 905px\" \/><\/p>\n<p><img loading=\"lazy\" decoding=\"async\" class=\"alignnone size-full wp-image-2323\" src=\"https:\/\/autothaiduong.vn\/wp-content\/uploads\/2025\/05\/13-c2ce7759-c8ef-4d05-98d7-2b80c9bef903.png\" width=\"848\" height=\"1200\" srcset=\"https:\/\/autothaiduong.vn\/wp-content\/uploads\/2025\/05\/13-c2ce7759-c8ef-4d05-98d7-2b80c9bef903.png 848w, https:\/\/autothaiduong.vn\/wp-content\/uploads\/2025\/05\/13-c2ce7759-c8ef-4d05-98d7-2b80c9bef903-424x600.png 424w, https:\/\/autothaiduong.vn\/wp-content\/uploads\/2025\/05\/13-c2ce7759-c8ef-4d05-98d7-2b80c9bef903-724x1024.png 724w, https:\/\/autothaiduong.vn\/wp-content\/uploads\/2025\/05\/13-c2ce7759-c8ef-4d05-98d7-2b80c9bef903-768x1087.png 768w, https:\/\/autothaiduong.vn\/wp-content\/uploads\/2025\/05\/13-c2ce7759-c8ef-4d05-98d7-2b80c9bef903-600x849.png 600w\" sizes=\"auto, (max-width: 848px) 100vw, 848px\" \/><\/p>\n<p><img loading=\"lazy\" decoding=\"async\" class=\"alignnone size-full wp-image-2324\" src=\"https:\/\/autothaiduong.vn\/wp-content\/uploads\/2025\/05\/cc3l-6-1.jpg\" width=\"848\" height=\"1200\" srcset=\"https:\/\/autothaiduong.vn\/wp-content\/uploads\/2025\/05\/cc3l-6-1.jpg 848w, https:\/\/autothaiduong.vn\/wp-content\/uploads\/2025\/05\/cc3l-6-1-424x600.jpg 424w, https:\/\/autothaiduong.vn\/wp-content\/uploads\/2025\/05\/cc3l-6-1-724x1024.jpg 724w, https:\/\/autothaiduong.vn\/wp-content\/uploads\/2025\/05\/cc3l-6-1-768x1087.jpg 768w, https:\/\/autothaiduong.vn\/wp-content\/uploads\/2025\/05\/cc3l-6-1-600x849.jpg 600w\" sizes=\"auto, (max-width: 848px) 100vw, 848px\" \/><\/p>\n<\/div>\n<\/div>\n<\/section>\n<section class=\"product-especially\">\n<div class=\"container\">\n<div class=\"rte\"><\/div>\n<\/div>\n<\/section>\n<section id=\"pro_specifications\" class=\"product-specifications\">\n<div class=\"container\">\n<h2>Th\u00f4ng s\u1ed1 k\u1ef9 thu\u1eadt<\/h2>\n<div class=\"row\">\n<div class=\"col-lg-6 col-md-12 col-sm-12 col-12\">\n<h3>K\u00edch th\u01b0\u1edbc s\u1ea3n ph\u1ea9m<\/h3>\n<\/div>\n<div class=\"col-lg-6 col-md-12 col-sm-12 col-12\">\n<div class=\"rte\">\n<table border=\"1\">\n<tbody>\n<tr>\n<td width=\"100\">H\u1ec7 \u0111i\u1ec1u h\u00e0nh (OS)<\/td>\n<td width=\"270\">Android 10<\/td>\n<\/tr>\n<tr>\n<td width=\"100\">Vi x\u1eed l\u00fd<\/td>\n<td width=\"270\">UIS58581A (SC9863) (8 nh\u00e2n, 1.6GHz)<\/td>\n<\/tr>\n<tr>\n<td width=\"100\">M\u00e0n h\u00ecnh<\/td>\n<td width=\"270\">QLED 9&#8243; \/ 10.2&#8243; 2.5D c\u1ea3m \u1ee9ng \u0111a \u0111i\u1ec3m<\/td>\n<\/tr>\n<tr>\n<td width=\"100\">\u0110\u1ed9 ph\u00e2n gi\u1ea3i<br \/>\nm\u00e0n h\u00ecnh<\/td>\n<td width=\"270\">1280&#215;720 pixels<\/td>\n<\/tr>\n<tr>\n<td width=\"100\">C\u1ea5u h\u00ecnh<\/td>\n<td width=\"270\">4GB \u2013 32GB<\/td>\n<\/tr>\n<tr>\n<td width=\"100\">\u00c2m thanh<\/td>\n<td width=\"270\">1 x chip YD7388 &#8211; DSP AKM AK7604VQ<br \/>\n36 k\u00eanh EQ<\/td>\n<\/tr>\n<tr>\n<td width=\"100\">Bluetooth<\/td>\n<td width=\"270\">H\u1ed7 tr\u1ee3 Bluetooth<\/td>\n<\/tr>\n<tr>\n<td width=\"100\">K\u1ebft n\u1ed1i camera 360<\/td>\n<td width=\"270\">Kh\u00f4ng<\/td>\n<\/tr>\n<tr>\n<td width=\"100\">K\u1ebft n\u1ed1i Camera<\/td>\n<td width=\"270\">C\u00f3 ( H\u1ed7 tr\u1ee3 ph\u1ee5 ki\u1ec7n camera TEYES X5 )<\/td>\n<\/tr>\n<tr>\n<td width=\"100\">K\u1ebft n\u1ed1i WIFI<\/td>\n<td width=\"270\">C\u00f3 (2.4 Ghz \/ 5.0 Ghz )<\/td>\n<\/tr>\n<tr>\n<td width=\"100\">K\u1ebft n\u1ed1i SIM 4G<\/td>\n<td width=\"270\">C\u00f3<\/td>\n<\/tr>\n<tr>\n<td width=\"100\">K\u1ebft n\u1ed1i AM\/ FM \/ RDS Radio<\/td>\n<td width=\"270\">C\u00f3<\/td>\n<\/tr>\n<\/tbody>\n<\/table>\n<\/div>\n<\/div>\n<\/div>\n<\/div>\n<\/section>\n","protected":false},"excerpt":{"rendered":"<p><em><strong>Auto Th\u00e1i D\u01b0\u01a1ng- \u0110\u1ea1i L\u00ed Ch\u00ednh H\u00e3ng VietMap T\u1ea1i TP.B\u1ea3o L\u1ed9c<\/strong><\/em><\/p>\n<p><em><strong><span style=\"color: #333333;\">\u0110\u1ecba Ch\u1ec9 : 273-275 Tr\u1ea7n Ph\u00fa Ph\u01b0\u1eddng L\u1ed9c S\u01a1n Th\u00e0nh Ph\u1ed1 B\u1ea3o L\u1ed9c T\u1ec9nh L\u00e2m \u0110\u1ed3ng<\/span><\/strong><\/em><\/p>\n<section id=\"pro_specifications\" class=\"product-specifications\">\n<div class=\"container\">\n<div class=\"row\">\n<div class=\"col-lg-6 col-md-12 col-sm-12 col-12\">\n<div class=\"rte\"><em><strong> Hotline: 0912197441<\/strong><\/em><\/div>\n<\/div>\n<\/div>\n<\/div>\n<\/section>\n","protected":false},"featured_media":2324,"comment_status":"open","ping_status":"closed","template":"","meta":[],"product_brand":[84],"product_cat":[17,70],"product_tag":[],"class_list":{"0":"post-2311","1":"product","2":"type-product","3":"status-publish","4":"has-post-thumbnail","6":"product_brand-vietmap","7":"product_cat-dvd-android-box","8":"product_cat-man-hinh-android","10":"first","11":"instock","12":"shipping-taxable","13":"purchasable","14":"product-type-simple"},"_links":{"self":[{"href":"https:\/\/autothaiduong.vn\/index.php?rest_route=\/wp\/v2\/product\/2311","targetHints":{"allow":["GET"]}}],"collection":[{"href":"https:\/\/autothaiduong.vn\/index.php?rest_route=\/wp\/v2\/product"}],"about":[{"href":"https:\/\/autothaiduong.vn\/index.php?rest_route=\/wp\/v2\/types\/product"}],"replies":[{"embeddable":true,"href":"https:\/\/autothaiduong.vn\/index.php?rest_route=%2Fwp%2Fv2%2Fcomments&post=2311"}],"wp:featuredmedia":[{"embeddable":true,"href":"https:\/\/autothaiduong.vn\/index.php?rest_route=\/wp\/v2\/media\/2324"}],"wp:attachment":[{"href":"https:\/\/autothaiduong.vn\/index.php?rest_route=%2Fwp%2Fv2%2Fmedia&parent=2311"}],"wp:term":[{"taxonomy":"product_brand","embeddable":true,"href":"https:\/\/autothaiduong.vn\/index.php?rest_route=%2Fwp%2Fv2%2Fproduct_brand&post=2311"},{"taxonomy":"product_cat","embeddable":true,"href":"https:\/\/autothaiduong.vn\/index.php?rest_route=%2Fwp%2Fv2%2Fproduct_cat&post=2311"},{"taxonomy":"product_tag","embeddable":true,"href":"https:\/\/autothaiduong.vn\/index.php?rest_route=%2Fwp%2Fv2%2Fproduct_tag&post=2311"}],"curies":[{"name":"wp","href":"https:\/\/api.w.org\/{rel}","templated":true}]}}