{"id":2325,"date":"2025-05-17T16:17:56","date_gmt":"2025-05-17T16:17:56","guid":{"rendered":"https:\/\/autothaiduong.vn\/?post_type=product&#038;p=2325"},"modified":"2025-05-23T15:04:26","modified_gmt":"2025-05-23T15:04:26","slug":"teyes-cc3-2k-360-lien-camera-360","status":"publish","type":"product","link":"https:\/\/autothaiduong.vn\/?product=teyes-cc3-2k-360-lien-camera-360","title":{"rendered":"TEYES CC3 2K 360 Li\u1ec1n Camera 360"},"content":{"rendered":"<p><img loading=\"lazy\" decoding=\"async\" class=\" wp-image-2010 aligncenter\" src=\"https:\/\/autothaiduong.vn\/wp-content\/uploads\/2025\/05\/z6584734442481_f208f5944548cb4b46353402ce2e64e0-2.jpg\" alt=\"\" width=\"278\" height=\"246\" \/><\/p>\n<p style=\"text-align: center;\"><span style=\"color: #ff0000; font-size: 140%;\"><strong>\u0110\u1ecba Ch\u1ec9 : 273-275 Tr\u1ea7n Ph\u00fa Ph\u01b0\u1eddng L\u1ed9c S\u01a1n Th\u00e0nh Ph\u1ed1 B\u1ea3o L\u1ed9c T\u1ec9nh L\u00e2m \u0110\u1ed3ng<\/strong><\/span><\/p>\n<p style=\"text-align: center;\"><span style=\"color: #ff0000; font-size: 140%;\"><strong> Hotline: 0912197441<\/strong><\/span><\/p>\n<section class=\"product-especially\">\n<div class=\"container\">\n<div class=\"rte\">\n<p><img loading=\"lazy\" decoding=\"async\" class=\"alignnone size-full wp-image-2327\" src=\"https:\/\/autothaiduong.vn\/wp-content\/uploads\/2025\/05\/cc32k-1.jpg\" width=\"904\" height=\"1280\" srcset=\"https:\/\/autothaiduong.vn\/wp-content\/uploads\/2025\/05\/cc32k-1.jpg 904w, https:\/\/autothaiduong.vn\/wp-content\/uploads\/2025\/05\/cc32k-1-424x600.jpg 424w, https:\/\/autothaiduong.vn\/wp-content\/uploads\/2025\/05\/cc32k-1-723x1024.jpg 723w, https:\/\/autothaiduong.vn\/wp-content\/uploads\/2025\/05\/cc32k-1-768x1087.jpg 768w, https:\/\/autothaiduong.vn\/wp-content\/uploads\/2025\/05\/cc32k-1-600x850.jpg 600w\" sizes=\"auto, (max-width: 904px) 100vw, 904px\" \/><\/p>\n<p><img loading=\"lazy\" decoding=\"async\" class=\"alignnone size-full wp-image-2328\" src=\"https:\/\/autothaiduong.vn\/wp-content\/uploads\/2025\/05\/cc32k-6-1.jpg\" width=\"904\" height=\"1280\" srcset=\"https:\/\/autothaiduong.vn\/wp-content\/uploads\/2025\/05\/cc32k-6-1.jpg 904w, https:\/\/autothaiduong.vn\/wp-content\/uploads\/2025\/05\/cc32k-6-1-424x600.jpg 424w, https:\/\/autothaiduong.vn\/wp-content\/uploads\/2025\/05\/cc32k-6-1-723x1024.jpg 723w, https:\/\/autothaiduong.vn\/wp-content\/uploads\/2025\/05\/cc32k-6-1-768x1087.jpg 768w, https:\/\/autothaiduong.vn\/wp-content\/uploads\/2025\/05\/cc32k-6-1-600x850.jpg 600w\" sizes=\"auto, (max-width: 904px) 100vw, 904px\" \/><\/p>\n<p><img loading=\"lazy\" decoding=\"async\" class=\"alignnone size-full wp-image-2329\" src=\"https:\/\/autothaiduong.vn\/wp-content\/uploads\/2025\/05\/cc3-2k-360-kiki-4-1.jpg\" width=\"904\" height=\"1280\" srcset=\"https:\/\/autothaiduong.vn\/wp-content\/uploads\/2025\/05\/cc3-2k-360-kiki-4-1.jpg 904w, https:\/\/autothaiduong.vn\/wp-content\/uploads\/2025\/05\/cc3-2k-360-kiki-4-1-424x600.jpg 424w, https:\/\/autothaiduong.vn\/wp-content\/uploads\/2025\/05\/cc3-2k-360-kiki-4-1-723x1024.jpg 723w, https:\/\/autothaiduong.vn\/wp-content\/uploads\/2025\/05\/cc3-2k-360-kiki-4-1-768x1087.jpg 768w, https:\/\/autothaiduong.vn\/wp-content\/uploads\/2025\/05\/cc3-2k-360-kiki-4-1-600x850.jpg 600w\" sizes=\"auto, (max-width: 904px) 100vw, 904px\" \/><\/p>\n<p><img loading=\"lazy\" decoding=\"async\" class=\"alignnone size-full wp-image-2330\" src=\"https:\/\/autothaiduong.vn\/wp-content\/uploads\/2025\/05\/cc3-2k-360-kiki-5-1.jpg\" width=\"908\" height=\"1280\" srcset=\"https:\/\/autothaiduong.vn\/wp-content\/uploads\/2025\/05\/cc3-2k-360-kiki-5-1.jpg 908w, https:\/\/autothaiduong.vn\/wp-content\/uploads\/2025\/05\/cc3-2k-360-kiki-5-1-426x600.jpg 426w, https:\/\/autothaiduong.vn\/wp-content\/uploads\/2025\/05\/cc3-2k-360-kiki-5-1-726x1024.jpg 726w, https:\/\/autothaiduong.vn\/wp-content\/uploads\/2025\/05\/cc3-2k-360-kiki-5-1-768x1083.jpg 768w, https:\/\/autothaiduong.vn\/wp-content\/uploads\/2025\/05\/cc3-2k-360-kiki-5-1-600x846.jpg 600w\" sizes=\"auto, (max-width: 908px) 100vw, 908px\" \/><\/p>\n<p><img loading=\"lazy\" decoding=\"async\" class=\"alignnone size-full wp-image-2331\" src=\"https:\/\/autothaiduong.vn\/wp-content\/uploads\/2025\/05\/cc3-2k-360-kiki-6-1.jpg\" width=\"904\" height=\"1280\" srcset=\"https:\/\/autothaiduong.vn\/wp-content\/uploads\/2025\/05\/cc3-2k-360-kiki-6-1.jpg 904w, https:\/\/autothaiduong.vn\/wp-content\/uploads\/2025\/05\/cc3-2k-360-kiki-6-1-424x600.jpg 424w, https:\/\/autothaiduong.vn\/wp-content\/uploads\/2025\/05\/cc3-2k-360-kiki-6-1-723x1024.jpg 723w, https:\/\/autothaiduong.vn\/wp-content\/uploads\/2025\/05\/cc3-2k-360-kiki-6-1-768x1087.jpg 768w, https:\/\/autothaiduong.vn\/wp-content\/uploads\/2025\/05\/cc3-2k-360-kiki-6-1-600x850.jpg 600w\" sizes=\"auto, (max-width: 904px) 100vw, 904px\" \/><\/p>\n<p>&nbsp;<\/p>\n<p><img loading=\"lazy\" decoding=\"async\" class=\"alignnone size-full wp-image-2332\" src=\"https:\/\/autothaiduong.vn\/wp-content\/uploads\/2025\/05\/cc32k-4.jpg\" width=\"904\" height=\"1280\" srcset=\"https:\/\/autothaiduong.vn\/wp-content\/uploads\/2025\/05\/cc32k-4.jpg 904w, https:\/\/autothaiduong.vn\/wp-content\/uploads\/2025\/05\/cc32k-4-424x600.jpg 424w, https:\/\/autothaiduong.vn\/wp-content\/uploads\/2025\/05\/cc32k-4-723x1024.jpg 723w, https:\/\/autothaiduong.vn\/wp-content\/uploads\/2025\/05\/cc32k-4-768x1087.jpg 768w, https:\/\/autothaiduong.vn\/wp-content\/uploads\/2025\/05\/cc32k-4-600x850.jpg 600w\" sizes=\"auto, (max-width: 904px) 100vw, 904px\" \/><\/p>\n<p><img loading=\"lazy\" decoding=\"async\" class=\"alignnone size-full wp-image-2333\" src=\"https:\/\/autothaiduong.vn\/wp-content\/uploads\/2025\/05\/cc32k-10.jpg\" width=\"904\" height=\"1280\" srcset=\"https:\/\/autothaiduong.vn\/wp-content\/uploads\/2025\/05\/cc32k-10.jpg 904w, https:\/\/autothaiduong.vn\/wp-content\/uploads\/2025\/05\/cc32k-10-424x600.jpg 424w, https:\/\/autothaiduong.vn\/wp-content\/uploads\/2025\/05\/cc32k-10-723x1024.jpg 723w, https:\/\/autothaiduong.vn\/wp-content\/uploads\/2025\/05\/cc32k-10-768x1087.jpg 768w, https:\/\/autothaiduong.vn\/wp-content\/uploads\/2025\/05\/cc32k-10-600x850.jpg 600w\" sizes=\"auto, (max-width: 904px) 100vw, 904px\" \/><\/p>\n<p><img loading=\"lazy\" decoding=\"async\" class=\"alignnone size-full wp-image-2334\" src=\"https:\/\/autothaiduong.vn\/wp-content\/uploads\/2025\/05\/cc32k-9.jpg\" width=\"904\" height=\"1280\" srcset=\"https:\/\/autothaiduong.vn\/wp-content\/uploads\/2025\/05\/cc32k-9.jpg 904w, https:\/\/autothaiduong.vn\/wp-content\/uploads\/2025\/05\/cc32k-9-424x600.jpg 424w, https:\/\/autothaiduong.vn\/wp-content\/uploads\/2025\/05\/cc32k-9-723x1024.jpg 723w, https:\/\/autothaiduong.vn\/wp-content\/uploads\/2025\/05\/cc32k-9-768x1087.jpg 768w, https:\/\/autothaiduong.vn\/wp-content\/uploads\/2025\/05\/cc32k-9-600x850.jpg 600w\" sizes=\"auto, (max-width: 904px) 100vw, 904px\" \/><\/p>\n<p><img loading=\"lazy\" decoding=\"async\" class=\"alignnone size-full wp-image-2335\" src=\"https:\/\/autothaiduong.vn\/wp-content\/uploads\/2025\/05\/cc3-2k-360-kiki-11.jpg\" width=\"904\" height=\"1280\" srcset=\"https:\/\/autothaiduong.vn\/wp-content\/uploads\/2025\/05\/cc3-2k-360-kiki-11.jpg 904w, https:\/\/autothaiduong.vn\/wp-content\/uploads\/2025\/05\/cc3-2k-360-kiki-11-424x600.jpg 424w, https:\/\/autothaiduong.vn\/wp-content\/uploads\/2025\/05\/cc3-2k-360-kiki-11-723x1024.jpg 723w, https:\/\/autothaiduong.vn\/wp-content\/uploads\/2025\/05\/cc3-2k-360-kiki-11-768x1087.jpg 768w, https:\/\/autothaiduong.vn\/wp-content\/uploads\/2025\/05\/cc3-2k-360-kiki-11-600x850.jpg 600w\" sizes=\"auto, (max-width: 904px) 100vw, 904px\" \/><\/p>\n<p><img loading=\"lazy\" decoding=\"async\" class=\"alignnone size-full wp-image-2336\" src=\"https:\/\/autothaiduong.vn\/wp-content\/uploads\/2025\/05\/cc3l-3-1-dac34358-df49-4be3-9444-0e089d4825ca.jpg\" width=\"848\" height=\"1200\" srcset=\"https:\/\/autothaiduong.vn\/wp-content\/uploads\/2025\/05\/cc3l-3-1-dac34358-df49-4be3-9444-0e089d4825ca.jpg 848w, https:\/\/autothaiduong.vn\/wp-content\/uploads\/2025\/05\/cc3l-3-1-dac34358-df49-4be3-9444-0e089d4825ca-424x600.jpg 424w, https:\/\/autothaiduong.vn\/wp-content\/uploads\/2025\/05\/cc3l-3-1-dac34358-df49-4be3-9444-0e089d4825ca-724x1024.jpg 724w, https:\/\/autothaiduong.vn\/wp-content\/uploads\/2025\/05\/cc3l-3-1-dac34358-df49-4be3-9444-0e089d4825ca-768x1087.jpg 768w, https:\/\/autothaiduong.vn\/wp-content\/uploads\/2025\/05\/cc3l-3-1-dac34358-df49-4be3-9444-0e089d4825ca-600x849.jpg 600w\" sizes=\"auto, (max-width: 848px) 100vw, 848px\" \/><\/p>\n<p><img loading=\"lazy\" decoding=\"async\" class=\"alignnone size-full wp-image-2337\" src=\"https:\/\/autothaiduong.vn\/wp-content\/uploads\/2025\/05\/cc3-2k-360-kiki-13-0.jpg\" width=\"776\" height=\"1100\" srcset=\"https:\/\/autothaiduong.vn\/wp-content\/uploads\/2025\/05\/cc3-2k-360-kiki-13-0.jpg 776w, https:\/\/autothaiduong.vn\/wp-content\/uploads\/2025\/05\/cc3-2k-360-kiki-13-0-423x600.jpg 423w, https:\/\/autothaiduong.vn\/wp-content\/uploads\/2025\/05\/cc3-2k-360-kiki-13-0-722x1024.jpg 722w, https:\/\/autothaiduong.vn\/wp-content\/uploads\/2025\/05\/cc3-2k-360-kiki-13-0-768x1089.jpg 768w, https:\/\/autothaiduong.vn\/wp-content\/uploads\/2025\/05\/cc3-2k-360-kiki-13-0-600x851.jpg 600w\" sizes=\"auto, (max-width: 776px) 100vw, 776px\" \/><\/p>\n<p><img loading=\"lazy\" decoding=\"async\" class=\"alignnone size-full wp-image-2338\" src=\"https:\/\/autothaiduong.vn\/wp-content\/uploads\/2025\/05\/cc3-2k-360-kiki-13-1-1.jpg\" width=\"906\" height=\"1280\" srcset=\"https:\/\/autothaiduong.vn\/wp-content\/uploads\/2025\/05\/cc3-2k-360-kiki-13-1-1.jpg 906w, https:\/\/autothaiduong.vn\/wp-content\/uploads\/2025\/05\/cc3-2k-360-kiki-13-1-1-425x600.jpg 425w, https:\/\/autothaiduong.vn\/wp-content\/uploads\/2025\/05\/cc3-2k-360-kiki-13-1-1-725x1024.jpg 725w, https:\/\/autothaiduong.vn\/wp-content\/uploads\/2025\/05\/cc3-2k-360-kiki-13-1-1-768x1085.jpg 768w, https:\/\/autothaiduong.vn\/wp-content\/uploads\/2025\/05\/cc3-2k-360-kiki-13-1-1-600x848.jpg 600w\" sizes=\"auto, (max-width: 906px) 100vw, 906px\" \/><\/p>\n<p><img loading=\"lazy\" decoding=\"async\" class=\"alignnone size-full wp-image-2339\" src=\"https:\/\/autothaiduong.vn\/wp-content\/uploads\/2025\/05\/cc3-2k-360-kiki-13-2.jpg\" width=\"904\" height=\"1280\" srcset=\"https:\/\/autothaiduong.vn\/wp-content\/uploads\/2025\/05\/cc3-2k-360-kiki-13-2.jpg 904w, https:\/\/autothaiduong.vn\/wp-content\/uploads\/2025\/05\/cc3-2k-360-kiki-13-2-424x600.jpg 424w, https:\/\/autothaiduong.vn\/wp-content\/uploads\/2025\/05\/cc3-2k-360-kiki-13-2-723x1024.jpg 723w, https:\/\/autothaiduong.vn\/wp-content\/uploads\/2025\/05\/cc3-2k-360-kiki-13-2-768x1087.jpg 768w, https:\/\/autothaiduong.vn\/wp-content\/uploads\/2025\/05\/cc3-2k-360-kiki-13-2-600x850.jpg 600w\" sizes=\"auto, (max-width: 904px) 100vw, 904px\" \/><\/p>\n<p><img loading=\"lazy\" decoding=\"async\" class=\"alignnone size-full wp-image-2340\" src=\"https:\/\/autothaiduong.vn\/wp-content\/uploads\/2025\/05\/cc3-2k-360-kiki-14-1.jpg\" width=\"904\" height=\"1280\" srcset=\"https:\/\/autothaiduong.vn\/wp-content\/uploads\/2025\/05\/cc3-2k-360-kiki-14-1.jpg 904w, https:\/\/autothaiduong.vn\/wp-content\/uploads\/2025\/05\/cc3-2k-360-kiki-14-1-424x600.jpg 424w, https:\/\/autothaiduong.vn\/wp-content\/uploads\/2025\/05\/cc3-2k-360-kiki-14-1-723x1024.jpg 723w, https:\/\/autothaiduong.vn\/wp-content\/uploads\/2025\/05\/cc3-2k-360-kiki-14-1-768x1087.jpg 768w, https:\/\/autothaiduong.vn\/wp-content\/uploads\/2025\/05\/cc3-2k-360-kiki-14-1-600x850.jpg 600w\" sizes=\"auto, (max-width: 904px) 100vw, 904px\" \/><\/p>\n<p><img loading=\"lazy\" decoding=\"async\" class=\"alignnone size-full wp-image-2341\" src=\"https:\/\/autothaiduong.vn\/wp-content\/uploads\/2025\/05\/cc3-2k-360-kiki-15-1.jpg\" width=\"904\" height=\"1280\" srcset=\"https:\/\/autothaiduong.vn\/wp-content\/uploads\/2025\/05\/cc3-2k-360-kiki-15-1.jpg 904w, https:\/\/autothaiduong.vn\/wp-content\/uploads\/2025\/05\/cc3-2k-360-kiki-15-1-424x600.jpg 424w, https:\/\/autothaiduong.vn\/wp-content\/uploads\/2025\/05\/cc3-2k-360-kiki-15-1-723x1024.jpg 723w, https:\/\/autothaiduong.vn\/wp-content\/uploads\/2025\/05\/cc3-2k-360-kiki-15-1-768x1087.jpg 768w, https:\/\/autothaiduong.vn\/wp-content\/uploads\/2025\/05\/cc3-2k-360-kiki-15-1-600x850.jpg 600w\" sizes=\"auto, (max-width: 904px) 100vw, 904px\" \/><\/p>\n<p><img loading=\"lazy\" decoding=\"async\" class=\"alignnone size-full wp-image-2342\" src=\"https:\/\/autothaiduong.vn\/wp-content\/uploads\/2025\/05\/cc3-2k-360-kiki-16-1.jpg\" width=\"900\" height=\"1280\" srcset=\"https:\/\/autothaiduong.vn\/wp-content\/uploads\/2025\/05\/cc3-2k-360-kiki-16-1.jpg 900w, https:\/\/autothaiduong.vn\/wp-content\/uploads\/2025\/05\/cc3-2k-360-kiki-16-1-422x600.jpg 422w, https:\/\/autothaiduong.vn\/wp-content\/uploads\/2025\/05\/cc3-2k-360-kiki-16-1-720x1024.jpg 720w, https:\/\/autothaiduong.vn\/wp-content\/uploads\/2025\/05\/cc3-2k-360-kiki-16-1-768x1092.jpg 768w, https:\/\/autothaiduong.vn\/wp-content\/uploads\/2025\/05\/cc3-2k-360-kiki-16-1-600x853.jpg 600w\" sizes=\"auto, (max-width: 900px) 100vw, 900px\" \/><\/p>\n<p><img loading=\"lazy\" decoding=\"async\" class=\"alignnone size-full wp-image-2343\" src=\"https:\/\/autothaiduong.vn\/wp-content\/uploads\/2025\/05\/cc32k-2.jpg\" width=\"904\" height=\"1280\" srcset=\"https:\/\/autothaiduong.vn\/wp-content\/uploads\/2025\/05\/cc32k-2.jpg 904w, https:\/\/autothaiduong.vn\/wp-content\/uploads\/2025\/05\/cc32k-2-424x600.jpg 424w, https:\/\/autothaiduong.vn\/wp-content\/uploads\/2025\/05\/cc32k-2-723x1024.jpg 723w, https:\/\/autothaiduong.vn\/wp-content\/uploads\/2025\/05\/cc32k-2-768x1087.jpg 768w, https:\/\/autothaiduong.vn\/wp-content\/uploads\/2025\/05\/cc32k-2-600x850.jpg 600w\" sizes=\"auto, (max-width: 904px) 100vw, 904px\" \/><\/p>\n<p><img loading=\"lazy\" decoding=\"async\" class=\"alignnone size-full wp-image-2344\" src=\"https:\/\/autothaiduong.vn\/wp-content\/uploads\/2025\/05\/cc3-2k-360-kiki-18-1.jpg\" width=\"902\" height=\"1280\" srcset=\"https:\/\/autothaiduong.vn\/wp-content\/uploads\/2025\/05\/cc3-2k-360-kiki-18-1.jpg 902w, https:\/\/autothaiduong.vn\/wp-content\/uploads\/2025\/05\/cc3-2k-360-kiki-18-1-423x600.jpg 423w, https:\/\/autothaiduong.vn\/wp-content\/uploads\/2025\/05\/cc3-2k-360-kiki-18-1-722x1024.jpg 722w, https:\/\/autothaiduong.vn\/wp-content\/uploads\/2025\/05\/cc3-2k-360-kiki-18-1-768x1090.jpg 768w, https:\/\/autothaiduong.vn\/wp-content\/uploads\/2025\/05\/cc3-2k-360-kiki-18-1-600x851.jpg 600w\" sizes=\"auto, (max-width: 902px) 100vw, 902px\" \/><\/p>\n<p><img loading=\"lazy\" decoding=\"async\" class=\"alignnone size-full wp-image-2345\" src=\"https:\/\/autothaiduong.vn\/wp-content\/uploads\/2025\/05\/cc3-2k-360-kiki-19-1.jpg\" width=\"904\" height=\"1280\" srcset=\"https:\/\/autothaiduong.vn\/wp-content\/uploads\/2025\/05\/cc3-2k-360-kiki-19-1.jpg 904w, https:\/\/autothaiduong.vn\/wp-content\/uploads\/2025\/05\/cc3-2k-360-kiki-19-1-424x600.jpg 424w, https:\/\/autothaiduong.vn\/wp-content\/uploads\/2025\/05\/cc3-2k-360-kiki-19-1-723x1024.jpg 723w, https:\/\/autothaiduong.vn\/wp-content\/uploads\/2025\/05\/cc3-2k-360-kiki-19-1-768x1087.jpg 768w, https:\/\/autothaiduong.vn\/wp-content\/uploads\/2025\/05\/cc3-2k-360-kiki-19-1-600x850.jpg 600w\" sizes=\"auto, (max-width: 904px) 100vw, 904px\" \/><\/p>\n<p><img loading=\"lazy\" decoding=\"async\" class=\"alignnone size-full wp-image-2346\" src=\"https:\/\/autothaiduong.vn\/wp-content\/uploads\/2025\/05\/cc3-2k-360-kiki-20-1.jpg\" width=\"901\" height=\"1280\" srcset=\"https:\/\/autothaiduong.vn\/wp-content\/uploads\/2025\/05\/cc3-2k-360-kiki-20-1.jpg 901w, https:\/\/autothaiduong.vn\/wp-content\/uploads\/2025\/05\/cc3-2k-360-kiki-20-1-422x600.jpg 422w, https:\/\/autothaiduong.vn\/wp-content\/uploads\/2025\/05\/cc3-2k-360-kiki-20-1-721x1024.jpg 721w, https:\/\/autothaiduong.vn\/wp-content\/uploads\/2025\/05\/cc3-2k-360-kiki-20-1-768x1091.jpg 768w, https:\/\/autothaiduong.vn\/wp-content\/uploads\/2025\/05\/cc3-2k-360-kiki-20-1-600x852.jpg 600w\" sizes=\"auto, (max-width: 901px) 100vw, 901px\" \/><\/p>\n<p><img loading=\"lazy\" decoding=\"async\" class=\"alignnone size-full wp-image-2347\" src=\"https:\/\/autothaiduong.vn\/wp-content\/uploads\/2025\/05\/cc3-2k-360-kiki-21-1.jpg\" width=\"902\" height=\"1280\" srcset=\"https:\/\/autothaiduong.vn\/wp-content\/uploads\/2025\/05\/cc3-2k-360-kiki-21-1.jpg 902w, https:\/\/autothaiduong.vn\/wp-content\/uploads\/2025\/05\/cc3-2k-360-kiki-21-1-423x600.jpg 423w, https:\/\/autothaiduong.vn\/wp-content\/uploads\/2025\/05\/cc3-2k-360-kiki-21-1-722x1024.jpg 722w, https:\/\/autothaiduong.vn\/wp-content\/uploads\/2025\/05\/cc3-2k-360-kiki-21-1-768x1090.jpg 768w, https:\/\/autothaiduong.vn\/wp-content\/uploads\/2025\/05\/cc3-2k-360-kiki-21-1-600x851.jpg 600w\" sizes=\"auto, (max-width: 902px) 100vw, 902px\" \/><\/p>\n<p><img loading=\"lazy\" decoding=\"async\" class=\"alignnone size-full wp-image-2348\" src=\"https:\/\/autothaiduong.vn\/wp-content\/uploads\/2025\/05\/cc3-2k-360-kiki-23-1.jpg\" width=\"900\" height=\"1280\" srcset=\"https:\/\/autothaiduong.vn\/wp-content\/uploads\/2025\/05\/cc3-2k-360-kiki-23-1.jpg 900w, https:\/\/autothaiduong.vn\/wp-content\/uploads\/2025\/05\/cc3-2k-360-kiki-23-1-422x600.jpg 422w, https:\/\/autothaiduong.vn\/wp-content\/uploads\/2025\/05\/cc3-2k-360-kiki-23-1-720x1024.jpg 720w, https:\/\/autothaiduong.vn\/wp-content\/uploads\/2025\/05\/cc3-2k-360-kiki-23-1-768x1092.jpg 768w, https:\/\/autothaiduong.vn\/wp-content\/uploads\/2025\/05\/cc3-2k-360-kiki-23-1-600x853.jpg 600w\" sizes=\"auto, (max-width: 900px) 100vw, 900px\" \/><\/p>\n<p><img loading=\"lazy\" decoding=\"async\" class=\"alignnone size-full wp-image-2349\" src=\"https:\/\/autothaiduong.vn\/wp-content\/uploads\/2025\/05\/cc32k-3.jpg\" width=\"904\" height=\"1280\" srcset=\"https:\/\/autothaiduong.vn\/wp-content\/uploads\/2025\/05\/cc32k-3.jpg 904w, https:\/\/autothaiduong.vn\/wp-content\/uploads\/2025\/05\/cc32k-3-424x600.jpg 424w, https:\/\/autothaiduong.vn\/wp-content\/uploads\/2025\/05\/cc32k-3-723x1024.jpg 723w, https:\/\/autothaiduong.vn\/wp-content\/uploads\/2025\/05\/cc32k-3-768x1087.jpg 768w, https:\/\/autothaiduong.vn\/wp-content\/uploads\/2025\/05\/cc32k-3-600x850.jpg 600w\" sizes=\"auto, (max-width: 904px) 100vw, 904px\" \/><\/p>\n<\/div>\n<\/div>\n<\/section>\n<section class=\"product-especially\">\n<div class=\"container\">\n<div class=\"rte\"><\/div>\n<\/div>\n<\/section>\n<section id=\"pro_specifications\" class=\"product-specifications\">\n<div class=\"container\">\n<h2>Th\u00f4ng s\u1ed1 k\u1ef9 thu\u1eadt<\/h2>\n<div class=\"row\">\n<div class=\"col-lg-6 col-md-12 col-sm-12 col-12\">\n<h3>K\u00edch th\u01b0\u1edbc s\u1ea3n ph\u1ea9m<\/h3>\n<\/div>\n<div class=\"col-lg-6 col-md-12 col-sm-12 col-12\">\n<div class=\"rte\">\n<table border=\"1\">\n<tbody>\n<tr>\n<td width=\"100\">H\u1ec7 \u0111i\u1ec1u h\u00e0nh (OS)<\/td>\n<td width=\"270\">Android 10<\/td>\n<\/tr>\n<tr>\n<td width=\"100\">Vi x\u1eed l\u00fd<\/td>\n<td width=\"270\">UIS 7862S (UMS512) 8 nh\u00e2n, 2.0GHz 2 x A75 + 6 x A55 ARM 12NM<\/td>\n<\/tr>\n<tr>\n<td width=\"100\">M\u00e0n h\u00ecnh<\/td>\n<td width=\"270\">QLED 9.5&#8243; \/ 10.36&#8243; 2.5D c\u1ea3m \u1ee9ng \u0111a \u0111i\u1ec3m<\/td>\n<\/tr>\n<tr>\n<td width=\"100\">\u0110\u1ed9 ph\u00e2n gi\u1ea3i<br \/>\nm\u00e0n h\u00ecnh<\/td>\n<td width=\"270\">2000 x 1200 pixels 2K<\/td>\n<\/tr>\n<tr>\n<td width=\"100\">RAM<\/td>\n<td width=\"270\">4GB \u2013 32GB<br \/>\n4GB \u2013 64GB<br \/>\n6GB \u2013 128GB<\/td>\n<\/tr>\n<tr>\n<td width=\"100\">\u00c2m thanh<\/td>\n<td width=\"270\">1 x chip ADAU 1701 1 x chip ROHM 32107<br \/>\n27 k\u00eanh EQ \u00e2m thanh v\u00f2m 5.1<\/td>\n<\/tr>\n<tr>\n<td width=\"100\">Bluetooth<\/td>\n<td width=\"270\">H\u1ed7 tr\u1ee3 5.1 Bluetooth<\/td>\n<\/tr>\n<tr>\n<td width=\"100\">K\u1ebft n\u1ed1i camera 360<\/td>\n<td width=\"270\">C\u00f3 ( H\u1ed7 tr\u1ee3 ph\u1ee5 ki\u1ec7n camera 360 )<\/td>\n<\/tr>\n<tr>\n<td width=\"100\">K\u1ebft n\u1ed1i Camera<\/td>\n<td width=\"270\">C\u00f3 ( H\u1ed7 tr\u1ee3 ph\u1ee5 ki\u1ec7n camera TEYES X5 )<\/td>\n<\/tr>\n<tr>\n<td width=\"100\">K\u1ebft n\u1ed1i WIFI<\/td>\n<td width=\"270\">C\u00f3 (2.4 Ghz \/ 5.0 Ghz )<\/td>\n<\/tr>\n<tr>\n<td width=\"100\">K\u1ebft n\u1ed1i SIM 4G<\/td>\n<td width=\"270\">C\u00f3<\/td>\n<\/tr>\n<tr>\n<td width=\"100\">K\u1ebft n\u1ed1i AM\/ FM \/ RDS Radio<\/td>\n<td width=\"270\">C\u00f3<\/td>\n<\/tr>\n<\/tbody>\n<\/table>\n<\/div>\n<\/div>\n<\/div>\n<\/div>\n<\/section>\n","protected":false},"excerpt":{"rendered":"<p><em><strong>Auto Th\u00e1i D\u01b0\u01a1ng- \u0110\u1ea1i L\u00ed Ch\u00ednh H\u00e3ng VietMap T\u1ea1i TP.B\u1ea3o L\u1ed9c<\/strong><\/em><\/p>\n<p><em><strong>\u0110\u1ecba Ch\u1ec9 : 273-275 Tr\u1ea7n Ph\u00fa Ph\u01b0\u1eddng L\u1ed9c S\u01a1n Th\u00e0nh Ph\u1ed1 B\u1ea3o L\u1ed9c T\u1ec9nh L\u00e2m \u0110\u1ed3ng <\/strong><\/em><\/p>\n<p><em><strong>Hotline: 0912197441<\/strong><\/em><\/p>\n","protected":false},"featured_media":2326,"comment_status":"open","ping_status":"closed","template":"","meta":[],"product_brand":[84],"product_cat":[153],"product_tag":[],"class_list":{"0":"post-2325","1":"product","2":"type-product","3":"status-publish","4":"has-post-thumbnail","6":"product_brand-vietmap","7":"product_cat-man-hinh-android-lien-camera-360","9":"first","10":"instock","11":"shipping-taxable","12":"purchasable","13":"product-type-simple"},"_links":{"self":[{"href":"https:\/\/autothaiduong.vn\/index.php?rest_route=\/wp\/v2\/product\/2325","targetHints":{"allow":["GET"]}}],"collection":[{"href":"https:\/\/autothaiduong.vn\/index.php?rest_route=\/wp\/v2\/product"}],"about":[{"href":"https:\/\/autothaiduong.vn\/index.php?rest_route=\/wp\/v2\/types\/product"}],"replies":[{"embeddable":true,"href":"https:\/\/autothaiduong.vn\/index.php?rest_route=%2Fwp%2Fv2%2Fcomments&post=2325"}],"wp:featuredmedia":[{"embeddable":true,"href":"https:\/\/autothaiduong.vn\/index.php?rest_route=\/wp\/v2\/media\/2326"}],"wp:attachment":[{"href":"https:\/\/autothaiduong.vn\/index.php?rest_route=%2Fwp%2Fv2%2Fmedia&parent=2325"}],"wp:term":[{"taxonomy":"product_brand","embeddable":true,"href":"https:\/\/autothaiduong.vn\/index.php?rest_route=%2Fwp%2Fv2%2Fproduct_brand&post=2325"},{"taxonomy":"product_cat","embeddable":true,"href":"https:\/\/autothaiduong.vn\/index.php?rest_route=%2Fwp%2Fv2%2Fproduct_cat&post=2325"},{"taxonomy":"product_tag","embeddable":true,"href":"https:\/\/autothaiduong.vn\/index.php?rest_route=%2Fwp%2Fv2%2Fproduct_tag&post=2325"}],"curies":[{"name":"wp","href":"https:\/\/api.w.org\/{rel}","templated":true}]}}