{"id":2395,"date":"2025-05-18T13:59:49","date_gmt":"2025-05-18T13:59:49","guid":{"rendered":"https:\/\/autothaiduong.vn\/?post_type=product&#038;p=2395"},"modified":"2025-05-18T14:01:36","modified_gmt":"2025-05-18T14:01:36","slug":"vietmap-s720-truoc","status":"publish","type":"product","link":"https:\/\/autothaiduong.vn\/?product=vietmap-s720-truoc","title":{"rendered":"VIETMAP S720 Tr\u01b0\u1edbc + Sau"},"content":{"rendered":"<p><img loading=\"lazy\" decoding=\"async\" class=\" wp-image-2122 aligncenter\" src=\"https:\/\/autothaiduong.vn\/wp-content\/uploads\/2025\/05\/z6584734442481_f208f5944548cb4b46353402ce2e64e0-3.jpg\" alt=\"\" width=\"252\" height=\"223\" \/><\/p>\n<p style=\"text-align: center;\"><span style=\"font-size: 140%; color: #ff0000;\"><strong>\u0110\u1ecba Ch\u1ec9: 273-275 Tr\u1ea7n Ph\u00fa Ph\u01b0\u1eddng L\u1ed9c S\u01a1n Th\u00e0nh Ph\u1ed1 B\u1ea3o L\u1ed9c T\u1ec9nh L\u00e2m \u0110\u1ed3ng<\/strong><\/span><\/p>\n<p style=\"text-align: center;\"><span style=\"font-size: 140%; color: #ff0000;\"><strong> Hotline: 0912197441<\/strong><\/span><\/p>\n<section class=\"product-especially\">\n<div class=\"container\">\n<div class=\"rte\">\n<p><img loading=\"lazy\" decoding=\"async\" class=\"alignnone size-full wp-image-2399\" src=\"https:\/\/autothaiduong.vn\/wp-content\/uploads\/2025\/05\/biggic1-s720.jpg\" width=\"1280\" height=\"604\" srcset=\"https:\/\/autothaiduong.vn\/wp-content\/uploads\/2025\/05\/biggic1-s720.jpg 1280w, https:\/\/autothaiduong.vn\/wp-content\/uploads\/2025\/05\/biggic1-s720-600x283.jpg 600w, https:\/\/autothaiduong.vn\/wp-content\/uploads\/2025\/05\/biggic1-s720-1024x483.jpg 1024w, https:\/\/autothaiduong.vn\/wp-content\/uploads\/2025\/05\/biggic1-s720-768x362.jpg 768w\" sizes=\"auto, (max-width: 1280px) 100vw, 1280px\" \/><\/p>\n<h2>CAMERA GHI H\u00ccNH K\u00c9P TO\u00c0N C\u1ea2NH TR\u01af\u1edaC &amp; SAU<\/h2>\n<p><strong>VIETMAP S720<\/strong>\u00a0v\u1edbi camera l\u00ean \u0111\u1ed9 ph\u00e2n gi\u1ea3i 4K 2160p si\u00eau n\u00e9t k\u1ebft h\u1ee3p c\u00f9ng camera sau Full HD 1080p ghi l\u1ea1i chi ti\u1ebft to\u00e0n b\u1ed9 h\u00e0nh tr\u00ecnh tr\u01b0\u1edbc &amp; sau xe c\u00f9ng v\u1edbi th\u00f4ng tin t\u1ecda \u0111\u1ed9 v\u00e0 t\u1ed1c \u0111\u1ed9.<\/p>\n<p><img loading=\"lazy\" decoding=\"async\" class=\"alignnone size-full wp-image-2400\" src=\"https:\/\/autothaiduong.vn\/wp-content\/uploads\/2025\/05\/biggic2-s720.jpg\" width=\"1280\" height=\"604\" srcset=\"https:\/\/autothaiduong.vn\/wp-content\/uploads\/2025\/05\/biggic2-s720.jpg 1280w, https:\/\/autothaiduong.vn\/wp-content\/uploads\/2025\/05\/biggic2-s720-600x283.jpg 600w, https:\/\/autothaiduong.vn\/wp-content\/uploads\/2025\/05\/biggic2-s720-1024x483.jpg 1024w, https:\/\/autothaiduong.vn\/wp-content\/uploads\/2025\/05\/biggic2-s720-768x362.jpg 768w\" sizes=\"auto, (max-width: 1280px) 100vw, 1280px\" \/><\/p>\n<h2>C\u1ea2NH B\u00c1O BI\u1ec2N GIAO TH\u00d4NG B\u1eb0NG GI\u1eccNG N\u00d3I<\/h2>\n<p><strong>VIETMAP S720<\/strong>\u00a0v\u1edbi d\u1eef li\u1ec7u\u00a0c\u1ea3nh b\u00e1o th\u00f4ng tin giao th\u00f4ng b\u1eb1ng gi\u1ecdng n\u00f3i tr\u00ean to\u00e0n qu\u1ed1c:<br \/>\n&#8211;\u00a0\u00a0 \u00a0C\u1ea3nh b\u00e1o bi\u1ec3n b\u00e1o gi\u1edbi h\u1ea1n t\u1ed1c \u0111\u1ed9.<br \/>\n&#8211;\u00a0\u00a0 \u00a0C\u1ea3nh b\u00e1o v\u00e0o v\u00e0 ra kh\u1ecfi khu d\u00e2n c\u01b0.<br \/>\n&#8211;\u00a0\u00a0 \u00a0C\u1ea3nh b\u00e1o bi\u1ec3n b\u00e1o c\u1ea5m v\u01b0\u1ee3t\/ h\u1ebft c\u1ea5m v\u01b0\u1ee3t.<br \/>\n&#8211;\u00a0\u00a0 \u00a0B\u00e1o khu v\u1ef1c c\u00f3\u00a0camera giao th\u00f4ng.<br \/>\n&#8211;\u00a0\u00a0 \u00a0C\u1ea3nh b\u00e1o khu v\u1ef1c th\u01b0\u1eddng xuy\u00ean ki\u1ec3m tra t\u1ed1c \u0111\u1ed9.<br \/>\n( V\u00e0 m\u1ed9t s\u1ed1 th\u00f4ng tin c\u1ea3nh b\u00e1o giao th\u00f4ng quan tr\u1ecdng kh\u00e1c)<br \/>\nD\u1eef li\u1ec7u th\u00f4ng tin bi\u1ec3n b\u00e1o giao th\u00f4ng \u0111\u01b0\u1ee3c\u00a0<strong><a href=\"https:\/\/vietmap.vn\/\" target=\"_blank\" rel=\"noopener\">VIETMAP<\/a><\/strong>\u00a0thu th\u1eadp v\u00e0 c\u1eadp nh\u1eadt th\u01b0\u1eddng xuy\u00ean<\/p>\n<p><img loading=\"lazy\" decoding=\"async\" class=\"alignnone size-full wp-image-2401\" src=\"https:\/\/autothaiduong.vn\/wp-content\/uploads\/2025\/05\/biggic3-s720.jpg\" width=\"1280\" height=\"604\" srcset=\"https:\/\/autothaiduong.vn\/wp-content\/uploads\/2025\/05\/biggic3-s720.jpg 1280w, https:\/\/autothaiduong.vn\/wp-content\/uploads\/2025\/05\/biggic3-s720-600x283.jpg 600w, https:\/\/autothaiduong.vn\/wp-content\/uploads\/2025\/05\/biggic3-s720-1024x483.jpg 1024w, https:\/\/autothaiduong.vn\/wp-content\/uploads\/2025\/05\/biggic3-s720-768x362.jpg 768w\" sizes=\"auto, (max-width: 1280px) 100vw, 1280px\" \/><\/p>\n<h2>T\u00cdNH N\u0102NG \u0110I\u1ec0U KHI\u1ec2N B\u1eb0NG GI\u1eccNG N\u00d3I<\/h2>\n<p><strong>VIETMAP S720<\/strong>\u00a0h\u1ed7 tr\u1ee3 ng\u01b0\u1eddi l\u00e1i xe ra l\u1ec7nh b\u1eb1ng gi\u1ecdng n\u00f3i v\u1edbi c\u00e1c c\u00e2u l\u1ec7nh th\u00f4ng d\u1ee5ng \u0111\u1ec3 \u0111i\u1ec3u khi\u1ec3n Camera m\u00e0 kh\u00f4ng c\u1ea7n thao t\u00e1c tr\u1ef1c ti\u1ebfp tr\u00ean camera trong qu\u00e1 tr\u00ecnh l\u00e1i xe, h\u1ed7 tr\u1ee3 l\u00e1i xe an to\u00e0n an to\u00e0n h\u01a1n. Bao g\u1ed3m c\u00e1c c\u00e2u l\u1ec7nh sau:<\/p>\n<ul role=\"list\">\n<li role=\"listitem\" aria-setsize=\"-1\" data-aria-level=\"1\" data-aria-posinset=\"1\" data-font=\"Symbol\" data-leveltext=\"\uf0b7\" data-list-defn-props=\"{&quot;335552541&quot;:1,&quot;335559685&quot;:720,&quot;335559991&quot;:360,&quot;469769226&quot;:&quot;Symbol&quot;,&quot;469769242&quot;:[8226],&quot;469777803&quot;:&quot;left&quot;,&quot;469777804&quot;:&quot;\uf0b7&quot;,&quot;469777815&quot;:&quot;hybridMultilevel&quot;}\" data-listid=\"3\">L\u01b0u h\u00ecnh \u1ea3nh<\/li>\n<\/ul>\n<ul role=\"list\">\n<li role=\"listitem\" aria-setsize=\"-1\" data-aria-level=\"1\" data-aria-posinset=\"2\" data-font=\"Symbol\" data-leveltext=\"\uf0b7\" data-list-defn-props=\"{&quot;335552541&quot;:1,&quot;335559685&quot;:720,&quot;335559991&quot;:360,&quot;469769226&quot;:&quot;Symbol&quot;,&quot;469769242&quot;:[8226],&quot;469777803&quot;:&quot;left&quot;,&quot;469777804&quot;:&quot;\uf0b7&quot;,&quot;469777815&quot;:&quot;hybridMultilevel&quot;}\" data-listid=\"3\">Ghi h\u00ecnh kh\u1ea9n c\u1ea5p<\/li>\n<\/ul>\n<ul role=\"list\">\n<li role=\"listitem\" aria-setsize=\"-1\" data-aria-level=\"1\" data-aria-posinset=\"3\" data-font=\"Symbol\" data-leveltext=\"\uf0b7\" data-list-defn-props=\"{&quot;335552541&quot;:1,&quot;335559685&quot;:720,&quot;335559991&quot;:360,&quot;469769226&quot;:&quot;Symbol&quot;,&quot;469769242&quot;:[8226],&quot;469777803&quot;:&quot;left&quot;,&quot;469777804&quot;:&quot;\uf0b7&quot;,&quot;469777815&quot;:&quot;hybridMultilevel&quot;}\" data-listid=\"3\">M\u1edf ghi \u00e2m<\/li>\n<\/ul>\n<ul role=\"list\">\n<li role=\"listitem\" aria-setsize=\"-1\" data-aria-level=\"1\" data-aria-posinset=\"4\" data-font=\"Symbol\" data-leveltext=\"\uf0b7\" data-list-defn-props=\"{&quot;335552541&quot;:1,&quot;335559685&quot;:720,&quot;335559991&quot;:360,&quot;469769226&quot;:&quot;Symbol&quot;,&quot;469769242&quot;:[8226],&quot;469777803&quot;:&quot;left&quot;,&quot;469777804&quot;:&quot;\uf0b7&quot;,&quot;469777815&quot;:&quot;hybridMultilevel&quot;}\" data-listid=\"3\">T\u1eaft ghi \u00e2m<\/li>\n<\/ul>\n<ul role=\"list\">\n<li role=\"listitem\" aria-setsize=\"-1\" data-aria-level=\"1\" data-aria-posinset=\"5\" data-font=\"Symbol\" data-leveltext=\"\uf0b7\" data-list-defn-props=\"{&quot;335552541&quot;:1,&quot;335559685&quot;:720,&quot;335559991&quot;:360,&quot;469769226&quot;:&quot;Symbol&quot;,&quot;469769242&quot;:[8226],&quot;469777803&quot;:&quot;left&quot;,&quot;469777804&quot;:&quot;\uf0b7&quot;,&quot;469777815&quot;:&quot;hybridMultilevel&quot;}\" data-listid=\"3\">M\u1edf \u00e2m thanh<\/li>\n<\/ul>\n<ul role=\"list\">\n<li role=\"listitem\" aria-setsize=\"-1\" data-aria-level=\"1\" data-aria-posinset=\"6\" data-font=\"Symbol\" data-leveltext=\"\uf0b7\" data-list-defn-props=\"{&quot;335552541&quot;:1,&quot;335559685&quot;:720,&quot;335559991&quot;:360,&quot;469769226&quot;:&quot;Symbol&quot;,&quot;469769242&quot;:[8226],&quot;469777803&quot;:&quot;left&quot;,&quot;469777804&quot;:&quot;\uf0b7&quot;,&quot;469777815&quot;:&quot;hybridMultilevel&quot;}\" data-listid=\"3\">T\u1eaft \u00e2m thanh<\/li>\n<\/ul>\n<ul role=\"list\">\n<li role=\"listitem\" aria-setsize=\"-1\" data-aria-level=\"1\" data-aria-posinset=\"7\" data-font=\"Symbol\" data-leveltext=\"\uf0b7\" data-list-defn-props=\"{&quot;335552541&quot;:1,&quot;335559685&quot;:720,&quot;335559991&quot;:360,&quot;469769226&quot;:&quot;Symbol&quot;,&quot;469769242&quot;:[8226],&quot;469777803&quot;:&quot;left&quot;,&quot;469777804&quot;:&quot;\uf0b7&quot;,&quot;469777815&quot;:&quot;hybridMultilevel&quot;}\" data-listid=\"3\">M\u1edf Wifi<\/li>\n<\/ul>\n<ul role=\"list\">\n<li role=\"listitem\" aria-setsize=\"-1\" data-aria-level=\"1\" data-aria-posinset=\"8\" data-font=\"Symbol\" data-leveltext=\"\uf0b7\" data-list-defn-props=\"{&quot;335552541&quot;:1,&quot;335559685&quot;:720,&quot;335559991&quot;:360,&quot;469769226&quot;:&quot;Symbol&quot;,&quot;469769242&quot;:[8226],&quot;469777803&quot;:&quot;left&quot;,&quot;469777804&quot;:&quot;\uf0b7&quot;,&quot;469777815&quot;:&quot;hybridMultilevel&quot;}\" data-listid=\"3\">T\u1eaft Wifi<\/li>\n<\/ul>\n<ul role=\"list\">\n<li role=\"listitem\" aria-setsize=\"-1\" data-aria-level=\"1\" data-aria-posinset=\"9\" data-font=\"Symbol\" data-leveltext=\"\uf0b7\" data-list-defn-props=\"{&quot;335552541&quot;:1,&quot;335559685&quot;:720,&quot;335559991&quot;:360,&quot;469769226&quot;:&quot;Symbol&quot;,&quot;469769242&quot;:[8226],&quot;469777803&quot;:&quot;left&quot;,&quot;469777804&quot;:&quot;\uf0b7&quot;,&quot;469777815&quot;:&quot;hybridMultilevel&quot;}\" data-listid=\"3\">M\u1edf m\u00e0n h\u00ecnh<\/li>\n<\/ul>\n<ul role=\"list\">\n<li role=\"listitem\" aria-setsize=\"-1\" data-aria-level=\"1\" data-aria-posinset=\"10\" data-font=\"Symbol\" data-leveltext=\"\uf0b7\" data-list-defn-props=\"{&quot;335552541&quot;:1,&quot;335559685&quot;:720,&quot;335559991&quot;:360,&quot;469769226&quot;:&quot;Symbol&quot;,&quot;469769242&quot;:[8226],&quot;469777803&quot;:&quot;left&quot;,&quot;469777804&quot;:&quot;\uf0b7&quot;,&quot;469777815&quot;:&quot;hybridMultilevel&quot;}\" data-listid=\"3\">T\u1eaft m\u00e0n h\u00ecnh<\/li>\n<\/ul>\n<p><img loading=\"lazy\" decoding=\"async\" class=\"alignnone size-full wp-image-2402\" src=\"https:\/\/autothaiduong.vn\/wp-content\/uploads\/2025\/05\/biggic4-s720-cb44b867-e6a6-45d9-b1e4-034a1c87f3b5.jpg\" width=\"1280\" height=\"604\" srcset=\"https:\/\/autothaiduong.vn\/wp-content\/uploads\/2025\/05\/biggic4-s720-cb44b867-e6a6-45d9-b1e4-034a1c87f3b5.jpg 1280w, https:\/\/autothaiduong.vn\/wp-content\/uploads\/2025\/05\/biggic4-s720-cb44b867-e6a6-45d9-b1e4-034a1c87f3b5-600x283.jpg 600w, https:\/\/autothaiduong.vn\/wp-content\/uploads\/2025\/05\/biggic4-s720-cb44b867-e6a6-45d9-b1e4-034a1c87f3b5-1024x483.jpg 1024w, https:\/\/autothaiduong.vn\/wp-content\/uploads\/2025\/05\/biggic4-s720-cb44b867-e6a6-45d9-b1e4-034a1c87f3b5-768x362.jpg 768w\" sizes=\"auto, (max-width: 1280px) 100vw, 1280px\" \/><\/p>\n<h2>K\u1ebeT N\u1ed0I VIETMAP REC M\u1ed8T CH\u1ea0M \u2013 TR\u00cdCH XU\u1ea4T D\u1eee LI\u1ec6U NHANH CH\u00d3NG TI\u1ec6N L\u1ee2I<\/h2>\n<p><strong>VIETMAP S720<\/strong>\u00a0\u0111\u01b0\u1ee3c trang b\u1ecb Wi-Fi 6, truy\u1ec1n d\u1eef li\u1ec7u v\u1edbi b\u0103ng t\u1ea7n 2.4GHz, truy\u1ec1n t\u1ea3i nhanh nh\u00f3ng.<br \/>\n\u0110\u1ed3ng th\u1eddi k\u1ebft n\u1ed1i v\u1edbi VIETMAP REC ch\u1ec9 v\u1edbi 1 ch\u1ea1m, gi\u00fap vi\u1ec7c xem l\u1ea1i, tr\u00edch xu\u1ea5t video, c\u1eadp nh\u1eadt d\u1eef li\u1ec7u c\u1ea3nh b\u00e1o tr\u1ef1c ti\u1ebfp nhanh ch\u00f3ng\u00a0 v\u00e0 ti\u1ec7n l\u1ee3i.<\/p>\n<p><img loading=\"lazy\" decoding=\"async\" class=\"alignnone size-full wp-image-2403\" src=\"https:\/\/autothaiduong.vn\/wp-content\/uploads\/2025\/05\/biggic5-s720.jpg\" width=\"1280\" height=\"604\" srcset=\"https:\/\/autothaiduong.vn\/wp-content\/uploads\/2025\/05\/biggic5-s720.jpg 1280w, https:\/\/autothaiduong.vn\/wp-content\/uploads\/2025\/05\/biggic5-s720-600x283.jpg 600w, https:\/\/autothaiduong.vn\/wp-content\/uploads\/2025\/05\/biggic5-s720-1024x483.jpg 1024w, https:\/\/autothaiduong.vn\/wp-content\/uploads\/2025\/05\/biggic5-s720-768x362.jpg 768w\" sizes=\"auto, (max-width: 1280px) 100vw, 1280px\" \/><\/p>\n<h2>B\u1ec0N B\u1ec8 V\u1edaI PIN SI\u00caU T\u1ee4 \u0110I\u1ec6N<\/h2>\n<p><strong>VIETMAP S720<\/strong>\u00a0\u0111\u01b0\u1ee3c trang b\u1ecb c\u00f4ng ngh\u1ec7 pin si\u00eau t\u1ee5 \u0111i\u1ec7n v\u1edbi kh\u1ea3 n\u0103ng n\u1ea1p n\u0103ng l\u01b0\u1ee3ng nhanh ch\u00f3ng v\u00e0 ch\u1ecbu nhi\u1ec7t cao. Gi\u00fap n\u00e2ng cao kh\u1ea3 n\u0103ng ho\u1ea1t \u0111\u1ed9ng li\u00ean t\u1ee5c v\u00e0 t\u0103ng c\u01b0\u1eddng tu\u1ed5i th\u1ecd thi\u1ebft b\u1ecb.<\/p>\n<p>&nbsp;<\/p>\n<h2 role=\"heading\" aria-level=\"2\">Ghi H\u00ecnh \u0110\u1ed7 Xe Th\u00f4ng Minh V\u1edbi Ngu\u1ed3n Tr\u1ef1c Ti\u1ebfp (mua th\u00eam)<\/h2>\n<p>VIETMAP S720 h\u1ed7 tr\u1ee3 t\u00ednh n\u0103ng ghi h\u00ecnh \u0111\u1ed7 xe:<\/p>\n<ul role=\"list\">\n<li role=\"listitem\" aria-setsize=\"-1\" data-aria-level=\"1\" data-aria-posinset=\"1\" data-font=\"Symbol\" data-leveltext=\"\uf0b7\" data-list-defn-props=\"{&quot;335552541&quot;:1,&quot;335559685&quot;:720,&quot;335559991&quot;:360,&quot;469769226&quot;:&quot;Symbol&quot;,&quot;469769242&quot;:[8226],&quot;469777803&quot;:&quot;left&quot;,&quot;469777804&quot;:&quot;\uf0b7&quot;,&quot;469777815&quot;:&quot;hybridMultilevel&quot;}\" data-listid=\"4\">Ghi h\u00ecnh \u0111\u1ed7 xe va ch\u1ea1m: Camera t\u1ef1 \u0111\u1ed9ng ghi l\u1ea1i m\u1ecdi va ch\u1ea1m x\u1ea3y ra khi xe \u0111ang \u0111\u1ed7.<\/li>\n<\/ul>\n<ul role=\"list\">\n<li role=\"listitem\" aria-setsize=\"-1\" data-aria-level=\"1\" data-aria-posinset=\"2\" data-font=\"Symbol\" data-leveltext=\"\uf0b7\" data-list-defn-props=\"{&quot;335552541&quot;:1,&quot;335559685&quot;:720,&quot;335559991&quot;:360,&quot;469769226&quot;:&quot;Symbol&quot;,&quot;469769242&quot;:[8226],&quot;469777803&quot;:&quot;left&quot;,&quot;469777804&quot;:&quot;\uf0b7&quot;,&quot;469777815&quot;:&quot;hybridMultilevel&quot;}\" data-listid=\"4\">Ghi h\u00ecnh \u0111\u1ed7 xe Time-lapse: Ch\u1ebf \u0111\u1ed9 ghi h\u00ecnh tua nhanh gi\u00fap ti\u1ebft ki\u1ec7m dung l\u01b0\u1ee3ng b\u1ed9 nh\u1edb.<\/li>\n<\/ul>\n<h2 role=\"heading\" aria-level=\"2\">B\u1ea2O H\u00c0NH V\u00c0 H\u1eacU M\u00c3I<\/h2>\n<p>VIETMAP S720 c\u00f3 th\u1eddi gian b\u1ea3o h\u00e0nh s\u1ea3n ph\u1ea9m ph\u1ea7n c\u1ee9ng s\u1ea3n ph\u1ea9m 12 th\u00e1ng, 1 \u0111\u1ed5i 1 trong 30 ng\u00e0y \u0111\u1ea7u.<br \/>\n* K\u00edch ho\u1ea1t b\u1ea3o h\u00e0nh \u0111i\u1ec7n t\u1eed \u0111\u1ec3 b\u1ea3o v\u1ec7 quy\u1ec1n l\u1ee3i c\u1ee7a kh\u00e1ch h\u00e0ng.<\/p>\n<\/div>\n<\/div>\n<\/section>\n<section class=\"product-especially\">\n<div class=\"container\">\n<div class=\"rte\"><\/div>\n<\/div>\n<\/section>\n<section id=\"pro_specifications\" class=\"product-specifications\">\n<div class=\"container\">\n<h2>Th\u00f4ng s\u1ed1 k\u1ef9 thu\u1eadt<\/h2>\n<div class=\"row\">\n<div class=\"col-lg-6 col-md-12 col-sm-12 col-12\">\n<h3>K\u00edch th\u01b0\u1edbc s\u1ea3n ph\u1ea9m<\/h3>\n<\/div>\n<div class=\"col-lg-6 col-md-12 col-sm-12 col-12\">\n<div class=\"rte\">\n<p><img loading=\"lazy\" decoding=\"async\" class=\"alignnone size-full wp-image-2404\" src=\"https:\/\/autothaiduong.vn\/wp-content\/uploads\/2025\/05\/biggic-s720.jpg\" width=\"590\" height=\"450\" \/><\/p>\n<table border=\"1\">\n<tbody>\n<tr>\n<td role=\"rowheader\" data-celllook=\"0\">\u0110\u1ed9 ph\u00e2n gi\u1ea3i ghi h\u00ecnh<\/td>\n<td role=\"columnheader\" data-celllook=\"0\">Camera tr\u01b0\u1edbc 4K (3840*2160P) | 2K 60FPS (2560*1440P)<\/td>\n<\/tr>\n<tr>\n<td role=\"rowheader\" data-celllook=\"0\">\u1ed0ng k\u00ednh<\/td>\n<td data-celllook=\"0\">G\u00f3c r\u1ed9ng 150\u00b0<\/td>\n<\/tr>\n<tr>\n<td role=\"rowheader\" data-celllook=\"0\">HDR<\/td>\n<td data-celllook=\"0\">C\u00f3<\/td>\n<\/tr>\n<tr>\n<td role=\"rowheader\" data-celllook=\"0\">M\u00e0n h\u00ecnh<\/td>\n<td data-celllook=\"0\">IPS 2.4\u201d<\/td>\n<\/tr>\n<tr>\n<td role=\"rowheader\" data-celllook=\"0\">C\u1ea3nh b\u00e1o bi\u1ec3n b\u00e1o giao th\u00f4ng<\/td>\n<td data-celllook=\"0\">C\u00f3<\/td>\n<\/tr>\n<tr>\n<td role=\"rowheader\" data-celllook=\"0\">Ra l\u1ec7nh b\u1eb1ng gi\u1ecdng n\u00f3i<\/td>\n<td data-celllook=\"0\">C\u00f3 (Ti\u1ebfng Vi\u1ec7t)<\/td>\n<\/tr>\n<tr>\n<td role=\"rowheader\" data-celllook=\"0\">WiFi truy\u1ec1n d\u1eef li\u1ec7u<\/td>\n<td data-celllook=\"0\">WIFI 6 | 2.4 Ghz<\/td>\n<\/tr>\n<tr>\n<td role=\"rowheader\" data-celllook=\"0\">GPS<\/td>\n<td data-celllook=\"0\">C\u00f3<\/td>\n<\/tr>\n<tr>\n<td role=\"rowheader\" data-celllook=\"0\">G-Sensor<\/td>\n<td data-celllook=\"0\">C\u00f3<\/td>\n<\/tr>\n<tr>\n<td role=\"rowheader\" data-celllook=\"0\">Pin<\/td>\n<td data-celllook=\"0\">Si\u00eau t\u1ee5 \u0111i\u1ec7n<\/td>\n<\/tr>\n<tr>\n<td role=\"rowheader\" data-celllook=\"0\">H\u1ed7 tr\u1ee3 th\u1ebb nh\u1edb t\u1ed1i \u0111a<\/td>\n<td data-celllook=\"0\">256GB<\/td>\n<\/tr>\n<tr>\n<td role=\"rowheader\" data-celllook=\"0\">\u0110\u1ecbnh d\u1ea1ng video<\/td>\n<td data-celllook=\"0\">MP4<\/td>\n<\/tr>\n<tr>\n<td role=\"rowheader\" data-celllook=\"0\">Chu\u1ea9n n\u00e9n video<\/td>\n<td data-celllook=\"0\">H.265\/ H.264<\/td>\n<\/tr>\n<tr>\n<td role=\"rowheader\" data-celllook=\"0\">C\u1ed5ng ngu\u1ed3n<\/td>\n<td data-celllook=\"0\">Type C<\/td>\n<\/tr>\n<tr>\n<td role=\"rowheader\" data-celllook=\"0\">\u1ee8ng d\u1ee5ng k\u1ebft n\u1ed1i<\/td>\n<td data-celllook=\"0\">VIETMAP REC<\/td>\n<\/tr>\n<tr>\n<td role=\"rowheader\" data-celllook=\"0\">H\u1ed7 tr\u1ee3 camera sau<\/td>\n<td data-celllook=\"0\">Camera sau Full HD (Mua th\u00eam)<\/td>\n<\/tr>\n<tr>\n<td role=\"rowheader\" data-celllook=\"0\">Ghi h\u00ecnh \u0111\u1ed7 xe<\/td>\n<td data-celllook=\"0\">H\u1ed7 tr\u1ee3 (Mua th\u00eam ngu\u1ed3n tr\u1ef1c ti\u1ebfp)<\/td>\n<\/tr>\n<\/tbody>\n<\/table>\n<\/div>\n<\/div>\n<\/div>\n<\/div>\n<\/section>\n","protected":false},"excerpt":{"rendered":"<p>\u0110\u1ecba Ch\u1ec9: 273-275 Tr\u1ea7n Ph\u00fa Ph\u01b0\u1eddng L\u1ed9c S\u01a1n Th\u00e0nh Ph\u1ed1 B\u1ea3o L\u1ed9c T\u1ec9nh L\u00e2m \u0110\u1ed3ng Hotline: 0912197441 CAMERA GHI H\u00ccNH K\u00c9P TO\u00c0N C\u1ea2NH TR\u01af\u1edaC &amp; SAU VIETMAP S720\u00a0v\u1edbi camera l\u00ean \u0111\u1ed9 ph\u00e2n gi\u1ea3i 4K 2160p si\u00eau n\u00e9t k\u1ebft h\u1ee3p c\u00f9ng camera sau Full HD 1080p ghi l\u1ea1i chi ti\u1ebft to\u00e0n b\u1ed9 h\u00e0nh tr\u00ecnh tr\u01b0\u1edbc &amp; [&#8230;]\n","protected":false},"featured_media":2405,"comment_status":"open","ping_status":"closed","template":"","meta":[],"product_brand":[84],"product_cat":[76],"product_tag":[],"class_list":{"0":"post-2395","1":"product","2":"type-product","3":"status-publish","4":"has-post-thumbnail","6":"product_brand-vietmap","7":"product_cat-camera-hanh-trinh","9":"first","10":"instock","11":"shipping-taxable","12":"purchasable","13":"product-type-simple"},"_links":{"self":[{"href":"https:\/\/autothaiduong.vn\/index.php?rest_route=\/wp\/v2\/product\/2395","targetHints":{"allow":["GET"]}}],"collection":[{"href":"https:\/\/autothaiduong.vn\/index.php?rest_route=\/wp\/v2\/product"}],"about":[{"href":"https:\/\/autothaiduong.vn\/index.php?rest_route=\/wp\/v2\/types\/product"}],"replies":[{"embeddable":true,"href":"https:\/\/autothaiduong.vn\/index.php?rest_route=%2Fwp%2Fv2%2Fcomments&post=2395"}],"wp:featuredmedia":[{"embeddable":true,"href":"https:\/\/autothaiduong.vn\/index.php?rest_route=\/wp\/v2\/media\/2405"}],"wp:attachment":[{"href":"https:\/\/autothaiduong.vn\/index.php?rest_route=%2Fwp%2Fv2%2Fmedia&parent=2395"}],"wp:term":[{"taxonomy":"product_brand","embeddable":true,"href":"https:\/\/autothaiduong.vn\/index.php?rest_route=%2Fwp%2Fv2%2Fproduct_brand&post=2395"},{"taxonomy":"product_cat","embeddable":true,"href":"https:\/\/autothaiduong.vn\/index.php?rest_route=%2Fwp%2Fv2%2Fproduct_cat&post=2395"},{"taxonomy":"product_tag","embeddable":true,"href":"https:\/\/autothaiduong.vn\/index.php?rest_route=%2Fwp%2Fv2%2Fproduct_tag&post=2395"}],"curies":[{"name":"wp","href":"https:\/\/api.w.org\/{rel}","templated":true}]}}