{"id":2407,"date":"2025-05-18T14:05:43","date_gmt":"2025-05-18T14:05:43","guid":{"rendered":"https:\/\/autothaiduong.vn\/?post_type=product&#038;p=2407"},"modified":"2025-05-18T14:06:26","modified_gmt":"2025-05-18T14:06:26","slug":"vietmap-r440-truoc-sau","status":"publish","type":"product","link":"https:\/\/autothaiduong.vn\/?product=vietmap-r440-truoc-sau","title":{"rendered":"VIETMAP R440 Tr\u01b0\u1edbc + Sau"},"content":{"rendered":"<p><img loading=\"lazy\" decoding=\"async\" class=\" wp-image-2122 aligncenter\" src=\"https:\/\/autothaiduong.vn\/wp-content\/uploads\/2025\/05\/z6584734442481_f208f5944548cb4b46353402ce2e64e0-3.jpg\" alt=\"\" width=\"276\" height=\"244\" \/><\/p>\n<p style=\"text-align: center;\"><span style=\"font-size: 140%;\"><strong><span style=\"color: #ff0000;\">\u0110\u1ecba Ch\u1ec9: 273-275 Tr\u1ea7n Ph\u00fa Ph\u01b0\u1eddng L\u1ed9c S\u01a1n Th\u00e0nh Ph\u1ed1 B\u1ea3o L\u1ed9c T\u1ec9nh L\u00e2m \u0110\u1ed3ng <\/span><\/strong><\/span><\/p>\n<p style=\"text-align: center;\"><span style=\"font-size: 140%;\"><strong><span style=\"color: #ff0000;\">Hotline: 0912197441<\/span><\/strong><\/span><\/p>\n<section id=\"pro_function\" class=\"product-function\">\n<div class=\"container\">\n<h2>T\u00ednh n\u0103ng n\u1ed5i b\u1eadt<\/h2>\n<div class=\"row\">\n<div class=\"col-lg-3 col-md-6 col-sm-6 col-6 function-item\">\n<p><img loading=\"lazy\" decoding=\"async\" class=\"alignnone size-full wp-image-2412\" src=\"https:\/\/autothaiduong.vn\/wp-content\/uploads\/2025\/05\/pro_func_5.png\" alt=\"C\u1ea3nh b\u00e1o t\u1ed1c \u0111\u1ed9 gi\u1edbi h\u1ea1n\" width=\"64\" height=\"64\" \/><\/p>\n<h3>C\u1ea3nh b\u00e1o t\u1ed1c \u0111\u1ed9 gi\u1edbi h\u1ea1n<\/h3>\n<p>D\u1eef li\u1ec7u chi ti\u1ebft to\u00e0n qu\u1ed1c<\/p>\n<\/div>\n<div class=\"col-lg-3 col-md-6 col-sm-6 col-6 function-item\">\n<p><img loading=\"lazy\" decoding=\"async\" class=\"alignnone size-full wp-image-2413\" src=\"https:\/\/autothaiduong.vn\/wp-content\/uploads\/2025\/05\/pro_func_8.png\" alt=\"Pin si\u00eau t\u1ee5 \u0111i\u1ec7n\" width=\"64\" height=\"64\" \/><\/p>\n<h3>Pin si\u00eau t\u1ee5 \u0111i\u1ec7n<\/h3>\n<p>N\u00e2ng cao tu\u1ed5i th\u1ecd ho\u1ea1t \u0111\u1ed9ng b\u1ec1n b\u1ec9<\/p>\n<\/div>\n<div class=\"col-lg-3 col-md-6 col-sm-6 col-6 function-item\">\n<p><img loading=\"lazy\" decoding=\"async\" class=\"alignnone size-full wp-image-2414\" src=\"https:\/\/autothaiduong.vn\/wp-content\/uploads\/2025\/05\/pro_func_14.png\" alt=\"Ghi h\u00ecnh Ultra HD 4K\" width=\"64\" height=\"64\" \/><\/p>\n<h3>Ghi h\u00ecnh Ultra HD 4K<\/h3>\n<p>Ghi h\u00ecnh s\u1eafc n\u00e9t Ng\u00e0y &amp; \u0110\u00eam<\/p>\n<\/div>\n<div class=\"col-lg-3 col-md-6 col-sm-6 col-6 function-item\">\n<p><img loading=\"lazy\" decoding=\"async\" class=\"alignnone size-full wp-image-2415\" src=\"https:\/\/autothaiduong.vn\/wp-content\/uploads\/2025\/05\/pro_func_19.png\" alt=\"Thi\u1ebft k\u1ebf m\u00e0n h\u00ecnh g\u01b0\u01a1ng\" width=\"64\" height=\"64\" \/><\/p>\n<h3>Thi\u1ebft k\u1ebf m\u00e0n h\u00ecnh g\u01b0\u01a1ng<\/h3>\n<p>Thi\u1ebft k\u1ebf th\u1ea9m m\u1ef9 n\u00e2ng t\u1ea7m n\u1ed9i th\u1ea5t xe<\/p>\n<\/div>\n<div class=\"col-lg-3 col-md-6 col-sm-6 col-6 function-item\">\n<p><img loading=\"lazy\" decoding=\"async\" class=\"alignnone size-full wp-image-2416\" src=\"https:\/\/autothaiduong.vn\/wp-content\/uploads\/2025\/05\/pro_func_40.png\" alt=\"Camera sau h\u1ed7 tr\u1ee3 l\u00f9i\" width=\"64\" height=\"64\" \/><\/p>\n<h3>Camera sau h\u1ed7 tr\u1ee3 l\u00f9i<\/h3>\n<p>T\u1ef1 \u0111\u1ed9ng chuy\u1ec3n sang h\u00ecnh camera l\u00f9i khi tr\u1ea3 v\u1ec1 s\u1ed1 R<\/p>\n<\/div>\n<div class=\"col-lg-3 col-md-6 col-sm-6 col-6 function-item\">\n<p><img loading=\"lazy\" decoding=\"async\" class=\"alignnone size-full wp-image-2417\" src=\"https:\/\/autothaiduong.vn\/wp-content\/uploads\/2025\/05\/pro_func_58.png\" alt=\"\u0110i\u1ec1u khi\u1ec3n b\u1eb1ng gi\u1ecdng n\u00f3i\" width=\"63\" height=\"63\" \/><\/p>\n<h3>\u0110i\u1ec1u khi\u1ec3n b\u1eb1ng gi\u1ecdng n\u00f3i<\/h3>\n<p>Ti\u1ec7n l\u1ee3i r\u1ea3nh tay<\/p>\n<\/div>\n<div class=\"col-lg-3 col-md-6 col-sm-6 col-6 function-item\">\n<p><img loading=\"lazy\" decoding=\"async\" class=\"alignnone size-full wp-image-2418\" src=\"https:\/\/autothaiduong.vn\/wp-content\/uploads\/2025\/05\/pro_func_64.png\" alt=\"Ghi h\u00ecnh \u0111\u1ed7 xe\" width=\"65\" height=\"65\" \/><\/p>\n<h3>Ghi h\u00ecnh \u0111\u1ed7 xe<\/h3>\n<p>Ghi h\u00ecnh Time-lapse 24\/24<\/p>\n<\/div>\n<div class=\"col-lg-3 col-md-6 col-sm-6 col-6 function-item\">\n<p><img loading=\"lazy\" decoding=\"async\" class=\"alignnone size-full wp-image-2419\" src=\"https:\/\/autothaiduong.vn\/wp-content\/uploads\/2025\/05\/pro_func_67.png\" alt=\"K\u1ebft n\u1ed1i WIFI 6 chia s\u1ebb video\" width=\"65\" height=\"65\" \/><\/p>\n<h3>K\u1ebft n\u1ed1i WIFI 6 chia s\u1ebb video<\/h3>\n<p>Xem &amp; T\u1ea3i Video nhanh ch\u00f3ng t\u1eeb thi\u1ebft b\u1ecb<\/p>\n<\/div>\n<\/div>\n<\/div>\n<\/section>\n<section class=\"product-especially\"><img loading=\"lazy\" decoding=\"async\" class=\"alignnone size-full wp-image-2420\" src=\"https:\/\/autothaiduong.vn\/wp-content\/uploads\/2025\/05\/biggic-r440-2.jpg\" alt=\"Banner 2\" width=\"1280\" height=\"604\" srcset=\"https:\/\/autothaiduong.vn\/wp-content\/uploads\/2025\/05\/biggic-r440-2.jpg 1280w, https:\/\/autothaiduong.vn\/wp-content\/uploads\/2025\/05\/biggic-r440-2-600x283.jpg 600w, https:\/\/autothaiduong.vn\/wp-content\/uploads\/2025\/05\/biggic-r440-2-1024x483.jpg 1024w, https:\/\/autothaiduong.vn\/wp-content\/uploads\/2025\/05\/biggic-r440-2-768x362.jpg 768w\" sizes=\"auto, (max-width: 1280px) 100vw, 1280px\" \/><\/p>\n<div class=\"container\">\n<div class=\"rte\">\n<p><img loading=\"lazy\" decoding=\"async\" class=\"alignnone size-full wp-image-2421\" src=\"https:\/\/autothaiduong.vn\/wp-content\/uploads\/2025\/05\/biggic-r440-1.jpg\" width=\"1280\" height=\"604\" srcset=\"https:\/\/autothaiduong.vn\/wp-content\/uploads\/2025\/05\/biggic-r440-1.jpg 1280w, https:\/\/autothaiduong.vn\/wp-content\/uploads\/2025\/05\/biggic-r440-1-600x283.jpg 600w, https:\/\/autothaiduong.vn\/wp-content\/uploads\/2025\/05\/biggic-r440-1-1024x483.jpg 1024w, https:\/\/autothaiduong.vn\/wp-content\/uploads\/2025\/05\/biggic-r440-1-768x362.jpg 768w\" sizes=\"auto, (max-width: 1280px) 100vw, 1280px\" \/><\/p>\n<h2>THI\u1ebeT K\u1ebe HI\u1ec6N \u0110\u1ea0I, GHI H\u00ccNH S\u1eaeC N\u00c9T K\u1ebeT H\u1ee2P G\u01af\u01a0NG CHI\u1ebeU H\u1eacU<\/h2>\n<p>VIETMAP R440 v\u1edbi thi\u1ebft k\u1ebf CAMERA H\u00c0NH TR\u00ccNH K\u1ebeT H\u1ee2P G\u01af\u01a0NG \u0110I\u1ec6N T\u1eec \u0110A N\u0102NG, v\u1eeba ghi h\u00ecnh h\u00e0nh tr\u00ecnh v\u1edbi \u0111\u1ed9 ph\u00e2n gi\u1ea3i 4K v\u00e0 Full HD, v\u1eeba l\u00e0m g\u01b0\u01a1ng chi\u1ebfu h\u1eadu, \u0111\u1ea3m b\u1ea3o t\u00ednh hi\u1ec7n \u0111\u1ea1i, sang tr\u1ecdng c\u1ee7a n\u1ed9i th\u1ea5t xe, t\u1ed1i \u01b0u t\u1ea7m nh\u00ecn ph\u00eda sau c\u1ee7a ng\u01b0\u1eddi l\u00e1i.<\/p>\n<p><img loading=\"lazy\" decoding=\"async\" class=\"alignnone size-full wp-image-2422\" src=\"https:\/\/autothaiduong.vn\/wp-content\/uploads\/2025\/05\/biggic-r440-3.jpg\" width=\"1280\" height=\"604\" srcset=\"https:\/\/autothaiduong.vn\/wp-content\/uploads\/2025\/05\/biggic-r440-3.jpg 1280w, https:\/\/autothaiduong.vn\/wp-content\/uploads\/2025\/05\/biggic-r440-3-600x283.jpg 600w, https:\/\/autothaiduong.vn\/wp-content\/uploads\/2025\/05\/biggic-r440-3-1024x483.jpg 1024w, https:\/\/autothaiduong.vn\/wp-content\/uploads\/2025\/05\/biggic-r440-3-768x362.jpg 768w\" sizes=\"auto, (max-width: 1280px) 100vw, 1280px\" \/><\/p>\n<h2>C\u1ea2NH B\u00c1O BI\u1ec2N B\u00c1O GIAO TH\u00d4NG B\u1eb0NG GI\u1eccNG N\u00d3I<\/h2>\n<p><strong>VIETMAP R440<\/strong>\u00a0v\u1edbi t\u00ednh n\u0103ng c\u1ea3nh b\u00e1o th\u00f4ng tin giao th\u00f4ng b\u1eb1ng gi\u1ecdng n\u00f3i tr\u00ean to\u00e0n qu\u1ed1c:<\/p>\n<ul role=\"list\">\n<li role=\"listitem\" aria-setsize=\"-1\" data-aria-level=\"1\" data-aria-posinset=\"1\" data-font=\"Symbol\" data-leveltext=\"\uf0b7\" data-list-defn-props=\"{&quot;335552541&quot;:1,&quot;335559685&quot;:720,&quot;335559991&quot;:360,&quot;469769226&quot;:&quot;Symbol&quot;,&quot;469769242&quot;:[8226],&quot;469777803&quot;:&quot;left&quot;,&quot;469777804&quot;:&quot;\uf0b7&quot;,&quot;469777815&quot;:&quot;hybridMultilevel&quot;}\" data-listid=\"1\">C\u1ea3nh b\u00e1o bi\u1ec3n b\u00e1o gi\u1edbi h\u1ea1n t\u1ed1c \u0111\u1ed9.<\/li>\n<\/ul>\n<ul role=\"list\">\n<li role=\"listitem\" aria-setsize=\"-1\" data-aria-level=\"1\" data-aria-posinset=\"2\" data-font=\"Symbol\" data-leveltext=\"\uf0b7\" data-list-defn-props=\"{&quot;335552541&quot;:1,&quot;335559685&quot;:720,&quot;335559991&quot;:360,&quot;469769226&quot;:&quot;Symbol&quot;,&quot;469769242&quot;:[8226],&quot;469777803&quot;:&quot;left&quot;,&quot;469777804&quot;:&quot;\uf0b7&quot;,&quot;469777815&quot;:&quot;hybridMultilevel&quot;}\" data-listid=\"1\">C\u1ea3nh b\u00e1o v\u00e0o v\u00e0 ra kh\u1ecfi khu d\u00e2n c\u01b0.<\/li>\n<\/ul>\n<ul role=\"list\">\n<li role=\"listitem\" aria-setsize=\"-1\" data-aria-level=\"1\" data-aria-posinset=\"3\" data-font=\"Symbol\" data-leveltext=\"\uf0b7\" data-list-defn-props=\"{&quot;335552541&quot;:1,&quot;335559685&quot;:720,&quot;335559991&quot;:360,&quot;469769226&quot;:&quot;Symbol&quot;,&quot;469769242&quot;:[8226],&quot;469777803&quot;:&quot;left&quot;,&quot;469777804&quot;:&quot;\uf0b7&quot;,&quot;469777815&quot;:&quot;hybridMultilevel&quot;}\" data-listid=\"1\">C\u1ea3nh b\u00e1o bi\u1ec3n b\u00e1o c\u1ea5m v\u01b0\u1ee3t\/ h\u1ebft c\u1ea5m v\u01b0\u1ee3t.<\/li>\n<\/ul>\n<ul role=\"list\">\n<li role=\"listitem\" aria-setsize=\"-1\" data-aria-level=\"1\" data-aria-posinset=\"4\" data-font=\"Symbol\" data-leveltext=\"\uf0b7\" data-list-defn-props=\"{&quot;335552541&quot;:1,&quot;335559685&quot;:720,&quot;335559991&quot;:360,&quot;469769226&quot;:&quot;Symbol&quot;,&quot;469769242&quot;:[8226],&quot;469777803&quot;:&quot;left&quot;,&quot;469777804&quot;:&quot;\uf0b7&quot;,&quot;469777815&quot;:&quot;hybridMultilevel&quot;}\" data-listid=\"1\">B\u00e1o khu v\u1ef1c c\u00f3 camera giao th\u00f4ng.<\/li>\n<\/ul>\n<ul role=\"list\">\n<li role=\"listitem\" aria-setsize=\"-1\" data-aria-level=\"1\" data-aria-posinset=\"5\" data-font=\"Symbol\" data-leveltext=\"\uf0b7\" data-list-defn-props=\"{&quot;335552541&quot;:1,&quot;335559685&quot;:720,&quot;335559991&quot;:360,&quot;469769226&quot;:&quot;Symbol&quot;,&quot;469769242&quot;:[8226],&quot;469777803&quot;:&quot;left&quot;,&quot;469777804&quot;:&quot;\uf0b7&quot;,&quot;469777815&quot;:&quot;hybridMultilevel&quot;}\" data-listid=\"1\">C\u1ea3nh b\u00e1o khu v\u1ef1c th\u01b0\u1eddng xuy\u00ean ki\u1ec3m tra t\u1ed1c \u0111\u1ed9.<\/li>\n<\/ul>\n<p>(V\u00e0 m\u1ed9t s\u1ed1 th\u00f4ng tin c\u1ea3nh b\u00e1o giao th\u00f4ng quan tr\u1ecdng kh\u00e1c)<\/p>\n<p>D\u1eef li\u1ec7u th\u00f4ng tin bi\u1ec3n b\u00e1o giao th\u00f4ng \u0111\u01b0\u1ee3c VIETMAP thu th\u1eadp v\u00e0 c\u1eadp nh\u1eadt th\u01b0\u1eddng xuy\u00ean.<\/p>\n<p><img loading=\"lazy\" decoding=\"async\" class=\"alignnone size-full wp-image-2423\" src=\"https:\/\/autothaiduong.vn\/wp-content\/uploads\/2025\/05\/biggic-r440-4-5e2e7896-871d-4393-8ae3-346d58af7f36.jpg\" width=\"1280\" height=\"604\" srcset=\"https:\/\/autothaiduong.vn\/wp-content\/uploads\/2025\/05\/biggic-r440-4-5e2e7896-871d-4393-8ae3-346d58af7f36.jpg 1280w, https:\/\/autothaiduong.vn\/wp-content\/uploads\/2025\/05\/biggic-r440-4-5e2e7896-871d-4393-8ae3-346d58af7f36-600x283.jpg 600w, https:\/\/autothaiduong.vn\/wp-content\/uploads\/2025\/05\/biggic-r440-4-5e2e7896-871d-4393-8ae3-346d58af7f36-1024x483.jpg 1024w, https:\/\/autothaiduong.vn\/wp-content\/uploads\/2025\/05\/biggic-r440-4-5e2e7896-871d-4393-8ae3-346d58af7f36-768x362.jpg 768w\" sizes=\"auto, (max-width: 1280px) 100vw, 1280px\" \/><\/p>\n<h2>T\u00cdNH N\u0102NG \u0110I\u1ec0U KHI\u1ec2N B\u1eb0NG GI\u1eccNG N\u00d3I<\/h2>\n<p><strong>VIETMAP R440<\/strong>\u00a0h\u1ed7 tr\u1ee3 ng\u01b0\u1eddi l\u00e1i xe ra l\u1ec7nh b\u1eb1ng gi\u1ecdng n\u00f3i v\u1edbi c\u00e1c c\u00e2u l\u1ec7nh th\u00f4ng d\u1ee5ng \u0111\u1ec3 \u0111i\u1ec3u khi\u1ec3n camera m\u00e0 kh\u00f4ng c\u1ea7n thao t\u00e1c tr\u1ef1c ti\u1ebfp tr\u00ean camera trong qu\u00e1 tr\u00ecnh l\u00e1i xe, h\u1ed7 tr\u1ee3 l\u00e1i xe an to\u00e0n an to\u00e0n h\u01a1n. Bao g\u1ed3m c\u00e1c c\u00e2u l\u1ec7nh sau:<\/p>\n<ul role=\"list\">\n<li role=\"listitem\" aria-setsize=\"-1\" data-aria-level=\"1\" data-aria-posinset=\"1\" data-font=\"Symbol\" data-leveltext=\"\uf0b7\" data-list-defn-props=\"{&quot;335552541&quot;:1,&quot;335559685&quot;:720,&quot;335559991&quot;:360,&quot;469769226&quot;:&quot;Symbol&quot;,&quot;469769242&quot;:[8226],&quot;469777803&quot;:&quot;left&quot;,&quot;469777804&quot;:&quot;\uf0b7&quot;,&quot;469777815&quot;:&quot;hybridMultilevel&quot;}\" data-listid=\"2\">L\u01b0u h\u00ecnh \u1ea3nh<\/li>\n<\/ul>\n<ul role=\"list\">\n<li role=\"listitem\" aria-setsize=\"-1\" data-aria-level=\"1\" data-aria-posinset=\"2\" data-font=\"Symbol\" data-leveltext=\"\uf0b7\" data-list-defn-props=\"{&quot;335552541&quot;:1,&quot;335559685&quot;:720,&quot;335559991&quot;:360,&quot;469769226&quot;:&quot;Symbol&quot;,&quot;469769242&quot;:[8226],&quot;469777803&quot;:&quot;left&quot;,&quot;469777804&quot;:&quot;\uf0b7&quot;,&quot;469777815&quot;:&quot;hybridMultilevel&quot;}\" data-listid=\"2\">Ghi h\u00ecnh kh\u1ea9n c\u1ea5p<\/li>\n<\/ul>\n<ul role=\"list\">\n<li role=\"listitem\" aria-setsize=\"-1\" data-aria-level=\"1\" data-aria-posinset=\"3\" data-font=\"Symbol\" data-leveltext=\"\uf0b7\" data-list-defn-props=\"{&quot;335552541&quot;:1,&quot;335559685&quot;:720,&quot;335559991&quot;:360,&quot;469769226&quot;:&quot;Symbol&quot;,&quot;469769242&quot;:[8226],&quot;469777803&quot;:&quot;left&quot;,&quot;469777804&quot;:&quot;\uf0b7&quot;,&quot;469777815&quot;:&quot;hybridMultilevel&quot;}\" data-listid=\"2\">M\u1edf ghi \u00e2m<\/li>\n<\/ul>\n<ul role=\"list\">\n<li role=\"listitem\" aria-setsize=\"-1\" data-aria-level=\"1\" data-aria-posinset=\"4\" data-font=\"Symbol\" data-leveltext=\"\uf0b7\" data-list-defn-props=\"{&quot;335552541&quot;:1,&quot;335559685&quot;:720,&quot;335559991&quot;:360,&quot;469769226&quot;:&quot;Symbol&quot;,&quot;469769242&quot;:[8226],&quot;469777803&quot;:&quot;left&quot;,&quot;469777804&quot;:&quot;\uf0b7&quot;,&quot;469777815&quot;:&quot;hybridMultilevel&quot;}\" data-listid=\"2\">T\u1eaft ghi \u00e2m<\/li>\n<\/ul>\n<ul role=\"list\">\n<li role=\"listitem\" aria-setsize=\"-1\" data-aria-level=\"1\" data-aria-posinset=\"5\" data-font=\"Symbol\" data-leveltext=\"\uf0b7\" data-list-defn-props=\"{&quot;335552541&quot;:1,&quot;335559685&quot;:720,&quot;335559991&quot;:360,&quot;469769226&quot;:&quot;Symbol&quot;,&quot;469769242&quot;:[8226],&quot;469777803&quot;:&quot;left&quot;,&quot;469777804&quot;:&quot;\uf0b7&quot;,&quot;469777815&quot;:&quot;hybridMultilevel&quot;}\" data-listid=\"2\">M\u1edf camera tr\u01b0\u1edbc<\/li>\n<\/ul>\n<ul role=\"list\">\n<li role=\"listitem\" aria-setsize=\"-1\" data-aria-level=\"1\" data-aria-posinset=\"6\" data-font=\"Symbol\" data-leveltext=\"\uf0b7\" data-list-defn-props=\"{&quot;335552541&quot;:1,&quot;335559685&quot;:720,&quot;335559991&quot;:360,&quot;469769226&quot;:&quot;Symbol&quot;,&quot;469769242&quot;:[8226],&quot;469777803&quot;:&quot;left&quot;,&quot;469777804&quot;:&quot;\uf0b7&quot;,&quot;469777815&quot;:&quot;hybridMultilevel&quot;}\" data-listid=\"2\">M\u1edf camera sau<\/li>\n<\/ul>\n<ul role=\"list\">\n<li role=\"listitem\" aria-setsize=\"-1\" data-aria-level=\"1\" data-aria-posinset=\"7\" data-font=\"Symbol\" data-leveltext=\"\uf0b7\" data-list-defn-props=\"{&quot;335552541&quot;:1,&quot;335559685&quot;:720,&quot;335559991&quot;:360,&quot;469769226&quot;:&quot;Symbol&quot;,&quot;469769242&quot;:[8226],&quot;469777803&quot;:&quot;left&quot;,&quot;469777804&quot;:&quot;\uf0b7&quot;,&quot;469777815&quot;:&quot;hybridMultilevel&quot;}\" data-listid=\"2\">M\u1edf Wifi<\/li>\n<\/ul>\n<ul role=\"list\">\n<li role=\"listitem\" aria-setsize=\"-1\" data-aria-level=\"1\" data-aria-posinset=\"8\" data-font=\"Symbol\" data-leveltext=\"\uf0b7\" data-list-defn-props=\"{&quot;335552541&quot;:1,&quot;335559685&quot;:720,&quot;335559991&quot;:360,&quot;469769226&quot;:&quot;Symbol&quot;,&quot;469769242&quot;:[8226],&quot;469777803&quot;:&quot;left&quot;,&quot;469777804&quot;:&quot;\uf0b7&quot;,&quot;469777815&quot;:&quot;hybridMultilevel&quot;}\" data-listid=\"2\">T\u1eaft Wifi<\/li>\n<\/ul>\n<ul role=\"list\">\n<li role=\"listitem\" aria-setsize=\"-1\" data-aria-level=\"1\" data-aria-posinset=\"9\" data-font=\"Symbol\" data-leveltext=\"\uf0b7\" data-list-defn-props=\"{&quot;335552541&quot;:1,&quot;335559685&quot;:720,&quot;335559991&quot;:360,&quot;469769226&quot;:&quot;Symbol&quot;,&quot;469769242&quot;:[8226],&quot;469777803&quot;:&quot;left&quot;,&quot;469777804&quot;:&quot;\uf0b7&quot;,&quot;469777815&quot;:&quot;hybridMultilevel&quot;}\" data-listid=\"2\">M\u1edf m\u00e0n h\u00ecnh<\/li>\n<\/ul>\n<ul role=\"list\">\n<li role=\"listitem\" aria-setsize=\"-1\" data-aria-level=\"1\" data-aria-posinset=\"10\" data-font=\"Symbol\" data-leveltext=\"\uf0b7\" data-list-defn-props=\"{&quot;335552541&quot;:1,&quot;335559685&quot;:720,&quot;335559991&quot;:360,&quot;469769226&quot;:&quot;Symbol&quot;,&quot;469769242&quot;:[8226],&quot;469777803&quot;:&quot;left&quot;,&quot;469777804&quot;:&quot;\uf0b7&quot;,&quot;469777815&quot;:&quot;hybridMultilevel&quot;}\" data-listid=\"2\">T\u1eaft m\u00e0n h\u00ecnh<\/li>\n<\/ul>\n<p><img loading=\"lazy\" decoding=\"async\" class=\"alignnone size-full wp-image-2424\" src=\"https:\/\/autothaiduong.vn\/wp-content\/uploads\/2025\/05\/biggic-r440-5.jpg\" width=\"1280\" height=\"604\" srcset=\"https:\/\/autothaiduong.vn\/wp-content\/uploads\/2025\/05\/biggic-r440-5.jpg 1280w, https:\/\/autothaiduong.vn\/wp-content\/uploads\/2025\/05\/biggic-r440-5-600x283.jpg 600w, https:\/\/autothaiduong.vn\/wp-content\/uploads\/2025\/05\/biggic-r440-5-1024x483.jpg 1024w, https:\/\/autothaiduong.vn\/wp-content\/uploads\/2025\/05\/biggic-r440-5-768x362.jpg 768w\" sizes=\"auto, (max-width: 1280px) 100vw, 1280px\" \/><\/p>\n<h2>K\u1ebeT N\u1ed0I VIETMAP REC D\u1ec4 D\u00c0NG \u2013 TR\u00cdCH XU\u1ea4T D\u1eee LI\u1ec6U NHANH CH\u00d3NG TI\u1ec6N L\u1ee2I<\/h2>\n<p><strong>VIETMAP R440<\/strong>\u00a0\u0111\u01b0\u1ee3c trang b\u1ecb Wi-Fi 6 truy\u1ec1n v\u00e0 t\u1ea3i d\u1eef li\u1ec7u nhanh ch\u00f3ng g\u1ea5p 3 l\u1ea7n \u1edf b\u0103ng t\u1ea7n 2.4Ghz.<\/p>\n<p>\u0110\u1ed3ng th\u1eddi k\u1ebft n\u1ed1i v\u1edbi VIETMAP REC, gi\u00fap vi\u1ec7c xem l\u1ea1i, tr\u00edch xu\u1ea5t video tr\u1ef1c ti\u1ebfp nhanh ch\u00f3ng v\u00e0 ti\u1ec7n l\u1ee3i.<\/p>\n<p><img loading=\"lazy\" decoding=\"async\" class=\"alignnone size-full wp-image-2425\" src=\"https:\/\/autothaiduong.vn\/wp-content\/uploads\/2025\/05\/biggic-r440-6.jpg\" width=\"1280\" height=\"604\" srcset=\"https:\/\/autothaiduong.vn\/wp-content\/uploads\/2025\/05\/biggic-r440-6.jpg 1280w, https:\/\/autothaiduong.vn\/wp-content\/uploads\/2025\/05\/biggic-r440-6-600x283.jpg 600w, https:\/\/autothaiduong.vn\/wp-content\/uploads\/2025\/05\/biggic-r440-6-1024x483.jpg 1024w, https:\/\/autothaiduong.vn\/wp-content\/uploads\/2025\/05\/biggic-r440-6-768x362.jpg 768w\" sizes=\"auto, (max-width: 1280px) 100vw, 1280px\" \/><\/p>\n<h2>CAMERA SAU H\u1ed6 TR\u1ee2 L\u00d9I XE<\/h2>\n<p><strong>Camera sau thi\u1ebft k\u1ebf ch\u1ed1ng n\u01b0\u1edbc:<\/strong>\u00a0ghi h\u00ecnh to\u00e0n c\u1ea3nh h\u00e0nh tr\u00ecnh ph\u00eda sau xe v\u00e0 khi v\u1ec1 s\u1ed1 R s\u1ebd t\u1ef1 \u0111\u1ed9ng hi\u1ec3n th\u1ecb th\u01b0\u1edbc de tr\u00ean m\u00e0n h\u00ecnh<\/p>\n<p><img loading=\"lazy\" decoding=\"async\" class=\"alignnone size-full wp-image-2426\" src=\"https:\/\/autothaiduong.vn\/wp-content\/uploads\/2025\/05\/biggic-r440-7.jpg\" width=\"1280\" height=\"604\" srcset=\"https:\/\/autothaiduong.vn\/wp-content\/uploads\/2025\/05\/biggic-r440-7.jpg 1280w, https:\/\/autothaiduong.vn\/wp-content\/uploads\/2025\/05\/biggic-r440-7-600x283.jpg 600w, https:\/\/autothaiduong.vn\/wp-content\/uploads\/2025\/05\/biggic-r440-7-1024x483.jpg 1024w, https:\/\/autothaiduong.vn\/wp-content\/uploads\/2025\/05\/biggic-r440-7-768x362.jpg 768w\" sizes=\"auto, (max-width: 1280px) 100vw, 1280px\" \/><\/p>\n<h2>GHI H\u00ccNH \u0110\u1ed6 XE TH\u00d4NG MINH V\u1edaI NGU\u1ed2N TR\u1ef0C TI\u1ebeP (MUA TH\u00caM)<\/h2>\n<p><strong>VIETMAP R440<\/strong>\u00a0h\u1ed7 tr\u1ee3 t\u00ednh n\u0103ng ghi h\u00ecnh \u0111\u1ed7 xe:<\/p>\n<ul role=\"list\">\n<li role=\"listitem\" aria-setsize=\"-1\" data-aria-level=\"1\" data-aria-posinset=\"1\" data-font=\"Symbol\" data-leveltext=\"\uf0b7\" data-list-defn-props=\"{&quot;335552541&quot;:1,&quot;335559685&quot;:720,&quot;335559991&quot;:360,&quot;469769226&quot;:&quot;Symbol&quot;,&quot;469769242&quot;:[8226],&quot;469777803&quot;:&quot;left&quot;,&quot;469777804&quot;:&quot;\uf0b7&quot;,&quot;469777815&quot;:&quot;hybridMultilevel&quot;}\" data-listid=\"3\">Ghi h\u00ecnh \u0111\u1ed7 xe va ch\u1ea1m: Camera t\u1ef1 \u0111\u1ed9ng ghi l\u1ea1i m\u1ecdi va ch\u1ea1m x\u1ea3y ra khi xe \u0111ang \u0111\u1ed7.<\/li>\n<\/ul>\n<ul role=\"list\">\n<li role=\"listitem\" aria-setsize=\"-1\" data-aria-level=\"1\" data-aria-posinset=\"2\" data-font=\"Symbol\" data-leveltext=\"\uf0b7\" data-list-defn-props=\"{&quot;335552541&quot;:1,&quot;335559685&quot;:720,&quot;335559991&quot;:360,&quot;469769226&quot;:&quot;Symbol&quot;,&quot;469769242&quot;:[8226],&quot;469777803&quot;:&quot;left&quot;,&quot;469777804&quot;:&quot;\uf0b7&quot;,&quot;469777815&quot;:&quot;hybridMultilevel&quot;}\" data-listid=\"3\">Ghi h\u00ecnh \u0111\u1ed7 xe Time-lapse: Ch\u1ebf \u0111\u1ed9 ghi h\u00ecnh tua nhanh gi\u00fap ti\u1ebft ki\u1ec7m dung l\u01b0\u1ee3ng b\u1ed9 nh\u1edb.<\/li>\n<\/ul>\n<h2>B\u1ea2O H\u00c0NH V\u00c0 H\u1eacU M\u00c3I<\/h2>\n<p><strong>VIETMAP R440<\/strong>\u00a0c\u00f3 th\u1eddi gian b\u1ea3o h\u00e0nh s\u1ea3n ph\u1ea9m ph\u1ea7n c\u1ee9ng 12 th\u00e1ng, 1 \u0111\u1ed5i 1 trong 30 ng\u00e0y \u0111\u1ea7u.<br \/>\n* K\u00edch ho\u1ea1t b\u1ea3o h\u00e0nh \u0111i\u1ec7n t\u1eed \u0111\u1ec3 b\u1ea3o v\u1ec7 quy\u1ec1n l\u1ee3i c\u1ee7a kh\u00e1ch h\u00e0ng.<\/p>\n<\/div>\n<\/div>\n<\/section>\n<section class=\"product-especially\">\n<div class=\"container\">\n<div class=\"rte\"><\/div>\n<\/div>\n<\/section>\n<section id=\"pro_specifications\" class=\"product-specifications\">\n<div class=\"container\">\n<h2>Th\u00f4ng s\u1ed1 k\u1ef9 thu\u1eadt<\/h2>\n<div class=\"row\">\n<div class=\"col-lg-6 col-md-12 col-sm-12 col-12\">\n<h3>K\u00edch th\u01b0\u1edbc s\u1ea3n ph\u1ea9m<\/h3>\n<\/div>\n<div class=\"col-lg-6 col-md-12 col-sm-12 col-12\">\n<div class=\"rte\">\n<p><img loading=\"lazy\" decoding=\"async\" class=\"alignnone size-full wp-image-2427\" src=\"https:\/\/autothaiduong.vn\/wp-content\/uploads\/2025\/05\/size-r440.png\" width=\"590\" height=\"450\" \/><\/p>\n<table border=\"1\">\n<tbody>\n<tr>\n<td data-celllook=\"0\">\u0110\u1ed9 ph\u00e2n gi\u1ea3i ghi h\u00ecnh<\/td>\n<td data-celllook=\"0\">Camera tr\u01b0\u1edbc 4K | Camera sau Full HD<\/td>\n<\/tr>\n<tr>\n<td data-celllook=\"0\">\u1ed0ng k\u00ednh<\/td>\n<td data-celllook=\"0\">Camera tr\u01b0\u1edbc 150 \u00b0 | Camera sau 150 \u00b0<\/td>\n<\/tr>\n<tr>\n<td data-celllook=\"0\">WDR<\/td>\n<td data-celllook=\"0\">C\u00f3<\/td>\n<\/tr>\n<tr>\n<td data-celllook=\"0\">M\u00e0n h\u00ecnh c\u1ea3m \u1ee9ng<\/td>\n<td data-celllook=\"0\">IPS 9.66\u201d<\/td>\n<\/tr>\n<tr>\n<td data-celllook=\"0\">C\u1ea3nh b\u00e1o bi\u1ec3n b\u00e1o giao th\u00f4ng<\/td>\n<td data-celllook=\"0\">C\u00f3<\/td>\n<\/tr>\n<tr>\n<td data-celllook=\"0\">Ra l\u1ec7nh b\u1eb1ng gi\u1ecdng n\u00f3i<\/td>\n<td data-celllook=\"0\">C\u00f3<\/td>\n<\/tr>\n<tr>\n<td data-celllook=\"0\">WiFi truy\u1ec1n d\u1eef li\u1ec7u<\/td>\n<td data-celllook=\"0\">WIFI 6 | 2.4Ghz<\/td>\n<\/tr>\n<tr>\n<td data-celllook=\"0\">GPS<\/td>\n<td data-celllook=\"0\">C\u00f3<\/td>\n<\/tr>\n<tr>\n<td data-celllook=\"0\">G-Sensor<\/td>\n<td data-celllook=\"0\">C\u00f3<\/td>\n<\/tr>\n<tr>\n<td data-celllook=\"0\">Pin<\/td>\n<td data-celllook=\"0\">Si\u00eau t\u1ee5 \u0111i\u1ec7n<\/td>\n<\/tr>\n<tr>\n<td data-celllook=\"0\">H\u1ed7 tr\u1ee3 th\u1ebb nh\u1edb t\u1ed1i \u0111a<\/td>\n<td data-celllook=\"0\">128GB<\/td>\n<\/tr>\n<tr>\n<td data-celllook=\"0\">\u0110\u1ecbnh d\u1ea1ng video<\/td>\n<td data-celllook=\"0\">MP4<\/td>\n<\/tr>\n<tr>\n<td data-celllook=\"0\">Chu\u1ea9n n\u00e9n video<\/td>\n<td data-celllook=\"0\">H.265<\/td>\n<\/tr>\n<tr>\n<td data-celllook=\"0\">C\u1ed5ng ngu\u1ed3n<\/td>\n<td data-celllook=\"0\">Type C<\/td>\n<\/tr>\n<tr>\n<td data-celllook=\"0\">\u1ee8ng d\u1ee5ng k\u1ebft n\u1ed1i<\/td>\n<td data-celllook=\"0\">VIETMAP REC<\/td>\n<\/tr>\n<tr>\n<td data-celllook=\"0\">Camera sau ch\u1ed1ng n\u01b0\u1edbc<\/td>\n<td data-celllook=\"0\">C\u00f3<\/td>\n<\/tr>\n<tr>\n<td data-celllook=\"0\">Camera sau h\u1ed7 tr\u1ee3 l\u00f9i xe<\/td>\n<td data-celllook=\"0\">C\u00f3<\/td>\n<\/tr>\n<tr>\n<td data-celllook=\"0\">Ghi h\u00ecnh \u0111\u1ed7 xe<\/td>\n<td data-celllook=\"0\">H\u1ed7 tr\u1ee3 (Mua th\u00eam b\u1ed9 ngu\u1ed3n tr\u1ef1c ti\u1ebfp)<\/td>\n<\/tr>\n<\/tbody>\n<\/table>\n<\/div>\n<\/div>\n<\/div>\n<\/div>\n<\/section>\n","protected":false},"excerpt":{"rendered":"<p><em><strong>Auto Th\u00e1i D\u01b0\u01a1ng- \u0110\u1ea1i L\u00ed Ch\u00ednh H\u00e3ng VietMap T\u1ea1i TP.B\u1ea3o L\u1ed9c<\/strong><\/em><\/p>\n<p><em><strong>\u0110\u1ecba Ch\u1ec9: 273-275 Tr\u1ea7n Ph\u00fa Ph\u01b0\u1eddng L\u1ed9c S\u01a1n Th\u00e0nh Ph\u1ed1 B\u1ea3o L\u1ed9c T\u1ec9nh L\u00e2m \u0110\u1ed3ng <\/strong><\/em><\/p>\n<p><em><strong>Hotline: 0912197441<\/strong><\/em><\/p>\n","protected":false},"featured_media":2408,"comment_status":"open","ping_status":"closed","template":"","meta":[],"product_brand":[84],"product_cat":[76],"product_tag":[],"class_list":{"0":"post-2407","1":"product","2":"type-product","3":"status-publish","4":"has-post-thumbnail","6":"product_brand-vietmap","7":"product_cat-camera-hanh-trinh","9":"first","10":"instock","11":"shipping-taxable","12":"purchasable","13":"product-type-simple"},"_links":{"self":[{"href":"https:\/\/autothaiduong.vn\/index.php?rest_route=\/wp\/v2\/product\/2407","targetHints":{"allow":["GET"]}}],"collection":[{"href":"https:\/\/autothaiduong.vn\/index.php?rest_route=\/wp\/v2\/product"}],"about":[{"href":"https:\/\/autothaiduong.vn\/index.php?rest_route=\/wp\/v2\/types\/product"}],"replies":[{"embeddable":true,"href":"https:\/\/autothaiduong.vn\/index.php?rest_route=%2Fwp%2Fv2%2Fcomments&post=2407"}],"wp:featuredmedia":[{"embeddable":true,"href":"https:\/\/autothaiduong.vn\/index.php?rest_route=\/wp\/v2\/media\/2408"}],"wp:attachment":[{"href":"https:\/\/autothaiduong.vn\/index.php?rest_route=%2Fwp%2Fv2%2Fmedia&parent=2407"}],"wp:term":[{"taxonomy":"product_brand","embeddable":true,"href":"https:\/\/autothaiduong.vn\/index.php?rest_route=%2Fwp%2Fv2%2Fproduct_brand&post=2407"},{"taxonomy":"product_cat","embeddable":true,"href":"https:\/\/autothaiduong.vn\/index.php?rest_route=%2Fwp%2Fv2%2Fproduct_cat&post=2407"},{"taxonomy":"product_tag","embeddable":true,"href":"https:\/\/autothaiduong.vn\/index.php?rest_route=%2Fwp%2Fv2%2Fproduct_tag&post=2407"}],"curies":[{"name":"wp","href":"https:\/\/api.w.org\/{rel}","templated":true}]}}