{"id":2428,"date":"2025-05-18T14:10:30","date_gmt":"2025-05-18T14:10:30","guid":{"rendered":"https:\/\/autothaiduong.vn\/?post_type=product&#038;p=2428"},"modified":"2025-05-18T14:11:40","modified_gmt":"2025-05-18T14:11:40","slug":"vietmap-s860-truoc-sau","status":"publish","type":"product","link":"https:\/\/autothaiduong.vn\/?product=vietmap-s860-truoc-sau","title":{"rendered":"VIETMAP S860 Tr\u01b0\u1edbc + Sau"},"content":{"rendered":"<p><img loading=\"lazy\" decoding=\"async\" class=\" wp-image-2122 aligncenter\" src=\"https:\/\/autothaiduong.vn\/wp-content\/uploads\/2025\/05\/z6584734442481_f208f5944548cb4b46353402ce2e64e0-3.jpg\" alt=\"\" width=\"258\" height=\"229\" \/><\/p>\n<p style=\"text-align: center;\"><span style=\"font-size: 140%;\"><strong><span style=\"color: #ff0000;\">\u0110\u1ecba Ch\u1ec9: 273-275 Tr\u1ea7n Ph\u00fa Ph\u01b0\u1eddng L\u1ed9c S\u01a1n Th\u00e0nh Ph\u1ed1 B\u1ea3o L\u1ed9c T\u1ec9nh L\u00e2m \u0110\u1ed3ng <\/span><\/strong><\/span><\/p>\n<p style=\"text-align: center;\"><span style=\"font-size: 140%;\"><strong><span style=\"color: #ff0000;\">Hotline: 0912197441<\/span><\/strong><\/span><\/p>\n<section id=\"pro_function\" class=\"product-function\">\n<div class=\"container\">\n<h2>T\u00ednh n\u0103ng n\u1ed5i b\u1eadt<\/h2>\n<div class=\"row\">\n<div class=\"col-lg-3 col-md-6 col-sm-6 col-6 function-item\">\n<p><img loading=\"lazy\" decoding=\"async\" class=\"alignnone size-full wp-image-2433\" src=\"https:\/\/autothaiduong.vn\/wp-content\/uploads\/2025\/05\/pro_func_5-1.png\" alt=\"C\u1ea3nh b\u00e1o t\u1ed1c \u0111\u1ed9 gi\u1edbi h\u1ea1n\" width=\"64\" height=\"64\" \/><\/p>\n<h3>C\u1ea3nh b\u00e1o t\u1ed1c \u0111\u1ed9 gi\u1edbi h\u1ea1n<\/h3>\n<p>D\u1eef li\u1ec7u chi ti\u1ebft to\u00e0n qu\u1ed1c<\/p>\n<\/div>\n<div class=\"col-lg-3 col-md-6 col-sm-6 col-6 function-item\">\n<p><img loading=\"lazy\" decoding=\"async\" class=\"alignnone size-full wp-image-2434\" src=\"https:\/\/autothaiduong.vn\/wp-content\/uploads\/2025\/05\/pro_func_8-1.png\" alt=\"Pin si\u00eau t\u1ee5 \u0111i\u1ec7n\" width=\"64\" height=\"64\" \/><\/p>\n<h3>Pin si\u00eau t\u1ee5 \u0111i\u1ec7n<\/h3>\n<p>N\u00e2ng cao tu\u1ed5i th\u1ecd ho\u1ea1t \u0111\u1ed9ng b\u1ec1n b\u1ec9<\/p>\n<\/div>\n<div class=\"col-lg-3 col-md-6 col-sm-6 col-6 function-item\">\n<p><img loading=\"lazy\" decoding=\"async\" class=\"alignnone size-full wp-image-2435\" src=\"https:\/\/autothaiduong.vn\/wp-content\/uploads\/2025\/05\/pro_func_12.png\" alt=\"C\u1ea3m bi\u1ebfn G-Sensor\" width=\"64\" height=\"64\" \/><\/p>\n<h3>C\u1ea3m bi\u1ebfn G-Sensor<\/h3>\n<p>B\u1ea3o v\u1ec7 video khi c\u00f3 va ch\u1ea1m<\/p>\n<\/div>\n<div class=\"col-lg-3 col-md-6 col-sm-6 col-6 function-item\">\n<p><img loading=\"lazy\" decoding=\"async\" class=\"alignnone size-full wp-image-2436\" src=\"https:\/\/autothaiduong.vn\/wp-content\/uploads\/2025\/05\/pro_func_13.png\" alt=\"K\u1ebft n\u1ed1i WIFI 5Ghz\" width=\"64\" height=\"64\" \/><\/p>\n<h3>K\u1ebft n\u1ed1i WIFI 5Ghz<\/h3>\n<p>Xem &amp; T\u1ea3i Video tr\u1ef1c ti\u1ebfp t\u1eeb thi\u1ebft b\u1ecb nhanh ch\u00f3ng<\/p>\n<\/div>\n<div class=\"col-lg-3 col-md-6 col-sm-6 col-6 function-item\">\n<p><img loading=\"lazy\" decoding=\"async\" class=\"alignnone size-full wp-image-2437\" src=\"https:\/\/autothaiduong.vn\/wp-content\/uploads\/2025\/05\/pro_func_18.png\" alt=\"Ghi h\u00ecnh k\u00e9p\" width=\"65\" height=\"65\" \/><\/p>\n<h3>Ghi h\u00ecnh k\u00e9p<\/h3>\n<p>Ch\u1ea5t l\u01b0\u1ee3ng h\u00ecnh \u1ea3nh 3K &amp; Full HD<\/p>\n<\/div>\n<div class=\"col-lg-3 col-md-6 col-sm-6 col-6 function-item\">\n<p><img loading=\"lazy\" decoding=\"async\" class=\"alignnone size-full wp-image-2438\" src=\"https:\/\/autothaiduong.vn\/wp-content\/uploads\/2025\/05\/pro_func_58-1.png\" alt=\"\u0110i\u1ec1u khi\u1ec3n b\u1eb1ng gi\u1ecdng n\u00f3i\" width=\"63\" height=\"63\" \/><\/p>\n<h3>\u0110i\u1ec1u khi\u1ec3n b\u1eb1ng gi\u1ecdng n\u00f3i<\/h3>\n<p>Ti\u1ec7n l\u1ee3i r\u1ea3nh tay<\/p>\n<\/div>\n<div class=\"col-lg-3 col-md-6 col-sm-6 col-6 function-item\">\n<p><img loading=\"lazy\" decoding=\"async\" class=\"alignnone size-full wp-image-2439\" src=\"https:\/\/autothaiduong.vn\/wp-content\/uploads\/2025\/05\/pro_func_60.png\" alt=\"C\u1ea3m bi\u1ebfn h\u00ecnh \u1ea3nh Sony Starvis 2 IMX675\" width=\"65\" height=\"65\" \/><\/p>\n<h3>C\u1ea3m bi\u1ebfn h\u00ecnh \u1ea3nh Sony Starvis 2 IMX675<\/h3>\n<p>&nbsp;<\/p>\n<\/div>\n<div class=\"col-lg-3 col-md-6 col-sm-6 col-6 function-item\">\n<p><img loading=\"lazy\" decoding=\"async\" class=\"alignnone size-full wp-image-2440\" src=\"https:\/\/autothaiduong.vn\/wp-content\/uploads\/2025\/05\/pro_func_64-1.png\" alt=\"Ghi h\u00ecnh \u0111\u1ed7 xe\" width=\"65\" height=\"65\" \/><\/p>\n<h3>Ghi h\u00ecnh \u0111\u1ed7 xe<\/h3>\n<p>Ghi h\u00ecnh Time-lapse 24\/24<\/p>\n<\/div>\n<\/div>\n<\/div>\n<\/section>\n<section class=\"product-especially\">\n<div class=\"container\">\n<div class=\"rte\">\n<p><img loading=\"lazy\" decoding=\"async\" class=\"alignnone size-full wp-image-2441\" src=\"https:\/\/autothaiduong.vn\/wp-content\/uploads\/2025\/05\/biggic-s860-1.jpg\" width=\"1280\" height=\"604\" srcset=\"https:\/\/autothaiduong.vn\/wp-content\/uploads\/2025\/05\/biggic-s860-1.jpg 1280w, https:\/\/autothaiduong.vn\/wp-content\/uploads\/2025\/05\/biggic-s860-1-600x283.jpg 600w, https:\/\/autothaiduong.vn\/wp-content\/uploads\/2025\/05\/biggic-s860-1-1024x483.jpg 1024w, https:\/\/autothaiduong.vn\/wp-content\/uploads\/2025\/05\/biggic-s860-1-768x362.jpg 768w\" sizes=\"auto, (max-width: 1280px) 100vw, 1280px\" \/><\/p>\n<p>&nbsp;<\/p>\n<h2>CAMERA GHI H\u00ccNH K\u00c9P TO\u00c0N C\u1ea2NH TR\u01af\u1edaC &amp; SAU<\/h2>\n<p><strong>VIETMAP S860<\/strong>\u00a0v\u1edbi camera \u0111\u01b0\u1ee3c n\u00e2ng c\u1ea5p t\u1eeb 2K 1440p l\u00ean \u0111\u1ed9 ph\u00e2n gi\u1ea3i 3K 1944p si\u00eau n\u00e9t k\u1ebft h\u1ee3p c\u00f9ng camera sau Full HD 1080p ghi l\u1ea1i chi ti\u1ebft to\u00e0n b\u1ed9 h\u00e0nh tr\u00ecnh tr\u01b0\u1edbc &amp; sau xe c\u00f9ng v\u1edbi th\u00f4ng tin t\u1ecda \u0111\u1ed9 v\u00e0 t\u1ed1c \u0111\u1ed9.<\/p>\n<p><img loading=\"lazy\" decoding=\"async\" class=\"alignnone size-full wp-image-2442\" src=\"https:\/\/autothaiduong.vn\/wp-content\/uploads\/2025\/05\/biggic-s860-2.jpg\" width=\"1280\" height=\"604\" srcset=\"https:\/\/autothaiduong.vn\/wp-content\/uploads\/2025\/05\/biggic-s860-2.jpg 1280w, https:\/\/autothaiduong.vn\/wp-content\/uploads\/2025\/05\/biggic-s860-2-600x283.jpg 600w, https:\/\/autothaiduong.vn\/wp-content\/uploads\/2025\/05\/biggic-s860-2-1024x483.jpg 1024w, https:\/\/autothaiduong.vn\/wp-content\/uploads\/2025\/05\/biggic-s860-2-768x362.jpg 768w\" sizes=\"auto, (max-width: 1280px) 100vw, 1280px\" \/><\/p>\n<p>&nbsp;<\/p>\n<h2>C\u1ea2M BI\u1ebeN SONY GHI H\u00ccNH \u0110\u00caM N\u00c9T<\/h2>\n<p><strong>VIETMAP S860<\/strong>\u00a0\u0111\u01b0\u1ee3c t\u00edch h\u1ee3p c\u1ea3i ti\u1ebfn v\u1edbi c\u1ea3m bi\u1ebfn h\u00ecnh \u1ea3nh Sony Starvis th\u1ebf h\u1ec7 2 IMX675 ghi h\u00ecnh video si\u00eau r\u00f5 n\u00e9t v\u1edbi \u0111\u1ed9 ph\u00e2n gi\u1ea3i 3K k\u00eanh tr\u01b0\u1edbc v\u00e0 Full HD k\u00eanh sau ch\u1ea5t l\u01b0\u1ee3ng h\u00ecnh \u1ea3nh c\u1ef1c r\u00f5 trong \u0111i\u1ec1u ki\u1ec7n m\u00f4i tr\u01b0\u1eddng \u00e1nh s\u00e1ng y\u1ebfu ho\u1eb7c ban \u0111\u00eam.<\/p>\n<p>C\u1ea3m bi\u1ebfn \u1ea3nh<strong>\u00a0Sony Starvis 2<\/strong>\u00a0k\u1ebft h\u1ee3p v\u1edbi c\u00f4ng ngh\u1ec7 h\u00ecnh \u1ea3nh WDR (Wide Dynamic Range) c\u00f3 th\u1ec3 t\u1ef1 \u0111\u1ed9ng \u0111i\u1ec1u ch\u1ec9nh c\u00e2n b\u1eb1ng s\u00e1ng t\u00f9y thu\u1ed9c m\u00f4i tr\u01b0\u1eddng \u00e1nh s\u00e1ng c\u1ef1c y\u1ebfu, gi\u00fap h\u00ecnh \u1ea3nh r\u00f5 n\u00e9t.<\/p>\n<p><img loading=\"lazy\" decoding=\"async\" class=\"alignnone size-full wp-image-2443\" src=\"https:\/\/autothaiduong.vn\/wp-content\/uploads\/2025\/05\/biggic-s860-3.jpg\" width=\"1280\" height=\"604\" srcset=\"https:\/\/autothaiduong.vn\/wp-content\/uploads\/2025\/05\/biggic-s860-3.jpg 1280w, https:\/\/autothaiduong.vn\/wp-content\/uploads\/2025\/05\/biggic-s860-3-600x283.jpg 600w, https:\/\/autothaiduong.vn\/wp-content\/uploads\/2025\/05\/biggic-s860-3-1024x483.jpg 1024w, https:\/\/autothaiduong.vn\/wp-content\/uploads\/2025\/05\/biggic-s860-3-768x362.jpg 768w\" sizes=\"auto, (max-width: 1280px) 100vw, 1280px\" \/><\/p>\n<p>&nbsp;<\/p>\n<h2>C\u1ea2NH B\u00c1O BI\u1ec2N GIAO TH\u00d4NG B\u1eb0NG GI\u1eccNG N\u00d3I<\/h2>\n<p><strong>VIETMAP S860<\/strong>\u00a0v\u1edbi t\u00ednh n\u0103ng c\u1ea3nh b\u00e1o th\u00f4ng tin giao th\u00f4ng b\u1eb1ng gi\u1ecdng n\u00f3i tr\u00ean to\u00e0n qu\u1ed1c:<\/p>\n<ul>\n<li>C\u1ea3nh b\u00e1o bi\u1ec3n b\u00e1o gi\u1edbi h\u1ea1n t\u1ed1c \u0111\u1ed9.<\/li>\n<li>C\u1ea3nh b\u00e1o v\u00e0o v\u00e0 ra kh\u1ecfi khu d\u00e2n c\u01b0.<\/li>\n<li>C\u1ea3nh b\u00e1o bi\u1ec3n b\u00e1o c\u1ea5m v\u01b0\u1ee3t\/ h\u1ebft c\u1ea5m v\u01b0\u1ee3t.<\/li>\n<li>B\u00e1o khu v\u1ef1c c\u00f3 camera giao th\u00f4ng.<\/li>\n<li>C\u1ea3nh b\u00e1o khu v\u1ef1c th\u01b0\u1eddng xuy\u00ean ki\u1ec3m tra t\u1ed1c \u0111\u1ed9.<\/li>\n<\/ul>\n<p>(V\u00e0 m\u1ed9t s\u1ed1 th\u00f4ng tin c\u1ea3nh b\u00e1o giao th\u00f4ng quan tr\u1ecdng kh\u00e1c)<\/p>\n<p>D\u1eef li\u1ec7u th\u00f4ng tin bi\u1ec3n b\u00e1o giao th\u00f4ng \u0111\u01b0\u1ee3c VIETMAP thu th\u1eadp v\u00e0 c\u1eadp nh\u1eadt th\u01b0\u1eddng xuy\u00ean.<\/p>\n<p><img loading=\"lazy\" decoding=\"async\" class=\"alignnone size-full wp-image-2444\" src=\"https:\/\/autothaiduong.vn\/wp-content\/uploads\/2025\/05\/biggic-s860-4.jpg\" width=\"1280\" height=\"604\" srcset=\"https:\/\/autothaiduong.vn\/wp-content\/uploads\/2025\/05\/biggic-s860-4.jpg 1280w, https:\/\/autothaiduong.vn\/wp-content\/uploads\/2025\/05\/biggic-s860-4-600x283.jpg 600w, https:\/\/autothaiduong.vn\/wp-content\/uploads\/2025\/05\/biggic-s860-4-1024x483.jpg 1024w, https:\/\/autothaiduong.vn\/wp-content\/uploads\/2025\/05\/biggic-s860-4-768x362.jpg 768w\" sizes=\"auto, (max-width: 1280px) 100vw, 1280px\" \/><\/p>\n<p>&nbsp;<\/p>\n<h2>T\u00cdNH N\u0102NG \u0110I\u1ec0U KHI\u1ec2N B\u1eb0NG GI\u1eccNG N\u00d3I<\/h2>\n<p><strong>VIETMAP S860\u00a0<\/strong>h\u1ed7 tr\u1ee3 ng\u01b0\u1eddi l\u00e1i xe ra l\u1ec7nh b\u1eb1ng gi\u1ecdng n\u00f3i v\u1edbi c\u00e1c c\u00e2u l\u1ec7nh th\u00f4ng d\u1ee5ng \u0111\u1ec3 \u0111i\u1ec3u khi\u1ec3n Camera m\u00e0 kh\u00f4ng c\u1ea7n thao t\u00e1c tr\u1ef1c ti\u1ebfp tr\u00ean camera trong qu\u00e1 tr\u00ecnh l\u00e1i xe, h\u1ed7 tr\u1ee3 l\u00e1i xe an to\u00e0n an to\u00e0n h\u01a1n. Bao g\u1ed3m c\u00e1c c\u00e2u l\u1ec7nh sau:<\/p>\n<ul>\n<li>L\u01b0u h\u00ecnh \u1ea3nh<\/li>\n<li>Ghi h\u00ecnh kh\u1ea9n c\u1ea5p<\/li>\n<li>M\u1edf ghi \u00e2m<\/li>\n<li>T\u1eaft ghi \u00e2m<\/li>\n<li>M\u1edf \u00e2m thanh<\/li>\n<li>T\u1eaft \u00e2m thanh<\/li>\n<li>M\u1edf Wifi<\/li>\n<li>T\u1eaft Wifi<\/li>\n<\/ul>\n<p><img loading=\"lazy\" decoding=\"async\" class=\"alignnone size-full wp-image-2445\" src=\"https:\/\/autothaiduong.vn\/wp-content\/uploads\/2025\/05\/biggic-s860-5.jpg\" width=\"1280\" height=\"604\" srcset=\"https:\/\/autothaiduong.vn\/wp-content\/uploads\/2025\/05\/biggic-s860-5.jpg 1280w, https:\/\/autothaiduong.vn\/wp-content\/uploads\/2025\/05\/biggic-s860-5-600x283.jpg 600w, https:\/\/autothaiduong.vn\/wp-content\/uploads\/2025\/05\/biggic-s860-5-1024x483.jpg 1024w, https:\/\/autothaiduong.vn\/wp-content\/uploads\/2025\/05\/biggic-s860-5-768x362.jpg 768w\" sizes=\"auto, (max-width: 1280px) 100vw, 1280px\" \/><\/p>\n<p>&nbsp;<\/p>\n<h2>K\u1ebeT N\u1ed0I VIETMAP REC D\u1ec4 D\u00c0NG \u2013 TR\u00cdCH XU\u1ea4T D\u1eee LI\u1ec6U NHANH CH\u00d3NG TI\u1ec6N L\u1ee2I<\/h2>\n<p>VIETMAP S860 \u0111\u01b0\u1ee3c trang b\u1ecb Wi-Fi truy\u1ec1n d\u1eef li\u1ec7u v\u1edbi b\u0103ng t\u1ea7n 5GHz, truy\u1ec1n t\u1ea3i nhanh nh\u00f3ng l\u00ean t\u1edbi 10Mb\/s.<\/p>\n<p>\u0110\u1ed3ng th\u1eddi k\u1ebft n\u1ed1i v\u1edbi VIETMAP REC, gi\u00fap vi\u1ec7c xem l\u1ea1i, tr\u00edch xu\u1ea5t video, c\u1eadp nh\u1eadt d\u1eef li\u1ec7u c\u1ea3nh b\u00e1o tr\u1ef1c ti\u1ebfp nhanh ch\u00f3ng\u00a0 v\u00e0 ti\u1ec7n l\u1ee3i.<\/p>\n<p><img loading=\"lazy\" decoding=\"async\" class=\"alignnone size-full wp-image-2446\" src=\"https:\/\/autothaiduong.vn\/wp-content\/uploads\/2025\/05\/biggic-s860-6.jpg\" width=\"1280\" height=\"604\" srcset=\"https:\/\/autothaiduong.vn\/wp-content\/uploads\/2025\/05\/biggic-s860-6.jpg 1280w, https:\/\/autothaiduong.vn\/wp-content\/uploads\/2025\/05\/biggic-s860-6-600x283.jpg 600w, https:\/\/autothaiduong.vn\/wp-content\/uploads\/2025\/05\/biggic-s860-6-1024x483.jpg 1024w, https:\/\/autothaiduong.vn\/wp-content\/uploads\/2025\/05\/biggic-s860-6-768x362.jpg 768w\" sizes=\"auto, (max-width: 1280px) 100vw, 1280px\" \/><\/p>\n<p>&nbsp;<\/p>\n<h2>Ghi H\u00ecnh \u0110\u1ed7 Xe Th\u00f4ng Minh V\u1edbi Ngu\u1ed3n Tr\u1ef1c Ti\u1ebfp (mua th\u00eam)<\/h2>\n<p><strong>VIETMAP S860<\/strong>\u00a0h\u1ed7 tr\u1ee3 t\u00ednh n\u0103ng ghi h\u00ecnh \u0111\u1ed7 xe:<\/p>\n<ul>\n<li><strong>Ghi h\u00ecnh \u0111\u1ed7 xe va ch\u1ea1m<\/strong>: Camera t\u1ef1 \u0111\u1ed9ng ghi l\u1ea1i m\u1ecdi va ch\u1ea1m x\u1ea3y ra khi xe \u0111ang \u0111\u1ed7.<\/li>\n<li><strong>Ghi h\u00ecnh \u0111\u1ed7 xe Time-lapse<\/strong>: Ch\u1ebf \u0111\u1ed9 ghi h\u00ecnh tua nhanh gi\u00fap ti\u1ebft ki\u1ec7m dung l\u01b0\u1ee3ng b\u1ed9 nh\u1edb.<\/li>\n<\/ul>\n<p>&nbsp;<\/p>\n<h2>B\u1ea2O H\u00c0NH V\u00c0 H\u1eacU M\u00c3I<\/h2>\n<p><strong>VIETMAP S860<\/strong>\u00a0c\u00f3 th\u1eddi gian b\u1ea3o h\u00e0nh s\u1ea3n ph\u1ea9m ph\u1ea7n c\u1ee9ng s\u1ea3n ph\u1ea9m 12 th\u00e1ng<br \/>\n* K\u00edch ho\u1ea1t b\u1ea3o h\u00e0nh \u0111i\u1ec7n t\u1eed \u0111\u1ec3 b\u1ea3o v\u1ec7 quy\u1ec1n l\u1ee3i c\u1ee7a kh\u00e1ch h\u00e0ng.<br \/>\n<a href=\"https:\/\/vietmap.vn\/chinh-sach-bao-hanh-vietmap\" target=\"_blank\" rel=\"noopener\">Ch\u00ednh s\u00e1ch b\u1ea3o h\u00e0nh.<\/a><\/p>\n<\/div>\n<\/div>\n<\/section>\n<section class=\"product-especially\">\n<div class=\"container\">\n<div class=\"rte\"><\/div>\n<\/div>\n<\/section>\n<section id=\"pro_specifications\" class=\"product-specifications\">\n<div class=\"container\">\n<h2>Th\u00f4ng s\u1ed1 k\u1ef9 thu\u1eadt<\/h2>\n<div class=\"row\">\n<div class=\"col-lg-6 col-md-12 col-sm-12 col-12\">\n<h3>K\u00edch th\u01b0\u1edbc s\u1ea3n ph\u1ea9m<\/h3>\n<\/div>\n<div class=\"col-lg-6 col-md-12 col-sm-12 col-12\">\n<div class=\"rte\">\n<p>K\u00edch th\u01b0\u1edbc s\u1ea3n ph\u1ea9m<\/p>\n<p><img loading=\"lazy\" decoding=\"async\" class=\"alignnone size-full wp-image-2447\" src=\"https:\/\/autothaiduong.vn\/wp-content\/uploads\/2025\/05\/size.png\" width=\"590\" height=\"450\" \/><\/p>\n<table border=\"1\">\n<tbody>\n<tr>\n<td role=\"rowheader\" data-celllook=\"4369\">\u0110\u1ed9 ph\u00e2n gi\u1ea3i ghi h\u00ecnh<\/td>\n<td role=\"columnheader\" data-celllook=\"4369\">Camera tr\u01b0\u1edbc 3K 2592*1944p 30fps<br \/>\nCamera sau Full HD\u00a0 1920*1080p 30fps<\/td>\n<\/tr>\n<tr>\n<td role=\"rowheader\" data-celllook=\"4369\">C\u1ea3m bi\u1ebfn h\u00ecnh \u1ea3nh + th\u1ea5u k\u00ednh<\/td>\n<td data-celllook=\"4369\">SONY Starvis 2 IMX675 + th\u1ea5u k\u00ednh 7 l\u1edbp<\/td>\n<\/tr>\n<tr>\n<td role=\"rowheader\" data-celllook=\"4369\">C\u00f4ng ngh\u1ec7 h\u00ecnh \u1ea3nh<\/td>\n<td data-celllook=\"4369\">WDR<\/td>\n<\/tr>\n<tr>\n<td role=\"rowheader\" data-celllook=\"4369\">\u1ed0ng k\u00ednh<\/td>\n<td data-celllook=\"4369\">Camera tr\u01b0\u1edbc g\u00f3c r\u1ed9ng 150 \u00b0<br \/>\nCamera sau g\u00f3c r\u1ed9ng 150 \u00b0<\/td>\n<\/tr>\n<tr>\n<td width=\"100\">GPS<\/td>\n<td width=\"270\">C\u00f3<\/td>\n<\/tr>\n<tr>\n<td role=\"rowheader\" data-celllook=\"4369\">G-Sensor<\/td>\n<td data-celllook=\"4369\">C\u00f3<\/td>\n<\/tr>\n<tr>\n<td role=\"rowheader\" data-celllook=\"4369\">Th\u1ebb nh\u1edb<\/td>\n<td data-celllook=\"4369\">MicroSD card (H\u1ed7 tr\u1ee3 th\u1ebb t\u1ed1i \u0111a 256GB)<\/td>\n<\/tr>\n<tr>\n<td width=\"100\">Pin<\/td>\n<td width=\"270\">Si\u00eau t\u1ee5 \u0111i\u1ec7n<\/td>\n<\/tr>\n<tr>\n<td width=\"100\">Ngu\u1ed3n \u0111i\u1ec7n<\/td>\n<td width=\"270\">5V \/ 1A<\/td>\n<\/tr>\n<tr>\n<td role=\"rowheader\" data-celllook=\"4369\">C\u1ed5ng ngu\u1ed3n<\/td>\n<td data-celllook=\"4369\">Type C<\/td>\n<\/tr>\n<tr>\n<td role=\"rowheader\" data-celllook=\"4369\">C\u1ea3nh b\u00e1o bi\u1ec3n b\u00e1o giao th\u00f4ng<\/td>\n<td data-celllook=\"4369\">C\u00f3<\/td>\n<\/tr>\n<tr>\n<td role=\"rowheader\" data-celllook=\"4369\">Ra l\u1ec7nh b\u1eb1ng gi\u1ecdng n\u00f3i<\/td>\n<td data-celllook=\"4369\">C\u00f3<\/td>\n<\/tr>\n<tr>\n<td width=\"100\">\u1ee8ng d\u1ee5ng h\u1ed7 tr\u1ee3<\/td>\n<td width=\"270\">VIETMAP REC<\/td>\n<\/tr>\n<tr>\n<td role=\"rowheader\" data-celllook=\"4369\">Ghi h\u00ecnh \u0111\u1ed7 xe<\/td>\n<td data-celllook=\"4369\">H\u1ed7 tr\u1ee3 ( Mua th\u00eam ngu\u1ed3n tr\u1ef1c ti\u1ebfp )<\/td>\n<\/tr>\n<\/tbody>\n<\/table>\n<\/div>\n<\/div>\n<\/div>\n<\/div>\n<\/section>\n","protected":false},"excerpt":{"rendered":"<p><em><strong>Auto Th\u00e1i D\u01b0\u01a1ng- \u0110\u1ea1i L\u00ed Ch\u00ednh H\u00e3ng VietMap T\u1ea1i TP.B\u1ea3o L\u1ed9c<\/strong><\/em><\/p>\n<p><em><strong>\u0110\u1ecba Ch\u1ec9: 273-275 Tr\u1ea7n Ph\u00fa Ph\u01b0\u1eddng L\u1ed9c S\u01a1n Th\u00e0nh Ph\u1ed1 B\u1ea3o L\u1ed9c T\u1ec9nh L\u00e2m \u0110\u1ed3ng <\/strong><\/em><\/p>\n<p><em><strong>Hotline: 0912197441<\/strong><\/em><\/p>\n","protected":false},"featured_media":2429,"comment_status":"open","ping_status":"closed","template":"","meta":[],"product_brand":[84],"product_cat":[76],"product_tag":[],"class_list":{"0":"post-2428","1":"product","2":"type-product","3":"status-publish","4":"has-post-thumbnail","6":"product_brand-vietmap","7":"product_cat-camera-hanh-trinh","9":"first","10":"instock","11":"shipping-taxable","12":"purchasable","13":"product-type-simple"},"_links":{"self":[{"href":"https:\/\/autothaiduong.vn\/index.php?rest_route=\/wp\/v2\/product\/2428","targetHints":{"allow":["GET"]}}],"collection":[{"href":"https:\/\/autothaiduong.vn\/index.php?rest_route=\/wp\/v2\/product"}],"about":[{"href":"https:\/\/autothaiduong.vn\/index.php?rest_route=\/wp\/v2\/types\/product"}],"replies":[{"embeddable":true,"href":"https:\/\/autothaiduong.vn\/index.php?rest_route=%2Fwp%2Fv2%2Fcomments&post=2428"}],"wp:featuredmedia":[{"embeddable":true,"href":"https:\/\/autothaiduong.vn\/index.php?rest_route=\/wp\/v2\/media\/2429"}],"wp:attachment":[{"href":"https:\/\/autothaiduong.vn\/index.php?rest_route=%2Fwp%2Fv2%2Fmedia&parent=2428"}],"wp:term":[{"taxonomy":"product_brand","embeddable":true,"href":"https:\/\/autothaiduong.vn\/index.php?rest_route=%2Fwp%2Fv2%2Fproduct_brand&post=2428"},{"taxonomy":"product_cat","embeddable":true,"href":"https:\/\/autothaiduong.vn\/index.php?rest_route=%2Fwp%2Fv2%2Fproduct_cat&post=2428"},{"taxonomy":"product_tag","embeddable":true,"href":"https:\/\/autothaiduong.vn\/index.php?rest_route=%2Fwp%2Fv2%2Fproduct_tag&post=2428"}],"curies":[{"name":"wp","href":"https:\/\/api.w.org\/{rel}","templated":true}]}}