{"id":2457,"date":"2025-05-18T14:22:46","date_gmt":"2025-05-18T14:22:46","guid":{"rendered":"https:\/\/autothaiduong.vn\/?post_type=product&#038;p=2457"},"modified":"2025-05-18T14:22:59","modified_gmt":"2025-05-18T14:22:59","slug":"guong-dien-vf3-gap-tu-dong-co-xi-nhan","status":"publish","type":"product","link":"https:\/\/autothaiduong.vn\/?product=guong-dien-vf3-gap-tu-dong-co-xi-nhan","title":{"rendered":"G\u01af\u01a0NG \u0110I\u1ec6N VF3 G\u1eacP T\u1ef0 \u0110\u1ed8NG C\u00d3 XI NHAN"},"content":{"rendered":"<p><img loading=\"lazy\" decoding=\"async\" class=\" wp-image-2122 aligncenter\" src=\"https:\/\/autothaiduong.vn\/wp-content\/uploads\/2025\/05\/z6584734442481_f208f5944548cb4b46353402ce2e64e0-3.jpg\" alt=\"\" width=\"273\" height=\"242\" \/><\/p>\n<p style=\"text-align: center;\"><span style=\"font-size: 140%;\"><strong><span style=\"color: #ff0000;\">\u0110\u1ecba Ch\u1ec9: 273-275 Tr\u1ea7n Ph\u00fa Ph\u01b0\u1eddng L\u1ed9c S\u01a1n Th\u00e0nh Ph\u1ed1 B\u1ea3o L\u1ed9c T\u1ec9nh L\u00e2m \u0110\u1ed3ng<\/span><\/strong><\/span><\/p>\n<p style=\"text-align: center;\"><span style=\"font-size: 140%;\"><strong><span style=\"color: #ff0000;\"> Hotline: 0912197441<\/span><\/strong><\/span><\/p>\n<p><strong>G\u01af\u01a0NG \u0110I\u1ec6N VF3 &#8211; G\u1eacP T\u1ef0 \u0110\u1ed8NG C\u00d3 XI NHAN<\/strong><\/p>\n<h2>Vinfast VF3 hi\u1ec7n \u0111ang l\u00e0 m\u1ed9t trong nh\u1eefng d\u00f2ng xe \u0111i\u1ec7n thu h\u00fat \u0111\u01b0\u1ee3c s\u1ef1 quan t\u00e2m r\u1ea5t l\u1edbn v\u1edbi ng\u01b0\u1eddi s\u1eed d\u1ee5ng tr\u00ean th\u1ecb tr\u01b0\u1eddng nh\u1edd thi\u1ebft k\u1ebf nh\u1ecf g\u1ecdn, ti\u1ec7n l\u1ee3i v\u00e0 \u0111\u1ea3m b\u1ea3o an to\u00e0n khi s\u1eed d\u1ee5ng. Tuy nhi\u00ean, \u0111\u1ec3 n\u00e2ng c\u1ea5p v\u00e0 n\u00e2ng cao tr\u1ea3i nghi\u1ec7m c\u1ee7a xe, ngo\u00e0i vi\u1ec7c trang b\u1ecb d\u00e1n phim c\u00e1ch nhi\u1ec7t, camera h\u00e0nh tr\u00ecnh,\u2026th\u00ec vi\u1ec7c \u0111\u1ed9 G\u01b0\u01a1ng \u0111i\u1ec7n\u00a0Vinfast VF3 &#8211; G\u1eadp t\u1ef1 \u0111\u1ed9ng c\u00f3 xi nhan c\u0169ng l\u00e0 m\u1ed9t trang b\u1ecb c\u1ea7n thi\u1ebft. V\u1eady t\u1ea1i sao \u0111\u1ed9 g\u01b0\u01a1ng \u0111i\u1ec7n cho VF3 l\u1ea1i l\u00e0 trang b\u1ecb c\u1ea7n thi\u1ebft cho VF3?<\/h2>\n<h2><strong>G\u01b0\u01a1ng \u0111i\u1ec7n Vinfast VF3 g\u1eadp\u00a0t\u1ef1 \u0111\u1ed9ng c\u00f3 xi nhan\u00a0l\u00e0 g\u00ec?<\/strong><\/h2>\n<p>&nbsp;<\/p>\n<p>G\u01b0\u01a1ng \u0111i\u1ec7n\u00a0Vinfast VF3 &#8211; G\u1eadp t\u1ef1 \u0111\u1ed9ng c\u00f3 xi nhan\u00a0l\u00e0 s\u1ea3n ph\u1ea9m \u0111\u01b0\u1ee3c s\u1ea3n xu\u1ea5t \u0111\u1ec3 kh\u1eafc ph\u1ee5c nh\u01b0\u1ee3c \u0111i\u1ec3m hi\u1ec7n c\u00f3 c\u1ee7a vi\u1ec7c g\u1eadp g\u01b0\u01a1ng chi\u1ebfu h\u1eadu xe Vinfast VF3 nguy\u00ean b\u1ea3n.<\/p>\n<p>Nh\u01b0 ch\u00fang ta \u0111\u00e3 bi\u1ebft khi trang b\u1ecb G\u01b0\u01a1ng \u0111i\u1ec7n\u00a0Vinfast VF3 &#8211; G\u1eadp t\u1ef1 \u0111\u1ed9ng c\u00f3 xi nhan s\u1ebd gi\u00fap cho vi\u1ec7c \u0111\u00f3ng m\u1edf g\u01b0\u01a1ng d\u1ec5 d\u00e0ng h\u01a1n. B\u1ea1n kh\u00f4ng c\u1ea7n ph\u1ea3i \u201cNho\u00e0i ng\u01b0\u1eddi\u201d qua b\u00ean ph\u1ee5 \u0111\u1ec3 g\u1eadp g\u01b0\u01a1ng khi\u00a0 \u0111ang l\u00e1i xe v\u00e0o con h\u1ebbm ch\u1eadt h\u1eb9p. \u0110i\u1ec1u n\u00e0y r\u1ea5t kh\u00f3 kh\u0103n, b\u1ea5t ti\u1ec7n c\u00f3 th\u1ec3 g\u00e2y m\u1ea5t an to\u00e0n khi \u0111ang l\u00e1i xe. V\u1edbi b\u1ed9 G\u1eadp g\u01b0\u01a1ng t\u1ef1 \u0111\u1ed9ng cho xe VF3 th\u00ec ch\u1ec9 c\u1ea7n m\u1ed9t n\u00fat b\u1ea5m, g\u01b0\u01a1ng chi\u1ebfu h\u1eadu s\u1ebd \u0111\u01b0\u1ee3c g\u1eadp v\u00e0 m\u1edf theo y\u00eau c\u1ea7u c\u1ee7a b\u1ea1n.<\/p>\n<p><strong>T\u1ea1i sao n\u00ean \u0111\u1ed9\u00a0G\u01b0\u01a1ng \u0111i\u1ec7n Vinfast VF3 g\u1eadp\u00a0t\u1ef1 \u0111\u1ed9ng?<\/strong><\/p>\n<p>&nbsp;<\/p>\n<ul>\n<li>\n<h3><strong>S\u1ef1 ti\u1ec7n l\u1ee3i trong qu\u00e1 tr\u00ecnh s\u1eed d\u1ee5ng xe Vinfast VF3<\/strong><\/h3>\n<\/li>\n<\/ul>\n<p>Khi \u0111\u1ed9 G\u01b0\u01a1ng \u0111i\u1ec7n\u00a0Vinfast VF3 &#8211; G\u1eadp t\u1ef1 \u0111\u1ed9ng c\u00f3 xi nhan, b\u1ea1n kh\u00f4ng c\u1ea7n ph\u1ea3i th\u1ef1c hi\u1ec7n m\u1edf v\u00e0 g\u1eadp g\u01b0\u01a1ng chi\u1ebfu h\u1eadu b\u1eb1ng thao t\u00e1c th\u1ee7 c\u00f4ng, \u0111\u1eb7c bi\u1ec7t l\u00e0 khi \u0111ang di chuy\u1ec3n tr\u00ean \u0111\u01b0\u1eddng v\u1edbi nh\u1eefng n\u01a1i ch\u1eadt h\u1eb9p. Khi \u0111\u00f3, b\u1ea1n ch\u1ec9 c\u1ea7n s\u1eed d\u1ee5ng m\u1ed9t thao t\u00e1c n\u00fat b\u1ea5m \u0111\u01a1n gi\u1ea3n b\u00ean trong l\u00e0 c\u00f3 th\u1ec3 g\u1eadp v\u00e0 m\u1edf g\u01b0\u01a1ng chi\u1ebfu h\u1eadu m\u1ed9t c\u00e1ch t\u1ef1 \u0111\u1ed9ng.<\/p>\n<p>H\u01a1n th\u1ebf n\u1eefa, b\u1ed9 g\u1eadp g\u01b0\u01a1ng \u0111i\u1ec7n t\u1ef1 \u0111\u1ed9ng c\u00f2n t\u00edch h\u1ee3p v\u1edbi kh\u00f3a c\u1eeda xe \u00f4 t\u00f4, cho ph\u00e9p t\u1ef1 \u0111\u1ed9ng g\u1eadp g\u01b0\u01a1ng l\u1ea1i khi kh\u00f3a c\u1eeda xe v\u00e0 t\u1ef1 \u0111\u1ed9ng m\u1edf g\u01b0\u01a1ng khi m\u1edf kh\u00f3a c\u1eeda xe. S\u1ef1 ti\u1ec7n \u00edch n\u00e0y gi\u00fap cho b\u1ea1n d\u1ec5 d\u00e0ng s\u1eed d\u1ee5ng ngay c\u1ea3 khi b\u1ea1n qu\u00ean g\u1eadp g\u01b0\u01a1ng chi\u1ebfu h\u1eadu, t\u1ea1o c\u1ea3m gi\u00e1c an to\u00e0n, tho\u1ea3i m\u00e1i v\u00e0 \u0111\u1ea7y s\u1ef1 ti\u1ec7n nghi.<\/p>\n<p>&nbsp;<\/p>\n<ul>\n<li>\n<h3><strong>An to\u00e0n khi s\u1eed d\u1ee5ng<\/strong><\/h3>\n<\/li>\n<\/ul>\n<p>G\u01b0\u01a1ng \u0111i\u1ec7n\u00a0Vinfast VF3 &#8211; G\u1eadp t\u1ef1 \u0111\u1ed9ng c\u00f3 xi nhan mang l\u1ea1i cho b\u1ea1n r\u1ea5t nhi\u1ec1u ti\u1ec7n \u00edch v\u00e0 quan tr\u1ecdng nh\u1ea5t kh\u00f4ng th\u1ec3 b\u1ecf qua \u0111\u00f3 l\u00e0 gi\u00fap b\u1ea1n an to\u00e0n khi l\u00e1i xe. \u0110\u1eb7c bi\u1ec7t, khi di chuy\u1ec3n \u1edf nh\u1eefng n\u01a1i c\u00f3 kh\u00f4ng gian ch\u1eadt h\u1eb9p, \u0111i\u1ec1u ki\u1ec7n giao th\u00f4ng ph\u1ee9c t\u1ea1p, trang b\u1ecb G\u01b0\u01a1ng \u0111i\u1ec7n\u00a0Vinfast VF3 &#8211; G\u1eadp t\u1ef1 \u0111\u1ed9ng c\u00f3 xi nhan gi\u00fap d\u1ec5 d\u00e0ng g\u1eadp g\u01b0\u01a1ng chi\u1ebfu h\u1eadu l\u1ea1i \u0111\u1ec3 tr\u00e1nh va ch\u1ea1m. \u0110i\u1ec1u n\u00e0y gi\u00fap b\u1ea3o v\u1ec7 g\u01b0\u01a1ng chi\u1ebfu h\u1eadu, h\u1ea1n ch\u1ebf t\u1ed1i thi\u1ec3u g\u01b0\u01a1ng b\u1ecb tr\u1ea7y x\u01b0\u1edbc, h\u01b0 h\u1ecfng,<\/p>\n<p>B\u00ean c\u1ea1nh \u0111\u00f3, b\u1ed9 g\u1eadp g\u01b0\u01a1ng \u0111i\u1ec7n t\u1ef1 \u0111\u1ed9ng VF3 c\u00f3 k\u00edch th\u01b0\u1edbc l\u1edbn h\u01a1n g\u01b0\u01a1ng \u201c Zin\u201d c\u1ee7a VF3 n\u00ean t\u0103ng t\u1ea7m nh\u00ecn, quan s\u00e1t c\u1ee7a ng\u01b0\u1eddi l\u00e1i xe, gi\u00fap ph\u00e1t hi\u1ec7n k\u1ecbp th\u1eddi c\u00e1c s\u1ef1 c\u1ed1 khi di chuy\u1ec3n. T\u1eeb \u0111\u00f3, gi\u1ea3m t\u1ed1i thi\u1ec3u c\u00e1c nguy c\u01a1 g\u00e2y tai n\u1ea1n, gi\u00fap b\u1ea1n an to\u00e0n h\u01a1n khi di chuy\u1ec3n.<\/p>\n<p>&nbsp;<\/p>\n<ul>\n<li>\n<h3><strong>Ch\u1ec9nh m\u1eb7t g\u01b0\u01a1ng, thay \u0111\u1ed5i g\u00f3c quan s\u00e1t<\/strong><\/h3>\n<\/li>\n<\/ul>\n<p>Khi \u0111\u1ed9 g\u01b0\u01a1ng \u0111i\u1ec7n VF3, d\u1ec5 d\u00e0ng \u0111i\u1ec1u ch\u1ec9nh m\u1eb7t g\u01b0\u01a1ng v\u00e0 thay \u0111\u1ed5i g\u00f3c nh\u00ecn theo mong mu\u1ed1n c\u1ee7a b\u1ea1n b\u1eb1ng \u0111i\u1ec1u khi\u1ec3n \u1edf b\u00ean trong xe. Ch\u1ec9 c\u1ea7n nh\u1ea5n n\u00fat, g\u01b0\u01a1ng s\u1ebd t\u1ef1 \u0111i\u1ec1u ch\u1ec9nh theo g\u00f3c nh\u00ecn m\u00e0 b\u1ea1n mong mu\u1ed1n, gi\u00fap t\u1ed1i \u01b0u \u0111\u01b0\u1ee3c t\u1ea7m quan s\u00e1t v\u00e0 an to\u00e0n h\u01a1n khi l\u00e1i xe.<\/p>\n<ul>\n<li>\n<h3><strong>L\u1ed7 lazer ch\u1edd s\u1eb5n c\u1ea3nh b\u00e1o \u0111i\u1ec3m m\u00f9<\/strong><\/h3>\n<\/li>\n<\/ul>\n<p>G\u01b0\u01a1ng \u0111i\u1ec7n\u00a0Vinfast VF3 &#8211; G\u1eadp t\u1ef1 \u0111\u1ed9ng c\u00f3 xi nhan c\u00f3 kh\u1eafc lazer ch\u1edd s\u1eb5n \u0111\u1ec3 l\u1eafp c\u1ea3nh b\u00e1o \u0111i\u1ec3m m\u00f9 tr\u00ean g\u01b0\u01a1ng. T\u00ednh n\u0103ng n\u00e0y gi\u00fap b\u1ea1n d\u1ec5 d\u00e0ng n\u00e2ng c\u1ea5p t\u00edch h\u1ee3p v\u1edbi h\u1ec7 th\u1ed1ng c\u1ea3nh b\u00e1o \u0111i\u1ec3m m\u00f9 m\u00e0 kh\u00f4ng c\u1ea7n ph\u1ea3i thay g\u01b0\u01a1ng m\u1edbi.<\/p>\n<ul>\n<li>\n<h3><strong>T\u0103ng t\u00ednh th\u1ea9m m\u1ef9<\/strong><\/h3>\n<\/li>\n<\/ul>\n<p>L\u1eafp g\u01b0\u01a1ng \u0111i\u1ec7n cho VF3 kh\u00f4ng nh\u1eefng d\u1eebng l\u1ea1i \u1edf vi\u1ec7c mang l\u1ea1i ti\u1ec7n \u00edch m\u00e0 c\u00f2n gi\u00fap n\u00e2ng cao gi\u00e1 tr\u1ecb xe c\u1ee7a b\u1ea1n. V\u1edbi vi\u1ec7c \u0111\u1ed9 g\u01b0\u01a1ng \u0111i\u1ec7n t\u1ef1 \u0111\u1ed9ng, gi\u00fap cho chi\u1ebfc xe VF3 tr\u1edf n\u00ean sang tr\u1ecdng, hi\u1ec7n \u0111\u1ea1i v\u00e0 gi\u00e1 tr\u1ecb h\u01a1n g\u1ea5p nhi\u1ec1u l\u1ea7n.<\/p>\n<p>M\u1ed7i khi g\u01b0\u01a1ng t\u1ef1 \u0111\u1ed9ng g\u1eadp v\u00e0 m\u1edf theo t\u00edn hi\u1ec7u c\u1ee7a ch\u00eca kh\u00f3a, l\u00fac \u0111\u00f3 chi\u1ebfc xe VF3 c\u1ee7a b\u1ea1n s\u1ebd tr\u1edf n\u00ean ti\u1ec7n nghi, hi\u1ec7n \u0111\u1ea1i, t\u1ea1o \u0111\u01b0\u1ee3c s\u1ef1 \u1ea5n t\u01b0\u1ee3ng v\u1edbi ng\u01b0\u1eddi kh\u00e1c, mang \u0111\u1ebfn c\u1ea3m gi\u00e1c t\u1ef1 h\u00e0o cho ch\u1ee7 xe.<\/p>\n<ul>\n<li>\n<h3><strong>T\u00ednh n\u0103ng hi\u1ec7n \u0111\u1ea1i<\/strong><\/h3>\n<\/li>\n<\/ul>\n<p>M\u1ed9t trong nh\u1eefng t\u00ednh n\u0103ng n\u1ed5i b\u1eadt c\u1ee7a g\u1eadp g\u01b0\u01a1ng \u0111i\u1ec7n t\u1ef1 \u0111\u1ed9ng VF3 \u0111\u00f3 ch\u00ednh l\u00e0 kh\u1ea3 n\u0103ng ch\u1ed1ng ch\u00f3i. \u0110\u00e2y \u0111\u01b0\u1ee3c xem l\u00e0 m\u1ed9t c\u00f4ng ngh\u1ec7 ti\u00ean ti\u1ebfn trong l\u0129nh v\u1ef1c \u00f4 t\u00f4, gi\u00fap b\u1ea1n c\u1ea3m th\u1ea5y tho\u1ea3i m\u00e1i v\u00e0 an to\u00e0n trong m\u1ecdi \u0111i\u1ec1u ki\u1ec7n th\u1eddi ti\u1ebft v\u00e0 \u00e1nh s\u00e1ng.<\/p>\n<p>B\u00ean c\u1ea1nh \u0111\u00f3, nhi\u1ec1u lo\u1ea1i g\u1eadp g\u01b0\u01a1ng t\u1ef1 \u0111\u1ed9ng c\u00f2n t\u00edch h\u1ee3p th\u00eam t\u00ednh n\u0103ng s\u1ea5y kh\u00f4 g\u01b0\u01a1ng, gi\u00fap l\u00e0m kh\u00f4 v\u00e0 ng\u0103n ch\u1eb7n vi\u1ec7c b\u00e1m h\u01a1i n\u01b0\u1edbc l\u00ean g\u01b0\u01a1ng chi\u1ebfu h\u1eadu khi di chuy\u1ec3n \u1edf nh\u1eefng n\u01a1i c\u00f3 m\u01b0a, s\u01b0\u01a1ng m\u00f9. T\u00ednh n\u0103ng v\u01b0\u1ee3t tr\u1ed9i n\u00e0y gi\u00fap b\u1ea1n \u0111\u1ea3m b\u1ea3o t\u1ea7m nh\u00ecn v\u00e0 an to\u00e0n l\u00e1i xe trong m\u1ecdi \u0111i\u1ec1u ki\u1ec7n th\u1eddi ti\u1ebft.<\/p>\n<p><img loading=\"lazy\" decoding=\"async\" class=\"alignnone size-full wp-image-2459\" src=\"https:\/\/autothaiduong.vn\/wp-content\/uploads\/2025\/05\/1738901947.jpg\" alt=\"\" width=\"1200\" height=\"1200\" srcset=\"https:\/\/autothaiduong.vn\/wp-content\/uploads\/2025\/05\/1738901947.jpg 1200w, https:\/\/autothaiduong.vn\/wp-content\/uploads\/2025\/05\/1738901947-600x600.jpg 600w, https:\/\/autothaiduong.vn\/wp-content\/uploads\/2025\/05\/1738901947-1024x1024.jpg 1024w, https:\/\/autothaiduong.vn\/wp-content\/uploads\/2025\/05\/1738901947-300x300.jpg 300w, https:\/\/autothaiduong.vn\/wp-content\/uploads\/2025\/05\/1738901947-768x768.jpg 768w, https:\/\/autothaiduong.vn\/wp-content\/uploads\/2025\/05\/1738901947-100x100.jpg 100w\" sizes=\"auto, (max-width: 1200px) 100vw, 1200px\" \/><\/p>\n<h2><strong>C\u1ea5u t\u1ea1o c\u1ee7a G\u01b0\u01a1ng \u0111i\u1ec7n\u00a0Vinfast VF3 &#8211; G\u1eadp t\u1ef1 \u0111\u1ed9ng c\u00f3 xi nhan\u00a0g\u1ed3m nh\u1eefng g\u00ec?<\/strong><\/h2>\n<p>B\u1ed9 G\u01b0\u01a1ng \u0111i\u1ec7n\u00a0Vinfast VF3 &#8211; G\u1eadp t\u1ef1 \u0111\u1ed9ng c\u00f3 xi nhan th\u01b0\u1eddng bao g\u1ed3m c\u00e1c th\u00e0nh ph\u1ea7n sau:<\/p>\n<ul>\n<li>M\u1ed9t b\u1ed9 m\u00f4 \u2013 \u0111un \u0111i\u1ec1u khi\u1ec3n g\u1eadp g\u01b0\u01a1ng: \u0110\u00e2y l\u00e0 b\u1ed9 ph\u1eadn quan tr\u1ecdng nh\u1ea5t trong b\u1ed9 g\u1eadp g\u01b0\u01a1ng \u0111i\u1ec7n VF3, gi\u00fap g\u01b0\u01a1ng \u0111i\u1ec7n t\u1ef1 \u0111\u1ed9ng g\u1eadp theo h\u1ec7 th\u1ed1ng \u0111i\u1ec1u khi\u1ec3n t\u1eeb xa.<\/li>\n<li>M\u1ed9t b\u1ed9 M\u00f4 \u2013 t\u01a1 \u0111i\u1ec7n g\u1eadp g\u01b0\u01a1ng: \u0110\u00e2y l\u00e0 b\u1ed9 ph\u1eadn \u0111\u01b0\u1ee3c g\u1eafn tr\u1ef1c ti\u1ebfp v\u00e0o g\u01b0\u01a1ng chi\u1ebfu h\u1eadu, th\u1ef1c hi\u1ec7n vi\u1ec7c g\u1eadp v\u00e0 m\u1edf g\u01b0\u01a1ng khi nh\u1eadn \u0111\u01b0\u1ee3c t\u00edn hi\u1ec7u t\u1eeb m\u00f4 \u2013 \u0111un \u0111i\u1ec1u khi\u1ec3n g\u1eadp g\u01b0\u01a1ng.<\/li>\n<li>B\u1ed9 d\u00e2y c\u1eafm: B\u1ed9 ph\u1eadn n\u00e0y gi\u00fap k\u1ebft n\u1ed1i m\u00f4 \u2013 \u0111un \u0111i\u1ec1u khi\u1ec3n g\u1eadp g\u01b0\u01a1ng v\u00e0 m\u00f4 \u2013 t\u01a1 \u0111i\u1ec1u khi\u1ec3n g\u1eadp g\u01b0\u01a1ng.<\/li>\n<li>C\u00f4ng t\u1eafc \u0111i\u1ec1u khi\u1ec3n g\u1eadp g\u01b0\u01a1ng: \u0110\u00e2y l\u00e0 thi\u1ebft b\u1ecb d\u00f9ng \u0111\u1ec3 \u0111i\u1ec1u khi\u1ec3n g\u1eadp g\u01b0\u01a1ng t\u1ef1 \u0111\u1ed9ng t\u1eeb xa.<\/li>\n<\/ul>\n<h2><strong>Quy tr\u00ecnh l\u1eafp \u0111\u1eb7t G\u01b0\u01a1ng \u0111i\u1ec7n\u00a0Vinfast VF3 &#8211; G\u1eadp t\u1ef1 \u0111\u1ed9ng c\u00f3 xi nhan t\u1ef1 \u0111\u1ed9ng<\/strong><\/h2>\n<h3><strong>B\u01b0\u1edbc 1: L\u1ef1a ch\u1ecdn g\u01b0\u01a1ng \u0111i\u1ec7n cho Vinfast VF3<\/strong><\/h3>\n<p>L\u1ef1a ch\u1ecdn lo\u1ea1i g\u01b0\u01a1ng \u0111i\u1ec7n c\u00f3 ki\u1ec3u d\u00e1ng t\u01b0\u01a1ng t\u1ef1 ph\u00f9 h\u1ee3p v\u1edbi Vinfast VF3 \u0111\u1ec3 \u0111\u1ea3m b\u1ea3o t\u00ednh th\u1ea9m m\u1ef9 cho xe. Kh\u00f4ng n\u00ean l\u1ef1a ch\u1ecdn b\u1ed9 g\u01b0\u01a1ng \u0111i\u1ec7n c\u00f3 k\u00edch th\u01b0\u1edbc qu\u00e1 to so v\u1edbi thi\u1ebft k\u1ebf c\u1ee7a xe, g\u00e2y m\u1ea5t th\u1ea9m m\u1ef9 v\u00e0 kh\u00f4ng an to\u00e0n.<\/p>\n<h3><strong>B\u01b0\u1edbc 2: L\u1eafp \u0111\u1eb7t g\u01b0\u01a1ng \u0111i\u1ec7n Vinfast VF3 t\u1ef1 \u0111\u1ed9ng<\/strong><\/h3>\n<p>\u0110\u1ec3 l\u1eafp \u0111\u01b0\u1ee3c b\u1ed9 g\u1eadp g\u01b0\u01a1ng \u0111i\u1ec7n VF3 t\u1ef1 \u0111\u1ed9ng, c\u1ea7n ti\u1ebfn h\u00e0nh nh\u01b0 sau:<\/p>\n<ul>\n<li>Chu\u1ea9n b\u1ecb d\u1ee5ng c\u1ee5 v\u00e0 thi\u1ebft b\u1ecb: B\u1ed9 \u0111i\u1ec1u khi\u1ec3n g\u1eadp g\u01b0\u01a1ng t\u1ef1 \u0111\u1ed9ng, \u1ed1c v\u00edt, b\u0103ng keo, \u0111\u1ed3ng h\u1ed3 \u0111o \u0111i\u1ec7n,\u2026<\/li>\n<li>Ti\u1ebfn h\u00e0nh ki\u1ec3m tra v\u00e0 ng\u1eaft k\u1ebft n\u1ed1i ngu\u1ed3n \u0111i\u1ec7n<\/li>\n<li>Ti\u1ebfn h\u00e0nh th\u00e1o g\u01b0\u01a1ng chi\u1ebfu h\u1eadu v\u00e0 b\u1ea3ng \u0111i\u1ec1u khi\u1ec3n c\u1eeda c\u1ee7a xe \u00f4 t\u00f4<\/li>\n<li>L\u1eafp \u0111\u1eb7t b\u1ed9 g\u1eadp g\u01b0\u01a1ng \u0111i\u1ec7n t\u1ef1 \u0111\u1ed9ng<\/li>\n<li>C\u1ed1 \u0111\u1ecbnh v\u00e0 l\u1eafp l\u1ea1i t\u1ea5t c\u1ea3 c\u00e1c b\u1ed9 ph\u1eadn<\/li>\n<\/ul>\n<h3><strong>B\u01b0\u1edbc 3: Ki\u1ec3m tra h\u1ec7 th\u1ed1ng ho\u1ea1t \u0111\u1ed9ng<\/strong><\/h3>\n<p>Sau khi \u0111\u00e3 \u0111\u01b0\u1ee3c l\u1eafp \u0111\u1eb7t xong G\u01b0\u01a1ng \u0111i\u1ec7n\u00a0Vinfast VF3 &#8211; G\u1eadp t\u1ef1 \u0111\u1ed9ng c\u00f3 xi nhan, ki\u1ec3m tra h\u1ec7 th\u1ed1ng ho\u1ea1t \u0111\u1ed9ng \u0111\u00e3 \u1ed5n \u0111\u1ecbnh ch\u01b0a nh\u01b0 c\u00e1ch \u0111i\u1ec1u ch\u1ec9nh g\u01b0\u01a1ng, s\u1ea5y g\u01b0\u01a1ng, t\u1ef1 \u0111\u1ed9ng g\u1eadp g\u01b0\u01a1ng.<\/p>\n<p>Sau khi \u0111\u00e3 ki\u1ec3m tra xong, ti\u1ebfn h\u00e0nh b\u00e0n giao xe l\u1ea1i cho kh\u00e1ch h\u00e0ng.<\/p>\n<h2><strong>Nh\u1eefng l\u01b0u \u00fd khi \u0111\u1ed9 G\u01b0\u01a1ng \u0111i\u1ec7n\u00a0Vinfast VF3 &#8211; G\u1eadp t\u1ef1 \u0111\u1ed9ng c\u00f3 xi nhan<\/strong><\/h2>\n<p><strong><img loading=\"lazy\" decoding=\"async\" class=\"alignnone size-full wp-image-2460\" src=\"https:\/\/autothaiduong.vn\/wp-content\/uploads\/2025\/05\/1738902657.jpg\" alt=\"\" width=\"1200\" height=\"1200\" srcset=\"https:\/\/autothaiduong.vn\/wp-content\/uploads\/2025\/05\/1738902657.jpg 1200w, https:\/\/autothaiduong.vn\/wp-content\/uploads\/2025\/05\/1738902657-600x600.jpg 600w, https:\/\/autothaiduong.vn\/wp-content\/uploads\/2025\/05\/1738902657-1024x1024.jpg 1024w, https:\/\/autothaiduong.vn\/wp-content\/uploads\/2025\/05\/1738902657-300x300.jpg 300w, https:\/\/autothaiduong.vn\/wp-content\/uploads\/2025\/05\/1738902657-768x768.jpg 768w, https:\/\/autothaiduong.vn\/wp-content\/uploads\/2025\/05\/1738902657-100x100.jpg 100w\" sizes=\"auto, (max-width: 1200px) 100vw, 1200px\" \/><\/strong><\/p>\n<ul>\n<li>\n<h3><strong>Ch\u1ecdn s\u1ea3n ph\u1ea9m G\u01b0\u01a1ng \u0111i\u1ec7n VF3 ch\u00ednh h\u00e3ng<\/strong><\/h3>\n<\/li>\n<\/ul>\n<p>Tr\u01b0\u1edbc khi \u0111\u1ed9 G\u01b0\u01a1ng \u0111i\u1ec7n\u00a0Vinfast VF3 &#8211; G\u1eadp t\u1ef1 \u0111\u1ed9ng c\u00f3 xi nhan, c\u1ea7n l\u1ef1a ch\u1ecdn s\u1ea3n ph\u1ea9m ch\u00ednh h\u00e3ng l\u00e0 m\u1ed9t trong nh\u1eefng y\u1ebfu t\u1ed1 quan tr\u1ecdng. S\u1ea3n ph\u1ea9m g\u1eadp g\u01b0\u01a1ng VF3 ch\u1ea5t l\u01b0\u1ee3ng s\u1ebd gi\u1eef \u0111\u01b0\u1ee3c \u0111\u1ed9 b\u1ec1n v\u00e0 an to\u00e0n trong qu\u00e1 tr\u00ecnh s\u1eed d\u1ee5ng.<\/p>\n<ul>\n<li>\n<h3><strong>Ch\u1ecdn c\u01a1 s\u1edf l\u1eafp \u0111\u1eb7t uy t\u00edn<\/strong><\/h3>\n<\/li>\n<\/ul>\n<p>Khi \u0111\u1ed9 g\u01b0\u01a1ng \u0111i\u1ec7n cho VF3 b\u1ea1n c\u1ea7n ch\u1ecdn c\u01a1 s\u1edf l\u1eafp \u0111\u1eb7t uy t\u00edn v\u00e0 ch\u1ea5t l\u01b0\u1ee3ng, c\u00f3 \u0111\u1ed9i ng\u0169 k\u1ef9 thu\u1eadt vi\u00ean c\u00f3 tay ngh\u1ec1 k\u1ef9 thu\u1eadt cao v\u00e0 chuy\u00ean m\u00f4n. \u0110\u1ec3 khi l\u1eafp \u0111\u1eb7t xong h\u1ec7 th\u1ed1ng ho\u1ea1t \u0111\u1ed9ng \u1ed5n \u0111\u1ecbnh v\u00e0 \u0111\u1ea3m b\u1ea3o \u0111\u01b0\u1ee3c \u0111\u1ed9 b\u1ec1n.<\/p>\n<ul>\n<li>\n<h3><strong>Ch\u00ednh s\u00e1ch b\u1ea3o h\u00e0ng r\u00f5 r\u00e0ng<\/strong><\/h3>\n<\/li>\n<\/ul>\n<p>S\u1ea3n ph\u1ea9m g\u1eadp g\u01b0\u01a1ng VF3 ch\u00ednh h\u00e3ng lu\u00f4n c\u00f3 ch\u00ednh s\u00e1ch b\u1ea3o h\u00e0nh r\u00f5 r\u00e0ng, gi\u00fap b\u1ea1n y\u00ean t\u00e2m s\u1eed d\u1ee5ng, c\u0169ng nh\u01b0 c\u00f3 th\u1ec3 gi\u1ea3i quy\u1ebft c\u00e1c v\u1ea5n \u0111\u1ec1 x\u1ea3y ra trong qu\u00e1 tr\u00ecnh s\u1eed d\u1ee5ng.<\/p>\n<h2><strong>C\u00f3 n\u00ean t\u1ef1 l\u1eafp B\u1ed9 G\u01b0\u01a1ng \u0111i\u1ec7n\u00a0Vinfast VF3 &#8211; G\u1eadp t\u1ef1 \u0111\u1ed9ng c\u00f3 xi nhan t\u1ea1i nh\u00e0 kh\u00f4ng?<\/strong><\/h2>\n<p>&nbsp;<\/p>\n<p>Vinfast VF3 l\u00e0 d\u00f2ng xe \u0111i\u1ec7n v\u1edbi h\u1ec7 th\u1ed1ng \u0111i\u1ec1u khi\u1ec3n trung t\u00e2m kh\u00e1 ph\u1ee9c t\u1ea1p. S\u1eed d\u1ee5ng h\u1ec7 th\u1ed1ng ph\u1ea7n m\u1ec1m \u0111\u1ec3 \u0111i\u1ec1u khi\u1ec3n xe, n\u00ean khi mu\u1ed1n can thi\u1ec7p v\u00e0o h\u1ec7 th\u1ed1ng \u0111i\u1ec7n ho\u1eb7c g\u01b0\u01a1ng xe \u0111\u1ec1u c\u1ea7n c\u00f3 ki\u1ebfn th\u1ee9c chuy\u00ean s\u00e2u v\u1ec1 xe \u0111i\u1ec7n. Ch\u00ednh v\u00ec v\u1eady, vi\u1ec7c l\u1eafp b\u1ed9 g\u01b0\u01a1ng \u0111i\u1ec7n t\u1ef1 \u0111\u1ed9ng cho VF3 t\u1ea1i nh\u00e0 kh\u00f4ng \u0111\u01b0\u1ee3c khuy\u1ebfn kh\u00edch.<\/p>\n<p>N\u1ebfu l\u1eafp kh\u00f4ng \u0111\u00fang c\u00e1ch c\u00f3 th\u1ec3 g\u00e2y \u1ea3nh h\u01b0\u1edfng \u0111\u1ebfn ch\u1ee9c n\u0103ng c\u1ee7a g\u01b0\u01a1ng v\u00e0 c\u00e1c thi\u1ebft b\u1ecb kh\u00e1c tr\u00ean xe, th\u1eadm ch\u00ed c\u00f3 th\u1ec3 x\u1ea3y ra nhi\u1ec1u r\u1ee7i ro.<\/p>\n<p>\u0110\u1ec3 \u0111\u1ea3m b\u1ea3o an to\u00e0n v\u00e0 hi\u1ec7u qu\u1ea3, vi\u1ec7c l\u1eafp \u0111\u1eb7t g\u01b0\u01a1ng \u0111i\u1ec7n VF3 c\u1ea7n \u0111\u01b0\u1ee3c th\u1ef1c hi\u1ec7n b\u1edfi nh\u1eefng c\u01a1 s\u1edf uy t\u00edn v\u1edbi nh\u1eefng nh\u00e2n vi\u00ean k\u1ef9 thu\u1eadt c\u00f3 tay ngh\u1ec1 cao v\u00e0 chuy\u00ean m\u00f4n. H\u1ecd s\u1ebd \u0111\u1ea3m b\u1ea3o vi\u1ec7c l\u1eafp \u0111\u1eb7t g\u01b0\u01a1ng \u0111i\u1ec7n VF3 ho\u1ea1t \u0111\u1ed9ng \u1ed5n \u0111\u1ecbnh, kh\u00f4ng \u1ea3nh h\u01b0\u1edfng \u0111\u1ebfn c\u00e1c thi\u1ebft b\u1ecb kh\u00e1c v\u00e0 tr\u00e1nh c\u00e1c tr\u01b0\u1eddng h\u1ee3p b\u1ecb l\u1ed7i.<\/p>\n","protected":false},"excerpt":{"rendered":"<p>\u0110\u1ecba Ch\u1ec9: 273-275 Tr\u1ea7n Ph\u00fa Ph\u01b0\u1eddng L\u1ed9c S\u01a1n Th\u00e0nh Ph\u1ed1 B\u1ea3o L\u1ed9c T\u1ec9nh L\u00e2m \u0110\u1ed3ng Hotline: 0912197441 G\u01af\u01a0NG \u0110I\u1ec6N VF3 &#8211; G\u1eacP T\u1ef0 \u0110\u1ed8NG C\u00d3 XI NHAN Vinfast VF3 hi\u1ec7n \u0111ang l\u00e0 m\u1ed9t trong nh\u1eefng d\u00f2ng xe \u0111i\u1ec7n thu h\u00fat \u0111\u01b0\u1ee3c s\u1ef1 quan t\u00e2m r\u1ea5t l\u1edbn v\u1edbi ng\u01b0\u1eddi s\u1eed d\u1ee5ng tr\u00ean th\u1ecb tr\u01b0\u1eddng nh\u1edd thi\u1ebft [&#8230;]\n","protected":false},"featured_media":2458,"comment_status":"open","ping_status":"closed","template":"","meta":[],"product_brand":[],"product_cat":[68,67],"product_tag":[],"class_list":{"0":"post-2457","1":"product","2":"type-product","3":"status-publish","4":"has-post-thumbnail","6":"product_cat-gap-guong-dien","7":"product_cat-phu-kien-vf3","9":"first","10":"instock","11":"sale","12":"shipping-taxable","13":"purchasable","14":"product-type-simple"},"_links":{"self":[{"href":"https:\/\/autothaiduong.vn\/index.php?rest_route=\/wp\/v2\/product\/2457","targetHints":{"allow":["GET"]}}],"collection":[{"href":"https:\/\/autothaiduong.vn\/index.php?rest_route=\/wp\/v2\/product"}],"about":[{"href":"https:\/\/autothaiduong.vn\/index.php?rest_route=\/wp\/v2\/types\/product"}],"replies":[{"embeddable":true,"href":"https:\/\/autothaiduong.vn\/index.php?rest_route=%2Fwp%2Fv2%2Fcomments&post=2457"}],"wp:featuredmedia":[{"embeddable":true,"href":"https:\/\/autothaiduong.vn\/index.php?rest_route=\/wp\/v2\/media\/2458"}],"wp:attachment":[{"href":"https:\/\/autothaiduong.vn\/index.php?rest_route=%2Fwp%2Fv2%2Fmedia&parent=2457"}],"wp:term":[{"taxonomy":"product_brand","embeddable":true,"href":"https:\/\/autothaiduong.vn\/index.php?rest_route=%2Fwp%2Fv2%2Fproduct_brand&post=2457"},{"taxonomy":"product_cat","embeddable":true,"href":"https:\/\/autothaiduong.vn\/index.php?rest_route=%2Fwp%2Fv2%2Fproduct_cat&post=2457"},{"taxonomy":"product_tag","embeddable":true,"href":"https:\/\/autothaiduong.vn\/index.php?rest_route=%2Fwp%2Fv2%2Fproduct_tag&post=2457"}],"curies":[{"name":"wp","href":"https:\/\/api.w.org\/{rel}","templated":true}]}}