{"id":2461,"date":"2025-05-18T14:26:20","date_gmt":"2025-05-18T14:26:20","guid":{"rendered":"https:\/\/autothaiduong.vn\/?post_type=product&#038;p=2461"},"modified":"2025-05-18T14:26:31","modified_gmt":"2025-05-18T14:26:31","slug":"den-bi-led-aozoom-white-wolf-light-2-0-inch","status":"publish","type":"product","link":"https:\/\/autothaiduong.vn\/?product=den-bi-led-aozoom-white-wolf-light-2-0-inch","title":{"rendered":"\u0110\u00e8n Bi Led Aozoom White Wolf Light \u2013 2.0 inch"},"content":{"rendered":"<p><img loading=\"lazy\" decoding=\"async\" class=\" wp-image-2122 aligncenter\" src=\"https:\/\/autothaiduong.vn\/wp-content\/uploads\/2025\/05\/z6584734442481_f208f5944548cb4b46353402ce2e64e0-3.jpg\" alt=\"\" width=\"244\" height=\"216\" \/><\/p>\n<p style=\"text-align: center;\"><span style=\"font-size: 140%;\"><strong><span style=\"color: #ff0000;\">\u0110\u1ecba Ch\u1ec9: 273-275 Tr\u1ea7n Ph\u00fa Ph\u01b0\u1eddng L\u1ed9c S\u01a1n Th\u00e0nh Ph\u1ed1 B\u1ea3o L\u1ed9c T\u1ec9nh L\u00e2m \u0110\u1ed3ng <\/span><\/strong><\/span><\/p>\n<p style=\"text-align: center;\"><span style=\"font-size: 140%;\"><strong><span style=\"color: #ff0000;\">Hotline: 0912197441<\/span><\/strong><\/span><\/p>\n<h2>\u0110\u1eb7c \u0111i\u1ec3m n\u1ed5i b\u1eadt<\/h2>\n<p>Theo \u0111\u00e1nh gi\u00e1 c\u1ee7a c\u00e1c chuy\u00ean gia n\u1ed9i th\u1ea5t \u00f4 t\u00f4 t\u1ea1i\u00a0<strong><a href=\"https:\/\/pandaauto.vn\/\" target=\"_blank\" rel=\"noopener\">Panda Auto<\/a><\/strong>, chip Led \u0111\u1ed9c quy\u1ec1n c\u00f3 c\u00f4ng ngh\u1ec7 \u0111\u1ebfn t\u1eeb \u0110\u1ee9c cho c\u00f4ng su\u1ea5t t\u1ed1i \u01b0u v\u1edbi \u00e1nh s\u00e1ng m\u1ea1nh m\u1ebd.<\/p>\n<p>Ch\u1ea5t li\u1ec7u kim lo\u1ea1i cao c\u1ea5p mang \u0111\u1ebfn s\u1ef1 b\u1ec1n b\u1ec9 v\u1edbi th\u1eddi gian. \u0110\u1ed3ng th\u1eddi kh\u1eb3ng \u0111\u1ecbnh phong th\u00e1i sang tr\u1ecdng cho xe.<\/p>\n<div id=\"attachment_44071\" class=\"wp-caption aligncenter\">\n<p><img loading=\"lazy\" decoding=\"async\" class=\"alignnone size-full wp-image-2463\" src=\"https:\/\/autothaiduong.vn\/wp-content\/uploads\/2025\/05\/bi-led-chan-xoay-white-wolf-700x420-1.jpg\" alt=\"\u0111\u00e8n aozoom\" width=\"700\" height=\"420\" srcset=\"https:\/\/autothaiduong.vn\/wp-content\/uploads\/2025\/05\/bi-led-chan-xoay-white-wolf-700x420-1.jpg 700w, https:\/\/autothaiduong.vn\/wp-content\/uploads\/2025\/05\/bi-led-chan-xoay-white-wolf-700x420-1-600x360.jpg 600w\" sizes=\"auto, (max-width: 700px) 100vw, 700px\" \/><\/p>\n<p id=\"caption-attachment-44071\" class=\"wp-caption-text\">Thi\u1ebft k\u1ebf \u0110\u00e8n Bi Led Aozoom White Wolf Light \u2013 2.0 inch<\/p>\n<\/div>\n<p>Thi\u1ebft k\u1ebf 2.0 inch nh\u1ecf g\u1ecdn, ph\u00f9 h\u1ee3p v\u1edbi nhi\u1ec1u d\u00f2ng xe tr\u00ean th\u1ecb tr\u01b0\u1eddng.<\/p>\n<h2>T\u00ednh n\u0103ng h\u1eefu \u00edch<\/h2>\n<p>Ch\u1ebf \u0111\u1ed9 cos c\u00f3 v\u00f9ng s\u00e1ng r\u1ed9ng, \u00e1nh s\u00e1ng \u1edf ph\u1ea7n trung t\u00e2m \u0111\u1eadm v\u00e0 \u1ed5n \u0111\u1ecbnh. Bi LED ch\u00e2n xo\u00e1y 2.0 White Wolf cho t\u00e2m pha tr\u00f2n v\u00e0 gom s\u00e1ng t\u1ed1t<\/p>\n<div id=\"attachment_44072\" class=\"wp-caption aligncenter\">\n<p><img loading=\"lazy\" decoding=\"async\" class=\"alignnone size-full wp-image-2464\" src=\"https:\/\/autothaiduong.vn\/wp-content\/uploads\/2025\/05\/White-Wolf-Light-2.0-inch-700x394-1.jpg\" alt=\"\u00e1nh s\u00e1ng \u0110\u00e8n Bi Led Aozoom White Wolf Light - 2.0 inch\" width=\"700\" height=\"394\" srcset=\"https:\/\/autothaiduong.vn\/wp-content\/uploads\/2025\/05\/White-Wolf-Light-2.0-inch-700x394-1.jpg 700w, https:\/\/autothaiduong.vn\/wp-content\/uploads\/2025\/05\/White-Wolf-Light-2.0-inch-700x394-1-600x338.jpg 600w\" sizes=\"auto, (max-width: 700px) 100vw, 700px\" \/><\/p>\n<p id=\"caption-attachment-44072\" class=\"wp-caption-text\">Ch\u1ebf \u0111\u1ed9 Pha<\/p>\n<\/div>\n<p>C\u01b0\u1eddng \u0111\u1ed9 \u00e1nh s\u00e1ng t\u0103ng 50%, n\u00e2ng t\u1ea7m chi\u1ebfu xa l\u00ean \u0111\u1ebfn 700m gi\u00fap b\u1ea1n v\u01b0\u1ee3t m\u1ecdi tr\u1edf ng\u1ea1i v\u00e0 xuy\u00ean \u0111\u00eam an to\u00e0n.<\/p>\n<p>LED White Wolf Light c\u00f3 nhi\u1ec7t \u0111\u1ed9 m\u00e0u l\u00ean t\u1edbi 6000 Kelvin t\u1ea1o ra ch\u00f9m \u00e1nh s\u00e1ng tr\u1eafng cho t\u1ea7m nh\u00ecn r\u00f5 r\u00e0ng h\u01a1n.<\/p>\n<p>&nbsp;<\/p>\n<div class=\"vms-read-more\"><\/div>\n","protected":false},"excerpt":{"rendered":"<p><em><strong>Auto Th\u00e1i D\u01b0\u01a1ng- \u0110\u1ea1i L\u00ed Ch\u00ednh H\u00e3ng Aozoom T\u1ea1i TP.B\u1ea3o L\u1ed9c<\/strong><\/em><\/p>\n<p><em><strong>\u0110\u1ecba Ch\u1ec9: 273-275 Tr\u1ea7n Ph\u00fa Ph\u01b0\u1eddng L\u1ed9c S\u01a1n Th\u00e0nh Ph\u1ed1 B\u1ea3o L\u1ed9c T\u1ec9nh L\u00e2m \u0110\u1ed3ng <\/strong><\/em><\/p>\n<p><em><strong>Hotline: 0912197441<\/strong><\/em><\/p>\n<h2>Th\u00f4ng s\u1ed1 k\u1ef9 thu\u1eadt<\/h2>\n<ul>\n<li>C\u00f4ng su\u1ea5t: 32W (cos) \u2013 40W (pha)<\/li>\n<li>\u00c1nh s\u00e1ng: 6000K<\/li>\n<li>Ch\u1ec9 s\u1ed1 ch\u1ecbu nhi\u1ec7t: -40 \u0111\u1ed9 C \u0111\u1ebfn +120 \u0111\u1ed9 C<\/li>\n<li>Ch\u1ed1ng th\u1ea5m n\u01b0\u1edbc: IP65<\/li>\n<li>Size: 2.0 inch<\/li>\n<li>Kho\u1ea3ng c\u00e1ch chi\u1ebfu xa: 300m \u2013 450m<\/li>\n<li>Tu\u1ed5i th\u1ecd: 30.000 gi\u1edd<\/li>\n<\/ul>\n","protected":false},"featured_media":2462,"comment_status":"open","ping_status":"closed","template":"","meta":[],"product_brand":[140],"product_cat":[16,26],"product_tag":[],"class_list":{"0":"post-2461","1":"product","2":"type-product","3":"status-publish","4":"has-post-thumbnail","6":"product_brand-aozoom","7":"product_cat-anh-sang","8":"product_cat-bi-led","10":"first","11":"instock","12":"shipping-taxable","13":"purchasable","14":"product-type-simple"},"_links":{"self":[{"href":"https:\/\/autothaiduong.vn\/index.php?rest_route=\/wp\/v2\/product\/2461","targetHints":{"allow":["GET"]}}],"collection":[{"href":"https:\/\/autothaiduong.vn\/index.php?rest_route=\/wp\/v2\/product"}],"about":[{"href":"https:\/\/autothaiduong.vn\/index.php?rest_route=\/wp\/v2\/types\/product"}],"replies":[{"embeddable":true,"href":"https:\/\/autothaiduong.vn\/index.php?rest_route=%2Fwp%2Fv2%2Fcomments&post=2461"}],"wp:featuredmedia":[{"embeddable":true,"href":"https:\/\/autothaiduong.vn\/index.php?rest_route=\/wp\/v2\/media\/2462"}],"wp:attachment":[{"href":"https:\/\/autothaiduong.vn\/index.php?rest_route=%2Fwp%2Fv2%2Fmedia&parent=2461"}],"wp:term":[{"taxonomy":"product_brand","embeddable":true,"href":"https:\/\/autothaiduong.vn\/index.php?rest_route=%2Fwp%2Fv2%2Fproduct_brand&post=2461"},{"taxonomy":"product_cat","embeddable":true,"href":"https:\/\/autothaiduong.vn\/index.php?rest_route=%2Fwp%2Fv2%2Fproduct_cat&post=2461"},{"taxonomy":"product_tag","embeddable":true,"href":"https:\/\/autothaiduong.vn\/index.php?rest_route=%2Fwp%2Fv2%2Fproduct_tag&post=2461"}],"curies":[{"name":"wp","href":"https:\/\/api.w.org\/{rel}","templated":true}]}}