{"id":2475,"date":"2025-05-18T15:44:04","date_gmt":"2025-05-18T15:44:04","guid":{"rendered":"https:\/\/autothaiduong.vn\/?post_type=product&#038;p=2475"},"modified":"2025-05-18T15:44:29","modified_gmt":"2025-05-18T15:44:29","slug":"man-hinh-zestech-z18","status":"publish","type":"product","link":"https:\/\/autothaiduong.vn\/?product=man-hinh-zestech-z18","title":{"rendered":"M\u00e0n H\u00ecnh Zestech Z18"},"content":{"rendered":"<p><img loading=\"lazy\" decoding=\"async\" class=\" wp-image-2122 aligncenter\" src=\"https:\/\/autothaiduong.vn\/wp-content\/uploads\/2025\/05\/z6584734442481_f208f5944548cb4b46353402ce2e64e0-3.jpg\" alt=\"\" width=\"265\" height=\"235\" \/><\/p>\n<p style=\"text-align: center;\"><span style=\"font-size: 140%;\"><strong><span style=\"color: #ff0000;\">\u0110\u1ecba Ch\u1ec9: 273-275 Tr\u1ea7n Ph\u00fa Ph\u01b0\u1eddng L\u1ed9c S\u01a1n Th\u00e0nh Ph\u1ed1 B\u1ea3o L\u1ed9c T\u1ec9nh L\u00e2m \u0110\u1ed3ng<\/span><\/strong><\/span><\/p>\n<p style=\"text-align: center;\"><span style=\"font-size: 140%;\"><strong><span style=\"color: #ff0000;\"> Hotline: 0912197441<\/span><\/strong><\/span><\/p>\n<h2>T\u00cdNH N\u0102NG S\u1ea2N PH\u1ea8M<\/h2>\n<h3><span id=\"Cong_Nghe_OTA_%E2%80%93_Auto_Update\" class=\"ez-toc-section\"><\/span>C\u00f4ng Ngh\u1ec7 OTA \u2013 Auto Update<\/h3>\n<ul>\n<li>C\u00f4ng ngh\u1ec7 \u0111\u1ed9c quy\u1ec1n do Zestech nghi\u00ean c\u1ee9u v\u00e0 ph\u00e1t tri\u1ec3n<\/li>\n<li>N\u00e2ng c\u1ea5p h\u1ec7 th\u1ed1ng tr\u1ef1c tuy\u1ebft, ch\u1ee7 \u0111\u1ed9ng n\u00e2ng c\u1ea5p c\u00e1c \u1ee9ng d\u1ee5ng gi\u1ea3i tr\u00ed<\/li>\n<li>Ho\u1ea1t \u0111\u1ed9ng ch\u1ec9 c\u1ea7n thi\u1ebft khi k\u1ebft n\u1ed1i m\u1ea1ng Wifi\/4G<\/li>\n<\/ul>\n<p><img loading=\"lazy\" decoding=\"async\" class=\"alignnone size-full wp-image-2477\" src=\"https:\/\/autothaiduong.vn\/wp-content\/uploads\/2025\/05\/nang-cap-truc-tuyen-ota.jpg\" alt=\"\" width=\"800\" height=\"423\" srcset=\"https:\/\/autothaiduong.vn\/wp-content\/uploads\/2025\/05\/nang-cap-truc-tuyen-ota.jpg 800w, https:\/\/autothaiduong.vn\/wp-content\/uploads\/2025\/05\/nang-cap-truc-tuyen-ota-600x317.jpg 600w, https:\/\/autothaiduong.vn\/wp-content\/uploads\/2025\/05\/nang-cap-truc-tuyen-ota-768x406.jpg 768w\" sizes=\"auto, (max-width: 800px) 100vw, 800px\" \/><\/p>\n<h3><span id=\"Dinh_Vi_Xe\" class=\"ez-toc-section\"><\/span>\u0110\u1ecbnh V\u1ecb Xe<\/h3>\n<p>Zestech l\u00e0 \u0111\u01a1n v\u1ecb \u0111\u1ea7u ti\u00ean v\u00e0 ti\u00ean phong trong ph\u00e1t tri\u1ec3n \u0111\u1ecbnh v\u1ecb qu\u1ea3n l\u00fd xe t\u1eeb xa, ki\u1ec3m tra l\u1ecbch tr\u00ecnh c\u1ee7a xe trong v\u00f2ng 365 ng\u00e0y<\/p>\n<p><img loading=\"lazy\" decoding=\"async\" class=\"alignnone size-full wp-image-2478\" src=\"https:\/\/autothaiduong.vn\/wp-content\/uploads\/2025\/05\/dinh-vi-man-hinh-z18.jpg\" alt=\"\" width=\"800\" height=\"422\" srcset=\"https:\/\/autothaiduong.vn\/wp-content\/uploads\/2025\/05\/dinh-vi-man-hinh-z18.jpg 800w, https:\/\/autothaiduong.vn\/wp-content\/uploads\/2025\/05\/dinh-vi-man-hinh-z18-600x317.jpg 600w, https:\/\/autothaiduong.vn\/wp-content\/uploads\/2025\/05\/dinh-vi-man-hinh-z18-768x405.jpg 768w\" sizes=\"auto, (max-width: 800px) 100vw, 800px\" \/><\/p>\n<h3><span id=\"Tra_Cuu_Phat_Nguoi\" class=\"ez-toc-section\"><\/span>Tra C\u1ee9u Ph\u1ea1t Ngu\u1ed9i<\/h3>\n<p>S\u1eed d\u1ee5ng gi\u1ecdng n\u00f3i \u0111\u1ec3 tra c\u1ee9u v\u1edbi c\u00e2u l\u1ec7nh \u201cPh\u1ea1t ngu\u1ed9 + bi\u1ec3n s\u1ed1 xe\u201d. \u0110\u1ed3ng th\u1eddi tin nh\u1eafn s\u1ebd th\u00f4ng b\u00e1o ho\u1eb7c g\u1ecdi \u0111i\u1ec7n cho kh\u00e1ch h\u00e0ng khi b\u1ecb ph\u1ea1t ngu\u1ed9i<\/p>\n<p><img loading=\"lazy\" decoding=\"async\" class=\"alignnone size-full wp-image-2479\" src=\"https:\/\/autothaiduong.vn\/wp-content\/uploads\/2025\/05\/kiem-tra-phat-nguoi.jpg\" alt=\"\" width=\"800\" height=\"424\" srcset=\"https:\/\/autothaiduong.vn\/wp-content\/uploads\/2025\/05\/kiem-tra-phat-nguoi.jpg 800w, https:\/\/autothaiduong.vn\/wp-content\/uploads\/2025\/05\/kiem-tra-phat-nguoi-600x318.jpg 600w, https:\/\/autothaiduong.vn\/wp-content\/uploads\/2025\/05\/kiem-tra-phat-nguoi-768x407.jpg 768w\" sizes=\"auto, (max-width: 800px) 100vw, 800px\" \/><\/p>\n<h3><span id=\"Dieu_Khien_Giong_Noi\" class=\"ez-toc-section\"><\/span>\u0110i\u1ec1u Khi\u1ec3n Gi\u1ecdng N\u00f3i<\/h3>\n<p>\u0110i\u1ec1u khi\u1ec3n m\u1ecdi t\u00e1c v\u1ee5 v\u1edbi tr\u1ee3 l\u00fd KIKi c\u00f3 kh\u1ea3 n\u0103ng nghe \u2013 hi\u1ec3u gi\u1ecdng n\u00f3i 3 mi\u1ec1n B\u1eafc \u2013 Trung \u2013 Nam v\u00e0 ph\u1ea3n h\u1ed3i nhanh ch\u00f3ng v\u1edbi m\u1ecdi c\u00e2u l\u1ec7nh c\u1ee7a b\u1ea1n. Mang t\u1edbi cho ng\u01b0\u1eddi d\u00f9ng tr\u1ea3i nghi\u1ec7m l\u00e1i xe r\u1ea3nh tay r\u1ea3nh m\u1eaft c\u1ef1c k\u1ef3 th\u00f4ng minh<\/p>\n<p><img loading=\"lazy\" decoding=\"async\" class=\"alignnone size-full wp-image-2480\" src=\"https:\/\/autothaiduong.vn\/wp-content\/uploads\/2025\/05\/dieu-khien-giong-noi.jpg\" alt=\"\" width=\"800\" height=\"422\" srcset=\"https:\/\/autothaiduong.vn\/wp-content\/uploads\/2025\/05\/dieu-khien-giong-noi.jpg 800w, https:\/\/autothaiduong.vn\/wp-content\/uploads\/2025\/05\/dieu-khien-giong-noi-600x317.jpg 600w, https:\/\/autothaiduong.vn\/wp-content\/uploads\/2025\/05\/dieu-khien-giong-noi-768x405.jpg 768w\" sizes=\"auto, (max-width: 800px) 100vw, 800px\" \/><\/p>\n<h3><span id=\"Cam_Bien_Ap_Suat_Lop\" class=\"ez-toc-section\"><\/span>C\u1ea3m Bi\u1ebfn \u00c1p Su\u1ea5t L\u1ed1p<\/h3>\n<p>T\u00edch h\u1ee3p c\u1ea3m bi\u1ebfn \u00e1p su\u1ea5t l\u1ed1p tr\u1ef1c ti\u1ebfp l\u00ean m\u00e0n h\u00ecnh android c\u1ee7a xe. Th\u00f4ng b\u00e1o t\u00ecnh tr\u1ea1ng, \u00e1o su\u1ea5t nhi\u1ec7t \u0111\u1ed9 c\u1ee7a t\u1eebng l\u1edbp. Th\u1ed1ng b\u00e1o b\u1eb1ng ti\u1ebfng k\u00eau khi \u00e1p su\u1ea5t l\u1ed1p d\u01b0\u1edbi 2.0 ho\u1eb7c \u00e1p su\u1ea5t l\u1ed1p gi\u1ea3m \u0111\u1ed9t ng\u1ed9t<\/p>\n<p><img loading=\"lazy\" decoding=\"async\" class=\"alignnone size-full wp-image-2481\" src=\"https:\/\/autothaiduong.vn\/wp-content\/uploads\/2025\/05\/cam-bien-ap-suat-lop.jpg\" alt=\"\" width=\"800\" height=\"425\" srcset=\"https:\/\/autothaiduong.vn\/wp-content\/uploads\/2025\/05\/cam-bien-ap-suat-lop.jpg 800w, https:\/\/autothaiduong.vn\/wp-content\/uploads\/2025\/05\/cam-bien-ap-suat-lop-600x319.jpg 600w, https:\/\/autothaiduong.vn\/wp-content\/uploads\/2025\/05\/cam-bien-ap-suat-lop-768x408.jpg 768w\" sizes=\"auto, (max-width: 800px) 100vw, 800px\" \/><\/p>\n<p class=\"\" data-start=\"207\" data-end=\"448\">Li\u00ean h\u1ec7 ngay <strong>Auto Th\u00e1i D\u01b0\u01a1ng\u00a0<\/strong>\u0111\u1ec3 tr\u1ea3i nghi\u1ec7m s\u1ea3n ph\u1ea9m c\u00f4ng ngh\u1ec7 m\u1edbi nh\u1ea5t c\u00f9ng ch\u00ednh s\u00e1ch b\u1ea3o h\u00e0nh ch\u00ednh h\u00e3ng.<\/p>\n<p class=\"\" data-start=\"450\" data-end=\"589\">\n","protected":false},"excerpt":{"rendered":"<h3><em><strong>Auto Th\u00e1i D\u01b0\u01a1ng &#8211; \u0110\u1ea1i L\u00ed Ch\u00ednh H\u00e3ng Zestech T\u1ea1i TP.B\u1ea3o L\u1ed9c<\/strong><\/em><\/h3>\n<h3><em><strong>\u0110\u1ecba Ch\u1ec9: 273-275 Tr\u1ea7n Ph\u00fa Ph\u01b0\u1eddng L\u1ed9c S\u01a1n Th\u00e0nh Ph\u1ed1 B\u1ea3o L\u1ed9c T\u1ec9nh L\u00e2m \u0110\u1ed3ng <\/strong><\/em><\/h3>\n<h3><em><strong>Hotline: 0912197441<\/strong><\/em><\/h3>\n<ul>\n<li>\n<h3><strong><span style=\"font-size: 90%;\">TH\u00d4NG S\u1ed0 K\u1ef8 THU\u1eacT<\/span><\/strong><\/h3>\n<\/li>\n<li>RAM: 2GB<\/li>\n<li>ROM: 32GB<\/li>\n<li>CPU: UIS8581<\/li>\n<li>Chip: Octa-care ARM CortexTM A55<\/li>\n<li>Main: 1.6Hz<\/li>\n<li>N\u0103m s\u1ea3n xu\u1ea5t: 2024<\/li>\n<li>H\u1ec7 \u0111i\u1ec1u h\u00e0nh Android 10<\/li>\n<li>M\u00e0n h\u00ecnh l\u1eafp 9\/10inch, 1280*720px, IPS Full HD,C\u01b0\u1eddng l\u1ef1c 2.5D<\/li>\n<li>K\u1ebft n\u1ed1i \u0111\u01b0\u1ee3c Wifi, Bluetooth, Sim 4G<\/li>\n<\/ul>\n<h2><span id=\"QUA_TANG_HAP_DAN\" class=\"ez-toc-section\"><\/span>QU\u00c0 T\u1eb6NG H\u1ea4P D\u1eaaN<\/h2>\n<ul>\n<li>Sim 4G t\u1ed1c \u0111\u1ed9 cao<\/li>\n<li>Camera h\u00e0nh tr\u00ecnh<\/li>\n<li>Th\u00e9 nh\u1edb 32Gb<\/li>\n<li>T\u1eb7ng C\u1ea3m bi\u1ebfn \u00e1p su\u1ea5t l\u1ed1p Zestech gi\u00e1 3.500.000 VN\u0110 (\u00c1p d\u1ee5ng v\u1edbi gi\u00e1 ch\u01b0a gi\u1ea3m)<\/li>\n<\/ul>\n<h2><span id=\"BAO_HANH\" class=\"ez-toc-section\"><\/span>B\u1ea2O H\u00c0NH<\/h2>\n<ul>\n<li>B\u1ea3o h\u00e0nh \u0111i\u1ec7n t\u1eed 18 th\u00e1ng tr\u00ean to\u00e0n qu\u1ed1c<\/li>\n<li>L\u1ed7i 1 \u0111\u1ed5i 1 trong 1 n\u0103m<\/li>\n<li>D\u00f9ng th\u1eed 7 ng\u00e0y mi\u1ec5n ph\u00ed<\/li>\n<\/ul>\n","protected":false},"featured_media":2476,"comment_status":"open","ping_status":"closed","template":"","meta":[],"product_brand":[81],"product_cat":[17,70,62],"product_tag":[],"class_list":{"0":"post-2475","1":"product","2":"type-product","3":"status-publish","4":"has-post-thumbnail","6":"product_brand-zestech","7":"product_cat-dvd-android-box","8":"product_cat-man-hinh-android","9":"product_cat-man-hinh-dvd-android-o-to","11":"first","12":"instock","13":"sale","14":"shipping-taxable","15":"purchasable","16":"product-type-simple"},"_links":{"self":[{"href":"https:\/\/autothaiduong.vn\/index.php?rest_route=\/wp\/v2\/product\/2475","targetHints":{"allow":["GET"]}}],"collection":[{"href":"https:\/\/autothaiduong.vn\/index.php?rest_route=\/wp\/v2\/product"}],"about":[{"href":"https:\/\/autothaiduong.vn\/index.php?rest_route=\/wp\/v2\/types\/product"}],"replies":[{"embeddable":true,"href":"https:\/\/autothaiduong.vn\/index.php?rest_route=%2Fwp%2Fv2%2Fcomments&post=2475"}],"wp:featuredmedia":[{"embeddable":true,"href":"https:\/\/autothaiduong.vn\/index.php?rest_route=\/wp\/v2\/media\/2476"}],"wp:attachment":[{"href":"https:\/\/autothaiduong.vn\/index.php?rest_route=%2Fwp%2Fv2%2Fmedia&parent=2475"}],"wp:term":[{"taxonomy":"product_brand","embeddable":true,"href":"https:\/\/autothaiduong.vn\/index.php?rest_route=%2Fwp%2Fv2%2Fproduct_brand&post=2475"},{"taxonomy":"product_cat","embeddable":true,"href":"https:\/\/autothaiduong.vn\/index.php?rest_route=%2Fwp%2Fv2%2Fproduct_cat&post=2475"},{"taxonomy":"product_tag","embeddable":true,"href":"https:\/\/autothaiduong.vn\/index.php?rest_route=%2Fwp%2Fv2%2Fproduct_tag&post=2475"}],"curies":[{"name":"wp","href":"https:\/\/api.w.org\/{rel}","templated":true}]}}