{"id":2482,"date":"2025-05-18T15:49:18","date_gmt":"2025-05-18T15:49:18","guid":{"rendered":"https:\/\/autothaiduong.vn\/?post_type=product&#038;p=2482"},"modified":"2025-05-18T15:50:03","modified_gmt":"2025-05-18T15:50:03","slug":"zestech-s100j","status":"publish","type":"product","link":"https:\/\/autothaiduong.vn\/?product=zestech-s100j","title":{"rendered":"Zestech S100J"},"content":{"rendered":"<p><img loading=\"lazy\" decoding=\"async\" class=\" wp-image-2122 aligncenter\" src=\"https:\/\/autothaiduong.vn\/wp-content\/uploads\/2025\/05\/z6584734442481_f208f5944548cb4b46353402ce2e64e0-3.jpg\" alt=\"\" width=\"236\" height=\"209\" \/><\/p>\n<p style=\"text-align: center;\"><span style=\"font-size: 140%;\"><strong><span style=\"color: #ff0000;\">\u0110\u1ecba Ch\u1ec9: 273-275 Tr\u1ea7n Ph\u00fa Ph\u01b0\u1eddng L\u1ed9c S\u01a1n Th\u00e0nh Ph\u1ed1 B\u1ea3o L\u1ed9c T\u1ec9nh L\u00e2m \u0110\u1ed3ng <\/span><\/strong><\/span><\/p>\n<p style=\"text-align: center;\"><span style=\"font-size: 140%;\"><strong><span style=\"color: #ff0000;\">Hotline: 0912197441<\/span><\/strong><\/span><\/p>\n<h2>T\u00cdNH N\u0102NG N\u1ed4I B\u1eacT<\/h2>\n<h2><span id=\"RA_LENH_GIONG_NOI_THONG_MINH_VOI_TRO_LY_KIKI\" class=\"ez-toc-section\"><\/span>RA L\u1ec6NH GI\u1eccNG N\u00d3I TH\u00d4NG MINH V\u1edaI TR\u1ee2 L\u00dd KIKI<\/h2>\n<div class=\"kh_des_title\">Mang t\u1edbi tr\u1ea3i nghi\u1ec7m l\u00e1i xe r\u1ea3nh tay r\u1ea3nh m\u1eaft c\u1ef1c k\u1ef3 th\u00f4ng minh b\u1eb1ng t\u00ednh n\u0103ng \u0111i\u1ec1u khi\u1ec3n gi\u1ecdng n\u00f3i b\u1eb1ng ph\u00edm b\u1ea5m tr\u00ean v\u00f4 l\u0103ng.<\/div>\n<div><img loading=\"lazy\" decoding=\"async\" class=\"alignnone size-full wp-image-2484\" src=\"https:\/\/autothaiduong.vn\/wp-content\/uploads\/2025\/05\/tich-hop-tro-ly-tieng-viet-kiki-zestech-2.jpg\" alt=\"\" width=\"950\" height=\"515\" srcset=\"https:\/\/autothaiduong.vn\/wp-content\/uploads\/2025\/05\/tich-hop-tro-ly-tieng-viet-kiki-zestech-2.jpg 950w, https:\/\/autothaiduong.vn\/wp-content\/uploads\/2025\/05\/tich-hop-tro-ly-tieng-viet-kiki-zestech-2-600x325.jpg 600w, https:\/\/autothaiduong.vn\/wp-content\/uploads\/2025\/05\/tich-hop-tro-ly-tieng-viet-kiki-zestech-2-768x416.jpg 768w\" sizes=\"auto, (max-width: 950px) 100vw, 950px\" \/><\/div>\n<div>\n<h2 class=\"kh_title_module\"><span id=\"CANH_BAO_GIOI_HAN_TOC_DO_VA_HIEN_THI_MAT_DO_GIAO_THONG\" class=\"ez-toc-section\"><\/span>C\u1ea2NH B\u00c1O GI\u1edaI H\u1ea0N T\u1ed0C \u0110\u1ed8 V\u00c0 HI\u1ec2N TH\u1eca M\u1eacT \u0110\u1ed8 GIAO TH\u00d4NG<\/h2>\n<div class=\"kh_des_title\"><strong>M\u00e0n h\u00ecnh android \u00f4 t\u00f4 Zestech\u00a0<\/strong>c\u1eadp nh\u1eadt gi\u1edbi h\u1ea1n \u2013 c\u1ea3nh b\u00e1o t\u1ed1c \u0111\u1ed9 v\u00e0 b\u00e1o khu d\u00e2n c\u01b0, camera ph\u1ea1t ngu\u1ed9i tr\u00ean \u1ee9ng d\u1ee5ng Vietmap.<br \/>\nHi\u1ec3n th\u1ecb \u0111\u01b0\u1ee3c m\u1eadt \u0111\u1ed9 giao th\u00f4ng tuy\u1ebfn \u0111\u01b0\u1eddng tr\u00ean \u1ee9ng d\u1ee5ng Google Maps.<\/div>\n<div><img loading=\"lazy\" decoding=\"async\" class=\"alignnone size-full wp-image-2485\" src=\"https:\/\/autothaiduong.vn\/wp-content\/uploads\/2025\/05\/canh-bao-gioi-han-toc-do-an-toan-zestech-2.jpg\" alt=\"\" width=\"950\" height=\"515\" srcset=\"https:\/\/autothaiduong.vn\/wp-content\/uploads\/2025\/05\/canh-bao-gioi-han-toc-do-an-toan-zestech-2.jpg 950w, https:\/\/autothaiduong.vn\/wp-content\/uploads\/2025\/05\/canh-bao-gioi-han-toc-do-an-toan-zestech-2-600x325.jpg 600w, https:\/\/autothaiduong.vn\/wp-content\/uploads\/2025\/05\/canh-bao-gioi-han-toc-do-an-toan-zestech-2-768x416.jpg 768w\" sizes=\"auto, (max-width: 950px) 100vw, 950px\" \/><\/div>\n<div>\n<h2><span id=\"GIAI_TRI_DA_PHUONG_TIEN_KHONG_GIOI_HAN\" class=\"ez-toc-section\"><\/span>GI\u1ea2I TR\u00cd \u0110A PH\u01af\u01a0NG TI\u1ec6N KH\u00d4NG GI\u1edaI H\u1ea0N<\/h2>\n<div>Tho\u1ea3 th\u00edch xem video, nghe nh\u1ea1c, l\u01b0\u1edbt web,\u2026 tr\u00ean c\u00e1c \u1ee9ng d\u1ee5ng gi\u1ea3i tr\u00ed nh\u01b0 Youtube, Zing MP3, VTVgo,\u2026 gi\u00fap nh\u1eefng chuy\u1ebfn \u0111i tr\u1edf n\u00ean tuy\u1ec7t v\u1eddi h\u01a1n.<\/div>\n<div><img loading=\"lazy\" decoding=\"async\" class=\"alignnone size-full wp-image-2486\" src=\"https:\/\/autothaiduong.vn\/wp-content\/uploads\/2025\/05\/the-gioi-giai-tri-da-phuong-tien-man-hinh-zestech-6.jpg\" alt=\"\" width=\"950\" height=\"515\" srcset=\"https:\/\/autothaiduong.vn\/wp-content\/uploads\/2025\/05\/the-gioi-giai-tri-da-phuong-tien-man-hinh-zestech-6.jpg 950w, https:\/\/autothaiduong.vn\/wp-content\/uploads\/2025\/05\/the-gioi-giai-tri-da-phuong-tien-man-hinh-zestech-6-600x325.jpg 600w, https:\/\/autothaiduong.vn\/wp-content\/uploads\/2025\/05\/the-gioi-giai-tri-da-phuong-tien-man-hinh-zestech-6-768x416.jpg 768w\" sizes=\"auto, (max-width: 950px) 100vw, 950px\" \/><\/div>\n<div>\n<h2><span id=\"DAN_DUONG_THONG_MINH\" class=\"ez-toc-section\"><\/span>D\u1eaaN \u0110\u01af\u1edcNG TH\u00d4NG MINH<\/h2>\n<div>M\u00e0n h\u00ecnh Zestech t\u00edch h\u1ee3p 3 lo\u1ea1i b\u1ea3n \u0111\u1ed3 ph\u1ed5 bi\u1ebfn nh\u1ea5t hi\u1ec7n nay l\u00e0 Vietmap, Google Maps v\u00e0 Navitel. Ng\u01b0\u1eddi d\u00f9ng c\u00f3 th\u1ec3 linh ho\u1ea1t ch\u1ecdn b\u1ea3n \u0111\u1ed3 ph\u00f9 h\u1ee3p v\u1edbi cung \u0111\u01b0\u1eddng di chuy\u1ec3n c\u1ee7a m\u00ecnh.<\/div>\n<div><img loading=\"lazy\" decoding=\"async\" class=\"alignnone size-full wp-image-2487\" src=\"https:\/\/autothaiduong.vn\/wp-content\/uploads\/2025\/05\/tich-hop-3-ban-do-dan-duong-5.jpg\" alt=\"\" width=\"950\" height=\"515\" srcset=\"https:\/\/autothaiduong.vn\/wp-content\/uploads\/2025\/05\/tich-hop-3-ban-do-dan-duong-5.jpg 950w, https:\/\/autothaiduong.vn\/wp-content\/uploads\/2025\/05\/tich-hop-3-ban-do-dan-duong-5-600x325.jpg 600w, https:\/\/autothaiduong.vn\/wp-content\/uploads\/2025\/05\/tich-hop-3-ban-do-dan-duong-5-768x416.jpg 768w\" sizes=\"auto, (max-width: 950px) 100vw, 950px\" \/><\/div>\n<div>\n<h2><span id=\"CHIA_DOI_MAN_HINH_%E2%80%93_CHAY_DA_NHIEM_UNG_DUNG\" class=\"ez-toc-section\"><\/span>CHIA \u0110\u00d4I M\u00c0N H\u00ccNH \u2013 CH\u1ea0Y \u0110A NHI\u1ec6M \u1ee8NG D\u1ee4NG<\/h2>\n<div>Chia \u0111\u00f4i m\u00e0n h\u00ecnh gi\u00fap ng\u01b0\u1eddi d\u00f9ng c\u00f9ng l\u00fac s\u1eed d\u1ee5ng 2 \u1ee9ng d\u1ee5ng d\u1eabn \u0111\u01b0\u1eddng v\u00e0 Youtube tr\u00ean m\u00e0n h\u00ecnh kh\u00f4ng b\u1ecb gi\u00e1n \u0111o\u1ea1n.<\/div>\n<div><img loading=\"lazy\" decoding=\"async\" class=\"alignnone size-full wp-image-2488\" src=\"https:\/\/autothaiduong.vn\/wp-content\/uploads\/2025\/05\/chia-doi-man-hinh-5.jpg\" alt=\"\" width=\"950\" height=\"515\" srcset=\"https:\/\/autothaiduong.vn\/wp-content\/uploads\/2025\/05\/chia-doi-man-hinh-5.jpg 950w, https:\/\/autothaiduong.vn\/wp-content\/uploads\/2025\/05\/chia-doi-man-hinh-5-600x325.jpg 600w, https:\/\/autothaiduong.vn\/wp-content\/uploads\/2025\/05\/chia-doi-man-hinh-5-768x416.jpg 768w\" sizes=\"auto, (max-width: 950px) 100vw, 950px\" \/><\/div>\n<div>\n<h2><span id=\"CA_NHAN_HOA_%E2%80%93_TU_DONG_HOA_GIAO_DIEN\" class=\"ez-toc-section\"><\/span>C\u00c1 NH\u00c2N H\u00d3A \u2013 T\u1ef0 \u0110\u1ed8NG H\u00d3A GIAO DI\u1ec6N<\/h2>\n<div>\n<div class=\"kh_subtitle_module\">V\u1edbi h\u00e0ng tr\u0103m m\u00e0u s\u1eafc phong thu\u1ef7 gi\u00fap giao di\u1ec7n m\u00e0n h\u00ecnh tr\u1edf n\u00ean hi\u1ec7n \u0111\u1ea1i v\u00e0 \u0111\u1eb3ng c\u1ea5p h\u01a1n. B\u00ean c\u1ea1nh \u0111\u00f3 b\u1ea1n ho\u00e0n to\u00e0n c\u00f3 th\u1ec3 thay \u0111\u1ed5i m\u1eabu xe, bi\u1ec3n s\u1ed1 v\u00e0 c\u1ea3 m\u00e0u s\u1eafc xe theo s\u1edf th\u00edch.<\/div>\n<div><img loading=\"lazy\" decoding=\"async\" class=\"alignnone size-full wp-image-2489\" src=\"https:\/\/autothaiduong.vn\/wp-content\/uploads\/2025\/05\/ca-nhan-hoa-tu-dong-hoa-giao-dien-zestech.jpg\" alt=\"\" width=\"950\" height=\"515\" srcset=\"https:\/\/autothaiduong.vn\/wp-content\/uploads\/2025\/05\/ca-nhan-hoa-tu-dong-hoa-giao-dien-zestech.jpg 950w, https:\/\/autothaiduong.vn\/wp-content\/uploads\/2025\/05\/ca-nhan-hoa-tu-dong-hoa-giao-dien-zestech-600x325.jpg 600w, https:\/\/autothaiduong.vn\/wp-content\/uploads\/2025\/05\/ca-nhan-hoa-tu-dong-hoa-giao-dien-zestech-768x416.jpg 768w\" sizes=\"auto, (max-width: 950px) 100vw, 950px\" \/><\/div>\n<div>\n<h2><span id=\"KIEM_TRA_PHAT_NGUOI_TUC_THOI\" class=\"ez-toc-section\"><\/span>KI\u1ec2M TRA PH\u1ea0T NGU\u1ed8I T\u1ee8C TH\u1edcI<\/h2>\n<div>\n<p>Qu\u00fd kh\u00e1ch h\u00e0ng c\u00f3 th\u1ec3 ki\u1ec3m tra ph\u1ea1t ngu\u1ed9i b\u1ea5t k\u00ec xe n\u00e0o tr\u00ean m\u00e0n h\u00ecnh, khi xe b\u1ecb ph\u1ea1t ngu\u1ed9i s\u1ebd c\u00f3 th\u00f4ng b\u00e1o qua tin nh\u1eafn \u0111\u1ebfn \u0111i\u1ec7n tho\u1ea1i \u0111\u0103ng k\u00ed tr\u00ean m\u00e0n h\u00ecnh.<\/p>\n<p><img loading=\"lazy\" decoding=\"async\" class=\"alignnone size-full wp-image-2490\" src=\"https:\/\/autothaiduong.vn\/wp-content\/uploads\/2025\/05\/check-phat-nguoi-nhanh-chong-2.jpg\" alt=\"\" width=\"950\" height=\"515\" srcset=\"https:\/\/autothaiduong.vn\/wp-content\/uploads\/2025\/05\/check-phat-nguoi-nhanh-chong-2.jpg 950w, https:\/\/autothaiduong.vn\/wp-content\/uploads\/2025\/05\/check-phat-nguoi-nhanh-chong-2-600x325.jpg 600w, https:\/\/autothaiduong.vn\/wp-content\/uploads\/2025\/05\/check-phat-nguoi-nhanh-chong-2-768x416.jpg 768w\" sizes=\"auto, (max-width: 950px) 100vw, 950px\" \/><\/p>\n<h2><span id=\"KET_NOI_VOI_CAC_THIET_BI_NGOAI_VI\" class=\"ez-toc-section\"><\/span>K\u1ebeT N\u1ed0I V\u1edaI C\u00c1C THI\u1ebeT B\u1eca NGO\u1ea0I VI<\/h2>\n<p>M\u00e0n h\u00ecnh c\u00f3 th\u1ec3 t\u00edch h\u1ee3p \u0111\u01b0\u1ee3c v\u1edbi c\u00e1c thi\u1ebft b\u1ecb kh\u00e1c nh\u01b0: Camera 360, camera h\u00e0nh tr\u00ecnh, c\u1ea3m bi\u1ebfn \u00e1p su\u1ea5t l\u1ed1p,..<\/p>\n<p><em><strong>Li\u00ean h\u1ec7 ngay <span style=\"color: #ff0000;\">Auto Th\u00e1i D\u01b0\u01a1ng<\/span> \u00a0\u0111\u1ec3 tr\u1ea3i nghi\u1ec7m s\u1ea3n ph\u1ea9m c\u00f4ng ngh\u1ec7 m\u1edbi nh\u1ea5t c\u00f9ng ch\u00ednh s\u00e1ch b\u1ea3o h\u00e0nh ch\u00ednh h\u00e3ng.<\/strong><\/em><\/p>\n<p><em><strong>\u0110\u1ecba Ch\u1ec9: 273-275 Tr\u1ea7n Ph\u00fa Ph\u01b0\u1eddng L\u1ed9c S\u01a1n Th\u00e0nh Ph\u1ed1 B\u1ea3o L\u1ed9c T\u1ec9nh L\u00e2m \u0110\u1ed3ng <\/strong><\/em><\/p>\n<p><em><strong>Hotline: 0912197441<\/strong><\/em><\/p>\n<\/div>\n<\/div>\n<\/div>\n<\/div>\n<\/div>\n<\/div>\n<\/div>\n<\/div>\n<p>&nbsp;<\/p>\n","protected":false},"excerpt":{"rendered":"<h2><em><strong>Auto Th\u00e1i D\u01b0\u01a1ng &#8211; \u0110\u1ea1i L\u00ed Ch\u00ednh H\u00e3ng Zestech T\u1ea1i TP.B\u1ea3o L\u1ed9c<\/strong><\/em><\/h2>\n<h3><em><strong>\u0110\u1ecba Ch\u1ec9: 273-275 Tr\u1ea7n Ph\u00fa Ph\u01b0\u1eddng L\u1ed9c S\u01a1n Th\u00e0nh Ph\u1ed1 B\u1ea3o L\u1ed9c T\u1ec9nh L\u00e2m \u0110\u1ed3ng<\/strong><\/em><\/h3>\n<h3><em><strong> Hotline: 0912197441<\/strong><\/em><\/h3>\n<h2><\/h2>\n<h2>TH\u00d4NG S\u1ed0 K\u1ef8 THU\u1eacT<\/h2>\n<ul>\n<li>RAM: 2GB<\/li>\n<li>ROM: 32GB<\/li>\n<li>N\u0103m s\u1ea3n xu\u1ea5t: 2022<\/li>\n<li>H\u1ec7 \u0111i\u1ec1u h\u00e0nh Android 10<\/li>\n<li>M\u00e0n h\u00ecnh l\u1eafp 9\/10inch, 1280*720px, IPS Full HD,C\u01b0\u1eddng l\u1ef1c 2.5D<\/li>\n<li>K\u1ebft n\u1ed1i \u0111\u01b0\u1ee3c Wifi, Bluetooth, Sim 4G<\/li>\n<\/ul>\n<h2><span id=\"QUA_TANG_HAP_DAN\" class=\"ez-toc-section\"><\/span>QU\u00c0 T\u1eb6NG H\u1ea4P D\u1eaaN<\/h2>\n<ul>\n<li>B\u1ea3n quy\u1ec1n tr\u1ecdn \u0111\u1eddi B\u1ea3n \u0111\u1ed3 Vietmap S1<\/li>\n<li>Sim 4G t\u1ed1c \u0111\u1ed9 cao<\/li>\n<li>Camera h\u00e0nh tr\u00ecnh Zestech \u2013 th\u1ebb nh\u1edb<\/li>\n<li>T\u1eb7ng C\u1ea3m bi\u1ebfn \u00e1p su\u1ea5t l\u1ed1p Zestech gi\u00e1 3.500.000 VN\u0110 (\u00c1p d\u1ee5ng v\u1edbi gi\u00e1 ch\u01b0a gi\u1ea3m)<\/li>\n<li>Quay th\u01b0\u1edfng 100% tr\u00fang th\u01b0\u1edfng: Xe \u00f4 t\u00f4 Toyota Cross, Xe m\u00e1y SH, Xe m\u00e1y Air Blade, Camera l\u00f9i Zestech<\/li>\n<\/ul>\n<h2><span id=\"BAO_HANH\" class=\"ez-toc-section\"><\/span>B\u1ea2O H\u00c0NH<\/h2>\n<ul>\n<li>B\u1ea3o h\u00e0nh \u0111i\u1ec7n t\u1eed 2 n\u0103m tr\u00ean to\u00e0n qu\u1ed1c<\/li>\n<li>L\u1ed7i 1 \u0111\u1ed5i 1 trong 1 n\u0103m<\/li>\n<li>D\u00f9ng th\u1eed 7 ng\u00e0y mi\u1ec5n ph\u00ed<\/li>\n<\/ul>\n","protected":false},"featured_media":2483,"comment_status":"open","ping_status":"closed","template":"","meta":[],"product_brand":[81],"product_cat":[17,70,62],"product_tag":[],"class_list":{"0":"post-2482","1":"product","2":"type-product","3":"status-publish","4":"has-post-thumbnail","6":"product_brand-zestech","7":"product_cat-dvd-android-box","8":"product_cat-man-hinh-android","9":"product_cat-man-hinh-dvd-android-o-to","11":"first","12":"instock","13":"sale","14":"shipping-taxable","15":"purchasable","16":"product-type-simple"},"_links":{"self":[{"href":"https:\/\/autothaiduong.vn\/index.php?rest_route=\/wp\/v2\/product\/2482","targetHints":{"allow":["GET"]}}],"collection":[{"href":"https:\/\/autothaiduong.vn\/index.php?rest_route=\/wp\/v2\/product"}],"about":[{"href":"https:\/\/autothaiduong.vn\/index.php?rest_route=\/wp\/v2\/types\/product"}],"replies":[{"embeddable":true,"href":"https:\/\/autothaiduong.vn\/index.php?rest_route=%2Fwp%2Fv2%2Fcomments&post=2482"}],"wp:featuredmedia":[{"embeddable":true,"href":"https:\/\/autothaiduong.vn\/index.php?rest_route=\/wp\/v2\/media\/2483"}],"wp:attachment":[{"href":"https:\/\/autothaiduong.vn\/index.php?rest_route=%2Fwp%2Fv2%2Fmedia&parent=2482"}],"wp:term":[{"taxonomy":"product_brand","embeddable":true,"href":"https:\/\/autothaiduong.vn\/index.php?rest_route=%2Fwp%2Fv2%2Fproduct_brand&post=2482"},{"taxonomy":"product_cat","embeddable":true,"href":"https:\/\/autothaiduong.vn\/index.php?rest_route=%2Fwp%2Fv2%2Fproduct_cat&post=2482"},{"taxonomy":"product_tag","embeddable":true,"href":"https:\/\/autothaiduong.vn\/index.php?rest_route=%2Fwp%2Fv2%2Fproduct_tag&post=2482"}],"curies":[{"name":"wp","href":"https:\/\/api.w.org\/{rel}","templated":true}]}}