{"id":2491,"date":"2025-05-18T15:55:20","date_gmt":"2025-05-18T15:55:20","guid":{"rendered":"https:\/\/autothaiduong.vn\/?post_type=product&#038;p=2491"},"modified":"2025-05-18T15:57:44","modified_gmt":"2025-05-18T15:57:44","slug":"man-hinh-zestech-zx-adas-13inch-2k-moi-nhat-2025","status":"publish","type":"product","link":"https:\/\/autothaiduong.vn\/?product=man-hinh-zestech-zx-adas-13inch-2k-moi-nhat-2025","title":{"rendered":"M\u00e0n H\u00ecnh Zestech ZX ADAS 13inch 2K M\u1edbi Nh\u1ea5t 2025"},"content":{"rendered":"<p><img loading=\"lazy\" decoding=\"async\" class=\" wp-image-2492 aligncenter\" src=\"https:\/\/autothaiduong.vn\/wp-content\/uploads\/2025\/05\/z6584734442481_f208f5944548cb4b46353402ce2e64e0-4.jpg\" alt=\"\" width=\"238\" height=\"211\" \/><\/p>\n<p style=\"text-align: center;\"><span style=\"color: #ff0000; font-size: 140%;\"><strong>\u0110\u1ecba Ch\u1ec9: 273-275 Tr\u1ea7n Ph\u00fa Ph\u01b0\u1eddng L\u1ed9c S\u01a1n Th\u00e0nh Ph\u1ed1 B\u1ea3o L\u1ed9c T\u1ec9nh L\u00e2m \u0110\u1ed3ng <\/strong><\/span><\/p>\n<p style=\"text-align: center;\"><span style=\"color: #ff0000; font-size: 140%;\"><strong>Hotline: 0912197441<\/strong><\/span><\/p>\n<h1 data-pm-slice=\"1 1 []\">M\u00e0n H\u00ecnh Zestech ZX ADAS 13inch \u2013 L\u1ef1a Ch\u1ecdn M\u00e0n H\u00ecnh Android An To\u00e0n, Th\u00f4ng Minh, M\u00e0n To \u1ea4n T\u01b0\u1ee3ng<\/h1>\n<p>N\u1ebfu b\u1ea1n \u0111ang t\u00ecm ki\u1ebfm m\u1ed9t gi\u1ea3i ph\u00e1p n\u00e2ng c\u1ea5p m\u00e0n h\u00ecnh Android th\u00f4ng minh cho \u00f4 t\u00f4, v\u1edbi k\u00edch th\u01b0\u1edbc l\u1edbn, c\u1ea5u h\u00ecnh m\u1ea1nh, t\u00edch h\u1ee3p c\u00f4ng ngh\u1ec7 an to\u00e0n ti\u00ean ti\u1ebfn v\u00e0 gi\u00e1 th\u00e0nh h\u1ee3p l\u00fd, th\u00ec\u00a0<strong>m\u00e0n h\u00ecnh Zestech ZX ADAS 13inch<\/strong>\u00a0ch\u00ednh l\u00e0 l\u1ef1a ch\u1ecdn ho\u00e0n h\u1ea3o d\u00e0nh cho b\u1ea1n.<\/p>\n<p>Xin gi\u1edbi thi\u1ec7u t\u1edbi qu\u00fd kh\u00e1ch h\u00e0ng d\u00f2ng s\u1ea3n ph\u1ea9m m\u1edbi ra m\u1eaft \u2013\u00a0<strong>Zestech ZX ADAS 13inch<\/strong>, v\u1edbi nh\u1eefng \u0111i\u1ec3m n\u1ed5i b\u1eadt v\u1ec1 thi\u1ebft k\u1ebf, c\u1ea5u h\u00ecnh, t\u00ednh n\u0103ng ADAS hi\u1ec7n \u0111\u1ea1i nh\u1ea5t, \u01b0u \u0111\u00e3i h\u1ea5p d\u1eabn.<\/p>\n<p>&nbsp;<\/p>\n<h2><span id=\"Man_Hinh_Zestech_ZX_ADAS_13inch_%E2%80%93_Man_To_Trai_Nghiem_Lon\" class=\"ez-toc-section\"><\/span>M\u00e0n H\u00ecnh Zestech ZX ADAS 13inch \u2013 M\u00e0n To, Tr\u1ea3i Nghi\u1ec7m L\u1edbn<\/h2>\n<p>\u0110i\u1ec3m nh\u1ea5n \u0111\u1ea7u ti\u00ean khi\u1ebfn Zestech ZX ADAS 13inch thu h\u00fat s\u1ef1 quan t\u00e2m c\u1ee7a th\u1ecb tr\u01b0\u1eddng ch\u00ednh l\u00e0\u00a0<strong>k\u00edch th\u01b0\u1edbc m\u00e0n h\u00ecnh l\u00ean \u0111\u1ebfn 13inch<\/strong>. So v\u1edbi c\u00e1c phi\u00ean b\u1ea3n 9 inch hay 10 inch tr\u01b0\u1edbc \u0111\u00f3, phi\u00ean b\u1ea3n 13 inch mang l\u1ea1i\u00a0<strong>kh\u00f4ng gian hi\u1ec3n th\u1ecb r\u1ed9ng r\u00e3i, s\u1eafc n\u00e9t v\u00e0 c\u1ef1c k\u1ef3 d\u1ec5 thao t\u00e1c<\/strong>.<\/p>\n<p>V\u1edbi \u0111\u1ed9 ph\u00e2n gi\u1ea3i l\u00ean \u0111\u1ebfn\u00a0<strong>2K<\/strong>, ng\u01b0\u1eddi d\u00f9ng c\u00f3 th\u1ec3 t\u1eadn h\u01b0\u1edfng h\u00ecnh \u1ea3nh chi ti\u1ebft v\u01b0\u1ee3t tr\u1ed9i, h\u1ed7 tr\u1ee3 t\u1ed1i \u0111a trong vi\u1ec7c quan s\u00e1t b\u1ea3n \u0111\u1ed3, camera, c\u00e1c \u1ee9ng d\u1ee5ng gi\u1ea3i tr\u00ed c\u0169ng nh\u01b0 h\u1ec7 th\u1ed1ng c\u1ea3nh b\u00e1o an to\u00e0n ADAS.<\/p>\n<p>Thi\u1ebft k\u1ebf tr\u00e0n vi\u1ec1n, m\u1ecfng nh\u1eb9 v\u00e0 sang tr\u1ecdng gi\u00fap Zestech ZX ADAS 13inch ph\u00f9 h\u1ee3p v\u1edbi h\u1ea7u h\u1ebft c\u00e1c d\u00f2ng xe hi\u1ec7n nay.<\/p>\n<h2><span id=\"Cau_Hinh_Manh_Me_%E2%80%93_Muot_Ma_Moi_Tac_Vu\" class=\"ez-toc-section\"><\/span>C\u1ea5u H\u00ecnh M\u1ea1nh M\u1ebd \u2013 M\u01b0\u1ee3t M\u00e0 M\u1ecdi T\u00e1c V\u1ee5<\/h2>\n<p>Kh\u00f4ng ch\u1ec9 c\u00f3 m\u00e0n h\u00ecnh l\u1edbn, Zestech ZX ADAS 13inch c\u00f2n \u0111\u01b0\u1ee3c trang b\u1ecb\u00a0<strong>c\u1ea5u h\u00ecnh h\u00e0ng \u0111\u1ea7u ph\u00e2n kh\u00fac<\/strong>:<\/p>\n<ul>\n<li>RAM 8GB<\/li>\n<li>ROM 128GB<\/li>\n<li>GPU ARM Mali-M57 \u2013 x\u1eed l\u00fd \u0111\u1ed3 h\u1ecda m\u01b0\u1ee3t m\u00e0<\/li>\n<li>NPU AI t\u00edch h\u1ee3p 8 TOPS \u2013 h\u1ed7 tr\u1ee3 c\u00e1c t\u00e1c v\u1ee5 th\u00f4ng minh nh\u01b0 nh\u1eadn di\u1ec7n gi\u1ecdng n\u00f3i, h\u00ecnh \u1ea3nh<\/li>\n<li>Chip \u00e2m thanh cao c\u1ea5p AKM7738 \u2013 mang l\u1ea1i ch\u1ea5t l\u01b0\u1ee3ng \u00e2m thanh 5.1 ch\u00e2n th\u1ef1c<\/li>\n<li>H\u1ec7 \u0111i\u1ec1u h\u00e0nh Android 13 \u2013 giao di\u1ec7n hi\u1ec7n \u0111\u1ea1i, d\u1ec5 d\u00f9ng, h\u1ed7 tr\u1ee3 c\u1eadp nh\u1eadt li\u00ean t\u1ee5c<\/li>\n<\/ul>\n<p>V\u1edbi c\u1ea5u h\u00ecnh n\u00e0y, m\u00e0n h\u00ecnh c\u00f3 th\u1ec3 v\u1eadn h\u00e0nh \u1ed5n \u0111\u1ecbnh c\u00e1c \u1ee9ng d\u1ee5ng n\u1eb7ng nh\u01b0 b\u1ea3n \u0111\u1ed3 Vietmap, Google Maps, Youtube kh\u00f4ng qu\u1ea3ng c\u00e1o, Netflix, Zalo, Facebook v\u00e0 nhi\u1ec1u n\u1ec1n t\u1ea3ng gi\u1ea3i tr\u00ed kh\u00e1c.<\/p>\n<div class=\"woocommerce-tabs wc-tabs-wrapper container tabbed-content\">\n<div class=\"tab-panels\">\n<div id=\"tab-description\" class=\"woocommerce-Tabs-panel woocommerce-Tabs-panel--description panel entry-content active\" role=\"tabpanel\" aria-labelledby=\"tab-title-description\">\n<figure id=\"attachment_5613\" class=\"wp-caption alignnone\" aria-describedby=\"caption-attachment-5613\"><img loading=\"lazy\" decoding=\"async\" class=\"alignnone size-full wp-image-2494\" src=\"https:\/\/autothaiduong.vn\/wp-content\/uploads\/2025\/05\/Cong-Nghe-Phan-Cung-AI-ZX-ADAS-TC-scaled-1.jpg\" alt=\"C\u00f4ng Ngh\u1ec7 Ph\u1ea7n C\u1ee9ng AI - ZX ADAS TC\" width=\"1280\" height=\"720\" srcset=\"https:\/\/autothaiduong.vn\/wp-content\/uploads\/2025\/05\/Cong-Nghe-Phan-Cung-AI-ZX-ADAS-TC-scaled-1.jpg 1280w, https:\/\/autothaiduong.vn\/wp-content\/uploads\/2025\/05\/Cong-Nghe-Phan-Cung-AI-ZX-ADAS-TC-scaled-1-600x338.jpg 600w, https:\/\/autothaiduong.vn\/wp-content\/uploads\/2025\/05\/Cong-Nghe-Phan-Cung-AI-ZX-ADAS-TC-scaled-1-1024x576.jpg 1024w, https:\/\/autothaiduong.vn\/wp-content\/uploads\/2025\/05\/Cong-Nghe-Phan-Cung-AI-ZX-ADAS-TC-scaled-1-768x432.jpg 768w\" sizes=\"auto, (max-width: 1280px) 100vw, 1280px\" \/><figcaption id=\"caption-attachment-5613\" class=\"wp-caption-text\">C\u00f4ng Ngh\u1ec7 Ph\u1ea7n C\u1ee9ng AI \u2013 ZX ADAS TC<\/figcaption><\/figure>\n<h2><span id=\"Cong_Nghe_ADAS_%E2%80%93_Lai_Xe_An_Toan_Tuyet_Doi\" class=\"ez-toc-section\"><\/span>C\u00f4ng Ngh\u1ec7 ADAS \u2013 L\u00e1i Xe An To\u00e0n Tuy\u1ec7t \u0110\u1ed1i<\/h2>\n<p>M\u00e0n h\u00ecnh Zestech ZX ADAS 13inch \u0111\u01b0\u1ee3c t\u00edch h\u1ee3p c\u00f4ng ngh\u1ec7\u00a0<strong>ADAS (Advanced Driver Assistance Systems)<\/strong>\u00a0\u2013 h\u1ec7 th\u1ed1ng h\u1ed7 tr\u1ee3 l\u00e1i xe an to\u00e0n th\u00f4ng minh h\u00e0ng \u0111\u1ea7u hi\u1ec7n nay. C\u00e1c t\u00ednh n\u0103ng n\u1ed5i b\u1eadt bao g\u1ed3m:<\/p>\n<ul data-spread=\"false\">\n<li>C\u1ea3nh b\u00e1o va ch\u1ea1m ph\u00eda tr\u01b0\u1edbc<\/li>\n<li>C\u1ea3nh b\u00e1o l\u1ec7ch l\u00e0n v\u00e0 h\u1ed7 tr\u1ee3 gi\u1eef l\u00e0n \u0111\u01b0\u1eddng<\/li>\n<li>Nh\u1eadn di\u1ec7n v\u00e0 hi\u1ec3n th\u1ecb bi\u1ec3n b\u00e1o giao th\u00f4ng<\/li>\n<li>C\u1ea3nh b\u00e1o gi\u1eef kho\u1ea3ng c\u00e1ch an to\u00e0n<\/li>\n<li>T\u1ef1 \u0111\u1ed9ng \u0111i\u1ec1u ch\u1ec9nh t\u1ed1c \u0111\u1ed9 khi s\u1eed d\u1ee5ng t\u00ednh n\u0103ng ki\u1ec3m so\u00e1t h\u00e0nh tr\u00ecnh (Adaptive Cruise Control)<\/li>\n<\/ul>\n<p>T\u1ea5t c\u1ea3 nh\u1eefng c\u1ea3nh b\u00e1o n\u00e0y \u0111\u01b0\u1ee3c hi\u1ec3n th\u1ecb tr\u1ef1c quan tr\u00ean\u00a0<strong>m\u00e0n h\u00ecnh l\u1edbn 13inch<\/strong>, gi\u00fap t\u00e0i x\u1ebf d\u1ec5 d\u00e0ng theo d\u00f5i v\u00e0 ph\u1ea3n \u1ee9ng k\u1ecbp th\u1eddi trong m\u1ecdi t\u00ecnh hu\u1ed1ng giao th\u00f4ng.<\/p>\n<figure id=\"attachment_5615\" class=\"wp-caption alignnone\" aria-describedby=\"caption-attachment-5615\"><img loading=\"lazy\" decoding=\"async\" class=\"alignnone size-full wp-image-2495\" src=\"https:\/\/autothaiduong.vn\/wp-content\/uploads\/2025\/05\/Cong-Nghe-AI-ADAS-Zestech-ZX-ADAS-Tieu-Chuan-e1743388030412.jpg\" alt=\"C\u00f4ng Ngh\u1ec7 AI ADAS - Zestech ZX ADAS Ti\u00eau Chu\u1ea9n\" width=\"1200\" height=\"594\" srcset=\"https:\/\/autothaiduong.vn\/wp-content\/uploads\/2025\/05\/Cong-Nghe-AI-ADAS-Zestech-ZX-ADAS-Tieu-Chuan-e1743388030412.jpg 1200w, https:\/\/autothaiduong.vn\/wp-content\/uploads\/2025\/05\/Cong-Nghe-AI-ADAS-Zestech-ZX-ADAS-Tieu-Chuan-e1743388030412-600x297.jpg 600w, https:\/\/autothaiduong.vn\/wp-content\/uploads\/2025\/05\/Cong-Nghe-AI-ADAS-Zestech-ZX-ADAS-Tieu-Chuan-e1743388030412-1024x507.jpg 1024w, https:\/\/autothaiduong.vn\/wp-content\/uploads\/2025\/05\/Cong-Nghe-AI-ADAS-Zestech-ZX-ADAS-Tieu-Chuan-e1743388030412-768x380.jpg 768w\" sizes=\"auto, (max-width: 1200px) 100vw, 1200px\" \/><figcaption id=\"caption-attachment-5615\" class=\"wp-caption-text\">C\u00f4ng Ngh\u1ec7 AI ADAS \u2013 Zestech ZX ADAS Ti\u00eau Chu\u1ea9n<\/figcaption><\/figure>\n<h2><span id=\"Giai_Tri_Dinh_Cao_%E2%80%93_Ket_Noi_Khong_Gioi_Han\" class=\"ez-toc-section\"><\/span>Gi\u1ea3i Tr\u00ed \u0110\u1ec9nh Cao \u2013 K\u1ebft N\u1ed1i Kh\u00f4ng Gi\u1edbi H\u1ea1n<\/h2>\n<p>Zestech ZX ADAS 13inch \u0111\u00e1p \u1ee9ng to\u00e0n di\u1ec7n nhu c\u1ea7u gi\u1ea3i tr\u00ed v\u00e0 k\u1ebft n\u1ed1i tr\u00ean xe:<\/p>\n<ul data-spread=\"false\">\n<li>Xem video Youtube kh\u00f4ng qu\u1ea3ng c\u00e1o, nghe nh\u1ea1c Spotify, Zing MP3<\/li>\n<li>C\u00e0i \u0111\u1eb7t kho \u1ee9ng d\u1ee5ng CH Play, t\u00f9y ch\u1ec9nh kh\u00f4ng gi\u1edbi h\u1ea1n<\/li>\n<li>T\u00edch h\u1ee3p Apple CarPlay v\u00e0 Android Auto kh\u00f4ng d\u00e2y<\/li>\n<li>H\u1ed7 tr\u1ee3 \u0111i\u1ec1u khi\u1ec3n b\u1eb1ng gi\u1ecdng n\u00f3i ti\u1ebfng Vi\u1ec7t th\u00f4ng qua ph\u1ea7n m\u1ec1m KIKI<\/li>\n<li>K\u1ebft n\u1ed1i sim 4G t\u1ed1c \u0111\u1ed9 cao, Wi-Fi 5G \u1ed5n \u0111\u1ecbnh<\/li>\n<\/ul>\n<p>Ch\u1ec9 v\u1edbi m\u1ed9t chi\u1ebfc m\u00e0n h\u00ecnh, b\u1ea1n c\u00f3 th\u1ec3 bi\u1ebfn chi\u1ebfc xe c\u1ee7a m\u00ecnh th\u00e0nh\u00a0<strong>trung t\u00e2m gi\u1ea3i tr\u00ed di \u0111\u1ed9ng th\u00f4ng minh<\/strong>.<\/p>\n<h2><span id=\"Dan_Duong_Bao_Toc_Do_%E2%80%93_Quan_Ly_Hieu_Qua\" class=\"ez-toc-section\"><\/span>D\u1eabn \u0110\u01b0\u1eddng B\u00e1o T\u1ed1c \u0110\u1ed9 \u2013 Qu\u1ea3n L\u00fd Hi\u1ec7u Qu\u1ea3<\/h2>\n<ul data-spread=\"false\" data-pm-slice=\"3 3 []\">\n<li><strong>Chia \u0111\u00f4i m\u00e0n h\u00ecnh<\/strong>\u00a0\u0111\u1ec3 s\u1eed d\u1ee5ng song song hai \u1ee9ng d\u1ee5ng c\u00f9ng l\u00fac<\/li>\n<li>T\u00edch h\u1ee3p b\u1ea3n \u0111\u1ed3 d\u1eabn \u0111\u01b0\u1eddng\u00a0<strong>Vietmap, Google Maps v\u00e0 Navitel\u00a0<\/strong>ch\u00ednh x\u00e1c, d\u1ec5 s\u1eed d\u1ee5ng<\/li>\n<li><strong>\u0110\u1ecbnh v\u1ecb xe t\u1eeb xa, ki\u1ec3m tra ph\u1ea1t ngu\u1ed9i\u00a0<\/strong>tr\u1ef1c ti\u1ebfp tr\u00ean m\u00e0n h\u00ecnh.<\/li>\n<\/ul>\n<p data-pm-slice=\"1 1 []\"><em><strong>Ch\u00fang t\u00f4i tin r\u1eb1ng, l\u00e0m ngh\u1ec1 b\u1eb1ng c\u00e1i t\u00e2m, ph\u1ee5c v\u1ee5 kh\u00e1ch h\u00e0ng b\u1eb1ng s\u1ef1 t\u1eadn t\u00e2m v\u00e0 tr\u00e1ch nhi\u1ec7m s\u1ebd t\u1ea1o ra s\u1ef1 kh\u00e1c bi\u1ec7t.<\/strong><\/em><\/p>\n<h2><span id=\"Ket_Luan\" class=\"ez-toc-section\"><\/span>K\u1ebft Lu\u1eadn<\/h2>\n<p><strong>Zestech ZX ADAS 13inch<\/strong>\u00a0l\u00e0 d\u00f2ng m\u00e0n h\u00ecnh Android \u00f4 t\u00f4 h\u1ed9i t\u1ee5 \u0111\u1ea7y \u0111\u1ee7 y\u1ebfu t\u1ed1:\u00a0<strong>m\u00e0n h\u00ecnh l\u1edbn 13inch s\u1eafc n\u00e9t, c\u1ea5u h\u00ecnh m\u1ea1nh, c\u00f4ng ngh\u1ec7 an to\u00e0n ADAS, gi\u1ea3i tr\u00ed m\u01b0\u1ee3t m\u00e0 v\u00e0 kh\u1ea3 n\u0103ng k\u1ebft n\u1ed1i th\u00f4ng minh<\/strong>. S\u1ea3n ph\u1ea9m hi\u1ec7n \u0111ang \u0111\u01b0\u1ee3c ph\u00e2n ph\u1ed1i\u00a0<strong>ch\u00ednh h\u00e3ng, gi\u00e1 r\u1ebb, b\u1ea3o h\u00e0nh \u0111\u1ea7y \u0111\u1ee7<\/strong> t\u1ea1i h\u1ec7 th\u1ed1ng <em><strong>Auto Th\u00e1i D\u01b0\u01a1ng<\/strong><\/em>&#8211;<strong>\u00a0Zestech t\u1ea1i TP.B\u1ea3o L\u1ed9c<\/strong><\/p>\n<p>\u0110\u1eebng b\u1ecf l\u1ee1 c\u01a1 h\u1ed9i n\u00e2ng c\u1ea5p chi\u1ebfc xe c\u1ee7a b\u1ea1n v\u1edbi si\u00eau ph\u1ea9m c\u00f4ng ngh\u1ec7 m\u1edbi nh\u1ea5t n\u00e0y. H\u00e3y \u0111\u1ebfn tr\u1ef1c ti\u1ebfp c\u1eeda h\u00e0ng ho\u1eb7c li\u00ean h\u1ec7 hotline \u0111\u1ec3 \u0111\u01b0\u1ee3c\u00a0<strong>t\u01b0 v\u1ea5n mi\u1ec5n ph\u00ed v\u00e0 tr\u1ea3i nghi\u1ec7m d\u00f9ng th\u1eed<\/strong>\u00a0ngay h\u00f4m nay.<\/p>\n<p><b>Auto Th\u00e1i D\u01b0\u01a1ng &#8211; \u0110\u1ea1i L\u00ed Ch\u00ednh H\u00e3ng Zestech T\u1ea1i Tp. B\u1ea3o L\u1ed9c<\/b><\/p>\n<p><em><strong>\u0110\u1ecba Ch\u1ec9: 273-275 Tr\u1ea7n Ph\u00fa Ph\u01b0\u1eddng L\u1ed9c S\u01a1n Th\u00e0nh Ph\u1ed1 B\u1ea3o L\u1ed9c T\u1ec9nh L\u00e2m \u0110\u1ed3ng<\/strong><\/em><\/p>\n<p><em><strong> Hotline: 0912197441<\/strong><\/em><\/p>\n<p>&nbsp;<\/p>\n<\/div>\n<\/div>\n<\/div>\n<div class=\"related related-products-wrapper product-section\">\n<div class=\"row has-equal-box-heights large-columns-4 medium-columns-3 small-columns-2 row-small slider row-slider slider-nav-reveal slider-nav-push\" data-flickity-options=\"{&quot;imagesLoaded&quot;: true, &quot;groupCells&quot;: &quot;100%&quot;, &quot;dragThreshold&quot; : 5, &quot;cellAlign&quot;: &quot;left&quot;,&quot;wrapAround&quot;: true,&quot;prevNextButtons&quot;: true,&quot;percentPosition&quot;: true,&quot;pageDots&quot;: false, &quot;rightToLeft&quot;: false, &quot;autoPlay&quot; : false}\">\n<div class=\"product-small col has-hover product type-product post-1501 status-publish first instock product_cat-man-hinh-zestech product_tag-camera-360 product_tag-camera-360-do product_tag-gia-man-hinh-zestech product_tag-man-hinh-360-zestech product_tag-man-hinh-android product_tag-man-hinh-xe-hoi-gia-re product_tag-man-hinh-zestech product_tag-z800 product_tag-zestech has-post-thumbnail sale shipping-taxable product-type-simple\">\n<div class=\"col-inner\">\n<div class=\"product-small box \">\n<div class=\"box-text box-text-products text-center grid-style-2\">\n<div class=\"price-wrapper\"><\/div>\n<\/div>\n<\/div>\n<\/div>\n<\/div>\n<\/div>\n<\/div>\n","protected":false},"excerpt":{"rendered":"<h2><em><strong>Auto Th\u00e1i D\u01b0\u01a1ng\u00a0<\/strong><\/em><\/h2>\n<p><em><strong>\u0110\u1ecba Ch\u1ec9: 273-275 Tr\u1ea7n Ph\u00fa Ph\u01b0\u1eddng L\u1ed9c S\u01a1n Th\u00e0nh Ph\u1ed1 B\u1ea3o L\u1ed9c T\u1ec9nh L\u00e2m \u0110\u1ed3ng <\/strong><\/em><\/p>\n<p><em><strong>Hotline: 0912197441<\/strong><\/em><\/p>\n<p><strong>C\u1ea5u H\u00ecnh M\u1ea1nh M\u1ebd \u2013 M\u01b0\u1ee3t M\u00e0 M\u1ecdi T\u00e1c V\u1ee5<\/strong><\/p>\n<p>Kh\u00f4ng ch\u1ec9 c\u00f3 m\u00e0n h\u00ecnh l\u1edbn, Zestech ZX ADAS 13inch c\u00f2n \u0111\u01b0\u1ee3c trang b\u1ecb\u00a0<strong>c\u1ea5u h\u00ecnh h\u00e0ng \u0111\u1ea7u ph\u00e2n kh\u00fac<\/strong>:<\/p>\n<ul>\n<li>RAM 8GB<\/li>\n<li>ROM 128GB<\/li>\n<li>GPU ARM Mali-M57 \u2013 x\u1eed l\u00fd \u0111\u1ed3 h\u1ecda m\u01b0\u1ee3t m\u00e0<\/li>\n<li>NPU AI t\u00edch h\u1ee3p 8 TOPS \u2013 h\u1ed7 tr\u1ee3 c\u00e1c t\u00e1c v\u1ee5 th\u00f4ng minh nh\u01b0 nh\u1eadn di\u1ec7n gi\u1ecdng n\u00f3i, h\u00ecnh \u1ea3nh<\/li>\n<li>Chip \u00e2m thanh cao c\u1ea5p AKM7738 \u2013 mang l\u1ea1i ch\u1ea5t l\u01b0\u1ee3ng \u00e2m thanh 5.1 ch\u00e2n th\u1ef1c<\/li>\n<li>H\u1ec7 \u0111i\u1ec1u h\u00e0nh Android 13 \u2013 giao di\u1ec7n hi\u1ec7n \u0111\u1ea1i, d\u1ec5 d\u00f9ng, h\u1ed7 tr\u1ee3 c\u1eadp nh\u1eadt li\u00ean t\u1ee5c<\/li>\n<\/ul>\n<p>V\u1edbi c\u1ea5u h\u00ecnh n\u00e0y, m\u00e0n h\u00ecnh c\u00f3 th\u1ec3 v\u1eadn h\u00e0nh \u1ed5n \u0111\u1ecbnh c\u00e1c \u1ee9ng d\u1ee5ng n\u1eb7ng nh\u01b0 b\u1ea3n \u0111\u1ed3 Vietmap, Google Maps, Youtube kh\u00f4ng qu\u1ea3ng c\u00e1o, Netflix, Zalo, Facebook v\u00e0 nhi\u1ec1u n\u1ec1n t\u1ea3ng gi\u1ea3i tr\u00ed kh\u00e1c.<\/p>\n<h2><span id=\"Uu_Dai_Khi_Lap_Man_Hinh_Zestech_ZX_ADAS_13inch\" class=\"ez-toc-section\"><\/span>\u01afu \u0110\u00e3i Khi L\u1eafp M\u00e0n H\u00ecnh Zestech ZX ADAS 13inch<\/h2>\n<h3><span id=\"Qua_tang_hap_dan\" class=\"ez-toc-section\"><\/span>Qu\u00e0 t\u1eb7ng h\u1ea5p d\u1eabn:<\/h3>\n<ul data-spread=\"false\">\n<li>T\u1eb7ng\u00a0<strong>camera h\u00e0nh tr\u00ecnh Zestech Adas<\/strong>\u00a0v\u00e0\u00a0<strong>th\u1ebb nh\u1edb 32GB<\/strong><\/li>\n<li>T\u1eb7ng\u00a0<strong>sim 4G t\u1ed1c \u0111\u1ed9 cao<\/strong><\/li>\n<li>T\u1eb7ng\u00a0<strong>ph\u1ea7n m\u1ec1m gi\u1ecdng n\u00f3i KIKI b\u1ea3n quy\u1ec1n<\/strong><\/li>\n<li>T\u1eb7ng\u00a0<strong>c\u1ea3m bi\u1ebfn \u00e1p su\u1ea5t l\u1ed1p Zestech tr\u1ecb gi\u00e1 3.500.000 VN\u0110<\/strong>\u00a0(\u00e1p d\u1ee5ng v\u1edbi gi\u00e1 ch\u01b0a gi\u1ea3m)<\/li>\n<li><strong>Mi\u1ec5n ph\u00ed c\u00f4ng l\u1eafp \u0111\u1eb7t v\u00e0 c\u1ea5u h\u00ecnh ph\u1ea7n m\u1ec1m<\/strong><\/li>\n<\/ul>\n<h3><span id=\"Che_do_bao_hanh\" class=\"ez-toc-section\"><\/span>Ch\u1ebf \u0111\u1ed9 b\u1ea3o h\u00e0nh:<\/h3>\n<ul data-spread=\"false\">\n<li>B\u1ea3o h\u00e0nh \u0111i\u1ec7n t\u1eed to\u00e0n qu\u1ed1c\u00a0<strong>24 th\u00e1ng<\/strong><\/li>\n<li><strong>1 \u0111\u1ed5i 1 trong v\u00f2ng 12 th\u00e1ng \u0111\u1ea7u ti\u00ean<\/strong>\u00a0n\u1ebfu c\u00f3 l\u1ed7i t\u1eeb nh\u00e0 s\u1ea3n xu\u1ea5t<\/li>\n<li>H\u1ed7 tr\u1ee3 d\u00f9ng th\u1eed mi\u1ec5n ph\u00ed 7 ng\u00e0y<\/li>\n<\/ul>\n","protected":false},"featured_media":2493,"comment_status":"open","ping_status":"closed","template":"","meta":[],"product_brand":[81],"product_cat":[17,70,62],"product_tag":[],"class_list":{"0":"post-2491","1":"product","2":"type-product","3":"status-publish","4":"has-post-thumbnail","6":"product_brand-zestech","7":"product_cat-dvd-android-box","8":"product_cat-man-hinh-android","9":"product_cat-man-hinh-dvd-android-o-to","11":"first","12":"instock","13":"shipping-taxable","14":"purchasable","15":"product-type-simple"},"_links":{"self":[{"href":"https:\/\/autothaiduong.vn\/index.php?rest_route=\/wp\/v2\/product\/2491","targetHints":{"allow":["GET"]}}],"collection":[{"href":"https:\/\/autothaiduong.vn\/index.php?rest_route=\/wp\/v2\/product"}],"about":[{"href":"https:\/\/autothaiduong.vn\/index.php?rest_route=\/wp\/v2\/types\/product"}],"replies":[{"embeddable":true,"href":"https:\/\/autothaiduong.vn\/index.php?rest_route=%2Fwp%2Fv2%2Fcomments&post=2491"}],"wp:featuredmedia":[{"embeddable":true,"href":"https:\/\/autothaiduong.vn\/index.php?rest_route=\/wp\/v2\/media\/2493"}],"wp:attachment":[{"href":"https:\/\/autothaiduong.vn\/index.php?rest_route=%2Fwp%2Fv2%2Fmedia&parent=2491"}],"wp:term":[{"taxonomy":"product_brand","embeddable":true,"href":"https:\/\/autothaiduong.vn\/index.php?rest_route=%2Fwp%2Fv2%2Fproduct_brand&post=2491"},{"taxonomy":"product_cat","embeddable":true,"href":"https:\/\/autothaiduong.vn\/index.php?rest_route=%2Fwp%2Fv2%2Fproduct_cat&post=2491"},{"taxonomy":"product_tag","embeddable":true,"href":"https:\/\/autothaiduong.vn\/index.php?rest_route=%2Fwp%2Fv2%2Fproduct_tag&post=2491"}],"curies":[{"name":"wp","href":"https:\/\/api.w.org\/{rel}","templated":true}]}}