{"id":2496,"date":"2025-05-18T16:01:58","date_gmt":"2025-05-18T16:01:58","guid":{"rendered":"https:\/\/autothaiduong.vn\/?post_type=product&#038;p=2496"},"modified":"2025-05-23T15:03:56","modified_gmt":"2025-05-23T15:03:56","slug":"zestech-zt13-adas-camera-360","status":"publish","type":"product","link":"https:\/\/autothaiduong.vn\/?product=zestech-zt13-adas-camera-360","title":{"rendered":"Zestech ZT13 ADAS (CAMERA 360)"},"content":{"rendered":"<p><img loading=\"lazy\" decoding=\"async\" class=\" wp-image-2492 aligncenter\" src=\"https:\/\/autothaiduong.vn\/wp-content\/uploads\/2025\/05\/z6584734442481_f208f5944548cb4b46353402ce2e64e0-4.jpg\" alt=\"\" width=\"268\" height=\"237\" \/><\/p>\n<p style=\"text-align: center;\"><span style=\"color: #ff0000; font-size: 140%;\"><strong>\u0110\u1ecba Ch\u1ec9: 273-275 Tr\u1ea7n Ph\u00fa Ph\u01b0\u1eddng L\u1ed9c S\u01a1n Th\u00e0nh Ph\u1ed1 B\u1ea3o L\u1ed9c T\u1ec9nh L\u00e2m \u0110\u1ed3ng<\/strong><\/span><\/p>\n<p style=\"text-align: center;\"><span style=\"color: #ff0000; font-size: 140%;\"><strong> Hotline: 0912197441<\/strong><\/span><\/p>\n<div class=\"kh_box_title\">\n<h2 class=\"kh_title_module\">Th\u00f4ng s\u1ed1 k\u1ef9 thu\u1eadt ZT13 ADAS (CAMERA 360)<\/h2>\n<\/div>\n<div class=\"kh_list_pram_prod d-flex\">\n<div class=\"kh_item_param\">\n<div class=\"kh_inner_prod d-flex\">\n<figure class=\"kh_icon_param\"><img loading=\"lazy\" decoding=\"async\" class=\"alignnone size-full wp-image-2498\" src=\"https:\/\/autothaiduong.vn\/wp-content\/uploads\/2025\/05\/Hedieuhanh.png\" alt=\"H\u1ec7 \u0111i\u1ec1u h\u00e0nh\" width=\"56\" height=\"70\" \/><\/figure>\n<div class=\"kh_content_param\">\n<div class=\"kh_title_param\">H\u1ec7 \u0111i\u1ec1u h\u00e0nh<\/div>\n<div class=\"kh_des_param\">Android 13.0<\/div>\n<\/div>\n<\/div>\n<\/div>\n<div class=\"kh_item_param\">\n<div class=\"kh_inner_prod d-flex\">\n<figure class=\"kh_icon_param\"><img loading=\"lazy\" decoding=\"async\" class=\"alignnone size-full wp-image-2499\" src=\"https:\/\/autothaiduong.vn\/wp-content\/uploads\/2025\/05\/Manhinh.png\" alt=\"M\u00e0n h\u00ecnh\" width=\"70\" height=\"58\" \/><\/figure>\n<div class=\"kh_content_param\">\n<div class=\"kh_title_param\">M\u00e0n h\u00ecnh<\/div>\n<div class=\"kh_des_param\">\u0110\u1ed9 ph\u00e2n gi\u1ea3i 1920&#215;1200<br \/>\nK\u00edch th\u01b0\u1edbc 13inch<\/div>\n<\/div>\n<\/div>\n<\/div>\n<div class=\"kh_item_param\">\n<div class=\"kh_inner_prod d-flex\">\n<figure class=\"kh_icon_param\"><img loading=\"lazy\" decoding=\"async\" class=\"alignnone size-full wp-image-2500\" src=\"https:\/\/autothaiduong.vn\/wp-content\/uploads\/2025\/05\/CPU.png\" alt=\"B\u1ed9 x\u1eed l\u00fd\" width=\"70\" height=\"70\" \/><\/figure>\n<div class=\"kh_content_param\">\n<div class=\"kh_title_param\">B\u1ed9 x\u1eed l\u00fd<\/div>\n<div class=\"kh_des_param\">ZT-A86<\/div>\n<\/div>\n<\/div>\n<\/div>\n<div class=\"kh_item_param\">\n<div class=\"kh_inner_prod d-flex\">\n<figure class=\"kh_icon_param\"><img loading=\"lazy\" decoding=\"async\" class=\"alignnone size-full wp-image-2501\" src=\"https:\/\/autothaiduong.vn\/wp-content\/uploads\/2025\/05\/RAM.png\" alt=\"RAM\" width=\"70\" height=\"70\" \/><\/figure>\n<div class=\"kh_content_param\">\n<div class=\"kh_title_param\">RAM<\/div>\n<div class=\"kh_des_param\">6GB<\/div>\n<\/div>\n<\/div>\n<\/div>\n<div class=\"kh_item_param\">\n<div class=\"kh_inner_prod d-flex\">\n<figure class=\"kh_icon_param\"><img loading=\"lazy\" decoding=\"async\" class=\"alignnone size-full wp-image-2502\" src=\"https:\/\/autothaiduong.vn\/wp-content\/uploads\/2025\/05\/ROM.png\" alt=\"ROM\" width=\"68\" height=\"68\" \/><\/figure>\n<div class=\"kh_content_param\">\n<div class=\"kh_title_param\">ROM<\/div>\n<div class=\"kh_des_param\">128GB<\/div>\n<\/div>\n<\/div>\n<\/div>\n<div class=\"kh_item_param\">\n<div class=\"kh_inner_prod d-flex\">\n<figure class=\"kh_icon_param\"><img loading=\"lazy\" decoding=\"async\" class=\"alignnone size-full wp-image-2499\" src=\"https:\/\/autothaiduong.vn\/wp-content\/uploads\/2025\/05\/Manhinh.png\" alt=\"M\u00e0n h\u00ecnh\" width=\"70\" height=\"58\" \/><\/figure>\n<div class=\"kh_content_param\">\n<div class=\"kh_title_param\">C\u00f4ng ty<\/div>\n<div class=\"kh_des_param\">TNHH TM XNK N\u1ed9i th\u1ea5t \u00f4 t\u00f4 Quang Minh<\/div>\n<\/div>\n<\/div>\n<\/div>\n<div class=\"kh_item_param\">\n<div class=\"kh_inner_prod d-flex\">\n<figure class=\"kh_icon_param\"><img loading=\"lazy\" decoding=\"async\" class=\"alignnone size-full wp-image-2499\" src=\"https:\/\/autothaiduong.vn\/wp-content\/uploads\/2025\/05\/Manhinh.png\" alt=\"M\u00e0n h\u00ecnh\" width=\"70\" height=\"58\" \/><\/figure>\n<div class=\"kh_content_param\">\n<div class=\"kh_title_param\">N\u0103m s\u1ea3n xu\u1ea5t<\/div>\n<div class=\"kh_des_param\">2025<\/div>\n<\/div>\n<\/div>\n<\/div>\n<div class=\"kh_item_param\">\n<div class=\"kh_inner_prod d-flex\">\n<figure class=\"kh_icon_param\"><img loading=\"lazy\" decoding=\"async\" class=\"alignnone size-full wp-image-2499\" src=\"https:\/\/autothaiduong.vn\/wp-content\/uploads\/2025\/05\/Manhinh.png\" alt=\"M\u00e0n h\u00ecnh\" width=\"70\" height=\"58\" \/><\/figure>\n<div class=\"kh_content_param\">\n<div class=\"kh_title_param\">B\u1ea3o h\u00e0nh<\/div>\n<div class=\"kh_des_param\">B\u1ea3o h\u00e0nh 24 th\u00e1ng (1 \u0111\u1ed5i 1 trong n\u0103m \u0111\u1ea7u)<\/div>\n<div>\n<section class=\"kh_module kh_module_videos kh_module_page_prod kh_ani\">\n<div class=\"kh_container\">\n<div class=\"kh_flex d-flex\">\n<div class=\"kh_box_video\">\n<figure class=\"kh_video_box video-link\" data-src=\"\"><img loading=\"lazy\" decoding=\"async\" class=\"alignnone size-full wp-image-2506\" src=\"https:\/\/autothaiduong.vn\/wp-content\/uploads\/2025\/05\/ZT13-ADAS-CAMERA-360-8-GOC-NHIN.png\" alt=\"Zestech\" width=\"950\" height=\"515\" srcset=\"https:\/\/autothaiduong.vn\/wp-content\/uploads\/2025\/05\/ZT13-ADAS-CAMERA-360-8-GOC-NHIN.png 950w, https:\/\/autothaiduong.vn\/wp-content\/uploads\/2025\/05\/ZT13-ADAS-CAMERA-360-8-GOC-NHIN-600x325.png 600w, https:\/\/autothaiduong.vn\/wp-content\/uploads\/2025\/05\/ZT13-ADAS-CAMERA-360-8-GOC-NHIN-768x416.png 768w\" sizes=\"auto, (max-width: 950px) 100vw, 950px\" \/><\/figure>\n<\/div>\n<div class=\"kh_box_content_video\">\n<div class=\"kh_content_video\">\n<div class=\"kh_box_title\">\n<h2 class=\"kh_title_module\">C\u00d4NG NGH\u1ec6 CAMERA 360 &#8211; 8 G\u00d3C NH\u00ccN<\/h2>\n<div class=\"kh_subtitle_module\">\u1ee8NG D\u1ee4NG AI ADAS &#8211; C\u1ea2NH B\u00c1O C\u1ef0C CHU\u1ea8N<\/div>\n<div class=\"kh_des_title\">C\u00f4ng ngh\u1ec7 Camera 360 tr\u00ean m\u00e0n h\u00ecnh ZT13 ADAS t\u00edch h\u1ee3p 8 g\u00f3c nh\u00ecn th\u00f4ng minh, hi\u1ec3n th\u1ecb \u0111\u1ed3ng th\u1eddi h\u00ecnh \u1ea3nh to\u00e0n c\u1ea3nh quanh xe theo th\u1eddi gian th\u1ef1c. \u1ee8ng d\u1ee5ng AI x\u1eed l\u00fd h\u00ecnh \u1ea3nh ti\u00ean ti\u1ebfn, gi\u00fap gh\u00e9p n\u1ed1i khung h\u00ecnh m\u01b0\u1ee3t m\u00e0, gi\u1ea3m m\u00e9o h\u00ecnh v\u00e0 t\u0103ng \u0111\u1ed9 ch\u00ednh x\u00e1c \u0111\u1ebfn t\u1eebng centimet.<br \/>\n&#8211; 4 g\u00f3c nh\u00ecn t\u1ed5ng h\u1ee3p to\u00e0n c\u1ea3nh<br \/>\n&#8211; 4 g\u00f3c nh\u00ecn chi ti\u1ebft 4 h\u01b0\u1edbng m\u1eaft camera<br \/>\nMang \u0111\u1ebfn t\u1ea7m quan s\u00e1t to\u00e0n di\u1ec7n, lo\u1ea1i b\u1ecf \u0111i\u1ec3m m\u00f9, h\u1ed7 tr\u1ee3 l\u00e1i xe an to\u00e0n trong m\u1ecdi \u0111i\u1ec1u ki\u1ec7n giao th\u00f4ng ph\u1ee9c t\u1ea1p nh\u01b0 ng\u00f5 h\u1eb9p, b\u00e3i \u0111\u1ed7 \u0111\u00f4ng \u0111\u00fac hay \u0111\u01b0\u1eddng n\u1ed9i \u0111\u00f4.<\/div>\n<\/div>\n<div class=\"kh_box_btn\">\n<div class=\"kh_btn kh_btn_yellow\"><\/div>\n<\/div>\n<\/div>\n<\/div>\n<\/div>\n<\/div>\n<\/section>\n<section class=\"kh_module kh_module_videos kh_module_page_prod even kh_ani\">\n<div class=\"kh_container\">\n<div class=\"kh_flex d-flex\">\n<div class=\"kh_box_video\">\n<figure class=\"kh_video_box video-link\" data-src=\"\"><img loading=\"lazy\" decoding=\"async\" class=\"alignnone size-full wp-image-2507\" src=\"https:\/\/autothaiduong.vn\/wp-content\/uploads\/2025\/05\/ZT13-ADAS-CANH-BAO-VA-CHAM-PHIA-TRUOC.png\" alt=\"Zestech\" width=\"950\" height=\"515\" srcset=\"https:\/\/autothaiduong.vn\/wp-content\/uploads\/2025\/05\/ZT13-ADAS-CANH-BAO-VA-CHAM-PHIA-TRUOC.png 950w, https:\/\/autothaiduong.vn\/wp-content\/uploads\/2025\/05\/ZT13-ADAS-CANH-BAO-VA-CHAM-PHIA-TRUOC-600x325.png 600w, https:\/\/autothaiduong.vn\/wp-content\/uploads\/2025\/05\/ZT13-ADAS-CANH-BAO-VA-CHAM-PHIA-TRUOC-768x416.png 768w\" sizes=\"auto, (max-width: 950px) 100vw, 950px\" \/><\/figure>\n<\/div>\n<div class=\"kh_box_content_video\">\n<div class=\"kh_content_video\">\n<div class=\"kh_box_title\">\n<h2 class=\"kh_title_module\">C\u1ea3nh B\u00e1o Va Ch\u1ea1m Ph\u00eda Tr\u01b0\u1edbc<\/h2>\n<div class=\"kh_subtitle_module\">Ph\u00e1t hi\u1ec7n v\u00e0 c\u1ea3nh b\u00e1o nguy c\u01a1 va ch\u1ea1m s\u1edbm<\/div>\n<div class=\"kh_des_title\">T\u00ednh n\u0103ng C\u1ea3nh B\u00e1o Va Ch\u1ea1m Ph\u00eda Tr\u01b0\u1edbc (FCW) tr\u00ean ZT13 ADAS s\u1eed d\u1ee5ng c\u00f4ng ngh\u1ec7 camera ADAS \u0111a g\u00f3c nh\u00ecn v\u00e0 tr\u00ed tu\u1ec7 nh\u00e2n t\u1ea1o AI, gi\u00fap nh\u1eadn di\u1ec7n ch\u00ednh x\u00e1c ph\u01b0\u01a1ng ti\u1ec7n ph\u00eda tr\u01b0\u1edbc, t\u00ednh to\u00e1n kho\u1ea3ng c\u00e1ch v\u00e0 t\u1ed1c \u0111\u1ed9 di chuy\u1ec3n. H\u1ec7 th\u1ed1ng t\u1ef1 \u0111\u1ed9ng ph\u00e1t c\u1ea3nh b\u00e1o s\u1edbm khi ph\u00e1t hi\u1ec7n nguy c\u01a1 va ch\u1ea1m, h\u1ed7 tr\u1ee3 ng\u01b0\u1eddi l\u00e1i ph\u1ea3n \u1ee9ng k\u1ecbp th\u1eddi, \u0111\u1ea3m b\u1ea3o an to\u00e0n tuy\u1ec7t \u0111\u1ed1i tr\u00ean m\u1ecdi cung \u0111\u01b0\u1eddng.<\/div>\n<\/div>\n<div class=\"kh_box_btn\">\n<div class=\"kh_btn kh_btn_yellow\"><a title=\"ZT13 ADAS (CAMERA 360)\" href=\"https:\/\/zestech.vn\/san-pham\/zt13-adas-camera-360\" data-fancybox=\"\" target=\"_blank\" rel=\"noopener\">Xem chi ti\u1ebft<\/a><\/div>\n<\/div>\n<\/div>\n<\/div>\n<\/div>\n<\/div>\n<\/section>\n<section class=\"kh_module kh_module_videos kh_module_page_prod kh_ani\">\n<div class=\"kh_container\">\n<div class=\"kh_flex d-flex\">\n<div class=\"kh_box_video\">\n<figure class=\"kh_video_box video-link\" data-src=\"\"><img loading=\"lazy\" decoding=\"async\" class=\"alignnone size-full wp-image-2508\" src=\"https:\/\/autothaiduong.vn\/wp-content\/uploads\/2025\/05\/ZT13-ADAS-CANH-BAO-LECH-LAN.png\" alt=\"Zestech\" width=\"950\" height=\"515\" srcset=\"https:\/\/autothaiduong.vn\/wp-content\/uploads\/2025\/05\/ZT13-ADAS-CANH-BAO-LECH-LAN.png 950w, https:\/\/autothaiduong.vn\/wp-content\/uploads\/2025\/05\/ZT13-ADAS-CANH-BAO-LECH-LAN-600x325.png 600w, https:\/\/autothaiduong.vn\/wp-content\/uploads\/2025\/05\/ZT13-ADAS-CANH-BAO-LECH-LAN-768x416.png 768w\" sizes=\"auto, (max-width: 950px) 100vw, 950px\" \/><\/figure>\n<\/div>\n<div class=\"kh_box_content_video\">\n<div class=\"kh_content_video\">\n<div class=\"kh_box_title\">\n<h2 class=\"kh_title_module\">C\u1ea3nh B\u00e1o L\u1ec7ch L\u00e0n \u0110\u01b0\u1eddng<\/h2>\n<div class=\"kh_subtitle_module\">Nh\u1eadn di\u1ec7n, c\u1ea3nh b\u00e1o khi xe \u0111i ch\u1ec7ch h\u01b0\u1edbng<\/div>\n<div class=\"kh_des_title\">T\u00ednh n\u0103ng C\u1ea3nh B\u00e1o L\u1ec7ch L\u00e0n \u0110\u01b0\u1eddng (LDWS) tr\u00ean ZT13 ADAS s\u1eed d\u1ee5ng camera ADAS 8 g\u00f3c nh\u00ecn k\u1ebft h\u1ee3p thu\u1eadt to\u00e1n AI nh\u1eadn di\u1ec7n l\u00e0n \u0111\u01b0\u1eddng ch\u00ednh x\u00e1c. Khi ph\u00e1t hi\u1ec7n xe \u0111i ch\u1ec7ch kh\u1ecfi l\u00e0n \u0111\u01b0\u1eddng m\u00e0 kh\u00f4ng c\u00f3 t\u00edn hi\u1ec7u xi-nhan, h\u1ec7 th\u1ed1ng l\u1eadp t\u1ee9c ph\u00e1t c\u1ea3nh b\u00e1o \u00e2m thanh v\u00e0 h\u00ecnh \u1ea3nh, gi\u00fap t\u00e0i x\u1ebf k\u1ecbp th\u1eddi \u0111i\u1ec1u ch\u1ec9nh, \u0111\u1ea3m b\u1ea3o an to\u00e0n khi di chuy\u1ec3n tr\u00ean cao t\u1ed1c ho\u1eb7c c\u00e1c cung \u0111\u01b0\u1eddng ph\u1ee9c t\u1ea1p.<\/div>\n<\/div>\n<div class=\"kh_box_btn\">\n<div class=\"kh_btn kh_btn_yellow\"><a title=\"ZT13 ADAS (CAMERA 360)\" href=\"https:\/\/zestech.vn\/san-pham\/zt13-adas-camera-360\" data-fancybox=\"\" target=\"_blank\" rel=\"noopener\">Xem chi ti\u1ebft<\/a><\/div>\n<\/div>\n<\/div>\n<\/div>\n<\/div>\n<\/div>\n<\/section>\n<section class=\"kh_module kh_module_videos kh_module_page_prod even kh_ani\">\n<div class=\"kh_container\">\n<div class=\"kh_flex d-flex\">\n<div class=\"kh_box_video\">\n<figure class=\"kh_video_box video-link\" data-src=\"\"><img loading=\"lazy\" decoding=\"async\" class=\"alignnone size-full wp-image-2509\" src=\"https:\/\/autothaiduong.vn\/wp-content\/uploads\/2025\/05\/ZT13-ADAS-NHAN-DIEN-BIEN-BAO-GIAO-THONG.png\" alt=\"Zestech\" width=\"950\" height=\"515\" srcset=\"https:\/\/autothaiduong.vn\/wp-content\/uploads\/2025\/05\/ZT13-ADAS-NHAN-DIEN-BIEN-BAO-GIAO-THONG.png 950w, https:\/\/autothaiduong.vn\/wp-content\/uploads\/2025\/05\/ZT13-ADAS-NHAN-DIEN-BIEN-BAO-GIAO-THONG-600x325.png 600w, https:\/\/autothaiduong.vn\/wp-content\/uploads\/2025\/05\/ZT13-ADAS-NHAN-DIEN-BIEN-BAO-GIAO-THONG-768x416.png 768w\" sizes=\"auto, (max-width: 950px) 100vw, 950px\" \/><\/figure>\n<\/div>\n<div class=\"kh_box_content_video\">\n<div class=\"kh_content_video\">\n<div class=\"kh_box_title\">\n<h2 class=\"kh_title_module\">Nh\u1eadn D\u1ea1ng Bi\u1ec3n B\u00e1o Giao Th\u00f4ng<\/h2>\n<div class=\"kh_subtitle_module\">Nh\u1eadn di\u1ec7n \u0111a d\u1ea1ng bi\u1ec3n b\u00e1o giao th\u00f4ng<\/div>\n<div class=\"kh_des_title\">T\u00ednh n\u0103ng Nh\u1eadn D\u1ea1ng Bi\u1ec3n B\u00e1o Giao Th\u00f4ng (TSR) tr\u00ean ZT13 ADAS \u1ee9ng d\u1ee5ng tr\u00ed tu\u1ec7 nh\u00e2n t\u1ea1o AI k\u1ebft h\u1ee3p h\u1ec7 th\u1ed1ng camera ADAS \u0111a g\u00f3c nh\u00ecn, gi\u00fap nh\u1eadn di\u1ec7n ch\u00ednh x\u00e1c v\u00e0 nhanh ch\u00f3ng m\u1ecdi lo\u1ea1i bi\u1ec3n b\u00e1o giao th\u00f4ng nh\u01b0: bi\u1ec3n gi\u1edbi h\u1ea1n t\u1ed1c \u0111\u1ed9, c\u1ea5m v\u01b0\u1ee3t, d\u1eebng \u0111\u1ed7, bi\u1ec3n ch\u1ec9 h\u01b0\u1edbng&#8230;<br \/>\nTh\u00f4ng tin c\u1ea3nh b\u00e1o \u0111\u01b0\u1ee3c hi\u1ec3n th\u1ecb tr\u1ef1c quan tr\u00ean m\u00e0n h\u00ecnh, h\u1ed7 tr\u1ee3 t\u00e0i x\u1ebf ch\u1ee7 \u0111\u1ed9ng tu\u00e2n th\u1ee7 lu\u1eadt giao th\u00f4ng, h\u1ea1n ch\u1ebf vi ph\u1ea1m v\u00e0 t\u0103ng c\u01b0\u1eddng an to\u00e0n khi l\u00e1i xe.<\/div>\n<\/div>\n<div class=\"kh_box_btn\">\n<div class=\"kh_btn kh_btn_yellow\"><a title=\"ZT13 ADAS (CAMERA 360)\" href=\"https:\/\/zestech.vn\/san-pham\/zt13-adas-camera-360\" data-fancybox=\"\" target=\"_blank\" rel=\"noopener\">Xem chi ti\u1ebft<\/a><\/div>\n<\/div>\n<\/div>\n<\/div>\n<\/div>\n<\/div>\n<\/section>\n<section class=\"kh_module kh_module_videos kh_module_page_prod kh_ani\">\n<div class=\"kh_container\">\n<div class=\"kh_flex d-flex\">\n<div class=\"kh_box_video\">\n<figure class=\"kh_video_box video-link\" data-src=\"\"><img loading=\"lazy\" decoding=\"async\" class=\"alignnone size-full wp-image-2510\" src=\"https:\/\/autothaiduong.vn\/wp-content\/uploads\/2025\/05\/ZT13-ADAS-CANH-BAO-VA-CHAM-VOI-NGUOI-DI-BO.png\" alt=\"Zestech\" width=\"950\" height=\"515\" srcset=\"https:\/\/autothaiduong.vn\/wp-content\/uploads\/2025\/05\/ZT13-ADAS-CANH-BAO-VA-CHAM-VOI-NGUOI-DI-BO.png 950w, https:\/\/autothaiduong.vn\/wp-content\/uploads\/2025\/05\/ZT13-ADAS-CANH-BAO-VA-CHAM-VOI-NGUOI-DI-BO-600x325.png 600w, https:\/\/autothaiduong.vn\/wp-content\/uploads\/2025\/05\/ZT13-ADAS-CANH-BAO-VA-CHAM-VOI-NGUOI-DI-BO-768x416.png 768w\" sizes=\"auto, (max-width: 950px) 100vw, 950px\" \/><\/figure>\n<\/div>\n<div class=\"kh_box_content_video\">\n<div class=\"kh_content_video\">\n<div class=\"kh_box_title\">\n<h2 class=\"kh_title_module\">C\u1ea3nh B\u00e1o Va Ch\u1ea1m V\u1edbi Ng\u01b0\u1eddi \u0110i B\u1ed9<\/h2>\n<div class=\"kh_subtitle_module\">Ph\u00e1t hi\u1ec7n ng\u01b0\u1eddi \u0111i b\u1ed9 v\u00e0 c\u1ea3nh b\u00e1o k\u1ecbp th\u1eddi<\/div>\n<div class=\"kh_des_title\">T\u00ednh n\u0103ng C\u1ea3nh B\u00e1o Va Ch\u1ea1m V\u1edbi Ng\u01b0\u1eddi \u0110i B\u1ed9 (PCW) tr\u00ean ZT13 ADAS \u1ee9ng d\u1ee5ng h\u1ec7 th\u1ed1ng camera ADAS \u0111a g\u00f3c nh\u00ecn k\u1ebft h\u1ee3p AI ph\u00e2n t\u00edch chuy\u1ec3n \u0111\u1ed9ng th\u00f4ng minh, gi\u00fap ph\u00e1t hi\u1ec7n ch\u00ednh x\u00e1c s\u1ef1 xu\u1ea5t hi\u1ec7n c\u1ee7a ng\u01b0\u1eddi \u0111i b\u1ed9 ph\u00eda tr\u01b0\u1edbc ph\u01b0\u01a1ng ti\u1ec7n. H\u1ec7 th\u1ed1ng ch\u1ee7 \u0111\u1ed9ng c\u1ea3nh b\u00e1o b\u1eb1ng \u00e2m thanh v\u00e0 h\u00ecnh \u1ea3nh khi ph\u00e1t hi\u1ec7n nguy c\u01a1 va ch\u1ea1m, h\u1ed7 tr\u1ee3 ng\u01b0\u1eddi l\u00e1i phanh k\u1ecbp th\u1eddi, t\u0103ng c\u01b0\u1eddng an to\u00e0n tuy\u1ec7t \u0111\u1ed1i t\u1ea1i khu v\u1ef1c \u0111\u00f4ng d\u00e2n c\u01b0 v\u00e0 giao l\u1ed9 ph\u1ee9c t\u1ea1p.<\/div>\n<\/div>\n<div class=\"kh_box_btn\">\n<div class=\"kh_btn kh_btn_yellow\"><a title=\"ZT13 ADAS (CAMERA 360)\" href=\"https:\/\/zestech.vn\/san-pham\/zt13-adas-camera-360\" data-fancybox=\"\" target=\"_blank\" rel=\"noopener\">Xem chi ti\u1ebft<\/a><\/div>\n<\/div>\n<\/div>\n<\/div>\n<\/div>\n<\/div>\n<\/section>\n<section class=\"kh_module kh_module_videos kh_module_page_prod even kh_ani\">\n<div class=\"kh_container\">\n<div class=\"kh_flex d-flex\">\n<div class=\"kh_box_video\">\n<figure class=\"kh_video_box video-link\" data-src=\"\"><img loading=\"lazy\" decoding=\"async\" class=\"alignnone size-full wp-image-2511\" src=\"https:\/\/autothaiduong.vn\/wp-content\/uploads\/2025\/05\/ZT13-ADAS-MAN-HINH-2K.png\" alt=\"Zestech\" width=\"950\" height=\"515\" srcset=\"https:\/\/autothaiduong.vn\/wp-content\/uploads\/2025\/05\/ZT13-ADAS-MAN-HINH-2K.png 950w, https:\/\/autothaiduong.vn\/wp-content\/uploads\/2025\/05\/ZT13-ADAS-MAN-HINH-2K-600x325.png 600w, https:\/\/autothaiduong.vn\/wp-content\/uploads\/2025\/05\/ZT13-ADAS-MAN-HINH-2K-768x416.png 768w\" sizes=\"auto, (max-width: 950px) 100vw, 950px\" \/><\/figure>\n<\/div>\n<div class=\"kh_box_content_video\">\n<div class=\"kh_content_video\">\n<div class=\"kh_box_title\">\n<h2 class=\"kh_title_module\">C\u00f4ng Ngh\u1ec7 Hi\u1ec3n Th\u1ecb Cao C\u1ea5p<\/h2>\n<div class=\"kh_subtitle_module\">Chu\u1ea9n 2K S\u1eafc N\u00e9t, Ch\u1ed1ng Ch\u00f3i Tuy\u1ec7t \u0110\u1ed1i<\/div>\n<div class=\"kh_des_title\">M\u00e0n h\u00ecnh ZT13 ADAS s\u1edf h\u1eefu c\u00f4ng ngh\u1ec7 hi\u1ec3n th\u1ecb ti\u00ean ti\u1ebfn v\u1edbi \u0111\u1ed9 ph\u00e2n gi\u1ea3i 2K, \u0111\u01b0a tr\u1ea3i nghi\u1ec7m th\u1ecb gi\u00e1c c\u1ee7a ng\u01b0\u1eddi d\u00f9ng l\u00ean t\u1ea7m cao m\u1edbi, v\u01b0\u1ee3t xa c\u00e1c m\u00e0n h\u00ecnh th\u00f4ng th\u01b0\u1eddng.<br \/>\n&#8211; M\u00e0n h\u00ecnh HD IPS c\u1ea3m \u1ee9ng QLED, mang l\u1ea1i h\u00ecnh \u1ea3nh r\u00f5 n\u00e9t, chi ti\u1ebft v\u00e0 s\u1ed1ng \u0111\u1ed9ng d\u00f9 trong \u0111i\u1ec1u ki\u1ec7n \u00e1nh s\u00e1ng m\u1ea1nh hay m\u00f4i tr\u01b0\u1eddng ph\u1ee9c t\u1ea1p<br \/>\n&#8211; C\u00f4ng ngh\u1ec7 ch\u1ed1ng ch\u00f3i IPS, lo\u1ea1i b\u1ecf ho\u00e0n to\u00e0n t\u00ecnh tr\u1ea1ng l\u00f3a s\u00e1ng t\u1eeb \u00e1nh n\u1eafng m\u1eb7t tr\u1eddi, \u0111\u1ea3m b\u1ea3o h\u00ecnh \u1ea3nh lu\u00f4n r\u00f5 r\u00e0ng, kh\u00f4ng b\u1ecb nh\u00f2e, d\u1ec5 d\u00e0ng quan s\u00e1t m\u1ecdi th\u00f4ng tin khi l\u00e1i xe<br \/>\n&#8211; \u0110\u1ed9 ph\u00e2n gi\u1ea3i v\u01b0\u1ee3t tr\u1ed9i 2K (HD IPS) so v\u1edbi c\u00e1c m\u00e0n h\u00ecnh th\u00f4ng th\u01b0\u1eddng ch\u1ec9 \u0111\u1ea1t 1024x600p ho\u1eb7c 800x600p, gi\u00fap h\u00ecnh \u1ea3nh s\u1eafc n\u00e9t g\u1ea5p nhi\u1ec1u l\u1ea7n<br \/>\n&#8211; Mang \u0111\u1ebfn tr\u1ea3i nghi\u1ec7m th\u1ecb gi\u00e1c \u0111\u1ec9nh cao, k\u1ebft h\u1ee3p ho\u00e0n h\u1ea3o gi\u1eefa c\u00f4ng ngh\u1ec7 v\u00e0 ti\u1ec7n nghi, bi\u1ebfn m\u1ed7i h\u00e0nh tr\u00ecnh tr\u1edf n\u00ean s\u1ed1ng \u0111\u1ed9ng, an to\u00e0n v\u00e0 \u0111\u1eb3ng c\u1ea5p<\/div>\n<\/div>\n<div class=\"kh_box_btn\">\n<div class=\"kh_btn kh_btn_yellow\"><a title=\"ZT13 ADAS (CAMERA 360)\" href=\"https:\/\/zestech.vn\/san-pham\/zt13-adas-camera-360\" data-fancybox=\"\" target=\"_blank\" rel=\"noopener\">Xem chi ti\u1ebft<\/a><\/div>\n<\/div>\n<\/div>\n<\/div>\n<\/div>\n<\/div>\n<\/section>\n<section class=\"kh_module kh_module_videos kh_module_page_prod kh_ani\">\n<div class=\"kh_container\">\n<div class=\"kh_flex d-flex\">\n<div class=\"kh_box_video\">\n<figure class=\"kh_video_box video-link\" data-src=\"\"><img loading=\"lazy\" decoding=\"async\" class=\"alignnone size-full wp-image-2512\" src=\"https:\/\/autothaiduong.vn\/wp-content\/uploads\/2025\/05\/ZT13-ADAS-TRAI-NGHIEM-DA-NHIEM.png\" alt=\"Zestech\" width=\"950\" height=\"515\" srcset=\"https:\/\/autothaiduong.vn\/wp-content\/uploads\/2025\/05\/ZT13-ADAS-TRAI-NGHIEM-DA-NHIEM.png 950w, https:\/\/autothaiduong.vn\/wp-content\/uploads\/2025\/05\/ZT13-ADAS-TRAI-NGHIEM-DA-NHIEM-600x325.png 600w, https:\/\/autothaiduong.vn\/wp-content\/uploads\/2025\/05\/ZT13-ADAS-TRAI-NGHIEM-DA-NHIEM-768x416.png 768w\" sizes=\"auto, (max-width: 950px) 100vw, 950px\" \/><\/figure>\n<\/div>\n<div class=\"kh_box_content_video\">\n<div class=\"kh_content_video\">\n<div class=\"kh_box_title\">\n<h2 class=\"kh_title_module\">Hi\u1ec3n Th\u1ecb \u0110a Nhi\u1ec7m M\u00e0n H\u00ecnh<\/h2>\n<div class=\"kh_subtitle_module\">V\u1eadn H\u00e0nh Linh Ho\u1ea1t, Tr\u1ea3i Nghi\u1ec7m Li\u1ec1n M\u1ea1ch<\/div>\n<div class=\"kh_des_title\">T\u00ednh n\u0103ng Hi\u1ec3n th\u1ecb \u0111a nhi\u1ec7m m\u00e0n h\u00ecnh tr\u00ean ZT13 ADAS cho ph\u00e9p m\u1edf \u0111\u1ed3ng th\u1eddi nhi\u1ec1u \u1ee9ng d\u1ee5ng trong c\u00f9ng m\u1ed9t giao di\u1ec7n, gi\u00fap ng\u01b0\u1eddi l\u00e1i xe v\u1eeba gi\u1ea3i tr\u00ed, theo d\u00f5i th\u00f4ng tin, v\u1eeba d\u1eabn \u0111\u01b0\u1eddng an to\u00e0n m\u00e0 kh\u00f4ng c\u1ea7n chuy\u1ec3n \u0111\u1ed5i gi\u1eefa c\u00e1c tab hay \u1ee9ng d\u1ee5ng ri\u00eang bi\u1ec7t.<br \/>\n&#8211; Ch\u1ea1y m\u01b0\u1ee3t c\u00e1c \u1ee9ng d\u1ee5ng nh\u1ea1c, video, b\u1ea3n \u0111\u1ed3 d\u1eabn \u0111\u01b0\u1eddng, camera 360\u2026 c\u00f9ng l\u00fac tr\u00ean m\u00e0n h\u00ecnh ch\u00ednh<br \/>\n&#8211; T\u1ed1i \u01b0u h\u00f3a giao di\u1ec7n th\u00f4ng minh, chia \u0111\u00f4i ho\u1eb7c chia v\u00f9ng m\u00e0n h\u00ecnh linh ho\u1ea1t, ph\u00f9 h\u1ee3p m\u1ecdi nhu c\u1ea7u s\u1eed d\u1ee5ng<br \/>\n&#8211; T\u0103ng c\u01b0\u1eddng an to\u00e0n v\u00e0 ti\u1ec7n l\u1ee3i khi thao t\u00e1c, h\u1ea1n ch\u1ebf xao nh\u00e3ng trong qu\u00e1 tr\u00ecnh l\u00e1i xe<br \/>\n&#8211; \u0110\u01b0\u1ee3c thi\u1ebft k\u1ebf d\u1ef1a tr\u00ean n\u1ec1n t\u1ea3ng chip ZT A86 v\u00e0 b\u1ed9 nh\u1edb m\u1ea1nh m\u1ebd, \u0111\u1ea3m b\u1ea3o h\u1ec7 th\u1ed1ng ho\u1ea1t \u0111\u1ed9ng \u1ed5n \u0111\u1ecbnh, kh\u00f4ng gi\u1eadt lag<\/div>\n<\/div>\n<div class=\"kh_box_btn\">\n<div class=\"kh_btn kh_btn_yellow\"><a title=\"ZT13 ADAS (CAMERA 360)\" href=\"https:\/\/zestech.vn\/san-pham\/zt13-adas-camera-360\" data-fancybox=\"\" target=\"_blank\" rel=\"noopener\">Xem chi ti\u1ebft<\/a><\/div>\n<\/div>\n<\/div>\n<\/div>\n<\/div>\n<\/div>\n<\/section>\n<\/div>\n<\/div>\n<\/div>\n<\/div>\n<\/div>\n","protected":false},"excerpt":{"rendered":"<p><em><strong>Auto Th\u00e1i D\u01b0\u01a1ng &#8211; \u0110\u1ea1i L\u00ed Ch\u00ednh H\u00e3ng Zestech T\u1ea1i Tp.B\u1ea3o L\u1ed9c<\/strong><\/em><\/p>\n<p><em><strong>\u0110\u1ecba Ch\u1ec9: 273-275 Tr\u1ea7n Ph\u00fa Ph\u01b0\u1eddng L\u1ed9c S\u01a1n Th\u00e0nh Ph\u1ed1 B\u1ea3o L\u1ed9c T\u1ec9nh L\u00e2m \u0110\u1ed3ng<\/strong><\/em><\/p>\n<p><em><strong> Hotline: 0912197441<\/strong><\/em><\/p>\n<p><em><strong>\u1ede \u0110\u00e2y Ch\u00fang T\u00f4i C\u00f3 T\u1ea5t C\u1ea3 S\u1ea3n Ph\u1ea9m Cho Xe Y\u00eau C\u1ee7a B\u1ea1n<\/strong><\/em><\/p>\n","protected":false},"featured_media":2497,"comment_status":"open","ping_status":"closed","template":"","meta":[],"product_brand":[81],"product_cat":[153],"product_tag":[],"class_list":{"0":"post-2496","1":"product","2":"type-product","3":"status-publish","4":"has-post-thumbnail","6":"product_brand-zestech","7":"product_cat-man-hinh-android-lien-camera-360","9":"first","10":"instock","11":"shipping-taxable","12":"purchasable","13":"product-type-simple"},"_links":{"self":[{"href":"https:\/\/autothaiduong.vn\/index.php?rest_route=\/wp\/v2\/product\/2496","targetHints":{"allow":["GET"]}}],"collection":[{"href":"https:\/\/autothaiduong.vn\/index.php?rest_route=\/wp\/v2\/product"}],"about":[{"href":"https:\/\/autothaiduong.vn\/index.php?rest_route=\/wp\/v2\/types\/product"}],"replies":[{"embeddable":true,"href":"https:\/\/autothaiduong.vn\/index.php?rest_route=%2Fwp%2Fv2%2Fcomments&post=2496"}],"wp:featuredmedia":[{"embeddable":true,"href":"https:\/\/autothaiduong.vn\/index.php?rest_route=\/wp\/v2\/media\/2497"}],"wp:attachment":[{"href":"https:\/\/autothaiduong.vn\/index.php?rest_route=%2Fwp%2Fv2%2Fmedia&parent=2496"}],"wp:term":[{"taxonomy":"product_brand","embeddable":true,"href":"https:\/\/autothaiduong.vn\/index.php?rest_route=%2Fwp%2Fv2%2Fproduct_brand&post=2496"},{"taxonomy":"product_cat","embeddable":true,"href":"https:\/\/autothaiduong.vn\/index.php?rest_route=%2Fwp%2Fv2%2Fproduct_cat&post=2496"},{"taxonomy":"product_tag","embeddable":true,"href":"https:\/\/autothaiduong.vn\/index.php?rest_route=%2Fwp%2Fv2%2Fproduct_tag&post=2496"}],"curies":[{"name":"wp","href":"https:\/\/api.w.org\/{rel}","templated":true}]}}