{"id":2513,"date":"2025-05-18T16:06:47","date_gmt":"2025-05-18T16:06:47","guid":{"rendered":"https:\/\/autothaiduong.vn\/?post_type=product&#038;p=2513"},"modified":"2025-05-23T15:03:38","modified_gmt":"2025-05-23T15:03:38","slug":"man-hinh-android-z18-360","status":"publish","type":"product","link":"https:\/\/autothaiduong.vn\/?product=man-hinh-android-z18-360","title":{"rendered":"M\u00e0n h\u00ecnh Android Z18 360"},"content":{"rendered":"<p><img loading=\"lazy\" decoding=\"async\" class=\" wp-image-2492 aligncenter\" src=\"https:\/\/autothaiduong.vn\/wp-content\/uploads\/2025\/05\/z6584734442481_f208f5944548cb4b46353402ce2e64e0-4.jpg\" alt=\"\" width=\"308\" height=\"273\" \/><\/p>\n<p style=\"text-align: center;\"><span style=\"color: #ff0000; font-size: 140%;\"><strong>\u0110\u1ecba Ch\u1ec9: 273-275 Tr\u1ea7n Ph\u00fa Ph\u01b0\u1eddng L\u1ed9c S\u01a1n Th\u00e0nh Ph\u1ed1 B\u1ea3o L\u1ed9c T\u1ec9nh L\u00e2m \u0110\u1ed3ng<\/strong><\/span><\/p>\n<p style=\"text-align: center;\"><span style=\"color: #ff0000; font-size: 140%;\"><strong> Hotline: 0912197441<\/strong><\/span><\/p>\n<section class=\"kh_parameter_prod\">\n<div class=\"container\">\n<div class=\"kh_box_param\">\n<div class=\"kh_box_title\">\n<h2 class=\"kh_title_module\">Th\u00f4ng s\u1ed1 k\u1ef9 thu\u1eadt M\u00e0n h\u00ecnh Android Z18 360<\/h2>\n<\/div>\n<div class=\"kh_list_pram_prod d-flex\">\n<div class=\"kh_item_param\">\n<div class=\"kh_inner_prod d-flex\">\n<figure class=\"kh_icon_param\"><img loading=\"lazy\" decoding=\"async\" class=\"alignnone size-full wp-image-2515\" src=\"https:\/\/autothaiduong.vn\/wp-content\/uploads\/2025\/05\/Hedieuhanh-1.png\" alt=\"H\u1ec7 \u0111i\u1ec1u h\u00e0nh\" width=\"56\" height=\"70\" \/><\/figure>\n<div class=\"kh_content_param\">\n<div class=\"kh_title_param\">H\u1ec7 \u0111i\u1ec1u h\u00e0nh<\/div>\n<div class=\"kh_des_param\">Android 10.0<\/div>\n<\/div>\n<\/div>\n<\/div>\n<div class=\"kh_item_param\">\n<div class=\"kh_inner_prod d-flex\">\n<figure class=\"kh_icon_param\"><img loading=\"lazy\" decoding=\"async\" class=\"alignnone size-full wp-image-2516\" src=\"https:\/\/autothaiduong.vn\/wp-content\/uploads\/2025\/05\/Manhinh-4.png\" alt=\"M\u00e0n h\u00ecnh\" width=\"70\" height=\"58\" \/><\/figure>\n<div class=\"kh_content_param\">\n<div class=\"kh_title_param\">M\u00e0n h\u00ecnh<\/div>\n<div class=\"kh_des_param\">9\/10.1inch, 1280*720px<\/div>\n<\/div>\n<\/div>\n<\/div>\n<div class=\"kh_item_param\">\n<div class=\"kh_inner_prod d-flex\">\n<figure class=\"kh_icon_param\"><img loading=\"lazy\" decoding=\"async\" class=\"alignnone size-full wp-image-2517\" src=\"https:\/\/autothaiduong.vn\/wp-content\/uploads\/2025\/05\/CPU-1.png\" alt=\"B\u1ed9 x\u1eed l\u00fd\" width=\"70\" height=\"70\" \/><\/figure>\n<div class=\"kh_content_param\">\n<div class=\"kh_title_param\">B\u1ed9 x\u1eed l\u00fd<\/div>\n<div class=\"kh_des_param\">UIS7862S<br \/>\nOcta-core 2*A75 + 6*A55<\/div>\n<\/div>\n<\/div>\n<\/div>\n<div class=\"kh_item_param\">\n<div class=\"kh_inner_prod d-flex\">\n<figure class=\"kh_icon_param\"><img loading=\"lazy\" decoding=\"async\" class=\"alignnone size-full wp-image-2518\" src=\"https:\/\/autothaiduong.vn\/wp-content\/uploads\/2025\/05\/GPU.png\" alt=\"GPU\" width=\"70\" height=\"70\" \/><\/figure>\n<div class=\"kh_content_param\">\n<div class=\"kh_title_param\">GPU<\/div>\n<div class=\"kh_des_param\">G52<\/div>\n<\/div>\n<\/div>\n<\/div>\n<div class=\"kh_item_param\">\n<div class=\"kh_inner_prod d-flex\">\n<figure class=\"kh_icon_param\"><img loading=\"lazy\" decoding=\"async\" class=\"alignnone size-full wp-image-2519\" src=\"https:\/\/autothaiduong.vn\/wp-content\/uploads\/2025\/05\/RAM-1.png\" alt=\"RAM\" width=\"70\" height=\"70\" \/><\/figure>\n<div class=\"kh_content_param\">\n<div class=\"kh_title_param\">RAM<\/div>\n<div class=\"kh_des_param\">4GB<\/div>\n<\/div>\n<\/div>\n<\/div>\n<div class=\"kh_item_param\">\n<div class=\"kh_inner_prod d-flex\">\n<figure class=\"kh_icon_param\"><img loading=\"lazy\" decoding=\"async\" class=\"alignnone size-full wp-image-2520\" src=\"https:\/\/autothaiduong.vn\/wp-content\/uploads\/2025\/05\/ROM-1.png\" alt=\"ROM\" width=\"68\" height=\"68\" \/><\/figure>\n<div class=\"kh_content_param\">\n<div class=\"kh_title_param\">ROM<\/div>\n<div class=\"kh_des_param\">32GB<\/div>\n<\/div>\n<\/div>\n<\/div>\n<div class=\"kh_item_param\">\n<div class=\"kh_inner_prod d-flex\">\n<figure class=\"kh_icon_param\"><img loading=\"lazy\" decoding=\"async\" class=\"alignnone size-full wp-image-2516\" src=\"https:\/\/autothaiduong.vn\/wp-content\/uploads\/2025\/05\/Manhinh-4.png\" alt=\"M\u00e0n h\u00ecnh\" width=\"70\" height=\"58\" \/><\/figure>\n<div class=\"kh_content_param\">\n<div class=\"kh_title_param\">C\u00f4ng ty<\/div>\n<div class=\"kh_des_param\">TNHH TM XNK N\u1ed9i th\u1ea5t \u00f4 t\u00f4 Quang Minh<\/div>\n<\/div>\n<\/div>\n<\/div>\n<div class=\"kh_item_param\">\n<div class=\"kh_inner_prod d-flex\">\n<figure class=\"kh_icon_param\"><img loading=\"lazy\" decoding=\"async\" class=\"alignnone size-full wp-image-2516\" src=\"https:\/\/autothaiduong.vn\/wp-content\/uploads\/2025\/05\/Manhinh-4.png\" alt=\"M\u00e0n h\u00ecnh\" width=\"70\" height=\"58\" \/><\/figure>\n<div class=\"kh_content_param\">\n<div class=\"kh_title_param\">N\u0103m s\u1ea3n xu\u1ea5t<\/div>\n<div class=\"kh_des_param\">2025<\/div>\n<\/div>\n<\/div>\n<\/div>\n<div class=\"kh_item_param\">\n<div class=\"kh_inner_prod d-flex\">\n<figure class=\"kh_icon_param\"><img loading=\"lazy\" decoding=\"async\" class=\"alignnone size-full wp-image-2516\" src=\"https:\/\/autothaiduong.vn\/wp-content\/uploads\/2025\/05\/Manhinh-4.png\" alt=\"M\u00e0n h\u00ecnh\" width=\"70\" height=\"58\" \/><\/figure>\n<div class=\"kh_content_param\">\n<div class=\"kh_title_param\">B\u1ea3o h\u00e0nh<\/div>\n<div class=\"kh_des_param\">B\u1ea3o h\u00e0nh 24 th\u00e1ng (1 \u0111\u1ed5i 1 n\u0103m \u0111\u1ea7u)<\/div>\n<\/div>\n<\/div>\n<\/div>\n<\/div>\n<\/div>\n<\/div>\n<\/section>\n<section class=\"kh_module kh_module_videos kh_module_page_prod kh_ani\">\n<div class=\"kh_container\">\n<div class=\"kh_flex d-flex\">\n<div class=\"kh_box_video\">\n<figure class=\"kh_video_box video-link\" data-src=\"\"><img loading=\"lazy\" decoding=\"async\" class=\"alignnone size-full wp-image-2524\" src=\"https:\/\/autothaiduong.vn\/wp-content\/uploads\/2025\/05\/Z18-1-1.png\" alt=\"Zestech\" width=\"1280\" height=\"693\" srcset=\"https:\/\/autothaiduong.vn\/wp-content\/uploads\/2025\/05\/Z18-1-1.png 1280w, https:\/\/autothaiduong.vn\/wp-content\/uploads\/2025\/05\/Z18-1-1-600x325.png 600w, https:\/\/autothaiduong.vn\/wp-content\/uploads\/2025\/05\/Z18-1-1-1024x554.png 1024w, https:\/\/autothaiduong.vn\/wp-content\/uploads\/2025\/05\/Z18-1-1-768x416.png 768w\" sizes=\"auto, (max-width: 1280px) 100vw, 1280px\" \/><\/figure>\n<\/div>\n<div class=\"kh_box_content_video\">\n<div class=\"kh_content_video\">\n<div class=\"kh_box_title\">\n<h2 class=\"kh_title_module\">B\u00d9NG N\u1ed4 QU\u00c0 T\u1eb6NG<\/h2>\n<div class=\"kh_subtitle_module\">KHI MUA M\u00c0N H\u00ccNH Z18 360<\/div>\n<div class=\"kh_des_title\">&#8211; C\u1ea3m bi\u1ebfn \u00e1p su\u1ea5t l\u1ed1p ho\u0103\u0323c 1.000.000\u0111 ti\u00ea\u0300n m\u0103\u0323t<br \/>\n&#8211; Sim 4G Free 1 th\u00e1ng<br \/>\n&#8211; T\u1eb7ng USB<\/div>\n<\/div>\n<div class=\"kh_box_btn\">\n<div class=\"kh_btn kh_btn_yellow\"><a title=\"M\u00e0n h\u00ecnh Android Z18 360\" href=\"https:\/\/zestech.vn\/san-pham\/z18-360\" data-fancybox=\"\" target=\"_blank\" rel=\"noopener\">Xem chi ti\u1ebft<\/a><\/div>\n<\/div>\n<\/div>\n<\/div>\n<\/div>\n<\/div>\n<\/section>\n<section class=\"kh_module kh_module_videos kh_module_page_prod even kh_ani\">\n<div class=\"kh_container\">\n<div class=\"kh_flex d-flex\">\n<div class=\"kh_box_video\">\n<figure class=\"kh_video_box video-link\" data-src=\"https:\/\/www.youtube.com\/watch?v=kZE-PAfyT3U&amp;list=PLyd9FyXbMlATUOnljTdJ7U3BrK_8jSMUN&amp;index=6\"><img loading=\"lazy\" decoding=\"async\" class=\"alignnone size-full wp-image-2525\" src=\"https:\/\/autothaiduong.vn\/wp-content\/uploads\/2025\/05\/z18-360.jpg\" alt=\"Zestech\" width=\"1000\" height=\"536\" srcset=\"https:\/\/autothaiduong.vn\/wp-content\/uploads\/2025\/05\/z18-360.jpg 1000w, https:\/\/autothaiduong.vn\/wp-content\/uploads\/2025\/05\/z18-360-600x322.jpg 600w, https:\/\/autothaiduong.vn\/wp-content\/uploads\/2025\/05\/z18-360-768x412.jpg 768w\" sizes=\"auto, (max-width: 1000px) 100vw, 1000px\" \/><\/figure>\n<\/div>\n<div class=\"kh_box_content_video\">\n<div class=\"kh_content_video\">\n<div class=\"kh_box_title\">\n<h2 class=\"kh_title_module\">H\u1ec7 th\u1ed1ng CAMERA 360\u00b0<\/h2>\n<div class=\"kh_des_title\">T\u1ef1 \u0111\u1ed9ng m\u1edf cam theo t\u1ed1c \u0111\u1ed9: kh\u00f4ng h\u1ed7 tr\u1ee3<br \/>\nM\u1edf xi nhan hi\u1ec7n cam 360<\/div>\n<\/div>\n<div class=\"kh_box_btn\">\n<div class=\"kh_btn kh_btn_yellow\"><a title=\"M\u00e0n h\u00ecnh Android Z18 360\" href=\"https:\/\/www.youtube.com\/embed\/kZE-PAfyT3U&amp;list=PLyd9FyXbMlATUOnljTdJ7U3BrK_8jSMUN&amp;index=6\" data-fancybox=\"\" target=\"_blank\" rel=\"noopener\">Xem chi ti\u1ebft<\/a><\/div>\n<\/div>\n<\/div>\n<\/div>\n<\/div>\n<\/div>\n<\/section>\n<section class=\"kh_module kh_module_videos kh_module_page_prod kh_ani\">\n<div class=\"kh_container\">\n<div class=\"kh_flex d-flex\">\n<div class=\"kh_box_video\">\n<figure class=\"kh_video_box video-link\" data-src=\"https:\/\/www.youtube.com\/watch?v=4MH9mF1mnxk&amp;list=PLyd9FyXbMlATUOnljTdJ7U3BrK_8jSMUN&amp;index=7\"><img loading=\"lazy\" decoding=\"async\" class=\"alignnone size-full wp-image-2526\" src=\"https:\/\/autothaiduong.vn\/wp-content\/uploads\/2025\/05\/zt360g-2024-auto-update.jpg\" alt=\"Zestech\" width=\"1280\" height=\"720\" srcset=\"https:\/\/autothaiduong.vn\/wp-content\/uploads\/2025\/05\/zt360g-2024-auto-update.jpg 1280w, https:\/\/autothaiduong.vn\/wp-content\/uploads\/2025\/05\/zt360g-2024-auto-update-600x338.jpg 600w, https:\/\/autothaiduong.vn\/wp-content\/uploads\/2025\/05\/zt360g-2024-auto-update-1024x576.jpg 1024w, https:\/\/autothaiduong.vn\/wp-content\/uploads\/2025\/05\/zt360g-2024-auto-update-768x432.jpg 768w\" sizes=\"auto, (max-width: 1280px) 100vw, 1280px\" \/><\/figure>\n<\/div>\n<div class=\"kh_box_content_video\">\n<div class=\"kh_content_video\">\n<div class=\"kh_box_title\">\n<h2 class=\"kh_title_module\">C\u00f4ng ngh\u1ec7 OTA &#8211; Auto Update<\/h2>\n<div class=\"kh_subtitle_module\">T\u1ef1 \u0111\u1ed9ng c\u1eadp nh\u1eadp \u1ee9ng d\u1ee5ng<\/div>\n<div class=\"kh_des_title\">C\u00f4ng ngh\u1ec7 \u0111\u1ed9c quy\u1ec1n do ZESTECH nghi\u00ean c\u1ee9u v\u00e0 ph\u00e1t tri\u1ec3n. N\u00e2ng c\u1ea5p h\u1ec7 th\u1ed1ng tr\u1ef1c tuy\u1ebfn, ch\u1ee7 \u0111\u1ed9ng c\u1eadp nh\u1eadt c\u00e1c \u1ee9ng d\u1ee5ng gi\u1ea3i tr\u00ed. Ho\u1ea1t \u0111\u1ed9ng ch\u1ec9 c\u1ea7n thi\u1ebft b\u1ecb k\u1ebft n\u1ed1i m\u1ea1ng WiFi\/4G.<\/div>\n<\/div>\n<div class=\"kh_box_btn\">\n<div class=\"kh_btn kh_btn_yellow\"><a title=\"M\u00e0n h\u00ecnh Android Z18 360\" href=\"https:\/\/www.youtube.com\/embed\/4MH9mF1mnxk&amp;list=PLyd9FyXbMlATUOnljTdJ7U3BrK_8jSMUN&amp;index=7\" data-fancybox=\"\" target=\"_blank\" rel=\"noopener\">Xem chi ti\u1ebft<\/a><\/div>\n<\/div>\n<\/div>\n<\/div>\n<\/div>\n<\/div>\n<\/section>\n<section class=\"kh_module kh_module_videos kh_module_page_prod even kh_ani\">\n<div class=\"kh_container\">\n<div class=\"kh_flex d-flex\">\n<div class=\"kh_box_video\">\n<figure class=\"kh_video_box video-link\" data-src=\"https:\/\/www.youtube.com\/watch?v=Ex9GGAby3TY&amp;list=PLyd9FyXbMlATUOnljTdJ7U3BrK_8jSMUN&amp;index=4\"><img loading=\"lazy\" decoding=\"async\" class=\"alignnone size-full wp-image-2527\" src=\"https:\/\/autothaiduong.vn\/wp-content\/uploads\/2025\/05\/z18-360_2.jpg\" alt=\"Zestech\" width=\"1000\" height=\"536\" srcset=\"https:\/\/autothaiduong.vn\/wp-content\/uploads\/2025\/05\/z18-360_2.jpg 1000w, https:\/\/autothaiduong.vn\/wp-content\/uploads\/2025\/05\/z18-360_2-600x322.jpg 600w, https:\/\/autothaiduong.vn\/wp-content\/uploads\/2025\/05\/z18-360_2-768x412.jpg 768w\" sizes=\"auto, (max-width: 1000px) 100vw, 1000px\" \/><\/figure>\n<\/div>\n<div class=\"kh_box_content_video\">\n<div class=\"kh_content_video\">\n<div class=\"kh_box_title\">\n<h2 class=\"kh_title_module\">\u0110\u1ecbnh v\u1ecb xe<\/h2>\n<div class=\"kh_subtitle_module\">\u0110\u1ecbnh v\u1ecb ch\u00ednh x\u00e1c v\u1ecb tr\u00ed xe<\/div>\n<div class=\"kh_des_title\">Zestech th\u01b0\u01a1ng hi\u1ec7u \u0111\u1ea7u ti\u00ean v\u00e0 ti\u00ean phong ph\u00e1t tri\u1ec3n \u0111\u1ecbnh v\u1ecb qu\u1ea3n l\u00fd xe t\u1eeb xa , ki\u1ec3m tra l\u1ea1i l\u1ecbch tr\u00ecnh c\u1ee7a xe trong v\u00f2ng 365 ng\u00e0y.<\/div>\n<\/div>\n<div class=\"kh_box_btn\">\n<div class=\"kh_btn kh_btn_yellow\"><a title=\"M\u00e0n h\u00ecnh Android Z18 360\" href=\"https:\/\/www.youtube.com\/embed\/Ex9GGAby3TY&amp;list=PLyd9FyXbMlATUOnljTdJ7U3BrK_8jSMUN&amp;index=4\" data-fancybox=\"\" target=\"_blank\" rel=\"noopener\">Xem chi ti\u1ebft<\/a><\/div>\n<\/div>\n<\/div>\n<\/div>\n<\/div>\n<\/div>\n<\/section>\n<section class=\"kh_module kh_module_videos kh_module_page_prod kh_ani\">\n<div class=\"kh_container\">\n<div class=\"kh_flex d-flex\">\n<div class=\"kh_box_video\">\n<figure class=\"kh_video_box video-link\" data-src=\"https:\/\/www.youtube.com\/watch?v=DDO4FkpI8Lg&amp;list=PLyd9FyXbMlATUOnljTdJ7U3BrK_8jSMUN&amp;index=6\"><img loading=\"lazy\" decoding=\"async\" class=\"alignnone size-full wp-image-2528\" src=\"https:\/\/autothaiduong.vn\/wp-content\/uploads\/2025\/05\/z18-360_3.jpg\" alt=\"Zestech\" width=\"1000\" height=\"536\" srcset=\"https:\/\/autothaiduong.vn\/wp-content\/uploads\/2025\/05\/z18-360_3.jpg 1000w, https:\/\/autothaiduong.vn\/wp-content\/uploads\/2025\/05\/z18-360_3-600x322.jpg 600w, https:\/\/autothaiduong.vn\/wp-content\/uploads\/2025\/05\/z18-360_3-768x412.jpg 768w\" sizes=\"auto, (max-width: 1000px) 100vw, 1000px\" \/><\/figure>\n<\/div>\n<div class=\"kh_box_content_video\">\n<div class=\"kh_content_video\">\n<div class=\"kh_box_title\">\n<h2 class=\"kh_title_module\">Tra c\u1ee9u ph\u1ea1t ngu\u1ed9i<\/h2>\n<div class=\"kh_subtitle_module\">S\u1eed d\u1ee5ng gi\u1ecdng n\u00f3i \u0111\u1ec3 tra c\u1ee9u<\/div>\n<div class=\"kh_des_title\">S\u1eed d\u1ee5ng gi\u1ecdng n\u00f3i \u0111\u1ec3 tra c\u1ee9u v\u1edbi c\u00e2u l\u1ec7nh \u201cPh\u1ea1t ngu\u1ed9i + bi\u1ec3n s\u1ed1 xe\u201d. \u0110\u1ed3ng th\u1eddi g\u1eedi tin nh\u1eafn v\u00e0 th\u00f4ng b\u00e1o g\u1ecdi \u0111i\u1ec7n v\u1ec1 cho kh\u00e1ch h\u00e0ng.<\/div>\n<\/div>\n<div class=\"kh_box_btn\">\n<div class=\"kh_btn kh_btn_yellow\"><a title=\"M\u00e0n h\u00ecnh Android Z18 360\" href=\"https:\/\/www.youtube.com\/embed\/DDO4FkpI8Lg&amp;list=PLyd9FyXbMlATUOnljTdJ7U3BrK_8jSMUN&amp;index=6\" data-fancybox=\"\" target=\"_blank\" rel=\"noopener\">Xem chi ti\u1ebft<\/a><\/div>\n<\/div>\n<\/div>\n<\/div>\n<\/div>\n<\/div>\n<\/section>\n<section class=\"kh_module kh_module_videos kh_module_page_prod even kh_ani\">\n<div class=\"kh_container\">\n<div class=\"kh_flex d-flex\">\n<div class=\"kh_box_video\">\n<figure class=\"kh_video_box video-link\" data-src=\"https:\/\/www.youtube.com\/watch?v=c_w43o1cTUc&amp;list=PLyd9FyXbMlATUOnljTdJ7U3BrK_8jSMUN&amp;index=2\"><img loading=\"lazy\" decoding=\"async\" class=\"alignnone size-full wp-image-2529\" src=\"https:\/\/autothaiduong.vn\/wp-content\/uploads\/2025\/05\/z18-360_4.jpg\" alt=\"Zestech\" width=\"1000\" height=\"536\" srcset=\"https:\/\/autothaiduong.vn\/wp-content\/uploads\/2025\/05\/z18-360_4.jpg 1000w, https:\/\/autothaiduong.vn\/wp-content\/uploads\/2025\/05\/z18-360_4-600x322.jpg 600w, https:\/\/autothaiduong.vn\/wp-content\/uploads\/2025\/05\/z18-360_4-768x412.jpg 768w\" sizes=\"auto, (max-width: 1000px) 100vw, 1000px\" \/><\/figure>\n<\/div>\n<div class=\"kh_box_content_video\">\n<div class=\"kh_content_video\">\n<div class=\"kh_box_title\">\n<h2 class=\"kh_title_module\">\u0110i\u1ec1u khi\u1ec3n m\u00e0n h\u00ecnh b\u1eb1ng gi\u1ecdng n\u00f3i<\/h2>\n<div class=\"kh_subtitle_module\">S\u1eed d\u1ee5ng gi\u1ecdng n\u00f3i kiki \u0111i\u1ec1u khi\u1ec3n m\u00e0n h\u00ecnh<\/div>\n<div class=\"kh_des_title\">\u0110i\u1ec1u khi\u1ec3n m\u1ecdi t\u00e1c v\u1ee5 v\u1edbi tr\u1ee3 l\u00fd Kiki c\u00f3 kh\u1ea3 n\u0103ng nghe &#8211; hi\u1ec3u gi\u1ecdng n\u00f3i 3 mi\u1ec1n B\u1eafc &#8211; Trung &#8211; Nam v\u00e0 ph\u1ea3n h\u1ed3i nhanh ch\u00f3ng v\u1edbi m\u1ecdi c\u00e2u l\u1ec7nh c\u1ee7a b\u1ea1n. Mang t\u1edbi cho ng\u01b0\u1eddi d\u00f9ng tr\u1ea3i nghi\u1ec7m l\u00e1i xe r\u1ea3nh tay r\u1ea3nh m\u1eaft c\u1ef1c k\u1ef3 th\u00f4ng minh.<\/div>\n<\/div>\n<div class=\"kh_box_btn\">\n<div class=\"kh_btn kh_btn_yellow\"><a title=\"M\u00e0n h\u00ecnh Android Z18 360\" href=\"https:\/\/www.youtube.com\/embed\/c_w43o1cTUc&amp;list=PLyd9FyXbMlATUOnljTdJ7U3BrK_8jSMUN&amp;index=2\" data-fancybox=\"\" target=\"_blank\" rel=\"noopener\">Xem chi ti\u1ebft<\/a><\/div>\n<\/div>\n<\/div>\n<\/div>\n<\/div>\n<\/div>\n<\/section>\n<section class=\"kh_module kh_module_videos kh_module_page_prod kh_ani\">\n<div class=\"kh_container\">\n<div class=\"kh_flex d-flex\">\n<div class=\"kh_box_video\">\n<figure class=\"kh_video_box video-link\" data-src=\"\"><a title=\"M\u00e0n h\u00ecnh Android Z18 360\" href=\"https:\/\/zestech.vn\/san-pham\/z18-360\" data-fancybox=\"\" target=\"_blank\" rel=\"noopener\"><img decoding=\"async\" class=\"img-fluid entered error\" src=\"https:\/\/zestech.vn\/wp-content\/uploads\/2024\/05\/ca%CC%89m-bie%CC%81n-a%CC%81p-sua%CC%81t-lo%CC%81p.jpg\" alt=\"Zestech\" data-lazy-src=\"https:\/\/zestech.vn\/wp-content\/uploads\/2024\/05\/ca\u0309m-bie\u0301n-a\u0301p-sua\u0301t-lo\u0301p.jpg\" data-ll-status=\"error\" \/><i class=\"fas fa-play \"><\/i><\/a><\/figure>\n<\/div>\n<div class=\"kh_box_content_video\">\n<div class=\"kh_content_video\">\n<div class=\"kh_box_title\">\n<h2 class=\"kh_title_module\">C\u1ea3m Bi\u1ebfn \u00c1p Su\u1ea5t L\u1ed1p<\/h2>\n<div class=\"kh_des_title\">T\u00edch h\u1ee3p c\u1ea3m bi\u1ebfn \u00e1p su\u1ea5t l\u1ed1p tr\u1ef1c ti\u1ebfp tr\u00ean giao di\u1ec7n m\u00e0n h\u00ecnh ch\u00ednh. Th\u00f4ng b\u00e1o ngay l\u1eadp t\u1ee9c khi t\u00ecnh tr\u1ea1ng l\u1ed1p x\u1ea3y ra v\u1ea5n \u0111\u1ec1. Gi\u00fap \u00e1p su\u1ea5t lu\u00f4n trong tr\u1ea1ng th\u00e1i \u0111\u1ea1t chu\u1ea9n, t\u1eeb \u0111\u00f3 n\u00e2ng cao tu\u1ed5i th\u1ecd l\u1ed1p xe.<\/div>\n<\/div>\n<div class=\"kh_box_btn\">\n<div class=\"kh_btn kh_btn_yellow\"><a title=\"M\u00e0n h\u00ecnh Android Z18 360\" href=\"https:\/\/zestech.vn\/san-pham\/z18-360\" data-fancybox=\"\" target=\"_blank\" rel=\"noopener\">Xem chi ti\u1ebft<\/a><\/div>\n<\/div>\n<\/div>\n<\/div>\n<\/div>\n<\/div>\n<\/section>\n","protected":false},"excerpt":{"rendered":"<h3><em><strong>Auto Th\u00e1i D\u01b0\u01a1ng &#8211; \u0110\u1ea1i L\u00ed Ch\u00ednh H\u00e3ng Zestech T\u1ea1i TP.B\u1ea3o L\u1ed9c<\/strong><\/em><\/h3>\n<h3><em><strong>\u0110\u1ecba Ch\u1ec9: 273-275 Tr\u1ea7n Ph\u00fa Ph\u01b0\u1eddng L\u1ed9c S\u01a1n Th\u00e0nh Ph\u1ed1 B\u1ea3o L\u1ed9c T\u1ec9nh L\u00e2m \u0110\u1ed3ng <\/strong><\/em><\/h3>\n<h3><em><strong>Hotline: 0912197441<\/strong><\/em><\/h3>\n","protected":false},"featured_media":2514,"comment_status":"open","ping_status":"closed","template":"","meta":[],"product_brand":[81],"product_cat":[153],"product_tag":[],"class_list":{"0":"post-2513","1":"product","2":"type-product","3":"status-publish","4":"has-post-thumbnail","6":"product_brand-zestech","7":"product_cat-man-hinh-android-lien-camera-360","9":"first","10":"instock","11":"shipping-taxable","12":"purchasable","13":"product-type-simple"},"_links":{"self":[{"href":"https:\/\/autothaiduong.vn\/index.php?rest_route=\/wp\/v2\/product\/2513","targetHints":{"allow":["GET"]}}],"collection":[{"href":"https:\/\/autothaiduong.vn\/index.php?rest_route=\/wp\/v2\/product"}],"about":[{"href":"https:\/\/autothaiduong.vn\/index.php?rest_route=\/wp\/v2\/types\/product"}],"replies":[{"embeddable":true,"href":"https:\/\/autothaiduong.vn\/index.php?rest_route=%2Fwp%2Fv2%2Fcomments&post=2513"}],"wp:featuredmedia":[{"embeddable":true,"href":"https:\/\/autothaiduong.vn\/index.php?rest_route=\/wp\/v2\/media\/2514"}],"wp:attachment":[{"href":"https:\/\/autothaiduong.vn\/index.php?rest_route=%2Fwp%2Fv2%2Fmedia&parent=2513"}],"wp:term":[{"taxonomy":"product_brand","embeddable":true,"href":"https:\/\/autothaiduong.vn\/index.php?rest_route=%2Fwp%2Fv2%2Fproduct_brand&post=2513"},{"taxonomy":"product_cat","embeddable":true,"href":"https:\/\/autothaiduong.vn\/index.php?rest_route=%2Fwp%2Fv2%2Fproduct_cat&post=2513"},{"taxonomy":"product_tag","embeddable":true,"href":"https:\/\/autothaiduong.vn\/index.php?rest_route=%2Fwp%2Fv2%2Fproduct_tag&post=2513"}],"curies":[{"name":"wp","href":"https:\/\/api.w.org\/{rel}","templated":true}]}}