{"id":2546,"date":"2025-05-18T16:13:55","date_gmt":"2025-05-18T16:13:55","guid":{"rendered":"https:\/\/autothaiduong.vn\/?post_type=product&#038;p=2546"},"modified":"2025-05-23T15:02:33","modified_gmt":"2025-05-23T15:02:33","slug":"zestech-360-base-nang-cap-2024","status":"publish","type":"product","link":"https:\/\/autothaiduong.vn\/?product=zestech-360-base-nang-cap-2024","title":{"rendered":"Zestech 360 Base n\u00e2ng c\u1ea5p 2024"},"content":{"rendered":"<p><img loading=\"lazy\" decoding=\"async\" class=\" wp-image-2492 aligncenter\" src=\"https:\/\/autothaiduong.vn\/wp-content\/uploads\/2025\/05\/z6584734442481_f208f5944548cb4b46353402ce2e64e0-4.jpg\" alt=\"\" width=\"278\" height=\"247\" \/><\/p>\n<p style=\"text-align: center;\"><span style=\"color: #ff0000; font-size: 140%;\"><strong>\u0110\u1ecba Ch\u1ec9: 273-275 Tr\u1ea7n Ph\u00fa Ph\u01b0\u1eddng L\u1ed9c S\u01a1n Th\u00e0nh Ph\u1ed1 B\u1ea3o L\u1ed9c T\u1ec9nh L\u00e2m \u0110\u1ed3ng <\/strong><\/span><\/p>\n<p style=\"text-align: center;\"><span style=\"color: #ff0000; font-size: 140%;\"><strong>Hotline: 0912197441<\/strong><\/span><\/p>\n<div class=\"kh_box_title\"><\/div>\n<div class=\"kh_list_pram_prod d-flex\">\n<div class=\"kh_item_param\">\n<div class=\"kh_inner_prod d-flex\">\n<div class=\"kh_content_param\">\n<div class=\"kh_des_param\">\n<div class=\"kh_box_title\">\n<h2 class=\"kh_title_module\">Th\u00f4ng s\u1ed1 k\u1ef9 thu\u1eadt Zestech 360 Base n\u00e2ng c\u1ea5p 2024<\/h2>\n<\/div>\n<div class=\"kh_list_pram_prod d-flex\">\n<div class=\"kh_item_param\">\n<div class=\"kh_inner_prod d-flex\">\n<figure class=\"kh_icon_param\"><img loading=\"lazy\" decoding=\"async\" class=\"alignnone size-full wp-image-2548\" src=\"https:\/\/autothaiduong.vn\/wp-content\/uploads\/2025\/05\/Hedieuhanh-3.png\" alt=\"H\u1ec7 \u0111i\u1ec1u h\u00e0nh\" width=\"56\" height=\"70\" \/><\/figure>\n<div class=\"kh_content_param\">\n<div class=\"kh_title_param\">H\u1ec7 \u0111i\u1ec1u h\u00e0nh<\/div>\n<div class=\"kh_des_param\">Android 10.0<\/div>\n<\/div>\n<\/div>\n<\/div>\n<div class=\"kh_item_param\">\n<div class=\"kh_inner_prod d-flex\">\n<figure class=\"kh_icon_param\"><img loading=\"lazy\" decoding=\"async\" class=\"alignnone size-full wp-image-2549\" src=\"https:\/\/autothaiduong.vn\/wp-content\/uploads\/2025\/05\/Manhinh-12.png\" alt=\"M\u00e0n h\u00ecnh\" width=\"70\" height=\"58\" \/><\/figure>\n<div class=\"kh_content_param\">\n<div class=\"kh_title_param\">M\u00e0n h\u00ecnh<\/div>\n<div class=\"kh_des_param\">9\/10.1inch, 2000*1200px<br \/>\nIPS FullHD &#8211; c\u01b0\u1eddng l\u1ef1c 2.5D<\/div>\n<\/div>\n<\/div>\n<\/div>\n<div class=\"kh_item_param\">\n<div class=\"kh_inner_prod d-flex\">\n<figure class=\"kh_icon_param\"><img loading=\"lazy\" decoding=\"async\" class=\"alignnone size-full wp-image-2550\" src=\"https:\/\/autothaiduong.vn\/wp-content\/uploads\/2025\/05\/CPU-2.png\" alt=\"B\u1ed9 x\u1eed l\u00fd\" width=\"70\" height=\"70\" \/><\/figure>\n<div class=\"kh_content_param\">\n<div class=\"kh_title_param\">B\u1ed9 x\u1eed l\u00fd<\/div>\n<div class=\"kh_des_param\">UIS7862S\/TS10<br \/>\n8 * 2.0 Hz<\/div>\n<\/div>\n<\/div>\n<\/div>\n<div class=\"kh_item_param\">\n<div class=\"kh_inner_prod d-flex\">\n<figure class=\"kh_icon_param\"><img loading=\"lazy\" decoding=\"async\" class=\"alignnone size-full wp-image-2551\" src=\"https:\/\/autothaiduong.vn\/wp-content\/uploads\/2025\/05\/GPU-1.png\" alt=\"GPU\" width=\"70\" height=\"70\" \/><\/figure>\n<div class=\"kh_content_param\">\n<div class=\"kh_title_param\">GPU<\/div>\n<div class=\"kh_des_param\">Mali-G52<\/div>\n<\/div>\n<\/div>\n<\/div>\n<div class=\"kh_item_param\">\n<div class=\"kh_inner_prod d-flex\">\n<figure class=\"kh_icon_param\"><img loading=\"lazy\" decoding=\"async\" class=\"alignnone size-full wp-image-2552\" src=\"https:\/\/autothaiduong.vn\/wp-content\/uploads\/2025\/05\/RAM-3.png\" alt=\"RAM\" width=\"70\" height=\"70\" \/><\/figure>\n<div class=\"kh_content_param\">\n<div class=\"kh_title_param\">RAM<\/div>\n<div class=\"kh_des_param\">4GB<\/div>\n<\/div>\n<\/div>\n<\/div>\n<div class=\"kh_item_param\">\n<div class=\"kh_inner_prod d-flex\">\n<figure class=\"kh_icon_param\"><img loading=\"lazy\" decoding=\"async\" class=\"alignnone size-full wp-image-2553\" src=\"https:\/\/autothaiduong.vn\/wp-content\/uploads\/2025\/05\/ROM-3.png\" alt=\"ROM\" width=\"68\" height=\"68\" \/><\/figure>\n<div class=\"kh_content_param\">\n<div class=\"kh_title_param\">ROM<\/div>\n<div class=\"kh_des_param\">32GB<\/div>\n<\/div>\n<\/div>\n<\/div>\n<div class=\"kh_item_param\">\n<div class=\"kh_inner_prod d-flex\">\n<figure class=\"kh_icon_param\"><img loading=\"lazy\" decoding=\"async\" class=\"alignnone size-full wp-image-2549\" src=\"https:\/\/autothaiduong.vn\/wp-content\/uploads\/2025\/05\/Manhinh-12.png\" alt=\"M\u00e0n h\u00ecnh\" width=\"70\" height=\"58\" \/><\/figure>\n<div class=\"kh_content_param\">\n<div class=\"kh_title_param\">C\u00f4ng ty<\/div>\n<div class=\"kh_des_param\">TNHH TM XNK N\u1ed9i th\u1ea5t \u00f4 t\u00f4 Quang Minh<\/div>\n<\/div>\n<\/div>\n<\/div>\n<div class=\"kh_item_param\">\n<div class=\"kh_inner_prod d-flex\">\n<figure class=\"kh_icon_param\"><img loading=\"lazy\" decoding=\"async\" class=\"alignnone size-full wp-image-2549\" src=\"https:\/\/autothaiduong.vn\/wp-content\/uploads\/2025\/05\/Manhinh-12.png\" alt=\"M\u00e0n h\u00ecnh\" width=\"70\" height=\"58\" \/><\/figure>\n<div class=\"kh_content_param\">\n<div class=\"kh_title_param\">N\u0103m s\u1ea3n xu\u1ea5t<\/div>\n<div class=\"kh_des_param\">2025<\/div>\n<\/div>\n<\/div>\n<\/div>\n<div class=\"kh_item_param\">\n<div class=\"kh_inner_prod d-flex\">\n<figure class=\"kh_icon_param\"><img loading=\"lazy\" decoding=\"async\" class=\"alignnone size-full wp-image-2549\" src=\"https:\/\/autothaiduong.vn\/wp-content\/uploads\/2025\/05\/Manhinh-12.png\" alt=\"M\u00e0n h\u00ecnh\" width=\"70\" height=\"58\" \/><\/figure>\n<div class=\"kh_content_param\">\n<div class=\"kh_title_param\">B\u1ea3o h\u00e0nh<\/div>\n<div class=\"kh_des_param\">B\u1ea3o h\u00e0nh 2 n\u0103m (1 \u0111\u1ed5i 1 n\u0103m \u0111\u1ea7u)<\/div>\n<div>\n<section class=\"kh_module kh_module_videos kh_module_page_prod kh_ani\">\n<div class=\"kh_container\">\n<div class=\"kh_flex d-flex\">\n<div class=\"kh_box_video\">\n<figure class=\"kh_video_box video-link\" data-src=\"\"><img loading=\"lazy\" decoding=\"async\" class=\"alignnone size-full wp-image-2557\" src=\"https:\/\/autothaiduong.vn\/wp-content\/uploads\/2025\/05\/ZT-360-Base.png\" alt=\"Zestech\" width=\"1280\" height=\"693\" srcset=\"https:\/\/autothaiduong.vn\/wp-content\/uploads\/2025\/05\/ZT-360-Base.png 1280w, https:\/\/autothaiduong.vn\/wp-content\/uploads\/2025\/05\/ZT-360-Base-600x325.png 600w, https:\/\/autothaiduong.vn\/wp-content\/uploads\/2025\/05\/ZT-360-Base-1024x554.png 1024w, https:\/\/autothaiduong.vn\/wp-content\/uploads\/2025\/05\/ZT-360-Base-768x416.png 768w\" sizes=\"auto, (max-width: 1280px) 100vw, 1280px\" \/><\/figure>\n<\/div>\n<div class=\"kh_box_content_video\">\n<div class=\"kh_content_video\">\n<div class=\"kh_box_title\">\n<h2 class=\"kh_title_module\">B\u00d9NG N\u1ed4 QU\u00c0 T\u1eb6NG<\/h2>\n<div class=\"kh_subtitle_module\">KHI MUA M\u00c0N H\u00ccNH ZESTECH 360 BASE N\u00c2NG C\u1ea4P 2024<\/div>\n<div class=\"kh_des_title\">&#8211; C\u1ea3m bi\u1ebfn \u00e1p su\u1ea5t l\u1ed1p tr\u1ecb gi\u00e1 3.500.000\u0111<br \/>\n&#8211; Sim 4G Free 1 th\u00e1ng<br \/>\n&#8211; T\u1eb7ng USB<\/div>\n<\/div>\n<div class=\"kh_box_btn\">\n<div class=\"kh_btn kh_btn_yellow\"><a title=\"Zestech 360 Base n\u00e2ng c\u1ea5p 2024\" href=\"https:\/\/zestech.vn\/san-pham\/zestech-360-base-nang-cap-2024\" data-fancybox=\"\" target=\"_blank\" rel=\"noopener\">Xem chi ti\u1ebft<\/a><\/div>\n<\/div>\n<\/div>\n<\/div>\n<\/div>\n<\/div>\n<\/section>\n<section class=\"kh_module kh_module_videos kh_module_page_prod even kh_ani\">\n<div class=\"kh_container\">\n<div class=\"kh_flex d-flex\">\n<div class=\"kh_box_video\">\n<figure class=\"kh_video_box video-link\" data-src=\"https:\/\/www.youtube.com\/watch?v=kZE-PAfyT3U&amp;list=PLyd9FyXbMlATUOnljTdJ7U3BrK_8jSMUN&amp;index=6\"><img loading=\"lazy\" decoding=\"async\" class=\"alignnone size-full wp-image-2558\" src=\"https:\/\/autothaiduong.vn\/wp-content\/uploads\/2025\/05\/camera-360-1.jpg\" alt=\"Zestech\" width=\"1280\" height=\"768\" srcset=\"https:\/\/autothaiduong.vn\/wp-content\/uploads\/2025\/05\/camera-360-1.jpg 1280w, https:\/\/autothaiduong.vn\/wp-content\/uploads\/2025\/05\/camera-360-1-600x360.jpg 600w, https:\/\/autothaiduong.vn\/wp-content\/uploads\/2025\/05\/camera-360-1-1024x614.jpg 1024w, https:\/\/autothaiduong.vn\/wp-content\/uploads\/2025\/05\/camera-360-1-768x461.jpg 768w\" sizes=\"auto, (max-width: 1280px) 100vw, 1280px\" \/><\/figure>\n<\/div>\n<div class=\"kh_box_content_video\">\n<div class=\"kh_content_video\">\n<div class=\"kh_box_title\">\n<h2 class=\"kh_title_module\">H\u1ec7 th\u1ed1ng CAMERA 360\u00b0<\/h2>\n<div class=\"kh_des_title\">Chip 2053 &#8211; DPG 1080<br \/>\nT\u1ef1 \u0111\u1ed9ng m\u1edf cam theo t\u1ed1c \u0111\u1ed9: kh\u00f4ng h\u1ed7 tr\u1ee3<br \/>\nM\u1edf xi nhan hi\u1ec7n cam 360<\/div>\n<\/div>\n<div class=\"kh_box_btn\">\n<div class=\"kh_btn kh_btn_yellow\"><a title=\"Zestech 360 Base n\u00e2ng c\u1ea5p 2024\" href=\"https:\/\/www.youtube.com\/embed\/kZE-PAfyT3U&amp;list=PLyd9FyXbMlATUOnljTdJ7U3BrK_8jSMUN&amp;index=6\" data-fancybox=\"\" target=\"_blank\" rel=\"noopener\">Xem chi ti\u1ebft<\/a><\/div>\n<\/div>\n<\/div>\n<\/div>\n<\/div>\n<\/div>\n<\/section>\n<section class=\"kh_module kh_module_videos kh_module_page_prod kh_ani\">\n<div class=\"kh_container\">\n<div class=\"kh_flex d-flex\">\n<div class=\"kh_box_video\">\n<figure class=\"kh_video_box video-link\" data-src=\"\"><img loading=\"lazy\" decoding=\"async\" class=\"alignnone size-full wp-image-2559\" src=\"https:\/\/autothaiduong.vn\/wp-content\/uploads\/2025\/05\/zt360g-2024-tat-may-ghi-hinh-1.jpg\" alt=\"Zestech\" width=\"1280\" height=\"720\" srcset=\"https:\/\/autothaiduong.vn\/wp-content\/uploads\/2025\/05\/zt360g-2024-tat-may-ghi-hinh-1.jpg 1280w, https:\/\/autothaiduong.vn\/wp-content\/uploads\/2025\/05\/zt360g-2024-tat-may-ghi-hinh-1-600x338.jpg 600w, https:\/\/autothaiduong.vn\/wp-content\/uploads\/2025\/05\/zt360g-2024-tat-may-ghi-hinh-1-1024x576.jpg 1024w, https:\/\/autothaiduong.vn\/wp-content\/uploads\/2025\/05\/zt360g-2024-tat-may-ghi-hinh-1-768x432.jpg 768w\" sizes=\"auto, (max-width: 1280px) 100vw, 1280px\" \/><\/figure>\n<\/div>\n<div class=\"kh_box_content_video\">\n<div class=\"kh_content_video\">\n<div class=\"kh_box_title\">\n<h2 class=\"kh_title_module\">T\u1eaft m\u00e1y ghi h\u00ecnh<\/h2>\n<div class=\"kh_des_title\">Ch\u1ebf \u0111\u1ed9 m\u1eb7c \u0111\u1ecbnh t\u1eaft m\u00e1y ghi h\u00ecnh trong 2h.<br \/>\nSau 2h s\u1ebd t\u1ef1 ng\u1eaft h\u1ec7 th\u1ed1ng cam<br \/>\nXem tr\u1ef1c tuy\u1ebfn: kh\u00f4ng h\u1ed7 tr\u1ee3<\/div>\n<\/div>\n<div class=\"kh_box_btn\">\n<div class=\"kh_btn kh_btn_yellow\"><a title=\"Zestech 360 Base n\u00e2ng c\u1ea5p 2024\" href=\"https:\/\/zestech.vn\/san-pham\/zestech-360-base-nang-cap-2024\" data-fancybox=\"\" target=\"_blank\" rel=\"noopener\">Xem chi ti\u1ebft<\/a><\/div>\n<\/div>\n<\/div>\n<\/div>\n<\/div>\n<\/div>\n<\/section>\n<section class=\"kh_module kh_module_videos kh_module_page_prod even kh_ani\">\n<div class=\"kh_container\">\n<div class=\"kh_flex d-flex\">\n<div class=\"kh_box_video\">\n<figure class=\"kh_video_box video-link\" data-src=\"\"><img loading=\"lazy\" decoding=\"async\" class=\"alignnone size-full wp-image-2560\" src=\"https:\/\/autothaiduong.vn\/wp-content\/uploads\/2025\/05\/he-thong-tan-nhiet-360-base.jpg\" alt=\"Zestech\" width=\"1280\" height=\"575\" srcset=\"https:\/\/autothaiduong.vn\/wp-content\/uploads\/2025\/05\/he-thong-tan-nhiet-360-base.jpg 1280w, https:\/\/autothaiduong.vn\/wp-content\/uploads\/2025\/05\/he-thong-tan-nhiet-360-base-600x270.jpg 600w, https:\/\/autothaiduong.vn\/wp-content\/uploads\/2025\/05\/he-thong-tan-nhiet-360-base-1024x460.jpg 1024w, https:\/\/autothaiduong.vn\/wp-content\/uploads\/2025\/05\/he-thong-tan-nhiet-360-base-768x345.jpg 768w\" sizes=\"auto, (max-width: 1280px) 100vw, 1280px\" \/><\/figure>\n<\/div>\n<div class=\"kh_box_content_video\">\n<div class=\"kh_content_video\">\n<div class=\"kh_box_title\">\n<h2 class=\"kh_title_module\">H\u1ec6 TH\u1ed0NG T\u1ea2N NHI\u1ec6T<\/h2>\n<div class=\"kh_subtitle_module\">T\u1ea3n nhi\u1ec7t kh\u00ed<\/div>\n<div class=\"kh_des_title\">Thi\u1ebft k\u1ebf theo c\u00f4ng ngh\u1ec7 ti\u00ean ti\u1ebfn c\u1ee7a c\u00e1c t\u1eadp \u0111o\u00e0n h\u00e0ng \u0111\u1ea7u trong ng\u00e0nh c\u00f4ng nghi\u1ec7p \u00f4 t\u00f4 nh\u01b0 Tesla hay Toyota. H\u1ec7 th\u1ed1ng n\u00e0y c\u00f3 th\u1ec3 gi\u1ea3m nhi\u1ec7t \u0111\u1ed9 c\u1ee7a m\u00e0n h\u00ecnh xu\u1ed1ng 10-15 \u0111\u1ed9 C, t\u1eeb \u0111\u00f3 t\u0103ng tu\u1ed5i th\u1ecd s\u1ea3n ph\u1ea9m l\u00ean \u0111\u1ebfn 12 n\u0103m.<\/div>\n<\/div>\n<div class=\"kh_box_btn\">\n<div class=\"kh_btn kh_btn_yellow\"><a title=\"Zestech 360 Base n\u00e2ng c\u1ea5p 2024\" href=\"https:\/\/zestech.vn\/san-pham\/zestech-360-base-nang-cap-2024\" data-fancybox=\"\" target=\"_blank\" rel=\"noopener\">Xem chi ti\u1ebft<\/a><\/div>\n<\/div>\n<\/div>\n<\/div>\n<\/div>\n<\/div>\n<\/section>\n<section class=\"kh_module kh_module_videos kh_module_page_prod kh_ani\">\n<div class=\"kh_container\">\n<div class=\"kh_flex d-flex\">\n<div class=\"kh_box_video\">\n<figure class=\"kh_video_box video-link\" data-src=\"https:\/\/www.youtube.com\/watch?v=Ex9GGAby3TY&amp;list=PLyd9FyXbMlATUOnljTdJ7U3BrK_8jSMUN&amp;index=4\"><img loading=\"lazy\" decoding=\"async\" class=\"alignnone size-full wp-image-2561\" src=\"https:\/\/autothaiduong.vn\/wp-content\/uploads\/2025\/05\/zt360g-2024-dinh-vi-xe-1-1.jpg\" alt=\"Zestech\" width=\"1000\" height=\"563\" srcset=\"https:\/\/autothaiduong.vn\/wp-content\/uploads\/2025\/05\/zt360g-2024-dinh-vi-xe-1-1.jpg 1000w, https:\/\/autothaiduong.vn\/wp-content\/uploads\/2025\/05\/zt360g-2024-dinh-vi-xe-1-1-600x338.jpg 600w, https:\/\/autothaiduong.vn\/wp-content\/uploads\/2025\/05\/zt360g-2024-dinh-vi-xe-1-1-768x432.jpg 768w\" sizes=\"auto, (max-width: 1000px) 100vw, 1000px\" \/><\/figure>\n<\/div>\n<div class=\"kh_box_content_video\">\n<div class=\"kh_content_video\">\n<div class=\"kh_box_title\">\n<h2 class=\"kh_title_module\">\u0110\u1ecbnh v\u1ecb xe<\/h2>\n<div class=\"kh_subtitle_module\">\u0110\u1ecbnh v\u1ecb ch\u00ednh x\u00e1c v\u1ecb tr\u00ed xe<\/div>\n<div class=\"kh_des_title\">Xem l\u1ecbch s\u1eed di chuy\u1ec3n 365 ng\u00e0y<\/div>\n<\/div>\n<div class=\"kh_box_btn\">\n<div class=\"kh_btn kh_btn_yellow\"><a title=\"Zestech 360 Base n\u00e2ng c\u1ea5p 2024\" href=\"https:\/\/www.youtube.com\/embed\/Ex9GGAby3TY&amp;list=PLyd9FyXbMlATUOnljTdJ7U3BrK_8jSMUN&amp;index=4\" data-fancybox=\"\" target=\"_blank\" rel=\"noopener\">Xem chi ti\u1ebft<\/a><\/div>\n<\/div>\n<\/div>\n<\/div>\n<\/div>\n<\/div>\n<\/section>\n<section class=\"kh_module kh_module_videos kh_module_page_prod even kh_ani\">\n<div class=\"kh_container\">\n<div class=\"kh_flex d-flex\">\n<div class=\"kh_box_video\">\n<figure class=\"kh_video_box video-link\" data-src=\"https:\/\/www.youtube.com\/watch?v=4MH9mF1mnxk&amp;list=PLyd9FyXbMlATUOnljTdJ7U3BrK_8jSMUN&amp;index=7\"><img loading=\"lazy\" decoding=\"async\" class=\"alignnone size-full wp-image-2562\" src=\"https:\/\/autothaiduong.vn\/wp-content\/uploads\/2025\/05\/zt360g-2024-auto-update-2.jpg\" alt=\"Zestech\" width=\"1280\" height=\"720\" srcset=\"https:\/\/autothaiduong.vn\/wp-content\/uploads\/2025\/05\/zt360g-2024-auto-update-2.jpg 1280w, https:\/\/autothaiduong.vn\/wp-content\/uploads\/2025\/05\/zt360g-2024-auto-update-2-600x338.jpg 600w, https:\/\/autothaiduong.vn\/wp-content\/uploads\/2025\/05\/zt360g-2024-auto-update-2-1024x576.jpg 1024w, https:\/\/autothaiduong.vn\/wp-content\/uploads\/2025\/05\/zt360g-2024-auto-update-2-768x432.jpg 768w\" sizes=\"auto, (max-width: 1280px) 100vw, 1280px\" \/><\/figure>\n<\/div>\n<div class=\"kh_box_content_video\">\n<div class=\"kh_content_video\">\n<div class=\"kh_box_title\">\n<h2 class=\"kh_title_module\">C\u00f4ng ngh\u1ec7 Auto update<\/h2>\n<div class=\"kh_subtitle_module\">T\u1ef1 \u0111\u1ed9ng c\u1eadp nh\u1eadp \u1ee9ng d\u1ee5ng<\/div>\n<\/div>\n<div class=\"kh_box_btn\">\n<div class=\"kh_btn kh_btn_yellow\"><a title=\"Zestech 360 Base n\u00e2ng c\u1ea5p 2024\" href=\"https:\/\/www.youtube.com\/embed\/4MH9mF1mnxk&amp;list=PLyd9FyXbMlATUOnljTdJ7U3BrK_8jSMUN&amp;index=7\" data-fancybox=\"\" target=\"_blank\" rel=\"noopener\">Xem chi ti\u1ebft<\/a><\/div>\n<\/div>\n<\/div>\n<\/div>\n<\/div>\n<\/div>\n<\/section>\n<section class=\"kh_module kh_module_videos kh_module_page_prod kh_ani\">\n<div class=\"kh_container\">\n<div class=\"kh_flex d-flex\">\n<div class=\"kh_box_video\">\n<figure class=\"kh_video_box video-link\" data-src=\"https:\/\/www.youtube.com\/watch?v=DDO4FkpI8Lg&amp;list=PLyd9FyXbMlATUOnljTdJ7U3BrK_8jSMUN&amp;index=6\"><img loading=\"lazy\" decoding=\"async\" class=\"alignnone size-full wp-image-2563\" src=\"https:\/\/autothaiduong.vn\/wp-content\/uploads\/2025\/05\/zt360g-2024-tra-cuu-phat-nguoi-1.jpg\" alt=\"Zestech\" width=\"1280\" height=\"719\" srcset=\"https:\/\/autothaiduong.vn\/wp-content\/uploads\/2025\/05\/zt360g-2024-tra-cuu-phat-nguoi-1.jpg 1280w, https:\/\/autothaiduong.vn\/wp-content\/uploads\/2025\/05\/zt360g-2024-tra-cuu-phat-nguoi-1-600x337.jpg 600w, https:\/\/autothaiduong.vn\/wp-content\/uploads\/2025\/05\/zt360g-2024-tra-cuu-phat-nguoi-1-1024x575.jpg 1024w, https:\/\/autothaiduong.vn\/wp-content\/uploads\/2025\/05\/zt360g-2024-tra-cuu-phat-nguoi-1-768x431.jpg 768w\" sizes=\"auto, (max-width: 1280px) 100vw, 1280px\" \/><\/figure>\n<\/div>\n<div class=\"kh_box_content_video\">\n<div class=\"kh_content_video\">\n<div class=\"kh_box_title\">\n<h2 class=\"kh_title_module\">Tra c\u1ee9u ph\u1ea1t ngu\u1ed9i<\/h2>\n<div class=\"kh_subtitle_module\">S\u1eed d\u1ee5ng gi\u1ecdng n\u00f3i \u0111\u1ec3 tra c\u1ee9u<\/div>\n<div class=\"kh_des_title\">Check ph\u1ea1t ngu\u1ed9i ngay tr\u00ean m\u00e0n h\u00ecnh Zestech v\u1edbi c\u00e2u l\u1ec7nh c\u1ef1c k\u00ec \u0111\u01a1n gi\u1ea3n \u201cPh\u1ea1t ngu\u1ed9i + bi\u1ec3n s\u1ed1 xe\u201d gi\u00fap kh\u00e1ch h\u00e0ng c\u00f3 th\u1ec3 x\u1eed l\u00fd vi ph\u1ea1m k\u1ecbp th\u1eddi.<\/div>\n<\/div>\n<div class=\"kh_box_btn\">\n<div class=\"kh_btn kh_btn_yellow\"><a title=\"Zestech 360 Base n\u00e2ng c\u1ea5p 2024\" href=\"https:\/\/www.youtube.com\/embed\/DDO4FkpI8Lg&amp;list=PLyd9FyXbMlATUOnljTdJ7U3BrK_8jSMUN&amp;index=6\" data-fancybox=\"\" target=\"_blank\" rel=\"noopener\">Xem chi ti\u1ebft<\/a><\/div>\n<\/div>\n<\/div>\n<\/div>\n<\/div>\n<\/div>\n<\/section>\n<section class=\"kh_module kh_module_videos kh_module_page_prod even kh_ani\">\n<div class=\"kh_container\">\n<div class=\"kh_flex d-flex\">\n<div class=\"kh_box_video\">\n<figure class=\"kh_video_box video-link\" data-src=\"https:\/\/www.youtube.com\/watch?v=c_w43o1cTUc&amp;list=PLyd9FyXbMlATUOnljTdJ7U3BrK_8jSMUN&amp;index=2\"><img loading=\"lazy\" decoding=\"async\" class=\"alignnone size-full wp-image-2564\" src=\"https:\/\/autothaiduong.vn\/wp-content\/uploads\/2025\/05\/zt360g-dieu-khien-bang-giong-noi-1.jpg\" alt=\"Zestech\" width=\"1280\" height=\"719\" srcset=\"https:\/\/autothaiduong.vn\/wp-content\/uploads\/2025\/05\/zt360g-dieu-khien-bang-giong-noi-1.jpg 1280w, https:\/\/autothaiduong.vn\/wp-content\/uploads\/2025\/05\/zt360g-dieu-khien-bang-giong-noi-1-600x337.jpg 600w, https:\/\/autothaiduong.vn\/wp-content\/uploads\/2025\/05\/zt360g-dieu-khien-bang-giong-noi-1-1024x575.jpg 1024w, https:\/\/autothaiduong.vn\/wp-content\/uploads\/2025\/05\/zt360g-dieu-khien-bang-giong-noi-1-768x431.jpg 768w\" sizes=\"auto, (max-width: 1280px) 100vw, 1280px\" \/><\/figure>\n<\/div>\n<div class=\"kh_box_content_video\">\n<div class=\"kh_content_video\">\n<div class=\"kh_box_title\">\n<h2 class=\"kh_title_module\">\u0110i\u1ec1u khi\u1ec3n m\u00e0n h\u00ecnh b\u1eb1ng gi\u1ecdng n\u00f3i<\/h2>\n<div class=\"kh_subtitle_module\">S\u1eed d\u1ee5ng gi\u1ecdng n\u00f3i kiki \u0111i\u1ec1u khi\u1ec3n m\u00e0n h\u00ecnh<\/div>\n<div class=\"kh_des_title\">\u0110i\u1ec1u khi\u1ec3n m\u1ecdi t\u00e1c v\u1ee5 v\u1edbi tr\u1ee3 l\u00fd Kiki c\u00f3 kh\u1ea3 n\u0103ng nghe &#8211; hi\u1ec3u gi\u1ecdng n\u00f3i 3 mi\u1ec1n B\u1eafc &#8211; Trung &#8211; Nam v\u00e0 ph\u1ea3n h\u1ed3i nhanh ch\u00f3ng v\u1edbi m\u1ecdi c\u00e2u l\u1ec7nh c\u1ee7a b\u1ea1n. Mang t\u1edbi cho ng\u01b0\u1eddi d\u00f9ng tr\u1ea3i nghi\u1ec7m l\u00e1i xe r\u1ea3nh tay r\u1ea3nh m\u1eaft c\u1ef1c k\u1ef3 th\u00f4ng minh.<\/div>\n<\/div>\n<div class=\"kh_box_btn\">\n<div class=\"kh_btn kh_btn_yellow\"><a title=\"Zestech 360 Base n\u00e2ng c\u1ea5p 2024\" href=\"https:\/\/www.youtube.com\/embed\/c_w43o1cTUc&amp;list=PLyd9FyXbMlATUOnljTdJ7U3BrK_8jSMUN&amp;index=2\" data-fancybox=\"\" target=\"_blank\" rel=\"noopener\">Xem chi ti\u1ebft<\/a><\/div>\n<\/div>\n<\/div>\n<\/div>\n<\/div>\n<\/div>\n<\/section>\n<\/div>\n<\/div>\n<\/div>\n<\/div>\n<\/div>\n<\/div>\n<\/div>\n<\/div>\n<\/div>\n<\/div>\n","protected":false},"excerpt":{"rendered":"<h4><em><strong>Auto Th\u00e1i D\u01b0\u01a1ng &#8211; \u0110\u1ea1i L\u00ed Ch\u00ednh H\u00e3ng Zestech T\u1ea1i TP.B\u1ea3o L\u1ed9c<\/strong><\/em><\/h4>\n<h4><em><strong>\u0110\u1ecba Ch\u1ec9: 273-275 Tr\u1ea7n Ph\u00fa Ph\u01b0\u1eddng L\u1ed9c S\u01a1n Th\u00e0nh Ph\u1ed1 B\u1ea3o L\u1ed9c T\u1ec9nh L\u00e2m \u0110\u1ed3ng <\/strong><\/em><\/h4>\n<h4><em><strong>Hotline: 0912197441<\/strong><\/em><\/h4>\n","protected":false},"featured_media":2547,"comment_status":"open","ping_status":"closed","template":"","meta":[],"product_brand":[81],"product_cat":[153],"product_tag":[],"class_list":{"0":"post-2546","1":"product","2":"type-product","3":"status-publish","4":"has-post-thumbnail","6":"product_brand-zestech","7":"product_cat-man-hinh-android-lien-camera-360","9":"first","10":"instock","11":"shipping-taxable","12":"purchasable","13":"product-type-simple"},"_links":{"self":[{"href":"https:\/\/autothaiduong.vn\/index.php?rest_route=\/wp\/v2\/product\/2546","targetHints":{"allow":["GET"]}}],"collection":[{"href":"https:\/\/autothaiduong.vn\/index.php?rest_route=\/wp\/v2\/product"}],"about":[{"href":"https:\/\/autothaiduong.vn\/index.php?rest_route=\/wp\/v2\/types\/product"}],"replies":[{"embeddable":true,"href":"https:\/\/autothaiduong.vn\/index.php?rest_route=%2Fwp%2Fv2%2Fcomments&post=2546"}],"wp:featuredmedia":[{"embeddable":true,"href":"https:\/\/autothaiduong.vn\/index.php?rest_route=\/wp\/v2\/media\/2547"}],"wp:attachment":[{"href":"https:\/\/autothaiduong.vn\/index.php?rest_route=%2Fwp%2Fv2%2Fmedia&parent=2546"}],"wp:term":[{"taxonomy":"product_brand","embeddable":true,"href":"https:\/\/autothaiduong.vn\/index.php?rest_route=%2Fwp%2Fv2%2Fproduct_brand&post=2546"},{"taxonomy":"product_cat","embeddable":true,"href":"https:\/\/autothaiduong.vn\/index.php?rest_route=%2Fwp%2Fv2%2Fproduct_cat&post=2546"},{"taxonomy":"product_tag","embeddable":true,"href":"https:\/\/autothaiduong.vn\/index.php?rest_route=%2Fwp%2Fv2%2Fproduct_tag&post=2546"}],"curies":[{"name":"wp","href":"https:\/\/api.w.org\/{rel}","templated":true}]}}