{"id":2586,"date":"2025-05-18T16:24:40","date_gmt":"2025-05-18T16:24:40","guid":{"rendered":"https:\/\/autothaiduong.vn\/?post_type=product&#038;p=2586"},"modified":"2025-05-23T15:01:26","modified_gmt":"2025-05-23T15:01:26","slug":"zforce-camera-360-danh-cho-xe-xforce","status":"publish","type":"product","link":"https:\/\/autothaiduong.vn\/?product=zforce-camera-360-danh-cho-xe-xforce","title":{"rendered":"ZFORCE (CAMERA 360) D\u00e0nh Cho Xe XFORCE"},"content":{"rendered":"<p><img loading=\"lazy\" decoding=\"async\" class=\" wp-image-2492 aligncenter\" src=\"https:\/\/autothaiduong.vn\/wp-content\/uploads\/2025\/05\/z6584734442481_f208f5944548cb4b46353402ce2e64e0-4.jpg\" alt=\"\" width=\"251\" height=\"222\" \/><\/p>\n<p style=\"text-align: center;\"><span style=\"font-size: 140%;\"><strong><span style=\"color: #ff0000;\">\u0110\u1ecba Ch\u1ec9: 273-275 Tr\u1ea7n Ph\u00fa Ph\u01b0\u1eddng L\u1ed9c S\u01a1n Th\u00e0nh Ph\u1ed1 B\u1ea3o L\u1ed9c T\u1ec9nh L\u00e2m \u0110\u1ed3ng <\/span><\/strong><\/span><\/p>\n<p style=\"text-align: center;\"><span style=\"font-size: 140%;\"><strong><span style=\"color: #ff0000;\">Hotline: 0912197441<\/span><\/strong><\/span><\/p>\n<section class=\"kh_parameter_prod\">\n<div class=\"container\">\n<div class=\"kh_box_param\">\n<div class=\"kh_box_title\">\n<h2 class=\"kh_title_module\">Th\u00f4ng s\u1ed1 k\u1ef9 thu\u1eadt ZFORCE (CAMERA 360)<\/h2>\n<\/div>\n<div class=\"kh_list_pram_prod d-flex\">\n<div class=\"kh_item_param\">\n<div class=\"kh_inner_prod d-flex\">\n<figure class=\"kh_icon_param\"><img loading=\"lazy\" decoding=\"async\" class=\"alignnone size-full wp-image-2588\" src=\"https:\/\/autothaiduong.vn\/wp-content\/uploads\/2025\/05\/CPU-4.png\" alt=\"B\u1ed9 x\u1eed l\u00fd\" width=\"70\" height=\"70\" \/><\/figure>\n<div class=\"kh_content_param\">\n<div class=\"kh_title_param\">B\u1ed9 x\u1eed l\u00fd<\/div>\n<div class=\"kh_des_param\">Two ARM\u00ae Cortex-A75<br \/>\nCortex-A55 cores<\/div>\n<\/div>\n<\/div>\n<\/div>\n<div class=\"kh_item_param\">\n<div class=\"kh_inner_prod d-flex\">\n<figure class=\"kh_icon_param\"><img loading=\"lazy\" decoding=\"async\" class=\"alignnone size-full wp-image-2589\" src=\"https:\/\/autothaiduong.vn\/wp-content\/uploads\/2025\/05\/RAM-5.png\" alt=\"RAM\" width=\"70\" height=\"70\" \/><\/figure>\n<div class=\"kh_content_param\">\n<div class=\"kh_title_param\">RAM<\/div>\n<div class=\"kh_des_param\">4GB<\/div>\n<\/div>\n<\/div>\n<\/div>\n<div class=\"kh_item_param\">\n<div class=\"kh_inner_prod d-flex\">\n<figure class=\"kh_icon_param\"><img loading=\"lazy\" decoding=\"async\" class=\"alignnone size-full wp-image-2590\" src=\"https:\/\/autothaiduong.vn\/wp-content\/uploads\/2025\/05\/ROM-5.png\" alt=\"ROM\" width=\"68\" height=\"68\" \/><\/figure>\n<div class=\"kh_content_param\">\n<div class=\"kh_title_param\">ROM<\/div>\n<div class=\"kh_des_param\">64GB<\/div>\n<\/div>\n<\/div>\n<\/div>\n<div class=\"kh_item_param\">\n<div class=\"kh_inner_prod d-flex\">\n<figure class=\"kh_icon_param\"><img loading=\"lazy\" decoding=\"async\" class=\"alignnone size-full wp-image-2591\" src=\"https:\/\/autothaiduong.vn\/wp-content\/uploads\/2025\/05\/Manhinh-20.png\" alt=\"C\u00f4ng ty\" width=\"70\" height=\"58\" \/><\/figure>\n<div class=\"kh_content_param\">\n<div class=\"kh_title_param\">C\u00f4ng ty<\/div>\n<div class=\"kh_des_param\">TNHH TM XNK N\u1ed9i th\u1ea5t \u00f4 t\u00f4 Quang Minh<\/div>\n<\/div>\n<\/div>\n<\/div>\n<div class=\"kh_item_param\">\n<div class=\"kh_inner_prod d-flex\">\n<figure class=\"kh_icon_param\"><img loading=\"lazy\" decoding=\"async\" class=\"alignnone size-full wp-image-2591\" src=\"https:\/\/autothaiduong.vn\/wp-content\/uploads\/2025\/05\/Manhinh-20.png\" alt=\"C\u00f4ng ty\" width=\"70\" height=\"58\" \/><\/figure>\n<div class=\"kh_content_param\">\n<div class=\"kh_title_param\">N\u0103m s\u1ea3n xu\u1ea5t<\/div>\n<div class=\"kh_des_param\">2025<\/div>\n<\/div>\n<\/div>\n<\/div>\n<div class=\"kh_item_param\">\n<div class=\"kh_inner_prod d-flex\">\n<figure class=\"kh_icon_param\"><img loading=\"lazy\" decoding=\"async\" class=\"alignnone size-full wp-image-2591\" src=\"https:\/\/autothaiduong.vn\/wp-content\/uploads\/2025\/05\/Manhinh-20.png\" alt=\"C\u00f4ng ty\" width=\"70\" height=\"58\" \/><\/figure>\n<div class=\"kh_content_param\">\n<div class=\"kh_title_param\">B\u1ea3o h\u00e0nh<\/div>\n<div class=\"kh_des_param\">B\u1ea3o h\u00e0nh 24 th\u00e1ng (1 \u0111\u1ed5i 1 trong n\u0103m \u0111\u1ea7u)<\/div>\n<\/div>\n<\/div>\n<\/div>\n<\/div>\n<\/div>\n<\/div>\n<\/section>\n<section class=\"kh_module kh_module_videos kh_module_page_prod kh_ani\">\n<div class=\"kh_container\">\n<div class=\"kh_flex d-flex\">\n<div class=\"kh_box_video\">\n<figure class=\"kh_video_box video-link\" data-src=\"https:\/\/www.youtube.com\/watch?v=e5QIm8gQZBs\"><img loading=\"lazy\" decoding=\"async\" class=\"alignnone size-full wp-image-2594\" src=\"https:\/\/autothaiduong.vn\/wp-content\/uploads\/2025\/05\/tang-cam-bien-ap-suat-lop-van-trong.png\" alt=\"Zestech\" width=\"1280\" height=\"637\" srcset=\"https:\/\/autothaiduong.vn\/wp-content\/uploads\/2025\/05\/tang-cam-bien-ap-suat-lop-van-trong.png 1280w, https:\/\/autothaiduong.vn\/wp-content\/uploads\/2025\/05\/tang-cam-bien-ap-suat-lop-van-trong-600x299.png 600w, https:\/\/autothaiduong.vn\/wp-content\/uploads\/2025\/05\/tang-cam-bien-ap-suat-lop-van-trong-1024x510.png 1024w, https:\/\/autothaiduong.vn\/wp-content\/uploads\/2025\/05\/tang-cam-bien-ap-suat-lop-van-trong-768x382.png 768w\" sizes=\"auto, (max-width: 1280px) 100vw, 1280px\" \/><\/figure>\n<\/div>\n<div class=\"kh_box_content_video\">\n<div class=\"kh_content_video\">\n<div class=\"kh_box_title\">\n<h2 class=\"kh_title_module\">B\u00d9NG N\u1ed4 QU\u00c0 T\u1eb6NG<\/h2>\n<div class=\"kh_des_title\">&#8211; C\u1ea3m bi\u1ebfn \u00e1p su\u1ea5t l\u1ed1p tr\u1ecb gi\u00e1 3.500.000\u0111<br \/>\n&#8211; Sim 4G Free 1 th\u00e1ng<br \/>\n&#8211; T\u1eb7ng USB<\/div>\n<\/div>\n<div class=\"kh_box_btn\">\n<div class=\"kh_btn kh_btn_yellow\"><a title=\"ZFORCE (CAMERA 360)\" href=\"https:\/\/www.youtube.com\/embed\/e5QIm8gQZBs\" data-fancybox=\"\" target=\"_blank\" rel=\"noopener\">Xem chi ti\u1ebft<\/a><\/div>\n<\/div>\n<\/div>\n<\/div>\n<\/div>\n<\/div>\n<\/section>\n<section class=\"kh_module kh_module_videos kh_module_page_prod even kh_ani\">\n<div class=\"kh_container\">\n<div class=\"kh_flex d-flex\">\n<div class=\"kh_box_video\">\n<figure class=\"kh_video_box video-link\" data-src=\"https:\/\/youtu.be\/6L5S_3cj2eE\"><img loading=\"lazy\" decoding=\"async\" class=\"alignnone size-full wp-image-2595\" src=\"https:\/\/autothaiduong.vn\/wp-content\/uploads\/2025\/05\/ZT-cho-xe-XForce-tich-hop-Camera360.png\" alt=\"Zestech\" width=\"950\" height=\"515\" srcset=\"https:\/\/autothaiduong.vn\/wp-content\/uploads\/2025\/05\/ZT-cho-xe-XForce-tich-hop-Camera360.png 950w, https:\/\/autothaiduong.vn\/wp-content\/uploads\/2025\/05\/ZT-cho-xe-XForce-tich-hop-Camera360-600x325.png 600w, https:\/\/autothaiduong.vn\/wp-content\/uploads\/2025\/05\/ZT-cho-xe-XForce-tich-hop-Camera360-768x416.png 768w\" sizes=\"auto, (max-width: 950px) 100vw, 950px\" \/><\/figure>\n<\/div>\n<div class=\"kh_box_content_video\">\n<div class=\"kh_content_video\">\n<div class=\"kh_box_title\">\n<h2 class=\"kh_title_module\">T\u00cdCH H\u1ee2P CAMERA 360<\/h2>\n<div class=\"kh_des_title\">\u0110i\u1ec1u khi\u1ec3n b\u1eb1ng gi\u1ecdng n\u00f3i<br \/>\nG\u00f3c nh\u00ecn r\u1ed9ng, hi\u1ec3n th\u1ecb to\u00e0n b\u1ed9 kh\u00f4ng gian xung quanh xe, lo\u1ea1i b\u1ecf \u0111i\u1ec3m m\u00f9<br \/>\nC\u0103n ch\u1ec9nh kho\u1ea3ng c\u00e1ch ch\u00ednh x\u00e1c \u0111\u1ebfn t\u1eebng cm, kh\u00f4ng c\u00f2n n\u1ed7i lo va ch\u1ea1m.<br \/>\nCamera sau hi\u1ec3n th\u1ecb v\u1ea1ch \u0111\u00e1nh l\u00e1i th\u00f4ng minh, l\u00f9i xe nhanh g\u1ecdn, an to\u00e0n ngay c\u1ea3 trong kh\u00f4ng gian h\u1eb9p.<\/div>\n<\/div>\n<div class=\"kh_box_btn\">\n<div class=\"kh_btn kh_btn_yellow\"><a title=\"ZFORCE (CAMERA 360)\" href=\"https:\/\/youtu.be\/6L5S_3cj2eE\" data-fancybox=\"\" target=\"_blank\" rel=\"noopener\">Xem chi ti\u1ebft<\/a><\/div>\n<\/div>\n<\/div>\n<\/div>\n<\/div>\n<\/div>\n<\/section>\n<section class=\"kh_module kh_module_videos kh_module_page_prod kh_ani\">\n<div class=\"kh_container\">\n<div class=\"kh_flex d-flex\">\n<div class=\"kh_box_video\">\n<figure class=\"kh_video_box video-link\" data-src=\"https:\/\/youtu.be\/6L5S_3cj2eE\"><img loading=\"lazy\" decoding=\"async\" class=\"alignnone size-full wp-image-2596\" src=\"https:\/\/autothaiduong.vn\/wp-content\/uploads\/2025\/05\/tat-may-ghi-hinh-tren-man-hinh-zt-cho-xe-xfoce.png\" alt=\"Zestech\" width=\"950\" height=\"515\" srcset=\"https:\/\/autothaiduong.vn\/wp-content\/uploads\/2025\/05\/tat-may-ghi-hinh-tren-man-hinh-zt-cho-xe-xfoce.png 950w, https:\/\/autothaiduong.vn\/wp-content\/uploads\/2025\/05\/tat-may-ghi-hinh-tren-man-hinh-zt-cho-xe-xfoce-600x325.png 600w, https:\/\/autothaiduong.vn\/wp-content\/uploads\/2025\/05\/tat-may-ghi-hinh-tren-man-hinh-zt-cho-xe-xfoce-768x416.png 768w\" sizes=\"auto, (max-width: 950px) 100vw, 950px\" \/><\/figure>\n<\/div>\n<div class=\"kh_box_content_video\">\n<div class=\"kh_content_video\">\n<div class=\"kh_box_title\">\n<h2 class=\"kh_title_module\">C\u00d4NG NGH\u1ec6 AI DOUBLE<\/h2>\n<div class=\"kh_subtitle_module\">T\u1eaeT M\u00c1Y GHI H\u00ccNH<\/div>\n<div class=\"kh_des_title\">V\u1edbi kh\u1ea3 n\u0103ng ghi l\u1ea1i h\u00ecnh \u1ea3nh ngay c\u1ea3 khi xe t\u1eaft m\u00e1y qua 4 m\u1eaft camera v\u00e0 \u0111\u01b0\u1ee3c l\u01b0u tr\u1eef v\u00e0o USB, ch\u1ee7 xe c\u00f3 th\u1ec3 thu\u1eadn ti\u1ec7n trong vi\u1ec7c ki\u1ec3m tra l\u1ea1i qu\u00e1 tr\u00ecnh di chuy\u1ec3n hay l\u00fac x\u1ea3y ra va ch\u1ea1m \u0111\u1ec3 bi\u1ebft nguy\u00ean nh\u00e2n xu\u1ea5t ph\u00e1t t\u1eeb \u0111\u00e2u.<\/div>\n<\/div>\n<div class=\"kh_box_btn\">\n<div class=\"kh_btn kh_btn_yellow\"><a title=\"ZFORCE (CAMERA 360)\" href=\"https:\/\/youtu.be\/6L5S_3cj2eE\" data-fancybox=\"\" target=\"_blank\" rel=\"noopener\">Xem chi ti\u1ebft<\/a><\/div>\n<\/div>\n<\/div>\n<\/div>\n<\/div>\n<\/div>\n<\/section>\n<section class=\"kh_module kh_module_videos kh_module_page_prod even kh_ani\">\n<div class=\"kh_container\">\n<div class=\"kh_flex d-flex\">\n<div class=\"kh_box_video\">\n<figure class=\"kh_video_box video-link\" data-src=\"https:\/\/www.youtube.com\/watch?v=e5QIm8gQZBs\"><img loading=\"lazy\" decoding=\"async\" class=\"alignnone size-full wp-image-2597\" src=\"https:\/\/autothaiduong.vn\/wp-content\/uploads\/2025\/05\/cong-nghe-ai-tu-dong-cap-nhat-ung-dung.png\" alt=\"Zestech\" width=\"1200\" height=\"553\" srcset=\"https:\/\/autothaiduong.vn\/wp-content\/uploads\/2025\/05\/cong-nghe-ai-tu-dong-cap-nhat-ung-dung.png 1200w, https:\/\/autothaiduong.vn\/wp-content\/uploads\/2025\/05\/cong-nghe-ai-tu-dong-cap-nhat-ung-dung-600x277.png 600w, https:\/\/autothaiduong.vn\/wp-content\/uploads\/2025\/05\/cong-nghe-ai-tu-dong-cap-nhat-ung-dung-1024x472.png 1024w, https:\/\/autothaiduong.vn\/wp-content\/uploads\/2025\/05\/cong-nghe-ai-tu-dong-cap-nhat-ung-dung-768x354.png 768w\" sizes=\"auto, (max-width: 1200px) 100vw, 1200px\" \/><\/figure>\n<\/div>\n<div class=\"kh_box_content_video\">\n<div class=\"kh_content_video\">\n<div class=\"kh_box_title\">\n<h2 class=\"kh_title_module\">C\u00f4ng ngh\u00ea\u0323 AI t\u01b0\u0323 \u0111\u00f4\u0323ng c\u00e2\u0323p nh\u00e2\u0323t \u01b0\u0301ng du\u0323ng<\/h2>\n<div class=\"kh_des_title\">T\u1ef1 \u0111\u1ed9ng c\u1eadp nh\u1eadt l\u1ea1i Youtube khi l\u1ee1 x\u00f3a app Youtube, ho\u1eb7c app Youtube b\u1ecb l\u1ed7i. H\u1ec7 th\u1ed1ng s\u1ebd t\u1ef1 \u0111\u1ed9ng c\u00e0i \u0111\u1eb7t khi t\u1eaft m\u00e1y ho\u1eb7c kh\u1edfi \u0111\u1ed9ng l\u1ea1i m\u00e1y<\/div>\n<\/div>\n<div class=\"kh_box_btn\">\n<div class=\"kh_btn kh_btn_yellow\"><a title=\"ZFORCE (CAMERA 360)\" href=\"https:\/\/www.youtube.com\/embed\/e5QIm8gQZBs\" data-fancybox=\"\" target=\"_blank\" rel=\"noopener\">Xem chi ti\u1ebft<\/a><\/div>\n<\/div>\n<\/div>\n<\/div>\n<\/div>\n<\/div>\n<\/section>\n<section class=\"kh_module kh_module_videos kh_module_page_prod kh_ani\">\n<div class=\"kh_container\">\n<div class=\"kh_flex d-flex\">\n<div class=\"kh_box_video\">\n<figure class=\"kh_video_box video-link\" data-src=\"https:\/\/www.youtube.com\/watch?v=e5QIm8gQZBs\"><img loading=\"lazy\" decoding=\"async\" class=\"alignnone size-full wp-image-2598\" src=\"https:\/\/autothaiduong.vn\/wp-content\/uploads\/2025\/05\/ra-lenh-giong-noi-tren-man-hinh-zt-cho-xe-xforce.png\" alt=\"Zestech\" width=\"950\" height=\"515\" srcset=\"https:\/\/autothaiduong.vn\/wp-content\/uploads\/2025\/05\/ra-lenh-giong-noi-tren-man-hinh-zt-cho-xe-xforce.png 950w, https:\/\/autothaiduong.vn\/wp-content\/uploads\/2025\/05\/ra-lenh-giong-noi-tren-man-hinh-zt-cho-xe-xforce-600x325.png 600w, https:\/\/autothaiduong.vn\/wp-content\/uploads\/2025\/05\/ra-lenh-giong-noi-tren-man-hinh-zt-cho-xe-xforce-768x416.png 768w\" sizes=\"auto, (max-width: 950px) 100vw, 950px\" \/><\/figure>\n<\/div>\n<div class=\"kh_box_content_video\">\n<div class=\"kh_content_video\">\n<div class=\"kh_box_title\">\n<h2 class=\"kh_title_module\">RA L\u1ec6NH GI\u1eccNG N\u00d3I<\/h2>\n<div class=\"kh_subtitle_module\">Nghe hi\u1ec3u gi\u1ecdng n\u00f3i 3 mi\u1ec1n B\u1eafc &#8211; Trung &#8211; Nam<\/div>\n<div class=\"kh_des_title\">Tr\u1ea3i nghi\u1ec7m l\u00e1i xe r\u1ea3nh tay r\u1ea3nh m\u1eaft, an to\u00e0n th\u00f4ng qua \u0111i\u1ec1u khi\u1ec3n gi\u1ecdng n\u00f3i. Kh\u00f4ng c\u00f2n c\u00e1c c\u00e2u l\u1ec7nh khu\u00f4n m\u1eabu, tr\u1ee3 l\u00fd Kiki linh ho\u1ea1t nghe &#8211; hi\u1ec3u gi\u1ecdng n\u00f3i 3 mi\u1ec1n B\u1eafc &#8211; Trung &#8211; Nam, r\u00fat ng\u1eafn kho\u1ea3ng c\u00e1ch gi\u1eefa con ng\u01b0\u1eddi v\u00e0 m\u00e1y m\u00f3c.<\/div>\n<\/div>\n<div class=\"kh_box_btn\">\n<div class=\"kh_btn kh_btn_yellow\"><a title=\"ZFORCE (CAMERA 360)\" href=\"https:\/\/www.youtube.com\/embed\/e5QIm8gQZBs\" data-fancybox=\"\" target=\"_blank\" rel=\"noopener\">Xem chi ti\u1ebft<\/a><\/div>\n<\/div>\n<\/div>\n<\/div>\n<\/div>\n<\/div>\n<\/section>\n<section class=\"kh_module kh_module_videos kh_module_page_prod even kh_ani\">\n<div class=\"kh_container\">\n<div class=\"kh_flex d-flex\">\n<div class=\"kh_box_video\">\n<figure class=\"kh_video_box video-link\" data-src=\"https:\/\/www.youtube.com\/watch?v=e5QIm8gQZBs\"><img loading=\"lazy\" decoding=\"async\" class=\"alignnone size-full wp-image-2599\" src=\"https:\/\/autothaiduong.vn\/wp-content\/uploads\/2025\/05\/vua-xem-ban-do-vua-mo-nghe-youtube.png\" alt=\"Zestech\" width=\"1280\" height=\"621\" srcset=\"https:\/\/autothaiduong.vn\/wp-content\/uploads\/2025\/05\/vua-xem-ban-do-vua-mo-nghe-youtube.png 1280w, https:\/\/autothaiduong.vn\/wp-content\/uploads\/2025\/05\/vua-xem-ban-do-vua-mo-nghe-youtube-600x291.png 600w, https:\/\/autothaiduong.vn\/wp-content\/uploads\/2025\/05\/vua-xem-ban-do-vua-mo-nghe-youtube-1024x497.png 1024w, https:\/\/autothaiduong.vn\/wp-content\/uploads\/2025\/05\/vua-xem-ban-do-vua-mo-nghe-youtube-768x373.png 768w\" sizes=\"auto, (max-width: 1280px) 100vw, 1280px\" \/><\/figure>\n<\/div>\n<div class=\"kh_box_content_video\">\n<div class=\"kh_content_video\">\n<div class=\"kh_box_title\">\n<h2 class=\"kh_title_module\">Chia \u0111\u00f4i ma\u0300n hi\u0300nh<\/h2>\n<div class=\"kh_subtitle_module\">V\u01b0\u0300a xem ba\u0309n \u0111\u00f4\u0300 v\u01b0\u0300a nghe nha\u0323c, xem Youtube<\/div>\n<div class=\"kh_des_title\">B\u1ea1n ho\u00e0n to\u00e0n c\u00f3 th\u1ec3 v\u1eeba xem ch\u1ec9 \u0111\u01b0\u1eddng qua \u1ee9ng d\u1ee5ng b\u1ea3n \u0111\u1ed3 v\u1eeba c\u00f3 th\u1ec3 Youtube c\u00f9ng l\u00fac tr\u00ean m\u00e0n h\u00ecnh Zestech. T\u00ednh n\u0103ng chia \u0111\u00f4i m\u00e0n h\u00ecnh mang t\u1edbi tr\u1ea3i nghi\u1ec7m \u0111a nhi\u1ec7m c\u1ef1c k\u1ef3 th\u00fa v\u1ecb cho ng\u01b0\u1eddi d\u00f9ng.<\/div>\n<\/div>\n<div class=\"kh_box_btn\">\n<div class=\"kh_btn kh_btn_yellow\"><a title=\"ZFORCE (CAMERA 360)\" href=\"https:\/\/www.youtube.com\/embed\/e5QIm8gQZBs\" data-fancybox=\"\" target=\"_blank\" rel=\"noopener\">Xem chi ti\u1ebft<\/a><\/div>\n<\/div>\n<\/div>\n<\/div>\n<\/div>\n<\/div>\n<\/section>\n<section class=\"kh_module kh_module_videos kh_module_page_prod kh_ani\">\n<div class=\"kh_container\">\n<div class=\"kh_flex d-flex\">\n<div class=\"kh_box_video\">\n<figure class=\"kh_video_box video-link\" data-src=\"https:\/\/www.youtube.com\/watch?v=e5QIm8gQZBs\"><img loading=\"lazy\" decoding=\"async\" class=\"alignnone size-full wp-image-2600\" src=\"https:\/\/autothaiduong.vn\/wp-content\/uploads\/2025\/05\/ban-do-dan-duong-tren-man-hinh-zt-cho-xe-xforce.png\" alt=\"Zestech\" width=\"950\" height=\"515\" srcset=\"https:\/\/autothaiduong.vn\/wp-content\/uploads\/2025\/05\/ban-do-dan-duong-tren-man-hinh-zt-cho-xe-xforce.png 950w, https:\/\/autothaiduong.vn\/wp-content\/uploads\/2025\/05\/ban-do-dan-duong-tren-man-hinh-zt-cho-xe-xforce-600x325.png 600w, https:\/\/autothaiduong.vn\/wp-content\/uploads\/2025\/05\/ban-do-dan-duong-tren-man-hinh-zt-cho-xe-xforce-768x416.png 768w\" sizes=\"auto, (max-width: 950px) 100vw, 950px\" \/><\/figure>\n<\/div>\n<div class=\"kh_box_content_video\">\n<div class=\"kh_content_video\">\n<div class=\"kh_box_title\">\n<h2 class=\"kh_title_module\">T\u00cdCH H\u1ee2P \u0110A D\u1ea0NG B\u1ea2N \u0110\u1ed2 D\u1eaaN \u0110\u01af\u1edcNG<\/h2>\n<div class=\"kh_subtitle_module\">CH\u1ec8 \u0110\u01af\u1edcNG TH\u00d4NG MINH, CH\u00cdNH X\u00c1C<\/div>\n<div class=\"kh_des_title\">T\u00edch h\u1ee3p \u0111a d\u1ea1ng b\u1ea3n \u0111\u1ed3 d\u1eabn \u0111\u01b0\u1eddng t\u1eeb c\u00e1c nh\u00e0 cung c\u1ea5p uy t\u00edn h\u00e0ng \u0111\u1ea7u. \u0110\u1eb7c bi\u1ec7t \u1ee9ng d\u1ee5ng c\u00f4ng ngh\u1ec7 t\u1ef1 \u0111\u1ed9ng c\u1eadp nh\u1eadp tuy\u1ebfn \u0111\u01b0\u1eddng theo th\u1eddi gian th\u1ef1c c\u00f9ng h\u1ed7 tr\u1ee3 t\u00ecm \u0111\u01b0\u1eddng nhanh ch\u00f3ng b\u1eb1ng gi\u1ecdng n\u00f3i v\u00f4 c\u00f9ng ch\u00ednh x\u00e1c. B\u1ea1n ch\u1ec9 c\u1ea7n n\u00f3i ra \u0111i\u1ec3m \u0111\u1ebfn mong mu\u1ed1n, v\u00e0 m\u00e0n h\u00ecnh s\u1ebd hi\u1ec3n th\u1ecb cho b\u1ea1n l\u1ed9 tr\u00ecnh t\u1ed1i \u01b0u nh\u1ea5t, c\u00f9ng v\u1edbi c\u00e1c th\u00f4ng tin h\u1eefu \u00edch nh\u01b0 kho\u1ea3ng c\u00e1ch, th\u1eddi gian, t\u00ecnh tr\u1ea1ng giao th\u00f4ng,&#8230;<\/div>\n<\/div>\n<\/div>\n<\/div>\n<\/div>\n<\/div>\n<\/section>\n","protected":false},"excerpt":{"rendered":"<p><em><strong>Auto Th\u00e1i D\u01b0\u01a1ng &#8211; \u0110\u1ea1i L\u00ed Ch\u00ednh H\u00e3ng Zestech T\u1ea1i Tp.B\u1ea3o L\u1ed9c<\/strong><\/em><\/p>\n<p><em><strong>\u0110\u1ecba Ch\u1ec9: 273-275 Tr\u1ea7n Ph\u00fa Ph\u01b0\u1eddng L\u1ed9c S\u01a1n Th\u00e0nh Ph\u1ed1 B\u1ea3o L\u1ed9c T\u1ec9nh L\u00e2m \u0110\u1ed3ng<\/strong><\/em><\/p>\n<p><em><strong> Hotline: 0912197441<\/strong><\/em><\/p>\n","protected":false},"featured_media":2587,"comment_status":"open","ping_status":"closed","template":"","meta":[],"product_brand":[81],"product_cat":[153,128],"product_tag":[],"class_list":{"0":"post-2586","1":"product","2":"type-product","3":"status-publish","4":"has-post-thumbnail","6":"product_brand-zestech","7":"product_cat-man-hinh-android-lien-camera-360","8":"product_cat-mitshubishi","10":"first","11":"instock","12":"shipping-taxable","13":"purchasable","14":"product-type-simple"},"_links":{"self":[{"href":"https:\/\/autothaiduong.vn\/index.php?rest_route=\/wp\/v2\/product\/2586","targetHints":{"allow":["GET"]}}],"collection":[{"href":"https:\/\/autothaiduong.vn\/index.php?rest_route=\/wp\/v2\/product"}],"about":[{"href":"https:\/\/autothaiduong.vn\/index.php?rest_route=\/wp\/v2\/types\/product"}],"replies":[{"embeddable":true,"href":"https:\/\/autothaiduong.vn\/index.php?rest_route=%2Fwp%2Fv2%2Fcomments&post=2586"}],"wp:featuredmedia":[{"embeddable":true,"href":"https:\/\/autothaiduong.vn\/index.php?rest_route=\/wp\/v2\/media\/2587"}],"wp:attachment":[{"href":"https:\/\/autothaiduong.vn\/index.php?rest_route=%2Fwp%2Fv2%2Fmedia&parent=2586"}],"wp:term":[{"taxonomy":"product_brand","embeddable":true,"href":"https:\/\/autothaiduong.vn\/index.php?rest_route=%2Fwp%2Fv2%2Fproduct_brand&post=2586"},{"taxonomy":"product_cat","embeddable":true,"href":"https:\/\/autothaiduong.vn\/index.php?rest_route=%2Fwp%2Fv2%2Fproduct_cat&post=2586"},{"taxonomy":"product_tag","embeddable":true,"href":"https:\/\/autothaiduong.vn\/index.php?rest_route=%2Fwp%2Fv2%2Fproduct_tag&post=2586"}],"curies":[{"name":"wp","href":"https:\/\/api.w.org\/{rel}","templated":true}]}}