{"id":2601,"date":"2025-05-18T16:31:34","date_gmt":"2025-05-18T16:31:34","guid":{"rendered":"https:\/\/autothaiduong.vn\/?post_type=product&#038;p=2601"},"modified":"2025-05-18T16:32:13","modified_gmt":"2025-05-18T16:32:13","slug":"man-hinh-o-to-android-zforce-danh-cho-xe-xforce","status":"publish","type":"product","link":"https:\/\/autothaiduong.vn\/?product=man-hinh-o-to-android-zforce-danh-cho-xe-xforce","title":{"rendered":"M\u00e0n h\u00ecnh \u00f4 t\u00f4 android ZFORCE D\u00e0nh Cho Xe XFORCE"},"content":{"rendered":"<p><img loading=\"lazy\" decoding=\"async\" class=\" wp-image-2492 aligncenter\" src=\"https:\/\/autothaiduong.vn\/wp-content\/uploads\/2025\/05\/z6584734442481_f208f5944548cb4b46353402ce2e64e0-4.jpg\" alt=\"\" width=\"254\" height=\"225\" \/><\/p>\n<p style=\"text-align: center;\"><span style=\"color: #ff0000; font-size: 140%;\"><strong>\u0110\u1ecba Ch\u1ec9: 273-275 Tr\u1ea7n Ph\u00fa Ph\u01b0\u1eddng L\u1ed9c S\u01a1n Th\u00e0nh Ph\u1ed1 B\u1ea3o L\u1ed9c T\u1ec9nh L\u00e2m \u0110\u1ed3ng <\/strong><\/span><\/p>\n<p style=\"text-align: center;\"><span style=\"color: #ff0000; font-size: 140%;\"><strong>Hotline: 0912197441<\/strong><\/span><\/p>\n<section class=\"kh_parameter_prod\">\n<div class=\"container\">\n<div class=\"kh_box_param\">\n<div class=\"kh_box_title\">\n<h2 class=\"kh_title_module\">Th\u00f4ng s\u1ed1 k\u1ef9 thu\u1eadt ZFORCE<\/h2>\n<\/div>\n<div class=\"kh_list_pram_prod d-flex\">\n<div class=\"kh_item_param\">\n<div class=\"kh_inner_prod d-flex\">\n<figure class=\"kh_icon_param\"><img loading=\"lazy\" decoding=\"async\" class=\"alignnone size-full wp-image-2603\" src=\"https:\/\/autothaiduong.vn\/wp-content\/uploads\/2025\/05\/CPU-5.png\" alt=\"B\u1ed9 x\u1eed l\u00fd\" width=\"70\" height=\"70\" \/><\/figure>\n<div class=\"kh_content_param\">\n<div class=\"kh_title_param\">B\u1ed9 x\u1eed l\u00fd<\/div>\n<div class=\"kh_des_param\">Two ARM\u00ae Cortex-A75<br \/>\nCortex-A55 cores<\/div>\n<\/div>\n<\/div>\n<\/div>\n<div class=\"kh_item_param\">\n<div class=\"kh_inner_prod d-flex\">\n<figure class=\"kh_icon_param\"><img loading=\"lazy\" decoding=\"async\" class=\"alignnone size-full wp-image-2604\" src=\"https:\/\/autothaiduong.vn\/wp-content\/uploads\/2025\/05\/RAM-6.png\" alt=\"RAM\" width=\"70\" height=\"70\" \/><\/figure>\n<div class=\"kh_content_param\">\n<div class=\"kh_title_param\">RAM<\/div>\n<div class=\"kh_des_param\">4GB<\/div>\n<\/div>\n<\/div>\n<\/div>\n<div class=\"kh_item_param\">\n<div class=\"kh_inner_prod d-flex\">\n<figure class=\"kh_icon_param\"><img loading=\"lazy\" decoding=\"async\" class=\"alignnone size-full wp-image-2605\" src=\"https:\/\/autothaiduong.vn\/wp-content\/uploads\/2025\/05\/ROM-6.png\" alt=\"ROM\" width=\"68\" height=\"68\" \/><\/figure>\n<div class=\"kh_content_param\">\n<div class=\"kh_title_param\">ROM<\/div>\n<div class=\"kh_des_param\">64GB<\/div>\n<\/div>\n<\/div>\n<\/div>\n<div class=\"kh_item_param\">\n<div class=\"kh_inner_prod d-flex\">\n<figure class=\"kh_icon_param\"><img loading=\"lazy\" decoding=\"async\" class=\"alignnone size-full wp-image-2606\" src=\"https:\/\/autothaiduong.vn\/wp-content\/uploads\/2025\/05\/Manhinh-23.png\" alt=\"C\u00f4ng ty\" width=\"70\" height=\"58\" \/><\/figure>\n<div class=\"kh_content_param\">\n<div class=\"kh_title_param\">C\u00f4ng ty<\/div>\n<div class=\"kh_des_param\">TNHH TM XNK N\u1ed9i th\u1ea5t \u00f4 t\u00f4 Quang Minh<\/div>\n<\/div>\n<\/div>\n<\/div>\n<div class=\"kh_item_param\">\n<div class=\"kh_inner_prod d-flex\">\n<figure class=\"kh_icon_param\"><img loading=\"lazy\" decoding=\"async\" class=\"alignnone size-full wp-image-2606\" src=\"https:\/\/autothaiduong.vn\/wp-content\/uploads\/2025\/05\/Manhinh-23.png\" alt=\"C\u00f4ng ty\" width=\"70\" height=\"58\" \/><\/figure>\n<div class=\"kh_content_param\">\n<div class=\"kh_title_param\">N\u0103m s\u1ea3n xu\u1ea5t<\/div>\n<div class=\"kh_des_param\">2025<\/div>\n<\/div>\n<\/div>\n<\/div>\n<\/div>\n<\/div>\n<\/div>\n<\/section>\n<section class=\"kh_module kh_module_videos kh_module_page_prod kh_ani\">\n<div class=\"kh_container\">\n<div class=\"kh_flex d-flex\">\n<div class=\"kh_box_video\">\n<figure class=\"kh_video_box video-link\" data-src=\"https:\/\/www.youtube.com\/watch?v=RPOGMUuDtGI\"><img loading=\"lazy\" decoding=\"async\" class=\"alignnone size-full wp-image-2608\" src=\"https:\/\/autothaiduong.vn\/wp-content\/uploads\/2025\/05\/z3205600946060_8ed40fa9e1cae954184138d4525c35a6.jpg\" alt=\"Zestech\" width=\"930\" height=\"525\" srcset=\"https:\/\/autothaiduong.vn\/wp-content\/uploads\/2025\/05\/z3205600946060_8ed40fa9e1cae954184138d4525c35a6.jpg 930w, https:\/\/autothaiduong.vn\/wp-content\/uploads\/2025\/05\/z3205600946060_8ed40fa9e1cae954184138d4525c35a6-600x339.jpg 600w, https:\/\/autothaiduong.vn\/wp-content\/uploads\/2025\/05\/z3205600946060_8ed40fa9e1cae954184138d4525c35a6-768x434.jpg 768w\" sizes=\"auto, (max-width: 930px) 100vw, 930px\" \/><\/figure>\n<\/div>\n<div class=\"kh_box_content_video\">\n<div class=\"kh_content_video\">\n<div class=\"kh_box_title\">\n<h2 class=\"kh_title_module\">Ph\u00f3ng s\u1ef1 VTV3: Zestech \u0111\u1ed3ng h\u00e0nh c\u00f9ng c\u00e1c h\u00e3ng \u00f4 t\u00f4 v\u00e0 ng\u01b0\u1eddi ti\u00eau d\u00f9ng<\/h2>\n<div class=\"kh_des_title\">Zestech k\u00fd k\u1ebft th\u1ecfa thu\u1eadn h\u1ee3p t\u00e1c chi\u1ebfn l\u01b0\u1ee3c b\u1ec1n v\u1eefng v\u00e0 ph\u00e1t tri\u1ec3n v\u1edbi h\u01a1n 750 \u0111\u1ea1i l\u00fd tr\u00ean to\u00e0n qu\u1ed1c. \u0110\u1eb7c bi\u1ec7t v\u1edbi nhi\u1ec1u c\u00e1c h\u00e3ng xe \u00f4 t\u00f4 l\u1edbn t\u1ea1i Vi\u1ec7t Nam nh\u01b0 Toyota Long Bi\u00ean, Toyota B\u1eafc Giang, Hyundai S\u00e0i G\u00f2n, Mitsubishi Quy Nh\u01a1n,\u2026\u0110\u00e1nh d\u1ea5u b\u01b0\u1edbc ti\u1ebfn quan tr\u1ecdng trong s\u1ef1 ph\u00e1t tri\u1ec3n th\u1ecbnh v\u01b0\u1ee3ng c\u1ee7a Zestech v\u1edbi c\u00e1c \u0111\u01a1n v\u1ecb \u0111\u1ed1i t\u00e1c v\u00e0 kh\u00e1ch h\u00e0ng.<\/div>\n<\/div>\n<div class=\"kh_box_btn\">\n<div class=\"kh_btn kh_btn_yellow\"><a title=\"ZFORCE\" href=\"https:\/\/www.youtube.com\/embed\/RPOGMUuDtGI\" data-fancybox=\"\" target=\"_blank\" rel=\"noopener\">Xem chi ti\u1ebft<\/a><\/div>\n<\/div>\n<\/div>\n<\/div>\n<\/div>\n<\/div>\n<\/section>\n<section class=\"kh_module kh_module_videos kh_module_page_prod even kh_ani\">\n<div class=\"kh_container\">\n<div class=\"kh_flex d-flex\">\n<div class=\"kh_box_video\">\n<figure class=\"kh_video_box video-link\" data-src=\"https:\/\/www.youtube.com\/watch?v=e5QIm8gQZBs\"><img loading=\"lazy\" decoding=\"async\" class=\"alignnone size-full wp-image-2609\" src=\"https:\/\/autothaiduong.vn\/wp-content\/uploads\/2025\/05\/ra-lenh-bang-giong-noi.png\" alt=\"Zestech\" width=\"1280\" height=\"616\" srcset=\"https:\/\/autothaiduong.vn\/wp-content\/uploads\/2025\/05\/ra-lenh-bang-giong-noi.png 1280w, https:\/\/autothaiduong.vn\/wp-content\/uploads\/2025\/05\/ra-lenh-bang-giong-noi-600x289.png 600w, https:\/\/autothaiduong.vn\/wp-content\/uploads\/2025\/05\/ra-lenh-bang-giong-noi-1024x493.png 1024w, https:\/\/autothaiduong.vn\/wp-content\/uploads\/2025\/05\/ra-lenh-bang-giong-noi-768x370.png 768w\" sizes=\"auto, (max-width: 1280px) 100vw, 1280px\" \/><\/figure>\n<\/div>\n<div class=\"kh_box_content_video\">\n<div class=\"kh_content_video\">\n<div class=\"kh_box_title\">\n<h2 class=\"kh_title_module\">Ra l\u1ec7nh gi\u1ecdng n\u00f3i th\u00f4ng minh v\u1edbi tr\u1ee3 l\u00fd Kiki<\/h2>\n<div class=\"kh_subtitle_module\">Nghe hi\u1ec3u gi\u1ecdng n\u00f3i 3 mi\u1ec1n B\u1eafc &#8211; Trung &#8211; Nam<\/div>\n<div class=\"kh_des_title\">S\u1ea3n ph\u1ea9m mang t\u1edbi cho ng\u01b0\u1eddi d\u00f9ng tr\u1ea3i nghi\u1ec7m l\u00e1i xe r\u1ea3nh tay r\u1ea3nh m\u1eaft, an to\u00e0n th\u00f4ng qua \u0111i\u1ec1u khi\u1ec3n gi\u1ecdng n\u00f3i. Kh\u00f4ng c\u00f2n c\u00e1c c\u00e2u l\u1ec7nh khu\u00f4n m\u1eabu, tr\u1ee3 l\u00fd Kiki linh ho\u1ea1t nghe &#8211; hi\u1ec3u gi\u1ecdng n\u00f3i 3 mi\u1ec1n B\u1eafc &#8211; Trung &#8211; Nam, r\u00fat ng\u1eafn kho\u1ea3ng c\u00e1ch gi\u1eefa con ng\u01b0\u1eddi v\u00e0 m\u00e1y m\u00f3c.<br \/>\nNgo\u00e0i ra, b\u1ea1n c\u00e0ng t\u01b0\u01a1ng t\u00e1c nhi\u1ec1u b\u1eb1ng gi\u1ecdng n\u00f3i, Kiki s\u1ebd c\u00e0ng th\u00f4ng minh v\u00e0 \u0111\u00e1p \u1ee9ng t\u1ed1t nh\u1ea5t mong mu\u1ed1n c\u1ee7a ng\u01b0\u1eddi d\u00f9ng.<\/div>\n<\/div>\n<div class=\"kh_box_btn\">\n<div class=\"kh_btn kh_btn_yellow\"><a title=\"ZFORCE\" href=\"https:\/\/www.youtube.com\/embed\/e5QIm8gQZBs\" data-fancybox=\"\" target=\"_blank\" rel=\"noopener\">Xem chi ti\u1ebft<\/a><\/div>\n<\/div>\n<\/div>\n<\/div>\n<\/div>\n<\/div>\n<\/section>\n<section class=\"kh_module kh_module_videos kh_module_page_prod kh_ani\">\n<div class=\"kh_container\">\n<div class=\"kh_flex d-flex\">\n<div class=\"kh_box_video\">\n<figure class=\"kh_video_box video-link\" data-src=\"https:\/\/www.youtube.com\/watch?v=e5QIm8gQZBs\"><img loading=\"lazy\" decoding=\"async\" class=\"alignnone size-full wp-image-2610\" src=\"https:\/\/autothaiduong.vn\/wp-content\/uploads\/2025\/05\/ban-do-dan-duong-tren-man-hinh-zt-cho-xe-xforce-1.png\" alt=\"Zestech\" width=\"950\" height=\"515\" srcset=\"https:\/\/autothaiduong.vn\/wp-content\/uploads\/2025\/05\/ban-do-dan-duong-tren-man-hinh-zt-cho-xe-xforce-1.png 950w, https:\/\/autothaiduong.vn\/wp-content\/uploads\/2025\/05\/ban-do-dan-duong-tren-man-hinh-zt-cho-xe-xforce-1-600x325.png 600w, https:\/\/autothaiduong.vn\/wp-content\/uploads\/2025\/05\/ban-do-dan-duong-tren-man-hinh-zt-cho-xe-xforce-1-768x416.png 768w\" sizes=\"auto, (max-width: 950px) 100vw, 950px\" \/><\/figure>\n<\/div>\n<div class=\"kh_box_content_video\">\n<div class=\"kh_content_video\">\n<div class=\"kh_box_title\">\n<h2 class=\"kh_title_module\">T\u00cdCH H\u1ee2P \u0110A D\u1ea0NG B\u1ea2N \u0110\u1ed2 D\u1eaaN \u0110\u01af\u1edcNG<\/h2>\n<div class=\"kh_subtitle_module\">CH\u1ec8 \u0110\u01af\u1edcNG TH\u00d4NG MINH, CH\u00cdNH X\u00c1C<\/div>\n<div class=\"kh_des_title\">M\u00e0n h\u00ecnh Zestech d\u00e0nh ri\u00eang cho Xforce t\u00edch h\u1ee3p \u0111a d\u1ea1ng b\u1ea3n \u0111\u1ed3 d\u1eabn \u0111\u01b0\u1eddng t\u1eeb c\u00e1c nh\u00e0 cung c\u1ea5p uy t\u00edn h\u00e0ng \u0111\u1ea7u. \u0110\u1eb7c bi\u1ec7t \u1ee9ng d\u1ee5ng c\u00f4ng ngh\u1ec7 t\u1ef1 \u0111\u1ed9ng c\u1eadp nh\u1eadp tuy\u1ebfn \u0111\u01b0\u1eddng theo th\u1eddi gian th\u1ef1c c\u00f9ng h\u1ed7 tr\u1ee3 t\u00ecm \u0111\u01b0\u1eddng nhanh ch\u00f3ng b\u1eb1ng gi\u1ecdng n\u00f3i v\u00f4 c\u00f9ng ch\u00ednh x\u00e1c. B\u1ea1n ch\u1ec9 c\u1ea7n n\u00f3i ra \u0111i\u1ec3m \u0111\u1ebfn mong mu\u1ed1n, v\u00e0 m\u00e0n h\u00ecnh s\u1ebd hi\u1ec3n th\u1ecb cho b\u1ea1n l\u1ed9 tr\u00ecnh t\u1ed1i \u01b0u nh\u1ea5t, c\u00f9ng v\u1edbi c\u00e1c th\u00f4ng tin h\u1eefu \u00edch nh\u01b0 kho\u1ea3ng c\u00e1ch, th\u1eddi gian,&#8230;<\/div>\n<\/div>\n<div class=\"kh_box_btn\">\n<div class=\"kh_btn kh_btn_yellow\"><a title=\"ZFORCE\" href=\"https:\/\/www.youtube.com\/embed\/e5QIm8gQZBs\" data-fancybox=\"\" target=\"_blank\" rel=\"noopener\">Xem chi ti\u1ebft<\/a><\/div>\n<\/div>\n<\/div>\n<\/div>\n<\/div>\n<\/div>\n<\/section>\n<section class=\"kh_module kh_module_videos kh_module_page_prod even kh_ani\">\n<div class=\"kh_container\">\n<div class=\"kh_flex d-flex\">\n<div class=\"kh_box_video\">\n<figure class=\"kh_video_box video-link\" data-src=\"https:\/\/www.youtube.com\/watch?v=e5QIm8gQZBs\"><img loading=\"lazy\" decoding=\"async\" class=\"alignnone size-full wp-image-2611\" src=\"https:\/\/autothaiduong.vn\/wp-content\/uploads\/2025\/05\/cong-nghe-ai-tu-dong-cap-nhat-ung-dung-1.png\" alt=\"Zestech\" width=\"1200\" height=\"553\" srcset=\"https:\/\/autothaiduong.vn\/wp-content\/uploads\/2025\/05\/cong-nghe-ai-tu-dong-cap-nhat-ung-dung-1.png 1200w, https:\/\/autothaiduong.vn\/wp-content\/uploads\/2025\/05\/cong-nghe-ai-tu-dong-cap-nhat-ung-dung-1-600x277.png 600w, https:\/\/autothaiduong.vn\/wp-content\/uploads\/2025\/05\/cong-nghe-ai-tu-dong-cap-nhat-ung-dung-1-1024x472.png 1024w, https:\/\/autothaiduong.vn\/wp-content\/uploads\/2025\/05\/cong-nghe-ai-tu-dong-cap-nhat-ung-dung-1-768x354.png 768w\" sizes=\"auto, (max-width: 1200px) 100vw, 1200px\" \/><\/figure>\n<\/div>\n<div class=\"kh_box_content_video\">\n<div class=\"kh_content_video\">\n<div class=\"kh_box_title\">\n<h2 class=\"kh_title_module\">T\u1eadn h\u01b0\u1edfng kho gi\u1ea3i tr\u00ed b\u1ea5t t\u1eadn<\/h2>\n<div class=\"kh_des_title\">M\u00e0n h\u00ecnh Zestech d\u00e0nh ri\u00eang cho Mitsubishi Xforce c\u00f3 th\u1ec3 \u0111\u00e1p \u1ee9ng m\u1ecdi nhu c\u1ea7u gi\u1ea3i tr\u00ed hi\u1ec7n t\u1ea1i: Youtube kh\u00f4ng qu\u1ea3ng c\u00e1o, MyTV, FPTPlay, VTVGO, Netflix&#8230;<\/div>\n<\/div>\n<div class=\"kh_box_btn\">\n<div class=\"kh_btn kh_btn_yellow\"><a title=\"ZFORCE\" href=\"https:\/\/www.youtube.com\/embed\/e5QIm8gQZBs\" data-fancybox=\"\" target=\"_blank\" rel=\"noopener\">Xem chi ti\u1ebft<\/a><\/div>\n<\/div>\n<\/div>\n<\/div>\n<\/div>\n<\/div>\n<\/section>\n<section class=\"kh_module kh_module_videos kh_module_page_prod kh_ani\">\n<div class=\"kh_container\">\n<div class=\"kh_flex d-flex\">\n<div class=\"kh_box_video\">\n<figure class=\"kh_video_box video-link\" data-src=\"https:\/\/www.youtube.com\/watch?v=e5QIm8gQZBs\"><img loading=\"lazy\" decoding=\"async\" class=\"alignnone size-full wp-image-2612\" src=\"https:\/\/autothaiduong.vn\/wp-content\/uploads\/2025\/05\/vua-xem-ban-do-vua-mo-nghe-youtube-1.png\" alt=\"Zestech\" width=\"1280\" height=\"621\" srcset=\"https:\/\/autothaiduong.vn\/wp-content\/uploads\/2025\/05\/vua-xem-ban-do-vua-mo-nghe-youtube-1.png 1280w, https:\/\/autothaiduong.vn\/wp-content\/uploads\/2025\/05\/vua-xem-ban-do-vua-mo-nghe-youtube-1-600x291.png 600w, https:\/\/autothaiduong.vn\/wp-content\/uploads\/2025\/05\/vua-xem-ban-do-vua-mo-nghe-youtube-1-1024x497.png 1024w, https:\/\/autothaiduong.vn\/wp-content\/uploads\/2025\/05\/vua-xem-ban-do-vua-mo-nghe-youtube-1-768x373.png 768w\" sizes=\"auto, (max-width: 1280px) 100vw, 1280px\" \/><\/figure>\n<\/div>\n<div class=\"kh_box_content_video\">\n<div class=\"kh_content_video\">\n<div class=\"kh_box_title\">\n<h2 class=\"kh_title_module\">Ch\u1ea1y \u0111a nhi\u1ec7m \u1ee9ng d\u1ee5ng<\/h2>\n<div class=\"kh_des_title\">B\u1ea1n ho\u00e0n to\u00e0n c\u00f3 th\u1ec3 v\u1eeba xem ch\u1ec9 \u0111\u01b0\u1eddng qua \u1ee9ng d\u1ee5ng b\u1ea3n \u0111\u1ed3 v\u1eeba c\u00f3 th\u1ec3 Youtube c\u00f9ng l\u00fac tr\u00ean m\u00e0n h\u00ecnh Zestech. T\u00ednh n\u0103ng chia \u0111\u00f4i m\u00e0n h\u00ecnh mang t\u1edbi tr\u1ea3i nghi\u1ec7m \u0111a nhi\u1ec7m c\u1ef1c k\u1ef3 th\u00fa v\u1ecb cho ng\u01b0\u1eddi d\u00f9ng.<\/div>\n<\/div>\n<div class=\"kh_box_btn\">\n<div class=\"kh_btn kh_btn_yellow\"><a title=\"ZFORCE\" href=\"https:\/\/www.youtube.com\/embed\/e5QIm8gQZBs\" data-fancybox=\"\" target=\"_blank\" rel=\"noopener\">Xem chi ti\u1ebft<\/a><\/div>\n<\/div>\n<\/div>\n<\/div>\n<\/div>\n<\/div>\n<\/section>\n","protected":false},"excerpt":{"rendered":"<p><strong><em>Auto Th\u00e1i D\u01b0\u01a1ng &#8211; \u0110\u1ea1i L\u00ed Ch\u00ednh H\u00e3ng Zestech T\u1ea1i Tp.B\u1ea3o L\u1ed9c<\/em><\/strong><\/p>\n<p><strong><em>\u0110\u1ecba Ch\u1ec9: 273-275 Tr\u1ea7n Ph\u00fa Ph\u01b0\u1eddng L\u1ed9c S\u01a1n Th\u00e0nh Ph\u1ed1 B\u1ea3o L\u1ed9c T\u1ec9nh L\u00e2m \u0110\u1ed3ng<\/em><\/strong><\/p>\n<p><strong><em> Hotline: 0912197441<\/em><\/strong><\/p>\n","protected":false},"featured_media":2602,"comment_status":"open","ping_status":"closed","template":"","meta":[],"product_brand":[81],"product_cat":[17,70,62,128],"product_tag":[],"class_list":{"0":"post-2601","1":"product","2":"type-product","3":"status-publish","4":"has-post-thumbnail","6":"product_brand-zestech","7":"product_cat-dvd-android-box","8":"product_cat-man-hinh-android","9":"product_cat-man-hinh-dvd-android-o-to","10":"product_cat-mitshubishi","12":"first","13":"instock","14":"shipping-taxable","15":"purchasable","16":"product-type-simple"},"_links":{"self":[{"href":"https:\/\/autothaiduong.vn\/index.php?rest_route=\/wp\/v2\/product\/2601","targetHints":{"allow":["GET"]}}],"collection":[{"href":"https:\/\/autothaiduong.vn\/index.php?rest_route=\/wp\/v2\/product"}],"about":[{"href":"https:\/\/autothaiduong.vn\/index.php?rest_route=\/wp\/v2\/types\/product"}],"replies":[{"embeddable":true,"href":"https:\/\/autothaiduong.vn\/index.php?rest_route=%2Fwp%2Fv2%2Fcomments&post=2601"}],"wp:featuredmedia":[{"embeddable":true,"href":"https:\/\/autothaiduong.vn\/index.php?rest_route=\/wp\/v2\/media\/2602"}],"wp:attachment":[{"href":"https:\/\/autothaiduong.vn\/index.php?rest_route=%2Fwp%2Fv2%2Fmedia&parent=2601"}],"wp:term":[{"taxonomy":"product_brand","embeddable":true,"href":"https:\/\/autothaiduong.vn\/index.php?rest_route=%2Fwp%2Fv2%2Fproduct_brand&post=2601"},{"taxonomy":"product_cat","embeddable":true,"href":"https:\/\/autothaiduong.vn\/index.php?rest_route=%2Fwp%2Fv2%2Fproduct_cat&post=2601"},{"taxonomy":"product_tag","embeddable":true,"href":"https:\/\/autothaiduong.vn\/index.php?rest_route=%2Fwp%2Fv2%2Fproduct_tag&post=2601"}],"curies":[{"name":"wp","href":"https:\/\/api.w.org\/{rel}","templated":true}]}}