{"id":261,"date":"2025-04-26T04:27:58","date_gmt":"2025-04-26T04:27:58","guid":{"rendered":"https:\/\/autothaiduong.vn\/?post_type=product&#038;p=261"},"modified":"2025-05-16T17:02:57","modified_gmt":"2025-05-16T17:02:57","slug":"man-hinh-dvd-gotech-gt6-new","status":"publish","type":"product","link":"https:\/\/autothaiduong.vn\/?product=man-hinh-dvd-gotech-gt6-new","title":{"rendered":"M\u00c0N H\u00ccNH DVD GOTECH GT6 NEW"},"content":{"rendered":"<div>\n<div>\n<div>\n<div>\n<div>\n<div>\n<div>\n<div>\n<div><\/div>\n<\/div>\n<\/div>\n<\/div>\n<\/div>\n<\/div>\n<\/div>\n<\/div>\n<\/div>\n<div>\n<div>\n<div><\/div>\n<\/div>\n<\/div>\n<p>&nbsp;<\/p>\n<p><img loading=\"lazy\" decoding=\"async\" class=\"wp-image-489 aligncenter\" src=\"https:\/\/autothaiduong.vn\/wp-content\/uploads\/2025\/04\/z6584734442481_f208f5944548cb4b46353402ce2e64e0.jpg\" alt=\"\" width=\"302\" height=\"268\" \/><\/p>\n<p>&nbsp;<\/p>\n<p><strong>T\u00ednh n\u0103ng n\u1ed5i b\u1eadt c\u1ee7a m\u00e0n h\u00ecnh \u00f4 t\u00f4 th\u00f4ng minh Gotech GT6 New<\/strong><\/p>\n<p><strong>Giao di\u1ec7n chu\u1ea9n c\u00f4ng ngh\u1ec7, t\u1ed1c \u0111\u1ed9 x\u1eed l\u00fd nhanh<\/strong><\/p>\n<p><strong>M\u00e0n h\u00ecnh \u00f4 t\u00f4 th\u00f4ng minh Gotech GT6 New \u0111\u01b0\u1ee3c thi\u1ebft k\u1ebf theo giao di\u1ec7n m\u1edbi theo ti\u00eau chu\u1ea9n Ch\u00e2u \u00c2u, b\u1ed1 c\u1ee5c \u0111\u01b0\u1ee3c s\u1eafp x\u1ebfp \u0111\u1eb9p, khoa h\u1ecdc cho ng\u01b0\u1eddi d\u00f9ng d\u1ec5 d\u00e0ng s\u1eed d\u1ee5ng.<\/strong><\/p>\n<p><strong>C\u1ea5u h\u00ecnh m\u1ea1nh m\u1ebd v\u1edbi CPU 8 nh\u00e2n, m\u00e0n h\u00ecnh s\u1eed d\u1ee5ng c\u00f4ng ngh\u1ec7 ch\u1ed1ng ch\u00f3i IPS k\u00e8m theo \u0111\u1ed9 ph\u00e2n gi\u1ea3i cao 1280 x 720, mang l\u1ea1i nh\u1eefng t\u00e1c v\u1ee5 m\u01b0\u1ee3t m\u00e0 v\u1edbi nh\u1eefng ch\u1ea1m nh\u1eb9.<\/strong><\/p>\n<p><img loading=\"lazy\" decoding=\"async\" class=\"alignnone size-full wp-image-263\" src=\"https:\/\/autothaiduong.vn\/wp-content\/uploads\/2025\/04\/Gotech-GT6-New.png\" alt=\"M\u00e0n h\u00ecnh \u00f4 t\u00f4 th\u00f4ng minh Gotech GT6 New 9 Inch sang tr\u1ecdng, \u0111\u1eb3ng c\u1ea5p\" width=\"1024\" height=\"591\" srcset=\"https:\/\/autothaiduong.vn\/wp-content\/uploads\/2025\/04\/Gotech-GT6-New.png 1024w, https:\/\/autothaiduong.vn\/wp-content\/uploads\/2025\/04\/Gotech-GT6-New-300x173.png 300w, https:\/\/autothaiduong.vn\/wp-content\/uploads\/2025\/04\/Gotech-GT6-New-768x443.png 768w, https:\/\/autothaiduong.vn\/wp-content\/uploads\/2025\/04\/Gotech-GT6-New-600x346.png 600w\" sizes=\"auto, (max-width: 1024px) 100vw, 1024px\" \/><\/p>\n<p>M\u00e0n h\u00ecnh \u00f4 t\u00f4 th\u00f4ng minh Gotech GT6 New 9 Inch sang tr\u1ecdng, \u0111\u1eb3ng c\u1ea5p<\/p>\n<h2 id=\"1\"><a id=\"gotech-gt6-new-s--d--ng-sim-4g-t--c----cao\" class=\"toc-a-tag\"><\/a>GOTECH GT6 NEW S\u1eec D\u1ee4NG SIM 4G T\u1ed0C \u0110\u1ed8 CAO<\/h2>\n<p>M\u00e0n h\u00ecnh \u00f4 t\u00f4 Gotech GT6 New s\u1ebd tr\u1edf n\u00ean \u0111a n\u0103ng v\u00e0 th\u00fa v\u1ecb h\u01a1n khi truy c\u1eadp nhanh ch\u00f3ng v\u00e0o c\u00e1c \u1ee9ng d\u1ee5ng gi\u1ea3i tr\u00ed nh\u1edd c\u00f3 s\u1eb5n sim 4G t\u1ed1c \u0111\u1ed9 cao.<\/p>\n<p><img loading=\"lazy\" decoding=\"async\" class=\"alignnone size-full wp-image-264\" src=\"https:\/\/autothaiduong.vn\/wp-content\/uploads\/2025\/04\/Gotech-GT6-New-1.png\" alt=\"M\u00e0n h\u00ecnh \u00f4 t\u00f4 th\u00f4ng minh Gotech GT6 New k\u1ebft n\u1ed1i tr\u1ef1c ti\u1ebfp sim 4G\" width=\"1024\" height=\"533\" srcset=\"https:\/\/autothaiduong.vn\/wp-content\/uploads\/2025\/04\/Gotech-GT6-New-1.png 1024w, https:\/\/autothaiduong.vn\/wp-content\/uploads\/2025\/04\/Gotech-GT6-New-1-300x156.png 300w, https:\/\/autothaiduong.vn\/wp-content\/uploads\/2025\/04\/Gotech-GT6-New-1-768x400.png 768w, https:\/\/autothaiduong.vn\/wp-content\/uploads\/2025\/04\/Gotech-GT6-New-1-600x312.png 600w\" sizes=\"auto, (max-width: 1024px) 100vw, 1024px\" \/><\/p>\n<p>M\u00e0n h\u00ecnh \u00f4 t\u00f4 th\u00f4ng minh Gotech GT6 New k\u1ebft n\u1ed1i tr\u1ef1c ti\u1ebfp sim 4G<\/p>\n<h2 id=\"2\"><a id=\"-i--u-khi--n-b--ng-gi--ng-n-i-r--nh-tay\" class=\"toc-a-tag\"><\/a>\u0110I\u1ec0U KHI\u1ec2N B\u1eb0NG GI\u1eccNG N\u00d3I R\u1ea2NH TAY<\/h2>\n<p>B\u1ea1n c\u00f3 th\u1ec3 m\u1edf t\u1ea5t c\u1ea3 nh\u1eefng t\u00e1c v\u1ee5 b\u1eb1ng gi\u1ecdng n\u00f3i ti\u1ebfng Vi\u1ec7t m\u1ed9t c\u00e1ch \u0111\u01a1n gi\u1ea3n v\u00e0 nhanh ch\u00f3ng th\u00f4ng qua 2 tr\u1ee3 l\u00fd \u1ea3o: Tr\u1ee3 l\u00fd Gotech Assistant, tr\u1ee3 l\u00fd Kiki. Khi b\u1ea1n ra l\u1ec7nh b\u1eb1ng gi\u1ecdng n\u00f3i, m\u00e0n h\u00ecnh \u00f4 t\u00f4 s\u1ebd nh\u1eadn di\u1ec7n \u0111\u01b0\u1ee3c ng\u00f4n ng\u1eef 3 mi\u1ec1n B\u1eafc &#8211; Trung &#8211; Nam v\u00e0 nhanh ch\u00f3ng \u0111\u00e1p \u1ee9ng l\u1ea1i kh\u1ea9u l\u1ec7nh \u0111\u00f3.<\/p>\n<p><img loading=\"lazy\" decoding=\"async\" class=\"alignnone size-full wp-image-265\" src=\"https:\/\/autothaiduong.vn\/wp-content\/uploads\/2025\/04\/Gotech-GT6-New-2.png\" alt=\"M\u1edf c\u00e1c t\u00e1c v\u1ee5 nhanh ch\u00f3ng b\u1eb1ng c\u00e2u l\u1ec7nh \u0111\u01a1n gi\u1ea3n\" width=\"900\" height=\"609\" srcset=\"https:\/\/autothaiduong.vn\/wp-content\/uploads\/2025\/04\/Gotech-GT6-New-2.png 900w, https:\/\/autothaiduong.vn\/wp-content\/uploads\/2025\/04\/Gotech-GT6-New-2-300x203.png 300w, https:\/\/autothaiduong.vn\/wp-content\/uploads\/2025\/04\/Gotech-GT6-New-2-768x520.png 768w, https:\/\/autothaiduong.vn\/wp-content\/uploads\/2025\/04\/Gotech-GT6-New-2-600x406.png 600w\" sizes=\"auto, (max-width: 900px) 100vw, 900px\" \/><\/p>\n<p>M\u1edf c\u00e1c t\u00e1c v\u1ee5 nhanh ch\u00f3ng b\u1eb1ng c\u00e2u l\u1ec7nh \u0111\u01a1n gi\u1ea3n<\/p>\n<h2 id=\"3\"><a id=\"kho-gi--i-tr--b--t-t--n\" class=\"toc-a-tag\"><\/a>KHO GI\u1ea2I TR\u00cd B\u1ea4T T\u1eacN<\/h2>\n<p>Gotech GT6 New ch\u00ednh l\u00e0 m\u1ed9t ph\u01b0\u01a1ng ti\u1ec7n gi\u1ea3i tr\u00ed gi\u00fap xua tan \u0111i nh\u1eefng c\u0103ng th\u1eb3ng m\u1ec7t m\u1ecfi v\u1edbi nh\u1eefng ch\u01b0\u01a1ng tr\u00ecnh gi\u1ea3i tr\u00ed t\u1eeb Youtube, Zing MP3, Radio, nghe s\u00e1ch n\u00f3i, xem c\u00e1c ch\u01b0\u01a1ng tr\u00ecnh tr\u1ef1c tuy\u1ebfn h\u1ea5p d\u1eabn,&#8230;<\/p>\n<p><img loading=\"lazy\" decoding=\"async\" class=\"alignnone size-full wp-image-266\" src=\"https:\/\/autothaiduong.vn\/wp-content\/uploads\/2025\/04\/Gotech-GT6-New-4.png\" width=\"900\" height=\"709\" srcset=\"https:\/\/autothaiduong.vn\/wp-content\/uploads\/2025\/04\/Gotech-GT6-New-4.png 900w, https:\/\/autothaiduong.vn\/wp-content\/uploads\/2025\/04\/Gotech-GT6-New-4-300x236.png 300w, https:\/\/autothaiduong.vn\/wp-content\/uploads\/2025\/04\/Gotech-GT6-New-4-768x605.png 768w, https:\/\/autothaiduong.vn\/wp-content\/uploads\/2025\/04\/Gotech-GT6-New-4-600x473.png 600w\" sizes=\"auto, (max-width: 900px) 100vw, 900px\" \/><\/p>\n<h2 id=\"4\"><a id=\"t-ch-h--p-3-b--n----d--n----ng-m--kh-ng-ph--thu--c-internet\" class=\"toc-a-tag\"><\/a>T\u00cdCH H\u1ee2P 3 B\u1ea2N \u0110\u1ed2 D\u1eaaN \u0110\u01af\u1edcNG M\u00c0 KH\u00d4NG PH\u1ee4 THU\u1ed8C INTERNET<\/h2>\n<p>M\u00e0n h\u00ecnh \u00f4 t\u00f4 Gotech GT6 New \u0111\u01b0\u1ee3c t\u00edch h\u1ee3p s\u1eb5n ph\u1ea7n m\u1ec1n b\u1ea3n \u0111\u1ed3 d\u1eabn \u0111\u01b0\u1eddng tr\u1ecdn \u0111\u1eddi t\u1eeb Vietmap S1. V\u1edbi l\u1ee3i th\u1ebf giao di\u1ec7n d\u1ec5 d\u00e0ng s\u1eed d\u1ee5ng, Vietmap S1 s\u1ebd ch\u1ec9 d\u1eabn \u0111\u01b0\u1eddng cho b\u1ea1n \u0111\u1ebfn b\u1ea5t c\u1ee9 n\u01a1i \u0111\u00e2u m\u00e0 kh\u00f4ng s\u1ee3 b\u1ecb l\u1ea1c, kh\u00f4ng ph\u1ee5 thu\u1ed9c v\u00e0o internet. B\u00ean c\u1ea1nh \u0111\u00f3 c\u1ee9 3 th\u00e1ng ph\u1ea7n m\u1ec1m Vietmap S1 s\u1ebd \u0111\u01b0\u1ee3c update th\u00f4ng tin 1 l\u1ea7n n\u00ean s\u1ebd mang l\u1ea1i \u0111\u1ed9 ch\u00ednh x\u00e1c cao. B\u1ea1n c\u0169ng c\u00f3 th\u1ec3 s\u1eed d\u1ee5ng th\u00eam hai ph\u1ea7n m\u1ec1m d\u1eabn \u0111\u01b0\u1eddng kh\u00e1c n\u1eefa \u0111\u00f3 l\u00e0 Google Maps v\u00e0 Navitel.<\/p>\n<p><img loading=\"lazy\" decoding=\"async\" class=\"alignnone size-full wp-image-266\" src=\"https:\/\/autothaiduong.vn\/wp-content\/uploads\/2025\/04\/Gotech-GT6-New-4.png\" width=\"900\" height=\"709\" srcset=\"https:\/\/autothaiduong.vn\/wp-content\/uploads\/2025\/04\/Gotech-GT6-New-4.png 900w, https:\/\/autothaiduong.vn\/wp-content\/uploads\/2025\/04\/Gotech-GT6-New-4-300x236.png 300w, https:\/\/autothaiduong.vn\/wp-content\/uploads\/2025\/04\/Gotech-GT6-New-4-768x605.png 768w, https:\/\/autothaiduong.vn\/wp-content\/uploads\/2025\/04\/Gotech-GT6-New-4-600x473.png 600w\" sizes=\"auto, (max-width: 900px) 100vw, 900px\" \/><\/p>\n<p>T\u00edch h\u1ee3p 3 ph\u1ea7n m\u1ec1m d\u1eabn \u0111\u01b0\u1eddng<\/p>\n<h2 id=\"5\"><a id=\"m-n-h-nh-gotech-gt6-new-k--t-n--i-v--i-c-c-lo--i-camera\" class=\"toc-a-tag\"><\/a>M\u00c0N H\u00ccNH GOTECH GT6 NEW K\u1ebeT N\u1ed0I V\u1edaI C\u00c1C LO\u1ea0I CAMERA<\/h2>\n<p>M\u00e0n h\u00ecnh \u00f4 t\u00f4 Gotech GT6 New c\u00f3 kh\u1ea3 n\u0103ng k\u1ebft n\u1ed1i v\u1edbi c\u00e1c lo\u1ea1i camera h\u00e0nh tr\u00ecnh, camera 360 \u0111\u1ed9, camera l\u00f9i nh\u1eb1m h\u1ed7 tr\u1ee3 c\u00e1c t\u00e0i x\u1ebf l\u00e1i xe d\u1ec5 d\u00e0ng, d\u1ec5 nh\u1eadn bi\u1ebft c\u00e1c \u0111i\u1ec3m m\u00f9, \u0111\u01b0\u1ee3c nh\u1eadn nh\u1eefng c\u1ea3nh b\u00e1o giao th\u00f4ng \u0111\u1ec3 l\u00e1i xe an to\u00e0n h\u01a1n. M\u00e0n h\u00ecnh\u00a0 Gotech GT6 New \u0111\u01b0\u1ee3c h\u1ed7 tr\u1ee3 h\u00ecnh \u1ea3nh AHD mang l\u1ea1i \u0111\u1ed9 ch\u00e2n th\u1ef1c v\u00e0 s\u1eafc n\u00e9t cao.<\/p>\n<p><img loading=\"lazy\" decoding=\"async\" class=\"alignnone size-full wp-image-268\" src=\"https:\/\/autothaiduong.vn\/wp-content\/uploads\/2025\/04\/Gotech-GT6-New-5.png\" alt=\"K\u1ebft n\u1ed1i v\u1edbi camera h\u00e0nh tr\u00ecnh tr\u00ean Gotech GT6 New\" width=\"1024\" height=\"591\" srcset=\"https:\/\/autothaiduong.vn\/wp-content\/uploads\/2025\/04\/Gotech-GT6-New-5.png 1024w, https:\/\/autothaiduong.vn\/wp-content\/uploads\/2025\/04\/Gotech-GT6-New-5-300x173.png 300w, https:\/\/autothaiduong.vn\/wp-content\/uploads\/2025\/04\/Gotech-GT6-New-5-768x443.png 768w, https:\/\/autothaiduong.vn\/wp-content\/uploads\/2025\/04\/Gotech-GT6-New-5-600x346.png 600w\" sizes=\"auto, (max-width: 1024px) 100vw, 1024px\" \/><\/p>\n<p>K\u1ebft n\u1ed1i v\u1edbi camera h\u00e0nh tr\u00ecnh tr\u00ean Gotech GT6 New<\/p>\n<h2 id=\"6\"><a id=\"m-n-h-nh-gotech-gt6-new-k--t-n--i-c--m-bi--n--p-su--t-l--p-m--i-l-c-m--i-n-i\" class=\"toc-a-tag\"><\/a>M\u00c0N H\u00ccNH GOTECH GT6 NEW K\u1ebeT N\u1ed0I C\u1ea2M BI\u1ebeN \u00c1P SU\u1ea4T L\u1ed0P M\u1eccI L\u00daC M\u1eccI N\u01a0I<\/h2>\n<p><img loading=\"lazy\" decoding=\"async\" class=\"alignnone size-full wp-image-269\" src=\"https:\/\/autothaiduong.vn\/wp-content\/uploads\/2025\/04\/Gotech-GT6-New-6.png\" width=\"1024\" height=\"591\" srcset=\"https:\/\/autothaiduong.vn\/wp-content\/uploads\/2025\/04\/Gotech-GT6-New-6.png 1024w, https:\/\/autothaiduong.vn\/wp-content\/uploads\/2025\/04\/Gotech-GT6-New-6-300x173.png 300w, https:\/\/autothaiduong.vn\/wp-content\/uploads\/2025\/04\/Gotech-GT6-New-6-768x443.png 768w, https:\/\/autothaiduong.vn\/wp-content\/uploads\/2025\/04\/Gotech-GT6-New-6-600x346.png 600w\" sizes=\"auto, (max-width: 1024px) 100vw, 1024px\" \/><\/p>\n<p>Vi\u1ec7c k\u1ebft n\u1ed1i v\u1edbi c\u1ea3m bi\u1ebfn \u00e1p su\u1ea5t l\u1ed1p s\u1ebd gi\u00fap cho ch\u1ee7 xe ki\u1ec3m so\u00e1t t\u1ed1t t\u00ecnh tr\u1ea1ng l\u1ed1p xe. H\u1ec7 th\u1ed1ng s\u1ebd \u0111\u01b0a ra c\u00e1c c\u1ea3nh b\u00e1o n\u1ebfu \u00e1p su\u1ea5t l\u1ed1p c\u00f3 t\u00ecnh tr\u1ea1ng b\u1ea5t th\u01b0\u1eddng th\u00f4ng qua loa tr\u00ean \u00f4 t\u00f4 ho\u1eb7c tr\u1ef1c ti\u1ebfp tr\u00ean m\u00e0n h\u00ecnh.<\/p>\n<h2 id=\"7\"><a id=\"k--t-n--i-bluetooth---m-tho--i-r--nh-tay\" class=\"toc-a-tag\"><\/a>K\u1ebeT N\u1ed0I BLUETOOTH \u0110\u00c0M THO\u1ea0I R\u1ea2NH TAY<\/h2>\n<p>Khi k\u1ebft n\u1ed1i v\u1edbi \u0111i\u1ec7n tho\u1ea1i th\u00f4ng qua Bluetooth, b\u1ea1n c\u00f3 th\u1ec3 s\u1eed d\u1ee5ng m\u1ed9t s\u1ed1 t\u00ednh n\u0103ng c\u1ee7a smartphone th\u00f4ng qua m\u00e0n h\u00ecnh Gotech GT6 New.<\/p>\n<h2 id=\"8\"><a id=\"ch--y--a-nhi--m--ng-d--ng-m---t-m-\" class=\"toc-a-tag\"><\/a>CH\u1ea0Y \u0110A NHI\u1ec6M \u1ee8NG D\u1ee4NG M\u01af\u1ee2T M\u00c0<\/h2>\n<p><img loading=\"lazy\" decoding=\"async\" class=\"alignnone size-full wp-image-270\" src=\"https:\/\/autothaiduong.vn\/wp-content\/uploads\/2025\/04\/Gotech-GT6-New-7.png\" width=\"1024\" height=\"591\" srcset=\"https:\/\/autothaiduong.vn\/wp-content\/uploads\/2025\/04\/Gotech-GT6-New-7.png 1024w, https:\/\/autothaiduong.vn\/wp-content\/uploads\/2025\/04\/Gotech-GT6-New-7-300x173.png 300w, https:\/\/autothaiduong.vn\/wp-content\/uploads\/2025\/04\/Gotech-GT6-New-7-768x443.png 768w, https:\/\/autothaiduong.vn\/wp-content\/uploads\/2025\/04\/Gotech-GT6-New-7-600x346.png 600w\" sizes=\"auto, (max-width: 1024px) 100vw, 1024px\" \/><\/p>\n<p>M\u00e0n h\u00ecnh \u00f4 t\u00f4 Gotech GT6 New cho ph\u00e9p b\u1ea1n m\u1edf song song 2 \u1ee9ng d\u1ee5ng c\u00f9ng l\u00fac v\u1edbi vi\u1ec7c chia \u0111\u00f4i m\u00e0n h\u00ecnh. T\u00ednh n\u0103ng n\u00e0y r\u1ea5t ti\u1ec7n \u00edch khi tr\u00ean xe c\u00f3 tr\u1ebb nh\u1ecf. M\u1ed9t b\u00ean m\u00e0n h\u00ecnh b\u1ea1n c\u00f3 th\u1ec3 m\u1edf c\u00e1c ch\u01b0\u01a1ng tr\u00ecnh gi\u1ea3i tr\u00ed, b\u00ean c\u00f2n l\u1ea1i c\u00f3 th\u1ec3 m\u1edf c\u00e1c t\u00e1c v\u1ee5 xem b\u1ea3n \u0111\u1ed3,&#8230; nh\u01b0 v\u1eady tr\u1ebb v\u1eeba ng\u1ed3i ngoan m\u00e0 ba m\u1eb9 v\u1eabn thu\u1eadn ti\u1ec7n l\u00e1i xe.<\/p>\n<h2 id=\"8\"><a id=\"nghe-nh--c-v--i-ch--t-l---ng--m-thanh-tuy--t-h--o\" class=\"toc-a-tag\"><\/a>NGHE NH\u1ea0C V\u1edaI CH\u1ea4T L\u01af\u1ee2NG \u00c2M THANH TUY\u1ec6T H\u1ea2O<\/h2>\n<p><img loading=\"lazy\" decoding=\"async\" class=\"alignnone size-full wp-image-271\" src=\"https:\/\/autothaiduong.vn\/wp-content\/uploads\/2025\/04\/Gotech-GT6-New-8.png\" alt=\"Nghe nh\u1ea1c DSP 32 k\u00eanh tr\u00ean m\u00e0n h\u00ecnh GT6 New\" width=\"1024\" height=\"591\" srcset=\"https:\/\/autothaiduong.vn\/wp-content\/uploads\/2025\/04\/Gotech-GT6-New-8.png 1024w, https:\/\/autothaiduong.vn\/wp-content\/uploads\/2025\/04\/Gotech-GT6-New-8-300x173.png 300w, https:\/\/autothaiduong.vn\/wp-content\/uploads\/2025\/04\/Gotech-GT6-New-8-768x443.png 768w, https:\/\/autothaiduong.vn\/wp-content\/uploads\/2025\/04\/Gotech-GT6-New-8-600x346.png 600w\" sizes=\"auto, (max-width: 1024px) 100vw, 1024px\" \/><\/p>\n<p>Nghe nh\u1ea1c DSP 32 k\u00eanh tr\u00ean m\u00e0n h\u00ecnh GT6 New<\/p>\n<p>M\u00e0n h\u00ecnh \u00f4 t\u00f4 Gotech GT6 New \u0111\u01b0\u1ee3c trang b\u1ecb b\u1ed9 x\u1eed l\u00fd \u00e2m thanh s\u1ed1 DSP 32 k\u00eanh gi\u00fap c\u00e2n b\u1eb1ng \u00e2m l\u01b0\u1ee3ng c\u1ee7a loa nguy\u00ean b\u1ea3n nh\u1edd \u0111\u00f3 \u00e2m thanh ph\u00e1t ra trong h\u01a1n, kh\u00f4ng l\u1eabn t\u1ea1p \u00e2m. B\u1ea1n c\u0169ng c\u00f3 th\u1ec3 t\u00f9y ch\u1ec9nh Equalizer theo \u00fd th\u00edch \u0111\u1ec3 c\u00f3 nh\u1eefng tr\u1ea3i nghi\u1ec7m tuy\u1ec7t v\u1eddi nh\u1ea5t.<\/p>\n<h2 id=\"10\"><a id=\"t-ch-h--p-ph--n-m--m-b--o-h-nh--i--n-t--\" class=\"toc-a-tag\"><\/a>T\u00cdCH H\u1ee2P PH\u1ea6N M\u1ec0M B\u1ea2O H\u00c0NH \u0110I\u1ec6N T\u1eec<\/h2>\n<p><img loading=\"lazy\" decoding=\"async\" class=\"alignnone size-full wp-image-272\" src=\"https:\/\/autothaiduong.vn\/wp-content\/uploads\/2025\/04\/Gotech-GT6-New-10.png\" width=\"1024\" height=\"591\" srcset=\"https:\/\/autothaiduong.vn\/wp-content\/uploads\/2025\/04\/Gotech-GT6-New-10.png 1024w, https:\/\/autothaiduong.vn\/wp-content\/uploads\/2025\/04\/Gotech-GT6-New-10-300x173.png 300w, https:\/\/autothaiduong.vn\/wp-content\/uploads\/2025\/04\/Gotech-GT6-New-10-768x443.png 768w, https:\/\/autothaiduong.vn\/wp-content\/uploads\/2025\/04\/Gotech-GT6-New-10-600x346.png 600w\" sizes=\"auto, (max-width: 1024px) 100vw, 1024px\" \/><\/p>\n<p>M\u00e0n h\u00ecnh Gotech GT6 New \u0111\u01b0\u1ee3c t\u00edch h\u1ee3p s\u1eb5n\u00a0 ph\u1ea7n m\u1ec1m b\u1ea3o h\u00e0nh \u0111i\u1ec7n t\u1eed cho ng\u01b0\u1eddi d\u00f9ng thu\u1eadn ti\u1ec7n tra c\u1ee9u, t\u00ecm hi\u1ec3u h\u01a1n.<\/p>\n<h2 id=\"11\"><a id=\"h---ng-d--n-s--d--ng-m-n-h-nh--t--gotech-gt6-new\" class=\"toc-a-tag\"><\/a>H\u01af\u1edaNG D\u1eaaN S\u1eec D\u1ee4NG M\u00c0N H\u00ccNH \u00d4 T\u00d4 GOTECH GT6 NEW<\/h2>\n<ul>\n<li aria-level=\"1\">Ng\u01b0\u1eddi l\u00e1i c\u00f3 th\u1ec3 xem l\u1ea1i l\u1ecbch tr\u00ecnh di chuy\u1ec3n c\u1ee7a xe trong v\u00f2ng 365 ng\u00e0y<\/li>\n<li aria-level=\"1\">Mu\u1ed1n v\u00e0o b\u1ea3n \u0111\u1ed3 Navitel \u0111\u1ecdc kh\u1ea9u l\u1ec7nh: \u201c\u0110i t\u1edbi\/ Ch\u1ec9 t\u1edbi\/ D\u1eabn t\u1edbi+ \u0111\u1ecba ch\u1ec9 + b\u1eb1ng Navitel\u201d<\/li>\n<li aria-level=\"1\">Mu\u1ed1n v\u00e0o b\u1ea3n \u0111\u1ed3 Googlemap \u0111\u1ecdc kh\u1ea9u l\u1ec7nh: \u201c\u0110i t\u1edbi \/ Ch\u1ec9 t\u1edbi\/ D\u1eabn t\u1edbi + \u0111\u1ecba ch\u1ec9 + b\u1eb1ng Googlemap\u201d<\/li>\n<li aria-level=\"1\">Mu\u1ed1n v\u00e0o b\u1ea3n \u0111\u1ed3 Vietmap \u0111\u1ecdc kh\u1ea9u l\u1ec7nh: \u201c\u0110i t\u1edbi\/ Ch\u1ec9 t\u1edbi\/ D\u1eabn t\u1edbi + \u0111\u1ecba ch\u1ec9 + b\u1eb1ng Vietmap\u201d<\/li>\n<li aria-level=\"1\">Mu\u1ed1n ki\u1ec3m tra ph\u1ea1t ngu\u1ed9i theo c\u00e2u l\u1ec7nh: \u201c Ph\u1ea1t ngu\u1ed9i + bi\u1ec3n s\u1ed1 xe\u201d<\/li>\n<li aria-level=\"1\">Mu\u1ed1n v\u00e0o Youtube \u0111\u1ecdc kh\u1ea9u l\u1ec7nh: \u201cM\u1edf video + t\u00ean b\u00e0i h\u00e1t\u201d<\/li>\n<li aria-level=\"1\">Mu\u1ed1n m\u1edf TV go \u0111\u1ecdc kh\u1ea9u l\u1ec7nh: \u201cXem + t\u00ean k\u00eanh\u201d<\/li>\n<li aria-level=\"1\">Mu\u1ed1n xem d\u1ef1 b\u00e1o th\u1eddi ti\u1ebft \u0111\u1ecdc kh\u1ea9u l\u1ec7nh: \u201cTh\u1eddi ti\u1ebft + t\u00ean th\u00e0nh ph\u1ed1\u201d<\/li>\n<li aria-level=\"1\">Mu\u1ed1n ki\u1ec3m tra \u00e1p su\u1ea5t l\u1ed1p t\u00edch h\u1ee3p m\u00e0n h\u00ecnh \u0111\u1ecdc kh\u1ea9u l\u1ec7nh: \u201cm\u1edf \u00c1p Su\u1ea5t L\u1ed1p\u201d<\/li>\n<li aria-level=\"1\">M\u1edf Camera h\u00e0nh tr\u00ecnh: \u201c M\u1edf camera tr\u01b0\u1edbc\u201d ho\u1eb7c \u201c M\u1edf camera h\u00e0nh tr\u00ecnh\u201d<\/li>\n<li aria-level=\"1\">K\u1ebft n\u1ed1i bluetooth tr\u1ef1c ti\u1ebfp v\u1edbi \u0111i\u1ec7n tho\u1ea1i v\u1edbi c\u00e1c c\u00e2u l\u1ec7nh<\/li>\n<li aria-level=\"1\">L\u1ec7nh g\u1ecdi \u0111\u1ec3 v\u00e0o Radio: \u201cNghe Radio\u201d<\/li>\n<\/ul>\n","protected":false},"excerpt":{"rendered":"<table>\n<tbody>\n<tr>\n<td class=\"lileft\">\u0110\u1ed9 ph\u00e2n gi\u1ea3i m\u00e0n h\u00ecnh:<\/td>\n<td class=\"liright\">HD (1280&#215;720)<\/td>\n<\/tr>\n<tr>\n<td class=\"lileft\">K\u00edch th\u01b0\u1edbc m\u00e0n h\u00ecnh:<\/td>\n<td class=\"liright\">10 inch<\/td>\n<\/tr>\n<tr>\n<td class=\"lileft\">RAM:<\/td>\n<td class=\"liright\">2GB<\/td>\n<\/tr>\n<tr>\n<td class=\"lileft\">B\u1ed9 nh\u1edb trong:<\/td>\n<td class=\"liright\">32GB<\/td>\n<\/tr>\n<tr>\n<td class=\"lileft\">Apple Carplay:<\/td>\n<td class=\"liright\">Kh\u00f4ng<\/td>\n<\/tr>\n<\/tbody>\n<\/table>\n","protected":false},"featured_media":2047,"comment_status":"open","ping_status":"closed","template":"","meta":[],"product_brand":[71],"product_cat":[17,70,62],"product_tag":[],"class_list":{"0":"post-261","1":"product","2":"type-product","3":"status-publish","4":"has-post-thumbnail","6":"product_brand-gotech","7":"product_cat-dvd-android-box","8":"product_cat-man-hinh-android","9":"product_cat-man-hinh-dvd-android-o-to","11":"first","12":"instock","13":"shipping-taxable","14":"purchasable","15":"product-type-simple"},"_links":{"self":[{"href":"https:\/\/autothaiduong.vn\/index.php?rest_route=\/wp\/v2\/product\/261","targetHints":{"allow":["GET"]}}],"collection":[{"href":"https:\/\/autothaiduong.vn\/index.php?rest_route=\/wp\/v2\/product"}],"about":[{"href":"https:\/\/autothaiduong.vn\/index.php?rest_route=\/wp\/v2\/types\/product"}],"replies":[{"embeddable":true,"href":"https:\/\/autothaiduong.vn\/index.php?rest_route=%2Fwp%2Fv2%2Fcomments&post=261"}],"wp:featuredmedia":[{"embeddable":true,"href":"https:\/\/autothaiduong.vn\/index.php?rest_route=\/wp\/v2\/media\/2047"}],"wp:attachment":[{"href":"https:\/\/autothaiduong.vn\/index.php?rest_route=%2Fwp%2Fv2%2Fmedia&parent=261"}],"wp:term":[{"taxonomy":"product_brand","embeddable":true,"href":"https:\/\/autothaiduong.vn\/index.php?rest_route=%2Fwp%2Fv2%2Fproduct_brand&post=261"},{"taxonomy":"product_cat","embeddable":true,"href":"https:\/\/autothaiduong.vn\/index.php?rest_route=%2Fwp%2Fv2%2Fproduct_cat&post=261"},{"taxonomy":"product_tag","embeddable":true,"href":"https:\/\/autothaiduong.vn\/index.php?rest_route=%2Fwp%2Fv2%2Fproduct_tag&post=261"}],"curies":[{"name":"wp","href":"https:\/\/api.w.org\/{rel}","templated":true}]}}