{"id":2631,"date":"2025-05-18T17:11:19","date_gmt":"2025-05-18T17:11:19","guid":{"rendered":"https:\/\/autothaiduong.vn\/?post_type=product&#038;p=2631"},"modified":"2025-05-18T17:11:19","modified_gmt":"2025-05-18T17:11:19","slug":"wiltrak-2025-dan-goi-ppf-g-series-ax-film","status":"publish","type":"product","link":"https:\/\/autothaiduong.vn\/?product=wiltrak-2025-dan-goi-ppf-g-series-ax-film","title":{"rendered":"Wiltrak 2025 d\u00e1n G\u00f3i PPF G Series Ax Film"},"content":{"rendered":"<p><img loading=\"lazy\" decoding=\"async\" class=\"size-medium wp-image-2632 aligncenter\" src=\"https:\/\/autothaiduong.vn\/wp-content\/uploads\/2025\/05\/1f601d25-09d9-4e3c-9165-e826d0828b41-407x600.jpg\" alt=\"\" width=\"407\" height=\"600\" srcset=\"https:\/\/autothaiduong.vn\/wp-content\/uploads\/2025\/05\/1f601d25-09d9-4e3c-9165-e826d0828b41-407x600.jpg 407w, https:\/\/autothaiduong.vn\/wp-content\/uploads\/2025\/05\/1f601d25-09d9-4e3c-9165-e826d0828b41-694x1024.jpg 694w, https:\/\/autothaiduong.vn\/wp-content\/uploads\/2025\/05\/1f601d25-09d9-4e3c-9165-e826d0828b41-768x1133.jpg 768w, https:\/\/autothaiduong.vn\/wp-content\/uploads\/2025\/05\/1f601d25-09d9-4e3c-9165-e826d0828b41-1041x1536.jpg 1041w, https:\/\/autothaiduong.vn\/wp-content\/uploads\/2025\/05\/1f601d25-09d9-4e3c-9165-e826d0828b41-600x885.jpg 600w, https:\/\/autothaiduong.vn\/wp-content\/uploads\/2025\/05\/1f601d25-09d9-4e3c-9165-e826d0828b41.jpg 1388w\" sizes=\"auto, (max-width: 407px) 100vw, 407px\" \/><\/p>\n<div class=\"row mt30 mb30\">\n<div class=\"col-md-12\">\n<div class=\"article-description\">\n<div class=\"home-section-head\">\n<h2 class=\"section-title\">TH\u00d4NG TIN B\u1ea2O H\u00c0NH<\/h2>\n<\/div>\n<\/div>\n<\/div>\n<\/div>\n<p>\u0110\u1ea0I L\u00dd THI C\u00d4NG:\u00a0TH\u00c1I D\u01af\u01a0NG AUTO<\/p>\n<p>\u0110\u1ecaA CH\u1ec8 L\u1eaeP \u0110\u1eb6T:\u00a0275 Tr\u1ea7n Ph\u00fa, Ph\u01b0\u1eddng L\u1ed9c S\u01a1n, Th\u00e0nh Ph\u1ed1 B\u1ea3o L\u1ed9c, T\u1ec9nh L\u00e2m \u0110\u1ed3ng<\/p>\n<p>LI\u00caN H\u1ec6 T\u01af V\u1ea4N \u2013 L\u1eaeP \u0110\u1eb6T:\u00a0TH\u00c1I D\u01af\u01a0NG AUTO \u2013 0962845678<\/p>\n<hr \/>\n<div>\n<p>TH\u00d4NG TIN KH\u00c1CH H\u00c0NG:<\/p>\n<ul class=\"list-inline\">\n<li>KH\u00c1CH H\u00c0NG: ***** Ha Vu<\/li>\n<li>\u0110I\u1ec6N THO\u1ea0I: *****3105<\/li>\n<li>BI\u1ec2N S\u1ed0 XE: *****227<\/li>\n<\/ul>\n<\/div>\n<div>\n<p>S\u1ea2N PH\u1ea8M L\u1eaeP \u0110\u1eb6T:<\/p>\n<p>PPF G Series<\/p>\n<p><img loading=\"lazy\" decoding=\"async\" class=\"wp-image-2633 alignleft\" src=\"https:\/\/autothaiduong.vn\/wp-content\/uploads\/2025\/05\/ppf-g-series-768x768-1-600x600.jpg\" alt=\"\" width=\"342\" height=\"342\" srcset=\"https:\/\/autothaiduong.vn\/wp-content\/uploads\/2025\/05\/ppf-g-series-768x768-1-600x600.jpg 600w, https:\/\/autothaiduong.vn\/wp-content\/uploads\/2025\/05\/ppf-g-series-768x768-1-300x300.jpg 300w, https:\/\/autothaiduong.vn\/wp-content\/uploads\/2025\/05\/ppf-g-series-768x768-1-100x100.jpg 100w, https:\/\/autothaiduong.vn\/wp-content\/uploads\/2025\/05\/ppf-g-series-768x768-1.jpg 768w\" sizes=\"auto, (max-width: 342px) 100vw, 342px\" \/><\/p>\n<\/div>\n","protected":false},"excerpt":{"rendered":"<p>TH\u00d4NG TIN B\u1ea2O H\u00c0NH \u0110\u1ea0I L\u00dd THI C\u00d4NG:\u00a0TH\u00c1I D\u01af\u01a0NG AUTO \u0110\u1ecaA CH\u1ec8 L\u1eaeP \u0110\u1eb6T:\u00a0275 Tr\u1ea7n Ph\u00fa, Ph\u01b0\u1eddng L\u1ed9c S\u01a1n, Th\u00e0nh Ph\u1ed1 B\u1ea3o L\u1ed9c, T\u1ec9nh L\u00e2m \u0110\u1ed3ng LI\u00caN H\u1ec6 T\u01af V\u1ea4N \u2013 L\u1eaeP \u0110\u1eb6T:\u00a0TH\u00c1I D\u01af\u01a0NG AUTO \u2013 0962845678 TH\u00d4NG TIN KH\u00c1CH H\u00c0NG: KH\u00c1CH H\u00c0NG: ***** Ha Vu \u0110I\u1ec6N THO\u1ea0I: *****3105 BI\u1ec2N S\u1ed0 XE: *****227 S\u1ea2N PH\u1ea8M [&#8230;]\n","protected":false},"featured_media":2632,"comment_status":"open","ping_status":"closed","template":"","meta":[],"product_brand":[],"product_cat":[157],"product_tag":[],"class_list":{"0":"post-2631","1":"product","2":"type-product","3":"status-publish","4":"has-post-thumbnail","6":"product_cat-bao-hanh-ppf","8":"first","9":"instock","10":"shipping-taxable","11":"product-type-simple"},"_links":{"self":[{"href":"https:\/\/autothaiduong.vn\/index.php?rest_route=\/wp\/v2\/product\/2631","targetHints":{"allow":["GET"]}}],"collection":[{"href":"https:\/\/autothaiduong.vn\/index.php?rest_route=\/wp\/v2\/product"}],"about":[{"href":"https:\/\/autothaiduong.vn\/index.php?rest_route=\/wp\/v2\/types\/product"}],"replies":[{"embeddable":true,"href":"https:\/\/autothaiduong.vn\/index.php?rest_route=%2Fwp%2Fv2%2Fcomments&post=2631"}],"wp:featuredmedia":[{"embeddable":true,"href":"https:\/\/autothaiduong.vn\/index.php?rest_route=\/wp\/v2\/media\/2632"}],"wp:attachment":[{"href":"https:\/\/autothaiduong.vn\/index.php?rest_route=%2Fwp%2Fv2%2Fmedia&parent=2631"}],"wp:term":[{"taxonomy":"product_brand","embeddable":true,"href":"https:\/\/autothaiduong.vn\/index.php?rest_route=%2Fwp%2Fv2%2Fproduct_brand&post=2631"},{"taxonomy":"product_cat","embeddable":true,"href":"https:\/\/autothaiduong.vn\/index.php?rest_route=%2Fwp%2Fv2%2Fproduct_cat&post=2631"},{"taxonomy":"product_tag","embeddable":true,"href":"https:\/\/autothaiduong.vn\/index.php?rest_route=%2Fwp%2Fv2%2Fproduct_tag&post=2631"}],"curies":[{"name":"wp","href":"https:\/\/api.w.org\/{rel}","templated":true}]}}