{"id":2634,"date":"2025-05-18T17:17:56","date_gmt":"2025-05-18T17:17:56","guid":{"rendered":"https:\/\/autothaiduong.vn\/?post_type=product&#038;p=2634"},"modified":"2025-05-18T17:18:03","modified_gmt":"2025-05-18T17:18:03","slug":"everest-2024-dan-goi-ppf-k-series-ax-film","status":"publish","type":"product","link":"https:\/\/autothaiduong.vn\/?product=everest-2024-dan-goi-ppf-k-series-ax-film","title":{"rendered":"Everest 2024 D\u00e1n G\u00f3i PPF K Series Ax Film"},"content":{"rendered":"<p><img loading=\"lazy\" decoding=\"async\" class=\"size-medium wp-image-2635 aligncenter\" src=\"https:\/\/autothaiduong.vn\/wp-content\/uploads\/2025\/05\/493760400_1156928339778431_1577116852315691648_n-600x451.jpg\" alt=\"\" width=\"600\" height=\"451\" srcset=\"https:\/\/autothaiduong.vn\/wp-content\/uploads\/2025\/05\/493760400_1156928339778431_1577116852315691648_n-600x451.jpg 600w, https:\/\/autothaiduong.vn\/wp-content\/uploads\/2025\/05\/493760400_1156928339778431_1577116852315691648_n-1024x769.jpg 1024w, https:\/\/autothaiduong.vn\/wp-content\/uploads\/2025\/05\/493760400_1156928339778431_1577116852315691648_n-768x577.jpg 768w, https:\/\/autothaiduong.vn\/wp-content\/uploads\/2025\/05\/493760400_1156928339778431_1577116852315691648_n.jpg 1170w\" sizes=\"auto, (max-width: 600px) 100vw, 600px\" \/><\/p>\n<div class=\"row mt30 mb30\">\n<div class=\"col-md-12\">\n<div class=\"article-description\">\n<div class=\"home-section-head\">\n<h2 class=\"section-title\">TH\u00d4NG TIN B\u1ea2O H\u00c0NH<\/h2>\n<\/div>\n<\/div>\n<\/div>\n<\/div>\n<p>\u0110\u1ea0I L\u00dd THI C\u00d4NG:\u00a0TH\u00c1I D\u01af\u01a0NG AUTO<\/p>\n<p>\u0110\u1ecaA CH\u1ec8 L\u1eaeP \u0110\u1eb6T:\u00a0275 Tr\u1ea7n Ph\u00fa, Ph\u01b0\u1eddng L\u1ed9c S\u01a1n, Th\u00e0nh Ph\u1ed1 B\u1ea3o L\u1ed9c, T\u1ec9nh L\u00e2m \u0110\u1ed3ng<\/p>\n<p>LI\u00caN H\u1ec6 T\u01af V\u1ea4N \u2013 L\u1eaeP \u0110\u1eb6T:\u00a0TH\u00c1I D\u01af\u01a0NG AUTO \u2013 0962845678<\/p>\n<hr \/>\n<div>\n<p>TH\u00d4NG TIN KH\u00c1CH H\u00c0NG:<\/p>\n<ul class=\"list-inline\">\n<li>KH\u00c1CH H\u00c0NG: ***** Ha Vu<\/li>\n<li>\u0110I\u1ec6N THO\u1ea0I: *****3105<\/li>\n<li>BI\u1ec2N S\u1ed0 XE: *****210<\/li>\n<\/ul>\n<\/div>\n<div>\n<p>S\u1ea2N PH\u1ea8M L\u1eaeP \u0110\u1eb6T:<\/p>\n<ul class=\"list-group-item list_war_product\">\n<li class=\"item\">\n<div class=\"list_product_warranty\">\n<div class=\"img_item\"><img loading=\"lazy\" decoding=\"async\" class=\"alignnone size-full wp-image-2627\" src=\"https:\/\/autothaiduong.vn\/wp-content\/uploads\/2025\/05\/31-05-2024-1717126845-6547d7b3-4a84-459c-bbef-f35f9a78e7b3.jpg\" sizes=\"auto, (max-width: 320px) 100vw, 320px\" srcset=\"https:\/\/autothaiduong.vn\/wp-content\/uploads\/2025\/05\/31-05-2024-1717126845-6547d7b3-4a84-459c-bbef-f35f9a78e7b3.jpg 320w, https:\/\/autothaiduong.vn\/wp-content\/uploads\/2025\/05\/31-05-2024-1717126845-6547d7b3-4a84-459c-bbef-f35f9a78e7b3-300x300.jpg 300w, https:\/\/autothaiduong.vn\/wp-content\/uploads\/2025\/05\/31-05-2024-1717126845-6547d7b3-4a84-459c-bbef-f35f9a78e7b3-100x100.jpg 100w\" alt=\"AX PPF K SERIES\" width=\"320\" height=\"320\" \/><\/div>\n<div class=\"info_item\">\n<p><i class=\"fa fa-check\"><\/i>\u00a0AX PPF K SERIES<\/p>\n<p><i class=\"fa fa-check\"><\/i>\u00a0B\u1ea3o h\u00e0nh: 20\/12\/2030<\/p>\n<p><i class=\"fa fa-check\"><\/i>\u00a0Serial: BN24111367M9214S8114<\/p>\n<\/div>\n<div class=\"list_maintenance\">\n<p><b><i class=\"fa fa-check\"><\/i>\u00a0B\u1ea3o d\u01b0\u1ee1ng \u0111\u1ecbnh k\u1ef3<\/b><\/p>\n<div class=\"list_year_maintenance\">\n<div class=\"item_year_maintenance\">\n<p><a class=\"collapsed\" role=\"button\" href=\"https:\/\/baohanh.axfilmvn.com\/bao-hanh-365group\/ppf-k-series-604.html#collapse_2025\" data-toggle=\"collapse\" aria-expanded=\"false\" aria-controls=\"collapse_2025\"><b>N\u0103m 2025\u00a0<i class=\"fa fa-angle-down\"><\/i><\/b><\/a><\/p>\n<div id=\"collapse_2025\" class=\"collapse in\">\n<div class=\" group_check\"><input class=\"check-big\" disabled=\"disabled\" type=\"checkbox\" \/>\u00a0<label>Th\u00e1ng 05\/2025<\/label><\/div>\n<div class=\" group_check\"><input class=\"check-big\" disabled=\"disabled\" type=\"checkbox\" \/>\u00a0<label>Th\u00e1ng 08\/2025<\/label><\/div>\n<div class=\" group_check\"><input class=\"check-big\" disabled=\"disabled\" type=\"checkbox\" \/>\u00a0<label>Th\u00e1ng 11\/2025<\/label><\/div>\n<\/div>\n<\/div>\n<div class=\"item_year_maintenance\"><a class=\"\" role=\"button\" href=\"https:\/\/baohanh.axfilmvn.com\/bao-hanh-365group\/ppf-k-series-604.html#collapse_2026\" data-toggle=\"collapse\" aria-expanded=\"false\" aria-controls=\"collapse_2026\"><b>N\u0103m 2026\u00a0<\/b><\/a><\/div>\n<\/div>\n<\/div>\n<\/div>\n<\/li>\n<\/ul>\n<\/div>\n","protected":false},"excerpt":{"rendered":"<p>TH\u00d4NG TIN B\u1ea2O H\u00c0NH \u0110\u1ea0I L\u00dd THI C\u00d4NG:\u00a0TH\u00c1I D\u01af\u01a0NG AUTO \u0110\u1ecaA CH\u1ec8 L\u1eaeP \u0110\u1eb6T:\u00a0275 Tr\u1ea7n Ph\u00fa, Ph\u01b0\u1eddng L\u1ed9c S\u01a1n, Th\u00e0nh Ph\u1ed1 B\u1ea3o L\u1ed9c, T\u1ec9nh L\u00e2m \u0110\u1ed3ng LI\u00caN H\u1ec6 T\u01af V\u1ea4N \u2013 L\u1eaeP \u0110\u1eb6T:\u00a0TH\u00c1I D\u01af\u01a0NG AUTO \u2013 0962845678 TH\u00d4NG TIN KH\u00c1CH H\u00c0NG: KH\u00c1CH H\u00c0NG: ***** Ha Vu \u0110I\u1ec6N THO\u1ea0I: *****3105 BI\u1ec2N S\u1ed0 XE: *****210 S\u1ea2N PH\u1ea8M [&#8230;]\n","protected":false},"featured_media":2635,"comment_status":"open","ping_status":"closed","template":"","meta":[],"product_brand":[],"product_cat":[15,157],"product_tag":[],"class_list":{"0":"post-2634","1":"product","2":"type-product","3":"status-publish","4":"has-post-thumbnail","6":"product_cat-uncategorized","7":"product_cat-bao-hanh-ppf","9":"first","10":"instock","11":"shipping-taxable","12":"product-type-simple"},"_links":{"self":[{"href":"https:\/\/autothaiduong.vn\/index.php?rest_route=\/wp\/v2\/product\/2634","targetHints":{"allow":["GET"]}}],"collection":[{"href":"https:\/\/autothaiduong.vn\/index.php?rest_route=\/wp\/v2\/product"}],"about":[{"href":"https:\/\/autothaiduong.vn\/index.php?rest_route=\/wp\/v2\/types\/product"}],"replies":[{"embeddable":true,"href":"https:\/\/autothaiduong.vn\/index.php?rest_route=%2Fwp%2Fv2%2Fcomments&post=2634"}],"wp:featuredmedia":[{"embeddable":true,"href":"https:\/\/autothaiduong.vn\/index.php?rest_route=\/wp\/v2\/media\/2635"}],"wp:attachment":[{"href":"https:\/\/autothaiduong.vn\/index.php?rest_route=%2Fwp%2Fv2%2Fmedia&parent=2634"}],"wp:term":[{"taxonomy":"product_brand","embeddable":true,"href":"https:\/\/autothaiduong.vn\/index.php?rest_route=%2Fwp%2Fv2%2Fproduct_brand&post=2634"},{"taxonomy":"product_cat","embeddable":true,"href":"https:\/\/autothaiduong.vn\/index.php?rest_route=%2Fwp%2Fv2%2Fproduct_cat&post=2634"},{"taxonomy":"product_tag","embeddable":true,"href":"https:\/\/autothaiduong.vn\/index.php?rest_route=%2Fwp%2Fv2%2Fproduct_tag&post=2634"}],"curies":[{"name":"wp","href":"https:\/\/api.w.org\/{rel}","templated":true}]}}