{"id":2644,"date":"2025-05-20T10:26:19","date_gmt":"2025-05-20T10:26:19","guid":{"rendered":"https:\/\/autothaiduong.vn\/?post_type=product&#038;p=2644"},"modified":"2025-05-20T10:27:50","modified_gmt":"2025-05-20T10:27:50","slug":"cx8-nang-cap-am-thanh-cach-am","status":"publish","type":"product","link":"https:\/\/autothaiduong.vn\/?product=cx8-nang-cap-am-thanh-cach-am","title":{"rendered":"Cx8 N\u00e2ng c\u1ea5p \u00e2m thanh % C\u00e1ch \u00c2m"},"content":{"rendered":"<p><img loading=\"lazy\" decoding=\"async\" class=\"size-medium wp-image-2645 aligncenter\" src=\"https:\/\/autothaiduong.vn\/wp-content\/uploads\/2025\/05\/z6618489325867_6fe4fa53f258f434a2165d76d3f782d8-337x600.jpg\" alt=\"\" width=\"337\" height=\"600\" srcset=\"https:\/\/autothaiduong.vn\/wp-content\/uploads\/2025\/05\/z6618489325867_6fe4fa53f258f434a2165d76d3f782d8-337x600.jpg 337w, https:\/\/autothaiduong.vn\/wp-content\/uploads\/2025\/05\/z6618489325867_6fe4fa53f258f434a2165d76d3f782d8-575x1024.jpg 575w, https:\/\/autothaiduong.vn\/wp-content\/uploads\/2025\/05\/z6618489325867_6fe4fa53f258f434a2165d76d3f782d8-768x1367.jpg 768w, https:\/\/autothaiduong.vn\/wp-content\/uploads\/2025\/05\/z6618489325867_6fe4fa53f258f434a2165d76d3f782d8-863x1536.jpg 863w, https:\/\/autothaiduong.vn\/wp-content\/uploads\/2025\/05\/z6618489325867_6fe4fa53f258f434a2165d76d3f782d8-1151x2048.jpg 1151w, https:\/\/autothaiduong.vn\/wp-content\/uploads\/2025\/05\/z6618489325867_6fe4fa53f258f434a2165d76d3f782d8-600x1068.jpg 600w, https:\/\/autothaiduong.vn\/wp-content\/uploads\/2025\/05\/z6618489325867_6fe4fa53f258f434a2165d76d3f782d8-scaled.jpg 1439w\" sizes=\"auto, (max-width: 337px) 100vw, 337px\" \/><\/p>\n<p><em><strong><img loading=\"lazy\" decoding=\"async\" class=\" wp-image-2492 aligncenter\" src=\"https:\/\/autothaiduong.vn\/wp-content\/uploads\/2025\/05\/z6584734442481_f208f5944548cb4b46353402ce2e64e0-4.jpg\" alt=\"\" width=\"253\" height=\"224\" \/><\/strong><\/em><\/p>\n<p><span style=\"color: #ff0000;\"><em><strong>\u230a\u0110\u1ecba \u0110i\u1ec3m L\u1eafp \u0110\u1eb7t: Auto Th\u00e1i D\u01b0\u01a1ng \u230b<\/strong><\/em><\/span><\/p>\n<p><em><strong>273-275 Tr\u1ea7n Ph\u00fa Ph\u01b0\u1eddng L\u1ed9c S\u01a1n Th\u00e0nh Ph\u1ed1 B\u1ea3o L\u1ed9c T\u1ec9nh L\u00e2m \u0110\u1ed3ng\u00a0<\/strong><\/em><\/p>\n<p><em><strong>Li\u00ean h\u1ec7 t\u01b0 v\u1ea5n v\u00e0 l\u1eafp \u0111\u1eb7t: 0912197441 &#8211; Auto Th\u00e1i D\u01b0\u01a1ng\u00a0<\/strong><\/em><\/p>\n<ul>\n<li>Kh\u00e1ch H\u00e0ng: **** *** Phong<\/li>\n<li>S\u0110T: 0*6******216<\/li>\n<li>Bi\u1ec3n S\u1ed1 Xe: 49a-*****7<\/li>\n<li>B\u1ea3o H\u00e0nh T\u1eeb ng\u00e0y: 15\/05\/2025 T\u1edbi H\u1ebft Ng\u00e0y 15\/05\/2027<\/li>\n<\/ul>\n<h3><span style=\"color: #ff0000;\"><strong>S\u1ea3n Ph\u1ea9m L\u1eafp \u0110\u1eb7t:<\/strong><\/span><\/h3>\n<p>Loa 2way tr\u01b0\u1edbc Focal : 165 AS\u00a0 ( Bao g\u1ed3m : 2 trep v\u00e0 2 Midbass)<\/p>\n<p>Loa 2way sau Focal : 165 AS ( Bao g\u1ed3m : 2 trep v\u00e0 2 midbass)<\/p>\n<p>C\u1eb7p loa Midtrep Steg ( B\u1ea3o h\u00e0nh t\u1eeb 5\/5\/2025 t\u1edbi 5\/5\/2027)<\/p>\n<p>Dsp t\u00edch h\u1ee3p ampli Rockpower 10.8<\/p>\n<p>D\u00e2y v\u00e0 c\u1ea7u ch\u00ec ch\u00ednh h\u00e3ng Magic Source, Mapple Tech &amp; Connection<\/p>\n<p>Loa Sub Radical \u0111\u1ec3 \u1edf l\u1ed1p s\u01a1 cua RA-11T ( B\u1ea3o h\u00e0nh t\u1eeb ng\u00e0y 21\/05\/2025 t\u1edbi ng\u00e0y 21\/05\/2027)<\/p>\n<p>&nbsp;<\/p>\n<p>&nbsp;<\/p>\n","protected":false},"excerpt":{"rendered":"<p>\u230a\u0110\u1ecba \u0110i\u1ec3m L\u1eafp \u0110\u1eb7t: Auto Th\u00e1i D\u01b0\u01a1ng \u230b 273-275 Tr\u1ea7n Ph\u00fa Ph\u01b0\u1eddng L\u1ed9c S\u01a1n Th\u00e0nh Ph\u1ed1 B\u1ea3o L\u1ed9c T\u1ec9nh L\u00e2m \u0110\u1ed3ng\u00a0 Li\u00ean h\u1ec7 t\u01b0 v\u1ea5n v\u00e0 l\u1eafp \u0111\u1eb7t: 0912197441 &#8211; Auto Th\u00e1i D\u01b0\u01a1ng\u00a0 Kh\u00e1ch H\u00e0ng: **** *** Phong S\u0110T: 0*6******216 Bi\u1ec3n S\u1ed1 Xe: 49a-*****7 B\u1ea3o H\u00e0nh T\u1eeb ng\u00e0y: 15\/05\/2025 T\u1edbi H\u1ebft Ng\u00e0y 15\/05\/2027 S\u1ea3n Ph\u1ea9m [&#8230;]\n","protected":false},"featured_media":2645,"comment_status":"open","ping_status":"closed","template":"","meta":[],"product_brand":[],"product_cat":[159],"product_tag":[],"class_list":{"0":"post-2644","1":"product","2":"type-product","3":"status-publish","4":"has-post-thumbnail","6":"product_cat-bao-hanh-am-thanh-xe-hoi","8":"first","9":"instock","10":"shipping-taxable","11":"product-type-simple"},"_links":{"self":[{"href":"https:\/\/autothaiduong.vn\/index.php?rest_route=\/wp\/v2\/product\/2644","targetHints":{"allow":["GET"]}}],"collection":[{"href":"https:\/\/autothaiduong.vn\/index.php?rest_route=\/wp\/v2\/product"}],"about":[{"href":"https:\/\/autothaiduong.vn\/index.php?rest_route=\/wp\/v2\/types\/product"}],"replies":[{"embeddable":true,"href":"https:\/\/autothaiduong.vn\/index.php?rest_route=%2Fwp%2Fv2%2Fcomments&post=2644"}],"wp:featuredmedia":[{"embeddable":true,"href":"https:\/\/autothaiduong.vn\/index.php?rest_route=\/wp\/v2\/media\/2645"}],"wp:attachment":[{"href":"https:\/\/autothaiduong.vn\/index.php?rest_route=%2Fwp%2Fv2%2Fmedia&parent=2644"}],"wp:term":[{"taxonomy":"product_brand","embeddable":true,"href":"https:\/\/autothaiduong.vn\/index.php?rest_route=%2Fwp%2Fv2%2Fproduct_brand&post=2644"},{"taxonomy":"product_cat","embeddable":true,"href":"https:\/\/autothaiduong.vn\/index.php?rest_route=%2Fwp%2Fv2%2Fproduct_cat&post=2644"},{"taxonomy":"product_tag","embeddable":true,"href":"https:\/\/autothaiduong.vn\/index.php?rest_route=%2Fwp%2Fv2%2Fproduct_tag&post=2644"}],"curies":[{"name":"wp","href":"https:\/\/api.w.org\/{rel}","templated":true}]}}