{"id":2646,"date":"2025-05-20T10:34:13","date_gmt":"2025-05-20T10:34:13","guid":{"rendered":"https:\/\/autothaiduong.vn\/?post_type=product&#038;p=2646"},"modified":"2025-05-20T10:34:58","modified_gmt":"2025-05-20T10:34:58","slug":"seltos-2023-nang-cap-am-thanh","status":"publish","type":"product","link":"https:\/\/autothaiduong.vn\/?product=seltos-2023-nang-cap-am-thanh","title":{"rendered":"SelTos 2023 N\u00e2ng c\u1ea5p \u00e2m thanh"},"content":{"rendered":"<p>&nbsp;<\/p>\n<p><img loading=\"lazy\" decoding=\"async\" class=\" wp-image-2492 aligncenter\" src=\"https:\/\/autothaiduong.vn\/wp-content\/uploads\/2025\/05\/z6584734442481_f208f5944548cb4b46353402ce2e64e0-4.jpg\" alt=\"\" width=\"282\" height=\"250\" \/><\/p>\n<p><img loading=\"lazy\" decoding=\"async\" class=\"size-medium wp-image-2647 aligncenter\" src=\"https:\/\/autothaiduong.vn\/wp-content\/uploads\/2025\/05\/z6618489733094_effe6a746d7785e2ba1e616986a50257-451x600.jpg\" alt=\"\" width=\"451\" height=\"600\" srcset=\"https:\/\/autothaiduong.vn\/wp-content\/uploads\/2025\/05\/z6618489733094_effe6a746d7785e2ba1e616986a50257-451x600.jpg 451w, https:\/\/autothaiduong.vn\/wp-content\/uploads\/2025\/05\/z6618489733094_effe6a746d7785e2ba1e616986a50257-769x1024.jpg 769w, https:\/\/autothaiduong.vn\/wp-content\/uploads\/2025\/05\/z6618489733094_effe6a746d7785e2ba1e616986a50257-768x1022.jpg 768w, https:\/\/autothaiduong.vn\/wp-content\/uploads\/2025\/05\/z6618489733094_effe6a746d7785e2ba1e616986a50257-1154x1536.jpg 1154w, https:\/\/autothaiduong.vn\/wp-content\/uploads\/2025\/05\/z6618489733094_effe6a746d7785e2ba1e616986a50257-600x798.jpg 600w, https:\/\/autothaiduong.vn\/wp-content\/uploads\/2025\/05\/z6618489733094_effe6a746d7785e2ba1e616986a50257.jpg 1170w\" sizes=\"auto, (max-width: 451px) 100vw, 451px\" \/><\/p>\n<p><span style=\"color: #ff0000;\"><em><strong>\u230a\u0110\u1ecba \u0110i\u1ec3m L\u1eafp \u0110\u1eb7t: Auto Th\u00e1i D\u01b0\u01a1ng \u230b<\/strong><\/em><\/span><\/p>\n<p><em><strong>273-275 Tr\u1ea7n Ph\u00fa Ph\u01b0\u1eddng L\u1ed9c S\u01a1n Th\u00e0nh Ph\u1ed1 B\u1ea3o L\u1ed9c T\u1ec9nh L\u00e2m \u0110\u1ed3ng\u00a0<\/strong><\/em><\/p>\n<p><em><strong>Li\u00ean h\u1ec7 t\u01b0 v\u1ea5n v\u00e0 l\u1eafp \u0111\u1eb7t: 0912197441 &#8211; Auto Th\u00e1i D\u01b0\u01a1ng\u00a0<\/strong><\/em><\/p>\n<ul>\n<li>Kh\u00e1ch H\u00e0ng: **** *** L\u1ee3i<\/li>\n<li>S\u0110T: ********67<\/li>\n<li>Bi\u1ec3n S\u1ed1 Xe: 49a-*******<\/li>\n<li>B\u1ea3o H\u00e0nh T\u1eeb ng\u00e0y: 10\/03\/2025 T\u1edbi H\u1ebft Ng\u00e0y 10\/03\/2027<\/li>\n<\/ul>\n<h3><strong><span style=\"color: #ff0000;\">S\u1ea3n Ph\u1ea9m L\u1eafp \u0110\u1eb7t:<\/span><\/strong><\/h3>\n<p>Loa C\u1eeda Tr\u01b0\u1edbc Esb 2way 1.6 ( bao g\u1ed3m 2 trep % 2 midbass)<\/p>\n<p>Loa C\u1eeda Sau \u0110\u1ed3ng Tr\u1ee5c 1.6c<\/p>\n<p>Sub \u0110i\u1ec7n Hertz \u0111\u00f3ng th\u00f9ng s\u1eb5n : ( B\u1ea3o h\u00e0nh t\u1eeb ng\u00e0y 20\/02\/2025 t\u1edbi 20\/02\/2027)<\/p>\n<p>Dsp T\u00edch H\u1ee3p Ampli Rockpower 8.6<\/p>\n<p>Android Box HTD D14<\/p>\n","protected":false},"excerpt":{"rendered":"<p>&nbsp; \u230a\u0110\u1ecba \u0110i\u1ec3m L\u1eafp \u0110\u1eb7t: Auto Th\u00e1i D\u01b0\u01a1ng \u230b 273-275 Tr\u1ea7n Ph\u00fa Ph\u01b0\u1eddng L\u1ed9c S\u01a1n Th\u00e0nh Ph\u1ed1 B\u1ea3o L\u1ed9c T\u1ec9nh L\u00e2m \u0110\u1ed3ng\u00a0 Li\u00ean h\u1ec7 t\u01b0 v\u1ea5n v\u00e0 l\u1eafp \u0111\u1eb7t: 0912197441 &#8211; Auto Th\u00e1i D\u01b0\u01a1ng\u00a0 Kh\u00e1ch H\u00e0ng: **** *** L\u1ee3i S\u0110T: ********67 Bi\u1ec3n S\u1ed1 Xe: 49a-******* B\u1ea3o H\u00e0nh T\u1eeb ng\u00e0y: 10\/03\/2025 T\u1edbi H\u1ebft Ng\u00e0y 10\/03\/2027 S\u1ea3n [&#8230;]\n","protected":false},"featured_media":2647,"comment_status":"open","ping_status":"closed","template":"","meta":[],"product_brand":[],"product_cat":[15,159],"product_tag":[],"class_list":{"0":"post-2646","1":"product","2":"type-product","3":"status-publish","4":"has-post-thumbnail","6":"product_cat-uncategorized","7":"product_cat-bao-hanh-am-thanh-xe-hoi","9":"first","10":"instock","11":"shipping-taxable","12":"product-type-simple"},"_links":{"self":[{"href":"https:\/\/autothaiduong.vn\/index.php?rest_route=\/wp\/v2\/product\/2646","targetHints":{"allow":["GET"]}}],"collection":[{"href":"https:\/\/autothaiduong.vn\/index.php?rest_route=\/wp\/v2\/product"}],"about":[{"href":"https:\/\/autothaiduong.vn\/index.php?rest_route=\/wp\/v2\/types\/product"}],"replies":[{"embeddable":true,"href":"https:\/\/autothaiduong.vn\/index.php?rest_route=%2Fwp%2Fv2%2Fcomments&post=2646"}],"wp:featuredmedia":[{"embeddable":true,"href":"https:\/\/autothaiduong.vn\/index.php?rest_route=\/wp\/v2\/media\/2647"}],"wp:attachment":[{"href":"https:\/\/autothaiduong.vn\/index.php?rest_route=%2Fwp%2Fv2%2Fmedia&parent=2646"}],"wp:term":[{"taxonomy":"product_brand","embeddable":true,"href":"https:\/\/autothaiduong.vn\/index.php?rest_route=%2Fwp%2Fv2%2Fproduct_brand&post=2646"},{"taxonomy":"product_cat","embeddable":true,"href":"https:\/\/autothaiduong.vn\/index.php?rest_route=%2Fwp%2Fv2%2Fproduct_cat&post=2646"},{"taxonomy":"product_tag","embeddable":true,"href":"https:\/\/autothaiduong.vn\/index.php?rest_route=%2Fwp%2Fv2%2Fproduct_tag&post=2646"}],"curies":[{"name":"wp","href":"https:\/\/api.w.org\/{rel}","templated":true}]}}