{"id":2649,"date":"2025-05-20T10:43:25","date_gmt":"2025-05-20T10:43:25","guid":{"rendered":"https:\/\/autothaiduong.vn\/?post_type=product&#038;p=2649"},"modified":"2025-05-20T14:30:26","modified_gmt":"2025-05-20T14:30:26","slug":"everest-2025-175km-nang-cap-am-thanh","status":"publish","type":"product","link":"https:\/\/autothaiduong.vn\/?product=everest-2025-175km-nang-cap-am-thanh","title":{"rendered":"Everest 2025 175km N\u00e2ng c\u1ea5p \u00c2m Thanh"},"content":{"rendered":"<p><img loading=\"lazy\" decoding=\"async\" class=\"size-medium wp-image-2650 aligncenter\" src=\"https:\/\/autothaiduong.vn\/wp-content\/uploads\/2025\/05\/z6621227100043_9af60bbccd1d37059865f0689ea82fa3-337x600.jpg\" alt=\"\" width=\"337\" height=\"600\" srcset=\"https:\/\/autothaiduong.vn\/wp-content\/uploads\/2025\/05\/z6621227100043_9af60bbccd1d37059865f0689ea82fa3-337x600.jpg 337w, https:\/\/autothaiduong.vn\/wp-content\/uploads\/2025\/05\/z6621227100043_9af60bbccd1d37059865f0689ea82fa3-576x1024.jpg 576w, https:\/\/autothaiduong.vn\/wp-content\/uploads\/2025\/05\/z6621227100043_9af60bbccd1d37059865f0689ea82fa3-768x1366.jpg 768w, https:\/\/autothaiduong.vn\/wp-content\/uploads\/2025\/05\/z6621227100043_9af60bbccd1d37059865f0689ea82fa3-864x1536.jpg 864w, https:\/\/autothaiduong.vn\/wp-content\/uploads\/2025\/05\/z6621227100043_9af60bbccd1d37059865f0689ea82fa3-1152x2048.jpg 1152w, https:\/\/autothaiduong.vn\/wp-content\/uploads\/2025\/05\/z6621227100043_9af60bbccd1d37059865f0689ea82fa3-600x1067.jpg 600w, https:\/\/autothaiduong.vn\/wp-content\/uploads\/2025\/05\/z6621227100043_9af60bbccd1d37059865f0689ea82fa3-scaled.jpg 1440w\" sizes=\"auto, (max-width: 337px) 100vw, 337px\" \/><\/p>\n<p><img loading=\"lazy\" decoding=\"async\" class=\" wp-image-2492 aligncenter\" src=\"https:\/\/autothaiduong.vn\/wp-content\/uploads\/2025\/05\/z6584734442481_f208f5944548cb4b46353402ce2e64e0-4.jpg\" alt=\"\" width=\"231\" height=\"205\" \/><\/p>\n<p><span style=\"color: #ff0000;\"><em><strong>\u230a\u0110\u1ecba \u0110i\u1ec3m L\u1eafp \u0110\u1eb7t: Auto Th\u00e1i D\u01b0\u01a1ng \u230b<\/strong><\/em><\/span><\/p>\n<p><em><strong>273-275 Tr\u1ea7n Ph\u00fa Ph\u01b0\u1eddng L\u1ed9c S\u01a1n Th\u00e0nh Ph\u1ed1 B\u1ea3o L\u1ed9c T\u1ec9nh L\u00e2m \u0110\u1ed3ng\u00a0<\/strong><\/em><\/p>\n<p><em><strong>Li\u00ean h\u1ec7 t\u01b0 v\u1ea5n v\u00e0 l\u1eafp \u0111\u1eb7t: 0912197441 &#8211; Auto Th\u00e1i D\u01b0\u01a1ng\u00a0<\/strong><\/em><\/p>\n<ul>\n<li>Kh\u00e1ch H\u00e0ng: **** ***G\u1ea5u<\/li>\n<li>S\u0110T: 0*6**********<\/li>\n<li>Bi\u1ec3n S\u1ed1 Xe: 49a-****68<\/li>\n<li>B\u1ea3o H\u00e0nh T\u1eeb ng\u00e0y: 2\/5\/2025 t\u1edbi h\u1ebft ng\u00e0y 2\/5\/2027<\/li>\n<\/ul>\n<h3><span style=\"color: #ff0000;\"><strong>S\u1ea3n Ph\u1ea9m L\u1eafp \u0110\u1eb7t:\u00a0<\/strong><\/span><\/h3>\n<p>Loa C\u1eeda Tr\u01b0\u1edbc Plug And Play 2 way Focal Inside: ( bao g\u1ed3m 2 trep v\u00e0 2 Midbass)<\/p>\n<p>Loa C\u1eeda Sau Plug And Play \u0110\u1ed3ng Tr\u1ee5c Focal Inside<\/p>\n<p>Loa Center Steg ( B\u1ea3o h\u00e0nh t\u1eeb ng\u00e0y 5\/5\/2025 t\u1edbi 5\/5\/2027)<\/p>\n<p>Loa Sub H\u01a1i Focal 10inch Flax Evo P25<\/p>\n<p>Th\u00f9ng Sub \u0110\u00f3ng Zin Cho Everest 2024-2025 : B\u1ea3o H\u00e0nh 1 N\u0103m<\/p>\n<p>Ampli K\u00e9o Sub Focal FDS 1.350<\/p>\n<p>C\u00e1ch \u00e2m 4 c\u1eeda 3 l\u1edbp Vibrofilt &amp; Khoang sau Vibrofilt<\/p>\n<p>Ti\u00eau \u00e2m Dr Artex<\/p>\n<p>Android Box HTD D14<\/p>\n<p>&nbsp;<\/p>\n","protected":false},"excerpt":{"rendered":"<p>\u230a\u0110\u1ecba \u0110i\u1ec3m L\u1eafp \u0110\u1eb7t: Auto Th\u00e1i D\u01b0\u01a1ng \u230b 273-275 Tr\u1ea7n Ph\u00fa Ph\u01b0\u1eddng L\u1ed9c S\u01a1n Th\u00e0nh Ph\u1ed1 B\u1ea3o L\u1ed9c T\u1ec9nh L\u00e2m \u0110\u1ed3ng\u00a0 Li\u00ean h\u1ec7 t\u01b0 v\u1ea5n v\u00e0 l\u1eafp \u0111\u1eb7t: 0912197441 &#8211; Auto Th\u00e1i D\u01b0\u01a1ng\u00a0 Kh\u00e1ch H\u00e0ng: **** ***G\u1ea5u S\u0110T: 0*6********** Bi\u1ec3n S\u1ed1 Xe: 49a-****68 B\u1ea3o H\u00e0nh T\u1eeb ng\u00e0y: 2\/5\/2025 t\u1edbi h\u1ebft ng\u00e0y 2\/5\/2027 S\u1ea3n Ph\u1ea9m L\u1eafp [&#8230;]\n","protected":false},"featured_media":2650,"comment_status":"open","ping_status":"closed","template":"","meta":[],"product_brand":[],"product_cat":[159],"product_tag":[],"class_list":{"0":"post-2649","1":"product","2":"type-product","3":"status-publish","4":"has-post-thumbnail","6":"product_cat-bao-hanh-am-thanh-xe-hoi","8":"first","9":"instock","10":"shipping-taxable","11":"product-type-simple"},"_links":{"self":[{"href":"https:\/\/autothaiduong.vn\/index.php?rest_route=\/wp\/v2\/product\/2649","targetHints":{"allow":["GET"]}}],"collection":[{"href":"https:\/\/autothaiduong.vn\/index.php?rest_route=\/wp\/v2\/product"}],"about":[{"href":"https:\/\/autothaiduong.vn\/index.php?rest_route=\/wp\/v2\/types\/product"}],"replies":[{"embeddable":true,"href":"https:\/\/autothaiduong.vn\/index.php?rest_route=%2Fwp%2Fv2%2Fcomments&post=2649"}],"wp:featuredmedia":[{"embeddable":true,"href":"https:\/\/autothaiduong.vn\/index.php?rest_route=\/wp\/v2\/media\/2650"}],"wp:attachment":[{"href":"https:\/\/autothaiduong.vn\/index.php?rest_route=%2Fwp%2Fv2%2Fmedia&parent=2649"}],"wp:term":[{"taxonomy":"product_brand","embeddable":true,"href":"https:\/\/autothaiduong.vn\/index.php?rest_route=%2Fwp%2Fv2%2Fproduct_brand&post=2649"},{"taxonomy":"product_cat","embeddable":true,"href":"https:\/\/autothaiduong.vn\/index.php?rest_route=%2Fwp%2Fv2%2Fproduct_cat&post=2649"},{"taxonomy":"product_tag","embeddable":true,"href":"https:\/\/autothaiduong.vn\/index.php?rest_route=%2Fwp%2Fv2%2Fproduct_tag&post=2649"}],"curies":[{"name":"wp","href":"https:\/\/api.w.org\/{rel}","templated":true}]}}