{"id":2657,"date":"2025-05-20T13:50:28","date_gmt":"2025-05-20T13:50:28","guid":{"rendered":"https:\/\/autothaiduong.vn\/?post_type=product&#038;p=2657"},"modified":"2025-05-20T14:03:30","modified_gmt":"2025-05-20T14:03:30","slug":"volkswagen-vilorant-nang-cap-am-thanh-plug-and-play","status":"publish","type":"product","link":"https:\/\/autothaiduong.vn\/?product=volkswagen-vilorant-nang-cap-am-thanh-plug-and-play","title":{"rendered":"Volkswagen Vilorant N\u00e2ng c\u1ea5p \u00e2m thanh Plug and Play"},"content":{"rendered":"<p><img loading=\"lazy\" decoding=\"async\" class=\"size-medium wp-image-2658 aligncenter\" src=\"https:\/\/autothaiduong.vn\/wp-content\/uploads\/2025\/05\/493857568_1158681239603141_2203862666755756207_n-600x450.jpg\" alt=\"\" width=\"600\" height=\"450\" srcset=\"https:\/\/autothaiduong.vn\/wp-content\/uploads\/2025\/05\/493857568_1158681239603141_2203862666755756207_n-600x450.jpg 600w, https:\/\/autothaiduong.vn\/wp-content\/uploads\/2025\/05\/493857568_1158681239603141_2203862666755756207_n-1024x768.jpg 1024w, https:\/\/autothaiduong.vn\/wp-content\/uploads\/2025\/05\/493857568_1158681239603141_2203862666755756207_n-768x576.jpg 768w, https:\/\/autothaiduong.vn\/wp-content\/uploads\/2025\/05\/493857568_1158681239603141_2203862666755756207_n-1536x1152.jpg 1536w, https:\/\/autothaiduong.vn\/wp-content\/uploads\/2025\/05\/493857568_1158681239603141_2203862666755756207_n.jpg 2048w\" sizes=\"auto, (max-width: 600px) 100vw, 600px\" \/><\/p>\n<p>&nbsp;<\/p>\n<p><span style=\"color: #ff0000;\"><em><strong>\u230a\u0110\u1ecba \u0110i\u1ec3m L\u1eafp \u0110\u1eb7t: Auto Th\u00e1i D\u01b0\u01a1ng \u230b<\/strong><\/em><\/span><\/p>\n<p><em><strong>273-275 Tr\u1ea7n Ph\u00fa Ph\u01b0\u1eddng L\u1ed9c S\u01a1n Th\u00e0nh Ph\u1ed1 B\u1ea3o L\u1ed9c T\u1ec9nh L\u00e2m \u0110\u1ed3ng\u00a0<\/strong><\/em><\/p>\n<p><em><strong>Li\u00ean h\u1ec7 t\u01b0 v\u1ea5n v\u00e0 l\u1eafp \u0111\u1eb7t: 0912197441 &#8211; Auto Th\u00e1i D\u01b0\u01a1ng\u00a0<\/strong><\/em><\/p>\n<p>&nbsp;<\/p>\n<ul>\n<li>Kh\u00e1ch H\u00e0ng: **** *** Ph\u01b0\u1edbc<\/li>\n<li>S\u0110T: ************<\/li>\n<li>Bi\u1ec3n S\u1ed1 Xe: 49a-******124<\/li>\n<li>B\u1ea3o H\u00e0nh T\u1eeb ng\u00e0y: 11\/03\/2025 T\u1edbi H\u1ebft Ng\u00e0y 11\/03\/2027<\/li>\n<\/ul>\n<h3><span style=\"color: #ff0000;\"><strong>S\u1ea3n Ph\u1ea9m L\u1eafp \u0110\u1eb7t:\u00a0<\/strong><\/span><\/h3>\n<p>Loa C\u1eeda Tr\u01b0\u1edbc Focal Inside L\u1eafp Zin Cho C\u00e1c D\u00f2ng Xe Volkswagen 2 way : ( Bao g\u1ed3m 2 Trep V\u00e0 2 MidBass)<\/p>\n<p>Loa C\u1eeda Sau Focal Inside L\u1eafp Zin Cho C\u00e1c D\u00f2ng Xe Volkswagen 2 way : ( Bao g\u1ed3m 2 Trep V\u00e0 2 MidBass)<\/p>\n<p>Sub H\u01a1i Focal 10 Slim<\/p>\n<p>Ampli K\u00e9o Sub Rockpower Mono 135.3000<\/p>\n<p>Th\u00f9ng Sub \u0110\u00f3ng r\u00e1p nh\u01b0 zin Cho Volkswagen Vilorant<\/p>\n<p>C\u1ea7u Ch\u00ec &amp; D\u00e2y Loa Ch\u00ednh H\u00e3ng Magic Source<\/p>\n<p><img loading=\"lazy\" decoding=\"async\" class=\"wp-image-2659 alignright\" src=\"https:\/\/autothaiduong.vn\/wp-content\/uploads\/2025\/05\/494148329_1158681166269815_7516393120090732007_n-450x600.jpg\" alt=\"\" width=\"246\" height=\"328\" srcset=\"https:\/\/autothaiduong.vn\/wp-content\/uploads\/2025\/05\/494148329_1158681166269815_7516393120090732007_n-450x600.jpg 450w, https:\/\/autothaiduong.vn\/wp-content\/uploads\/2025\/05\/494148329_1158681166269815_7516393120090732007_n-768x1024.jpg 768w, https:\/\/autothaiduong.vn\/wp-content\/uploads\/2025\/05\/494148329_1158681166269815_7516393120090732007_n-1152x1536.jpg 1152w, https:\/\/autothaiduong.vn\/wp-content\/uploads\/2025\/05\/494148329_1158681166269815_7516393120090732007_n-600x800.jpg 600w, https:\/\/autothaiduong.vn\/wp-content\/uploads\/2025\/05\/494148329_1158681166269815_7516393120090732007_n.jpg 1536w\" sizes=\"auto, (max-width: 246px) 100vw, 246px\" \/><br \/>\n<img loading=\"lazy\" decoding=\"async\" class=\"wp-image-2661 alignright\" src=\"https:\/\/autothaiduong.vn\/wp-content\/uploads\/2025\/05\/494198051_1158681236269808_3756514650106855434_n-600x450.jpg\" alt=\"\" width=\"366\" height=\"274\" srcset=\"https:\/\/autothaiduong.vn\/wp-content\/uploads\/2025\/05\/494198051_1158681236269808_3756514650106855434_n-600x450.jpg 600w, https:\/\/autothaiduong.vn\/wp-content\/uploads\/2025\/05\/494198051_1158681236269808_3756514650106855434_n-1024x768.jpg 1024w, https:\/\/autothaiduong.vn\/wp-content\/uploads\/2025\/05\/494198051_1158681236269808_3756514650106855434_n-768x576.jpg 768w, https:\/\/autothaiduong.vn\/wp-content\/uploads\/2025\/05\/494198051_1158681236269808_3756514650106855434_n-1536x1152.jpg 1536w, https:\/\/autothaiduong.vn\/wp-content\/uploads\/2025\/05\/494198051_1158681236269808_3756514650106855434_n.jpg 2048w\" sizes=\"auto, (max-width: 366px) 100vw, 366px\" \/><\/p>\n<p><img loading=\"lazy\" decoding=\"async\" class=\"wp-image-2662 alignleft\" src=\"https:\/\/autothaiduong.vn\/wp-content\/uploads\/2025\/05\/494180570_1158681202936478_7777984466344379014_n-450x600.jpg\" alt=\"\" width=\"298\" height=\"397\" srcset=\"https:\/\/autothaiduong.vn\/wp-content\/uploads\/2025\/05\/494180570_1158681202936478_7777984466344379014_n-450x600.jpg 450w, https:\/\/autothaiduong.vn\/wp-content\/uploads\/2025\/05\/494180570_1158681202936478_7777984466344379014_n-768x1024.jpg 768w, https:\/\/autothaiduong.vn\/wp-content\/uploads\/2025\/05\/494180570_1158681202936478_7777984466344379014_n-1152x1536.jpg 1152w, https:\/\/autothaiduong.vn\/wp-content\/uploads\/2025\/05\/494180570_1158681202936478_7777984466344379014_n-600x800.jpg 600w, https:\/\/autothaiduong.vn\/wp-content\/uploads\/2025\/05\/494180570_1158681202936478_7777984466344379014_n.jpg 1536w\" sizes=\"auto, (max-width: 298px) 100vw, 298px\" \/><\/p>\n","protected":false},"excerpt":{"rendered":"<p>&nbsp; \u230a\u0110\u1ecba \u0110i\u1ec3m L\u1eafp \u0110\u1eb7t: Auto Th\u00e1i D\u01b0\u01a1ng \u230b 273-275 Tr\u1ea7n Ph\u00fa Ph\u01b0\u1eddng L\u1ed9c S\u01a1n Th\u00e0nh Ph\u1ed1 B\u1ea3o L\u1ed9c T\u1ec9nh L\u00e2m \u0110\u1ed3ng\u00a0 Li\u00ean h\u1ec7 t\u01b0 v\u1ea5n v\u00e0 l\u1eafp \u0111\u1eb7t: 0912197441 &#8211; Auto Th\u00e1i D\u01b0\u01a1ng\u00a0 &nbsp; Kh\u00e1ch H\u00e0ng: **** *** Ph\u01b0\u1edbc S\u0110T: ************ Bi\u1ec3n S\u1ed1 Xe: 49a-******124 B\u1ea3o H\u00e0nh T\u1eeb ng\u00e0y: 11\/03\/2025 T\u1edbi H\u1ebft Ng\u00e0y 11\/03\/2027 [&#8230;]\n","protected":false},"featured_media":2658,"comment_status":"open","ping_status":"closed","template":"","meta":[],"product_brand":[],"product_cat":[159],"product_tag":[],"class_list":{"0":"post-2657","1":"product","2":"type-product","3":"status-publish","4":"has-post-thumbnail","6":"product_cat-bao-hanh-am-thanh-xe-hoi","8":"first","9":"instock","10":"shipping-taxable","11":"product-type-simple"},"_links":{"self":[{"href":"https:\/\/autothaiduong.vn\/index.php?rest_route=\/wp\/v2\/product\/2657","targetHints":{"allow":["GET"]}}],"collection":[{"href":"https:\/\/autothaiduong.vn\/index.php?rest_route=\/wp\/v2\/product"}],"about":[{"href":"https:\/\/autothaiduong.vn\/index.php?rest_route=\/wp\/v2\/types\/product"}],"replies":[{"embeddable":true,"href":"https:\/\/autothaiduong.vn\/index.php?rest_route=%2Fwp%2Fv2%2Fcomments&post=2657"}],"wp:featuredmedia":[{"embeddable":true,"href":"https:\/\/autothaiduong.vn\/index.php?rest_route=\/wp\/v2\/media\/2658"}],"wp:attachment":[{"href":"https:\/\/autothaiduong.vn\/index.php?rest_route=%2Fwp%2Fv2%2Fmedia&parent=2657"}],"wp:term":[{"taxonomy":"product_brand","embeddable":true,"href":"https:\/\/autothaiduong.vn\/index.php?rest_route=%2Fwp%2Fv2%2Fproduct_brand&post=2657"},{"taxonomy":"product_cat","embeddable":true,"href":"https:\/\/autothaiduong.vn\/index.php?rest_route=%2Fwp%2Fv2%2Fproduct_cat&post=2657"},{"taxonomy":"product_tag","embeddable":true,"href":"https:\/\/autothaiduong.vn\/index.php?rest_route=%2Fwp%2Fv2%2Fproduct_tag&post=2657"}],"curies":[{"name":"wp","href":"https:\/\/api.w.org\/{rel}","templated":true}]}}