{"id":2664,"date":"2025-05-20T13:57:57","date_gmt":"2025-05-20T13:57:57","guid":{"rendered":"https:\/\/autothaiduong.vn\/?post_type=product&#038;p=2664"},"modified":"2025-05-20T14:04:26","modified_gmt":"2025-05-20T14:04:26","slug":"subaru-forester-nang-cap-am-thanh","status":"publish","type":"product","link":"https:\/\/autothaiduong.vn\/?product=subaru-forester-nang-cap-am-thanh","title":{"rendered":"Subaru Forester N\u00e2ng C\u1ea5p \u00c2m Thanh"},"content":{"rendered":"<p><img loading=\"lazy\" decoding=\"async\" class=\"wp-image-2665 alignleft\" src=\"https:\/\/autothaiduong.vn\/wp-content\/uploads\/2025\/05\/494051124_1158789962925602_4456499184431750467_n-450x600.jpg\" alt=\"\" width=\"276\" height=\"368\" srcset=\"https:\/\/autothaiduong.vn\/wp-content\/uploads\/2025\/05\/494051124_1158789962925602_4456499184431750467_n-450x600.jpg 450w, https:\/\/autothaiduong.vn\/wp-content\/uploads\/2025\/05\/494051124_1158789962925602_4456499184431750467_n-768x1024.jpg 768w, https:\/\/autothaiduong.vn\/wp-content\/uploads\/2025\/05\/494051124_1158789962925602_4456499184431750467_n-1152x1536.jpg 1152w, https:\/\/autothaiduong.vn\/wp-content\/uploads\/2025\/05\/494051124_1158789962925602_4456499184431750467_n-600x800.jpg 600w, https:\/\/autothaiduong.vn\/wp-content\/uploads\/2025\/05\/494051124_1158789962925602_4456499184431750467_n.jpg 1536w\" sizes=\"auto, (max-width: 276px) 100vw, 276px\" \/><\/p>\n<p><img loading=\"lazy\" decoding=\"async\" class=\"wp-image-2666 alignright\" src=\"https:\/\/autothaiduong.vn\/wp-content\/uploads\/2025\/05\/494051124_1158789962925602_4456499184431750467_n-1-450x600.jpg\" alt=\"\" width=\"252\" height=\"336\" srcset=\"https:\/\/autothaiduong.vn\/wp-content\/uploads\/2025\/05\/494051124_1158789962925602_4456499184431750467_n-1-450x600.jpg 450w, https:\/\/autothaiduong.vn\/wp-content\/uploads\/2025\/05\/494051124_1158789962925602_4456499184431750467_n-1-768x1024.jpg 768w, https:\/\/autothaiduong.vn\/wp-content\/uploads\/2025\/05\/494051124_1158789962925602_4456499184431750467_n-1-1152x1536.jpg 1152w, https:\/\/autothaiduong.vn\/wp-content\/uploads\/2025\/05\/494051124_1158789962925602_4456499184431750467_n-1-600x800.jpg 600w, https:\/\/autothaiduong.vn\/wp-content\/uploads\/2025\/05\/494051124_1158789962925602_4456499184431750467_n-1.jpg 1536w\" sizes=\"auto, (max-width: 252px) 100vw, 252px\" \/><\/p>\n<p><img loading=\"lazy\" decoding=\"async\" class=\" wp-image-2667 aligncenter\" src=\"https:\/\/autothaiduong.vn\/wp-content\/uploads\/2025\/05\/493742550_1158790409592224_7962705985626955698_n-450x600.jpg\" alt=\"\" width=\"277\" height=\"369\" srcset=\"https:\/\/autothaiduong.vn\/wp-content\/uploads\/2025\/05\/493742550_1158790409592224_7962705985626955698_n-450x600.jpg 450w, https:\/\/autothaiduong.vn\/wp-content\/uploads\/2025\/05\/493742550_1158790409592224_7962705985626955698_n-768x1024.jpg 768w, https:\/\/autothaiduong.vn\/wp-content\/uploads\/2025\/05\/493742550_1158790409592224_7962705985626955698_n-1152x1536.jpg 1152w, https:\/\/autothaiduong.vn\/wp-content\/uploads\/2025\/05\/493742550_1158790409592224_7962705985626955698_n-600x800.jpg 600w, https:\/\/autothaiduong.vn\/wp-content\/uploads\/2025\/05\/493742550_1158790409592224_7962705985626955698_n.jpg 1536w\" sizes=\"auto, (max-width: 277px) 100vw, 277px\" \/><img loading=\"lazy\" decoding=\"async\" class=\"wp-image-2668 alignnone\" src=\"https:\/\/autothaiduong.vn\/wp-content\/uploads\/2025\/05\/494065709_1158789982925600_937541306088949857_n-1-450x600.jpg\" alt=\"\" width=\"355\" height=\"473\" srcset=\"https:\/\/autothaiduong.vn\/wp-content\/uploads\/2025\/05\/494065709_1158789982925600_937541306088949857_n-1-450x600.jpg 450w, https:\/\/autothaiduong.vn\/wp-content\/uploads\/2025\/05\/494065709_1158789982925600_937541306088949857_n-1-768x1024.jpg 768w, https:\/\/autothaiduong.vn\/wp-content\/uploads\/2025\/05\/494065709_1158789982925600_937541306088949857_n-1-1152x1536.jpg 1152w, https:\/\/autothaiduong.vn\/wp-content\/uploads\/2025\/05\/494065709_1158789982925600_937541306088949857_n-1-600x800.jpg 600w, https:\/\/autothaiduong.vn\/wp-content\/uploads\/2025\/05\/494065709_1158789982925600_937541306088949857_n-1.jpg 1536w\" sizes=\"auto, (max-width: 355px) 100vw, 355px\" \/><\/p>\n<p><span style=\"color: #ff0000;\"><em><strong>\u230a\u0110\u1ecba \u0110i\u1ec3m L\u1eafp \u0110\u1eb7t: Auto Th\u00e1i D\u01b0\u01a1ng \u230b<\/strong><\/em><\/span><\/p>\n<p><em><strong>273-275 Tr\u1ea7n Ph\u00fa Ph\u01b0\u1eddng L\u1ed9c S\u01a1n Th\u00e0nh Ph\u1ed1 B\u1ea3o L\u1ed9c T\u1ec9nh L\u00e2m \u0110\u1ed3ng\u00a0<\/strong><\/em><\/p>\n<p><em><strong>Li\u00ean h\u1ec7 t\u01b0 v\u1ea5n v\u00e0 l\u1eafp \u0111\u1eb7t: 0912197441 &#8211; Auto Th\u00e1i D\u01b0\u01a1ng\u00a0<\/strong><\/em><\/p>\n<ul>\n<li>Kh\u00e1ch H\u00e0ng: **** *** Thanh<\/li>\n<li>S\u0110T: *********846<\/li>\n<li>Bi\u1ec3n S\u1ed1 Xe: 49a-***82<\/li>\n<li>B\u1ea3o H\u00e0nh T\u1eeb ng\u00e0y: 18\/03\/2025 T\u1edbi H\u1ebft Ng\u00e0y 18\/03\/2027<\/li>\n<\/ul>\n<h3><strong><span style=\"color: #ff0000;\">S\u1ea3n Ph\u1ea9m L\u1eafp \u0110\u1eb7t:<\/span><\/strong><\/h3>\n<p>Loa C\u1eeda Tr\u01b0\u1edbc Focal Inside L\u1eafp Zin Cho C\u00e1c D\u00f2ng Subaru 2way: ( Bao g\u1ed3m 2trep v\u00e0 2midbass)<\/p>\n<p>Loa C\u1eeda Sau \u0110\u1ed3ng Tr\u1ee5c Focal Inside L\u1eafp zin Cho C\u00e1c D\u00f2ng Subaru<\/p>\n<p>Sub \u0110i\u1ec7n \u0110\u1ec3 L\u1ed1p S\u01a1 Cua Rockpower R11<\/p>\n<p>&nbsp;<\/p>\n<p>&nbsp;<\/p>\n","protected":false},"excerpt":{"rendered":"<p>\u230a\u0110\u1ecba \u0110i\u1ec3m L\u1eafp \u0110\u1eb7t: Auto Th\u00e1i D\u01b0\u01a1ng \u230b 273-275 Tr\u1ea7n Ph\u00fa Ph\u01b0\u1eddng L\u1ed9c S\u01a1n Th\u00e0nh Ph\u1ed1 B\u1ea3o L\u1ed9c T\u1ec9nh L\u00e2m \u0110\u1ed3ng\u00a0 Li\u00ean h\u1ec7 t\u01b0 v\u1ea5n v\u00e0 l\u1eafp \u0111\u1eb7t: 0912197441 &#8211; Auto Th\u00e1i D\u01b0\u01a1ng\u00a0 Kh\u00e1ch H\u00e0ng: **** *** Thanh S\u0110T: *********846 Bi\u1ec3n S\u1ed1 Xe: 49a-***82 B\u1ea3o H\u00e0nh T\u1eeb ng\u00e0y: 18\/03\/2025 T\u1edbi H\u1ebft Ng\u00e0y 18\/03\/2027 S\u1ea3n Ph\u1ea9m [&#8230;]\n","protected":false},"featured_media":2669,"comment_status":"open","ping_status":"closed","template":"","meta":[],"product_brand":[],"product_cat":[15,159],"product_tag":[],"class_list":{"0":"post-2664","1":"product","2":"type-product","3":"status-publish","4":"has-post-thumbnail","6":"product_cat-uncategorized","7":"product_cat-bao-hanh-am-thanh-xe-hoi","9":"first","10":"instock","11":"shipping-taxable","12":"product-type-simple"},"_links":{"self":[{"href":"https:\/\/autothaiduong.vn\/index.php?rest_route=\/wp\/v2\/product\/2664","targetHints":{"allow":["GET"]}}],"collection":[{"href":"https:\/\/autothaiduong.vn\/index.php?rest_route=\/wp\/v2\/product"}],"about":[{"href":"https:\/\/autothaiduong.vn\/index.php?rest_route=\/wp\/v2\/types\/product"}],"replies":[{"embeddable":true,"href":"https:\/\/autothaiduong.vn\/index.php?rest_route=%2Fwp%2Fv2%2Fcomments&post=2664"}],"wp:featuredmedia":[{"embeddable":true,"href":"https:\/\/autothaiduong.vn\/index.php?rest_route=\/wp\/v2\/media\/2669"}],"wp:attachment":[{"href":"https:\/\/autothaiduong.vn\/index.php?rest_route=%2Fwp%2Fv2%2Fmedia&parent=2664"}],"wp:term":[{"taxonomy":"product_brand","embeddable":true,"href":"https:\/\/autothaiduong.vn\/index.php?rest_route=%2Fwp%2Fv2%2Fproduct_brand&post=2664"},{"taxonomy":"product_cat","embeddable":true,"href":"https:\/\/autothaiduong.vn\/index.php?rest_route=%2Fwp%2Fv2%2Fproduct_cat&post=2664"},{"taxonomy":"product_tag","embeddable":true,"href":"https:\/\/autothaiduong.vn\/index.php?rest_route=%2Fwp%2Fv2%2Fproduct_tag&post=2664"}],"curies":[{"name":"wp","href":"https:\/\/api.w.org\/{rel}","templated":true}]}}