{"id":2674,"date":"2025-05-20T14:17:11","date_gmt":"2025-05-20T14:17:11","guid":{"rendered":"https:\/\/autothaiduong.vn\/?post_type=product&#038;p=2674"},"modified":"2025-05-20T14:17:11","modified_gmt":"2025-05-20T14:17:11","slug":"inova-2012-nang-cap-am-thanh","status":"publish","type":"product","link":"https:\/\/autothaiduong.vn\/?product=inova-2012-nang-cap-am-thanh","title":{"rendered":"Inova 2012 N\u00e2ng C\u1ea5p \u00c2m Thanh"},"content":{"rendered":"<p><img loading=\"lazy\" decoding=\"async\" class=\" wp-image-2675 aligncenter\" src=\"https:\/\/autothaiduong.vn\/wp-content\/uploads\/2025\/05\/493433199_1155574036580528_5197858865010622507_n-451x600.jpg\" alt=\"\" width=\"380\" height=\"506\" srcset=\"https:\/\/autothaiduong.vn\/wp-content\/uploads\/2025\/05\/493433199_1155574036580528_5197858865010622507_n-451x600.jpg 451w, https:\/\/autothaiduong.vn\/wp-content\/uploads\/2025\/05\/493433199_1155574036580528_5197858865010622507_n-769x1024.jpg 769w, https:\/\/autothaiduong.vn\/wp-content\/uploads\/2025\/05\/493433199_1155574036580528_5197858865010622507_n-768x1022.jpg 768w, https:\/\/autothaiduong.vn\/wp-content\/uploads\/2025\/05\/493433199_1155574036580528_5197858865010622507_n-1154x1536.jpg 1154w, https:\/\/autothaiduong.vn\/wp-content\/uploads\/2025\/05\/493433199_1155574036580528_5197858865010622507_n-600x798.jpg 600w, https:\/\/autothaiduong.vn\/wp-content\/uploads\/2025\/05\/493433199_1155574036580528_5197858865010622507_n.jpg 1170w\" sizes=\"auto, (max-width: 380px) 100vw, 380px\" \/><\/p>\n<p><span style=\"color: #ff0000;\"><em><strong>\u230a\u0110\u1ecba \u0110i\u1ec3m L\u1eafp \u0110\u1eb7t: Auto Th\u00e1i D\u01b0\u01a1ng \u230b<\/strong><\/em><\/span><\/p>\n<p><em><strong>273-275 Tr\u1ea7n Ph\u00fa Ph\u01b0\u1eddng L\u1ed9c S\u01a1n Th\u00e0nh Ph\u1ed1 B\u1ea3o L\u1ed9c T\u1ec9nh L\u00e2m \u0110\u1ed3ng\u00a0<\/strong><\/em><\/p>\n<p><em><strong>Li\u00ean h\u1ec7 t\u01b0 v\u1ea5n v\u00e0 l\u1eafp \u0111\u1eb7t: 0912197441 &#8211; Auto Th\u00e1i D\u01b0\u01a1ng\u00a0<\/strong><\/em><\/p>\n<ul>\n<li>Kh\u00e1ch H\u00e0ng: **** *** Th\u00e0nh<\/li>\n<li>S\u0110T: *********992<\/li>\n<li>Bi\u1ec3n S\u1ed1 Xe: 51a-***55<\/li>\n<li>B\u1ea3o H\u00e0nh T\u1eeb ng\u00e0y: 14\/11\/2024 T\u1edbi H\u1ebft Ng\u00e0y 14\/11\/2026<\/li>\n<\/ul>\n<h3><strong><span style=\"color: #ff0000;\">S\u1ea3n Ph\u1ea9m L\u1eafp \u0110\u1eb7t:\u00a0<\/span><\/strong><\/h3>\n<p>Loa C\u1eeda Tr\u01b0\u1edbc 2 Way RainBow : ( Bao G\u1ed3m 2Trep % 2MidBass)<\/p>\n<p>Loa C\u1eeda Sau 2 Way RainBow : ( Bao G\u1ed3m 2Trep % 2MidBass)<\/p>\n<p>Sub \u0110i\u1ec7n RainBow El<\/p>\n<p>Ampli C\u1eafm Zin Cho M\u00e0n H\u00ecnh Android Zapco ST-1<\/p>\n<p>M\u00e0n h\u00ecnh Android Niffon<\/p>\n<p>&nbsp;<\/p>\n<h3><\/h3>\n","protected":false},"excerpt":{"rendered":"<p>\u230a\u0110\u1ecba \u0110i\u1ec3m L\u1eafp \u0110\u1eb7t: Auto Th\u00e1i D\u01b0\u01a1ng \u230b 273-275 Tr\u1ea7n Ph\u00fa Ph\u01b0\u1eddng L\u1ed9c S\u01a1n Th\u00e0nh Ph\u1ed1 B\u1ea3o L\u1ed9c T\u1ec9nh L\u00e2m \u0110\u1ed3ng\u00a0 Li\u00ean h\u1ec7 t\u01b0 v\u1ea5n v\u00e0 l\u1eafp \u0111\u1eb7t: 0912197441 &#8211; Auto Th\u00e1i D\u01b0\u01a1ng\u00a0 Kh\u00e1ch H\u00e0ng: **** *** Th\u00e0nh S\u0110T: *********992 Bi\u1ec3n S\u1ed1 Xe: 51a-***55 B\u1ea3o H\u00e0nh T\u1eeb ng\u00e0y: 14\/11\/2024 T\u1edbi H\u1ebft Ng\u00e0y 14\/11\/2026 S\u1ea3n Ph\u1ea9m [&#8230;]\n","protected":false},"featured_media":2675,"comment_status":"open","ping_status":"closed","template":"","meta":[],"product_brand":[],"product_cat":[159],"product_tag":[],"class_list":{"0":"post-2674","1":"product","2":"type-product","3":"status-publish","4":"has-post-thumbnail","6":"product_cat-bao-hanh-am-thanh-xe-hoi","8":"first","9":"instock","10":"shipping-taxable","11":"product-type-simple"},"_links":{"self":[{"href":"https:\/\/autothaiduong.vn\/index.php?rest_route=\/wp\/v2\/product\/2674","targetHints":{"allow":["GET"]}}],"collection":[{"href":"https:\/\/autothaiduong.vn\/index.php?rest_route=\/wp\/v2\/product"}],"about":[{"href":"https:\/\/autothaiduong.vn\/index.php?rest_route=\/wp\/v2\/types\/product"}],"replies":[{"embeddable":true,"href":"https:\/\/autothaiduong.vn\/index.php?rest_route=%2Fwp%2Fv2%2Fcomments&post=2674"}],"wp:featuredmedia":[{"embeddable":true,"href":"https:\/\/autothaiduong.vn\/index.php?rest_route=\/wp\/v2\/media\/2675"}],"wp:attachment":[{"href":"https:\/\/autothaiduong.vn\/index.php?rest_route=%2Fwp%2Fv2%2Fmedia&parent=2674"}],"wp:term":[{"taxonomy":"product_brand","embeddable":true,"href":"https:\/\/autothaiduong.vn\/index.php?rest_route=%2Fwp%2Fv2%2Fproduct_brand&post=2674"},{"taxonomy":"product_cat","embeddable":true,"href":"https:\/\/autothaiduong.vn\/index.php?rest_route=%2Fwp%2Fv2%2Fproduct_cat&post=2674"},{"taxonomy":"product_tag","embeddable":true,"href":"https:\/\/autothaiduong.vn\/index.php?rest_route=%2Fwp%2Fv2%2Fproduct_tag&post=2674"}],"curies":[{"name":"wp","href":"https:\/\/api.w.org\/{rel}","templated":true}]}}