{"id":2676,"date":"2025-05-20T14:21:32","date_gmt":"2025-05-20T14:21:32","guid":{"rendered":"https:\/\/autothaiduong.vn\/?post_type=product&#038;p=2676"},"modified":"2025-05-20T14:21:32","modified_gmt":"2025-05-20T14:21:32","slug":"wildtrak-2024-nang-cap-am-thanh","status":"publish","type":"product","link":"https:\/\/autothaiduong.vn\/?product=wildtrak-2024-nang-cap-am-thanh","title":{"rendered":"Wildtrak 2024 N\u00e2ng C\u1ea5p \u00c2m Thanh"},"content":{"rendered":"<p><img loading=\"lazy\" decoding=\"async\" class=\" wp-image-2677 aligncenter\" src=\"https:\/\/autothaiduong.vn\/wp-content\/uploads\/2025\/05\/491294682_1155222519949013_6965133517855260335_n-338x600.jpg\" alt=\"\" width=\"318\" height=\"564\" srcset=\"https:\/\/autothaiduong.vn\/wp-content\/uploads\/2025\/05\/491294682_1155222519949013_6965133517855260335_n-338x600.jpg 338w, https:\/\/autothaiduong.vn\/wp-content\/uploads\/2025\/05\/491294682_1155222519949013_6965133517855260335_n-576x1024.jpg 576w, https:\/\/autothaiduong.vn\/wp-content\/uploads\/2025\/05\/491294682_1155222519949013_6965133517855260335_n-768x1365.jpg 768w, https:\/\/autothaiduong.vn\/wp-content\/uploads\/2025\/05\/491294682_1155222519949013_6965133517855260335_n-864x1536.jpg 864w, https:\/\/autothaiduong.vn\/wp-content\/uploads\/2025\/05\/491294682_1155222519949013_6965133517855260335_n.jpg 1152w\" sizes=\"auto, (max-width: 318px) 100vw, 318px\" \/><\/p>\n<p><span style=\"color: #ff0000;\"><em><strong>\u230a\u0110\u1ecba \u0110i\u1ec3m L\u1eafp \u0110\u1eb7t: Auto Th\u00e1i D\u01b0\u01a1ng \u230b<\/strong><\/em><\/span><\/p>\n<p><em><strong>273-275 Tr\u1ea7n Ph\u00fa Ph\u01b0\u1eddng L\u1ed9c S\u01a1n Th\u00e0nh Ph\u1ed1 B\u1ea3o L\u1ed9c T\u1ec9nh L\u00e2m \u0110\u1ed3ng\u00a0<\/strong><\/em><\/p>\n<p><em><strong>Li\u00ean h\u1ec7 t\u01b0 v\u1ea5n v\u00e0 l\u1eafp \u0111\u1eb7t: 0912197441 &#8211; Auto Th\u00e1i D\u01b0\u01a1ng\u00a0<\/strong><\/em><\/p>\n<ul>\n<li>Kh\u00e1ch H\u00e0ng: **** *** Long<\/li>\n<li>S\u0110T: *********213<\/li>\n<li>Bi\u1ec3n S\u1ed1 Xe: 49a-***41<\/li>\n<li>B\u1ea3o H\u00e0nh T\u1eeb ng\u00e0y: 5\/11\/2024 T\u1edbi H\u1ebft Ng\u00e0y 5\/11\/2026<\/li>\n<\/ul>\n<h3><span style=\"color: #ff0000;\"><strong>S\u1ea3n Ph\u1ea9m L\u1eafp \u0110\u1eb7t:\u00a0<\/strong><\/span><\/h3>\n<p>Loa Center JBL<\/p>\n<p>Loa T\u00e1p L\u00f4 Full Range RockPower<\/p>\n<p>Sub \u0110i\u1ec7n DLS<\/p>\n<p>C\u00e1ch \u00c2m Khoang Sau Vibrofilt<\/p>\n<p>Android Box<\/p>\n","protected":false},"excerpt":{"rendered":"<p>\u230a\u0110\u1ecba \u0110i\u1ec3m L\u1eafp \u0110\u1eb7t: Auto Th\u00e1i D\u01b0\u01a1ng \u230b 273-275 Tr\u1ea7n Ph\u00fa Ph\u01b0\u1eddng L\u1ed9c S\u01a1n Th\u00e0nh Ph\u1ed1 B\u1ea3o L\u1ed9c T\u1ec9nh L\u00e2m \u0110\u1ed3ng\u00a0 Li\u00ean h\u1ec7 t\u01b0 v\u1ea5n v\u00e0 l\u1eafp \u0111\u1eb7t: 0912197441 &#8211; Auto Th\u00e1i D\u01b0\u01a1ng\u00a0 Kh\u00e1ch H\u00e0ng: **** *** Long S\u0110T: *********213 Bi\u1ec3n S\u1ed1 Xe: 49a-***41 B\u1ea3o H\u00e0nh T\u1eeb ng\u00e0y: 5\/11\/2024 T\u1edbi H\u1ebft Ng\u00e0y 5\/11\/2026 S\u1ea3n Ph\u1ea9m [&#8230;]\n","protected":false},"featured_media":2677,"comment_status":"open","ping_status":"closed","template":"","meta":[],"product_brand":[],"product_cat":[159],"product_tag":[],"class_list":{"0":"post-2676","1":"product","2":"type-product","3":"status-publish","4":"has-post-thumbnail","6":"product_cat-bao-hanh-am-thanh-xe-hoi","8":"first","9":"instock","10":"shipping-taxable","11":"product-type-simple"},"_links":{"self":[{"href":"https:\/\/autothaiduong.vn\/index.php?rest_route=\/wp\/v2\/product\/2676","targetHints":{"allow":["GET"]}}],"collection":[{"href":"https:\/\/autothaiduong.vn\/index.php?rest_route=\/wp\/v2\/product"}],"about":[{"href":"https:\/\/autothaiduong.vn\/index.php?rest_route=\/wp\/v2\/types\/product"}],"replies":[{"embeddable":true,"href":"https:\/\/autothaiduong.vn\/index.php?rest_route=%2Fwp%2Fv2%2Fcomments&post=2676"}],"wp:featuredmedia":[{"embeddable":true,"href":"https:\/\/autothaiduong.vn\/index.php?rest_route=\/wp\/v2\/media\/2677"}],"wp:attachment":[{"href":"https:\/\/autothaiduong.vn\/index.php?rest_route=%2Fwp%2Fv2%2Fmedia&parent=2676"}],"wp:term":[{"taxonomy":"product_brand","embeddable":true,"href":"https:\/\/autothaiduong.vn\/index.php?rest_route=%2Fwp%2Fv2%2Fproduct_brand&post=2676"},{"taxonomy":"product_cat","embeddable":true,"href":"https:\/\/autothaiduong.vn\/index.php?rest_route=%2Fwp%2Fv2%2Fproduct_cat&post=2676"},{"taxonomy":"product_tag","embeddable":true,"href":"https:\/\/autothaiduong.vn\/index.php?rest_route=%2Fwp%2Fv2%2Fproduct_tag&post=2676"}],"curies":[{"name":"wp","href":"https:\/\/api.w.org\/{rel}","templated":true}]}}