{"id":2678,"date":"2025-05-20T14:29:50","date_gmt":"2025-05-20T14:29:50","guid":{"rendered":"https:\/\/autothaiduong.vn\/?post_type=product&#038;p=2678"},"modified":"2025-05-20T14:29:50","modified_gmt":"2025-05-20T14:29:50","slug":"santafe-2019-nang-cap-am-thanh","status":"publish","type":"product","link":"https:\/\/autothaiduong.vn\/?product=santafe-2019-nang-cap-am-thanh","title":{"rendered":"Santafe 2019 N\u00e2ng C\u1ea5p \u00c2m Thanh"},"content":{"rendered":"<p><img loading=\"lazy\" decoding=\"async\" class=\"size-medium wp-image-2679 aligncenter\" src=\"https:\/\/autothaiduong.vn\/wp-content\/uploads\/2025\/05\/492516320_1154592280012037_7680189906525775990_n-338x600.jpg\" alt=\"\" width=\"338\" height=\"600\" srcset=\"https:\/\/autothaiduong.vn\/wp-content\/uploads\/2025\/05\/492516320_1154592280012037_7680189906525775990_n-338x600.jpg 338w, https:\/\/autothaiduong.vn\/wp-content\/uploads\/2025\/05\/492516320_1154592280012037_7680189906525775990_n.jpg 540w\" sizes=\"auto, (max-width: 338px) 100vw, 338px\" \/><\/p>\n<p><span style=\"color: #ff0000;\"><em><strong>\u230a\u0110\u1ecba \u0110i\u1ec3m L\u1eafp \u0110\u1eb7t: Auto Th\u00e1i D\u01b0\u01a1ng \u230b<\/strong><\/em><\/span><\/p>\n<p><em><strong>273-275 Tr\u1ea7n Ph\u00fa Ph\u01b0\u1eddng L\u1ed9c S\u01a1n Th\u00e0nh Ph\u1ed1 B\u1ea3o L\u1ed9c T\u1ec9nh L\u00e2m \u0110\u1ed3ng\u00a0<\/strong><\/em><\/p>\n<p><em><strong>Li\u00ean h\u1ec7 t\u01b0 v\u1ea5n v\u00e0 l\u1eafp \u0111\u1eb7t: 0912197441 &#8211; Auto Th\u00e1i D\u01b0\u01a1ng\u00a0<\/strong><\/em><\/p>\n<ul>\n<li>Kh\u00e1ch H\u00e0ng: **** *** Huy<\/li>\n<li>S\u0110T: *********139<\/li>\n<li>Bi\u1ec3n S\u1ed1 Xe: 49a-***14<\/li>\n<li>B\u1ea3o H\u00e0nh T\u1eeb ng\u00e0y: 05\/10\/2024 T\u1edbi H\u1ebft Ng\u00e0y 05\/10\/2026<\/li>\n<\/ul>\n<h3><strong><span style=\"color: #ff0000;\">S\u1ea3n Ph\u1ea9m L\u1eafp \u0110\u1eb7t:\u00a0<\/span><\/strong><\/h3>\n<p>Loa C\u1eeda Tr\u01b0\u1edbc 2way Audible Physics Avartar : ( Bao g\u1ed3m 2 trep &amp; 2 midbass)<\/p>\n<p>Loa C\u1eeda Sau 2way Audible Physics Avartar : ( Bao g\u1ed3m 2 trep &amp; 2 midbass)<\/p>\n<p>Loa Center Audible Physics Avartar: ( Loa Mid G\u1eafn V\u1ecb Tr\u00ed Center)<\/p>\n<p>Loa Sub \u0110i\u1ec7n ESB HB-10US<\/p>\n<p>DSP T\u00edch H\u1ee3p Ampli Rockpower 10.8<\/p>\n<p>M\u00e0n h\u00ecnh Android Gotech D\u00e0nh Ri\u00eang Cho C\u00e1c D\u00f2ng Xe Huyndai<\/p>\n<p>C\u00e1ch \u00c2m Full Xe SIP<\/p>\n","protected":false},"excerpt":{"rendered":"<p>\u230a\u0110\u1ecba \u0110i\u1ec3m L\u1eafp \u0110\u1eb7t: Auto Th\u00e1i D\u01b0\u01a1ng \u230b 273-275 Tr\u1ea7n Ph\u00fa Ph\u01b0\u1eddng L\u1ed9c S\u01a1n Th\u00e0nh Ph\u1ed1 B\u1ea3o L\u1ed9c T\u1ec9nh L\u00e2m \u0110\u1ed3ng\u00a0 Li\u00ean h\u1ec7 t\u01b0 v\u1ea5n v\u00e0 l\u1eafp \u0111\u1eb7t: 0912197441 &#8211; Auto Th\u00e1i D\u01b0\u01a1ng\u00a0 Kh\u00e1ch H\u00e0ng: **** *** Huy S\u0110T: *********139 Bi\u1ec3n S\u1ed1 Xe: 49a-***14 B\u1ea3o H\u00e0nh T\u1eeb ng\u00e0y: 05\/10\/2024 T\u1edbi H\u1ebft Ng\u00e0y 05\/10\/2026 S\u1ea3n Ph\u1ea9m [&#8230;]\n","protected":false},"featured_media":2679,"comment_status":"open","ping_status":"closed","template":"","meta":[],"product_brand":[],"product_cat":[159],"product_tag":[],"class_list":{"0":"post-2678","1":"product","2":"type-product","3":"status-publish","4":"has-post-thumbnail","6":"product_cat-bao-hanh-am-thanh-xe-hoi","8":"first","9":"instock","10":"shipping-taxable","11":"product-type-simple"},"_links":{"self":[{"href":"https:\/\/autothaiduong.vn\/index.php?rest_route=\/wp\/v2\/product\/2678","targetHints":{"allow":["GET"]}}],"collection":[{"href":"https:\/\/autothaiduong.vn\/index.php?rest_route=\/wp\/v2\/product"}],"about":[{"href":"https:\/\/autothaiduong.vn\/index.php?rest_route=\/wp\/v2\/types\/product"}],"replies":[{"embeddable":true,"href":"https:\/\/autothaiduong.vn\/index.php?rest_route=%2Fwp%2Fv2%2Fcomments&post=2678"}],"wp:featuredmedia":[{"embeddable":true,"href":"https:\/\/autothaiduong.vn\/index.php?rest_route=\/wp\/v2\/media\/2679"}],"wp:attachment":[{"href":"https:\/\/autothaiduong.vn\/index.php?rest_route=%2Fwp%2Fv2%2Fmedia&parent=2678"}],"wp:term":[{"taxonomy":"product_brand","embeddable":true,"href":"https:\/\/autothaiduong.vn\/index.php?rest_route=%2Fwp%2Fv2%2Fproduct_brand&post=2678"},{"taxonomy":"product_cat","embeddable":true,"href":"https:\/\/autothaiduong.vn\/index.php?rest_route=%2Fwp%2Fv2%2Fproduct_cat&post=2678"},{"taxonomy":"product_tag","embeddable":true,"href":"https:\/\/autothaiduong.vn\/index.php?rest_route=%2Fwp%2Fv2%2Fproduct_tag&post=2678"}],"curies":[{"name":"wp","href":"https:\/\/api.w.org\/{rel}","templated":true}]}}